{"id":4263,"date":"2025-04-15T09:09:11","date_gmt":"2025-04-15T09:09:11","guid":{"rendered":"https:\/\/xenonkungen.com\/product\/lazer-triple-r-1000-std-led-svart-extraljusramp-16-410-mm\/"},"modified":"2026-04-24T17:24:21","modified_gmt":"2026-04-24T16:24:21","slug":"lazer-triple-r-1000-std-led-sort-ekstralysbjaelke-16-410-mm","status":"publish","type":"product","link":"https:\/\/xenonkungen.com\/dk\/vare\/lazer-triple-r-1000-std-led-sort-ekstralysbjaelke-16-410-mm\/","title":{"rendered":"Lazer Triple-R 1000 Std LED sort ekstra lysramme 16\u2033 (410 mm)"},"content":{"rendered":"<h1>Lazer Triple-R 1000 - Belysning med integreret advarselslys<\/h1>\n<p>Lazer's Triple-R 1000 er en imponerende lygte med kraftig belysning og ekstra funktioner. Denne model passer perfekt til b\u00e5de personbiler og tunge lastbiler, uanset om du k\u00f8rer p\u00e5 eller uden for vejen. Triple-R 1000 er udstyret med integreret R65-godkendt advarselslys og positionslys i hvid eller orange. Du kan v\u00e6lge mellem lygteafd\u00e6kninger i sort eller hvid, s\u00e5 de passer til din stil.<\/p>\n<p>Triple-R 1000 med blitz og positionslys m\u00e5ler 410 mm i bredden, 73 mm i h\u00f8jden og 105 mm i dybden. Modellen er udstyret med en E-boost-funktion, der giver en forlygte med en lysstyrke p\u00e5 9240 lumen, n\u00e5r den er aktiveret. N\u00e5r du k\u00f8rer p\u00e5 offentlig vej, kan du nemt skifte til den E-godkendte tilstand, som giver en imponerende lysstyrke. Med den nyeste LED-teknologi og optimeret optik leverer Triple-R-serien imponerende fjernlys og undg\u00e5r reflekterende bl\u00e6nding fra bilens motorhjelm.<\/p>","protected":false},"excerpt":{"rendered":"<p>Lazer Triple-R 1000 &#8211; Belysning med integrerat varningsljus Lazer&#8217;s Triple-R 1000 \u00e4r en imponerande lampa som erbjuder kraftfull belysning och extra funktioner. Denna modell passar perfekt f\u00f6r b\u00e5de personbilar och tunga lastbilar, oavsett om du k\u00f6r p\u00e5 eller utanf\u00f6r v\u00e4gen. Triple-R 1000 \u00e4r utrustad med integrerat R65-godk\u00e4nt varningsljus och positionsljus i vitt eller orange. Du [&hellip;]<\/p>","protected":false},"featured_media":4264,"comment_status":"closed","ping_status":"open","template":"","meta":{"_acf_changed":false,"_smort_price_nok":"8214","_smort_price_dkk":"5218","_smort_price_eur":"699.06","_smort_sale_price_nok":"","_smort_sale_price_dkk":"","_smort_sale_price_eur":"","smort_restorder":"","shipmondo_restorder":"","_kad_blocks_custom_css":"","_kad_blocks_head_custom_js":"","_kad_blocks_body_custom_js":"","_kad_blocks_footer_custom_js":"","smort_custom_pricelist_1":"5081.6","smort_custom_pricelist_2":"5081.6","smort_custom_pricelist_3":"5081.6","smort_custom_pricelist_4":"6352","smort_custom_pricelist_5":"5081.6"},"anvandningsomrade":[],"bilmarken":[],"product_brand":[1124],"product_cat":[2561,2966,2539],"product_tag":[2735],"class_list":{"0":"post-4263","1":"product","2":"type-product","3":"status-publish","4":"has-post-thumbnail","6":"product_brand-lazer","7":"product_cat-lazer","8":"product_cat-ledramp-rak","9":"product_cat-ledramper","10":"product_tag-lazer","11":"pa_fargtemperatur-5000k","12":"pa_fuktskydd-varde-ipxx-ip67","13":"pa_godkannande-ece-r7-r65","14":"pa_lampsockel-kontakt-superseal","15":"pa_led-chips-effekt-w-1100","16":"pa_ljusbild-spot","17":"pa_storlek-mm-410x73x105","18":"pa_stromforbrukning-61a144v","19":"pa_volt-v-multivolt-10-12-16-18-24-28-30-32","21":"first","22":"onbackorder","23":"taxable","24":"shipping-taxable","25":"purchasable","26":"product-type-simple"},"bundled_by":[],"bundle_stock_status":"onbackorder","bundle_stock_quantity":0,"bundle_virtual":false,"bundle_layout":"","bundle_add_to_cart_form_location":"","bundle_editable_in_cart":false,"bundle_sold_individually_context":"","bundle_item_grouping":"","bundle_min_size":"","bundle_max_size":"","bundle_price":[],"bundled_items":[],"bundle_sell_ids":[],"acf":[],"yoast_head":"<!-- This site is optimized with the Yoast SEO plugin v27.0 - https:\/\/yoast.com\/product\/yoast-seo-wordpress\/ -->\n<title>Lazer Triple-R 1000 Std LED svart extraljusramp 16&quot; (410 mm) - Xenonkungen<\/title>\n<meta name=\"robots\" content=\"index, follow, max-snippet:-1, max-image-preview:large, max-video-preview:-1\" \/>\n<link rel=\"canonical\" href=\"https:\/\/xenonkungen.com\/dk\/vare\/lazer-triple-r-1000-std-led-sort-ekstralysbjaelke-16-410-mm\/\" \/>\n<meta property=\"og:locale\" content=\"da_DK\" \/>\n<meta property=\"og:type\" content=\"article\" \/>\n<meta property=\"og:title\" content=\"Lazer Triple-R 1000 Std LED svart extraljusramp 16&quot; (410 mm) - Xenonkungen\" \/>\n<meta property=\"og:description\" content=\"Lazer Triple-R 1000 &#8211; Belysning med integrerat varningsljus Lazer&#8217;s Triple-R 1000 \u00e4r en imponerande lampa som erbjuder kraftfull belysning och extra funktioner. Denna modell passar perfekt f\u00f6r b\u00e5de personbilar och tunga lastbilar, oavsett om du k\u00f6r p\u00e5 eller utanf\u00f6r v\u00e4gen. Triple-R 1000 \u00e4r utrustad med integrerat R65-godk\u00e4nt varningsljus och positionsljus i vitt eller orange. Du [&hellip;]\" \/>\n<meta property=\"og:url\" content=\"https:\/\/xenonkungen.com\/dk\/vare\/lazer-triple-r-1000-std-led-sort-ekstralysbjaelke-16-410-mm\/\" \/>\n<meta property=\"og:site_name\" content=\"Xenonkungen\" \/>\n<meta property=\"article:modified_time\" content=\"2026-04-24T16:24:21+00:00\" \/>\n<meta property=\"og:image\" content=\"https:\/\/xenonkungen.com\/wp-content\/uploads\/2025\/04\/159236_itemimage_mainfront.jpg\" \/>\n\t<meta property=\"og:image:width\" content=\"2048\" \/>\n\t<meta property=\"og:image:height\" content=\"1536\" \/>\n\t<meta property=\"og:image:type\" content=\"image\/jpeg\" \/>\n<meta name=\"twitter:card\" content=\"summary_large_image\" \/>\n<meta name=\"twitter:label1\" content=\"Estimeret l\u00e6setid\" \/>\n\t<meta name=\"twitter:data1\" content=\"1 minut\" \/>\n<script type=\"application\/ld+json\" class=\"yoast-schema-graph\">{\"@context\":\"https:\/\/schema.org\",\"@graph\":[{\"@type\":\"WebPage\",\"@id\":\"https:\/\/xenonkungen.com\/produkt\/lazer-triple-r-1000-std-led-svart-extraljusramp-16-410-mm\/\",\"url\":\"https:\/\/xenonkungen.com\/produkt\/lazer-triple-r-1000-std-led-svart-extraljusramp-16-410-mm\/\",\"name\":\"Lazer Triple-R 1000 Std LED svart extraljusramp 16\\\" (410 mm) - Xenonkungen\",\"isPartOf\":{\"@id\":\"https:\/\/xenonkungen.com\/#website\"},\"primaryImageOfPage\":{\"@id\":\"https:\/\/xenonkungen.com\/produkt\/lazer-triple-r-1000-std-led-svart-extraljusramp-16-410-mm\/#primaryimage\"},\"image\":{\"@id\":\"https:\/\/xenonkungen.com\/produkt\/lazer-triple-r-1000-std-led-svart-extraljusramp-16-410-mm\/#primaryimage\"},\"thumbnailUrl\":\"https:\/\/xenonkungen.com\/wp-content\/uploads\/2025\/04\/159236_itemimage_mainfront.jpg\",\"datePublished\":\"2025-04-15T09:09:11+00:00\",\"dateModified\":\"2026-04-24T16:24:21+00:00\",\"breadcrumb\":{\"@id\":\"https:\/\/xenonkungen.com\/produkt\/lazer-triple-r-1000-std-led-svart-extraljusramp-16-410-mm\/#breadcrumb\"},\"inLanguage\":\"da-DK\",\"potentialAction\":[{\"@type\":\"ReadAction\",\"target\":[\"https:\/\/xenonkungen.com\/produkt\/lazer-triple-r-1000-std-led-svart-extraljusramp-16-410-mm\/\"]}]},{\"@type\":\"ImageObject\",\"inLanguage\":\"da-DK\",\"@id\":\"https:\/\/xenonkungen.com\/produkt\/lazer-triple-r-1000-std-led-svart-extraljusramp-16-410-mm\/#primaryimage\",\"url\":\"https:\/\/xenonkungen.com\/wp-content\/uploads\/2025\/04\/159236_itemimage_mainfront.jpg\",\"contentUrl\":\"https:\/\/xenonkungen.com\/wp-content\/uploads\/2025\/04\/159236_itemimage_mainfront.jpg\",\"width\":2048,\"height\":1536},{\"@type\":\"BreadcrumbList\",\"@id\":\"https:\/\/xenonkungen.com\/produkt\/lazer-triple-r-1000-std-led-svart-extraljusramp-16-410-mm\/#breadcrumb\",\"itemListElement\":[{\"@type\":\"ListItem\",\"position\":1,\"name\":\"Hem\",\"item\":\"https:\/\/xenonkungen.com\/\"},{\"@type\":\"ListItem\",\"position\":2,\"name\":\"Shop\",\"item\":\"https:\/\/xenonkungen.com\/shop\/\"},{\"@type\":\"ListItem\",\"position\":3,\"name\":\"Lazer Triple-R 1000 Std LED svart extraljusramp 16&#8243; (410 mm)\"}]},{\"@type\":\"WebSite\",\"@id\":\"https:\/\/xenonkungen.com\/#website\",\"url\":\"https:\/\/xenonkungen.com\/\",\"name\":\"Xenonkungen\",\"description\":\"\",\"potentialAction\":[{\"@type\":\"SearchAction\",\"target\":{\"@type\":\"EntryPoint\",\"urlTemplate\":\"https:\/\/xenonkungen.com\/?s={search_term_string}\"},\"query-input\":{\"@type\":\"PropertyValueSpecification\",\"valueRequired\":true,\"valueName\":\"search_term_string\"}}],\"inLanguage\":\"da-DK\"}]}<\/script>\n<!-- \/ Yoast SEO plugin. -->","yoast_head_json":{"title":"Lazer Triple-R 1000 Std LED sort ekstralysbj\u00e6lke 16&quot; (410 mm) - Xenonkungen","robots":{"index":"index","follow":"follow","max-snippet":"max-snippet:-1","max-image-preview":"max-image-preview:large","max-video-preview":"max-video-preview:-1"},"canonical":"https:\/\/xenonkungen.com\/dk\/vare\/lazer-triple-r-1000-std-led-sort-ekstralysbjaelke-16-410-mm\/","og_locale":"da_DK","og_type":"article","og_title":"Lazer Triple-R 1000 Std LED svart extraljusramp 16\" (410 mm) - Xenonkungen","og_description":"Lazer Triple-R 1000 &#8211; Belysning med integrerat varningsljus Lazer&#8217;s Triple-R 1000 \u00e4r en imponerande lampa som erbjuder kraftfull belysning och extra funktioner. Denna modell passar perfekt f\u00f6r b\u00e5de personbilar och tunga lastbilar, oavsett om du k\u00f6r p\u00e5 eller utanf\u00f6r v\u00e4gen. Triple-R 1000 \u00e4r utrustad med integrerat R65-godk\u00e4nt varningsljus och positionsljus i vitt eller orange. Du [&hellip;]","og_url":"https:\/\/xenonkungen.com\/dk\/vare\/lazer-triple-r-1000-std-led-sort-ekstralysbjaelke-16-410-mm\/","og_site_name":"Xenonkungen","article_modified_time":"2026-04-24T16:24:21+00:00","og_image":[{"width":2048,"height":1536,"url":"https:\/\/xenonkungen.com\/wp-content\/uploads\/2025\/04\/159236_itemimage_mainfront.jpg","type":"image\/jpeg"}],"twitter_card":"summary_large_image","twitter_misc":{"Estimeret l\u00e6setid":"1 minut"},"schema":{"@context":"https:\/\/schema.org","@graph":[{"@type":"WebPage","@id":"https:\/\/xenonkungen.com\/produkt\/lazer-triple-r-1000-std-led-svart-extraljusramp-16-410-mm\/","url":"https:\/\/xenonkungen.com\/produkt\/lazer-triple-r-1000-std-led-svart-extraljusramp-16-410-mm\/","name":"Lazer Triple-R 1000 Std LED sort ekstralysbj\u00e6lke 16&quot; (410 mm) - Xenonkungen","isPartOf":{"@id":"https:\/\/xenonkungen.com\/#website"},"primaryImageOfPage":{"@id":"https:\/\/xenonkungen.com\/produkt\/lazer-triple-r-1000-std-led-svart-extraljusramp-16-410-mm\/#primaryimage"},"image":{"@id":"https:\/\/xenonkungen.com\/produkt\/lazer-triple-r-1000-std-led-svart-extraljusramp-16-410-mm\/#primaryimage"},"thumbnailUrl":"https:\/\/xenonkungen.com\/wp-content\/uploads\/2025\/04\/159236_itemimage_mainfront.jpg","datePublished":"2025-04-15T09:09:11+00:00","dateModified":"2026-04-24T16:24:21+00:00","breadcrumb":{"@id":"https:\/\/xenonkungen.com\/produkt\/lazer-triple-r-1000-std-led-svart-extraljusramp-16-410-mm\/#breadcrumb"},"inLanguage":"da-DK","potentialAction":[{"@type":"ReadAction","target":["https:\/\/xenonkungen.com\/produkt\/lazer-triple-r-1000-std-led-svart-extraljusramp-16-410-mm\/"]}]},{"@type":"ImageObject","inLanguage":"da-DK","@id":"https:\/\/xenonkungen.com\/produkt\/lazer-triple-r-1000-std-led-svart-extraljusramp-16-410-mm\/#primaryimage","url":"https:\/\/xenonkungen.com\/wp-content\/uploads\/2025\/04\/159236_itemimage_mainfront.jpg","contentUrl":"https:\/\/xenonkungen.com\/wp-content\/uploads\/2025\/04\/159236_itemimage_mainfront.jpg","width":2048,"height":1536},{"@type":"BreadcrumbList","@id":"https:\/\/xenonkungen.com\/produkt\/lazer-triple-r-1000-std-led-svart-extraljusramp-16-410-mm\/#breadcrumb","itemListElement":[{"@type":"ListItem","position":1,"name":"Hem","item":"https:\/\/xenonkungen.com\/"},{"@type":"ListItem","position":2,"name":"Shop","item":"https:\/\/xenonkungen.com\/shop\/"},{"@type":"ListItem","position":3,"name":"Lazer Triple-R 1000 Std LED svart extraljusramp 16&#8243; (410 mm)"}]},{"@type":"WebSite","@id":"https:\/\/xenonkungen.com\/#website","url":"https:\/\/xenonkungen.com\/","name":"Xenonkungen","description":"","potentialAction":[{"@type":"SearchAction","target":{"@type":"EntryPoint","urlTemplate":"https:\/\/xenonkungen.com\/?s={search_term_string}"},"query-input":{"@type":"PropertyValueSpecification","valueRequired":true,"valueName":"search_term_string"}}],"inLanguage":"da-DK"}]}},"taxonomy_info":{"product_brand":[{"value":1124,"label":"Lazer"}],"product_cat":[{"value":2561,"label":"Lazer"},{"value":2966,"label":"Ledramp Rak"},{"value":2539,"label":"LEDRAMPER"}],"product_tag":[{"value":2735,"label":"Lazer"}],"pa_fargtemperatur":[{"value":154,"label":"5000K"}],"pa_fuktskydd-varde-ipxx":[{"value":333,"label":"IP67"}],"pa_godkannande":[{"value":1350,"label":"ECE, R7, R65"}],"pa_lampsockel-kontakt":[{"value":1122,"label":"Superseal"}],"pa_led-chips-effekt-w":[{"value":1100,"label":"88"}],"pa_ljusbild":[{"value":1177,"label":"Spot"}],"pa_storlek-mm":[{"value":1348,"label":"410x73x105"}],"pa_stromforbrukning":[{"value":1349,"label":"6,1A@14,4V"}],"pa_volt-v":[{"value":1084,"label":"Multivolt, 10, 12, 16, 18, 24, 28, 30, 32"}]},"featured_image_src_large":["https:\/\/xenonkungen.com\/wp-content\/uploads\/2025\/04\/159236_itemimage_mainfront-1024x768.jpg",1024,768,true],"author_info":[],"comment_info":0,"_links":{"self":[{"href":"https:\/\/xenonkungen.com\/dk\/wp-json\/wp\/v2\/product\/4263","targetHints":{"allow":["GET"]}}],"collection":[{"href":"https:\/\/xenonkungen.com\/dk\/wp-json\/wp\/v2\/product"}],"about":[{"href":"https:\/\/xenonkungen.com\/dk\/wp-json\/wp\/v2\/types\/product"}],"replies":[{"embeddable":true,"href":"https:\/\/xenonkungen.com\/dk\/wp-json\/wp\/v2\/comments?post=4263"}],"wp:featuredmedia":[{"embeddable":true,"href":"https:\/\/xenonkungen.com\/dk\/wp-json\/wp\/v2\/media\/4264"}],"wp:attachment":[{"href":"https:\/\/xenonkungen.com\/dk\/wp-json\/wp\/v2\/media?parent=4263"}],"wp:term":[{"taxonomy":"anvandningsomrade","embeddable":true,"href":"https:\/\/xenonkungen.com\/dk\/wp-json\/wp\/v2\/anvandningsomrade?post=4263"},{"taxonomy":"bilmarken","embeddable":true,"href":"https:\/\/xenonkungen.com\/dk\/wp-json\/wp\/v2\/bilmarken?post=4263"},{"taxonomy":"product_brand","embeddable":true,"href":"https:\/\/xenonkungen.com\/dk\/wp-json\/wp\/v2\/product_brand?post=4263"},{"taxonomy":"product_cat","embeddable":true,"href":"https:\/\/xenonkungen.com\/dk\/wp-json\/wp\/v2\/product_cat?post=4263"},{"taxonomy":"product_tag","embeddable":true,"href":"https:\/\/xenonkungen.com\/dk\/wp-json\/wp\/v2\/product_tag?post=4263"}],"curies":[{"name":"wp","href":"https:\/\/api.w.org\/{rel}","templated":true}]}}