{"id":4285,"date":"2025-04-15T09:09:53","date_gmt":"2025-04-15T09:09:53","guid":{"rendered":"https:\/\/xenonkungen.com\/product\/lazer-triple-r-1250-smartview-extraljusramp-23-590-mm\/"},"modified":"2026-04-24T17:24:26","modified_gmt":"2026-04-24T16:24:26","slug":"lazer-triple-r-1250-smartview-ekstra-lysrampe-23-590-mm","status":"publish","type":"product","link":"https:\/\/xenonkungen.com\/dk\/vare\/lazer-triple-r-1250-smartview-ekstra-lysrampe-23-590-mm\/","title":{"rendered":"Lazer Triple-R 1250 Smartview ekstra lysbj\u00e6lke 23\u2033 (590 mm)"},"content":{"rendered":"<h2>Lazers Triple-R 1250 Smartview \u2013 Den smarteste LED-lysbj\u00e6lke p\u00e5 markedet<\/h2>\n<p><strong>Oplev det n\u00e6ste niveau af k\u00f8rsel med banebrydende lysintelligens.<\/strong><\/p>\n<p><strong>Lazers Triple-R 1250 Smartview<\/strong> er ikke bare en LED-strip \u2013 det er en intelligent belysningsl\u00f8sning designet til at give dig <strong>maksimal synlighed, sikkerhed og fleksibilitet<\/strong> bag rattet. Med hele <strong>fem avancerede lystilstande<\/strong> som du styrer direkte fra et kontrolpanel (s\u00e6lges separat, varenr. 159243), tilpasser rampen sig b\u00e5de dine behov og vejforholdene.<\/p>\n<h3>5 lystilstande \u2013 tilpasset virkeligheden<\/h3>\n<ul>\n<li><strong>E-autoriseret tilstand<\/strong> \u2013 Lovlig k\u00f8rsel p\u00e5 europ\u00e6iske veje.<\/li>\n<li><strong>E-Boost-tilstand<\/strong> \u2013 Utrolig lysstyrke til terr\u00e6nk\u00f8rsel og uj\u00e6vnt terr\u00e6n.<\/li>\n<li><strong>Hastighedsjusteringstilstand<\/strong> \u2013 Lysm\u00f8nsteret optimeres automatisk i henhold til hastigheden (50-80 km\/t) med <em>CanM8 Duo-gr\u00e6nseflade<\/em>.<\/li>\n<li><strong>N\u00e6rvisningstilstand<\/strong> \u2013 Bred, kraftig lygte t\u00e6t p\u00e5 k\u00f8ret\u00f8jet \u2013 perfekt i t\u00e5ge, sne og d\u00e5rlig sigtbarhed.<\/li>\n<li><strong>Dynamisk dyp<\/strong> \u2013 J\u00e6vnere overgang mellem fjern- og n\u00e6rlys for \u00f8get komfort og sikkerhed.<\/li>\n<\/ul>\n<h3>Smart styring \u2013 lige i dine h\u00e6nder<\/h3>\n<p>Med det medf\u00f8lgende kontrolpanel (varenummer 159243) f\u00e5r du fuld kontrol over rampens funktioner direkte fra instrumentbr\u00e6ttet. Den er nem at installere med <strong>dobbeltkl\u00e6bende tape<\/strong> og aktiveres automatisk, n\u00e5r den t\u00e6ndes. De oplyste symboler g\u00f8r det nemt at se og skifte tilstand \u2013 selv i m\u00f8rke.<\/p>\n<h3>Maksimal beskyttelse \u2013 indbygget tyverisikring<\/h3>\n<p><strong>Triple-R 1250 Smartview<\/strong> er udstyret med en unik tyverisikringsanordning. Hvis rampen fjernes uden denne anordning, holder den simpelthen op med at virke. Anordningen fungerer ogs\u00e5 som et knudepunkt mellem rampen, kontrolpanelet og <em>CanM8 Duo-gr\u00e6nseflade<\/em> \u2013 for problemfri og sikker kommunikation.<\/p>\n<h3>Hvorfor v\u00e6lge Triple-R 1250 Smartview?<\/h3>\n<ul>\n<li>Den mest avancerede LED-rampe p\u00e5 markedet<\/li>\n<li>Adaptiv belysning, der f\u00f8lger dig og din k\u00f8restil<\/li>\n<li>Nem installation og brug<\/li>\n<li>Elegant design med den samme robuste fornemmelse som resten af Triple-R-serien<\/li>\n<li>Indbygget tyverisikring for sikkerhed<\/li>\n<\/ul>\n<p><strong>Triple-R 1250 Smartview<\/strong> er valget for dem, der ikke g\u00e5r p\u00e5 kompromis \u2013 uanset om du k\u00f8rer dagligt i erhvervstrafikken, pendler i m\u00f8rke eller s\u00f8ger terr\u00e6ng\u00e5ende eventyr.<\/p>\n<p><em>For fuld funktionalitet kr\u00e6ves en styreenhed (varenummer 159243) og til Speed Adapt Mode ogs\u00e5 CanM8 Duo-gr\u00e6nsefladen (s\u00e6lges separat).<\/em><\/p>","protected":false},"excerpt":{"rendered":"<p>Lazers Triple-R 1250 Smartview \u2013 Den smartaste LED-rampen p\u00e5 marknaden Upplev n\u00e4sta niv\u00e5 av k\u00f6rning med banbrytande ljusintelligens. Lazers Triple-R 1250 Smartview \u00e4r inte bara en LED-ramp \u2013 det \u00e4r en intelligent ljusl\u00f6sning designad f\u00f6r att ge dig maximal sikt, trygghet och flexibilitet bakom ratten. Med hela fem avancerade ljusl\u00e4gen som du styr direkt fr\u00e5n [&hellip;]<\/p>","protected":false},"featured_media":4286,"comment_status":"closed","ping_status":"closed","template":"","meta":{"_acf_changed":false,"_smort_price_nok":"14687","_smort_price_dkk":"9330","_smort_price_eur":"1249.94","_smort_sale_price_nok":"","_smort_sale_price_dkk":"","_smort_sale_price_eur":"","smort_restorder":"","shipmondo_restorder":"","_kad_blocks_custom_css":"","_kad_blocks_head_custom_js":"","_kad_blocks_body_custom_js":"","_kad_blocks_footer_custom_js":"","smort_custom_pricelist_1":"8800","smort_custom_pricelist_2":"8800","smort_custom_pricelist_3":"8800","smort_custom_pricelist_4":"11000","smort_custom_pricelist_5":"8800"},"anvandningsomrade":[],"bilmarken":[],"product_brand":[1124],"product_cat":[2561,2966,2539],"product_tag":[2735],"class_list":{"0":"post-4285","1":"product","2":"type-product","3":"status-publish","4":"has-post-thumbnail","6":"product_brand-lazer","7":"product_cat-lazer","8":"product_cat-ledramp-rak","9":"product_cat-ledramper","10":"product_tag-lazer","11":"pa_fargtemperatur-5000k","12":"pa_fuktskydd-varde-ipxx-ip67","13":"pa_godkannande-ece-r7-r149","14":"pa_lampsockel-kontakt-superseal","15":"pa_led-chips-effekt-w-1358","16":"pa_storlek-mm-590x73x103","17":"pa_stromforbrukning-169a144v","18":"pa_volt-v-multivolt-10-12-16-18-24-28-30-32","20":"first","21":"instock","22":"taxable","23":"shipping-taxable","24":"purchasable","25":"product-type-simple"},"bundled_by":[],"bundle_stock_status":"instock","bundle_stock_quantity":1,"bundle_virtual":false,"bundle_layout":"","bundle_add_to_cart_form_location":"","bundle_editable_in_cart":false,"bundle_sold_individually_context":"","bundle_item_grouping":"","bundle_min_size":"","bundle_max_size":"","bundle_price":[],"bundled_items":[],"bundle_sell_ids":[],"acf":[],"yoast_head":"<!-- This site is optimized with the Yoast SEO plugin v27.0 - https:\/\/yoast.com\/product\/yoast-seo-wordpress\/ -->\n<title>Lazer Triple-R 1250 Smartview extraljusramp 23&quot; (590 mm) - Xenonkungen<\/title>\n<meta name=\"robots\" content=\"index, follow, max-snippet:-1, max-image-preview:large, max-video-preview:-1\" \/>\n<link rel=\"canonical\" href=\"https:\/\/xenonkungen.com\/dk\/vare\/lazer-triple-r-1250-smartview-ekstra-lysrampe-23-590-mm\/\" \/>\n<meta property=\"og:locale\" content=\"da_DK\" \/>\n<meta property=\"og:type\" content=\"article\" \/>\n<meta property=\"og:title\" content=\"Lazer Triple-R 1250 Smartview extraljusramp 23&quot; (590 mm) - Xenonkungen\" \/>\n<meta property=\"og:description\" content=\"Lazers Triple-R 1250 Smartview \u2013 Den smartaste LED-rampen p\u00e5 marknaden Upplev n\u00e4sta niv\u00e5 av k\u00f6rning med banbrytande ljusintelligens. Lazers Triple-R 1250 Smartview \u00e4r inte bara en LED-ramp \u2013 det \u00e4r en intelligent ljusl\u00f6sning designad f\u00f6r att ge dig maximal sikt, trygghet och flexibilitet bakom ratten. Med hela fem avancerade ljusl\u00e4gen som du styr direkt fr\u00e5n [&hellip;]\" \/>\n<meta property=\"og:url\" content=\"https:\/\/xenonkungen.com\/dk\/vare\/lazer-triple-r-1250-smartview-ekstra-lysrampe-23-590-mm\/\" \/>\n<meta property=\"og:site_name\" content=\"Xenonkungen\" \/>\n<meta property=\"article:modified_time\" content=\"2026-04-24T16:24:26+00:00\" \/>\n<meta property=\"og:image\" content=\"https:\/\/xenonkungen.com\/wp-content\/uploads\/2025\/04\/159242_itemimage_mainfront.jpg\" \/>\n\t<meta property=\"og:image:width\" content=\"2048\" \/>\n\t<meta property=\"og:image:height\" content=\"1536\" \/>\n\t<meta property=\"og:image:type\" content=\"image\/jpeg\" \/>\n<meta name=\"twitter:card\" content=\"summary_large_image\" \/>\n<meta name=\"twitter:label1\" content=\"Estimeret l\u00e6setid\" \/>\n\t<meta name=\"twitter:data1\" content=\"2 minutter\" \/>\n<script type=\"application\/ld+json\" class=\"yoast-schema-graph\">{\"@context\":\"https:\/\/schema.org\",\"@graph\":[{\"@type\":\"WebPage\",\"@id\":\"https:\/\/xenonkungen.com\/produkt\/lazer-triple-r-1250-smartview-extraljusramp-23-590-mm\/\",\"url\":\"https:\/\/xenonkungen.com\/produkt\/lazer-triple-r-1250-smartview-extraljusramp-23-590-mm\/\",\"name\":\"Lazer Triple-R 1250 Smartview extraljusramp 23\\\" (590 mm) - Xenonkungen\",\"isPartOf\":{\"@id\":\"https:\/\/xenonkungen.com\/#website\"},\"primaryImageOfPage\":{\"@id\":\"https:\/\/xenonkungen.com\/produkt\/lazer-triple-r-1250-smartview-extraljusramp-23-590-mm\/#primaryimage\"},\"image\":{\"@id\":\"https:\/\/xenonkungen.com\/produkt\/lazer-triple-r-1250-smartview-extraljusramp-23-590-mm\/#primaryimage\"},\"thumbnailUrl\":\"https:\/\/xenonkungen.com\/wp-content\/uploads\/2025\/04\/159242_itemimage_mainfront.jpg\",\"datePublished\":\"2025-04-15T09:09:53+00:00\",\"dateModified\":\"2026-04-24T16:24:26+00:00\",\"breadcrumb\":{\"@id\":\"https:\/\/xenonkungen.com\/produkt\/lazer-triple-r-1250-smartview-extraljusramp-23-590-mm\/#breadcrumb\"},\"inLanguage\":\"da-DK\",\"potentialAction\":[{\"@type\":\"ReadAction\",\"target\":[\"https:\/\/xenonkungen.com\/produkt\/lazer-triple-r-1250-smartview-extraljusramp-23-590-mm\/\"]}]},{\"@type\":\"ImageObject\",\"inLanguage\":\"da-DK\",\"@id\":\"https:\/\/xenonkungen.com\/produkt\/lazer-triple-r-1250-smartview-extraljusramp-23-590-mm\/#primaryimage\",\"url\":\"https:\/\/xenonkungen.com\/wp-content\/uploads\/2025\/04\/159242_itemimage_mainfront.jpg\",\"contentUrl\":\"https:\/\/xenonkungen.com\/wp-content\/uploads\/2025\/04\/159242_itemimage_mainfront.jpg\",\"width\":2048,\"height\":1536},{\"@type\":\"BreadcrumbList\",\"@id\":\"https:\/\/xenonkungen.com\/produkt\/lazer-triple-r-1250-smartview-extraljusramp-23-590-mm\/#breadcrumb\",\"itemListElement\":[{\"@type\":\"ListItem\",\"position\":1,\"name\":\"Hem\",\"item\":\"https:\/\/xenonkungen.com\/\"},{\"@type\":\"ListItem\",\"position\":2,\"name\":\"Shop\",\"item\":\"https:\/\/xenonkungen.com\/shop\/\"},{\"@type\":\"ListItem\",\"position\":3,\"name\":\"Lazer Triple-R 1250 Smartview extraljusramp 23&#8243; (590 mm)\"}]},{\"@type\":\"WebSite\",\"@id\":\"https:\/\/xenonkungen.com\/#website\",\"url\":\"https:\/\/xenonkungen.com\/\",\"name\":\"Xenonkungen\",\"description\":\"\",\"potentialAction\":[{\"@type\":\"SearchAction\",\"target\":{\"@type\":\"EntryPoint\",\"urlTemplate\":\"https:\/\/xenonkungen.com\/?s={search_term_string}\"},\"query-input\":{\"@type\":\"PropertyValueSpecification\",\"valueRequired\":true,\"valueName\":\"search_term_string\"}}],\"inLanguage\":\"da-DK\"}]}<\/script>\n<!-- \/ Yoast SEO plugin. -->","yoast_head_json":{"title":"Lazer Triple-R 1250 Smartview ekstra lysbj\u00e6lke 23&quot; (590 mm) - Xenon-kongen","robots":{"index":"index","follow":"follow","max-snippet":"max-snippet:-1","max-image-preview":"max-image-preview:large","max-video-preview":"max-video-preview:-1"},"canonical":"https:\/\/xenonkungen.com\/dk\/vare\/lazer-triple-r-1250-smartview-ekstra-lysrampe-23-590-mm\/","og_locale":"da_DK","og_type":"article","og_title":"Lazer Triple-R 1250 Smartview extraljusramp 23\" (590 mm) - Xenonkungen","og_description":"Lazers Triple-R 1250 Smartview \u2013 Den smartaste LED-rampen p\u00e5 marknaden Upplev n\u00e4sta niv\u00e5 av k\u00f6rning med banbrytande ljusintelligens. Lazers Triple-R 1250 Smartview \u00e4r inte bara en LED-ramp \u2013 det \u00e4r en intelligent ljusl\u00f6sning designad f\u00f6r att ge dig maximal sikt, trygghet och flexibilitet bakom ratten. Med hela fem avancerade ljusl\u00e4gen som du styr direkt fr\u00e5n [&hellip;]","og_url":"https:\/\/xenonkungen.com\/dk\/vare\/lazer-triple-r-1250-smartview-ekstra-lysrampe-23-590-mm\/","og_site_name":"Xenonkungen","article_modified_time":"2026-04-24T16:24:26+00:00","og_image":[{"width":2048,"height":1536,"url":"https:\/\/xenonkungen.com\/wp-content\/uploads\/2025\/04\/159242_itemimage_mainfront.jpg","type":"image\/jpeg"}],"twitter_card":"summary_large_image","twitter_misc":{"Estimeret l\u00e6setid":"2 minutter"},"schema":{"@context":"https:\/\/schema.org","@graph":[{"@type":"WebPage","@id":"https:\/\/xenonkungen.com\/produkt\/lazer-triple-r-1250-smartview-extraljusramp-23-590-mm\/","url":"https:\/\/xenonkungen.com\/produkt\/lazer-triple-r-1250-smartview-extraljusramp-23-590-mm\/","name":"Lazer Triple-R 1250 Smartview ekstra lysbj\u00e6lke 23&quot; (590 mm) - Xenon-kongen","isPartOf":{"@id":"https:\/\/xenonkungen.com\/#website"},"primaryImageOfPage":{"@id":"https:\/\/xenonkungen.com\/produkt\/lazer-triple-r-1250-smartview-extraljusramp-23-590-mm\/#primaryimage"},"image":{"@id":"https:\/\/xenonkungen.com\/produkt\/lazer-triple-r-1250-smartview-extraljusramp-23-590-mm\/#primaryimage"},"thumbnailUrl":"https:\/\/xenonkungen.com\/wp-content\/uploads\/2025\/04\/159242_itemimage_mainfront.jpg","datePublished":"2025-04-15T09:09:53+00:00","dateModified":"2026-04-24T16:24:26+00:00","breadcrumb":{"@id":"https:\/\/xenonkungen.com\/produkt\/lazer-triple-r-1250-smartview-extraljusramp-23-590-mm\/#breadcrumb"},"inLanguage":"da-DK","potentialAction":[{"@type":"ReadAction","target":["https:\/\/xenonkungen.com\/produkt\/lazer-triple-r-1250-smartview-extraljusramp-23-590-mm\/"]}]},{"@type":"ImageObject","inLanguage":"da-DK","@id":"https:\/\/xenonkungen.com\/produkt\/lazer-triple-r-1250-smartview-extraljusramp-23-590-mm\/#primaryimage","url":"https:\/\/xenonkungen.com\/wp-content\/uploads\/2025\/04\/159242_itemimage_mainfront.jpg","contentUrl":"https:\/\/xenonkungen.com\/wp-content\/uploads\/2025\/04\/159242_itemimage_mainfront.jpg","width":2048,"height":1536},{"@type":"BreadcrumbList","@id":"https:\/\/xenonkungen.com\/produkt\/lazer-triple-r-1250-smartview-extraljusramp-23-590-mm\/#breadcrumb","itemListElement":[{"@type":"ListItem","position":1,"name":"Hem","item":"https:\/\/xenonkungen.com\/"},{"@type":"ListItem","position":2,"name":"Shop","item":"https:\/\/xenonkungen.com\/shop\/"},{"@type":"ListItem","position":3,"name":"Lazer Triple-R 1250 Smartview extraljusramp 23&#8243; (590 mm)"}]},{"@type":"WebSite","@id":"https:\/\/xenonkungen.com\/#website","url":"https:\/\/xenonkungen.com\/","name":"Xenonkungen","description":"","potentialAction":[{"@type":"SearchAction","target":{"@type":"EntryPoint","urlTemplate":"https:\/\/xenonkungen.com\/?s={search_term_string}"},"query-input":{"@type":"PropertyValueSpecification","valueRequired":true,"valueName":"search_term_string"}}],"inLanguage":"da-DK"}]}},"taxonomy_info":{"product_brand":[{"value":1124,"label":"Lazer"}],"product_cat":[{"value":2561,"label":"Lazer"},{"value":2966,"label":"Ledramp Rak"},{"value":2539,"label":"LEDRAMPER"}],"product_tag":[{"value":2735,"label":"Lazer"}],"pa_fargtemperatur":[{"value":154,"label":"5000K"}],"pa_fuktskydd-varde-ipxx":[{"value":333,"label":"IP67"}],"pa_godkannande":[{"value":1360,"label":"ECE, R7, R149"}],"pa_lampsockel-kontakt":[{"value":1122,"label":"Superseal"}],"pa_led-chips-effekt-w":[{"value":1358,"label":"220"}],"pa_storlek-mm":[{"value":1357,"label":"590x73x103"}],"pa_stromforbrukning":[{"value":1359,"label":"16,9A@14,4V"}],"pa_volt-v":[{"value":1084,"label":"Multivolt, 10, 12, 16, 18, 24, 28, 30, 32"}]},"featured_image_src_large":["https:\/\/xenonkungen.com\/wp-content\/uploads\/2025\/04\/159242_itemimage_mainfront-1024x768.jpg",1024,768,true],"author_info":[],"comment_info":0,"_links":{"self":[{"href":"https:\/\/xenonkungen.com\/dk\/wp-json\/wp\/v2\/product\/4285","targetHints":{"allow":["GET"]}}],"collection":[{"href":"https:\/\/xenonkungen.com\/dk\/wp-json\/wp\/v2\/product"}],"about":[{"href":"https:\/\/xenonkungen.com\/dk\/wp-json\/wp\/v2\/types\/product"}],"replies":[{"embeddable":true,"href":"https:\/\/xenonkungen.com\/dk\/wp-json\/wp\/v2\/comments?post=4285"}],"wp:featuredmedia":[{"embeddable":true,"href":"https:\/\/xenonkungen.com\/dk\/wp-json\/wp\/v2\/media\/4286"}],"wp:attachment":[{"href":"https:\/\/xenonkungen.com\/dk\/wp-json\/wp\/v2\/media?parent=4285"}],"wp:term":[{"taxonomy":"anvandningsomrade","embeddable":true,"href":"https:\/\/xenonkungen.com\/dk\/wp-json\/wp\/v2\/anvandningsomrade?post=4285"},{"taxonomy":"bilmarken","embeddable":true,"href":"https:\/\/xenonkungen.com\/dk\/wp-json\/wp\/v2\/bilmarken?post=4285"},{"taxonomy":"product_brand","embeddable":true,"href":"https:\/\/xenonkungen.com\/dk\/wp-json\/wp\/v2\/product_brand?post=4285"},{"taxonomy":"product_cat","embeddable":true,"href":"https:\/\/xenonkungen.com\/dk\/wp-json\/wp\/v2\/product_cat?post=4285"},{"taxonomy":"product_tag","embeddable":true,"href":"https:\/\/xenonkungen.com\/dk\/wp-json\/wp\/v2\/product_tag?post=4285"}],"curies":[{"name":"wp","href":"https:\/\/api.w.org\/{rel}","templated":true}]}}