{"id":4353,"date":"2025-04-15T09:11:19","date_gmt":"2025-04-15T09:11:19","guid":{"rendered":"https:\/\/xenonkungen.com\/product\/lazer-hoger-extraljusbox-rally-1x-linear-6-elite-skoda-r5\/"},"modified":"2026-03-11T10:03:19","modified_gmt":"2026-03-11T09:03:19","slug":"lazer-hojer-ekstra-lysboks-rally-1x-linear-6-elite-skoda-r5","status":"publish","type":"product","link":"https:\/\/xenonkungen.com\/dk\/vare\/lazer-hojer-ekstra-lysboks-rally-1x-linear-6-elite-skoda-r5\/","title":{"rendered":"Lazer Right ekstra lyskasse Rally 1x Linear-6 Elite Skoda R5"},"content":{"rendered":"<h1>Lazer Lamps kurvelyskapsler til rallylygter til Skoda R5 h\u00f8jre side<\/h1>\n<p>Hj\u00f8rnepanelerne, der er skr\u00e6ddersyet til Skoda R5 rallybiler, er et perfekt supplement til Lazers motorhjelmpaneler til 2 eller 4 ekstra lysbj\u00e6lker. Hj\u00f8rnepanelerne er formonteret med en Linear 6-Elite-lampe i et aerodynamisk og ultralet kulfiberpanel, der er skr\u00e6ddersyet til at passe til bilens linjer. Hvert panel vejer ikke mere end 0,85 kg, hvilket er betydeligt mindre end traditionelle l\u00f8sninger.<\/p>\n<p>&quot;Ubrydelig&quot; polycarbonatlinse<\/p>\n<p>Elektronisk varmestyring<\/p>","protected":false},"excerpt":{"rendered":"<p>Lazer Lamps kurvljuskapslar f\u00f6r rallylampor till Skoda R5 H\u00f6gersida Anpassade f\u00f6r Skoda R5 rallybilar \u00e4r h\u00f6rnpanelerna ett perfekt komplement till Lazers motorhuvspaneler f\u00f6r 2 eller 4 extraljusramper. H\u00f6rnpanelerna \u00e4r f\u00f6rmonterade med en Linear 6-Elite-lampa i en aerodynamisk och ultral\u00e4tt panel i kolfiber som \u00e4r anpassade att passa bilens linjer. Varje panel v\u00e4ger inte mer \u00e4n [&hellip;]<\/p>","protected":false},"featured_media":4349,"comment_status":"closed","ping_status":"closed","template":"","meta":{"_acf_changed":false,"_smort_price_nok":"11418","_smort_price_dkk":"7254","_smort_price_eur":"971.77","_smort_sale_price_nok":"","_smort_sale_price_dkk":"","_smort_sale_price_eur":"","smort_restorder":"","shipmondo_restorder":"","_kad_blocks_custom_css":"","_kad_blocks_head_custom_js":"","_kad_blocks_body_custom_js":"","_kad_blocks_footer_custom_js":"","smort_custom_pricelist_1":"9040","smort_custom_pricelist_2":"9040","smort_custom_pricelist_3":"9040","smort_custom_pricelist_4":"11300","smort_custom_pricelist_5":"9040"},"anvandningsomrade":[1376],"bilmarken":[],"product_brand":[1124],"product_cat":[16],"product_tag":[2735],"class_list":{"0":"post-4353","1":"product","2":"type-product","3":"status-publish","4":"has-post-thumbnail","6":"anvandningsomrade-rally","7":"product_brand-lazer","8":"product_cat-uncategorized","9":"product_tag-lazer","10":"pa_fargtemperatur-5000k","11":"pa_fuktskydd-varde-ipxx-ip68","12":"pa_godkannande-ece-r112","13":"pa_lampsockel-kontakt-dt4","14":"pa_led-chips-effekt-w-1092","15":"pa_storlek-mm-232x62x40","16":"pa_stromforbrukning-29a144v","17":"pa_volt-v-multivolt-10-12-16-18-24-28-30-32","19":"first","20":"onbackorder","21":"taxable","22":"shipping-taxable","23":"purchasable","24":"product-type-simple"},"bundled_by":[],"bundle_stock_status":"onbackorder","bundle_stock_quantity":0,"bundle_virtual":false,"bundle_layout":"","bundle_add_to_cart_form_location":"","bundle_editable_in_cart":false,"bundle_sold_individually_context":"","bundle_item_grouping":"","bundle_min_size":"","bundle_max_size":"","bundle_price":[],"bundled_items":[],"bundle_sell_ids":[],"acf":[],"yoast_head":"<!-- This site is optimized with the Yoast SEO plugin v27.0 - https:\/\/yoast.com\/product\/yoast-seo-wordpress\/ -->\n<title>Lazer H\u00f6ger Extraljusbox Rally 1x Linear-6 Elite Skoda R5 - Xenonkungen<\/title>\n<meta name=\"robots\" content=\"index, follow, max-snippet:-1, max-image-preview:large, max-video-preview:-1\" \/>\n<link rel=\"canonical\" href=\"http:\/\/xenonkungen.com\/dk\/vare\/lazer-hojer-ekstra-lysboks-rally-1x-linear-6-elite-skoda-r5\/\" \/>\n<meta property=\"og:locale\" content=\"da_DK\" \/>\n<meta property=\"og:type\" content=\"article\" \/>\n<meta property=\"og:title\" content=\"Lazer H\u00f6ger Extraljusbox Rally 1x Linear-6 Elite Skoda R5 - Xenonkungen\" \/>\n<meta property=\"og:description\" content=\"Lazer Lamps kurvljuskapslar f\u00f6r rallylampor till Skoda R5 H\u00f6gersida Anpassade f\u00f6r Skoda R5 rallybilar \u00e4r h\u00f6rnpanelerna ett perfekt komplement till Lazers motorhuvspaneler f\u00f6r 2 eller 4 extraljusramper. H\u00f6rnpanelerna \u00e4r f\u00f6rmonterade med en Linear 6-Elite-lampa i en aerodynamisk och ultral\u00e4tt panel i kolfiber som \u00e4r anpassade att passa bilens linjer. Varje panel v\u00e4ger inte mer \u00e4n [&hellip;]\" \/>\n<meta property=\"og:url\" content=\"http:\/\/xenonkungen.com\/dk\/vare\/lazer-hojer-ekstra-lysboks-rally-1x-linear-6-elite-skoda-r5\/\" \/>\n<meta property=\"og:site_name\" content=\"Xenonkungen\" \/>\n<meta property=\"article:modified_time\" content=\"2026-03-11T09:03:19+00:00\" \/>\n<meta property=\"og:image\" content=\"https:\/\/xenonkungen.com\/wp-content\/uploads\/2025\/04\/159325_itemimage_mainfront.jpg\" \/>\n\t<meta property=\"og:image:width\" content=\"2048\" \/>\n\t<meta property=\"og:image:height\" content=\"1536\" \/>\n\t<meta property=\"og:image:type\" content=\"image\/jpeg\" \/>\n<meta name=\"twitter:card\" content=\"summary_large_image\" \/>\n<meta name=\"twitter:label1\" content=\"Estimeret l\u00e6setid\" \/>\n\t<meta name=\"twitter:data1\" content=\"1 minut\" \/>\n<script type=\"application\/ld+json\" class=\"yoast-schema-graph\">{\"@context\":\"https:\/\/schema.org\",\"@graph\":[{\"@type\":\"WebPage\",\"@id\":\"http:\/\/xenonkungen.com\/fi\/tuote\/lazer-hoger-lisavalolaatikko-rally-1x-linear-6-elite-skoda-r5\/\",\"url\":\"http:\/\/xenonkungen.com\/fi\/tuote\/lazer-hoger-lisavalolaatikko-rally-1x-linear-6-elite-skoda-r5\/\",\"name\":\"Lazer H\u00f6ger Extraljusbox Rally 1x Linear-6 Elite Skoda R5 - Xenonkungen\",\"isPartOf\":{\"@id\":\"https:\/\/xenonkungen.com\/#website\"},\"primaryImageOfPage\":{\"@id\":\"http:\/\/xenonkungen.com\/fi\/tuote\/lazer-hoger-lisavalolaatikko-rally-1x-linear-6-elite-skoda-r5\/#primaryimage\"},\"image\":{\"@id\":\"http:\/\/xenonkungen.com\/fi\/tuote\/lazer-hoger-lisavalolaatikko-rally-1x-linear-6-elite-skoda-r5\/#primaryimage\"},\"thumbnailUrl\":\"https:\/\/xenonkungen.com\/wp-content\/uploads\/2025\/04\/159325_itemimage_mainfront.jpg\",\"datePublished\":\"2025-04-15T09:11:19+00:00\",\"dateModified\":\"2026-03-11T09:03:19+00:00\",\"breadcrumb\":{\"@id\":\"http:\/\/xenonkungen.com\/fi\/tuote\/lazer-hoger-lisavalolaatikko-rally-1x-linear-6-elite-skoda-r5\/#breadcrumb\"},\"inLanguage\":\"da-DK\",\"potentialAction\":[{\"@type\":\"ReadAction\",\"target\":[\"http:\/\/xenonkungen.com\/fi\/tuote\/lazer-hoger-lisavalolaatikko-rally-1x-linear-6-elite-skoda-r5\/\"]}]},{\"@type\":\"ImageObject\",\"inLanguage\":\"da-DK\",\"@id\":\"http:\/\/xenonkungen.com\/fi\/tuote\/lazer-hoger-lisavalolaatikko-rally-1x-linear-6-elite-skoda-r5\/#primaryimage\",\"url\":\"https:\/\/xenonkungen.com\/wp-content\/uploads\/2025\/04\/159325_itemimage_mainfront.jpg\",\"contentUrl\":\"https:\/\/xenonkungen.com\/wp-content\/uploads\/2025\/04\/159325_itemimage_mainfront.jpg\",\"width\":2048,\"height\":1536},{\"@type\":\"BreadcrumbList\",\"@id\":\"http:\/\/xenonkungen.com\/fi\/tuote\/lazer-hoger-lisavalolaatikko-rally-1x-linear-6-elite-skoda-r5\/#breadcrumb\",\"itemListElement\":[{\"@type\":\"ListItem\",\"position\":1,\"name\":\"Hem\",\"item\":\"https:\/\/xenonkungen.com\/\"},{\"@type\":\"ListItem\",\"position\":2,\"name\":\"Shop\",\"item\":\"https:\/\/xenonkungen.com\/shop\/\"},{\"@type\":\"ListItem\",\"position\":3,\"name\":\"Lazer H\u00f6ger Extraljusbox Rally 1x Linear-6 Elite Skoda R5\"}]},{\"@type\":\"WebSite\",\"@id\":\"https:\/\/xenonkungen.com\/#website\",\"url\":\"https:\/\/xenonkungen.com\/\",\"name\":\"Xenonkungen\",\"description\":\"\",\"potentialAction\":[{\"@type\":\"SearchAction\",\"target\":{\"@type\":\"EntryPoint\",\"urlTemplate\":\"https:\/\/xenonkungen.com\/?s={search_term_string}\"},\"query-input\":{\"@type\":\"PropertyValueSpecification\",\"valueRequired\":true,\"valueName\":\"search_term_string\"}}],\"inLanguage\":\"da-DK\"}]}<\/script>\n<!-- \/ Yoast SEO plugin. -->","yoast_head_json":{"title":"Lazer H\u00f8jre Ekstralysboks Rally 1x Linear-6 Elite Skoda R5 - Xenonkungen","robots":{"index":"index","follow":"follow","max-snippet":"max-snippet:-1","max-image-preview":"max-image-preview:large","max-video-preview":"max-video-preview:-1"},"canonical":"http:\/\/xenonkungen.com\/dk\/vare\/lazer-hojer-ekstra-lysboks-rally-1x-linear-6-elite-skoda-r5\/","og_locale":"da_DK","og_type":"article","og_title":"Lazer H\u00f6ger Extraljusbox Rally 1x Linear-6 Elite Skoda R5 - Xenonkungen","og_description":"Lazer Lamps kurvljuskapslar f\u00f6r rallylampor till Skoda R5 H\u00f6gersida Anpassade f\u00f6r Skoda R5 rallybilar \u00e4r h\u00f6rnpanelerna ett perfekt komplement till Lazers motorhuvspaneler f\u00f6r 2 eller 4 extraljusramper. H\u00f6rnpanelerna \u00e4r f\u00f6rmonterade med en Linear 6-Elite-lampa i en aerodynamisk och ultral\u00e4tt panel i kolfiber som \u00e4r anpassade att passa bilens linjer. Varje panel v\u00e4ger inte mer \u00e4n [&hellip;]","og_url":"http:\/\/xenonkungen.com\/dk\/vare\/lazer-hojer-ekstra-lysboks-rally-1x-linear-6-elite-skoda-r5\/","og_site_name":"Xenonkungen","article_modified_time":"2026-03-11T09:03:19+00:00","og_image":[{"width":2048,"height":1536,"url":"https:\/\/xenonkungen.com\/wp-content\/uploads\/2025\/04\/159325_itemimage_mainfront.jpg","type":"image\/jpeg"}],"twitter_card":"summary_large_image","twitter_misc":{"Estimeret l\u00e6setid":"1 minut"},"schema":{"@context":"https:\/\/schema.org","@graph":[{"@type":"WebPage","@id":"http:\/\/xenonkungen.com\/fi\/tuote\/lazer-hoger-lisavalolaatikko-rally-1x-linear-6-elite-skoda-r5\/","url":"http:\/\/xenonkungen.com\/fi\/tuote\/lazer-hoger-lisavalolaatikko-rally-1x-linear-6-elite-skoda-r5\/","name":"Lazer H\u00f8jre Ekstralysboks Rally 1x Linear-6 Elite Skoda R5 - Xenonkungen","isPartOf":{"@id":"https:\/\/xenonkungen.com\/#website"},"primaryImageOfPage":{"@id":"http:\/\/xenonkungen.com\/fi\/tuote\/lazer-hoger-lisavalolaatikko-rally-1x-linear-6-elite-skoda-r5\/#primaryimage"},"image":{"@id":"http:\/\/xenonkungen.com\/fi\/tuote\/lazer-hoger-lisavalolaatikko-rally-1x-linear-6-elite-skoda-r5\/#primaryimage"},"thumbnailUrl":"https:\/\/xenonkungen.com\/wp-content\/uploads\/2025\/04\/159325_itemimage_mainfront.jpg","datePublished":"2025-04-15T09:11:19+00:00","dateModified":"2026-03-11T09:03:19+00:00","breadcrumb":{"@id":"http:\/\/xenonkungen.com\/fi\/tuote\/lazer-hoger-lisavalolaatikko-rally-1x-linear-6-elite-skoda-r5\/#breadcrumb"},"inLanguage":"da-DK","potentialAction":[{"@type":"ReadAction","target":["http:\/\/xenonkungen.com\/fi\/tuote\/lazer-hoger-lisavalolaatikko-rally-1x-linear-6-elite-skoda-r5\/"]}]},{"@type":"ImageObject","inLanguage":"da-DK","@id":"http:\/\/xenonkungen.com\/fi\/tuote\/lazer-hoger-lisavalolaatikko-rally-1x-linear-6-elite-skoda-r5\/#primaryimage","url":"https:\/\/xenonkungen.com\/wp-content\/uploads\/2025\/04\/159325_itemimage_mainfront.jpg","contentUrl":"https:\/\/xenonkungen.com\/wp-content\/uploads\/2025\/04\/159325_itemimage_mainfront.jpg","width":2048,"height":1536},{"@type":"BreadcrumbList","@id":"http:\/\/xenonkungen.com\/fi\/tuote\/lazer-hoger-lisavalolaatikko-rally-1x-linear-6-elite-skoda-r5\/#breadcrumb","itemListElement":[{"@type":"ListItem","position":1,"name":"Hem","item":"https:\/\/xenonkungen.com\/"},{"@type":"ListItem","position":2,"name":"Shop","item":"https:\/\/xenonkungen.com\/shop\/"},{"@type":"ListItem","position":3,"name":"Lazer H\u00f6ger Extraljusbox Rally 1x Linear-6 Elite Skoda R5"}]},{"@type":"WebSite","@id":"https:\/\/xenonkungen.com\/#website","url":"https:\/\/xenonkungen.com\/","name":"Xenonkungen","description":"","potentialAction":[{"@type":"SearchAction","target":{"@type":"EntryPoint","urlTemplate":"https:\/\/xenonkungen.com\/?s={search_term_string}"},"query-input":{"@type":"PropertyValueSpecification","valueRequired":true,"valueName":"search_term_string"}}],"inLanguage":"da-DK"}]}},"taxonomy_info":{"anvandningsomrade":[{"value":1376,"label":"Rally"}],"product_brand":[{"value":1124,"label":"Lazer"}],"product_cat":[{"value":16,"label":"Uncategorized"}],"product_tag":[{"value":2735,"label":"Lazer"}],"pa_fargtemperatur":[{"value":154,"label":"5000K"}],"pa_fuktskydd-varde-ipxx":[{"value":177,"label":"IP68"}],"pa_godkannande":[{"value":1123,"label":"ECE, R112"}],"pa_lampsockel-kontakt":[{"value":404,"label":"DT4"}],"pa_led-chips-effekt-w":[{"value":1092,"label":"42"}],"pa_storlek-mm":[{"value":1129,"label":"232x62x40"}],"pa_stromforbrukning":[{"value":1333,"label":"2,9A@14,4V"}],"pa_volt-v":[{"value":1084,"label":"Multivolt, 10, 12, 16, 18, 24, 28, 30, 32"}]},"featured_image_src_large":["https:\/\/xenonkungen.com\/wp-content\/uploads\/2025\/04\/159325_itemimage_mainfront-1024x768.jpg",1024,768,true],"author_info":[],"comment_info":0,"_links":{"self":[{"href":"https:\/\/xenonkungen.com\/dk\/wp-json\/wp\/v2\/product\/4353","targetHints":{"allow":["GET"]}}],"collection":[{"href":"https:\/\/xenonkungen.com\/dk\/wp-json\/wp\/v2\/product"}],"about":[{"href":"https:\/\/xenonkungen.com\/dk\/wp-json\/wp\/v2\/types\/product"}],"replies":[{"embeddable":true,"href":"https:\/\/xenonkungen.com\/dk\/wp-json\/wp\/v2\/comments?post=4353"}],"wp:featuredmedia":[{"embeddable":true,"href":"https:\/\/xenonkungen.com\/dk\/wp-json\/wp\/v2\/media\/4349"}],"wp:attachment":[{"href":"https:\/\/xenonkungen.com\/dk\/wp-json\/wp\/v2\/media?parent=4353"}],"wp:term":[{"taxonomy":"anvandningsomrade","embeddable":true,"href":"https:\/\/xenonkungen.com\/dk\/wp-json\/wp\/v2\/anvandningsomrade?post=4353"},{"taxonomy":"bilmarken","embeddable":true,"href":"https:\/\/xenonkungen.com\/dk\/wp-json\/wp\/v2\/bilmarken?post=4353"},{"taxonomy":"product_brand","embeddable":true,"href":"https:\/\/xenonkungen.com\/dk\/wp-json\/wp\/v2\/product_brand?post=4353"},{"taxonomy":"product_cat","embeddable":true,"href":"https:\/\/xenonkungen.com\/dk\/wp-json\/wp\/v2\/product_cat?post=4353"},{"taxonomy":"product_tag","embeddable":true,"href":"https:\/\/xenonkungen.com\/dk\/wp-json\/wp\/v2\/product_tag?post=4353"}],"curies":[{"name":"wp","href":"https:\/\/api.w.org\/{rel}","templated":true}]}}