{"id":4461,"date":"2025-04-15T09:13:24","date_gmt":"2025-04-15T09:13:24","guid":{"rendered":"https:\/\/xenonkungen.com\/product\/meguiars-gold-class-rich-leather-wipes\/"},"modified":"2026-03-27T09:50:38","modified_gmt":"2026-03-27T08:50:38","slug":"meguiars-gold-class-rich-laederklude","status":"publish","type":"product","link":"https:\/\/xenonkungen.com\/dk\/vare\/meguiars-gold-class-rich-laederklude\/","title":{"rendered":"Meguiar's Gold Class Rich L\u00e6derservietter"},"content":{"rendered":"<h1>Gold Class Rich L\u00e6derklude<\/h1>\n<p>Komplet l\u00e6derbehandling. Renser, genopretter og beskytter i \u00e9t enkelt trin med vores v\u00e5dservietter! Velegnet til b\u00e5de bil og hjemmet. Unik premium formel, der hverken er kl\u00e6brig eller skinnende. Den efterlader heller ingen hvide rester og kan derfor bruges p\u00e5 perforeret l\u00e6der og over s\u00f8mme.<\/p>\n<p><strong>Indhold:<\/strong> 25 stk (17,78cm x 22,86 cm)<\/p>","protected":false},"excerpt":{"rendered":"<p>Gold Class Rich Leather Wipes Komplett l\u00e4derbehandling. Reng\u00f6r, \u00e5terst\u00e4ller och skyddar I ett enda enkelt steg med v\u00e5ra wipes! Passar b\u00e5de bilen och hemmet. Unik premiumformula som varken \u00e4r kladdig eller glansig. Den l\u00e4mnar inte heller n\u00e5gra vita rester och kan d\u00e4rf\u00f6r anv\u00e4ndas p\u00e5 perforerat l\u00e4der och \u00f6ver s\u00f6mmar. Inneh\u00e5ll: 25 st (17,78cm x 22,86 [&hellip;]<\/p>","protected":false},"featured_media":4462,"comment_status":"closed","ping_status":"open","template":"","meta":{"_acf_changed":false,"_smort_price_nok":"140","_smort_price_dkk":"121","_smort_price_eur":"16.27","_smort_sale_price_nok":"140","_smort_sale_price_dkk":"","_smort_sale_price_eur":"","smort_restorder":"","shipmondo_restorder":"","_kad_blocks_custom_css":"","_kad_blocks_head_custom_js":"","_kad_blocks_body_custom_js":"","_kad_blocks_footer_custom_js":"","smort_custom_pricelist_1":"114.56","smort_custom_pricelist_2":"114.56","smort_custom_pricelist_3":"108.83","smort_custom_pricelist_4":"143.2","smort_custom_pricelist_5":"114.56"},"anvandningsomrade":[],"bilmarken":[],"product_brand":[1383],"product_cat":[2618,378,1402],"product_tag":[],"class_list":{"0":"post-4461","1":"product","2":"type-product","3":"status-publish","4":"has-post-thumbnail","6":"product_brand-meguiars","7":"product_cat-interior","8":"product_cat-bilvard","9":"product_cat-outlet","10":"pa_storlek-mm-177-x-229","12":"first","13":"instock","14":"sale","15":"taxable","16":"shipping-taxable","17":"purchasable","18":"product-type-simple"},"bundled_by":[],"bundle_stock_status":"instock","bundle_stock_quantity":1,"bundle_virtual":false,"bundle_layout":"","bundle_add_to_cart_form_location":"","bundle_editable_in_cart":false,"bundle_sold_individually_context":"","bundle_item_grouping":"","bundle_min_size":"","bundle_max_size":"","bundle_price":[],"bundled_items":[],"bundle_sell_ids":[],"acf":[],"yoast_head":"<!-- This site is optimized with the Yoast SEO plugin v27.0 - https:\/\/yoast.com\/product\/yoast-seo-wordpress\/ -->\n<title>Meguiar&#039;s Gold Class Rich Leather Wipes - Xenonkungen<\/title>\n<meta name=\"robots\" content=\"index, follow, max-snippet:-1, max-image-preview:large, max-video-preview:-1\" \/>\n<link rel=\"canonical\" href=\"https:\/\/xenonkungen.com\/dk\/vare\/meguiars-gold-class-rich-laederklude\/\" \/>\n<meta property=\"og:locale\" content=\"da_DK\" \/>\n<meta property=\"og:type\" content=\"article\" \/>\n<meta property=\"og:title\" content=\"Meguiar&#039;s Gold Class Rich Leather Wipes - Xenonkungen\" \/>\n<meta property=\"og:description\" content=\"Gold Class Rich Leather Wipes Komplett l\u00e4derbehandling. Reng\u00f6r, \u00e5terst\u00e4ller och skyddar I ett enda enkelt steg med v\u00e5ra wipes! Passar b\u00e5de bilen och hemmet. Unik premiumformula som varken \u00e4r kladdig eller glansig. Den l\u00e4mnar inte heller n\u00e5gra vita rester och kan d\u00e4rf\u00f6r anv\u00e4ndas p\u00e5 perforerat l\u00e4der och \u00f6ver s\u00f6mmar. Inneh\u00e5ll: 25 st (17,78cm x 22,86 [&hellip;]\" \/>\n<meta property=\"og:url\" content=\"https:\/\/xenonkungen.com\/dk\/vare\/meguiars-gold-class-rich-laederklude\/\" \/>\n<meta property=\"og:site_name\" content=\"Xenonkungen\" \/>\n<meta property=\"article:modified_time\" content=\"2026-03-27T08:50:38+00:00\" \/>\n<meta property=\"og:image\" content=\"https:\/\/xenonkungen.com\/wp-content\/uploads\/2025\/04\/190088141-origpic-14c8dd.png\" \/>\n\t<meta property=\"og:image:width\" content=\"150\" \/>\n\t<meta property=\"og:image:height\" content=\"340\" \/>\n\t<meta property=\"og:image:type\" content=\"image\/png\" \/>\n<meta name=\"twitter:card\" content=\"summary_large_image\" \/>\n<script type=\"application\/ld+json\" class=\"yoast-schema-graph\">{\"@context\":\"https:\/\/schema.org\",\"@graph\":[{\"@type\":\"WebPage\",\"@id\":\"https:\/\/xenonkungen.com\/produkt\/meguiars-gold-class-rich-leather-wipes\/\",\"url\":\"https:\/\/xenonkungen.com\/produkt\/meguiars-gold-class-rich-leather-wipes\/\",\"name\":\"Meguiar's Gold Class Rich Leather Wipes - Xenonkungen\",\"isPartOf\":{\"@id\":\"https:\/\/xenonkungen.com\/#website\"},\"primaryImageOfPage\":{\"@id\":\"https:\/\/xenonkungen.com\/produkt\/meguiars-gold-class-rich-leather-wipes\/#primaryimage\"},\"image\":{\"@id\":\"https:\/\/xenonkungen.com\/produkt\/meguiars-gold-class-rich-leather-wipes\/#primaryimage\"},\"thumbnailUrl\":\"https:\/\/xenonkungen.com\/wp-content\/uploads\/2025\/04\/190088141-origpic-14c8dd.png\",\"datePublished\":\"2025-04-15T09:13:24+00:00\",\"dateModified\":\"2026-03-27T08:50:38+00:00\",\"breadcrumb\":{\"@id\":\"https:\/\/xenonkungen.com\/produkt\/meguiars-gold-class-rich-leather-wipes\/#breadcrumb\"},\"inLanguage\":\"da-DK\",\"potentialAction\":[{\"@type\":\"ReadAction\",\"target\":[\"https:\/\/xenonkungen.com\/produkt\/meguiars-gold-class-rich-leather-wipes\/\"]}]},{\"@type\":\"ImageObject\",\"inLanguage\":\"da-DK\",\"@id\":\"https:\/\/xenonkungen.com\/produkt\/meguiars-gold-class-rich-leather-wipes\/#primaryimage\",\"url\":\"https:\/\/xenonkungen.com\/wp-content\/uploads\/2025\/04\/190088141-origpic-14c8dd.png\",\"contentUrl\":\"https:\/\/xenonkungen.com\/wp-content\/uploads\/2025\/04\/190088141-origpic-14c8dd.png\",\"width\":150,\"height\":340},{\"@type\":\"BreadcrumbList\",\"@id\":\"https:\/\/xenonkungen.com\/produkt\/meguiars-gold-class-rich-leather-wipes\/#breadcrumb\",\"itemListElement\":[{\"@type\":\"ListItem\",\"position\":1,\"name\":\"Hem\",\"item\":\"https:\/\/xenonkungen.com\/\"},{\"@type\":\"ListItem\",\"position\":2,\"name\":\"Shop\",\"item\":\"https:\/\/xenonkungen.com\/shop\/\"},{\"@type\":\"ListItem\",\"position\":3,\"name\":\"Meguiar&#8217;s Gold Class Rich Leather Wipes\"}]},{\"@type\":\"WebSite\",\"@id\":\"https:\/\/xenonkungen.com\/#website\",\"url\":\"https:\/\/xenonkungen.com\/\",\"name\":\"Xenonkungen\",\"description\":\"\",\"potentialAction\":[{\"@type\":\"SearchAction\",\"target\":{\"@type\":\"EntryPoint\",\"urlTemplate\":\"https:\/\/xenonkungen.com\/?s={search_term_string}\"},\"query-input\":{\"@type\":\"PropertyValueSpecification\",\"valueRequired\":true,\"valueName\":\"search_term_string\"}}],\"inLanguage\":\"da-DK\"}]}<\/script>\n<!-- \/ Yoast SEO plugin. -->","yoast_head_json":{"title":"Meguiar&#039;s Gold Class Rich L\u00e6derklude - Xenon Kongen","robots":{"index":"index","follow":"follow","max-snippet":"max-snippet:-1","max-image-preview":"max-image-preview:large","max-video-preview":"max-video-preview:-1"},"canonical":"https:\/\/xenonkungen.com\/dk\/vare\/meguiars-gold-class-rich-laederklude\/","og_locale":"da_DK","og_type":"article","og_title":"Meguiar's Gold Class Rich Leather Wipes - Xenonkungen","og_description":"Gold Class Rich Leather Wipes Komplett l\u00e4derbehandling. Reng\u00f6r, \u00e5terst\u00e4ller och skyddar I ett enda enkelt steg med v\u00e5ra wipes! Passar b\u00e5de bilen och hemmet. Unik premiumformula som varken \u00e4r kladdig eller glansig. Den l\u00e4mnar inte heller n\u00e5gra vita rester och kan d\u00e4rf\u00f6r anv\u00e4ndas p\u00e5 perforerat l\u00e4der och \u00f6ver s\u00f6mmar. Inneh\u00e5ll: 25 st (17,78cm x 22,86 [&hellip;]","og_url":"https:\/\/xenonkungen.com\/dk\/vare\/meguiars-gold-class-rich-laederklude\/","og_site_name":"Xenonkungen","article_modified_time":"2026-03-27T08:50:38+00:00","og_image":[{"width":150,"height":340,"url":"https:\/\/xenonkungen.com\/wp-content\/uploads\/2025\/04\/190088141-origpic-14c8dd.png","type":"image\/png"}],"twitter_card":"summary_large_image","schema":{"@context":"https:\/\/schema.org","@graph":[{"@type":"WebPage","@id":"https:\/\/xenonkungen.com\/produkt\/meguiars-gold-class-rich-leather-wipes\/","url":"https:\/\/xenonkungen.com\/produkt\/meguiars-gold-class-rich-leather-wipes\/","name":"Meguiar&#039;s Gold Class Rich L\u00e6derklude - Xenon Kongen","isPartOf":{"@id":"https:\/\/xenonkungen.com\/#website"},"primaryImageOfPage":{"@id":"https:\/\/xenonkungen.com\/produkt\/meguiars-gold-class-rich-leather-wipes\/#primaryimage"},"image":{"@id":"https:\/\/xenonkungen.com\/produkt\/meguiars-gold-class-rich-leather-wipes\/#primaryimage"},"thumbnailUrl":"https:\/\/xenonkungen.com\/wp-content\/uploads\/2025\/04\/190088141-origpic-14c8dd.png","datePublished":"2025-04-15T09:13:24+00:00","dateModified":"2026-03-27T08:50:38+00:00","breadcrumb":{"@id":"https:\/\/xenonkungen.com\/produkt\/meguiars-gold-class-rich-leather-wipes\/#breadcrumb"},"inLanguage":"da-DK","potentialAction":[{"@type":"ReadAction","target":["https:\/\/xenonkungen.com\/produkt\/meguiars-gold-class-rich-leather-wipes\/"]}]},{"@type":"ImageObject","inLanguage":"da-DK","@id":"https:\/\/xenonkungen.com\/produkt\/meguiars-gold-class-rich-leather-wipes\/#primaryimage","url":"https:\/\/xenonkungen.com\/wp-content\/uploads\/2025\/04\/190088141-origpic-14c8dd.png","contentUrl":"https:\/\/xenonkungen.com\/wp-content\/uploads\/2025\/04\/190088141-origpic-14c8dd.png","width":150,"height":340},{"@type":"BreadcrumbList","@id":"https:\/\/xenonkungen.com\/produkt\/meguiars-gold-class-rich-leather-wipes\/#breadcrumb","itemListElement":[{"@type":"ListItem","position":1,"name":"Hem","item":"https:\/\/xenonkungen.com\/"},{"@type":"ListItem","position":2,"name":"Shop","item":"https:\/\/xenonkungen.com\/shop\/"},{"@type":"ListItem","position":3,"name":"Meguiar&#8217;s Gold Class Rich Leather Wipes"}]},{"@type":"WebSite","@id":"https:\/\/xenonkungen.com\/#website","url":"https:\/\/xenonkungen.com\/","name":"Xenonkungen","description":"","potentialAction":[{"@type":"SearchAction","target":{"@type":"EntryPoint","urlTemplate":"https:\/\/xenonkungen.com\/?s={search_term_string}"},"query-input":{"@type":"PropertyValueSpecification","valueRequired":true,"valueName":"search_term_string"}}],"inLanguage":"da-DK"}]}},"taxonomy_info":{"product_brand":[{"value":1383,"label":"Meguiar's"}],"product_cat":[{"value":2618,"label":"Interi\u00f6r"},{"value":378,"label":"Bilv\u00e5rd"},{"value":1402,"label":"Outlet"}],"pa_storlek-mm":[{"value":1386,"label":"177 x 229"}]},"featured_image_src_large":["https:\/\/xenonkungen.com\/wp-content\/uploads\/2025\/04\/190088141-origpic-14c8dd.png",150,340,false],"author_info":[],"comment_info":0,"_links":{"self":[{"href":"https:\/\/xenonkungen.com\/dk\/wp-json\/wp\/v2\/product\/4461","targetHints":{"allow":["GET"]}}],"collection":[{"href":"https:\/\/xenonkungen.com\/dk\/wp-json\/wp\/v2\/product"}],"about":[{"href":"https:\/\/xenonkungen.com\/dk\/wp-json\/wp\/v2\/types\/product"}],"replies":[{"embeddable":true,"href":"https:\/\/xenonkungen.com\/dk\/wp-json\/wp\/v2\/comments?post=4461"}],"wp:featuredmedia":[{"embeddable":true,"href":"https:\/\/xenonkungen.com\/dk\/wp-json\/wp\/v2\/media\/4462"}],"wp:attachment":[{"href":"https:\/\/xenonkungen.com\/dk\/wp-json\/wp\/v2\/media?parent=4461"}],"wp:term":[{"taxonomy":"anvandningsomrade","embeddable":true,"href":"https:\/\/xenonkungen.com\/dk\/wp-json\/wp\/v2\/anvandningsomrade?post=4461"},{"taxonomy":"bilmarken","embeddable":true,"href":"https:\/\/xenonkungen.com\/dk\/wp-json\/wp\/v2\/bilmarken?post=4461"},{"taxonomy":"product_brand","embeddable":true,"href":"https:\/\/xenonkungen.com\/dk\/wp-json\/wp\/v2\/product_brand?post=4461"},{"taxonomy":"product_cat","embeddable":true,"href":"https:\/\/xenonkungen.com\/dk\/wp-json\/wp\/v2\/product_cat?post=4461"},{"taxonomy":"product_tag","embeddable":true,"href":"https:\/\/xenonkungen.com\/dk\/wp-json\/wp\/v2\/product_tag?post=4461"}],"curies":[{"name":"wp","href":"https:\/\/api.w.org\/{rel}","templated":true}]}}