{"id":4535,"date":"2025-04-15T09:14:23","date_gmt":"2025-04-15T09:14:23","guid":{"rendered":"https:\/\/xenonkungen.com\/product\/meguiars-hybrid-ceramic-detailer\/"},"modified":"2026-04-11T01:17:08","modified_gmt":"2026-04-11T00:17:08","slug":"meguiars-hybrid-keramiske-detaljer","status":"publish","type":"product","link":"https:\/\/xenonkungen.com\/dk\/vare\/meguiars-hybrid-keramiske-detaljer\/","title":{"rendered":"Meguiar&#039;s Hybrid Ceramic Detailer"},"content":{"rendered":"<h1>Hybrid Keramisk Detailer<\/h1>\n<p>Dette er det perfekte produkt til at fjerne let snavs og st\u00f8v, samtidig med at det bevarer det nyvaskede look. Produktet efterlader et lag af hybrid SiO2 keramisk beskyttelse, der giver ekstrem vandafvisning og en utrolig glans.<\/p>\n<p>Perfekt som vedligeholdelse af din eksisterende beskyttelse!<\/p>\n<p><strong>Indhold (ml): <\/strong>710<\/p>\n<p><iframe loading=\"lazy\" height=\"314\" src=\"https:\/\/www.youtube.com\/embed\/1N4q0p0u71g\" width=\"560\" allowfullscreen=\"allowfullscreen\"><\/iframe><\/p>","protected":false},"excerpt":{"rendered":"<p>Det perfekte produkt til at fjerne let snavs og st\u00f8v og bevare det nyvaskede, superskinnende look. Bare spray p\u00e5 og t\u00f8r af, det kan ikke v\u00e6re nemmere!<\/p>","protected":false},"featured_media":4536,"comment_status":"closed","ping_status":"open","template":"","meta":{"_acf_changed":false,"_smort_price_nok":"319","_smort_price_dkk":"203","_smort_price_eur":"27.18","_smort_sale_price_nok":"","_smort_sale_price_dkk":"","_smort_sale_price_eur":"","smort_restorder":"","shipmondo_restorder":"","_kad_blocks_custom_css":"","_kad_blocks_head_custom_js":"","_kad_blocks_body_custom_js":"","_kad_blocks_footer_custom_js":"","smort_custom_pricelist_1":"191.36","smort_custom_pricelist_2":"191.36","smort_custom_pricelist_3":"181.79","smort_custom_pricelist_4":"239.2","smort_custom_pricelist_5":"191.36"},"anvandningsomrade":[],"bilmarken":[],"product_brand":[1383],"product_cat":[2623,378],"product_tag":[],"class_list":{"0":"post-4535","1":"product","2":"type-product","3":"status-publish","4":"has-post-thumbnail","6":"product_brand-meguiars","7":"product_cat-underhall","8":"product_cat-bilvard","10":"first","11":"onbackorder","12":"taxable","13":"shipping-taxable","14":"purchasable","15":"product-type-simple"},"bundled_by":[],"bundle_stock_status":"onbackorder","bundle_stock_quantity":0,"bundle_virtual":false,"bundle_layout":"","bundle_add_to_cart_form_location":"","bundle_editable_in_cart":false,"bundle_sold_individually_context":"","bundle_item_grouping":"","bundle_min_size":"","bundle_max_size":"","bundle_price":[],"bundled_items":[],"bundle_sell_ids":[],"acf":[],"yoast_head":"<!-- This site is optimized with the Yoast SEO plugin v27.0 - https:\/\/yoast.com\/product\/yoast-seo-wordpress\/ -->\n<title>Meguiar&#039;s Hybrid Ceramic Detailer - Xenonkungen<\/title>\n<meta name=\"robots\" content=\"index, follow, max-snippet:-1, max-image-preview:large, max-video-preview:-1\" \/>\n<link rel=\"canonical\" href=\"https:\/\/xenonkungen.com\/dk\/vare\/meguiars-hybrid-keramiske-detaljer\/\" \/>\n<meta property=\"og:locale\" content=\"da_DK\" \/>\n<meta property=\"og:type\" content=\"article\" \/>\n<meta property=\"og:title\" content=\"Meguiar&#039;s Hybrid Ceramic Detailer - Xenonkungen\" \/>\n<meta property=\"og:description\" content=\"Den perfekta produkten f\u00f6r att avl\u00e4gsna l\u00e4ttare smuts och damm samt beh\u00e5lla det d\u00e4r nytv\u00e4ttade, superblanka utseendet. Bara att spraya p\u00e5 och torka av, enklare blir det inte!\" \/>\n<meta property=\"og:url\" content=\"https:\/\/xenonkungen.com\/dk\/vare\/meguiars-hybrid-keramiske-detaljer\/\" \/>\n<meta property=\"og:site_name\" content=\"Xenonkungen\" \/>\n<meta property=\"article:modified_time\" content=\"2026-04-11T00:17:08+00:00\" \/>\n<meta property=\"og:image\" content=\"https:\/\/xenonkungen.com\/wp-content\/uploads\/2025\/04\/190088001-origpic-9e224c.png\" \/>\n\t<meta property=\"og:image:width\" content=\"210\" \/>\n\t<meta property=\"og:image:height\" content=\"600\" \/>\n\t<meta property=\"og:image:type\" content=\"image\/png\" \/>\n<meta name=\"twitter:card\" content=\"summary_large_image\" \/>\n<script type=\"application\/ld+json\" class=\"yoast-schema-graph\">{\"@context\":\"https:\/\/schema.org\",\"@graph\":[{\"@type\":\"WebPage\",\"@id\":\"https:\/\/xenonkungen.com\/produkt\/meguiars-hybrid-ceramic-detailer\/\",\"url\":\"https:\/\/xenonkungen.com\/produkt\/meguiars-hybrid-ceramic-detailer\/\",\"name\":\"Meguiar's Hybrid Ceramic Detailer - Xenonkungen\",\"isPartOf\":{\"@id\":\"https:\/\/xenonkungen.com\/#website\"},\"primaryImageOfPage\":{\"@id\":\"https:\/\/xenonkungen.com\/produkt\/meguiars-hybrid-ceramic-detailer\/#primaryimage\"},\"image\":{\"@id\":\"https:\/\/xenonkungen.com\/produkt\/meguiars-hybrid-ceramic-detailer\/#primaryimage\"},\"thumbnailUrl\":\"https:\/\/xenonkungen.com\/wp-content\/uploads\/2025\/04\/190088001-origpic-9e224c.png\",\"datePublished\":\"2025-04-15T09:14:23+00:00\",\"dateModified\":\"2026-04-11T00:17:08+00:00\",\"breadcrumb\":{\"@id\":\"https:\/\/xenonkungen.com\/produkt\/meguiars-hybrid-ceramic-detailer\/#breadcrumb\"},\"inLanguage\":\"da-DK\",\"potentialAction\":[{\"@type\":\"ReadAction\",\"target\":[\"https:\/\/xenonkungen.com\/produkt\/meguiars-hybrid-ceramic-detailer\/\"]}]},{\"@type\":\"ImageObject\",\"inLanguage\":\"da-DK\",\"@id\":\"https:\/\/xenonkungen.com\/produkt\/meguiars-hybrid-ceramic-detailer\/#primaryimage\",\"url\":\"https:\/\/xenonkungen.com\/wp-content\/uploads\/2025\/04\/190088001-origpic-9e224c.png\",\"contentUrl\":\"https:\/\/xenonkungen.com\/wp-content\/uploads\/2025\/04\/190088001-origpic-9e224c.png\",\"width\":210,\"height\":600},{\"@type\":\"BreadcrumbList\",\"@id\":\"https:\/\/xenonkungen.com\/produkt\/meguiars-hybrid-ceramic-detailer\/#breadcrumb\",\"itemListElement\":[{\"@type\":\"ListItem\",\"position\":1,\"name\":\"Hem\",\"item\":\"https:\/\/xenonkungen.com\/\"},{\"@type\":\"ListItem\",\"position\":2,\"name\":\"Shop\",\"item\":\"https:\/\/xenonkungen.com\/shop\/\"},{\"@type\":\"ListItem\",\"position\":3,\"name\":\"Meguiar&#8217;s Hybrid Ceramic Detailer\"}]},{\"@type\":\"WebSite\",\"@id\":\"https:\/\/xenonkungen.com\/#website\",\"url\":\"https:\/\/xenonkungen.com\/\",\"name\":\"Xenonkungen\",\"description\":\"\",\"potentialAction\":[{\"@type\":\"SearchAction\",\"target\":{\"@type\":\"EntryPoint\",\"urlTemplate\":\"https:\/\/xenonkungen.com\/?s={search_term_string}\"},\"query-input\":{\"@type\":\"PropertyValueSpecification\",\"valueRequired\":true,\"valueName\":\"search_term_string\"}}],\"inLanguage\":\"da-DK\"}]}<\/script>\n<!-- \/ Yoast SEO plugin. -->","yoast_head_json":{"title":"Meguiar&#039;s Hybrid Ceramic Detailer - Xenon King","robots":{"index":"index","follow":"follow","max-snippet":"max-snippet:-1","max-image-preview":"max-image-preview:large","max-video-preview":"max-video-preview:-1"},"canonical":"https:\/\/xenonkungen.com\/dk\/vare\/meguiars-hybrid-keramiske-detaljer\/","og_locale":"da_DK","og_type":"article","og_title":"Meguiar's Hybrid Ceramic Detailer - Xenonkungen","og_description":"Den perfekta produkten f\u00f6r att avl\u00e4gsna l\u00e4ttare smuts och damm samt beh\u00e5lla det d\u00e4r nytv\u00e4ttade, superblanka utseendet. Bara att spraya p\u00e5 och torka av, enklare blir det inte!","og_url":"https:\/\/xenonkungen.com\/dk\/vare\/meguiars-hybrid-keramiske-detaljer\/","og_site_name":"Xenonkungen","article_modified_time":"2026-04-11T00:17:08+00:00","og_image":[{"width":210,"height":600,"url":"https:\/\/xenonkungen.com\/wp-content\/uploads\/2025\/04\/190088001-origpic-9e224c.png","type":"image\/png"}],"twitter_card":"summary_large_image","schema":{"@context":"https:\/\/schema.org","@graph":[{"@type":"WebPage","@id":"https:\/\/xenonkungen.com\/produkt\/meguiars-hybrid-ceramic-detailer\/","url":"https:\/\/xenonkungen.com\/produkt\/meguiars-hybrid-ceramic-detailer\/","name":"Meguiar&#039;s Hybrid Ceramic Detailer - Xenon King","isPartOf":{"@id":"https:\/\/xenonkungen.com\/#website"},"primaryImageOfPage":{"@id":"https:\/\/xenonkungen.com\/produkt\/meguiars-hybrid-ceramic-detailer\/#primaryimage"},"image":{"@id":"https:\/\/xenonkungen.com\/produkt\/meguiars-hybrid-ceramic-detailer\/#primaryimage"},"thumbnailUrl":"https:\/\/xenonkungen.com\/wp-content\/uploads\/2025\/04\/190088001-origpic-9e224c.png","datePublished":"2025-04-15T09:14:23+00:00","dateModified":"2026-04-11T00:17:08+00:00","breadcrumb":{"@id":"https:\/\/xenonkungen.com\/produkt\/meguiars-hybrid-ceramic-detailer\/#breadcrumb"},"inLanguage":"da-DK","potentialAction":[{"@type":"ReadAction","target":["https:\/\/xenonkungen.com\/produkt\/meguiars-hybrid-ceramic-detailer\/"]}]},{"@type":"ImageObject","inLanguage":"da-DK","@id":"https:\/\/xenonkungen.com\/produkt\/meguiars-hybrid-ceramic-detailer\/#primaryimage","url":"https:\/\/xenonkungen.com\/wp-content\/uploads\/2025\/04\/190088001-origpic-9e224c.png","contentUrl":"https:\/\/xenonkungen.com\/wp-content\/uploads\/2025\/04\/190088001-origpic-9e224c.png","width":210,"height":600},{"@type":"BreadcrumbList","@id":"https:\/\/xenonkungen.com\/produkt\/meguiars-hybrid-ceramic-detailer\/#breadcrumb","itemListElement":[{"@type":"ListItem","position":1,"name":"Hem","item":"https:\/\/xenonkungen.com\/"},{"@type":"ListItem","position":2,"name":"Shop","item":"https:\/\/xenonkungen.com\/shop\/"},{"@type":"ListItem","position":3,"name":"Meguiar&#8217;s Hybrid Ceramic Detailer"}]},{"@type":"WebSite","@id":"https:\/\/xenonkungen.com\/#website","url":"https:\/\/xenonkungen.com\/","name":"Xenonkungen","description":"","potentialAction":[{"@type":"SearchAction","target":{"@type":"EntryPoint","urlTemplate":"https:\/\/xenonkungen.com\/?s={search_term_string}"},"query-input":{"@type":"PropertyValueSpecification","valueRequired":true,"valueName":"search_term_string"}}],"inLanguage":"da-DK"}]}},"taxonomy_info":{"product_brand":[{"value":1383,"label":"Meguiar's"}],"product_cat":[{"value":2623,"label":"5 | Underh\u00e5ll"},{"value":378,"label":"Bilv\u00e5rd"}]},"featured_image_src_large":["https:\/\/xenonkungen.com\/wp-content\/uploads\/2025\/04\/190088001-origpic-9e224c.png",210,600,false],"author_info":[],"comment_info":1,"_links":{"self":[{"href":"https:\/\/xenonkungen.com\/dk\/wp-json\/wp\/v2\/product\/4535","targetHints":{"allow":["GET"]}}],"collection":[{"href":"https:\/\/xenonkungen.com\/dk\/wp-json\/wp\/v2\/product"}],"about":[{"href":"https:\/\/xenonkungen.com\/dk\/wp-json\/wp\/v2\/types\/product"}],"replies":[{"embeddable":true,"href":"https:\/\/xenonkungen.com\/dk\/wp-json\/wp\/v2\/comments?post=4535"}],"wp:featuredmedia":[{"embeddable":true,"href":"https:\/\/xenonkungen.com\/dk\/wp-json\/wp\/v2\/media\/4536"}],"wp:attachment":[{"href":"https:\/\/xenonkungen.com\/dk\/wp-json\/wp\/v2\/media?parent=4535"}],"wp:term":[{"taxonomy":"anvandningsomrade","embeddable":true,"href":"https:\/\/xenonkungen.com\/dk\/wp-json\/wp\/v2\/anvandningsomrade?post=4535"},{"taxonomy":"bilmarken","embeddable":true,"href":"https:\/\/xenonkungen.com\/dk\/wp-json\/wp\/v2\/bilmarken?post=4535"},{"taxonomy":"product_brand","embeddable":true,"href":"https:\/\/xenonkungen.com\/dk\/wp-json\/wp\/v2\/product_brand?post=4535"},{"taxonomy":"product_cat","embeddable":true,"href":"https:\/\/xenonkungen.com\/dk\/wp-json\/wp\/v2\/product_cat?post=4535"},{"taxonomy":"product_tag","embeddable":true,"href":"https:\/\/xenonkungen.com\/dk\/wp-json\/wp\/v2\/product_tag?post=4535"}],"curies":[{"name":"wp","href":"https:\/\/api.w.org\/{rel}","templated":true}]}}