{"id":4539,"date":"2025-04-15T09:14:23","date_gmt":"2025-04-15T09:14:23","guid":{"rendered":"https:\/\/xenonkungen.com\/product\/meguiars-ultimate-quik-detailer-709ml\/"},"modified":"2026-03-26T11:05:14","modified_gmt":"2026-03-26T10:05:14","slug":"meguiars-ultimate-quick-details-709-ml","status":"publish","type":"product","link":"https:\/\/xenonkungen.com\/dk\/vare\/meguiars-ultimate-quick-details-709-ml\/","title":{"rendered":"Meguiar&#039;s Ultimate Quik Detailer 709ml"},"content":{"rendered":"<h1>Ultimativ Quick Detailer<\/h1>\n<p>Produktet renser, beskytter og giver en fremragende glans. Det skaber en beskyttende, vandafvisende overflade, samtidig med at det forbedrer den eksisterende bilvoks. Et sandt alt-i-et-produkt.<\/p>\n<p>Produktet er velegnet til alle bilens udvendige overflader, inklusive plastik- og glasoverflader. Et perfekt produkt, n\u00e5r du hurtigt \u00f8nsker at f\u00e5 mere glans og beskyttelse. Sm\u00f8rende formel, der fjerner let snavs s\u00e5som fingeraftryk, pollen og fugleklatter uden at ridse. Hydrofobisk polymerteknologi efterlader en snavs- og vandafvisende overflade, der ogs\u00e5 er meget skinnende. Dette g\u00f8r ogs\u00e5 bilen nemmere at holde ren.<\/p>\n<p>Spray produktet p\u00e5 overfladen og pol\u00e9r\/t\u00f8r af med en mikrofiberklud.<\/p>\n<p><strong>Indhold (ml):<\/strong> 709<\/p>","protected":false},"excerpt":{"rendered":"<p>Renser, beskytter og giver fremragende glans. Udstillernes favorit!<\/p>","protected":false},"featured_media":4540,"comment_status":"closed","ping_status":"closed","template":"","meta":{"_acf_changed":false,"_smort_price_nok":"238","_smort_price_dkk":"189","_smort_price_eur":"25.36","_smort_sale_price_nok":"238","_smort_sale_price_dkk":"","_smort_sale_price_eur":"20.27","smort_restorder":"","shipmondo_restorder":"","_kad_blocks_custom_css":"","_kad_blocks_head_custom_js":"","_kad_blocks_body_custom_js":"","_kad_blocks_footer_custom_js":"","smort_custom_pricelist_1":"178.56","smort_custom_pricelist_2":"178.56","smort_custom_pricelist_3":"169.63","smort_custom_pricelist_4":"223.2","smort_custom_pricelist_5":"178.56"},"anvandningsomrade":[],"bilmarken":[],"product_brand":[1383],"product_cat":[2623,2618,378],"product_tag":[],"class_list":{"0":"post-4539","1":"product","2":"type-product","3":"status-publish","4":"has-post-thumbnail","6":"product_brand-meguiars","7":"product_cat-underhall","8":"product_cat-interior","9":"product_cat-bilvard","11":"first","12":"onbackorder","13":"sale","14":"taxable","15":"shipping-taxable","16":"purchasable","17":"product-type-simple"},"bundled_by":[],"bundle_stock_status":"onbackorder","bundle_stock_quantity":0,"bundle_virtual":false,"bundle_layout":"","bundle_add_to_cart_form_location":"","bundle_editable_in_cart":false,"bundle_sold_individually_context":"","bundle_item_grouping":"","bundle_min_size":"","bundle_max_size":"","bundle_price":[],"bundled_items":[],"bundle_sell_ids":[],"acf":[],"yoast_head":"<!-- This site is optimized with the Yoast SEO plugin v27.0 - https:\/\/yoast.com\/product\/yoast-seo-wordpress\/ -->\n<title>Meguiar&#039;s Ultimate Quik Detailer 709ml - Xenonkungen<\/title>\n<meta name=\"robots\" content=\"index, follow, max-snippet:-1, max-image-preview:large, max-video-preview:-1\" \/>\n<link rel=\"canonical\" href=\"https:\/\/xenonkungen.com\/dk\/vare\/meguiars-ultimate-quick-details-709-ml\/\" \/>\n<meta property=\"og:locale\" content=\"da_DK\" \/>\n<meta property=\"og:type\" content=\"article\" \/>\n<meta property=\"og:title\" content=\"Meguiar&#039;s Ultimate Quik Detailer 709ml - Xenonkungen\" \/>\n<meta property=\"og:description\" content=\"Reng\u00f6r, skyddar och ger utm\u00e4rkt glans. Utst\u00e4llarnas favorit!\" \/>\n<meta property=\"og:url\" content=\"https:\/\/xenonkungen.com\/dk\/vare\/meguiars-ultimate-quick-details-709-ml\/\" \/>\n<meta property=\"og:site_name\" content=\"Xenonkungen\" \/>\n<meta property=\"article:modified_time\" content=\"2026-03-26T10:05:14+00:00\" \/>\n<meta property=\"og:image\" content=\"https:\/\/xenonkungen.com\/wp-content\/uploads\/2025\/04\/190088003-origpic-a35d99.png\" \/>\n\t<meta property=\"og:image:width\" content=\"221\" \/>\n\t<meta property=\"og:image:height\" content=\"600\" \/>\n\t<meta property=\"og:image:type\" content=\"image\/png\" \/>\n<meta name=\"twitter:card\" content=\"summary_large_image\" \/>\n<meta name=\"twitter:label1\" content=\"Estimeret l\u00e6setid\" \/>\n\t<meta name=\"twitter:data1\" content=\"1 minut\" \/>\n<script type=\"application\/ld+json\" class=\"yoast-schema-graph\">{\"@context\":\"https:\/\/schema.org\",\"@graph\":[{\"@type\":\"WebPage\",\"@id\":\"https:\/\/xenonkungen.com\/produkt\/meguiars-ultimate-quik-detailer-709ml\/\",\"url\":\"https:\/\/xenonkungen.com\/produkt\/meguiars-ultimate-quik-detailer-709ml\/\",\"name\":\"Meguiar's Ultimate Quik Detailer 709ml - Xenonkungen\",\"isPartOf\":{\"@id\":\"https:\/\/xenonkungen.com\/#website\"},\"primaryImageOfPage\":{\"@id\":\"https:\/\/xenonkungen.com\/produkt\/meguiars-ultimate-quik-detailer-709ml\/#primaryimage\"},\"image\":{\"@id\":\"https:\/\/xenonkungen.com\/produkt\/meguiars-ultimate-quik-detailer-709ml\/#primaryimage\"},\"thumbnailUrl\":\"https:\/\/xenonkungen.com\/wp-content\/uploads\/2025\/04\/190088003-origpic-a35d99.png\",\"datePublished\":\"2025-04-15T09:14:23+00:00\",\"dateModified\":\"2026-03-26T10:05:14+00:00\",\"breadcrumb\":{\"@id\":\"https:\/\/xenonkungen.com\/produkt\/meguiars-ultimate-quik-detailer-709ml\/#breadcrumb\"},\"inLanguage\":\"da-DK\",\"potentialAction\":[{\"@type\":\"ReadAction\",\"target\":[\"https:\/\/xenonkungen.com\/produkt\/meguiars-ultimate-quik-detailer-709ml\/\"]}]},{\"@type\":\"ImageObject\",\"inLanguage\":\"da-DK\",\"@id\":\"https:\/\/xenonkungen.com\/produkt\/meguiars-ultimate-quik-detailer-709ml\/#primaryimage\",\"url\":\"https:\/\/xenonkungen.com\/wp-content\/uploads\/2025\/04\/190088003-origpic-a35d99.png\",\"contentUrl\":\"https:\/\/xenonkungen.com\/wp-content\/uploads\/2025\/04\/190088003-origpic-a35d99.png\",\"width\":221,\"height\":600},{\"@type\":\"BreadcrumbList\",\"@id\":\"https:\/\/xenonkungen.com\/produkt\/meguiars-ultimate-quik-detailer-709ml\/#breadcrumb\",\"itemListElement\":[{\"@type\":\"ListItem\",\"position\":1,\"name\":\"Hem\",\"item\":\"https:\/\/xenonkungen.com\/\"},{\"@type\":\"ListItem\",\"position\":2,\"name\":\"Shop\",\"item\":\"https:\/\/xenonkungen.com\/shop\/\"},{\"@type\":\"ListItem\",\"position\":3,\"name\":\"Meguiar&#8217;s Ultimate Quik Detailer 709ml\"}]},{\"@type\":\"WebSite\",\"@id\":\"https:\/\/xenonkungen.com\/#website\",\"url\":\"https:\/\/xenonkungen.com\/\",\"name\":\"Xenonkungen\",\"description\":\"\",\"potentialAction\":[{\"@type\":\"SearchAction\",\"target\":{\"@type\":\"EntryPoint\",\"urlTemplate\":\"https:\/\/xenonkungen.com\/?s={search_term_string}\"},\"query-input\":{\"@type\":\"PropertyValueSpecification\",\"valueRequired\":true,\"valueName\":\"search_term_string\"}}],\"inLanguage\":\"da-DK\"}]}<\/script>\n<!-- \/ Yoast SEO plugin. -->","yoast_head_json":{"title":"Meguiar&#039;s Ultimate Quik Detailer 709ml - Xenon Kongen","robots":{"index":"index","follow":"follow","max-snippet":"max-snippet:-1","max-image-preview":"max-image-preview:large","max-video-preview":"max-video-preview:-1"},"canonical":"https:\/\/xenonkungen.com\/dk\/vare\/meguiars-ultimate-quick-details-709-ml\/","og_locale":"da_DK","og_type":"article","og_title":"Meguiar's Ultimate Quik Detailer 709ml - Xenonkungen","og_description":"Reng\u00f6r, skyddar och ger utm\u00e4rkt glans. Utst\u00e4llarnas favorit!","og_url":"https:\/\/xenonkungen.com\/dk\/vare\/meguiars-ultimate-quick-details-709-ml\/","og_site_name":"Xenonkungen","article_modified_time":"2026-03-26T10:05:14+00:00","og_image":[{"width":221,"height":600,"url":"https:\/\/xenonkungen.com\/wp-content\/uploads\/2025\/04\/190088003-origpic-a35d99.png","type":"image\/png"}],"twitter_card":"summary_large_image","twitter_misc":{"Estimeret l\u00e6setid":"1 minut"},"schema":{"@context":"https:\/\/schema.org","@graph":[{"@type":"WebPage","@id":"https:\/\/xenonkungen.com\/produkt\/meguiars-ultimate-quik-detailer-709ml\/","url":"https:\/\/xenonkungen.com\/produkt\/meguiars-ultimate-quik-detailer-709ml\/","name":"Meguiar&#039;s Ultimate Quik Detailer 709ml - Xenon Kongen","isPartOf":{"@id":"https:\/\/xenonkungen.com\/#website"},"primaryImageOfPage":{"@id":"https:\/\/xenonkungen.com\/produkt\/meguiars-ultimate-quik-detailer-709ml\/#primaryimage"},"image":{"@id":"https:\/\/xenonkungen.com\/produkt\/meguiars-ultimate-quik-detailer-709ml\/#primaryimage"},"thumbnailUrl":"https:\/\/xenonkungen.com\/wp-content\/uploads\/2025\/04\/190088003-origpic-a35d99.png","datePublished":"2025-04-15T09:14:23+00:00","dateModified":"2026-03-26T10:05:14+00:00","breadcrumb":{"@id":"https:\/\/xenonkungen.com\/produkt\/meguiars-ultimate-quik-detailer-709ml\/#breadcrumb"},"inLanguage":"da-DK","potentialAction":[{"@type":"ReadAction","target":["https:\/\/xenonkungen.com\/produkt\/meguiars-ultimate-quik-detailer-709ml\/"]}]},{"@type":"ImageObject","inLanguage":"da-DK","@id":"https:\/\/xenonkungen.com\/produkt\/meguiars-ultimate-quik-detailer-709ml\/#primaryimage","url":"https:\/\/xenonkungen.com\/wp-content\/uploads\/2025\/04\/190088003-origpic-a35d99.png","contentUrl":"https:\/\/xenonkungen.com\/wp-content\/uploads\/2025\/04\/190088003-origpic-a35d99.png","width":221,"height":600},{"@type":"BreadcrumbList","@id":"https:\/\/xenonkungen.com\/produkt\/meguiars-ultimate-quik-detailer-709ml\/#breadcrumb","itemListElement":[{"@type":"ListItem","position":1,"name":"Hem","item":"https:\/\/xenonkungen.com\/"},{"@type":"ListItem","position":2,"name":"Shop","item":"https:\/\/xenonkungen.com\/shop\/"},{"@type":"ListItem","position":3,"name":"Meguiar&#8217;s Ultimate Quik Detailer 709ml"}]},{"@type":"WebSite","@id":"https:\/\/xenonkungen.com\/#website","url":"https:\/\/xenonkungen.com\/","name":"Xenonkungen","description":"","potentialAction":[{"@type":"SearchAction","target":{"@type":"EntryPoint","urlTemplate":"https:\/\/xenonkungen.com\/?s={search_term_string}"},"query-input":{"@type":"PropertyValueSpecification","valueRequired":true,"valueName":"search_term_string"}}],"inLanguage":"da-DK"}]}},"taxonomy_info":{"product_brand":[{"value":1383,"label":"Meguiar's"}],"product_cat":[{"value":2623,"label":"5 | Underh\u00e5ll"},{"value":2618,"label":"Interi\u00f6r"},{"value":378,"label":"Bilv\u00e5rd"}]},"featured_image_src_large":["https:\/\/xenonkungen.com\/wp-content\/uploads\/2025\/04\/190088003-origpic-a35d99.png",221,600,false],"author_info":[],"comment_info":0,"_links":{"self":[{"href":"https:\/\/xenonkungen.com\/dk\/wp-json\/wp\/v2\/product\/4539","targetHints":{"allow":["GET"]}}],"collection":[{"href":"https:\/\/xenonkungen.com\/dk\/wp-json\/wp\/v2\/product"}],"about":[{"href":"https:\/\/xenonkungen.com\/dk\/wp-json\/wp\/v2\/types\/product"}],"replies":[{"embeddable":true,"href":"https:\/\/xenonkungen.com\/dk\/wp-json\/wp\/v2\/comments?post=4539"}],"wp:featuredmedia":[{"embeddable":true,"href":"https:\/\/xenonkungen.com\/dk\/wp-json\/wp\/v2\/media\/4540"}],"wp:attachment":[{"href":"https:\/\/xenonkungen.com\/dk\/wp-json\/wp\/v2\/media?parent=4539"}],"wp:term":[{"taxonomy":"anvandningsomrade","embeddable":true,"href":"https:\/\/xenonkungen.com\/dk\/wp-json\/wp\/v2\/anvandningsomrade?post=4539"},{"taxonomy":"bilmarken","embeddable":true,"href":"https:\/\/xenonkungen.com\/dk\/wp-json\/wp\/v2\/bilmarken?post=4539"},{"taxonomy":"product_brand","embeddable":true,"href":"https:\/\/xenonkungen.com\/dk\/wp-json\/wp\/v2\/product_brand?post=4539"},{"taxonomy":"product_cat","embeddable":true,"href":"https:\/\/xenonkungen.com\/dk\/wp-json\/wp\/v2\/product_cat?post=4539"},{"taxonomy":"product_tag","embeddable":true,"href":"https:\/\/xenonkungen.com\/dk\/wp-json\/wp\/v2\/product_tag?post=4539"}],"curies":[{"name":"wp","href":"https:\/\/api.w.org\/{rel}","templated":true}]}}