{"id":4627,"date":"2025-04-15T09:15:32","date_gmt":"2025-04-15T09:15:32","guid":{"rendered":"https:\/\/xenonkungen.com\/product\/meguiars-rotary-foam-finishing-pad-7\/"},"modified":"2026-04-11T01:20:14","modified_gmt":"2026-04-11T00:20:14","slug":"meguiars-roterende-skumfinishpad-7","status":"publish","type":"product","link":"https:\/\/xenonkungen.com\/dk\/vare\/meguiars-roterende-skumfinishpad-7\/","title":{"rendered":"Meguiar&#039;s roterende skumfinishpad 7\u2033"},"content":{"rendered":"<h1>Roterende skumfinishpude 7\u2032<\/h1>\n<p>Det perfekte valg til at fjerne mindre defekter og opbygge en spejlblank finish. Lavet til brug med enhver Meguiar&#039;s voks eller polermiddel. Specielt designet til brug med en roterende polermaskine. St\u00f8bt for nem centrering. Lavet med beskyttende kanter for at forhindre defekter. Lamineret bagside \u00f8ger holdbarheden og forhindrer velcroen i at slides op, f\u00f8r polerskiven er brugt op. Perfekt til brug med din roterende polermaskine.<\/p>\n<p>7\u2033 \/ 175 mm.<\/p>\n<p>Kan vaskes i vaskemaskine.<\/p>","protected":false},"excerpt":{"rendered":"<p>Det perfekte valg til at fjerne mindre defekter og opbygge en spejlblank finish. Lavet til brug med enhver Meguiar&#039;s voks eller polermiddel. Specielt formuleret til brug med en roterende polermaskine. St\u00f8bt for nem centrering. Lavet med beskyttende kanter for at forhindre defekter.<\/p>","protected":false},"featured_media":4628,"comment_status":"closed","ping_status":"open","template":"","meta":{"_acf_changed":false,"_smort_price_nok":"373","_smort_price_dkk":"237","_smort_price_eur":"31.73","_smort_sale_price_nok":"","_smort_sale_price_dkk":"","_smort_sale_price_eur":"","smort_restorder":"","shipmondo_restorder":"","_kad_blocks_custom_css":"","_kad_blocks_head_custom_js":"","_kad_blocks_body_custom_js":"","_kad_blocks_footer_custom_js":"","smort_custom_pricelist_1":"251.28","smort_custom_pricelist_2":"204.16","smort_custom_pricelist_3":"204.16","smort_custom_pricelist_4":"279.2","smort_custom_pricelist_5":"204.16"},"anvandningsomrade":[],"bilmarken":[],"product_brand":[1383],"product_cat":[2617,2615,378],"product_tag":[],"class_list":{"0":"post-4627","1":"product","2":"type-product","3":"status-publish","4":"has-post-thumbnail","6":"product_brand-meguiars","7":"product_cat-polering","8":"product_cat-polertrissor","9":"product_cat-bilvard","10":"pa_storlek-mm-1392","12":"first","13":"onbackorder","14":"taxable","15":"shipping-taxable","16":"purchasable","17":"product-type-simple"},"bundled_by":[],"bundle_stock_status":"onbackorder","bundle_stock_quantity":0,"bundle_virtual":false,"bundle_layout":"","bundle_add_to_cart_form_location":"","bundle_editable_in_cart":false,"bundle_sold_individually_context":"","bundle_item_grouping":"","bundle_min_size":"","bundle_max_size":"","bundle_price":[],"bundled_items":[],"bundle_sell_ids":[],"acf":[],"yoast_head":"<!-- This site is optimized with the Yoast SEO plugin v27.0 - https:\/\/yoast.com\/product\/yoast-seo-wordpress\/ -->\n<title>Meguiar&#039;s Rotary Foam Finishing Pad 7&quot; - Xenonkungen<\/title>\n<meta name=\"robots\" content=\"index, follow, max-snippet:-1, max-image-preview:large, max-video-preview:-1\" \/>\n<link rel=\"canonical\" href=\"https:\/\/xenonkungen.com\/dk\/vare\/meguiars-roterende-skumfinishpad-7\/\" \/>\n<meta property=\"og:locale\" content=\"da_DK\" \/>\n<meta property=\"og:type\" content=\"article\" \/>\n<meta property=\"og:title\" content=\"Meguiar&#039;s Rotary Foam Finishing Pad 7&quot; - Xenonkungen\" \/>\n<meta property=\"og:description\" content=\"Det perfekta valet f\u00f6r att avl\u00e4gsna mindre defekter och bygga en spegelblank yta. Tillverkad f\u00f6r att anv\u00e4ndas med valfritt Meguiar\u2019s vax eller lackskydd. Specialtillverkad f\u00f6r anv\u00e4ndning tillsammans med en roterande polermaskin. Formgjuten f\u00f6r enkel centrering. Tillverkad med skyddskanter f\u00f6r att motverka defekter.\" \/>\n<meta property=\"og:url\" content=\"https:\/\/xenonkungen.com\/dk\/vare\/meguiars-roterende-skumfinishpad-7\/\" \/>\n<meta property=\"og:site_name\" content=\"Xenonkungen\" \/>\n<meta property=\"article:modified_time\" content=\"2026-04-11T00:20:14+00:00\" \/>\n<meta property=\"og:image\" content=\"https:\/\/xenonkungen.com\/wp-content\/uploads\/2025\/04\/190087943-origpic-0f5748.png\" \/>\n\t<meta property=\"og:image:width\" content=\"1276\" \/>\n\t<meta property=\"og:image:height\" content=\"1269\" \/>\n\t<meta property=\"og:image:type\" content=\"image\/png\" \/>\n<meta name=\"twitter:card\" content=\"summary_large_image\" \/>\n<script type=\"application\/ld+json\" class=\"yoast-schema-graph\">{\"@context\":\"https:\/\/schema.org\",\"@graph\":[{\"@type\":\"WebPage\",\"@id\":\"https:\/\/xenonkungen.com\/produkt\/meguiars-rotary-foam-finishing-pad-7\/\",\"url\":\"https:\/\/xenonkungen.com\/produkt\/meguiars-rotary-foam-finishing-pad-7\/\",\"name\":\"Meguiar's Rotary Foam Finishing Pad 7\\\" - Xenonkungen\",\"isPartOf\":{\"@id\":\"https:\/\/xenonkungen.com\/#website\"},\"primaryImageOfPage\":{\"@id\":\"https:\/\/xenonkungen.com\/produkt\/meguiars-rotary-foam-finishing-pad-7\/#primaryimage\"},\"image\":{\"@id\":\"https:\/\/xenonkungen.com\/produkt\/meguiars-rotary-foam-finishing-pad-7\/#primaryimage\"},\"thumbnailUrl\":\"https:\/\/xenonkungen.com\/wp-content\/uploads\/2025\/04\/190087943-origpic-0f5748.png\",\"datePublished\":\"2025-04-15T09:15:32+00:00\",\"dateModified\":\"2026-04-11T00:20:14+00:00\",\"breadcrumb\":{\"@id\":\"https:\/\/xenonkungen.com\/produkt\/meguiars-rotary-foam-finishing-pad-7\/#breadcrumb\"},\"inLanguage\":\"da-DK\",\"potentialAction\":[{\"@type\":\"ReadAction\",\"target\":[\"https:\/\/xenonkungen.com\/produkt\/meguiars-rotary-foam-finishing-pad-7\/\"]}]},{\"@type\":\"ImageObject\",\"inLanguage\":\"da-DK\",\"@id\":\"https:\/\/xenonkungen.com\/produkt\/meguiars-rotary-foam-finishing-pad-7\/#primaryimage\",\"url\":\"https:\/\/xenonkungen.com\/wp-content\/uploads\/2025\/04\/190087943-origpic-0f5748.png\",\"contentUrl\":\"https:\/\/xenonkungen.com\/wp-content\/uploads\/2025\/04\/190087943-origpic-0f5748.png\",\"width\":1276,\"height\":1269},{\"@type\":\"BreadcrumbList\",\"@id\":\"https:\/\/xenonkungen.com\/produkt\/meguiars-rotary-foam-finishing-pad-7\/#breadcrumb\",\"itemListElement\":[{\"@type\":\"ListItem\",\"position\":1,\"name\":\"Hem\",\"item\":\"https:\/\/xenonkungen.com\/\"},{\"@type\":\"ListItem\",\"position\":2,\"name\":\"Shop\",\"item\":\"https:\/\/xenonkungen.com\/shop\/\"},{\"@type\":\"ListItem\",\"position\":3,\"name\":\"Meguiar&#8217;s Rotary Foam Finishing Pad 7&#8243;\"}]},{\"@type\":\"WebSite\",\"@id\":\"https:\/\/xenonkungen.com\/#website\",\"url\":\"https:\/\/xenonkungen.com\/\",\"name\":\"Xenonkungen\",\"description\":\"\",\"potentialAction\":[{\"@type\":\"SearchAction\",\"target\":{\"@type\":\"EntryPoint\",\"urlTemplate\":\"https:\/\/xenonkungen.com\/?s={search_term_string}\"},\"query-input\":{\"@type\":\"PropertyValueSpecification\",\"valueRequired\":true,\"valueName\":\"search_term_string\"}}],\"inLanguage\":\"da-DK\"}]}<\/script>\n<!-- \/ Yoast SEO plugin. -->","yoast_head_json":{"title":"Meguiar&#039;s Rotary Foam Finishing Pad 7&quot; - Xenon King","robots":{"index":"index","follow":"follow","max-snippet":"max-snippet:-1","max-image-preview":"max-image-preview:large","max-video-preview":"max-video-preview:-1"},"canonical":"https:\/\/xenonkungen.com\/dk\/vare\/meguiars-roterende-skumfinishpad-7\/","og_locale":"da_DK","og_type":"article","og_title":"Meguiar's Rotary Foam Finishing Pad 7\" - Xenonkungen","og_description":"Det perfekta valet f\u00f6r att avl\u00e4gsna mindre defekter och bygga en spegelblank yta. Tillverkad f\u00f6r att anv\u00e4ndas med valfritt Meguiar\u2019s vax eller lackskydd. Specialtillverkad f\u00f6r anv\u00e4ndning tillsammans med en roterande polermaskin. Formgjuten f\u00f6r enkel centrering. Tillverkad med skyddskanter f\u00f6r att motverka defekter.","og_url":"https:\/\/xenonkungen.com\/dk\/vare\/meguiars-roterende-skumfinishpad-7\/","og_site_name":"Xenonkungen","article_modified_time":"2026-04-11T00:20:14+00:00","og_image":[{"width":1276,"height":1269,"url":"https:\/\/xenonkungen.com\/wp-content\/uploads\/2025\/04\/190087943-origpic-0f5748.png","type":"image\/png"}],"twitter_card":"summary_large_image","schema":{"@context":"https:\/\/schema.org","@graph":[{"@type":"WebPage","@id":"https:\/\/xenonkungen.com\/produkt\/meguiars-rotary-foam-finishing-pad-7\/","url":"https:\/\/xenonkungen.com\/produkt\/meguiars-rotary-foam-finishing-pad-7\/","name":"Meguiar&#039;s Rotary Foam Finishing Pad 7&quot; - Xenon King","isPartOf":{"@id":"https:\/\/xenonkungen.com\/#website"},"primaryImageOfPage":{"@id":"https:\/\/xenonkungen.com\/produkt\/meguiars-rotary-foam-finishing-pad-7\/#primaryimage"},"image":{"@id":"https:\/\/xenonkungen.com\/produkt\/meguiars-rotary-foam-finishing-pad-7\/#primaryimage"},"thumbnailUrl":"https:\/\/xenonkungen.com\/wp-content\/uploads\/2025\/04\/190087943-origpic-0f5748.png","datePublished":"2025-04-15T09:15:32+00:00","dateModified":"2026-04-11T00:20:14+00:00","breadcrumb":{"@id":"https:\/\/xenonkungen.com\/produkt\/meguiars-rotary-foam-finishing-pad-7\/#breadcrumb"},"inLanguage":"da-DK","potentialAction":[{"@type":"ReadAction","target":["https:\/\/xenonkungen.com\/produkt\/meguiars-rotary-foam-finishing-pad-7\/"]}]},{"@type":"ImageObject","inLanguage":"da-DK","@id":"https:\/\/xenonkungen.com\/produkt\/meguiars-rotary-foam-finishing-pad-7\/#primaryimage","url":"https:\/\/xenonkungen.com\/wp-content\/uploads\/2025\/04\/190087943-origpic-0f5748.png","contentUrl":"https:\/\/xenonkungen.com\/wp-content\/uploads\/2025\/04\/190087943-origpic-0f5748.png","width":1276,"height":1269},{"@type":"BreadcrumbList","@id":"https:\/\/xenonkungen.com\/produkt\/meguiars-rotary-foam-finishing-pad-7\/#breadcrumb","itemListElement":[{"@type":"ListItem","position":1,"name":"Hem","item":"https:\/\/xenonkungen.com\/"},{"@type":"ListItem","position":2,"name":"Shop","item":"https:\/\/xenonkungen.com\/shop\/"},{"@type":"ListItem","position":3,"name":"Meguiar&#8217;s Rotary Foam Finishing Pad 7&#8243;"}]},{"@type":"WebSite","@id":"https:\/\/xenonkungen.com\/#website","url":"https:\/\/xenonkungen.com\/","name":"Xenonkungen","description":"","potentialAction":[{"@type":"SearchAction","target":{"@type":"EntryPoint","urlTemplate":"https:\/\/xenonkungen.com\/?s={search_term_string}"},"query-input":{"@type":"PropertyValueSpecification","valueRequired":true,"valueName":"search_term_string"}}],"inLanguage":"da-DK"}]}},"taxonomy_info":{"product_brand":[{"value":1383,"label":"Meguiar's"}],"product_cat":[{"value":2617,"label":"3 | Polering"},{"value":2615,"label":"Polertrissor"},{"value":378,"label":"Bilv\u00e5rd"}],"pa_storlek-mm":[{"value":1392,"label":"175"}]},"featured_image_src_large":["https:\/\/xenonkungen.com\/wp-content\/uploads\/2025\/04\/190087943-origpic-0f5748-1024x1018.png",1024,1018,true],"author_info":[],"comment_info":0,"_links":{"self":[{"href":"https:\/\/xenonkungen.com\/dk\/wp-json\/wp\/v2\/product\/4627","targetHints":{"allow":["GET"]}}],"collection":[{"href":"https:\/\/xenonkungen.com\/dk\/wp-json\/wp\/v2\/product"}],"about":[{"href":"https:\/\/xenonkungen.com\/dk\/wp-json\/wp\/v2\/types\/product"}],"replies":[{"embeddable":true,"href":"https:\/\/xenonkungen.com\/dk\/wp-json\/wp\/v2\/comments?post=4627"}],"wp:featuredmedia":[{"embeddable":true,"href":"https:\/\/xenonkungen.com\/dk\/wp-json\/wp\/v2\/media\/4628"}],"wp:attachment":[{"href":"https:\/\/xenonkungen.com\/dk\/wp-json\/wp\/v2\/media?parent=4627"}],"wp:term":[{"taxonomy":"anvandningsomrade","embeddable":true,"href":"https:\/\/xenonkungen.com\/dk\/wp-json\/wp\/v2\/anvandningsomrade?post=4627"},{"taxonomy":"bilmarken","embeddable":true,"href":"https:\/\/xenonkungen.com\/dk\/wp-json\/wp\/v2\/bilmarken?post=4627"},{"taxonomy":"product_brand","embeddable":true,"href":"https:\/\/xenonkungen.com\/dk\/wp-json\/wp\/v2\/product_brand?post=4627"},{"taxonomy":"product_cat","embeddable":true,"href":"https:\/\/xenonkungen.com\/dk\/wp-json\/wp\/v2\/product_cat?post=4627"},{"taxonomy":"product_tag","embeddable":true,"href":"https:\/\/xenonkungen.com\/dk\/wp-json\/wp\/v2\/product_tag?post=4627"}],"curies":[{"name":"wp","href":"https:\/\/api.w.org\/{rel}","templated":true}]}}