{"id":4675,"date":"2025-04-15T09:16:47","date_gmt":"2025-04-15T09:16:47","guid":{"rendered":"https:\/\/xenonkungen.com\/product\/meguiars-supreme-shine-microfiber-3-p\/"},"modified":"2026-04-24T17:33:47","modified_gmt":"2026-04-24T16:33:47","slug":"meguiars-supreme-shine-microfiber-3-stk","status":"publish","type":"product","link":"https:\/\/xenonkungen.com\/dk\/vare\/meguiars-supreme-shine-microfiber-3-stk\/","title":{"rendered":"Meguiar's Supreme Shine Mikrofiber 3-p"},"content":{"rendered":"<h1>Supreme Shine mikrofiberh\u00e5ndkl\u00e6de<\/h1>\n<p><span>Vaskbare mikrofiberklude af h\u00f8j kvalitet med en dobbelt mikrofiberflap, der absorberer store m\u00e6ngder. Den s\u00e6rlige fiberstruktur g\u00f8r det meget nemmere at fjerne f.eks. polishrester, voksrester og interi\u00f8rmidler. Ingen risiko for t\u00f8rreridser. Robust klud, 40*60 cm.<\/span><\/p>\n<p>Kan vaskes i maskine, <span>40-60 grader - helst med flydende vaskemiddel, men uden skyllemiddel.<\/span><\/p>\n<p><strong>Indhold:<\/strong> 3-pak<\/p>","protected":false},"excerpt":{"rendered":"<p>Mikrofiberklude af h\u00f8j kvalitet, 40*60 cm<\/p>","protected":false},"featured_media":4676,"comment_status":"closed","ping_status":"open","template":"","meta":{"_acf_changed":false,"_smort_price_nok":"309","_smort_price_dkk":"196","_smort_price_eur":"26.27","_smort_sale_price_nok":"","_smort_sale_price_dkk":"","_smort_sale_price_eur":"","smort_restorder":"","shipmondo_restorder":"","_kad_blocks_custom_css":"","_kad_blocks_head_custom_js":"","_kad_blocks_body_custom_js":"","_kad_blocks_footer_custom_js":"","smort_custom_pricelist_1":"184.96","smort_custom_pricelist_2":"184.96","smort_custom_pricelist_3":"175.71","smort_custom_pricelist_4":"231.2","smort_custom_pricelist_5":"184.96"},"anvandningsomrade":[],"bilmarken":[],"product_brand":[1383],"product_cat":[2450,378],"product_tag":[],"class_list":{"0":"post-4675","1":"product","2":"type-product","3":"status-publish","4":"has-post-thumbnail","6":"product_brand-meguiars","7":"product_cat-tillbehor-bilvard","8":"product_cat-bilvard","9":"pa_storlek-mm-400x600","11":"first","12":"onbackorder","13":"taxable","14":"shipping-taxable","15":"purchasable","16":"product-type-simple"},"bundled_by":[],"bundle_stock_status":"onbackorder","bundle_stock_quantity":0,"bundle_virtual":false,"bundle_layout":"","bundle_add_to_cart_form_location":"","bundle_editable_in_cart":false,"bundle_sold_individually_context":"","bundle_item_grouping":"","bundle_min_size":"","bundle_max_size":"","bundle_price":[],"bundled_items":[],"bundle_sell_ids":[],"acf":[],"yoast_head":"<!-- This site is optimized with the Yoast SEO plugin v27.0 - https:\/\/yoast.com\/product\/yoast-seo-wordpress\/ -->\n<title>Meguiar&#039;s Supreme Shine Microfiber 3-p - Xenonkungen<\/title>\n<meta name=\"robots\" content=\"index, follow, max-snippet:-1, max-image-preview:large, max-video-preview:-1\" \/>\n<link rel=\"canonical\" href=\"https:\/\/xenonkungen.com\/dk\/vare\/meguiars-supreme-shine-microfiber-3-stk\/\" \/>\n<meta property=\"og:locale\" content=\"da_DK\" \/>\n<meta property=\"og:type\" content=\"article\" \/>\n<meta property=\"og:title\" content=\"Meguiar&#039;s Supreme Shine Microfiber 3-p - Xenonkungen\" \/>\n<meta property=\"og:description\" content=\"Mikrofiberdukar i h\u00f6gsta kvalit\u00e9, 40*60 cm\" \/>\n<meta property=\"og:url\" content=\"https:\/\/xenonkungen.com\/dk\/vare\/meguiars-supreme-shine-microfiber-3-stk\/\" \/>\n<meta property=\"og:site_name\" content=\"Xenonkungen\" \/>\n<meta property=\"article:modified_time\" content=\"2026-04-24T16:33:47+00:00\" \/>\n<meta property=\"og:image\" content=\"https:\/\/xenonkungen.com\/wp-content\/uploads\/2025\/04\/190087947-origpic-5b0bc0.png\" \/>\n\t<meta property=\"og:image:width\" content=\"1100\" \/>\n\t<meta property=\"og:image:height\" content=\"2125\" \/>\n\t<meta property=\"og:image:type\" content=\"image\/png\" \/>\n<meta name=\"twitter:card\" content=\"summary_large_image\" \/>\n<script type=\"application\/ld+json\" class=\"yoast-schema-graph\">{\"@context\":\"https:\/\/schema.org\",\"@graph\":[{\"@type\":\"WebPage\",\"@id\":\"https:\/\/xenonkungen.com\/produkt\/meguiars-supreme-shine-microfiber-3-p\/\",\"url\":\"https:\/\/xenonkungen.com\/produkt\/meguiars-supreme-shine-microfiber-3-p\/\",\"name\":\"Meguiar's Supreme Shine Microfiber 3-p - Xenonkungen\",\"isPartOf\":{\"@id\":\"https:\/\/xenonkungen.com\/#website\"},\"primaryImageOfPage\":{\"@id\":\"https:\/\/xenonkungen.com\/produkt\/meguiars-supreme-shine-microfiber-3-p\/#primaryimage\"},\"image\":{\"@id\":\"https:\/\/xenonkungen.com\/produkt\/meguiars-supreme-shine-microfiber-3-p\/#primaryimage\"},\"thumbnailUrl\":\"https:\/\/xenonkungen.com\/wp-content\/uploads\/2025\/04\/190087947-origpic-5b0bc0.png\",\"datePublished\":\"2025-04-15T09:16:47+00:00\",\"dateModified\":\"2026-04-24T16:33:47+00:00\",\"breadcrumb\":{\"@id\":\"https:\/\/xenonkungen.com\/produkt\/meguiars-supreme-shine-microfiber-3-p\/#breadcrumb\"},\"inLanguage\":\"da-DK\",\"potentialAction\":[{\"@type\":\"ReadAction\",\"target\":[\"https:\/\/xenonkungen.com\/produkt\/meguiars-supreme-shine-microfiber-3-p\/\"]}]},{\"@type\":\"ImageObject\",\"inLanguage\":\"da-DK\",\"@id\":\"https:\/\/xenonkungen.com\/produkt\/meguiars-supreme-shine-microfiber-3-p\/#primaryimage\",\"url\":\"https:\/\/xenonkungen.com\/wp-content\/uploads\/2025\/04\/190087947-origpic-5b0bc0.png\",\"contentUrl\":\"https:\/\/xenonkungen.com\/wp-content\/uploads\/2025\/04\/190087947-origpic-5b0bc0.png\",\"width\":1100,\"height\":2125},{\"@type\":\"BreadcrumbList\",\"@id\":\"https:\/\/xenonkungen.com\/produkt\/meguiars-supreme-shine-microfiber-3-p\/#breadcrumb\",\"itemListElement\":[{\"@type\":\"ListItem\",\"position\":1,\"name\":\"Hem\",\"item\":\"https:\/\/xenonkungen.com\/\"},{\"@type\":\"ListItem\",\"position\":2,\"name\":\"Shop\",\"item\":\"https:\/\/xenonkungen.com\/shop\/\"},{\"@type\":\"ListItem\",\"position\":3,\"name\":\"Meguiar&#8217;s Supreme Shine Microfiber 3-p\"}]},{\"@type\":\"WebSite\",\"@id\":\"https:\/\/xenonkungen.com\/#website\",\"url\":\"https:\/\/xenonkungen.com\/\",\"name\":\"Xenonkungen\",\"description\":\"\",\"potentialAction\":[{\"@type\":\"SearchAction\",\"target\":{\"@type\":\"EntryPoint\",\"urlTemplate\":\"https:\/\/xenonkungen.com\/?s={search_term_string}\"},\"query-input\":{\"@type\":\"PropertyValueSpecification\",\"valueRequired\":true,\"valueName\":\"search_term_string\"}}],\"inLanguage\":\"da-DK\"}]}<\/script>\n<!-- \/ Yoast SEO plugin. -->","yoast_head_json":{"title":"Meguiar&#039;s Supreme Shine Microfiber 3-p - Xenon-kongen","robots":{"index":"index","follow":"follow","max-snippet":"max-snippet:-1","max-image-preview":"max-image-preview:large","max-video-preview":"max-video-preview:-1"},"canonical":"https:\/\/xenonkungen.com\/dk\/vare\/meguiars-supreme-shine-microfiber-3-stk\/","og_locale":"da_DK","og_type":"article","og_title":"Meguiar's Supreme Shine Microfiber 3-p - Xenonkungen","og_description":"Mikrofiberdukar i h\u00f6gsta kvalit\u00e9, 40*60 cm","og_url":"https:\/\/xenonkungen.com\/dk\/vare\/meguiars-supreme-shine-microfiber-3-stk\/","og_site_name":"Xenonkungen","article_modified_time":"2026-04-24T16:33:47+00:00","og_image":[{"width":1100,"height":2125,"url":"https:\/\/xenonkungen.com\/wp-content\/uploads\/2025\/04\/190087947-origpic-5b0bc0.png","type":"image\/png"}],"twitter_card":"summary_large_image","schema":{"@context":"https:\/\/schema.org","@graph":[{"@type":"WebPage","@id":"https:\/\/xenonkungen.com\/produkt\/meguiars-supreme-shine-microfiber-3-p\/","url":"https:\/\/xenonkungen.com\/produkt\/meguiars-supreme-shine-microfiber-3-p\/","name":"Meguiar&#039;s Supreme Shine Microfiber 3-p - Xenon-kongen","isPartOf":{"@id":"https:\/\/xenonkungen.com\/#website"},"primaryImageOfPage":{"@id":"https:\/\/xenonkungen.com\/produkt\/meguiars-supreme-shine-microfiber-3-p\/#primaryimage"},"image":{"@id":"https:\/\/xenonkungen.com\/produkt\/meguiars-supreme-shine-microfiber-3-p\/#primaryimage"},"thumbnailUrl":"https:\/\/xenonkungen.com\/wp-content\/uploads\/2025\/04\/190087947-origpic-5b0bc0.png","datePublished":"2025-04-15T09:16:47+00:00","dateModified":"2026-04-24T16:33:47+00:00","breadcrumb":{"@id":"https:\/\/xenonkungen.com\/produkt\/meguiars-supreme-shine-microfiber-3-p\/#breadcrumb"},"inLanguage":"da-DK","potentialAction":[{"@type":"ReadAction","target":["https:\/\/xenonkungen.com\/produkt\/meguiars-supreme-shine-microfiber-3-p\/"]}]},{"@type":"ImageObject","inLanguage":"da-DK","@id":"https:\/\/xenonkungen.com\/produkt\/meguiars-supreme-shine-microfiber-3-p\/#primaryimage","url":"https:\/\/xenonkungen.com\/wp-content\/uploads\/2025\/04\/190087947-origpic-5b0bc0.png","contentUrl":"https:\/\/xenonkungen.com\/wp-content\/uploads\/2025\/04\/190087947-origpic-5b0bc0.png","width":1100,"height":2125},{"@type":"BreadcrumbList","@id":"https:\/\/xenonkungen.com\/produkt\/meguiars-supreme-shine-microfiber-3-p\/#breadcrumb","itemListElement":[{"@type":"ListItem","position":1,"name":"Hem","item":"https:\/\/xenonkungen.com\/"},{"@type":"ListItem","position":2,"name":"Shop","item":"https:\/\/xenonkungen.com\/shop\/"},{"@type":"ListItem","position":3,"name":"Meguiar&#8217;s Supreme Shine Microfiber 3-p"}]},{"@type":"WebSite","@id":"https:\/\/xenonkungen.com\/#website","url":"https:\/\/xenonkungen.com\/","name":"Xenonkungen","description":"","potentialAction":[{"@type":"SearchAction","target":{"@type":"EntryPoint","urlTemplate":"https:\/\/xenonkungen.com\/?s={search_term_string}"},"query-input":{"@type":"PropertyValueSpecification","valueRequired":true,"valueName":"search_term_string"}}],"inLanguage":"da-DK"}]}},"taxonomy_info":{"product_brand":[{"value":1383,"label":"Meguiar's"}],"product_cat":[{"value":2450,"label":"6 | Tillbeh\u00f6r"},{"value":378,"label":"Bilv\u00e5rd"}],"pa_storlek-mm":[{"value":1398,"label":"400x600"}]},"featured_image_src_large":["https:\/\/xenonkungen.com\/wp-content\/uploads\/2025\/04\/190087947-origpic-5b0bc0-530x1024.png",530,1024,true],"author_info":[],"comment_info":0,"_links":{"self":[{"href":"https:\/\/xenonkungen.com\/dk\/wp-json\/wp\/v2\/product\/4675","targetHints":{"allow":["GET"]}}],"collection":[{"href":"https:\/\/xenonkungen.com\/dk\/wp-json\/wp\/v2\/product"}],"about":[{"href":"https:\/\/xenonkungen.com\/dk\/wp-json\/wp\/v2\/types\/product"}],"replies":[{"embeddable":true,"href":"https:\/\/xenonkungen.com\/dk\/wp-json\/wp\/v2\/comments?post=4675"}],"wp:featuredmedia":[{"embeddable":true,"href":"https:\/\/xenonkungen.com\/dk\/wp-json\/wp\/v2\/media\/4676"}],"wp:attachment":[{"href":"https:\/\/xenonkungen.com\/dk\/wp-json\/wp\/v2\/media?parent=4675"}],"wp:term":[{"taxonomy":"anvandningsomrade","embeddable":true,"href":"https:\/\/xenonkungen.com\/dk\/wp-json\/wp\/v2\/anvandningsomrade?post=4675"},{"taxonomy":"bilmarken","embeddable":true,"href":"https:\/\/xenonkungen.com\/dk\/wp-json\/wp\/v2\/bilmarken?post=4675"},{"taxonomy":"product_brand","embeddable":true,"href":"https:\/\/xenonkungen.com\/dk\/wp-json\/wp\/v2\/product_brand?post=4675"},{"taxonomy":"product_cat","embeddable":true,"href":"https:\/\/xenonkungen.com\/dk\/wp-json\/wp\/v2\/product_cat?post=4675"},{"taxonomy":"product_tag","embeddable":true,"href":"https:\/\/xenonkungen.com\/dk\/wp-json\/wp\/v2\/product_tag?post=4675"}],"curies":[{"name":"wp","href":"https:\/\/api.w.org\/{rel}","templated":true}]}}