{"id":4692,"date":"2025-04-15T09:17:02","date_gmt":"2025-04-15T09:17:02","guid":{"rendered":"https:\/\/xenonkungen.com\/product\/meguiars-ultimate-snow-foam-cannon-kit\/"},"modified":"2026-04-24T17:33:59","modified_gmt":"2026-04-24T16:33:59","slug":"meguiars-ultimative-sneskumkanonsaet","status":"publish","type":"product","link":"https:\/\/xenonkungen.com\/dk\/vare\/meguiars-ultimative-sneskumkanonsaet\/","title":{"rendered":"Meguiar&#039;s Ultimate Snow Foam Cannon Kit"},"content":{"rendered":"<h1>Ultimativt sneskumkanons\u00e6t<\/h1>\n<p>Den absolut mest effektive m\u00e5de at p\u00e5f\u00f8re forvask p\u00e5. Perfekt til b\u00e5de affedtning af skum og shampoo. Justeringsskrue p\u00e5 toppen g\u00f8r det nemt at justere m\u00e6ngden af skum.<\/p>\n<p><strong>Pakken indeholder:<\/strong><br \/>Dyse lavet af messing<br \/>1L beholder<br \/>Adaptere til Nilfisk, K\u00e4rcher K-serien og Bosch<\/p>\n<p><strong>Info:<\/strong><br \/>Skal suppleres med en Nilfisk Ergo-kobling, der skal bruges i blandt andet OKQ8&#039;s g\u00f8r-det-selv-hal.<\/p>\n<p>Du kan l\u00e6se mere p\u00e5 Meguiars hjemmeside om hvordan du g\u00f8r <a href=\"https:\/\/meguiars.se\/guide\/guide-sa-anvander-du-skumtvatt-pa-ratt-satt\/\">skumrensere, n\u00e5r de er bedst.<\/a><\/p>","protected":false},"excerpt":{"rendered":"<p>Et must for bilpleje-n\u00f8rden! Til nem p\u00e5f\u00f8ring af skummende bilshampoo og forvask.<\/p>","protected":false},"featured_media":4693,"comment_status":"closed","ping_status":"open","template":"","meta":{"_acf_changed":false,"_smort_price_nok":"746","_smort_price_dkk":"474","_smort_price_eur":"63.45","_smort_sale_price_nok":"","_smort_sale_price_dkk":"","_smort_sale_price_eur":"","smort_restorder":"","shipmondo_restorder":"","_kad_blocks_custom_css":"","_kad_blocks_head_custom_js":"","_kad_blocks_body_custom_js":"","_kad_blocks_footer_custom_js":"","smort_custom_pricelist_1":"446.72","smort_custom_pricelist_2":"446.72","smort_custom_pricelist_3":"424.38","smort_custom_pricelist_4":"558.4","smort_custom_pricelist_5":"446.72"},"anvandningsomrade":[],"bilmarken":[],"product_brand":[1383],"product_cat":[2988,2450,378],"product_tag":[],"class_list":{"0":"post-4692","1":"product","2":"type-product","3":"status-publish","4":"has-post-thumbnail","6":"product_brand-meguiars","7":"product_cat-biltvatt","8":"product_cat-tillbehor-bilvard","9":"product_cat-bilvard","11":"first","12":"onbackorder","13":"taxable","14":"shipping-taxable","15":"purchasable","16":"product-type-simple"},"bundled_by":["9669"],"bundle_stock_status":"onbackorder","bundle_stock_quantity":0,"bundle_virtual":false,"bundle_layout":"","bundle_add_to_cart_form_location":"","bundle_editable_in_cart":false,"bundle_sold_individually_context":"","bundle_item_grouping":"","bundle_min_size":"","bundle_max_size":"","bundle_price":[],"bundled_items":[],"bundle_sell_ids":[],"acf":[],"yoast_head":"<!-- This site is optimized with the Yoast SEO plugin v27.0 - https:\/\/yoast.com\/product\/yoast-seo-wordpress\/ -->\n<title>Meguiar&#039;s Ultimate Snow Foam Cannon Kit - Xenonkungen<\/title>\n<meta name=\"robots\" content=\"index, follow, max-snippet:-1, max-image-preview:large, max-video-preview:-1\" \/>\n<link rel=\"canonical\" href=\"https:\/\/xenonkungen.com\/dk\/vare\/meguiars-ultimative-sneskumkanonsaet\/\" \/>\n<meta property=\"og:locale\" content=\"da_DK\" \/>\n<meta property=\"og:type\" content=\"article\" \/>\n<meta property=\"og:title\" content=\"Meguiar&#039;s Ultimate Snow Foam Cannon Kit - Xenonkungen\" \/>\n<meta property=\"og:description\" content=\"Ett m\u00e5ste f\u00f6r bilv\u00e5rdsn\u00f6rden! F\u00f6r enkel applicering av skummande bilshampoo och f\u00f6rtv\u00e4ttsmedel.\" \/>\n<meta property=\"og:url\" content=\"https:\/\/xenonkungen.com\/dk\/vare\/meguiars-ultimative-sneskumkanonsaet\/\" \/>\n<meta property=\"og:site_name\" content=\"Xenonkungen\" \/>\n<meta property=\"article:modified_time\" content=\"2026-04-24T16:33:59+00:00\" \/>\n<meta property=\"og:image\" content=\"https:\/\/xenonkungen.com\/wp-content\/uploads\/2025\/04\/190087895-origpic-07a34d.png\" \/>\n\t<meta property=\"og:image:width\" content=\"500\" \/>\n\t<meta property=\"og:image:height\" content=\"500\" \/>\n\t<meta property=\"og:image:type\" content=\"image\/png\" \/>\n<meta name=\"twitter:card\" content=\"summary_large_image\" \/>\n<script type=\"application\/ld+json\" class=\"yoast-schema-graph\">{\"@context\":\"https:\/\/schema.org\",\"@graph\":[{\"@type\":\"WebPage\",\"@id\":\"https:\/\/xenonkungen.com\/produkt\/meguiars-ultimate-snow-foam-cannon-kit\/\",\"url\":\"https:\/\/xenonkungen.com\/produkt\/meguiars-ultimate-snow-foam-cannon-kit\/\",\"name\":\"Meguiar's Ultimate Snow Foam Cannon Kit - Xenonkungen\",\"isPartOf\":{\"@id\":\"https:\/\/xenonkungen.com\/#website\"},\"primaryImageOfPage\":{\"@id\":\"https:\/\/xenonkungen.com\/produkt\/meguiars-ultimate-snow-foam-cannon-kit\/#primaryimage\"},\"image\":{\"@id\":\"https:\/\/xenonkungen.com\/produkt\/meguiars-ultimate-snow-foam-cannon-kit\/#primaryimage\"},\"thumbnailUrl\":\"https:\/\/xenonkungen.com\/wp-content\/uploads\/2025\/04\/190087895-origpic-07a34d.png\",\"datePublished\":\"2025-04-15T09:17:02+00:00\",\"dateModified\":\"2026-04-24T16:33:59+00:00\",\"breadcrumb\":{\"@id\":\"https:\/\/xenonkungen.com\/produkt\/meguiars-ultimate-snow-foam-cannon-kit\/#breadcrumb\"},\"inLanguage\":\"da-DK\",\"potentialAction\":[{\"@type\":\"ReadAction\",\"target\":[\"https:\/\/xenonkungen.com\/produkt\/meguiars-ultimate-snow-foam-cannon-kit\/\"]}]},{\"@type\":\"ImageObject\",\"inLanguage\":\"da-DK\",\"@id\":\"https:\/\/xenonkungen.com\/produkt\/meguiars-ultimate-snow-foam-cannon-kit\/#primaryimage\",\"url\":\"https:\/\/xenonkungen.com\/wp-content\/uploads\/2025\/04\/190087895-origpic-07a34d.png\",\"contentUrl\":\"https:\/\/xenonkungen.com\/wp-content\/uploads\/2025\/04\/190087895-origpic-07a34d.png\",\"width\":500,\"height\":500},{\"@type\":\"BreadcrumbList\",\"@id\":\"https:\/\/xenonkungen.com\/produkt\/meguiars-ultimate-snow-foam-cannon-kit\/#breadcrumb\",\"itemListElement\":[{\"@type\":\"ListItem\",\"position\":1,\"name\":\"Hem\",\"item\":\"https:\/\/xenonkungen.com\/\"},{\"@type\":\"ListItem\",\"position\":2,\"name\":\"Shop\",\"item\":\"https:\/\/xenonkungen.com\/shop\/\"},{\"@type\":\"ListItem\",\"position\":3,\"name\":\"Meguiar&#8217;s Ultimate Snow Foam Cannon Kit\"}]},{\"@type\":\"WebSite\",\"@id\":\"https:\/\/xenonkungen.com\/#website\",\"url\":\"https:\/\/xenonkungen.com\/\",\"name\":\"Xenonkungen\",\"description\":\"\",\"potentialAction\":[{\"@type\":\"SearchAction\",\"target\":{\"@type\":\"EntryPoint\",\"urlTemplate\":\"https:\/\/xenonkungen.com\/?s={search_term_string}\"},\"query-input\":{\"@type\":\"PropertyValueSpecification\",\"valueRequired\":true,\"valueName\":\"search_term_string\"}}],\"inLanguage\":\"da-DK\"}]}<\/script>\n<!-- \/ Yoast SEO plugin. -->","yoast_head_json":{"title":"Meguiar&#039;s Ultimate Snow Foam Cannon Kit - Xenon King","robots":{"index":"index","follow":"follow","max-snippet":"max-snippet:-1","max-image-preview":"max-image-preview:large","max-video-preview":"max-video-preview:-1"},"canonical":"https:\/\/xenonkungen.com\/dk\/vare\/meguiars-ultimative-sneskumkanonsaet\/","og_locale":"da_DK","og_type":"article","og_title":"Meguiar's Ultimate Snow Foam Cannon Kit - Xenonkungen","og_description":"Ett m\u00e5ste f\u00f6r bilv\u00e5rdsn\u00f6rden! F\u00f6r enkel applicering av skummande bilshampoo och f\u00f6rtv\u00e4ttsmedel.","og_url":"https:\/\/xenonkungen.com\/dk\/vare\/meguiars-ultimative-sneskumkanonsaet\/","og_site_name":"Xenonkungen","article_modified_time":"2026-04-24T16:33:59+00:00","og_image":[{"width":500,"height":500,"url":"https:\/\/xenonkungen.com\/wp-content\/uploads\/2025\/04\/190087895-origpic-07a34d.png","type":"image\/png"}],"twitter_card":"summary_large_image","schema":{"@context":"https:\/\/schema.org","@graph":[{"@type":"WebPage","@id":"https:\/\/xenonkungen.com\/produkt\/meguiars-ultimate-snow-foam-cannon-kit\/","url":"https:\/\/xenonkungen.com\/produkt\/meguiars-ultimate-snow-foam-cannon-kit\/","name":"Meguiar&#039;s Ultimate Snow Foam Cannon Kit - Xenon King","isPartOf":{"@id":"https:\/\/xenonkungen.com\/#website"},"primaryImageOfPage":{"@id":"https:\/\/xenonkungen.com\/produkt\/meguiars-ultimate-snow-foam-cannon-kit\/#primaryimage"},"image":{"@id":"https:\/\/xenonkungen.com\/produkt\/meguiars-ultimate-snow-foam-cannon-kit\/#primaryimage"},"thumbnailUrl":"https:\/\/xenonkungen.com\/wp-content\/uploads\/2025\/04\/190087895-origpic-07a34d.png","datePublished":"2025-04-15T09:17:02+00:00","dateModified":"2026-04-24T16:33:59+00:00","breadcrumb":{"@id":"https:\/\/xenonkungen.com\/produkt\/meguiars-ultimate-snow-foam-cannon-kit\/#breadcrumb"},"inLanguage":"da-DK","potentialAction":[{"@type":"ReadAction","target":["https:\/\/xenonkungen.com\/produkt\/meguiars-ultimate-snow-foam-cannon-kit\/"]}]},{"@type":"ImageObject","inLanguage":"da-DK","@id":"https:\/\/xenonkungen.com\/produkt\/meguiars-ultimate-snow-foam-cannon-kit\/#primaryimage","url":"https:\/\/xenonkungen.com\/wp-content\/uploads\/2025\/04\/190087895-origpic-07a34d.png","contentUrl":"https:\/\/xenonkungen.com\/wp-content\/uploads\/2025\/04\/190087895-origpic-07a34d.png","width":500,"height":500},{"@type":"BreadcrumbList","@id":"https:\/\/xenonkungen.com\/produkt\/meguiars-ultimate-snow-foam-cannon-kit\/#breadcrumb","itemListElement":[{"@type":"ListItem","position":1,"name":"Hem","item":"https:\/\/xenonkungen.com\/"},{"@type":"ListItem","position":2,"name":"Shop","item":"https:\/\/xenonkungen.com\/shop\/"},{"@type":"ListItem","position":3,"name":"Meguiar&#8217;s Ultimate Snow Foam Cannon Kit"}]},{"@type":"WebSite","@id":"https:\/\/xenonkungen.com\/#website","url":"https:\/\/xenonkungen.com\/","name":"Xenonkungen","description":"","potentialAction":[{"@type":"SearchAction","target":{"@type":"EntryPoint","urlTemplate":"https:\/\/xenonkungen.com\/?s={search_term_string}"},"query-input":{"@type":"PropertyValueSpecification","valueRequired":true,"valueName":"search_term_string"}}],"inLanguage":"da-DK"}]}},"taxonomy_info":{"product_brand":[{"value":1383,"label":"Meguiar's"}],"product_cat":[{"value":2988,"label":"1 | Biltv\u00e4tt"},{"value":2450,"label":"6 | Tillbeh\u00f6r"},{"value":378,"label":"Bilv\u00e5rd"}]},"featured_image_src_large":["https:\/\/xenonkungen.com\/wp-content\/uploads\/2025\/04\/190087895-origpic-07a34d.png",500,500,false],"author_info":[],"comment_info":0,"_links":{"self":[{"href":"https:\/\/xenonkungen.com\/dk\/wp-json\/wp\/v2\/product\/4692","targetHints":{"allow":["GET"]}}],"collection":[{"href":"https:\/\/xenonkungen.com\/dk\/wp-json\/wp\/v2\/product"}],"about":[{"href":"https:\/\/xenonkungen.com\/dk\/wp-json\/wp\/v2\/types\/product"}],"replies":[{"embeddable":true,"href":"https:\/\/xenonkungen.com\/dk\/wp-json\/wp\/v2\/comments?post=4692"}],"wp:featuredmedia":[{"embeddable":true,"href":"https:\/\/xenonkungen.com\/dk\/wp-json\/wp\/v2\/media\/4693"}],"wp:attachment":[{"href":"https:\/\/xenonkungen.com\/dk\/wp-json\/wp\/v2\/media?parent=4692"}],"wp:term":[{"taxonomy":"anvandningsomrade","embeddable":true,"href":"https:\/\/xenonkungen.com\/dk\/wp-json\/wp\/v2\/anvandningsomrade?post=4692"},{"taxonomy":"bilmarken","embeddable":true,"href":"https:\/\/xenonkungen.com\/dk\/wp-json\/wp\/v2\/bilmarken?post=4692"},{"taxonomy":"product_brand","embeddable":true,"href":"https:\/\/xenonkungen.com\/dk\/wp-json\/wp\/v2\/product_brand?post=4692"},{"taxonomy":"product_cat","embeddable":true,"href":"https:\/\/xenonkungen.com\/dk\/wp-json\/wp\/v2\/product_cat?post=4692"},{"taxonomy":"product_tag","embeddable":true,"href":"https:\/\/xenonkungen.com\/dk\/wp-json\/wp\/v2\/product_tag?post=4692"}],"curies":[{"name":"wp","href":"https:\/\/api.w.org\/{rel}","templated":true}]}}