{"id":4877,"date":"2025-04-15T09:19:26","date_gmt":"2025-04-15T09:19:26","guid":{"rendered":"https:\/\/xenonkungen.com\/product\/optibeam-extraljus-savage-7\/"},"modified":"2026-04-24T17:45:02","modified_gmt":"2026-04-24T16:45:02","slug":"optibeam-hjaelpelys-savage-7","status":"publish","type":"product","link":"https:\/\/xenonkungen.com\/dk\/vare\/optibeam-hjaelpelys-savage-7\/","title":{"rendered":"OPTIBEAM Ekstralys Savage 7\u2033"},"content":{"rendered":"<div class=\"container\">\n<h1>Optibeam Savage 7\u2033: Unikt design og teknologi<\/h1>\n<p>Optibeam Savage 7\u2033 er ekstralygten til dem, der ikke er tilfredse med det ordin\u00e6re. Med sine 5000K Osram LED og det valgbare positionslys i enten hvid eller gul, er de perfekte til lastbilchauff\u00f8rer eller andre bilejere, der s\u00f8ger et unikt look.<\/p>\n<h2>Revolutionerende positionslysteknologi<\/h2>\n<p>Med den innovative <strong>Streetshine-ambient<\/strong> Med teknologi skiller disse lys sig ud fra m\u00e6ngden ved at tilbyde et lysm\u00f8nster, der oplyser hele reflektoromr\u00e5det. Dette skaber en uovertruffen visuel effekt, der ikke kun forbedrer \u00e6stetikken, men ogs\u00e5 synligheden.<\/p>\n<h2>V\u00e6lg din stil<\/h2>\n<p>Hver lygte leveres med b\u00e5de en sort og en forkromet ramme, hvilket giver dig mulighed for at tilpasse dit k\u00f8ret\u00f8js udseende pr\u00e6cis, som du \u00f8nsker. Denne fleksibilitet g\u00f8r Optibeam Savage til et fremragende valg for dem, der \u00f8nsker at skille sig ud fra m\u00e6ngden.<\/p>\n<\/div>\n<p>","protected":false},"excerpt":{"rendered":"<p>Optibeam Savage 7&#8243;: Distinkt Design och Teknik Optibeam Savage 7&#8243; \u00e4r extraljusen f\u00f6r dig som inte n\u00f6jer dig med det vanliga. Med dess 5000K Osram LED och det valbara positionsljuset i antingen vitt eller b\u00e4rnstensf\u00e4rgat, \u00e4r de perfekta f\u00f6r lastbilsf\u00f6rare eller andra fordonsejare som s\u00f6ker en unik look. Revolutionerande Positionsljusteknik Med den nyskapande Streetshine ambient [&hellip;]<\/p>","protected":false},"featured_media":4878,"comment_status":"closed","ping_status":"closed","template":"","meta":{"_acf_changed":false,"_smort_price_nok":"2083","_smort_price_dkk":"1323","_smort_price_eur":"177.26","_smort_sale_price_nok":"","_smort_sale_price_dkk":"","_smort_sale_price_eur":"","smort_restorder":"","shipmondo_restorder":"","_kad_blocks_custom_css":"","_kad_blocks_head_custom_js":"","_kad_blocks_body_custom_js":"","_kad_blocks_footer_custom_js":"","smort_custom_pricelist_1":"1248","smort_custom_pricelist_2":"1092","smort_custom_pricelist_3":"1037.4","smort_custom_pricelist_4":"1560","smort_custom_pricelist_5":"1092"},"anvandningsomrade":[],"bilmarken":[],"product_brand":[107],"product_cat":[2838,142],"product_tag":[],"class_list":{"0":"post-4877","1":"product","2":"type-product","3":"status-publish","4":"has-post-thumbnail","6":"product_brand-optibeam","7":"product_cat-extraljus-7","8":"product_cat-extraljus","9":"pa_faktisk-effekts-forbrukning-381","10":"pa_fargtemperatur-1486","11":"pa_fuktskydd-varde-ipxx-ip68","12":"pa_godkannande-e-godkand-r112-r10-r7-ref-375","13":"pa_lampsockel-kontakt-4-polig-dt-kontakt","14":"pa_led-chips-effekt-w-694","15":"pa_ljusbild-driving","16":"pa_storlek-mm-178x78","17":"pa_stromforbrukning-366a-137v","18":"pa_volt-v-9-36","20":"first","21":"onbackorder","22":"taxable","23":"shipping-taxable","24":"purchasable","25":"product-type-simple"},"bundled_by":[],"bundle_stock_status":"onbackorder","bundle_stock_quantity":0,"bundle_virtual":false,"bundle_layout":"","bundle_add_to_cart_form_location":"","bundle_editable_in_cart":false,"bundle_sold_individually_context":"","bundle_item_grouping":"","bundle_min_size":"","bundle_max_size":"","bundle_price":[],"bundled_items":[],"bundle_sell_ids":[],"acf":[],"yoast_head":"<!-- This site is optimized with the Yoast SEO plugin v27.0 - https:\/\/yoast.com\/product\/yoast-seo-wordpress\/ -->\n<title>OPTIBEAM Extraljus Savage 7&quot; - Xenonkungen<\/title>\n<meta name=\"robots\" content=\"index, follow, max-snippet:-1, max-image-preview:large, max-video-preview:-1\" \/>\n<link rel=\"canonical\" href=\"https:\/\/xenonkungen.com\/dk\/vare\/optibeam-hjaelpelys-savage-7\/\" \/>\n<meta property=\"og:locale\" content=\"da_DK\" \/>\n<meta property=\"og:type\" content=\"article\" \/>\n<meta property=\"og:title\" content=\"OPTIBEAM Extraljus Savage 7&quot; - Xenonkungen\" \/>\n<meta property=\"og:description\" content=\"Optibeam Savage 7&#8243;: Distinkt Design och Teknik Optibeam Savage 7&#8243; \u00e4r extraljusen f\u00f6r dig som inte n\u00f6jer dig med det vanliga. Med dess 5000K Osram LED och det valbara positionsljuset i antingen vitt eller b\u00e4rnstensf\u00e4rgat, \u00e4r de perfekta f\u00f6r lastbilsf\u00f6rare eller andra fordonsejare som s\u00f6ker en unik look. Revolutionerande Positionsljusteknik Med den nyskapande Streetshine ambient [&hellip;]\" \/>\n<meta property=\"og:url\" content=\"https:\/\/xenonkungen.com\/dk\/vare\/optibeam-hjaelpelys-savage-7\/\" \/>\n<meta property=\"og:site_name\" content=\"Xenonkungen\" \/>\n<meta property=\"article:modified_time\" content=\"2026-04-24T16:45:02+00:00\" \/>\n<meta property=\"og:image\" content=\"https:\/\/xenonkungen.com\/wp-content\/uploads\/2025\/04\/204076239-origpic-107031.jpg\" \/>\n\t<meta property=\"og:image:width\" content=\"1000\" \/>\n\t<meta property=\"og:image:height\" content=\"1000\" \/>\n\t<meta property=\"og:image:type\" content=\"image\/jpeg\" \/>\n<meta name=\"twitter:card\" content=\"summary_large_image\" \/>\n<meta name=\"twitter:label1\" content=\"Estimeret l\u00e6setid\" \/>\n\t<meta name=\"twitter:data1\" content=\"1 minut\" \/>\n<script type=\"application\/ld+json\" class=\"yoast-schema-graph\">{\"@context\":\"https:\/\/schema.org\",\"@graph\":[{\"@type\":\"WebPage\",\"@id\":\"https:\/\/xenonkungen.com\/produkt\/optibeam-extraljus-savage-7\/\",\"url\":\"https:\/\/xenonkungen.com\/produkt\/optibeam-extraljus-savage-7\/\",\"name\":\"OPTIBEAM Extraljus Savage 7\\\" - Xenonkungen\",\"isPartOf\":{\"@id\":\"https:\/\/xenonkungen.com\/#website\"},\"primaryImageOfPage\":{\"@id\":\"https:\/\/xenonkungen.com\/produkt\/optibeam-extraljus-savage-7\/#primaryimage\"},\"image\":{\"@id\":\"https:\/\/xenonkungen.com\/produkt\/optibeam-extraljus-savage-7\/#primaryimage\"},\"thumbnailUrl\":\"https:\/\/xenonkungen.com\/wp-content\/uploads\/2025\/04\/204076239-origpic-107031.jpg\",\"datePublished\":\"2025-04-15T09:19:26+00:00\",\"dateModified\":\"2026-04-24T16:45:02+00:00\",\"breadcrumb\":{\"@id\":\"https:\/\/xenonkungen.com\/produkt\/optibeam-extraljus-savage-7\/#breadcrumb\"},\"inLanguage\":\"da-DK\",\"potentialAction\":[{\"@type\":\"ReadAction\",\"target\":[\"https:\/\/xenonkungen.com\/produkt\/optibeam-extraljus-savage-7\/\"]}]},{\"@type\":\"ImageObject\",\"inLanguage\":\"da-DK\",\"@id\":\"https:\/\/xenonkungen.com\/produkt\/optibeam-extraljus-savage-7\/#primaryimage\",\"url\":\"https:\/\/xenonkungen.com\/wp-content\/uploads\/2025\/04\/204076239-origpic-107031.jpg\",\"contentUrl\":\"https:\/\/xenonkungen.com\/wp-content\/uploads\/2025\/04\/204076239-origpic-107031.jpg\",\"width\":1000,\"height\":1000},{\"@type\":\"BreadcrumbList\",\"@id\":\"https:\/\/xenonkungen.com\/produkt\/optibeam-extraljus-savage-7\/#breadcrumb\",\"itemListElement\":[{\"@type\":\"ListItem\",\"position\":1,\"name\":\"Hem\",\"item\":\"https:\/\/xenonkungen.com\/\"},{\"@type\":\"ListItem\",\"position\":2,\"name\":\"Shop\",\"item\":\"https:\/\/xenonkungen.com\/shop\/\"},{\"@type\":\"ListItem\",\"position\":3,\"name\":\"OPTIBEAM Extraljus Savage 7&#8243;\"}]},{\"@type\":\"WebSite\",\"@id\":\"https:\/\/xenonkungen.com\/#website\",\"url\":\"https:\/\/xenonkungen.com\/\",\"name\":\"Xenonkungen\",\"description\":\"\",\"potentialAction\":[{\"@type\":\"SearchAction\",\"target\":{\"@type\":\"EntryPoint\",\"urlTemplate\":\"https:\/\/xenonkungen.com\/?s={search_term_string}\"},\"query-input\":{\"@type\":\"PropertyValueSpecification\",\"valueRequired\":true,\"valueName\":\"search_term_string\"}}],\"inLanguage\":\"da-DK\"}]}<\/script>\n<!-- \/ Yoast SEO plugin. -->","yoast_head_json":{"title":"OPTIBEAM Ekstralys Savage 7&quot; - Xenonkungen","robots":{"index":"index","follow":"follow","max-snippet":"max-snippet:-1","max-image-preview":"max-image-preview:large","max-video-preview":"max-video-preview:-1"},"canonical":"https:\/\/xenonkungen.com\/dk\/vare\/optibeam-hjaelpelys-savage-7\/","og_locale":"da_DK","og_type":"article","og_title":"OPTIBEAM Extraljus Savage 7\" - Xenonkungen","og_description":"Optibeam Savage 7&#8243;: Distinkt Design och Teknik Optibeam Savage 7&#8243; \u00e4r extraljusen f\u00f6r dig som inte n\u00f6jer dig med det vanliga. Med dess 5000K Osram LED och det valbara positionsljuset i antingen vitt eller b\u00e4rnstensf\u00e4rgat, \u00e4r de perfekta f\u00f6r lastbilsf\u00f6rare eller andra fordonsejare som s\u00f6ker en unik look. Revolutionerande Positionsljusteknik Med den nyskapande Streetshine ambient [&hellip;]","og_url":"https:\/\/xenonkungen.com\/dk\/vare\/optibeam-hjaelpelys-savage-7\/","og_site_name":"Xenonkungen","article_modified_time":"2026-04-24T16:45:02+00:00","og_image":[{"width":1000,"height":1000,"url":"https:\/\/xenonkungen.com\/wp-content\/uploads\/2025\/04\/204076239-origpic-107031.jpg","type":"image\/jpeg"}],"twitter_card":"summary_large_image","twitter_misc":{"Estimeret l\u00e6setid":"1 minut"},"schema":{"@context":"https:\/\/schema.org","@graph":[{"@type":"WebPage","@id":"https:\/\/xenonkungen.com\/produkt\/optibeam-extraljus-savage-7\/","url":"https:\/\/xenonkungen.com\/produkt\/optibeam-extraljus-savage-7\/","name":"OPTIBEAM Ekstralys Savage 7&quot; - Xenonkungen","isPartOf":{"@id":"https:\/\/xenonkungen.com\/#website"},"primaryImageOfPage":{"@id":"https:\/\/xenonkungen.com\/produkt\/optibeam-extraljus-savage-7\/#primaryimage"},"image":{"@id":"https:\/\/xenonkungen.com\/produkt\/optibeam-extraljus-savage-7\/#primaryimage"},"thumbnailUrl":"https:\/\/xenonkungen.com\/wp-content\/uploads\/2025\/04\/204076239-origpic-107031.jpg","datePublished":"2025-04-15T09:19:26+00:00","dateModified":"2026-04-24T16:45:02+00:00","breadcrumb":{"@id":"https:\/\/xenonkungen.com\/produkt\/optibeam-extraljus-savage-7\/#breadcrumb"},"inLanguage":"da-DK","potentialAction":[{"@type":"ReadAction","target":["https:\/\/xenonkungen.com\/produkt\/optibeam-extraljus-savage-7\/"]}]},{"@type":"ImageObject","inLanguage":"da-DK","@id":"https:\/\/xenonkungen.com\/produkt\/optibeam-extraljus-savage-7\/#primaryimage","url":"https:\/\/xenonkungen.com\/wp-content\/uploads\/2025\/04\/204076239-origpic-107031.jpg","contentUrl":"https:\/\/xenonkungen.com\/wp-content\/uploads\/2025\/04\/204076239-origpic-107031.jpg","width":1000,"height":1000},{"@type":"BreadcrumbList","@id":"https:\/\/xenonkungen.com\/produkt\/optibeam-extraljus-savage-7\/#breadcrumb","itemListElement":[{"@type":"ListItem","position":1,"name":"Hem","item":"https:\/\/xenonkungen.com\/"},{"@type":"ListItem","position":2,"name":"Shop","item":"https:\/\/xenonkungen.com\/shop\/"},{"@type":"ListItem","position":3,"name":"OPTIBEAM Extraljus Savage 7&#8243;"}]},{"@type":"WebSite","@id":"https:\/\/xenonkungen.com\/#website","url":"https:\/\/xenonkungen.com\/","name":"Xenonkungen","description":"","potentialAction":[{"@type":"SearchAction","target":{"@type":"EntryPoint","urlTemplate":"https:\/\/xenonkungen.com\/?s={search_term_string}"},"query-input":{"@type":"PropertyValueSpecification","valueRequired":true,"valueName":"search_term_string"}}],"inLanguage":"da-DK"}]}},"taxonomy_info":{"product_brand":[{"value":107,"label":"Optibeam"}],"product_cat":[{"value":2838,"label":"Extraljus 7\""},{"value":142,"label":"Extraljus"}],"pa_faktisk-effekts-forbrukning":[{"value":381,"label":"50"}],"pa_fargtemperatur":[{"value":1486,"label":"5000"}],"pa_fuktskydd-varde-ipxx":[{"value":177,"label":"IP68"}],"pa_godkannande":[{"value":1494,"label":"E-godk\u00e4nd (R112, R10, R7) ref.37,5"}],"pa_lampsockel-kontakt":[{"value":1493,"label":"4-polig DT-kontakt"}],"pa_led-chips-effekt-w":[{"value":694,"label":"60"}],"pa_ljusbild":[{"value":178,"label":"Driving"}],"pa_storlek-mm":[{"value":1491,"label":"178x78"}],"pa_stromforbrukning":[{"value":1492,"label":"3,66A @ 13,7V"}],"pa_volt-v":[{"value":1444,"label":"9-36"}]},"featured_image_src_large":["https:\/\/xenonkungen.com\/wp-content\/uploads\/2025\/04\/204076239-origpic-107031.jpg",1000,1000,false],"author_info":[],"comment_info":0,"_links":{"self":[{"href":"https:\/\/xenonkungen.com\/dk\/wp-json\/wp\/v2\/product\/4877","targetHints":{"allow":["GET"]}}],"collection":[{"href":"https:\/\/xenonkungen.com\/dk\/wp-json\/wp\/v2\/product"}],"about":[{"href":"https:\/\/xenonkungen.com\/dk\/wp-json\/wp\/v2\/types\/product"}],"replies":[{"embeddable":true,"href":"https:\/\/xenonkungen.com\/dk\/wp-json\/wp\/v2\/comments?post=4877"}],"wp:featuredmedia":[{"embeddable":true,"href":"https:\/\/xenonkungen.com\/dk\/wp-json\/wp\/v2\/media\/4878"}],"wp:attachment":[{"href":"https:\/\/xenonkungen.com\/dk\/wp-json\/wp\/v2\/media?parent=4877"}],"wp:term":[{"taxonomy":"anvandningsomrade","embeddable":true,"href":"https:\/\/xenonkungen.com\/dk\/wp-json\/wp\/v2\/anvandningsomrade?post=4877"},{"taxonomy":"bilmarken","embeddable":true,"href":"https:\/\/xenonkungen.com\/dk\/wp-json\/wp\/v2\/bilmarken?post=4877"},{"taxonomy":"product_brand","embeddable":true,"href":"https:\/\/xenonkungen.com\/dk\/wp-json\/wp\/v2\/product_brand?post=4877"},{"taxonomy":"product_cat","embeddable":true,"href":"https:\/\/xenonkungen.com\/dk\/wp-json\/wp\/v2\/product_cat?post=4877"},{"taxonomy":"product_tag","embeddable":true,"href":"https:\/\/xenonkungen.com\/dk\/wp-json\/wp\/v2\/product_tag?post=4877"}],"curies":[{"name":"wp","href":"https:\/\/api.w.org\/{rel}","templated":true}]}}