{"id":4937,"date":"2025-04-15T09:20:19","date_gmt":"2025-04-15T09:20:19","guid":{"rendered":"https:\/\/xenonkungen.com\/product\/optibeam-led-ramp-super-captain-dual-rage\/"},"modified":"2026-04-10T19:59:04","modified_gmt":"2026-04-10T18:59:04","slug":"optibeam-led-rampe-super-captain-dual-rage","status":"publish","type":"product","link":"https:\/\/xenonkungen.com\/dk\/vare\/optibeam-led-rampe-super-captain-dual-rage\/","title":{"rendered":"OPTIBEAM LED rampe Super Captain Dual Rage"},"content":{"rendered":"<h1><strong>Optibeam Super Captain Dual 600 Rage<\/strong><\/h1>\n<h2><strong>Advarsel! Ekstremt str\u00f8mforbrug og lysudbytte!<\/strong><\/h2>\n<h3><strong>Den kraftigste leddelte rampe i sin klasse<\/strong><\/h3>\n<p>Vores flagskibsmodel, Rage-modellen, er den kraftigste LED-rampe i sin st\u00f8rrelsesklasse p\u00e5 markedet. Med en enest\u00e5ende r\u00e6kkevidde p\u00e5 <strong>1 lux p\u00e5 1300 meters afstand<\/strong>, dette er Xenon Kings foretrukne valg for dem, der s\u00f8ger spot og virkelig lang synsafstand.<\/p>\n<h3><strong>Elegant design og brugerdefineret belysning<\/strong><\/h3>\n<p>Denne LED-lygte kombinerer funktion med \u00e6stetik med et stilfuldt positionslys, der kan justeres mellem <strong>ravfarvet eller hvid<\/strong>Det rammel\u00f8se og elegante design komplementerer k\u00f8ret\u00f8jets udseende og leverer samtidig overlegen lysydelse.<\/p>\n<h3><strong>Alt du beh\u00f8ver for nem installation<\/strong><\/h3>\n<p>LED-rampen leveres komplet med <strong>robuste monteringsbeslag<\/strong> og en <strong>installationskabel p\u00e5 2,2 meter<\/strong>, hvilket g\u00f8r installationen problemfri og nem for alle k\u00f8ret\u00f8jstyper.<\/p>\n<h2><strong>BEM\u00c6RK: Skal installeres korrekt <span>firkant p\u00e5 kablet. Groft omr\u00e5de p\u00e5 rel\u00e6ledninger b\u00f8r anvendes,<br \/>ellers er der risiko for kabelbrand!!<\/span><\/strong><\/h2>\n<p><strong>Garanti: 3 \u00e5r<\/strong><\/p>\n<h2><strong>BEM\u00c6RK: Skal installeres korrekt <span>firkant p\u00e5 kablet. Groft omr\u00e5de p\u00e5 rel\u00e6ledninger b\u00f8r anvendes,<br \/>ellers er der risiko for kabelbrand!!<\/span><\/strong><span>\u00a0\u00a0\u00a0 <\/span><\/h2>","protected":false},"excerpt":{"rendered":"<p>Optibeam Super Captain Dual 600 Rage Varning! Extrem str\u00f6mf\u00f6rbrukning och ljuseffekt! Den Kraftfullaste Ledrampen i sin Klass V\u00e5r flaggskeppsmodell, Rage-modellen, \u00e4r marknadens mest kraftfulla ledramp i sin storleksklass. Med en enast\u00e5ende r\u00e4ckvidd p\u00e5 1 lux p\u00e5 1300 meter, \u00e4r detta Xenonkungens favoritval f\u00f6r dig som s\u00f6ker spot och riktigt l\u00e5ng siktl\u00e4ngd. Elegant Design och Anpassningsbar [&hellip;]<\/p>","protected":false},"featured_media":4938,"comment_status":"closed","ping_status":"open","template":"","meta":{"_acf_changed":false,"_smort_price_nok":"7365","_smort_price_dkk":"4679","_smort_price_eur":"626.79","_smort_sale_price_nok":"","_smort_sale_price_dkk":"","_smort_sale_price_eur":"","smort_restorder":"","shipmondo_restorder":"","_kad_blocks_custom_css":"","_kad_blocks_head_custom_js":"","_kad_blocks_body_custom_js":"","_kad_blocks_footer_custom_js":"","smort_custom_pricelist_1":"4412.8","smort_custom_pricelist_2":"3861.2","smort_custom_pricelist_3":"3585.4","smort_custom_pricelist_4":"5516","smort_custom_pricelist_5":"3861.2"},"anvandningsomrade":[],"bilmarken":[],"product_brand":[107],"product_cat":[2966,2539,2660,2164],"product_tag":[],"class_list":{"0":"post-4937","1":"product","2":"type-product","3":"status-publish","4":"has-post-thumbnail","6":"product_brand-optibeam","7":"product_cat-ledramp-rak","8":"product_cat-ledramper","9":"product_cat-optibeam-ledramper","10":"product_cat-optibeam-super-captain","11":"pa_faktisk-effekts-forbrukning-1518","12":"pa_fargtemperatur-1428","13":"pa_fuktskydd-varde-ipxx-ip68","14":"pa_led-chips-effekt-w-1517","15":"pa_ljusbild-spot","16":"pa_storlek-mm-535-x-68-x-80","17":"pa_stromforbrukning-30a-137v","18":"pa_volt-v-9-36","20":"first","21":"onbackorder","22":"taxable","23":"shipping-taxable","24":"purchasable","25":"product-type-simple"},"bundled_by":["9586"],"bundle_stock_status":"onbackorder","bundle_stock_quantity":0,"bundle_virtual":false,"bundle_layout":"","bundle_add_to_cart_form_location":"","bundle_editable_in_cart":false,"bundle_sold_individually_context":"","bundle_item_grouping":"","bundle_min_size":"","bundle_max_size":"","bundle_price":[],"bundled_items":[],"bundle_sell_ids":[],"acf":[],"yoast_head":"<!-- This site is optimized with the Yoast SEO plugin v27.0 - https:\/\/yoast.com\/product\/yoast-seo-wordpress\/ -->\n<title>OPTIBEAM LED ramp Super Captain Dual Rage - Xenonkungen<\/title>\n<meta name=\"robots\" content=\"index, follow, max-snippet:-1, max-image-preview:large, max-video-preview:-1\" \/>\n<link rel=\"canonical\" href=\"https:\/\/xenonkungen.com\/dk\/vare\/optibeam-led-rampe-super-captain-dual-rage\/\" \/>\n<meta property=\"og:locale\" content=\"da_DK\" \/>\n<meta property=\"og:type\" content=\"article\" \/>\n<meta property=\"og:title\" content=\"OPTIBEAM LED ramp Super Captain Dual Rage - Xenonkungen\" \/>\n<meta property=\"og:description\" content=\"Optibeam Super Captain Dual 600 Rage Varning! Extrem str\u00f6mf\u00f6rbrukning och ljuseffekt! Den Kraftfullaste Ledrampen i sin Klass V\u00e5r flaggskeppsmodell, Rage-modellen, \u00e4r marknadens mest kraftfulla ledramp i sin storleksklass. Med en enast\u00e5ende r\u00e4ckvidd p\u00e5 1 lux p\u00e5 1300 meter, \u00e4r detta Xenonkungens favoritval f\u00f6r dig som s\u00f6ker spot och riktigt l\u00e5ng siktl\u00e4ngd. Elegant Design och Anpassningsbar [&hellip;]\" \/>\n<meta property=\"og:url\" content=\"https:\/\/xenonkungen.com\/dk\/vare\/optibeam-led-rampe-super-captain-dual-rage\/\" \/>\n<meta property=\"og:site_name\" content=\"Xenonkungen\" \/>\n<meta property=\"article:modified_time\" content=\"2026-04-10T18:59:04+00:00\" \/>\n<meta property=\"og:image\" content=\"https:\/\/xenonkungen.com\/wp-content\/uploads\/2025\/04\/204076253-origpic-9eb5c1.png\" \/>\n\t<meta property=\"og:image:width\" content=\"1000\" \/>\n\t<meta property=\"og:image:height\" content=\"1000\" \/>\n\t<meta property=\"og:image:type\" content=\"image\/png\" \/>\n<meta name=\"twitter:card\" content=\"summary_large_image\" \/>\n<meta name=\"twitter:label1\" content=\"Estimeret l\u00e6setid\" \/>\n\t<meta name=\"twitter:data1\" content=\"1 minut\" \/>\n<script type=\"application\/ld+json\" class=\"yoast-schema-graph\">{\"@context\":\"https:\/\/schema.org\",\"@graph\":[{\"@type\":\"WebPage\",\"@id\":\"https:\/\/xenonkungen.com\/produkt\/optibeam-led-ramp-super-captain-dual-rage\/\",\"url\":\"https:\/\/xenonkungen.com\/produkt\/optibeam-led-ramp-super-captain-dual-rage\/\",\"name\":\"OPTIBEAM LED ramp Super Captain Dual Rage - Xenonkungen\",\"isPartOf\":{\"@id\":\"https:\/\/xenonkungen.com\/#website\"},\"primaryImageOfPage\":{\"@id\":\"https:\/\/xenonkungen.com\/produkt\/optibeam-led-ramp-super-captain-dual-rage\/#primaryimage\"},\"image\":{\"@id\":\"https:\/\/xenonkungen.com\/produkt\/optibeam-led-ramp-super-captain-dual-rage\/#primaryimage\"},\"thumbnailUrl\":\"https:\/\/xenonkungen.com\/wp-content\/uploads\/2025\/04\/204076253-origpic-9eb5c1.png\",\"datePublished\":\"2025-04-15T09:20:19+00:00\",\"dateModified\":\"2026-04-10T18:59:04+00:00\",\"breadcrumb\":{\"@id\":\"https:\/\/xenonkungen.com\/produkt\/optibeam-led-ramp-super-captain-dual-rage\/#breadcrumb\"},\"inLanguage\":\"da-DK\",\"potentialAction\":[{\"@type\":\"ReadAction\",\"target\":[\"https:\/\/xenonkungen.com\/produkt\/optibeam-led-ramp-super-captain-dual-rage\/\"]}]},{\"@type\":\"ImageObject\",\"inLanguage\":\"da-DK\",\"@id\":\"https:\/\/xenonkungen.com\/produkt\/optibeam-led-ramp-super-captain-dual-rage\/#primaryimage\",\"url\":\"https:\/\/xenonkungen.com\/wp-content\/uploads\/2025\/04\/204076253-origpic-9eb5c1.png\",\"contentUrl\":\"https:\/\/xenonkungen.com\/wp-content\/uploads\/2025\/04\/204076253-origpic-9eb5c1.png\",\"width\":1000,\"height\":1000},{\"@type\":\"BreadcrumbList\",\"@id\":\"https:\/\/xenonkungen.com\/produkt\/optibeam-led-ramp-super-captain-dual-rage\/#breadcrumb\",\"itemListElement\":[{\"@type\":\"ListItem\",\"position\":1,\"name\":\"Hem\",\"item\":\"https:\/\/xenonkungen.com\/\"},{\"@type\":\"ListItem\",\"position\":2,\"name\":\"Shop\",\"item\":\"https:\/\/xenonkungen.com\/shop\/\"},{\"@type\":\"ListItem\",\"position\":3,\"name\":\"OPTIBEAM LED ramp Super Captain Dual Rage\"}]},{\"@type\":\"WebSite\",\"@id\":\"https:\/\/xenonkungen.com\/#website\",\"url\":\"https:\/\/xenonkungen.com\/\",\"name\":\"Xenonkungen\",\"description\":\"\",\"potentialAction\":[{\"@type\":\"SearchAction\",\"target\":{\"@type\":\"EntryPoint\",\"urlTemplate\":\"https:\/\/xenonkungen.com\/?s={search_term_string}\"},\"query-input\":{\"@type\":\"PropertyValueSpecification\",\"valueRequired\":true,\"valueName\":\"search_term_string\"}}],\"inLanguage\":\"da-DK\"}]}<\/script>\n<!-- \/ Yoast SEO plugin. -->","yoast_head_json":{"title":"OPTIBEAM LED-rampe Super Captain Dual Rage - Xenon-kongen","robots":{"index":"index","follow":"follow","max-snippet":"max-snippet:-1","max-image-preview":"max-image-preview:large","max-video-preview":"max-video-preview:-1"},"canonical":"https:\/\/xenonkungen.com\/dk\/vare\/optibeam-led-rampe-super-captain-dual-rage\/","og_locale":"da_DK","og_type":"article","og_title":"OPTIBEAM LED ramp Super Captain Dual Rage - Xenonkungen","og_description":"Optibeam Super Captain Dual 600 Rage Varning! Extrem str\u00f6mf\u00f6rbrukning och ljuseffekt! Den Kraftfullaste Ledrampen i sin Klass V\u00e5r flaggskeppsmodell, Rage-modellen, \u00e4r marknadens mest kraftfulla ledramp i sin storleksklass. Med en enast\u00e5ende r\u00e4ckvidd p\u00e5 1 lux p\u00e5 1300 meter, \u00e4r detta Xenonkungens favoritval f\u00f6r dig som s\u00f6ker spot och riktigt l\u00e5ng siktl\u00e4ngd. Elegant Design och Anpassningsbar [&hellip;]","og_url":"https:\/\/xenonkungen.com\/dk\/vare\/optibeam-led-rampe-super-captain-dual-rage\/","og_site_name":"Xenonkungen","article_modified_time":"2026-04-10T18:59:04+00:00","og_image":[{"width":1000,"height":1000,"url":"https:\/\/xenonkungen.com\/wp-content\/uploads\/2025\/04\/204076253-origpic-9eb5c1.png","type":"image\/png"}],"twitter_card":"summary_large_image","twitter_misc":{"Estimeret l\u00e6setid":"1 minut"},"schema":{"@context":"https:\/\/schema.org","@graph":[{"@type":"WebPage","@id":"https:\/\/xenonkungen.com\/produkt\/optibeam-led-ramp-super-captain-dual-rage\/","url":"https:\/\/xenonkungen.com\/produkt\/optibeam-led-ramp-super-captain-dual-rage\/","name":"OPTIBEAM LED-rampe Super Captain Dual Rage - Xenon-kongen","isPartOf":{"@id":"https:\/\/xenonkungen.com\/#website"},"primaryImageOfPage":{"@id":"https:\/\/xenonkungen.com\/produkt\/optibeam-led-ramp-super-captain-dual-rage\/#primaryimage"},"image":{"@id":"https:\/\/xenonkungen.com\/produkt\/optibeam-led-ramp-super-captain-dual-rage\/#primaryimage"},"thumbnailUrl":"https:\/\/xenonkungen.com\/wp-content\/uploads\/2025\/04\/204076253-origpic-9eb5c1.png","datePublished":"2025-04-15T09:20:19+00:00","dateModified":"2026-04-10T18:59:04+00:00","breadcrumb":{"@id":"https:\/\/xenonkungen.com\/produkt\/optibeam-led-ramp-super-captain-dual-rage\/#breadcrumb"},"inLanguage":"da-DK","potentialAction":[{"@type":"ReadAction","target":["https:\/\/xenonkungen.com\/produkt\/optibeam-led-ramp-super-captain-dual-rage\/"]}]},{"@type":"ImageObject","inLanguage":"da-DK","@id":"https:\/\/xenonkungen.com\/produkt\/optibeam-led-ramp-super-captain-dual-rage\/#primaryimage","url":"https:\/\/xenonkungen.com\/wp-content\/uploads\/2025\/04\/204076253-origpic-9eb5c1.png","contentUrl":"https:\/\/xenonkungen.com\/wp-content\/uploads\/2025\/04\/204076253-origpic-9eb5c1.png","width":1000,"height":1000},{"@type":"BreadcrumbList","@id":"https:\/\/xenonkungen.com\/produkt\/optibeam-led-ramp-super-captain-dual-rage\/#breadcrumb","itemListElement":[{"@type":"ListItem","position":1,"name":"Hem","item":"https:\/\/xenonkungen.com\/"},{"@type":"ListItem","position":2,"name":"Shop","item":"https:\/\/xenonkungen.com\/shop\/"},{"@type":"ListItem","position":3,"name":"OPTIBEAM LED ramp Super Captain Dual Rage"}]},{"@type":"WebSite","@id":"https:\/\/xenonkungen.com\/#website","url":"https:\/\/xenonkungen.com\/","name":"Xenonkungen","description":"","potentialAction":[{"@type":"SearchAction","target":{"@type":"EntryPoint","urlTemplate":"https:\/\/xenonkungen.com\/?s={search_term_string}"},"query-input":{"@type":"PropertyValueSpecification","valueRequired":true,"valueName":"search_term_string"}}],"inLanguage":"da-DK"}]}},"taxonomy_info":{"product_brand":[{"value":107,"label":"Optibeam"}],"product_cat":[{"value":2966,"label":"Ledramp Rak"},{"value":2539,"label":"LEDRAMPER"},{"value":2660,"label":"Optibeam"},{"value":2164,"label":"OPTIBEAM Super Captain"}],"pa_faktisk-effekts-forbrukning":[{"value":1518,"label":"411"}],"pa_fargtemperatur":[{"value":1428,"label":"6000"}],"pa_fuktskydd-varde-ipxx":[{"value":177,"label":"IP68"}],"pa_led-chips-effekt-w":[{"value":1517,"label":"600"}],"pa_ljusbild":[{"value":1177,"label":"Spot"}],"pa_storlek-mm":[{"value":1516,"label":"535 x 68 x 80"}],"pa_stromforbrukning":[{"value":1519,"label":"30A @ 13,7V"}],"pa_volt-v":[{"value":1444,"label":"9-36"}]},"featured_image_src_large":["https:\/\/xenonkungen.com\/wp-content\/uploads\/2025\/04\/204076253-origpic-9eb5c1.png",1000,1000,false],"author_info":[],"comment_info":0,"_links":{"self":[{"href":"https:\/\/xenonkungen.com\/dk\/wp-json\/wp\/v2\/product\/4937","targetHints":{"allow":["GET"]}}],"collection":[{"href":"https:\/\/xenonkungen.com\/dk\/wp-json\/wp\/v2\/product"}],"about":[{"href":"https:\/\/xenonkungen.com\/dk\/wp-json\/wp\/v2\/types\/product"}],"replies":[{"embeddable":true,"href":"https:\/\/xenonkungen.com\/dk\/wp-json\/wp\/v2\/comments?post=4937"}],"wp:featuredmedia":[{"embeddable":true,"href":"https:\/\/xenonkungen.com\/dk\/wp-json\/wp\/v2\/media\/4938"}],"wp:attachment":[{"href":"https:\/\/xenonkungen.com\/dk\/wp-json\/wp\/v2\/media?parent=4937"}],"wp:term":[{"taxonomy":"anvandningsomrade","embeddable":true,"href":"https:\/\/xenonkungen.com\/dk\/wp-json\/wp\/v2\/anvandningsomrade?post=4937"},{"taxonomy":"bilmarken","embeddable":true,"href":"https:\/\/xenonkungen.com\/dk\/wp-json\/wp\/v2\/bilmarken?post=4937"},{"taxonomy":"product_brand","embeddable":true,"href":"https:\/\/xenonkungen.com\/dk\/wp-json\/wp\/v2\/product_brand?post=4937"},{"taxonomy":"product_cat","embeddable":true,"href":"https:\/\/xenonkungen.com\/dk\/wp-json\/wp\/v2\/product_cat?post=4937"},{"taxonomy":"product_tag","embeddable":true,"href":"https:\/\/xenonkungen.com\/dk\/wp-json\/wp\/v2\/product_tag?post=4937"}],"curies":[{"name":"wp","href":"https:\/\/api.w.org\/{rel}","templated":true}]}}