{"id":5057,"date":"2025-04-15T09:22:39","date_gmt":"2025-04-15T09:22:39","guid":{"rendered":"https:\/\/xenonkungen.com\/product\/kabelsats-dtp-kontakt-1-ljus-320w\/"},"modified":"2026-04-21T16:04:35","modified_gmt":"2026-04-21T15:04:35","slug":"kabelsaet-dtp-stik-1-lys-320w","status":"publish","type":"product","link":"https:\/\/xenonkungen.com\/dk\/vare\/kabelsaet-dtp-stik-1-lys-320w\/","title":{"rendered":"Kabels\u00e6t DTP-stik 1 lys 320W"},"content":{"rendered":"<h1>Rel\u00e6ledningsf\u00f8ring med trykknap<\/h1>\n<p>Forbedr din bils belysning med vores ekstralysledningsnet, der er designet til at underst\u00f8tte en enkelt lygteenhed. Dette ledningsnet er udstyret med et rel\u00e6 og et Deutsch DTP-stik, hvilket g\u00f8r installationen sikker og p\u00e5lidelig.<\/p>\n<p>En integreret kontakt giver nem og bekvem betjening af lysenheden, s\u00e5 du kan t\u00e6nde og slukke ekstralyset efter behov. Dette g\u00f8r ledningsnettet til en perfekt l\u00f8sning for dem, der har brug for fleksibel belysning, uanset om det er til ekstralys, LED-lys eller arbejdslys.<\/p>\n<h3>\n<p><span class=\"xr_tl Normal_text\"><strong>OBS!<\/strong> Dette ledningss\u00e6t bruger en st\u00e6rkere\u00a0<strong>DTP-kontakt<\/strong>, ikke traditionelt DT-stik!<\/span><\/p>\n<p><span class=\"xr_tl Normal_text\"><strong>Garanti:<\/strong> 3 \u00e5r<\/span><\/p>","protected":false},"excerpt":{"rendered":"<p>Hj\u00e6lpelysledningsf\u00f8ring til 1 lys, med rel\u00e6 og Deutsch DTP-stik, afbryder<\/p>","protected":false},"featured_media":5058,"comment_status":"closed","ping_status":"open","template":"","meta":{"_acf_changed":false,"_smort_price_nok":"529","_smort_price_dkk":"336","_smort_price_eur":"45","_smort_sale_price_nok":"","_smort_sale_price_dkk":"","_smort_sale_price_eur":"","smort_restorder":"","shipmondo_restorder":"","_kad_blocks_custom_css":"","_kad_blocks_head_custom_js":"","_kad_blocks_body_custom_js":"","_kad_blocks_footer_custom_js":"","smort_custom_pricelist_1":"316.8","smort_custom_pricelist_2":"277.2","smort_custom_pricelist_3":"256.75","smort_custom_pricelist_4":"396","smort_custom_pricelist_5":"277.2"},"anvandningsomrade":[],"bilmarken":[],"product_brand":[],"product_cat":[2841,2828,2488,2491,2489,2490,390],"product_tag":[],"class_list":{"0":"post-5057","1":"product","2":"type-product","3":"status-publish","4":"has-post-thumbnail","6":"product_cat-installation-extraljus","7":"product_cat-installation-led-ramper","8":"product_cat-relasats-arbetsbelysning","9":"product_cat-relasats","10":"product_cat-relasats-extraljus","11":"product_cat-relasats-2","12":"product_cat-installation","13":"pa_storlek-mm-1573","15":"first","16":"onbackorder","17":"taxable","18":"shipping-taxable","19":"purchasable","20":"product-type-simple"},"bundled_by":[],"bundle_stock_status":"onbackorder","bundle_stock_quantity":0,"bundle_virtual":false,"bundle_layout":"","bundle_add_to_cart_form_location":"","bundle_editable_in_cart":false,"bundle_sold_individually_context":"","bundle_item_grouping":"","bundle_min_size":"","bundle_max_size":"","bundle_price":[],"bundled_items":[],"bundle_sell_ids":[],"acf":[],"yoast_head":"<!-- This site is optimized with the Yoast SEO plugin v27.0 - https:\/\/yoast.com\/product\/yoast-seo-wordpress\/ -->\n<title>Kabelsats DTP kontakt 1 ljus 320W - Xenonkungen<\/title>\n<meta name=\"robots\" content=\"index, follow, max-snippet:-1, max-image-preview:large, max-video-preview:-1\" \/>\n<link rel=\"canonical\" href=\"https:\/\/xenonkungen.com\/dk\/vare\/kabelsaet-dtp-stik-1-lys-320w\/\" \/>\n<meta property=\"og:locale\" content=\"da_DK\" \/>\n<meta property=\"og:type\" content=\"article\" \/>\n<meta property=\"og:title\" content=\"Kabelsats DTP kontakt 1 ljus 320W - Xenonkungen\" \/>\n<meta property=\"og:description\" content=\"Extraljuskablage f\u00f6r 1 ljus, med rel\u00e4 och Deutsch DTP-kontakt, brytare\" \/>\n<meta property=\"og:url\" content=\"https:\/\/xenonkungen.com\/dk\/vare\/kabelsaet-dtp-stik-1-lys-320w\/\" \/>\n<meta property=\"og:site_name\" content=\"Xenonkungen\" \/>\n<meta property=\"article:modified_time\" content=\"2026-04-21T15:04:35+00:00\" \/>\n<meta property=\"og:image\" content=\"https:\/\/xenonkungen.com\/wp-content\/uploads\/2025\/04\/211836203-origpic-e94c02.png\" \/>\n\t<meta property=\"og:image:width\" content=\"886\" \/>\n\t<meta property=\"og:image:height\" content=\"413\" \/>\n\t<meta property=\"og:image:type\" content=\"image\/png\" \/>\n<meta name=\"twitter:card\" content=\"summary_large_image\" \/>\n<meta name=\"twitter:label1\" content=\"Estimeret l\u00e6setid\" \/>\n\t<meta name=\"twitter:data1\" content=\"1 minut\" \/>\n<script type=\"application\/ld+json\" class=\"yoast-schema-graph\">{\"@context\":\"https:\/\/schema.org\",\"@graph\":[{\"@type\":\"WebPage\",\"@id\":\"https:\/\/xenonkungen.com\/de\/produkt\/kabelsatz-mit-dtp-stecker-1-lampe-320-w\/\",\"url\":\"https:\/\/xenonkungen.com\/de\/produkt\/kabelsatz-mit-dtp-stecker-1-lampe-320-w\/\",\"name\":\"Kabelsats DTP kontakt 1 ljus 320W - Xenonkungen\",\"isPartOf\":{\"@id\":\"https:\/\/xenonkungen.com\/#website\"},\"primaryImageOfPage\":{\"@id\":\"https:\/\/xenonkungen.com\/de\/produkt\/kabelsatz-mit-dtp-stecker-1-lampe-320-w\/#primaryimage\"},\"image\":{\"@id\":\"https:\/\/xenonkungen.com\/de\/produkt\/kabelsatz-mit-dtp-stecker-1-lampe-320-w\/#primaryimage\"},\"thumbnailUrl\":\"https:\/\/xenonkungen.com\/wp-content\/uploads\/2025\/04\/211836203-origpic-e94c02.png\",\"datePublished\":\"2025-04-15T09:22:39+00:00\",\"dateModified\":\"2026-04-21T15:04:35+00:00\",\"breadcrumb\":{\"@id\":\"https:\/\/xenonkungen.com\/de\/produkt\/kabelsatz-mit-dtp-stecker-1-lampe-320-w\/#breadcrumb\"},\"inLanguage\":\"da-DK\",\"potentialAction\":[{\"@type\":\"ReadAction\",\"target\":[\"https:\/\/xenonkungen.com\/de\/produkt\/kabelsatz-mit-dtp-stecker-1-lampe-320-w\/\"]}]},{\"@type\":\"ImageObject\",\"inLanguage\":\"da-DK\",\"@id\":\"https:\/\/xenonkungen.com\/de\/produkt\/kabelsatz-mit-dtp-stecker-1-lampe-320-w\/#primaryimage\",\"url\":\"https:\/\/xenonkungen.com\/wp-content\/uploads\/2025\/04\/211836203-origpic-e94c02.png\",\"contentUrl\":\"https:\/\/xenonkungen.com\/wp-content\/uploads\/2025\/04\/211836203-origpic-e94c02.png\",\"width\":886,\"height\":413},{\"@type\":\"BreadcrumbList\",\"@id\":\"https:\/\/xenonkungen.com\/de\/produkt\/kabelsatz-mit-dtp-stecker-1-lampe-320-w\/#breadcrumb\",\"itemListElement\":[{\"@type\":\"ListItem\",\"position\":1,\"name\":\"Hem\",\"item\":\"https:\/\/xenonkungen.com\/\"},{\"@type\":\"ListItem\",\"position\":2,\"name\":\"Shop\",\"item\":\"https:\/\/xenonkungen.com\/shop\/\"},{\"@type\":\"ListItem\",\"position\":3,\"name\":\"Kabelsats DTP kontakt 1 ljus 320W\"}]},{\"@type\":\"WebSite\",\"@id\":\"https:\/\/xenonkungen.com\/#website\",\"url\":\"https:\/\/xenonkungen.com\/\",\"name\":\"Xenonkungen\",\"description\":\"\",\"potentialAction\":[{\"@type\":\"SearchAction\",\"target\":{\"@type\":\"EntryPoint\",\"urlTemplate\":\"https:\/\/xenonkungen.com\/?s={search_term_string}\"},\"query-input\":{\"@type\":\"PropertyValueSpecification\",\"valueRequired\":true,\"valueName\":\"search_term_string\"}}],\"inLanguage\":\"da-DK\"}]}<\/script>\n<!-- \/ Yoast SEO plugin. -->","yoast_head_json":{"title":"Kabels\u00e6t DTP-stik 1 lys 320W - Xenonkungen","robots":{"index":"index","follow":"follow","max-snippet":"max-snippet:-1","max-image-preview":"max-image-preview:large","max-video-preview":"max-video-preview:-1"},"canonical":"https:\/\/xenonkungen.com\/dk\/vare\/kabelsaet-dtp-stik-1-lys-320w\/","og_locale":"da_DK","og_type":"article","og_title":"Kabelsats DTP kontakt 1 ljus 320W - Xenonkungen","og_description":"Extraljuskablage f\u00f6r 1 ljus, med rel\u00e4 och Deutsch DTP-kontakt, brytare","og_url":"https:\/\/xenonkungen.com\/dk\/vare\/kabelsaet-dtp-stik-1-lys-320w\/","og_site_name":"Xenonkungen","article_modified_time":"2026-04-21T15:04:35+00:00","og_image":[{"width":886,"height":413,"url":"https:\/\/xenonkungen.com\/wp-content\/uploads\/2025\/04\/211836203-origpic-e94c02.png","type":"image\/png"}],"twitter_card":"summary_large_image","twitter_misc":{"Estimeret l\u00e6setid":"1 minut"},"schema":{"@context":"https:\/\/schema.org","@graph":[{"@type":"WebPage","@id":"https:\/\/xenonkungen.com\/de\/produkt\/kabelsatz-mit-dtp-stecker-1-lampe-320-w\/","url":"https:\/\/xenonkungen.com\/de\/produkt\/kabelsatz-mit-dtp-stecker-1-lampe-320-w\/","name":"Kabels\u00e6t DTP-stik 1 lys 320W - Xenonkungen","isPartOf":{"@id":"https:\/\/xenonkungen.com\/#website"},"primaryImageOfPage":{"@id":"https:\/\/xenonkungen.com\/de\/produkt\/kabelsatz-mit-dtp-stecker-1-lampe-320-w\/#primaryimage"},"image":{"@id":"https:\/\/xenonkungen.com\/de\/produkt\/kabelsatz-mit-dtp-stecker-1-lampe-320-w\/#primaryimage"},"thumbnailUrl":"https:\/\/xenonkungen.com\/wp-content\/uploads\/2025\/04\/211836203-origpic-e94c02.png","datePublished":"2025-04-15T09:22:39+00:00","dateModified":"2026-04-21T15:04:35+00:00","breadcrumb":{"@id":"https:\/\/xenonkungen.com\/de\/produkt\/kabelsatz-mit-dtp-stecker-1-lampe-320-w\/#breadcrumb"},"inLanguage":"da-DK","potentialAction":[{"@type":"ReadAction","target":["https:\/\/xenonkungen.com\/de\/produkt\/kabelsatz-mit-dtp-stecker-1-lampe-320-w\/"]}]},{"@type":"ImageObject","inLanguage":"da-DK","@id":"https:\/\/xenonkungen.com\/de\/produkt\/kabelsatz-mit-dtp-stecker-1-lampe-320-w\/#primaryimage","url":"https:\/\/xenonkungen.com\/wp-content\/uploads\/2025\/04\/211836203-origpic-e94c02.png","contentUrl":"https:\/\/xenonkungen.com\/wp-content\/uploads\/2025\/04\/211836203-origpic-e94c02.png","width":886,"height":413},{"@type":"BreadcrumbList","@id":"https:\/\/xenonkungen.com\/de\/produkt\/kabelsatz-mit-dtp-stecker-1-lampe-320-w\/#breadcrumb","itemListElement":[{"@type":"ListItem","position":1,"name":"Hem","item":"https:\/\/xenonkungen.com\/"},{"@type":"ListItem","position":2,"name":"Shop","item":"https:\/\/xenonkungen.com\/shop\/"},{"@type":"ListItem","position":3,"name":"Kabelsats DTP kontakt 1 ljus 320W"}]},{"@type":"WebSite","@id":"https:\/\/xenonkungen.com\/#website","url":"https:\/\/xenonkungen.com\/","name":"Xenonkungen","description":"","potentialAction":[{"@type":"SearchAction","target":{"@type":"EntryPoint","urlTemplate":"https:\/\/xenonkungen.com\/?s={search_term_string}"},"query-input":{"@type":"PropertyValueSpecification","valueRequired":true,"valueName":"search_term_string"}}],"inLanguage":"da-DK"}]}},"taxonomy_info":{"product_cat":[{"value":2841,"label":"Installation extraljus"},{"value":2828,"label":"Installation LED-ramper"},{"value":2488,"label":"Rel\u00e4sats"},{"value":2491,"label":"Rel\u00e4sats"},{"value":2489,"label":"Rel\u00e4satser"},{"value":2490,"label":"Rel\u00e4satser"},{"value":390,"label":"Installation"}],"pa_storlek-mm":[{"value":1573,"label":"3000"}]},"featured_image_src_large":["https:\/\/xenonkungen.com\/wp-content\/uploads\/2025\/04\/211836203-origpic-e94c02.png",886,413,false],"author_info":[],"comment_info":0,"_links":{"self":[{"href":"https:\/\/xenonkungen.com\/dk\/wp-json\/wp\/v2\/product\/5057","targetHints":{"allow":["GET"]}}],"collection":[{"href":"https:\/\/xenonkungen.com\/dk\/wp-json\/wp\/v2\/product"}],"about":[{"href":"https:\/\/xenonkungen.com\/dk\/wp-json\/wp\/v2\/types\/product"}],"replies":[{"embeddable":true,"href":"https:\/\/xenonkungen.com\/dk\/wp-json\/wp\/v2\/comments?post=5057"}],"wp:featuredmedia":[{"embeddable":true,"href":"https:\/\/xenonkungen.com\/dk\/wp-json\/wp\/v2\/media\/5058"}],"wp:attachment":[{"href":"https:\/\/xenonkungen.com\/dk\/wp-json\/wp\/v2\/media?parent=5057"}],"wp:term":[{"taxonomy":"anvandningsomrade","embeddable":true,"href":"https:\/\/xenonkungen.com\/dk\/wp-json\/wp\/v2\/anvandningsomrade?post=5057"},{"taxonomy":"bilmarken","embeddable":true,"href":"https:\/\/xenonkungen.com\/dk\/wp-json\/wp\/v2\/bilmarken?post=5057"},{"taxonomy":"product_brand","embeddable":true,"href":"https:\/\/xenonkungen.com\/dk\/wp-json\/wp\/v2\/product_brand?post=5057"},{"taxonomy":"product_cat","embeddable":true,"href":"https:\/\/xenonkungen.com\/dk\/wp-json\/wp\/v2\/product_cat?post=5057"},{"taxonomy":"product_tag","embeddable":true,"href":"https:\/\/xenonkungen.com\/dk\/wp-json\/wp\/v2\/product_tag?post=5057"}],"curies":[{"name":"wp","href":"https:\/\/api.w.org\/{rel}","templated":true}]}}