{"id":5067,"date":"2025-04-15T09:22:39","date_gmt":"2025-04-15T09:22:39","guid":{"rendered":"https:\/\/xenonkungen.com\/product\/kabelsats-for-3st-ljus-dt-4\/"},"modified":"2026-03-04T16:45:29","modified_gmt":"2026-03-04T15:45:29","slug":"kabelsaet-til-3-lys-dt-4","status":"publish","type":"product","link":"https:\/\/xenonkungen.com\/dk\/vare\/kabelsaet-til-3-lys-dt-4\/","title":{"rendered":"Kabels\u00e6t til 3 lys DT 4"},"content":{"rendered":"<div class=\"container\">\n<h1>Ledningsf\u00f8ring til 3 ekstralys<\/h1>\n<p>Dette ledningsnet er designet til at forbinde 3 ekstralygter, udstyret med et rel\u00e6 af h\u00f8j kvalitet og et 4-benet Deutsch-stik for p\u00e5lidelige og sikre forbindelser. Ideelt til at sikre, at dine ekstralygter str\u00f8mforsynes sikkert og effektivt.<\/p>\n<p>Ledningsnettet er nemt at installere og tilbyder en str\u00f8mlinet l\u00f8sning til at styre dit k\u00f8ret\u00f8js belysningsops\u00e6tning uden behov for splejsning eller lodning.<\/p>\n<\/div>\n<ul>\n<li><span class=\"xr_tl Normal_text\">Til 3 lamper<\/span><\/li>\n<li>4mm\u00b2 kabel<\/li>\n<li>40A rel\u00e6, rel\u00e6sok, sikring og DT-kontakter medf\u00f8lger<\/li>\n<\/ul>","protected":false},"excerpt":{"rendered":"<p>Kablage f\u00f6r 3 Extraljus Detta kablage \u00e4r utformat f\u00f6r att ansluta 3 extraljus, utrustat med ett h\u00f6gkvalitativt rel\u00e4 och en 4-polig Deutschkontakt f\u00f6r tillf\u00f6rlitliga och s\u00e4kra anslutningar. Idealiskt f\u00f6r att s\u00e4kerst\u00e4lla att dina extraljus f\u00e5r str\u00f6m p\u00e5 ett s\u00e4kert och effektivt s\u00e4tt. Kablaget \u00e4r enkelt att installera och erbjuder en str\u00f6mlinjeformad l\u00f6sning f\u00f6r hantering av [&hellip;]<\/p>","protected":false},"featured_media":5068,"comment_status":"closed","ping_status":"open","template":"","meta":{"_acf_changed":false,"_smort_price_nok":"694","_smort_price_dkk":"441","_smort_price_eur":"59.09","_smort_sale_price_nok":"","_smort_sale_price_dkk":"","_smort_sale_price_eur":"","smort_restorder":"","shipmondo_restorder":"","_kad_blocks_custom_css":"","_kad_blocks_head_custom_js":"","_kad_blocks_body_custom_js":"","_kad_blocks_footer_custom_js":"","smort_custom_pricelist_1":"416","smort_custom_pricelist_2":"400","smort_custom_pricelist_3":"355","smort_custom_pricelist_4":"400","smort_custom_pricelist_5":"400"},"anvandningsomrade":[],"bilmarken":[],"product_brand":[],"product_cat":[2841,2828,2488,2491,2489,2490,390],"product_tag":[],"class_list":{"0":"post-5067","1":"product","2":"type-product","3":"status-publish","4":"has-post-thumbnail","6":"product_cat-installation-extraljus","7":"product_cat-installation-led-ramper","8":"product_cat-relasats-arbetsbelysning","9":"product_cat-relasats","10":"product_cat-relasats-extraljus","11":"product_cat-relasats-2","12":"product_cat-installation","14":"first","15":"onbackorder","16":"taxable","17":"shipping-taxable","18":"purchasable","19":"product-type-simple"},"bundled_by":[],"bundle_stock_status":"onbackorder","bundle_stock_quantity":0,"bundle_virtual":false,"bundle_layout":"","bundle_add_to_cart_form_location":"","bundle_editable_in_cart":false,"bundle_sold_individually_context":"","bundle_item_grouping":"","bundle_min_size":"","bundle_max_size":"","bundle_price":[],"bundled_items":[],"bundle_sell_ids":[],"acf":[],"yoast_head":"<!-- This site is optimized with the Yoast SEO plugin v27.0 - https:\/\/yoast.com\/product\/yoast-seo-wordpress\/ -->\n<title>Kabelsats f\u00f6r 3st ljus DT 4 - Xenonkungen<\/title>\n<meta name=\"robots\" content=\"index, follow, max-snippet:-1, max-image-preview:large, max-video-preview:-1\" \/>\n<link rel=\"canonical\" href=\"https:\/\/xenonkungen.com\/dk\/vare\/kabelsaet-til-3-lys-dt-4\/\" \/>\n<meta property=\"og:locale\" content=\"da_DK\" \/>\n<meta property=\"og:type\" content=\"article\" \/>\n<meta property=\"og:title\" content=\"Kabelsats f\u00f6r 3st ljus DT 4 - Xenonkungen\" \/>\n<meta property=\"og:description\" content=\"Kablage f\u00f6r 3 Extraljus Detta kablage \u00e4r utformat f\u00f6r att ansluta 3 extraljus, utrustat med ett h\u00f6gkvalitativt rel\u00e4 och en 4-polig Deutschkontakt f\u00f6r tillf\u00f6rlitliga och s\u00e4kra anslutningar. Idealiskt f\u00f6r att s\u00e4kerst\u00e4lla att dina extraljus f\u00e5r str\u00f6m p\u00e5 ett s\u00e4kert och effektivt s\u00e4tt. Kablaget \u00e4r enkelt att installera och erbjuder en str\u00f6mlinjeformad l\u00f6sning f\u00f6r hantering av [&hellip;]\" \/>\n<meta property=\"og:url\" content=\"https:\/\/xenonkungen.com\/dk\/vare\/kabelsaet-til-3-lys-dt-4\/\" \/>\n<meta property=\"og:site_name\" content=\"Xenonkungen\" \/>\n<meta property=\"article:modified_time\" content=\"2026-03-04T15:45:29+00:00\" \/>\n<meta property=\"og:image\" content=\"https:\/\/xenonkungen.com\/wp-content\/uploads\/2025\/04\/204076303-origpic-277a66.png\" \/>\n\t<meta property=\"og:image:width\" content=\"709\" \/>\n\t<meta property=\"og:image:height\" content=\"486\" \/>\n\t<meta property=\"og:image:type\" content=\"image\/png\" \/>\n<meta name=\"twitter:card\" content=\"summary_large_image\" \/>\n<script type=\"application\/ld+json\" class=\"yoast-schema-graph\">{\"@context\":\"https:\/\/schema.org\",\"@graph\":[{\"@type\":\"WebPage\",\"@id\":\"https:\/\/xenonkungen.com\/nl\/product\/kabelset-voor-3-lampen-dt-4\/\",\"url\":\"https:\/\/xenonkungen.com\/nl\/product\/kabelset-voor-3-lampen-dt-4\/\",\"name\":\"Kabelsats f\u00f6r 3st ljus DT 4 - Xenonkungen\",\"isPartOf\":{\"@id\":\"https:\/\/xenonkungen.com\/#website\"},\"primaryImageOfPage\":{\"@id\":\"https:\/\/xenonkungen.com\/nl\/product\/kabelset-voor-3-lampen-dt-4\/#primaryimage\"},\"image\":{\"@id\":\"https:\/\/xenonkungen.com\/nl\/product\/kabelset-voor-3-lampen-dt-4\/#primaryimage\"},\"thumbnailUrl\":\"https:\/\/xenonkungen.com\/wp-content\/uploads\/2025\/04\/204076303-origpic-277a66.png\",\"datePublished\":\"2025-04-15T09:22:39+00:00\",\"dateModified\":\"2026-03-04T15:45:29+00:00\",\"breadcrumb\":{\"@id\":\"https:\/\/xenonkungen.com\/nl\/product\/kabelset-voor-3-lampen-dt-4\/#breadcrumb\"},\"inLanguage\":\"da-DK\",\"potentialAction\":[{\"@type\":\"ReadAction\",\"target\":[\"https:\/\/xenonkungen.com\/nl\/product\/kabelset-voor-3-lampen-dt-4\/\"]}]},{\"@type\":\"ImageObject\",\"inLanguage\":\"da-DK\",\"@id\":\"https:\/\/xenonkungen.com\/nl\/product\/kabelset-voor-3-lampen-dt-4\/#primaryimage\",\"url\":\"https:\/\/xenonkungen.com\/wp-content\/uploads\/2025\/04\/204076303-origpic-277a66.png\",\"contentUrl\":\"https:\/\/xenonkungen.com\/wp-content\/uploads\/2025\/04\/204076303-origpic-277a66.png\",\"width\":709,\"height\":486},{\"@type\":\"BreadcrumbList\",\"@id\":\"https:\/\/xenonkungen.com\/nl\/product\/kabelset-voor-3-lampen-dt-4\/#breadcrumb\",\"itemListElement\":[{\"@type\":\"ListItem\",\"position\":1,\"name\":\"Hem\",\"item\":\"https:\/\/xenonkungen.com\/\"},{\"@type\":\"ListItem\",\"position\":2,\"name\":\"Shop\",\"item\":\"https:\/\/xenonkungen.com\/shop\/\"},{\"@type\":\"ListItem\",\"position\":3,\"name\":\"Kabelsats f\u00f6r 3st ljus DT 4\"}]},{\"@type\":\"WebSite\",\"@id\":\"https:\/\/xenonkungen.com\/#website\",\"url\":\"https:\/\/xenonkungen.com\/\",\"name\":\"Xenonkungen\",\"description\":\"\",\"potentialAction\":[{\"@type\":\"SearchAction\",\"target\":{\"@type\":\"EntryPoint\",\"urlTemplate\":\"https:\/\/xenonkungen.com\/?s={search_term_string}\"},\"query-input\":{\"@type\":\"PropertyValueSpecification\",\"valueRequired\":true,\"valueName\":\"search_term_string\"}}],\"inLanguage\":\"da-DK\"}]}<\/script>\n<!-- \/ Yoast SEO plugin. -->","yoast_head_json":{"title":"Kabels\u00e6t til 3 lygter DT 4 - Xenonkungen","robots":{"index":"index","follow":"follow","max-snippet":"max-snippet:-1","max-image-preview":"max-image-preview:large","max-video-preview":"max-video-preview:-1"},"canonical":"https:\/\/xenonkungen.com\/dk\/vare\/kabelsaet-til-3-lys-dt-4\/","og_locale":"da_DK","og_type":"article","og_title":"Kabelsats f\u00f6r 3st ljus DT 4 - Xenonkungen","og_description":"Kablage f\u00f6r 3 Extraljus Detta kablage \u00e4r utformat f\u00f6r att ansluta 3 extraljus, utrustat med ett h\u00f6gkvalitativt rel\u00e4 och en 4-polig Deutschkontakt f\u00f6r tillf\u00f6rlitliga och s\u00e4kra anslutningar. Idealiskt f\u00f6r att s\u00e4kerst\u00e4lla att dina extraljus f\u00e5r str\u00f6m p\u00e5 ett s\u00e4kert och effektivt s\u00e4tt. Kablaget \u00e4r enkelt att installera och erbjuder en str\u00f6mlinjeformad l\u00f6sning f\u00f6r hantering av [&hellip;]","og_url":"https:\/\/xenonkungen.com\/dk\/vare\/kabelsaet-til-3-lys-dt-4\/","og_site_name":"Xenonkungen","article_modified_time":"2026-03-04T15:45:29+00:00","og_image":[{"width":709,"height":486,"url":"https:\/\/xenonkungen.com\/wp-content\/uploads\/2025\/04\/204076303-origpic-277a66.png","type":"image\/png"}],"twitter_card":"summary_large_image","schema":{"@context":"https:\/\/schema.org","@graph":[{"@type":"WebPage","@id":"https:\/\/xenonkungen.com\/nl\/product\/kabelset-voor-3-lampen-dt-4\/","url":"https:\/\/xenonkungen.com\/nl\/product\/kabelset-voor-3-lampen-dt-4\/","name":"Kabels\u00e6t til 3 lygter DT 4 - Xenonkungen","isPartOf":{"@id":"https:\/\/xenonkungen.com\/#website"},"primaryImageOfPage":{"@id":"https:\/\/xenonkungen.com\/nl\/product\/kabelset-voor-3-lampen-dt-4\/#primaryimage"},"image":{"@id":"https:\/\/xenonkungen.com\/nl\/product\/kabelset-voor-3-lampen-dt-4\/#primaryimage"},"thumbnailUrl":"https:\/\/xenonkungen.com\/wp-content\/uploads\/2025\/04\/204076303-origpic-277a66.png","datePublished":"2025-04-15T09:22:39+00:00","dateModified":"2026-03-04T15:45:29+00:00","breadcrumb":{"@id":"https:\/\/xenonkungen.com\/nl\/product\/kabelset-voor-3-lampen-dt-4\/#breadcrumb"},"inLanguage":"da-DK","potentialAction":[{"@type":"ReadAction","target":["https:\/\/xenonkungen.com\/nl\/product\/kabelset-voor-3-lampen-dt-4\/"]}]},{"@type":"ImageObject","inLanguage":"da-DK","@id":"https:\/\/xenonkungen.com\/nl\/product\/kabelset-voor-3-lampen-dt-4\/#primaryimage","url":"https:\/\/xenonkungen.com\/wp-content\/uploads\/2025\/04\/204076303-origpic-277a66.png","contentUrl":"https:\/\/xenonkungen.com\/wp-content\/uploads\/2025\/04\/204076303-origpic-277a66.png","width":709,"height":486},{"@type":"BreadcrumbList","@id":"https:\/\/xenonkungen.com\/nl\/product\/kabelset-voor-3-lampen-dt-4\/#breadcrumb","itemListElement":[{"@type":"ListItem","position":1,"name":"Hem","item":"https:\/\/xenonkungen.com\/"},{"@type":"ListItem","position":2,"name":"Shop","item":"https:\/\/xenonkungen.com\/shop\/"},{"@type":"ListItem","position":3,"name":"Kabelsats f\u00f6r 3st ljus DT 4"}]},{"@type":"WebSite","@id":"https:\/\/xenonkungen.com\/#website","url":"https:\/\/xenonkungen.com\/","name":"Xenonkungen","description":"","potentialAction":[{"@type":"SearchAction","target":{"@type":"EntryPoint","urlTemplate":"https:\/\/xenonkungen.com\/?s={search_term_string}"},"query-input":{"@type":"PropertyValueSpecification","valueRequired":true,"valueName":"search_term_string"}}],"inLanguage":"da-DK"}]}},"taxonomy_info":{"product_cat":[{"value":2841,"label":"Installation extraljus"},{"value":2828,"label":"Installation LED-ramper"},{"value":2488,"label":"Rel\u00e4sats"},{"value":2491,"label":"Rel\u00e4sats"},{"value":2489,"label":"Rel\u00e4satser"},{"value":2490,"label":"Rel\u00e4satser"},{"value":390,"label":"Installation"}]},"featured_image_src_large":["https:\/\/xenonkungen.com\/wp-content\/uploads\/2025\/04\/204076303-origpic-277a66.png",709,486,false],"author_info":[],"comment_info":0,"_links":{"self":[{"href":"https:\/\/xenonkungen.com\/dk\/wp-json\/wp\/v2\/product\/5067","targetHints":{"allow":["GET"]}}],"collection":[{"href":"https:\/\/xenonkungen.com\/dk\/wp-json\/wp\/v2\/product"}],"about":[{"href":"https:\/\/xenonkungen.com\/dk\/wp-json\/wp\/v2\/types\/product"}],"replies":[{"embeddable":true,"href":"https:\/\/xenonkungen.com\/dk\/wp-json\/wp\/v2\/comments?post=5067"}],"wp:featuredmedia":[{"embeddable":true,"href":"https:\/\/xenonkungen.com\/dk\/wp-json\/wp\/v2\/media\/5068"}],"wp:attachment":[{"href":"https:\/\/xenonkungen.com\/dk\/wp-json\/wp\/v2\/media?parent=5067"}],"wp:term":[{"taxonomy":"anvandningsomrade","embeddable":true,"href":"https:\/\/xenonkungen.com\/dk\/wp-json\/wp\/v2\/anvandningsomrade?post=5067"},{"taxonomy":"bilmarken","embeddable":true,"href":"https:\/\/xenonkungen.com\/dk\/wp-json\/wp\/v2\/bilmarken?post=5067"},{"taxonomy":"product_brand","embeddable":true,"href":"https:\/\/xenonkungen.com\/dk\/wp-json\/wp\/v2\/product_brand?post=5067"},{"taxonomy":"product_cat","embeddable":true,"href":"https:\/\/xenonkungen.com\/dk\/wp-json\/wp\/v2\/product_cat?post=5067"},{"taxonomy":"product_tag","embeddable":true,"href":"https:\/\/xenonkungen.com\/dk\/wp-json\/wp\/v2\/product_tag?post=5067"}],"curies":[{"name":"wp","href":"https:\/\/api.w.org\/{rel}","templated":true}]}}