{"id":5070,"date":"2025-04-15T09:22:45","date_gmt":"2025-04-15T09:22:45","guid":{"rendered":"https:\/\/xenonkungen.com\/product\/kabelsats-1st-ljus-dt-kontakt-for-xbb-rela\/"},"modified":"2026-04-11T01:41:22","modified_gmt":"2026-04-11T00:41:22","slug":"kabelsaet-1-stk-lys-dt-stik-til-xbb-relae","status":"publish","type":"product","link":"https:\/\/xenonkungen.com\/dk\/vare\/kabelsaet-1-stk-lys-dt-stik-til-xbb-relae\/","title":{"rendered":"Kabels\u00e6t 1. lys DT-stik til XBB-rel\u00e6"},"content":{"rendered":"<h1>Rel\u00e6kabels\u00e6t til XBB med DT-2-stik<\/h1>\n<p>Opdag vores f\u00f8rsteklasses rel\u00e6kabels\u00e6t, der er specielt designet til at forbinde med XBB-rel\u00e6er og DT-2-stik. Dette kabels\u00e6t er den perfekte l\u00f8sning til at sikre en p\u00e5lidelig og effektiv forbindelse til dit belysningssystem.<\/p>\n<p>Dette ledningss\u00e6t indeholder alt, hvad du beh\u00f8ver for at tilslutte en enkelt lygte med en samlet effekt p\u00e5 op til 180 W. Den er ideel til positionslys og andre lignende anvendelser, hvor p\u00e5lidelighed og effektivitet er afg\u00f8rende.<\/p>\n<p>Kabels\u00e6ttet indeholder et 50 cm langt DT-kabel, som er omhyggeligt konstrueret med 2,5 mm\u00b2 ledning for at sikre optimal ledningsevne og holdbarhed. Derudover er kabels\u00e6ttet udstyret med en robust 25A sikring, der giver ekstra beskyttelse mod overstr\u00f8m og sikrer langvarig p\u00e5lidelighed af dit belysningssystem.<\/p>\n<p>Vores rel\u00e6-kabels\u00e6t til XBB med DT-2-stik er det perfekte valg for dem, der leder efter en p\u00e5lidelig og effektiv l\u00f8sning til deres belysningssystem. V\u00e6lg vores ledningss\u00e6t for problemfri installation og langvarig ydeevne.<\/p>\n<h2>Tilf\u00f8jelse:<\/h2>\n<p>Dette rel\u00e6kabels\u00e6t fra Autoline er ogs\u00e5 beregnet til brug med ekstralys eller LED-lys, hvilket g\u00f8r det til en alsidig l\u00f8sning til forskellige belysningsbehov i k\u00f8ret\u00f8jer.<\/p>","protected":false},"excerpt":{"rendered":"<p>Rel\u00e4kabelsats f\u00f6r XBB med DT-2 Kontakt Uppt\u00e4ck v\u00e5r premium rel\u00e4kabelsats, speciellt designad f\u00f6r att anslutas med XBB rel\u00e4er och DT-2 kontakter. Denna kabelsats \u00e4r den perfekta l\u00f6sningen f\u00f6r att s\u00e4kerst\u00e4lla en p\u00e5litlig och effektiv anslutning f\u00f6r ditt ljussystem. Inkluderat i denna kabelsats \u00e4r allt du beh\u00f6ver f\u00f6r att ansluta ett enda ljus, med en total [&hellip;]<\/p>","protected":false},"featured_media":5071,"comment_status":"closed","ping_status":"open","template":"","meta":{"_acf_changed":false,"_smort_price_nok":"315","_smort_price_dkk":"200","_smort_price_eur":"26.82","_smort_sale_price_nok":"","_smort_sale_price_dkk":"","_smort_sale_price_eur":"","smort_restorder":"","shipmondo_restorder":"","_kad_blocks_custom_css":"","_kad_blocks_head_custom_js":"","_kad_blocks_body_custom_js":"","_kad_blocks_footer_custom_js":"","smort_custom_pricelist_1":"188.8","smort_custom_pricelist_2":"165.2","smort_custom_pricelist_3":"153.4","smort_custom_pricelist_4":"236","smort_custom_pricelist_5":"188.8"},"anvandningsomrade":[],"bilmarken":[],"product_brand":[115],"product_cat":[2487,2841,2828,2795,2796,2573,390],"product_tag":[],"class_list":{"0":"post-5070","1":"product","2":"type-product","3":"status-publish","4":"has-post-thumbnail","6":"product_brand-xbb","7":"product_cat-canbus-installation","8":"product_cat-installation-extraljus","9":"product_cat-installation-led-ramper","10":"product_cat-kablar-rela","11":"product_cat-relakabelsatser","12":"product_cat-relasats-relasats-ledramper-relasats-extraljus-relasats-arbetsbelysning-xbb-installation","13":"product_cat-installation","14":"pa_lampsockel-kontakt-dt-2-kontakt","15":"pa_storlek-mm-97x120x70","17":"first","18":"onbackorder","19":"taxable","20":"shipping-taxable","21":"purchasable","22":"product-type-simple"},"bundled_by":[],"bundle_stock_status":"onbackorder","bundle_stock_quantity":0,"bundle_virtual":false,"bundle_layout":"","bundle_add_to_cart_form_location":"","bundle_editable_in_cart":false,"bundle_sold_individually_context":"","bundle_item_grouping":"","bundle_min_size":"","bundle_max_size":"","bundle_price":[],"bundled_items":[],"bundle_sell_ids":[],"acf":[],"yoast_head":"<!-- This site is optimized with the Yoast SEO plugin v27.0 - https:\/\/yoast.com\/product\/yoast-seo-wordpress\/ -->\n<title>Kabelsats 1st ljus DT-kontakt f\u00f6r XBB-rel\u00e4 - Xenonkungen<\/title>\n<meta name=\"robots\" content=\"index, follow, max-snippet:-1, max-image-preview:large, max-video-preview:-1\" \/>\n<link rel=\"canonical\" href=\"https:\/\/xenonkungen.com\/dk\/vare\/kabelsaet-1-stk-lys-dt-stik-til-xbb-relae\/\" \/>\n<meta property=\"og:locale\" content=\"da_DK\" \/>\n<meta property=\"og:type\" content=\"article\" \/>\n<meta property=\"og:title\" content=\"Kabelsats 1st ljus DT-kontakt f\u00f6r XBB-rel\u00e4 - Xenonkungen\" \/>\n<meta property=\"og:description\" content=\"Rel\u00e4kabelsats f\u00f6r XBB med DT-2 Kontakt Uppt\u00e4ck v\u00e5r premium rel\u00e4kabelsats, speciellt designad f\u00f6r att anslutas med XBB rel\u00e4er och DT-2 kontakter. Denna kabelsats \u00e4r den perfekta l\u00f6sningen f\u00f6r att s\u00e4kerst\u00e4lla en p\u00e5litlig och effektiv anslutning f\u00f6r ditt ljussystem. Inkluderat i denna kabelsats \u00e4r allt du beh\u00f6ver f\u00f6r att ansluta ett enda ljus, med en total [&hellip;]\" \/>\n<meta property=\"og:url\" content=\"https:\/\/xenonkungen.com\/dk\/vare\/kabelsaet-1-stk-lys-dt-stik-til-xbb-relae\/\" \/>\n<meta property=\"og:site_name\" content=\"Xenonkungen\" \/>\n<meta property=\"article:modified_time\" content=\"2026-04-11T00:41:22+00:00\" \/>\n<meta property=\"og:image\" content=\"https:\/\/xenonkungen.com\/wp-content\/uploads\/2025\/04\/208135683-origpic-f8f9d9.png\" \/>\n\t<meta property=\"og:image:width\" content=\"450\" \/>\n\t<meta property=\"og:image:height\" content=\"233\" \/>\n\t<meta property=\"og:image:type\" content=\"image\/png\" \/>\n<meta name=\"twitter:card\" content=\"summary_large_image\" \/>\n<meta name=\"twitter:label1\" content=\"Estimeret l\u00e6setid\" \/>\n\t<meta name=\"twitter:data1\" content=\"1 minut\" \/>\n<script type=\"application\/ld+json\" class=\"yoast-schema-graph\">{\"@context\":\"https:\/\/schema.org\",\"@graph\":[{\"@type\":\"WebPage\",\"@id\":\"https:\/\/xenonkungen.com\/no\/produkt\/kabelsett-1-stk-lys-dt-kontakt-for-xbb-rele\/\",\"url\":\"https:\/\/xenonkungen.com\/no\/produkt\/kabelsett-1-stk-lys-dt-kontakt-for-xbb-rele\/\",\"name\":\"Kabelsats 1st ljus DT-kontakt f\u00f6r XBB-rel\u00e4 - Xenonkungen\",\"isPartOf\":{\"@id\":\"https:\/\/xenonkungen.com\/#website\"},\"primaryImageOfPage\":{\"@id\":\"https:\/\/xenonkungen.com\/no\/produkt\/kabelsett-1-stk-lys-dt-kontakt-for-xbb-rele\/#primaryimage\"},\"image\":{\"@id\":\"https:\/\/xenonkungen.com\/no\/produkt\/kabelsett-1-stk-lys-dt-kontakt-for-xbb-rele\/#primaryimage\"},\"thumbnailUrl\":\"https:\/\/xenonkungen.com\/wp-content\/uploads\/2025\/04\/208135683-origpic-f8f9d9.png\",\"datePublished\":\"2025-04-15T09:22:45+00:00\",\"dateModified\":\"2026-04-11T00:41:22+00:00\",\"breadcrumb\":{\"@id\":\"https:\/\/xenonkungen.com\/no\/produkt\/kabelsett-1-stk-lys-dt-kontakt-for-xbb-rele\/#breadcrumb\"},\"inLanguage\":\"da-DK\",\"potentialAction\":[{\"@type\":\"ReadAction\",\"target\":[\"https:\/\/xenonkungen.com\/no\/produkt\/kabelsett-1-stk-lys-dt-kontakt-for-xbb-rele\/\"]}]},{\"@type\":\"ImageObject\",\"inLanguage\":\"da-DK\",\"@id\":\"https:\/\/xenonkungen.com\/no\/produkt\/kabelsett-1-stk-lys-dt-kontakt-for-xbb-rele\/#primaryimage\",\"url\":\"https:\/\/xenonkungen.com\/wp-content\/uploads\/2025\/04\/208135683-origpic-f8f9d9.png\",\"contentUrl\":\"https:\/\/xenonkungen.com\/wp-content\/uploads\/2025\/04\/208135683-origpic-f8f9d9.png\",\"width\":450,\"height\":233},{\"@type\":\"BreadcrumbList\",\"@id\":\"https:\/\/xenonkungen.com\/no\/produkt\/kabelsett-1-stk-lys-dt-kontakt-for-xbb-rele\/#breadcrumb\",\"itemListElement\":[{\"@type\":\"ListItem\",\"position\":1,\"name\":\"Hem\",\"item\":\"https:\/\/xenonkungen.com\/\"},{\"@type\":\"ListItem\",\"position\":2,\"name\":\"Shop\",\"item\":\"https:\/\/xenonkungen.com\/shop\/\"},{\"@type\":\"ListItem\",\"position\":3,\"name\":\"Kabelsats 1st ljus DT-kontakt f\u00f6r XBB-rel\u00e4\"}]},{\"@type\":\"WebSite\",\"@id\":\"https:\/\/xenonkungen.com\/#website\",\"url\":\"https:\/\/xenonkungen.com\/\",\"name\":\"Xenonkungen\",\"description\":\"\",\"potentialAction\":[{\"@type\":\"SearchAction\",\"target\":{\"@type\":\"EntryPoint\",\"urlTemplate\":\"https:\/\/xenonkungen.com\/?s={search_term_string}\"},\"query-input\":{\"@type\":\"PropertyValueSpecification\",\"valueRequired\":true,\"valueName\":\"search_term_string\"}}],\"inLanguage\":\"da-DK\"}]}<\/script>\n<!-- \/ Yoast SEO plugin. -->","yoast_head_json":{"title":"Kabels\u00e6t 1 lys DT-stik til XBB-rel\u00e6 - Xenonkungen","robots":{"index":"index","follow":"follow","max-snippet":"max-snippet:-1","max-image-preview":"max-image-preview:large","max-video-preview":"max-video-preview:-1"},"canonical":"https:\/\/xenonkungen.com\/dk\/vare\/kabelsaet-1-stk-lys-dt-stik-til-xbb-relae\/","og_locale":"da_DK","og_type":"article","og_title":"Kabelsats 1st ljus DT-kontakt f\u00f6r XBB-rel\u00e4 - Xenonkungen","og_description":"Rel\u00e4kabelsats f\u00f6r XBB med DT-2 Kontakt Uppt\u00e4ck v\u00e5r premium rel\u00e4kabelsats, speciellt designad f\u00f6r att anslutas med XBB rel\u00e4er och DT-2 kontakter. Denna kabelsats \u00e4r den perfekta l\u00f6sningen f\u00f6r att s\u00e4kerst\u00e4lla en p\u00e5litlig och effektiv anslutning f\u00f6r ditt ljussystem. Inkluderat i denna kabelsats \u00e4r allt du beh\u00f6ver f\u00f6r att ansluta ett enda ljus, med en total [&hellip;]","og_url":"https:\/\/xenonkungen.com\/dk\/vare\/kabelsaet-1-stk-lys-dt-stik-til-xbb-relae\/","og_site_name":"Xenonkungen","article_modified_time":"2026-04-11T00:41:22+00:00","og_image":[{"width":450,"height":233,"url":"https:\/\/xenonkungen.com\/wp-content\/uploads\/2025\/04\/208135683-origpic-f8f9d9.png","type":"image\/png"}],"twitter_card":"summary_large_image","twitter_misc":{"Estimeret l\u00e6setid":"1 minut"},"schema":{"@context":"https:\/\/schema.org","@graph":[{"@type":"WebPage","@id":"https:\/\/xenonkungen.com\/no\/produkt\/kabelsett-1-stk-lys-dt-kontakt-for-xbb-rele\/","url":"https:\/\/xenonkungen.com\/no\/produkt\/kabelsett-1-stk-lys-dt-kontakt-for-xbb-rele\/","name":"Kabels\u00e6t 1 lys DT-stik til XBB-rel\u00e6 - Xenonkungen","isPartOf":{"@id":"https:\/\/xenonkungen.com\/#website"},"primaryImageOfPage":{"@id":"https:\/\/xenonkungen.com\/no\/produkt\/kabelsett-1-stk-lys-dt-kontakt-for-xbb-rele\/#primaryimage"},"image":{"@id":"https:\/\/xenonkungen.com\/no\/produkt\/kabelsett-1-stk-lys-dt-kontakt-for-xbb-rele\/#primaryimage"},"thumbnailUrl":"https:\/\/xenonkungen.com\/wp-content\/uploads\/2025\/04\/208135683-origpic-f8f9d9.png","datePublished":"2025-04-15T09:22:45+00:00","dateModified":"2026-04-11T00:41:22+00:00","breadcrumb":{"@id":"https:\/\/xenonkungen.com\/no\/produkt\/kabelsett-1-stk-lys-dt-kontakt-for-xbb-rele\/#breadcrumb"},"inLanguage":"da-DK","potentialAction":[{"@type":"ReadAction","target":["https:\/\/xenonkungen.com\/no\/produkt\/kabelsett-1-stk-lys-dt-kontakt-for-xbb-rele\/"]}]},{"@type":"ImageObject","inLanguage":"da-DK","@id":"https:\/\/xenonkungen.com\/no\/produkt\/kabelsett-1-stk-lys-dt-kontakt-for-xbb-rele\/#primaryimage","url":"https:\/\/xenonkungen.com\/wp-content\/uploads\/2025\/04\/208135683-origpic-f8f9d9.png","contentUrl":"https:\/\/xenonkungen.com\/wp-content\/uploads\/2025\/04\/208135683-origpic-f8f9d9.png","width":450,"height":233},{"@type":"BreadcrumbList","@id":"https:\/\/xenonkungen.com\/no\/produkt\/kabelsett-1-stk-lys-dt-kontakt-for-xbb-rele\/#breadcrumb","itemListElement":[{"@type":"ListItem","position":1,"name":"Hem","item":"https:\/\/xenonkungen.com\/"},{"@type":"ListItem","position":2,"name":"Shop","item":"https:\/\/xenonkungen.com\/shop\/"},{"@type":"ListItem","position":3,"name":"Kabelsats 1st ljus DT-kontakt f\u00f6r XBB-rel\u00e4"}]},{"@type":"WebSite","@id":"https:\/\/xenonkungen.com\/#website","url":"https:\/\/xenonkungen.com\/","name":"Xenonkungen","description":"","potentialAction":[{"@type":"SearchAction","target":{"@type":"EntryPoint","urlTemplate":"https:\/\/xenonkungen.com\/?s={search_term_string}"},"query-input":{"@type":"PropertyValueSpecification","valueRequired":true,"valueName":"search_term_string"}}],"inLanguage":"da-DK"}]}},"taxonomy_info":{"product_brand":[{"value":115,"label":"XBB"}],"product_cat":[{"value":2487,"label":"Canbus"},{"value":2841,"label":"Installation extraljus"},{"value":2828,"label":"Installation LED-ramper"},{"value":2795,"label":"Kablar och Rel\u00e4"},{"value":2796,"label":"Rel\u00e4kabelsatser"},{"value":2573,"label":"Rel\u00e4sats"},{"value":390,"label":"Installation"}],"pa_lampsockel-kontakt":[{"value":1577,"label":"DT 2-kontakt"}],"pa_storlek-mm":[{"value":500,"label":"97x120x70"}]},"featured_image_src_large":["https:\/\/xenonkungen.com\/wp-content\/uploads\/2025\/04\/208135683-origpic-f8f9d9.png",450,233,false],"author_info":[],"comment_info":0,"_links":{"self":[{"href":"https:\/\/xenonkungen.com\/dk\/wp-json\/wp\/v2\/product\/5070","targetHints":{"allow":["GET"]}}],"collection":[{"href":"https:\/\/xenonkungen.com\/dk\/wp-json\/wp\/v2\/product"}],"about":[{"href":"https:\/\/xenonkungen.com\/dk\/wp-json\/wp\/v2\/types\/product"}],"replies":[{"embeddable":true,"href":"https:\/\/xenonkungen.com\/dk\/wp-json\/wp\/v2\/comments?post=5070"}],"wp:featuredmedia":[{"embeddable":true,"href":"https:\/\/xenonkungen.com\/dk\/wp-json\/wp\/v2\/media\/5071"}],"wp:attachment":[{"href":"https:\/\/xenonkungen.com\/dk\/wp-json\/wp\/v2\/media?parent=5070"}],"wp:term":[{"taxonomy":"anvandningsomrade","embeddable":true,"href":"https:\/\/xenonkungen.com\/dk\/wp-json\/wp\/v2\/anvandningsomrade?post=5070"},{"taxonomy":"bilmarken","embeddable":true,"href":"https:\/\/xenonkungen.com\/dk\/wp-json\/wp\/v2\/bilmarken?post=5070"},{"taxonomy":"product_brand","embeddable":true,"href":"https:\/\/xenonkungen.com\/dk\/wp-json\/wp\/v2\/product_brand?post=5070"},{"taxonomy":"product_cat","embeddable":true,"href":"https:\/\/xenonkungen.com\/dk\/wp-json\/wp\/v2\/product_cat?post=5070"},{"taxonomy":"product_tag","embeddable":true,"href":"https:\/\/xenonkungen.com\/dk\/wp-json\/wp\/v2\/product_tag?post=5070"}],"curies":[{"name":"wp","href":"https:\/\/api.w.org\/{rel}","templated":true}]}}