{"id":5083,"date":"2025-04-15T09:22:45","date_gmt":"2025-04-15T09:22:45","guid":{"rendered":"https:\/\/xenonkungen.com\/product\/positionsljus-optibeam-dark-phantom-181wme-vit\/"},"modified":"2026-04-01T12:36:46","modified_gmt":"2026-04-01T11:36:46","slug":"positionslys-optibeam-dark-phantom-181wme-hvid","status":"publish","type":"product","link":"https:\/\/xenonkungen.com\/dk\/vare\/positionslys-optibeam-dark-phantom-181wme-hvid\/","title":{"rendered":"Positionslys, Optibeam Dark Phantom, 181WME ,Hvid"},"content":{"rendered":"<h2>Kompakt st\u00f8rrelse \u2013 Stilfuldt design \u2013 Ekstrem holdbarhed \u2013 Optimal udsyn<\/h2>\n<p>Optibeam Dark Phantom positionslys er den perfekte l\u00f8sning til alle k\u00f8ret\u00f8jer, fra tunge entrepren\u00f8rmaskiner til trailere osv. Med deres elegante og moderne design passer de problemfrit ind i alle overflader, samtidig med at de leverer kraftig belysning, der er synlig under alle forhold.<\/p>\n<p>Uanset hvor du monterer dem, giver de dit k\u00f8ret\u00f8j et professionelt og elegant udseende.<br \/><strong>Opgrader dit udstyr med lys, der b\u00e5de yder og imponerer!<\/strong><\/p>\n<p><span>Beskrivelse:<\/span><\/p>\n<ul>\n<li>Forreste markeringslygter<\/li>\n<li>Indbygget montering<\/li>\n<li>Diskret design<\/li>\n<li>Konveks r\u00f8glinse<\/li>\n<li>EPDM-pakning \u00f8 19\/27,5 mm<\/li>\n<li>Blisterpakket<\/li>\n<\/ul>\n<p>Garanti: 3 \u00e5r<\/p>","protected":false},"excerpt":{"rendered":"<p>\u2013 Forreste markeringslygter<br \/>\n\u2013 Indbygget montering<br \/>\n\u2013 Diskret design<br \/>\n\u2013 Konveks r\u00f8glinse<br \/>\n\u2013 EPDM-pakning \u00f8 19\/27,5 mm<br \/>\n\u2013 Blisterpakket<\/p>","protected":false},"featured_media":5084,"comment_status":"closed","ping_status":"open","template":"","meta":{"_acf_changed":false,"_smort_price_nok":"192","_smort_price_dkk":"122","_smort_price_eur":"16.36","_smort_sale_price_nok":"","_smort_sale_price_dkk":"","_smort_sale_price_eur":"","smort_restorder":"","shipmondo_restorder":"","_kad_blocks_custom_css":"","_kad_blocks_head_custom_js":"","_kad_blocks_body_custom_js":"","_kad_blocks_footer_custom_js":"","smort_custom_pricelist_1":"115.2","smort_custom_pricelist_2":"100.8","smort_custom_pricelist_3":"93.6","smort_custom_pricelist_4":"144","smort_custom_pricelist_5":"100.8"},"anvandningsomrade":[166,238,2816],"bilmarken":[],"product_brand":[107],"product_cat":[2478],"product_tag":[],"class_list":{"0":"post-5083","1":"product","2":"type-product","3":"status-publish","4":"has-post-thumbnail","6":"anvandningsomrade-lastbil","7":"anvandningsomrade-slap","8":"anvandningsomrade-trailer","9":"product_brand-optibeam","10":"product_cat-positionsljus-slap","11":"pa_fargtemperatur-vit","12":"pa_fuktskydd-varde-ipxx-ip67","13":"pa_godkannande-ece-r148-ece-r10","14":"pa_lampsockel-kontakt-2-polig-oppen-ledning","15":"pa_storlek-mm-1890-x-1620","16":"pa_stromforbrukning-003a-138v-003a-28v","17":"pa_volt-v-8-32","19":"first","20":"instock","21":"taxable","22":"shipping-taxable","23":"purchasable","24":"product-type-simple"},"bundled_by":[],"bundle_stock_status":"instock","bundle_stock_quantity":6,"bundle_virtual":false,"bundle_layout":"","bundle_add_to_cart_form_location":"","bundle_editable_in_cart":false,"bundle_sold_individually_context":"","bundle_item_grouping":"","bundle_min_size":"","bundle_max_size":"","bundle_price":[],"bundled_items":[],"bundle_sell_ids":[],"acf":[],"yoast_head":"<!-- This site is optimized with the Yoast SEO plugin v27.0 - https:\/\/yoast.com\/product\/yoast-seo-wordpress\/ -->\n<title>Positionsljus, Optibeam Dark Phantom, 181WME ,Vit - Xenonkungen<\/title>\n<meta name=\"robots\" content=\"index, follow, max-snippet:-1, max-image-preview:large, max-video-preview:-1\" \/>\n<link rel=\"canonical\" href=\"https:\/\/xenonkungen.com\/dk\/vare\/positionslys-optibeam-dark-phantom-181wme-hvid\/\" \/>\n<meta property=\"og:locale\" content=\"da_DK\" \/>\n<meta property=\"og:type\" content=\"article\" \/>\n<meta property=\"og:title\" content=\"Positionsljus, Optibeam Dark Phantom, 181WME ,Vit - Xenonkungen\" \/>\n<meta property=\"og:description\" content=\"- Frontmarkeringsljus - Inf\u00e4lld montering - Diskret design - Konvex r\u00f6kf\u00e4rgad lins - EPDM-packning \u00f8 19\/27,5 mm - Blisterf\u00f6rpackad\" \/>\n<meta property=\"og:url\" content=\"https:\/\/xenonkungen.com\/dk\/vare\/positionslys-optibeam-dark-phantom-181wme-hvid\/\" \/>\n<meta property=\"og:site_name\" content=\"Xenonkungen\" \/>\n<meta property=\"article:modified_time\" content=\"2026-04-01T11:36:46+00:00\" \/>\n<meta property=\"og:image\" content=\"https:\/\/xenonkungen.com\/wp-content\/uploads\/2025\/04\/215889603-origpic-464063.png\" \/>\n\t<meta property=\"og:image:width\" content=\"800\" \/>\n\t<meta property=\"og:image:height\" content=\"600\" \/>\n\t<meta property=\"og:image:type\" content=\"image\/png\" \/>\n<meta name=\"twitter:card\" content=\"summary_large_image\" \/>\n<meta name=\"twitter:label1\" content=\"Estimeret l\u00e6setid\" \/>\n\t<meta name=\"twitter:data1\" content=\"1 minut\" \/>\n<script type=\"application\/ld+json\" class=\"yoast-schema-graph\">{\"@context\":\"https:\/\/schema.org\",\"@graph\":[{\"@type\":\"WebPage\",\"@id\":\"https:\/\/xenonkungen.com\/produkt\/positionsljus-optibeam-dark-phantom-181wme-vit\/\",\"url\":\"https:\/\/xenonkungen.com\/produkt\/positionsljus-optibeam-dark-phantom-181wme-vit\/\",\"name\":\"Positionsljus, Optibeam Dark Phantom, 181WME ,Vit - Xenonkungen\",\"isPartOf\":{\"@id\":\"https:\/\/xenonkungen.com\/#website\"},\"primaryImageOfPage\":{\"@id\":\"https:\/\/xenonkungen.com\/produkt\/positionsljus-optibeam-dark-phantom-181wme-vit\/#primaryimage\"},\"image\":{\"@id\":\"https:\/\/xenonkungen.com\/produkt\/positionsljus-optibeam-dark-phantom-181wme-vit\/#primaryimage\"},\"thumbnailUrl\":\"https:\/\/xenonkungen.com\/wp-content\/uploads\/2025\/04\/215889603-origpic-464063.png\",\"datePublished\":\"2025-04-15T09:22:45+00:00\",\"dateModified\":\"2026-04-01T11:36:46+00:00\",\"breadcrumb\":{\"@id\":\"https:\/\/xenonkungen.com\/produkt\/positionsljus-optibeam-dark-phantom-181wme-vit\/#breadcrumb\"},\"inLanguage\":\"da-DK\",\"potentialAction\":[{\"@type\":\"ReadAction\",\"target\":[\"https:\/\/xenonkungen.com\/produkt\/positionsljus-optibeam-dark-phantom-181wme-vit\/\"]}]},{\"@type\":\"ImageObject\",\"inLanguage\":\"da-DK\",\"@id\":\"https:\/\/xenonkungen.com\/produkt\/positionsljus-optibeam-dark-phantom-181wme-vit\/#primaryimage\",\"url\":\"https:\/\/xenonkungen.com\/wp-content\/uploads\/2025\/04\/215889603-origpic-464063.png\",\"contentUrl\":\"https:\/\/xenonkungen.com\/wp-content\/uploads\/2025\/04\/215889603-origpic-464063.png\",\"width\":800,\"height\":600},{\"@type\":\"BreadcrumbList\",\"@id\":\"https:\/\/xenonkungen.com\/produkt\/positionsljus-optibeam-dark-phantom-181wme-vit\/#breadcrumb\",\"itemListElement\":[{\"@type\":\"ListItem\",\"position\":1,\"name\":\"Hem\",\"item\":\"https:\/\/xenonkungen.com\/\"},{\"@type\":\"ListItem\",\"position\":2,\"name\":\"Shop\",\"item\":\"https:\/\/xenonkungen.com\/shop\/\"},{\"@type\":\"ListItem\",\"position\":3,\"name\":\"Positionsljus, Optibeam Dark Phantom, 181WME ,Vit\"}]},{\"@type\":\"WebSite\",\"@id\":\"https:\/\/xenonkungen.com\/#website\",\"url\":\"https:\/\/xenonkungen.com\/\",\"name\":\"Xenonkungen\",\"description\":\"\",\"potentialAction\":[{\"@type\":\"SearchAction\",\"target\":{\"@type\":\"EntryPoint\",\"urlTemplate\":\"https:\/\/xenonkungen.com\/?s={search_term_string}\"},\"query-input\":{\"@type\":\"PropertyValueSpecification\",\"valueRequired\":true,\"valueName\":\"search_term_string\"}}],\"inLanguage\":\"da-DK\"}]}<\/script>\n<!-- \/ Yoast SEO plugin. -->","yoast_head_json":{"title":"Positionslys, Optibeam Dark Phantom, 181WME, Hvid - Xenon-kongen","robots":{"index":"index","follow":"follow","max-snippet":"max-snippet:-1","max-image-preview":"max-image-preview:large","max-video-preview":"max-video-preview:-1"},"canonical":"https:\/\/xenonkungen.com\/dk\/vare\/positionslys-optibeam-dark-phantom-181wme-hvid\/","og_locale":"da_DK","og_type":"article","og_title":"Positionsljus, Optibeam Dark Phantom, 181WME ,Vit - Xenonkungen","og_description":"- Frontmarkeringsljus - Inf\u00e4lld montering - Diskret design - Konvex r\u00f6kf\u00e4rgad lins - EPDM-packning \u00f8 19\/27,5 mm - Blisterf\u00f6rpackad","og_url":"https:\/\/xenonkungen.com\/dk\/vare\/positionslys-optibeam-dark-phantom-181wme-hvid\/","og_site_name":"Xenonkungen","article_modified_time":"2026-04-01T11:36:46+00:00","og_image":[{"width":800,"height":600,"url":"https:\/\/xenonkungen.com\/wp-content\/uploads\/2025\/04\/215889603-origpic-464063.png","type":"image\/png"}],"twitter_card":"summary_large_image","twitter_misc":{"Estimeret l\u00e6setid":"1 minut"},"schema":{"@context":"https:\/\/schema.org","@graph":[{"@type":"WebPage","@id":"https:\/\/xenonkungen.com\/produkt\/positionsljus-optibeam-dark-phantom-181wme-vit\/","url":"https:\/\/xenonkungen.com\/produkt\/positionsljus-optibeam-dark-phantom-181wme-vit\/","name":"Positionslys, Optibeam Dark Phantom, 181WME, Hvid - Xenon-kongen","isPartOf":{"@id":"https:\/\/xenonkungen.com\/#website"},"primaryImageOfPage":{"@id":"https:\/\/xenonkungen.com\/produkt\/positionsljus-optibeam-dark-phantom-181wme-vit\/#primaryimage"},"image":{"@id":"https:\/\/xenonkungen.com\/produkt\/positionsljus-optibeam-dark-phantom-181wme-vit\/#primaryimage"},"thumbnailUrl":"https:\/\/xenonkungen.com\/wp-content\/uploads\/2025\/04\/215889603-origpic-464063.png","datePublished":"2025-04-15T09:22:45+00:00","dateModified":"2026-04-01T11:36:46+00:00","breadcrumb":{"@id":"https:\/\/xenonkungen.com\/produkt\/positionsljus-optibeam-dark-phantom-181wme-vit\/#breadcrumb"},"inLanguage":"da-DK","potentialAction":[{"@type":"ReadAction","target":["https:\/\/xenonkungen.com\/produkt\/positionsljus-optibeam-dark-phantom-181wme-vit\/"]}]},{"@type":"ImageObject","inLanguage":"da-DK","@id":"https:\/\/xenonkungen.com\/produkt\/positionsljus-optibeam-dark-phantom-181wme-vit\/#primaryimage","url":"https:\/\/xenonkungen.com\/wp-content\/uploads\/2025\/04\/215889603-origpic-464063.png","contentUrl":"https:\/\/xenonkungen.com\/wp-content\/uploads\/2025\/04\/215889603-origpic-464063.png","width":800,"height":600},{"@type":"BreadcrumbList","@id":"https:\/\/xenonkungen.com\/produkt\/positionsljus-optibeam-dark-phantom-181wme-vit\/#breadcrumb","itemListElement":[{"@type":"ListItem","position":1,"name":"Hem","item":"https:\/\/xenonkungen.com\/"},{"@type":"ListItem","position":2,"name":"Shop","item":"https:\/\/xenonkungen.com\/shop\/"},{"@type":"ListItem","position":3,"name":"Positionsljus, Optibeam Dark Phantom, 181WME ,Vit"}]},{"@type":"WebSite","@id":"https:\/\/xenonkungen.com\/#website","url":"https:\/\/xenonkungen.com\/","name":"Xenonkungen","description":"","potentialAction":[{"@type":"SearchAction","target":{"@type":"EntryPoint","urlTemplate":"https:\/\/xenonkungen.com\/?s={search_term_string}"},"query-input":{"@type":"PropertyValueSpecification","valueRequired":true,"valueName":"search_term_string"}}],"inLanguage":"da-DK"}]}},"taxonomy_info":{"anvandningsomrade":[{"value":166,"label":"Lastbil"},{"value":238,"label":"SL\u00c4P"},{"value":2816,"label":"TRAILER"}],"product_brand":[{"value":107,"label":"Optibeam"}],"product_cat":[{"value":2478,"label":"Positionsljus"}],"pa_fargtemperatur":[{"value":1584,"label":"Vit"}],"pa_fuktskydd-varde-ipxx":[{"value":333,"label":"IP67"}],"pa_godkannande":[{"value":1583,"label":"ECE R148, ECE R10"}],"pa_lampsockel-kontakt":[{"value":1582,"label":"2-polig \u00f6ppen ledning"}],"pa_storlek-mm":[{"value":1578,"label":"18,90 x 16,20"}],"pa_stromforbrukning":[{"value":1581,"label":"0,03A @ 13,8V \/ 0,03A @ 28V"}],"pa_volt-v":[{"value":1580,"label":"8-32"}]},"featured_image_src_large":["https:\/\/xenonkungen.com\/wp-content\/uploads\/2025\/04\/215889603-origpic-464063.png",800,600,false],"author_info":[],"comment_info":0,"_links":{"self":[{"href":"https:\/\/xenonkungen.com\/dk\/wp-json\/wp\/v2\/product\/5083","targetHints":{"allow":["GET"]}}],"collection":[{"href":"https:\/\/xenonkungen.com\/dk\/wp-json\/wp\/v2\/product"}],"about":[{"href":"https:\/\/xenonkungen.com\/dk\/wp-json\/wp\/v2\/types\/product"}],"replies":[{"embeddable":true,"href":"https:\/\/xenonkungen.com\/dk\/wp-json\/wp\/v2\/comments?post=5083"}],"wp:featuredmedia":[{"embeddable":true,"href":"https:\/\/xenonkungen.com\/dk\/wp-json\/wp\/v2\/media\/5084"}],"wp:attachment":[{"href":"https:\/\/xenonkungen.com\/dk\/wp-json\/wp\/v2\/media?parent=5083"}],"wp:term":[{"taxonomy":"anvandningsomrade","embeddable":true,"href":"https:\/\/xenonkungen.com\/dk\/wp-json\/wp\/v2\/anvandningsomrade?post=5083"},{"taxonomy":"bilmarken","embeddable":true,"href":"https:\/\/xenonkungen.com\/dk\/wp-json\/wp\/v2\/bilmarken?post=5083"},{"taxonomy":"product_brand","embeddable":true,"href":"https:\/\/xenonkungen.com\/dk\/wp-json\/wp\/v2\/product_brand?post=5083"},{"taxonomy":"product_cat","embeddable":true,"href":"https:\/\/xenonkungen.com\/dk\/wp-json\/wp\/v2\/product_cat?post=5083"},{"taxonomy":"product_tag","embeddable":true,"href":"https:\/\/xenonkungen.com\/dk\/wp-json\/wp\/v2\/product_tag?post=5083"}],"curies":[{"name":"wp","href":"https:\/\/api.w.org\/{rel}","templated":true}]}}