{"id":5149,"date":"2025-04-15T09:23:19","date_gmt":"2025-04-15T09:23:19","guid":{"rendered":"https:\/\/xenonkungen.com\/product\/led-blinkerslampa-110ame\/"},"modified":"2026-04-11T00:37:31","modified_gmt":"2026-04-10T23:37:31","slug":"led-blinklyslampe-110ame","status":"publish","type":"product","link":"https:\/\/xenonkungen.com\/dk\/vare\/led-blinklyslampe-110ame\/","title":{"rendered":"LED-blinklys 110AME"},"content":{"rendered":"<h1>LED-baglygte med blinklys-\/blinklysfunktion<\/h1>\n<p>Denne LED-baglygte er udstyret med en blinklys-\/blinklysfunktion for at forbedre synligheden og sikkerheden under k\u00f8rsel, is\u00e6r ved vognbaneskift eller sving. Funktionen integreres problemfrit med den avancerede LED-teknologi for at give klare og synlige signaler til andre trafikanter.<\/p>\n<h2>Funktioner og egenskaber:<\/h2>\n<ul>\n<li><strong>Blinklys-\/blinklysfunktion:<\/strong> Giver klare og synlige signaler, der informerer andre trafikanter om dine intentioner, n\u00e5r du skifter vognbane eller drejer.<\/li>\n<li><strong>Alternativt tilbeh\u00f8r:<\/strong> Fatningen og str\u00f8mstikket s\u00e6lges separat, s\u00e5 du kan tilpasse installationen til dine specifikke behov og pr\u00e6ferencer.<\/li>\n<li><strong>L\u00e6kageforseglet elektronik:<\/strong> Beskytter elektroniske komponenter mod fugt og vandindtr\u00e6ngning for langvarig og p\u00e5lidelig ydelse selv under ekstreme vejrforhold.<\/li>\n<\/ul>\n<p><strong>Bem\u00e6rk venligst:<\/strong> For at f\u00e5 det bedste resultat skal du k\u00f8be den passende fatning og str\u00f8mstik separat.<\/p>\n<p>Denne LED-baglygte med blinklys-\/blinklysfunktion er en ideel l\u00f8sning til at \u00f8ge sikkerheden og synligheden p\u00e5 vejen, is\u00e6r ved vognbaneskift eller sving. Med sin alsidighed, p\u00e5lidelighed og avancerede teknologi er den et fremragende valg for enhver bilejer, der leder efter en p\u00e5lidelig belysningsl\u00f8sning.<\/p>\n<h2>Tilbeh\u00f8r<\/h2>\n<p><a href=\"https:\/\/www.xenonkungen.com\/se\/produkter\/yrke-proffs\/baklampor\/singel-rund\/lampsarg-gummi-53101.html\" target=\"_blank\" rel=\"noopener\">Lampehus af gummi 53101<\/a><br \/><a href=\"https:\/\/www.xenonkungen.com\/se\/produkter\/yrke-proffs\/baklampor\/singel-rund\/lampsarg-chrome-53101c.html\" target=\"_blank\" rel=\"noopener\">Lampe Kiste Krom 53101C<\/a><br \/><a href=\"https:\/\/www.xenonkungen.com\/se\/produkter\/yrke-proffs\/baklampor\/singel-rund\/lampsarg-svart-53101b.html\" target=\"_blank\" rel=\"noopener\">Lampestel Sort 53101B<\/a><\/p>\n<p>Garanti: 5 \u00e5r<\/p>","protected":false},"excerpt":{"rendered":"<p>LED Baklampa med Indikator\/Blinkersfunktion Denna LED baklampa \u00e4r utrustad med en indikator\/blinkersfunktion f\u00f6r att f\u00f6rb\u00e4ttra synligheten och s\u00e4kerheten vid k\u00f6rning, s\u00e4rskilt vid filbyte eller sv\u00e4ngning. Funktionen integreras s\u00f6ml\u00f6st med den avancerade LED-teknologin f\u00f6r att ge tydliga och synliga signaler till andra trafikanter. Funktioner och Egenskaper: Indikator\/Blinkersfunktion: Erbjuder klara och synliga signaler f\u00f6r att informera andra [&hellip;]<\/p>","protected":false},"featured_media":5150,"comment_status":"closed","ping_status":"open","template":"","meta":{"_acf_changed":false,"_smort_price_nok":"470","_smort_price_dkk":"299","_smort_price_eur":"40","_smort_sale_price_nok":"","_smort_sale_price_dkk":"","_smort_sale_price_eur":"","smort_restorder":"","shipmondo_restorder":"","_kad_blocks_custom_css":"","_kad_blocks_head_custom_js":"","_kad_blocks_body_custom_js":"","_kad_blocks_footer_custom_js":"","smort_custom_pricelist_1":"246.4","smort_custom_pricelist_2":"246.4","smort_custom_pricelist_3":"234.08","smort_custom_pricelist_4":"352","smort_custom_pricelist_5":"246.4"},"anvandningsomrade":[166,238,2816],"bilmarken":[],"product_brand":[1252],"product_cat":[2582],"product_tag":[],"class_list":{"0":"post-5149","1":"product","2":"type-product","3":"status-publish","4":"has-post-thumbnail","6":"anvandningsomrade-lastbil","7":"anvandningsomrade-slap","8":"anvandningsomrade-trailer","9":"product_brand-lea","10":"product_cat-blinkers-slap","11":"pa_fuktskydd-varde-ipxx-ip67","12":"pa_storlek-mm-109x53","13":"pa_stromforbrukning-0-13a-28v","14":"pa_stromforbrukning-0-16a13-8v","15":"pa_volt-v-776","17":"first","18":"instock","19":"taxable","20":"shipping-taxable","21":"purchasable","22":"product-type-simple"},"bundled_by":[],"bundle_stock_status":"instock","bundle_stock_quantity":2,"bundle_virtual":false,"bundle_layout":"","bundle_add_to_cart_form_location":"","bundle_editable_in_cart":false,"bundle_sold_individually_context":"","bundle_item_grouping":"","bundle_min_size":"","bundle_max_size":"","bundle_price":[],"bundled_items":[],"bundle_sell_ids":[],"acf":[],"yoast_head":"<!-- This site is optimized with the Yoast SEO plugin v27.0 - https:\/\/yoast.com\/product\/yoast-seo-wordpress\/ -->\n<title>LED Blinkerslampa 110AME - Xenonkungen<\/title>\n<meta name=\"robots\" content=\"index, follow, max-snippet:-1, max-image-preview:large, max-video-preview:-1\" \/>\n<link rel=\"canonical\" href=\"https:\/\/xenonkungen.com\/dk\/vare\/led-blinklyslampe-110ame\/\" \/>\n<meta property=\"og:locale\" content=\"da_DK\" \/>\n<meta property=\"og:type\" content=\"article\" \/>\n<meta property=\"og:title\" content=\"LED Blinkerslampa 110AME - Xenonkungen\" \/>\n<meta property=\"og:description\" content=\"LED Baklampa med Indikator\/Blinkersfunktion Denna LED baklampa \u00e4r utrustad med en indikator\/blinkersfunktion f\u00f6r att f\u00f6rb\u00e4ttra synligheten och s\u00e4kerheten vid k\u00f6rning, s\u00e4rskilt vid filbyte eller sv\u00e4ngning. Funktionen integreras s\u00f6ml\u00f6st med den avancerade LED-teknologin f\u00f6r att ge tydliga och synliga signaler till andra trafikanter. Funktioner och Egenskaper: Indikator\/Blinkersfunktion: Erbjuder klara och synliga signaler f\u00f6r att informera andra [&hellip;]\" \/>\n<meta property=\"og:url\" content=\"https:\/\/xenonkungen.com\/dk\/vare\/led-blinklyslampe-110ame\/\" \/>\n<meta property=\"og:site_name\" content=\"Xenonkungen\" \/>\n<meta property=\"article:modified_time\" content=\"2026-04-10T23:37:31+00:00\" \/>\n<meta property=\"og:image\" content=\"https:\/\/xenonkungen.com\/wp-content\/uploads\/2025\/04\/7293691-origpic-ff7d81.jpg\" \/>\n\t<meta property=\"og:image:width\" content=\"800\" \/>\n\t<meta property=\"og:image:height\" content=\"800\" \/>\n\t<meta property=\"og:image:type\" content=\"image\/jpeg\" \/>\n<meta name=\"twitter:card\" content=\"summary_large_image\" \/>\n<meta name=\"twitter:label1\" content=\"Estimeret l\u00e6setid\" \/>\n\t<meta name=\"twitter:data1\" content=\"1 minut\" \/>\n<script type=\"application\/ld+json\" class=\"yoast-schema-graph\">{\"@context\":\"https:\/\/schema.org\",\"@graph\":[{\"@type\":\"WebPage\",\"@id\":\"https:\/\/xenonkungen.com\/produkt\/led-blinkerslampa-110ame\/\",\"url\":\"https:\/\/xenonkungen.com\/produkt\/led-blinkerslampa-110ame\/\",\"name\":\"LED Blinkerslampa 110AME - Xenonkungen\",\"isPartOf\":{\"@id\":\"https:\/\/xenonkungen.com\/#website\"},\"primaryImageOfPage\":{\"@id\":\"https:\/\/xenonkungen.com\/produkt\/led-blinkerslampa-110ame\/#primaryimage\"},\"image\":{\"@id\":\"https:\/\/xenonkungen.com\/produkt\/led-blinkerslampa-110ame\/#primaryimage\"},\"thumbnailUrl\":\"https:\/\/xenonkungen.com\/wp-content\/uploads\/2025\/04\/7293691-origpic-ff7d81.jpg\",\"datePublished\":\"2025-04-15T09:23:19+00:00\",\"dateModified\":\"2026-04-10T23:37:31+00:00\",\"breadcrumb\":{\"@id\":\"https:\/\/xenonkungen.com\/produkt\/led-blinkerslampa-110ame\/#breadcrumb\"},\"inLanguage\":\"da-DK\",\"potentialAction\":[{\"@type\":\"ReadAction\",\"target\":[\"https:\/\/xenonkungen.com\/produkt\/led-blinkerslampa-110ame\/\"]}]},{\"@type\":\"ImageObject\",\"inLanguage\":\"da-DK\",\"@id\":\"https:\/\/xenonkungen.com\/produkt\/led-blinkerslampa-110ame\/#primaryimage\",\"url\":\"https:\/\/xenonkungen.com\/wp-content\/uploads\/2025\/04\/7293691-origpic-ff7d81.jpg\",\"contentUrl\":\"https:\/\/xenonkungen.com\/wp-content\/uploads\/2025\/04\/7293691-origpic-ff7d81.jpg\",\"width\":800,\"height\":800},{\"@type\":\"BreadcrumbList\",\"@id\":\"https:\/\/xenonkungen.com\/produkt\/led-blinkerslampa-110ame\/#breadcrumb\",\"itemListElement\":[{\"@type\":\"ListItem\",\"position\":1,\"name\":\"Hem\",\"item\":\"https:\/\/xenonkungen.com\/\"},{\"@type\":\"ListItem\",\"position\":2,\"name\":\"Shop\",\"item\":\"https:\/\/xenonkungen.com\/shop\/\"},{\"@type\":\"ListItem\",\"position\":3,\"name\":\"LED Blinkerslampa 110AME\"}]},{\"@type\":\"WebSite\",\"@id\":\"https:\/\/xenonkungen.com\/#website\",\"url\":\"https:\/\/xenonkungen.com\/\",\"name\":\"Xenonkungen\",\"description\":\"\",\"potentialAction\":[{\"@type\":\"SearchAction\",\"target\":{\"@type\":\"EntryPoint\",\"urlTemplate\":\"https:\/\/xenonkungen.com\/?s={search_term_string}\"},\"query-input\":{\"@type\":\"PropertyValueSpecification\",\"valueRequired\":true,\"valueName\":\"search_term_string\"}}],\"inLanguage\":\"da-DK\"}]}<\/script>\n<!-- \/ Yoast SEO plugin. -->","yoast_head_json":{"title":"LED blinklyslampe 110AME - Xenon-kongen","robots":{"index":"index","follow":"follow","max-snippet":"max-snippet:-1","max-image-preview":"max-image-preview:large","max-video-preview":"max-video-preview:-1"},"canonical":"https:\/\/xenonkungen.com\/dk\/vare\/led-blinklyslampe-110ame\/","og_locale":"da_DK","og_type":"article","og_title":"LED Blinkerslampa 110AME - Xenonkungen","og_description":"LED Baklampa med Indikator\/Blinkersfunktion Denna LED baklampa \u00e4r utrustad med en indikator\/blinkersfunktion f\u00f6r att f\u00f6rb\u00e4ttra synligheten och s\u00e4kerheten vid k\u00f6rning, s\u00e4rskilt vid filbyte eller sv\u00e4ngning. Funktionen integreras s\u00f6ml\u00f6st med den avancerade LED-teknologin f\u00f6r att ge tydliga och synliga signaler till andra trafikanter. Funktioner och Egenskaper: Indikator\/Blinkersfunktion: Erbjuder klara och synliga signaler f\u00f6r att informera andra [&hellip;]","og_url":"https:\/\/xenonkungen.com\/dk\/vare\/led-blinklyslampe-110ame\/","og_site_name":"Xenonkungen","article_modified_time":"2026-04-10T23:37:31+00:00","og_image":[{"width":800,"height":800,"url":"https:\/\/xenonkungen.com\/wp-content\/uploads\/2025\/04\/7293691-origpic-ff7d81.jpg","type":"image\/jpeg"}],"twitter_card":"summary_large_image","twitter_misc":{"Estimeret l\u00e6setid":"1 minut"},"schema":{"@context":"https:\/\/schema.org","@graph":[{"@type":"WebPage","@id":"https:\/\/xenonkungen.com\/produkt\/led-blinkerslampa-110ame\/","url":"https:\/\/xenonkungen.com\/produkt\/led-blinkerslampa-110ame\/","name":"LED blinklyslampe 110AME - Xenon-kongen","isPartOf":{"@id":"https:\/\/xenonkungen.com\/#website"},"primaryImageOfPage":{"@id":"https:\/\/xenonkungen.com\/produkt\/led-blinkerslampa-110ame\/#primaryimage"},"image":{"@id":"https:\/\/xenonkungen.com\/produkt\/led-blinkerslampa-110ame\/#primaryimage"},"thumbnailUrl":"https:\/\/xenonkungen.com\/wp-content\/uploads\/2025\/04\/7293691-origpic-ff7d81.jpg","datePublished":"2025-04-15T09:23:19+00:00","dateModified":"2026-04-10T23:37:31+00:00","breadcrumb":{"@id":"https:\/\/xenonkungen.com\/produkt\/led-blinkerslampa-110ame\/#breadcrumb"},"inLanguage":"da-DK","potentialAction":[{"@type":"ReadAction","target":["https:\/\/xenonkungen.com\/produkt\/led-blinkerslampa-110ame\/"]}]},{"@type":"ImageObject","inLanguage":"da-DK","@id":"https:\/\/xenonkungen.com\/produkt\/led-blinkerslampa-110ame\/#primaryimage","url":"https:\/\/xenonkungen.com\/wp-content\/uploads\/2025\/04\/7293691-origpic-ff7d81.jpg","contentUrl":"https:\/\/xenonkungen.com\/wp-content\/uploads\/2025\/04\/7293691-origpic-ff7d81.jpg","width":800,"height":800},{"@type":"BreadcrumbList","@id":"https:\/\/xenonkungen.com\/produkt\/led-blinkerslampa-110ame\/#breadcrumb","itemListElement":[{"@type":"ListItem","position":1,"name":"Hem","item":"https:\/\/xenonkungen.com\/"},{"@type":"ListItem","position":2,"name":"Shop","item":"https:\/\/xenonkungen.com\/shop\/"},{"@type":"ListItem","position":3,"name":"LED Blinkerslampa 110AME"}]},{"@type":"WebSite","@id":"https:\/\/xenonkungen.com\/#website","url":"https:\/\/xenonkungen.com\/","name":"Xenonkungen","description":"","potentialAction":[{"@type":"SearchAction","target":{"@type":"EntryPoint","urlTemplate":"https:\/\/xenonkungen.com\/?s={search_term_string}"},"query-input":{"@type":"PropertyValueSpecification","valueRequired":true,"valueName":"search_term_string"}}],"inLanguage":"da-DK"}]}},"taxonomy_info":{"anvandningsomrade":[{"value":166,"label":"Lastbil"},{"value":238,"label":"SL\u00c4P"},{"value":2816,"label":"TRAILER"}],"product_brand":[{"value":1252,"label":"LEA"}],"product_cat":[{"value":2582,"label":"Blinkers"}],"pa_fuktskydd-varde-ipxx":[{"value":333,"label":"IP67"}],"pa_storlek-mm":[{"value":1602,"label":"109X53"}],"pa_stromforbrukning":[{"value":1604,"label":"0.13A @ 28V"},{"value":1603,"label":"0.16A@13.8V"}],"pa_volt-v":[{"value":776,"label":"12,24"}]},"featured_image_src_large":["https:\/\/xenonkungen.com\/wp-content\/uploads\/2025\/04\/7293691-origpic-ff7d81.jpg",800,800,false],"author_info":[],"comment_info":0,"_links":{"self":[{"href":"https:\/\/xenonkungen.com\/dk\/wp-json\/wp\/v2\/product\/5149","targetHints":{"allow":["GET"]}}],"collection":[{"href":"https:\/\/xenonkungen.com\/dk\/wp-json\/wp\/v2\/product"}],"about":[{"href":"https:\/\/xenonkungen.com\/dk\/wp-json\/wp\/v2\/types\/product"}],"replies":[{"embeddable":true,"href":"https:\/\/xenonkungen.com\/dk\/wp-json\/wp\/v2\/comments?post=5149"}],"wp:featuredmedia":[{"embeddable":true,"href":"https:\/\/xenonkungen.com\/dk\/wp-json\/wp\/v2\/media\/5150"}],"wp:attachment":[{"href":"https:\/\/xenonkungen.com\/dk\/wp-json\/wp\/v2\/media?parent=5149"}],"wp:term":[{"taxonomy":"anvandningsomrade","embeddable":true,"href":"https:\/\/xenonkungen.com\/dk\/wp-json\/wp\/v2\/anvandningsomrade?post=5149"},{"taxonomy":"bilmarken","embeddable":true,"href":"https:\/\/xenonkungen.com\/dk\/wp-json\/wp\/v2\/bilmarken?post=5149"},{"taxonomy":"product_brand","embeddable":true,"href":"https:\/\/xenonkungen.com\/dk\/wp-json\/wp\/v2\/product_brand?post=5149"},{"taxonomy":"product_cat","embeddable":true,"href":"https:\/\/xenonkungen.com\/dk\/wp-json\/wp\/v2\/product_cat?post=5149"},{"taxonomy":"product_tag","embeddable":true,"href":"https:\/\/xenonkungen.com\/dk\/wp-json\/wp\/v2\/product_tag?post=5149"}],"curies":[{"name":"wp","href":"https:\/\/api.w.org\/{rel}","templated":true}]}}