{"id":5178,"date":"2025-04-15T09:23:37","date_gmt":"2025-04-15T09:23:37","guid":{"rendered":"https:\/\/xenonkungen.com\/product\/lazer-takmonteringssats-ford-ranger-takracken-42-mm-hog\/"},"modified":"2026-04-10T16:47:42","modified_gmt":"2026-04-10T15:47:42","slug":"lazer-tagmonteringssaet-ford-ranger-tagbojle-42mm-hog","status":"publish","type":"product","link":"https:\/\/xenonkungen.com\/dk\/vare\/lazer-tagmonteringssaet-ford-ranger-tagbojle-42mm-hog\/","title":{"rendered":"Lazer tagmonteringss\u00e6t Ford Ranger (tagskinner) 42 mm h\u00f8jt"},"content":{"rendered":"<h1 class=\"\">Ford Ranger tagmonteringss\u00e6t (tagr\u00e6linger)<\/h1>\n<p>De universelle tagmonteringss\u00e6t g\u00f8r det muligt at montere Lazers popul\u00e6re LED-lysbj\u00e6lker p\u00e5 taget af de fleste popul\u00e6re bilmodeller med et stabilt og sikkert resultat. Monteringss\u00e6ttene best\u00e5r af beslag i rustfrit st\u00e5l med sort pulverlakering, der er designet til at lette monteringen af Lazers tagmonterede LED-lysbj\u00e6lker (39\" - 52\"). Beslagene f\u00e5s i forskellige h\u00f8jder til k\u00f8ret\u00f8jer med eller uden tagbagageb\u00e6rer og leveres med tyverisikring.<\/p>\n<p>Beslagene er korrosionsbestandige i overensstemmelse med bilindustriens kvalitetsstandarder, ligesom de medf\u00f8lgende fors\u00e6nkede tyverisikringsbeslag (l\u00e6ngde 20 - 80 mm). For at lette placeringen af ramper i forskellige l\u00e6ngder medf\u00f8lger der ogs\u00e5 cylindriske afstandsstykker.<\/p>\n<h3>Pakkens indhold:<\/h3>\n<p>- 2 x monteringsbeslag i rustfrit st\u00e5l<\/p>\n<p>- 1 x tyverisikringsbeslag (forskellige l\u00e6ngder)<\/p>\n<p>- 1 x afstandsstykke<\/p>\n<p>- 4 x nitter (sort)<\/p>\n<p>- 2 x kabelforskruninger<\/p>\n<p>- 1 x VHB-reng\u00f8ringsklud<\/p>\n<p>- 2 x varmekrympende splejsemuffe<\/p>","protected":false},"excerpt":{"rendered":"<p>Takmonteringssats Ford Ranger (takr\u00e4cken) Med de universella takmonteringssatserna kan du montera Lazers omtyckta ledramper p\u00e5 taket p\u00e5 flertalet av de mest popul\u00e4ra bilmodellerna med ett b\u00e5de stabilt och s\u00e4kert resultat. Monteringssatserna best\u00e5r av f\u00e4sten i rostfritt st\u00e5l med svart pulverlackering, utformade f\u00f6r att underl\u00e4tta installation av Lazers ledljusramper (39\u201d &#8211; 52\u201d) p\u00e5 taket. F\u00e4stena finns [&hellip;]<\/p>","protected":false},"featured_media":5179,"comment_status":"closed","ping_status":"open","template":"","meta":{"_acf_changed":false,"_smort_price_nok":"1939","_smort_price_dkk":"1232","_smort_price_eur":"164.99","_smort_sale_price_nok":"","_smort_sale_price_dkk":"","_smort_sale_price_eur":"","smort_restorder":"","shipmondo_restorder":"","_kad_blocks_custom_css":"","_kad_blocks_head_custom_js":"","_kad_blocks_body_custom_js":"","_kad_blocks_footer_custom_js":"","smort_custom_pricelist_1":"1200","smort_custom_pricelist_2":"1200","smort_custom_pricelist_3":"1200","smort_custom_pricelist_4":"1500","smort_custom_pricelist_5":"1200"},"anvandningsomrade":[],"bilmarken":[],"product_brand":[1124],"product_cat":[2539,2608],"product_tag":[2735],"class_list":{"0":"post-5178","1":"product","2":"type-product","3":"status-publish","4":"has-post-thumbnail","6":"product_brand-lazer","7":"product_cat-ledramper","8":"product_cat-monteringssatser","9":"product_tag-lazer","11":"first","12":"onbackorder","13":"taxable","14":"shipping-taxable","15":"purchasable","16":"product-type-simple"},"bundled_by":[],"bundle_stock_status":"onbackorder","bundle_stock_quantity":0,"bundle_virtual":false,"bundle_layout":"","bundle_add_to_cart_form_location":"","bundle_editable_in_cart":false,"bundle_sold_individually_context":"","bundle_item_grouping":"","bundle_min_size":"","bundle_max_size":"","bundle_price":[],"bundled_items":[],"bundle_sell_ids":[],"acf":[],"yoast_head":"<!-- This site is optimized with the Yoast SEO plugin v27.0 - https:\/\/yoast.com\/product\/yoast-seo-wordpress\/ -->\n<title>Lazer takmonteringssats Ford Ranger (takr\u00e4cken) 42 mm h\u00f6g - Xenonkungen<\/title>\n<meta name=\"robots\" content=\"index, follow, max-snippet:-1, max-image-preview:large, max-video-preview:-1\" \/>\n<link rel=\"canonical\" href=\"https:\/\/xenonkungen.com\/dk\/vare\/lazer-tagmonteringssaet-ford-ranger-tagbojle-42mm-hog\/\" \/>\n<meta property=\"og:locale\" content=\"da_DK\" \/>\n<meta property=\"og:type\" content=\"article\" \/>\n<meta property=\"og:title\" content=\"Lazer takmonteringssats Ford Ranger (takr\u00e4cken) 42 mm h\u00f6g - Xenonkungen\" \/>\n<meta property=\"og:description\" content=\"Takmonteringssats Ford Ranger (takr\u00e4cken) Med de universella takmonteringssatserna kan du montera Lazers omtyckta ledramper p\u00e5 taket p\u00e5 flertalet av de mest popul\u00e4ra bilmodellerna med ett b\u00e5de stabilt och s\u00e4kert resultat. Monteringssatserna best\u00e5r av f\u00e4sten i rostfritt st\u00e5l med svart pulverlackering, utformade f\u00f6r att underl\u00e4tta installation av Lazers ledljusramper (39\u201d &#8211; 52\u201d) p\u00e5 taket. F\u00e4stena finns [&hellip;]\" \/>\n<meta property=\"og:url\" content=\"https:\/\/xenonkungen.com\/dk\/vare\/lazer-tagmonteringssaet-ford-ranger-tagbojle-42mm-hog\/\" \/>\n<meta property=\"og:site_name\" content=\"Xenonkungen\" \/>\n<meta property=\"article:modified_time\" content=\"2026-04-10T15:47:42+00:00\" \/>\n<meta property=\"og:image\" content=\"https:\/\/xenonkungen.com\/wp-content\/uploads\/2025\/04\/159444_itemimage_mainfront.jpg\" \/>\n\t<meta property=\"og:image:width\" content=\"2048\" \/>\n\t<meta property=\"og:image:height\" content=\"1535\" \/>\n\t<meta property=\"og:image:type\" content=\"image\/jpeg\" \/>\n<meta name=\"twitter:card\" content=\"summary_large_image\" \/>\n<meta name=\"twitter:label1\" content=\"Estimeret l\u00e6setid\" \/>\n\t<meta name=\"twitter:data1\" content=\"1 minut\" \/>\n<script type=\"application\/ld+json\" class=\"yoast-schema-graph\">{\"@context\":\"https:\/\/schema.org\",\"@graph\":[{\"@type\":\"WebPage\",\"@id\":\"https:\/\/xenonkungen.com\/en\/product\/lazer-roof-mount-kit-ford-ranger-roof-rack-42mm-hog\/\",\"url\":\"https:\/\/xenonkungen.com\/en\/product\/lazer-roof-mount-kit-ford-ranger-roof-rack-42mm-hog\/\",\"name\":\"Lazer takmonteringssats Ford Ranger (takr\u00e4cken) 42 mm h\u00f6g - Xenonkungen\",\"isPartOf\":{\"@id\":\"https:\/\/xenonkungen.com\/#website\"},\"primaryImageOfPage\":{\"@id\":\"https:\/\/xenonkungen.com\/en\/product\/lazer-roof-mount-kit-ford-ranger-roof-rack-42mm-hog\/#primaryimage\"},\"image\":{\"@id\":\"https:\/\/xenonkungen.com\/en\/product\/lazer-roof-mount-kit-ford-ranger-roof-rack-42mm-hog\/#primaryimage\"},\"thumbnailUrl\":\"https:\/\/xenonkungen.com\/wp-content\/uploads\/2025\/04\/159444_itemimage_mainfront.jpg\",\"datePublished\":\"2025-04-15T09:23:37+00:00\",\"dateModified\":\"2026-04-10T15:47:42+00:00\",\"breadcrumb\":{\"@id\":\"https:\/\/xenonkungen.com\/en\/product\/lazer-roof-mount-kit-ford-ranger-roof-rack-42mm-hog\/#breadcrumb\"},\"inLanguage\":\"da-DK\",\"potentialAction\":[{\"@type\":\"ReadAction\",\"target\":[\"https:\/\/xenonkungen.com\/en\/product\/lazer-roof-mount-kit-ford-ranger-roof-rack-42mm-hog\/\"]}]},{\"@type\":\"ImageObject\",\"inLanguage\":\"da-DK\",\"@id\":\"https:\/\/xenonkungen.com\/en\/product\/lazer-roof-mount-kit-ford-ranger-roof-rack-42mm-hog\/#primaryimage\",\"url\":\"https:\/\/xenonkungen.com\/wp-content\/uploads\/2025\/04\/159444_itemimage_mainfront.jpg\",\"contentUrl\":\"https:\/\/xenonkungen.com\/wp-content\/uploads\/2025\/04\/159444_itemimage_mainfront.jpg\",\"width\":2048,\"height\":1535},{\"@type\":\"BreadcrumbList\",\"@id\":\"https:\/\/xenonkungen.com\/en\/product\/lazer-roof-mount-kit-ford-ranger-roof-rack-42mm-hog\/#breadcrumb\",\"itemListElement\":[{\"@type\":\"ListItem\",\"position\":1,\"name\":\"Hem\",\"item\":\"https:\/\/xenonkungen.com\/\"},{\"@type\":\"ListItem\",\"position\":2,\"name\":\"Shop\",\"item\":\"https:\/\/xenonkungen.com\/shop\/\"},{\"@type\":\"ListItem\",\"position\":3,\"name\":\"Lazer takmonteringssats Ford Ranger (takr\u00e4cken) 42 mm h\u00f6g\"}]},{\"@type\":\"WebSite\",\"@id\":\"https:\/\/xenonkungen.com\/#website\",\"url\":\"https:\/\/xenonkungen.com\/\",\"name\":\"Xenonkungen\",\"description\":\"\",\"potentialAction\":[{\"@type\":\"SearchAction\",\"target\":{\"@type\":\"EntryPoint\",\"urlTemplate\":\"https:\/\/xenonkungen.com\/?s={search_term_string}\"},\"query-input\":{\"@type\":\"PropertyValueSpecification\",\"valueRequired\":true,\"valueName\":\"search_term_string\"}}],\"inLanguage\":\"da-DK\"}]}<\/script>\n<!-- \/ Yoast SEO plugin. -->","yoast_head_json":{"title":"Lazer tagmonteringss\u00e6t Ford Ranger (tagb\u00f8jler) 42 mm h\u00f8j - Xenonkungen","robots":{"index":"index","follow":"follow","max-snippet":"max-snippet:-1","max-image-preview":"max-image-preview:large","max-video-preview":"max-video-preview:-1"},"canonical":"https:\/\/xenonkungen.com\/dk\/vare\/lazer-tagmonteringssaet-ford-ranger-tagbojle-42mm-hog\/","og_locale":"da_DK","og_type":"article","og_title":"Lazer takmonteringssats Ford Ranger (takr\u00e4cken) 42 mm h\u00f6g - Xenonkungen","og_description":"Takmonteringssats Ford Ranger (takr\u00e4cken) Med de universella takmonteringssatserna kan du montera Lazers omtyckta ledramper p\u00e5 taket p\u00e5 flertalet av de mest popul\u00e4ra bilmodellerna med ett b\u00e5de stabilt och s\u00e4kert resultat. Monteringssatserna best\u00e5r av f\u00e4sten i rostfritt st\u00e5l med svart pulverlackering, utformade f\u00f6r att underl\u00e4tta installation av Lazers ledljusramper (39\u201d &#8211; 52\u201d) p\u00e5 taket. F\u00e4stena finns [&hellip;]","og_url":"https:\/\/xenonkungen.com\/dk\/vare\/lazer-tagmonteringssaet-ford-ranger-tagbojle-42mm-hog\/","og_site_name":"Xenonkungen","article_modified_time":"2026-04-10T15:47:42+00:00","og_image":[{"width":2048,"height":1535,"url":"https:\/\/xenonkungen.com\/wp-content\/uploads\/2025\/04\/159444_itemimage_mainfront.jpg","type":"image\/jpeg"}],"twitter_card":"summary_large_image","twitter_misc":{"Estimeret l\u00e6setid":"1 minut"},"schema":{"@context":"https:\/\/schema.org","@graph":[{"@type":"WebPage","@id":"https:\/\/xenonkungen.com\/en\/product\/lazer-roof-mount-kit-ford-ranger-roof-rack-42mm-hog\/","url":"https:\/\/xenonkungen.com\/en\/product\/lazer-roof-mount-kit-ford-ranger-roof-rack-42mm-hog\/","name":"Lazer tagmonteringss\u00e6t Ford Ranger (tagb\u00f8jler) 42 mm h\u00f8j - Xenonkungen","isPartOf":{"@id":"https:\/\/xenonkungen.com\/#website"},"primaryImageOfPage":{"@id":"https:\/\/xenonkungen.com\/en\/product\/lazer-roof-mount-kit-ford-ranger-roof-rack-42mm-hog\/#primaryimage"},"image":{"@id":"https:\/\/xenonkungen.com\/en\/product\/lazer-roof-mount-kit-ford-ranger-roof-rack-42mm-hog\/#primaryimage"},"thumbnailUrl":"https:\/\/xenonkungen.com\/wp-content\/uploads\/2025\/04\/159444_itemimage_mainfront.jpg","datePublished":"2025-04-15T09:23:37+00:00","dateModified":"2026-04-10T15:47:42+00:00","breadcrumb":{"@id":"https:\/\/xenonkungen.com\/en\/product\/lazer-roof-mount-kit-ford-ranger-roof-rack-42mm-hog\/#breadcrumb"},"inLanguage":"da-DK","potentialAction":[{"@type":"ReadAction","target":["https:\/\/xenonkungen.com\/en\/product\/lazer-roof-mount-kit-ford-ranger-roof-rack-42mm-hog\/"]}]},{"@type":"ImageObject","inLanguage":"da-DK","@id":"https:\/\/xenonkungen.com\/en\/product\/lazer-roof-mount-kit-ford-ranger-roof-rack-42mm-hog\/#primaryimage","url":"https:\/\/xenonkungen.com\/wp-content\/uploads\/2025\/04\/159444_itemimage_mainfront.jpg","contentUrl":"https:\/\/xenonkungen.com\/wp-content\/uploads\/2025\/04\/159444_itemimage_mainfront.jpg","width":2048,"height":1535},{"@type":"BreadcrumbList","@id":"https:\/\/xenonkungen.com\/en\/product\/lazer-roof-mount-kit-ford-ranger-roof-rack-42mm-hog\/#breadcrumb","itemListElement":[{"@type":"ListItem","position":1,"name":"Hem","item":"https:\/\/xenonkungen.com\/"},{"@type":"ListItem","position":2,"name":"Shop","item":"https:\/\/xenonkungen.com\/shop\/"},{"@type":"ListItem","position":3,"name":"Lazer takmonteringssats Ford Ranger (takr\u00e4cken) 42 mm h\u00f6g"}]},{"@type":"WebSite","@id":"https:\/\/xenonkungen.com\/#website","url":"https:\/\/xenonkungen.com\/","name":"Xenonkungen","description":"","potentialAction":[{"@type":"SearchAction","target":{"@type":"EntryPoint","urlTemplate":"https:\/\/xenonkungen.com\/?s={search_term_string}"},"query-input":{"@type":"PropertyValueSpecification","valueRequired":true,"valueName":"search_term_string"}}],"inLanguage":"da-DK"}]}},"taxonomy_info":{"product_brand":[{"value":1124,"label":"Lazer"}],"product_cat":[{"value":2539,"label":"LEDRAMPER"},{"value":2608,"label":"Monteringssatser"}],"product_tag":[{"value":2735,"label":"Lazer"}]},"featured_image_src_large":["https:\/\/xenonkungen.com\/wp-content\/uploads\/2025\/04\/159444_itemimage_mainfront-1024x768.jpg",1024,768,true],"author_info":[],"comment_info":0,"_links":{"self":[{"href":"https:\/\/xenonkungen.com\/dk\/wp-json\/wp\/v2\/product\/5178","targetHints":{"allow":["GET"]}}],"collection":[{"href":"https:\/\/xenonkungen.com\/dk\/wp-json\/wp\/v2\/product"}],"about":[{"href":"https:\/\/xenonkungen.com\/dk\/wp-json\/wp\/v2\/types\/product"}],"replies":[{"embeddable":true,"href":"https:\/\/xenonkungen.com\/dk\/wp-json\/wp\/v2\/comments?post=5178"}],"wp:featuredmedia":[{"embeddable":true,"href":"https:\/\/xenonkungen.com\/dk\/wp-json\/wp\/v2\/media\/5179"}],"wp:attachment":[{"href":"https:\/\/xenonkungen.com\/dk\/wp-json\/wp\/v2\/media?parent=5178"}],"wp:term":[{"taxonomy":"anvandningsomrade","embeddable":true,"href":"https:\/\/xenonkungen.com\/dk\/wp-json\/wp\/v2\/anvandningsomrade?post=5178"},{"taxonomy":"bilmarken","embeddable":true,"href":"https:\/\/xenonkungen.com\/dk\/wp-json\/wp\/v2\/bilmarken?post=5178"},{"taxonomy":"product_brand","embeddable":true,"href":"https:\/\/xenonkungen.com\/dk\/wp-json\/wp\/v2\/product_brand?post=5178"},{"taxonomy":"product_cat","embeddable":true,"href":"https:\/\/xenonkungen.com\/dk\/wp-json\/wp\/v2\/product_cat?post=5178"},{"taxonomy":"product_tag","embeddable":true,"href":"https:\/\/xenonkungen.com\/dk\/wp-json\/wp\/v2\/product_tag?post=5178"}],"curies":[{"name":"wp","href":"https:\/\/api.w.org\/{rel}","templated":true}]}}