{"id":5262,"date":"2025-04-15T09:25:29","date_gmt":"2025-04-15T09:25:29","guid":{"rendered":"https:\/\/xenonkungen.com\/product\/lazer-monteringssats-ford-transit-custom-2012\/"},"modified":"2025-12-10T14:46:28","modified_gmt":"2025-12-10T13:46:28","slug":"laser-monteringssaet-ford-transit-custom-2012","status":"publish","type":"product","link":"https:\/\/xenonkungen.com\/dk\/vare\/laser-monteringssaet-ford-transit-custom-2012\/","title":{"rendered":"Lazer monteringss\u00e6t Ford Transit Custom 2012+"},"content":{"rendered":"<h1>Lazer monteringss\u00e6t til lygtebomme - perfekt pasform og nem installation<\/h1>\n<p>Leder du efter monteringss\u00e6t til Lazer-lygter til din bil? Vi har et bredt udvalg af monteringss\u00e6t, der sikrer perfekt pasform og nem installation. Ved hj\u00e6lp af varenummeret kan du nemt finde det rigtige monteringss\u00e6t til din specifikke lygtebom og bilmodel. Vi tilbyder monteringss\u00e6t til forskellige lygtebomme og bilmodeller for at im\u00f8dekomme dine behov og \u00f8nsker.<\/p>\n<h2>Produktspecifikationer:<\/h2>\n<ul>\n<li>Monteringss\u00e6t til Lazer-lysbj\u00e6lker<\/li>\n<li>Passer perfekt til forskellige lygtebomme og bilmodeller<\/li>\n<li>Nem installation for problemfri montering<\/li>\n<li>Materialer af h\u00f8j kvalitet giver holdbarhed og stabilitet<\/li>\n<\/ul>\n<p>Udforsk vores udvalg af monteringss\u00e6t til Lazer-lygter, og find den perfekte l\u00f8sning til din bil. Vi tilbyder monteringss\u00e6t med perfekt pasform og nem installation, hvilket g\u00f8r det nemt for dig at opgradere din bilbelysning. Vores monteringss\u00e6t er lavet af materialer af h\u00f8j kvalitet for at sikre holdbarhed og stabilitet. Tag din lygtebom til det n\u00e6ste niveau med et monteringss\u00e6t, der er skr\u00e6ddersyet til din bilmodel.<\/p>","protected":false},"excerpt":{"rendered":"<p>Monteringssatser till Lazer ljusramper &#8211; Perfekt passform och enkel installation Letar du efter monteringssatser till Lazer ljusramper f\u00f6r din bil? Vi har ett brett utbud av monteringssatser som s\u00e4kerst\u00e4ller en perfekt passform och enkel installation. Med hj\u00e4lp av artikelnumret kan du enkelt hitta r\u00e4tt monteringssats f\u00f6r din specifika ljusrampe och bilmodell. Vi erbjuder monteringssatser till [&hellip;]<\/p>","protected":false},"featured_media":5263,"comment_status":"closed","ping_status":"open","template":"","meta":{"_acf_changed":false,"_smort_price_nok":"1602","_smort_price_dkk":"1018","_smort_price_eur":"136.36","_smort_sale_price_nok":"","_smort_sale_price_dkk":"","_smort_sale_price_eur":"","smort_restorder":"","shipmondo_restorder":"","_kad_blocks_custom_css":"","_kad_blocks_head_custom_js":"","_kad_blocks_body_custom_js":"","_kad_blocks_footer_custom_js":"","smort_custom_pricelist_1":"960","smort_custom_pricelist_2":"960","smort_custom_pricelist_3":"960","smort_custom_pricelist_4":"1200","smort_custom_pricelist_5":"960"},"anvandningsomrade":[],"bilmarken":[],"product_brand":[1124],"product_cat":[2539,2608],"product_tag":[2735],"class_list":{"0":"post-5262","1":"product","2":"type-product","3":"status-publish","4":"has-post-thumbnail","6":"product_brand-lazer","7":"product_cat-ledramper","8":"product_cat-monteringssatser","9":"product_tag-lazer","11":"first","12":"onbackorder","13":"taxable","14":"shipping-taxable","15":"purchasable","16":"product-type-simple"},"bundled_by":[],"bundle_stock_status":"onbackorder","bundle_stock_quantity":0,"bundle_virtual":false,"bundle_layout":"","bundle_add_to_cart_form_location":"","bundle_editable_in_cart":false,"bundle_sold_individually_context":"","bundle_item_grouping":"","bundle_min_size":"","bundle_max_size":"","bundle_price":[],"bundled_items":[],"bundle_sell_ids":[],"acf":[],"yoast_head":"<!-- This site is optimized with the Yoast SEO plugin v27.0 - https:\/\/yoast.com\/product\/yoast-seo-wordpress\/ -->\n<title>Lazer Monteringssats Ford Transit Custom 2012+ - Xenonkungen<\/title>\n<meta name=\"robots\" content=\"index, follow, max-snippet:-1, max-image-preview:large, max-video-preview:-1\" \/>\n<link rel=\"canonical\" href=\"https:\/\/xenonkungen.com\/dk\/vare\/laser-monteringssaet-ford-transit-custom-2012\/\" \/>\n<meta property=\"og:locale\" content=\"da_DK\" \/>\n<meta property=\"og:type\" content=\"article\" \/>\n<meta property=\"og:title\" content=\"Lazer Monteringssats Ford Transit Custom 2012+ - Xenonkungen\" \/>\n<meta property=\"og:description\" content=\"Monteringssatser till Lazer ljusramper &#8211; Perfekt passform och enkel installation Letar du efter monteringssatser till Lazer ljusramper f\u00f6r din bil? Vi har ett brett utbud av monteringssatser som s\u00e4kerst\u00e4ller en perfekt passform och enkel installation. Med hj\u00e4lp av artikelnumret kan du enkelt hitta r\u00e4tt monteringssats f\u00f6r din specifika ljusrampe och bilmodell. Vi erbjuder monteringssatser till [&hellip;]\" \/>\n<meta property=\"og:url\" content=\"https:\/\/xenonkungen.com\/dk\/vare\/laser-monteringssaet-ford-transit-custom-2012\/\" \/>\n<meta property=\"og:site_name\" content=\"Xenonkungen\" \/>\n<meta property=\"article:modified_time\" content=\"2025-12-10T13:46:28+00:00\" \/>\n<meta property=\"og:image\" content=\"https:\/\/xenonkungen.com\/wp-content\/uploads\/2025\/04\/A1258_productimage_mainfront-2.jpg\" \/>\n\t<meta property=\"og:image:width\" content=\"2048\" \/>\n\t<meta property=\"og:image:height\" content=\"1536\" \/>\n\t<meta property=\"og:image:type\" content=\"image\/jpeg\" \/>\n<meta name=\"twitter:card\" content=\"summary_large_image\" \/>\n<meta name=\"twitter:label1\" content=\"Estimeret l\u00e6setid\" \/>\n\t<meta name=\"twitter:data1\" content=\"1 minut\" \/>\n<script type=\"application\/ld+json\" class=\"yoast-schema-graph\">{\"@context\":\"https:\/\/schema.org\",\"@graph\":[{\"@type\":\"WebPage\",\"@id\":\"https:\/\/xenonkungen.com\/produkt\/lazer-monteringssats-ford-transit-custom-2012\/\",\"url\":\"https:\/\/xenonkungen.com\/produkt\/lazer-monteringssats-ford-transit-custom-2012\/\",\"name\":\"Lazer Monteringssats Ford Transit Custom 2012+ - Xenonkungen\",\"isPartOf\":{\"@id\":\"https:\/\/xenonkungen.com\/#website\"},\"primaryImageOfPage\":{\"@id\":\"https:\/\/xenonkungen.com\/produkt\/lazer-monteringssats-ford-transit-custom-2012\/#primaryimage\"},\"image\":{\"@id\":\"https:\/\/xenonkungen.com\/produkt\/lazer-monteringssats-ford-transit-custom-2012\/#primaryimage\"},\"thumbnailUrl\":\"https:\/\/xenonkungen.com\/wp-content\/uploads\/2025\/04\/A1258_productimage_mainfront-2.jpg\",\"datePublished\":\"2025-04-15T09:25:29+00:00\",\"dateModified\":\"2025-12-10T13:46:28+00:00\",\"breadcrumb\":{\"@id\":\"https:\/\/xenonkungen.com\/produkt\/lazer-monteringssats-ford-transit-custom-2012\/#breadcrumb\"},\"inLanguage\":\"da-DK\",\"potentialAction\":[{\"@type\":\"ReadAction\",\"target\":[\"https:\/\/xenonkungen.com\/produkt\/lazer-monteringssats-ford-transit-custom-2012\/\"]}]},{\"@type\":\"ImageObject\",\"inLanguage\":\"da-DK\",\"@id\":\"https:\/\/xenonkungen.com\/produkt\/lazer-monteringssats-ford-transit-custom-2012\/#primaryimage\",\"url\":\"https:\/\/xenonkungen.com\/wp-content\/uploads\/2025\/04\/A1258_productimage_mainfront-2.jpg\",\"contentUrl\":\"https:\/\/xenonkungen.com\/wp-content\/uploads\/2025\/04\/A1258_productimage_mainfront-2.jpg\",\"width\":2048,\"height\":1536},{\"@type\":\"BreadcrumbList\",\"@id\":\"https:\/\/xenonkungen.com\/produkt\/lazer-monteringssats-ford-transit-custom-2012\/#breadcrumb\",\"itemListElement\":[{\"@type\":\"ListItem\",\"position\":1,\"name\":\"Hem\",\"item\":\"https:\/\/xenonkungen.com\/\"},{\"@type\":\"ListItem\",\"position\":2,\"name\":\"Shop\",\"item\":\"https:\/\/xenonkungen.com\/shop\/\"},{\"@type\":\"ListItem\",\"position\":3,\"name\":\"Lazer Monteringssats Ford Transit Custom 2012+\"}]},{\"@type\":\"WebSite\",\"@id\":\"https:\/\/xenonkungen.com\/#website\",\"url\":\"https:\/\/xenonkungen.com\/\",\"name\":\"Xenonkungen\",\"description\":\"\",\"potentialAction\":[{\"@type\":\"SearchAction\",\"target\":{\"@type\":\"EntryPoint\",\"urlTemplate\":\"https:\/\/xenonkungen.com\/?s={search_term_string}\"},\"query-input\":{\"@type\":\"PropertyValueSpecification\",\"valueRequired\":true,\"valueName\":\"search_term_string\"}}],\"inLanguage\":\"da-DK\"}]}<\/script>\n<!-- \/ Yoast SEO plugin. -->","yoast_head_json":{"title":"Lazer monteringss\u00e6t Ford Transit Custom 2012+ - Xenon-kongen","robots":{"index":"index","follow":"follow","max-snippet":"max-snippet:-1","max-image-preview":"max-image-preview:large","max-video-preview":"max-video-preview:-1"},"canonical":"https:\/\/xenonkungen.com\/dk\/vare\/laser-monteringssaet-ford-transit-custom-2012\/","og_locale":"da_DK","og_type":"article","og_title":"Lazer Monteringssats Ford Transit Custom 2012+ - Xenonkungen","og_description":"Monteringssatser till Lazer ljusramper &#8211; Perfekt passform och enkel installation Letar du efter monteringssatser till Lazer ljusramper f\u00f6r din bil? Vi har ett brett utbud av monteringssatser som s\u00e4kerst\u00e4ller en perfekt passform och enkel installation. Med hj\u00e4lp av artikelnumret kan du enkelt hitta r\u00e4tt monteringssats f\u00f6r din specifika ljusrampe och bilmodell. Vi erbjuder monteringssatser till [&hellip;]","og_url":"https:\/\/xenonkungen.com\/dk\/vare\/laser-monteringssaet-ford-transit-custom-2012\/","og_site_name":"Xenonkungen","article_modified_time":"2025-12-10T13:46:28+00:00","og_image":[{"width":2048,"height":1536,"url":"https:\/\/xenonkungen.com\/wp-content\/uploads\/2025\/04\/A1258_productimage_mainfront-2.jpg","type":"image\/jpeg"}],"twitter_card":"summary_large_image","twitter_misc":{"Estimeret l\u00e6setid":"1 minut"},"schema":{"@context":"https:\/\/schema.org","@graph":[{"@type":"WebPage","@id":"https:\/\/xenonkungen.com\/produkt\/lazer-monteringssats-ford-transit-custom-2012\/","url":"https:\/\/xenonkungen.com\/produkt\/lazer-monteringssats-ford-transit-custom-2012\/","name":"Lazer monteringss\u00e6t Ford Transit Custom 2012+ - Xenon-kongen","isPartOf":{"@id":"https:\/\/xenonkungen.com\/#website"},"primaryImageOfPage":{"@id":"https:\/\/xenonkungen.com\/produkt\/lazer-monteringssats-ford-transit-custom-2012\/#primaryimage"},"image":{"@id":"https:\/\/xenonkungen.com\/produkt\/lazer-monteringssats-ford-transit-custom-2012\/#primaryimage"},"thumbnailUrl":"https:\/\/xenonkungen.com\/wp-content\/uploads\/2025\/04\/A1258_productimage_mainfront-2.jpg","datePublished":"2025-04-15T09:25:29+00:00","dateModified":"2025-12-10T13:46:28+00:00","breadcrumb":{"@id":"https:\/\/xenonkungen.com\/produkt\/lazer-monteringssats-ford-transit-custom-2012\/#breadcrumb"},"inLanguage":"da-DK","potentialAction":[{"@type":"ReadAction","target":["https:\/\/xenonkungen.com\/produkt\/lazer-monteringssats-ford-transit-custom-2012\/"]}]},{"@type":"ImageObject","inLanguage":"da-DK","@id":"https:\/\/xenonkungen.com\/produkt\/lazer-monteringssats-ford-transit-custom-2012\/#primaryimage","url":"https:\/\/xenonkungen.com\/wp-content\/uploads\/2025\/04\/A1258_productimage_mainfront-2.jpg","contentUrl":"https:\/\/xenonkungen.com\/wp-content\/uploads\/2025\/04\/A1258_productimage_mainfront-2.jpg","width":2048,"height":1536},{"@type":"BreadcrumbList","@id":"https:\/\/xenonkungen.com\/produkt\/lazer-monteringssats-ford-transit-custom-2012\/#breadcrumb","itemListElement":[{"@type":"ListItem","position":1,"name":"Hem","item":"https:\/\/xenonkungen.com\/"},{"@type":"ListItem","position":2,"name":"Shop","item":"https:\/\/xenonkungen.com\/shop\/"},{"@type":"ListItem","position":3,"name":"Lazer Monteringssats Ford Transit Custom 2012+"}]},{"@type":"WebSite","@id":"https:\/\/xenonkungen.com\/#website","url":"https:\/\/xenonkungen.com\/","name":"Xenonkungen","description":"","potentialAction":[{"@type":"SearchAction","target":{"@type":"EntryPoint","urlTemplate":"https:\/\/xenonkungen.com\/?s={search_term_string}"},"query-input":{"@type":"PropertyValueSpecification","valueRequired":true,"valueName":"search_term_string"}}],"inLanguage":"da-DK"}]}},"taxonomy_info":{"product_brand":[{"value":1124,"label":"Lazer"}],"product_cat":[{"value":2539,"label":"LEDRAMPER"},{"value":2608,"label":"Monteringssatser"}],"product_tag":[{"value":2735,"label":"Lazer"}]},"featured_image_src_large":["https:\/\/xenonkungen.com\/wp-content\/uploads\/2025\/04\/A1258_productimage_mainfront-2-1024x768.jpg",1024,768,true],"author_info":[],"comment_info":0,"_links":{"self":[{"href":"https:\/\/xenonkungen.com\/dk\/wp-json\/wp\/v2\/product\/5262","targetHints":{"allow":["GET"]}}],"collection":[{"href":"https:\/\/xenonkungen.com\/dk\/wp-json\/wp\/v2\/product"}],"about":[{"href":"https:\/\/xenonkungen.com\/dk\/wp-json\/wp\/v2\/types\/product"}],"replies":[{"embeddable":true,"href":"https:\/\/xenonkungen.com\/dk\/wp-json\/wp\/v2\/comments?post=5262"}],"wp:featuredmedia":[{"embeddable":true,"href":"https:\/\/xenonkungen.com\/dk\/wp-json\/wp\/v2\/media\/5263"}],"wp:attachment":[{"href":"https:\/\/xenonkungen.com\/dk\/wp-json\/wp\/v2\/media?parent=5262"}],"wp:term":[{"taxonomy":"anvandningsomrade","embeddable":true,"href":"https:\/\/xenonkungen.com\/dk\/wp-json\/wp\/v2\/anvandningsomrade?post=5262"},{"taxonomy":"bilmarken","embeddable":true,"href":"https:\/\/xenonkungen.com\/dk\/wp-json\/wp\/v2\/bilmarken?post=5262"},{"taxonomy":"product_brand","embeddable":true,"href":"https:\/\/xenonkungen.com\/dk\/wp-json\/wp\/v2\/product_brand?post=5262"},{"taxonomy":"product_cat","embeddable":true,"href":"https:\/\/xenonkungen.com\/dk\/wp-json\/wp\/v2\/product_cat?post=5262"},{"taxonomy":"product_tag","embeddable":true,"href":"https:\/\/xenonkungen.com\/dk\/wp-json\/wp\/v2\/product_tag?post=5262"}],"curies":[{"name":"wp","href":"https:\/\/api.w.org\/{rel}","templated":true}]}}