{"id":5292,"date":"2025-04-15T09:26:33","date_gmt":"2025-04-15T09:26:33","guid":{"rendered":"https:\/\/xenonkungen.com\/product\/lazer-ledrampskit-iveco-daily-2019-2x-triple-r-750-elite\/"},"modified":"2026-04-24T17:26:22","modified_gmt":"2026-04-24T16:26:22","slug":"lazer-led-rampesaet-iveco-daily-2019-2x-triple-r-750-elite","status":"publish","type":"product","link":"https:\/\/xenonkungen.com\/dk\/vare\/lazer-led-rampesaet-iveco-daily-2019-2x-triple-r-750-elite\/","title":{"rendered":"Lazer Ledrampes\u00e6t - Iveco Daily 2019+ 2x Triple-R 750 Elite"},"content":{"rendered":"<h1>Lazers LED-rampes\u00e6t til Iveco Daily 2019+ \u2013 Perfekt belysning til din bilmodel<\/h1>\n<p>Lazers LED-lyskit tilpasset til Iveco Daily 2019+, indeholder to Triple-R 750 h\u00f8jtydende LED-lygter inklusive kabels\u00e6t. <\/p>\n<p>S\u00e6ttet indeholder ogs\u00e5 4 beslag, der er pr\u00e6cisionskonstrueret til at passe perfekt til bilens standardgrill, med ekstra styrke og sikkerhed takket v\u00e6re de medf\u00f8lgende selvsk\u00e6rende plastikskruer. Beslagene er lavet af ASA-materiale, kendt for sin fremragende styrke og UV-stabilitet, og de er fuldt vejr- og kemikaliebestandige for at sikre, at din installation forbliver i god stand \u00e5r efter \u00e5r.<\/p>\n<p><strong>Pakken indeholder:<\/strong><\/p>\n<p>- 2 x Triple-R 750 Elite<\/p>\n<p>- 4 x beslag og tilh\u00f8rende fastg\u00f8relseselementer<\/p>\n<p>- 1 x sk\u00e6revejledning<\/p>\n<p>- 1 x koblingss\u00e6t<\/p>\n<p>- 1 x monteringsvejledning<\/p>\n<p>Giv din Iveco Daily den belysningsopgradering, den fortjener. Med vores Lazers LED-lyskit f\u00e5r du overlegen belysning og sikker montering af dit k\u00f8ret\u00f8j.<\/p>","protected":false},"excerpt":{"rendered":"<p>Lazers LED-rampskit f\u00f6r Iveco Daily 2019+ &#8211; Perfekt belysning f\u00f6r din bilmodell Lazers ledrampskit anpassat f\u00f6r Iveco Daily 2019 +, inneh\u00e5ller tv\u00e5 Triple-R 750 h\u00f6gpresterande LED-ramper inklusive kabelsats. Kitet inneh\u00e5ller \u00e4ven 4 st f\u00e4sten som \u00e4r precisionsutvecklade f\u00f6r att passa perfekt med bilens standardgaller, med extra styrka och s\u00e4kerhet tack vare de medf\u00f6ljande sj\u00e4lvg\u00e4ngande plastskruvarna. [&hellip;]<\/p>","protected":false},"featured_media":5293,"comment_status":"closed","ping_status":"open","template":"","meta":{"_acf_changed":false,"_smort_price_nok":"12283","_smort_price_dkk":"7803","_smort_price_eur":"1045.41","_smort_sale_price_nok":"","_smort_sale_price_dkk":"","_smort_sale_price_eur":"","smort_restorder":"","shipmondo_restorder":"","_kad_blocks_custom_css":"","_kad_blocks_head_custom_js":"","_kad_blocks_body_custom_js":"","_kad_blocks_footer_custom_js":"","smort_custom_pricelist_1":"7360","smort_custom_pricelist_2":"7360","smort_custom_pricelist_3":"7360","smort_custom_pricelist_4":"9200","smort_custom_pricelist_5":"7360"},"anvandningsomrade":[],"bilmarken":[],"product_brand":[1124],"product_cat":[2539,2596,1916],"product_tag":[2735],"class_list":{"0":"post-5292","1":"product","2":"type-product","3":"status-publish","4":"has-post-thumbnail","6":"product_brand-lazer","7":"product_cat-ledramper","8":"product_cat-paket","9":"product_cat-ledrampspaket","10":"product_tag-lazer","11":"pa_fargtemperatur-5000k","12":"pa_godkannande-e-godkand-r112","13":"pa_stromforbrukning-72a144v","14":"pa_volt-v-multivolt-10-12-16-18-24-28-30-32","16":"first","17":"onbackorder","18":"taxable","19":"shipping-taxable","20":"purchasable","21":"product-type-simple"},"bundled_by":[],"bundle_stock_status":"onbackorder","bundle_stock_quantity":0,"bundle_virtual":false,"bundle_layout":"","bundle_add_to_cart_form_location":"","bundle_editable_in_cart":false,"bundle_sold_individually_context":"","bundle_item_grouping":"","bundle_min_size":"","bundle_max_size":"","bundle_price":[],"bundled_items":[],"bundle_sell_ids":[],"acf":[],"yoast_head":"<!-- This site is optimized with the Yoast SEO plugin v27.0 - https:\/\/yoast.com\/product\/yoast-seo-wordpress\/ -->\n<title>Lazer Ledrampskit - Iveco Daily 2019+ 2x Triple-R 750 Elite - Xenonkungen<\/title>\n<meta name=\"robots\" content=\"index, follow, max-snippet:-1, max-image-preview:large, max-video-preview:-1\" \/>\n<link rel=\"canonical\" href=\"https:\/\/xenonkungen.com\/dk\/vare\/lazer-led-rampesaet-iveco-daily-2019-2x-triple-r-750-elite\/\" \/>\n<meta property=\"og:locale\" content=\"da_DK\" \/>\n<meta property=\"og:type\" content=\"article\" \/>\n<meta property=\"og:title\" content=\"Lazer Ledrampskit - Iveco Daily 2019+ 2x Triple-R 750 Elite - Xenonkungen\" \/>\n<meta property=\"og:description\" content=\"Lazers LED-rampskit f\u00f6r Iveco Daily 2019+ &#8211; Perfekt belysning f\u00f6r din bilmodell Lazers ledrampskit anpassat f\u00f6r Iveco Daily 2019 +, inneh\u00e5ller tv\u00e5 Triple-R 750 h\u00f6gpresterande LED-ramper inklusive kabelsats. Kitet inneh\u00e5ller \u00e4ven 4 st f\u00e4sten som \u00e4r precisionsutvecklade f\u00f6r att passa perfekt med bilens standardgaller, med extra styrka och s\u00e4kerhet tack vare de medf\u00f6ljande sj\u00e4lvg\u00e4ngande plastskruvarna. [&hellip;]\" \/>\n<meta property=\"og:url\" content=\"https:\/\/xenonkungen.com\/dk\/vare\/lazer-led-rampesaet-iveco-daily-2019-2x-triple-r-750-elite\/\" \/>\n<meta property=\"og:site_name\" content=\"Xenonkungen\" \/>\n<meta property=\"article:modified_time\" content=\"2026-04-24T16:26:22+00:00\" \/>\n<meta property=\"og:image\" content=\"https:\/\/xenonkungen.com\/wp-content\/uploads\/2025\/04\/159497_itemimage_mainfront.jpg\" \/>\n\t<meta property=\"og:image:width\" content=\"2048\" \/>\n\t<meta property=\"og:image:height\" content=\"1536\" \/>\n\t<meta property=\"og:image:type\" content=\"image\/jpeg\" \/>\n<meta name=\"twitter:card\" content=\"summary_large_image\" \/>\n<meta name=\"twitter:label1\" content=\"Estimeret l\u00e6setid\" \/>\n\t<meta name=\"twitter:data1\" content=\"1 minut\" \/>\n<script type=\"application\/ld+json\" class=\"yoast-schema-graph\">{\"@context\":\"https:\/\/schema.org\",\"@graph\":[{\"@type\":\"WebPage\",\"@id\":\"https:\/\/xenonkungen.com\/nl\/product\/laser-led-ramp-kit-iveco-daily-2019-2x-triple-r-750-elite\/\",\"url\":\"https:\/\/xenonkungen.com\/nl\/product\/laser-led-ramp-kit-iveco-daily-2019-2x-triple-r-750-elite\/\",\"name\":\"Lazer Ledrampskit - Iveco Daily 2019+ 2x Triple-R 750 Elite - Xenonkungen\",\"isPartOf\":{\"@id\":\"https:\/\/xenonkungen.com\/#website\"},\"primaryImageOfPage\":{\"@id\":\"https:\/\/xenonkungen.com\/nl\/product\/laser-led-ramp-kit-iveco-daily-2019-2x-triple-r-750-elite\/#primaryimage\"},\"image\":{\"@id\":\"https:\/\/xenonkungen.com\/nl\/product\/laser-led-ramp-kit-iveco-daily-2019-2x-triple-r-750-elite\/#primaryimage\"},\"thumbnailUrl\":\"https:\/\/xenonkungen.com\/wp-content\/uploads\/2025\/04\/159497_itemimage_mainfront.jpg\",\"datePublished\":\"2025-04-15T09:26:33+00:00\",\"dateModified\":\"2026-04-24T16:26:22+00:00\",\"breadcrumb\":{\"@id\":\"https:\/\/xenonkungen.com\/nl\/product\/laser-led-ramp-kit-iveco-daily-2019-2x-triple-r-750-elite\/#breadcrumb\"},\"inLanguage\":\"da-DK\",\"potentialAction\":[{\"@type\":\"ReadAction\",\"target\":[\"https:\/\/xenonkungen.com\/nl\/product\/laser-led-ramp-kit-iveco-daily-2019-2x-triple-r-750-elite\/\"]}]},{\"@type\":\"ImageObject\",\"inLanguage\":\"da-DK\",\"@id\":\"https:\/\/xenonkungen.com\/nl\/product\/laser-led-ramp-kit-iveco-daily-2019-2x-triple-r-750-elite\/#primaryimage\",\"url\":\"https:\/\/xenonkungen.com\/wp-content\/uploads\/2025\/04\/159497_itemimage_mainfront.jpg\",\"contentUrl\":\"https:\/\/xenonkungen.com\/wp-content\/uploads\/2025\/04\/159497_itemimage_mainfront.jpg\",\"width\":2048,\"height\":1536},{\"@type\":\"BreadcrumbList\",\"@id\":\"https:\/\/xenonkungen.com\/nl\/product\/laser-led-ramp-kit-iveco-daily-2019-2x-triple-r-750-elite\/#breadcrumb\",\"itemListElement\":[{\"@type\":\"ListItem\",\"position\":1,\"name\":\"Hem\",\"item\":\"https:\/\/xenonkungen.com\/\"},{\"@type\":\"ListItem\",\"position\":2,\"name\":\"Shop\",\"item\":\"https:\/\/xenonkungen.com\/shop\/\"},{\"@type\":\"ListItem\",\"position\":3,\"name\":\"Lazer Ledrampskit &#8211; Iveco Daily 2019+ 2x Triple-R 750 Elite\"}]},{\"@type\":\"WebSite\",\"@id\":\"https:\/\/xenonkungen.com\/#website\",\"url\":\"https:\/\/xenonkungen.com\/\",\"name\":\"Xenonkungen\",\"description\":\"\",\"potentialAction\":[{\"@type\":\"SearchAction\",\"target\":{\"@type\":\"EntryPoint\",\"urlTemplate\":\"https:\/\/xenonkungen.com\/?s={search_term_string}\"},\"query-input\":{\"@type\":\"PropertyValueSpecification\",\"valueRequired\":true,\"valueName\":\"search_term_string\"}}],\"inLanguage\":\"da-DK\"}]}<\/script>\n<!-- \/ Yoast SEO plugin. -->","yoast_head_json":{"title":"Lazer LED rampes\u00e6t - Iveco Daily 2019+ 2x Triple-R 750 Elite - Xenon-kongen","robots":{"index":"index","follow":"follow","max-snippet":"max-snippet:-1","max-image-preview":"max-image-preview:large","max-video-preview":"max-video-preview:-1"},"canonical":"https:\/\/xenonkungen.com\/dk\/vare\/lazer-led-rampesaet-iveco-daily-2019-2x-triple-r-750-elite\/","og_locale":"da_DK","og_type":"article","og_title":"Lazer Ledrampskit - Iveco Daily 2019+ 2x Triple-R 750 Elite - Xenonkungen","og_description":"Lazers LED-rampskit f\u00f6r Iveco Daily 2019+ &#8211; Perfekt belysning f\u00f6r din bilmodell Lazers ledrampskit anpassat f\u00f6r Iveco Daily 2019 +, inneh\u00e5ller tv\u00e5 Triple-R 750 h\u00f6gpresterande LED-ramper inklusive kabelsats. Kitet inneh\u00e5ller \u00e4ven 4 st f\u00e4sten som \u00e4r precisionsutvecklade f\u00f6r att passa perfekt med bilens standardgaller, med extra styrka och s\u00e4kerhet tack vare de medf\u00f6ljande sj\u00e4lvg\u00e4ngande plastskruvarna. [&hellip;]","og_url":"https:\/\/xenonkungen.com\/dk\/vare\/lazer-led-rampesaet-iveco-daily-2019-2x-triple-r-750-elite\/","og_site_name":"Xenonkungen","article_modified_time":"2026-04-24T16:26:22+00:00","og_image":[{"width":2048,"height":1536,"url":"https:\/\/xenonkungen.com\/wp-content\/uploads\/2025\/04\/159497_itemimage_mainfront.jpg","type":"image\/jpeg"}],"twitter_card":"summary_large_image","twitter_misc":{"Estimeret l\u00e6setid":"1 minut"},"schema":{"@context":"https:\/\/schema.org","@graph":[{"@type":"WebPage","@id":"https:\/\/xenonkungen.com\/nl\/product\/laser-led-ramp-kit-iveco-daily-2019-2x-triple-r-750-elite\/","url":"https:\/\/xenonkungen.com\/nl\/product\/laser-led-ramp-kit-iveco-daily-2019-2x-triple-r-750-elite\/","name":"Lazer LED rampes\u00e6t - Iveco Daily 2019+ 2x Triple-R 750 Elite - Xenon-kongen","isPartOf":{"@id":"https:\/\/xenonkungen.com\/#website"},"primaryImageOfPage":{"@id":"https:\/\/xenonkungen.com\/nl\/product\/laser-led-ramp-kit-iveco-daily-2019-2x-triple-r-750-elite\/#primaryimage"},"image":{"@id":"https:\/\/xenonkungen.com\/nl\/product\/laser-led-ramp-kit-iveco-daily-2019-2x-triple-r-750-elite\/#primaryimage"},"thumbnailUrl":"https:\/\/xenonkungen.com\/wp-content\/uploads\/2025\/04\/159497_itemimage_mainfront.jpg","datePublished":"2025-04-15T09:26:33+00:00","dateModified":"2026-04-24T16:26:22+00:00","breadcrumb":{"@id":"https:\/\/xenonkungen.com\/nl\/product\/laser-led-ramp-kit-iveco-daily-2019-2x-triple-r-750-elite\/#breadcrumb"},"inLanguage":"da-DK","potentialAction":[{"@type":"ReadAction","target":["https:\/\/xenonkungen.com\/nl\/product\/laser-led-ramp-kit-iveco-daily-2019-2x-triple-r-750-elite\/"]}]},{"@type":"ImageObject","inLanguage":"da-DK","@id":"https:\/\/xenonkungen.com\/nl\/product\/laser-led-ramp-kit-iveco-daily-2019-2x-triple-r-750-elite\/#primaryimage","url":"https:\/\/xenonkungen.com\/wp-content\/uploads\/2025\/04\/159497_itemimage_mainfront.jpg","contentUrl":"https:\/\/xenonkungen.com\/wp-content\/uploads\/2025\/04\/159497_itemimage_mainfront.jpg","width":2048,"height":1536},{"@type":"BreadcrumbList","@id":"https:\/\/xenonkungen.com\/nl\/product\/laser-led-ramp-kit-iveco-daily-2019-2x-triple-r-750-elite\/#breadcrumb","itemListElement":[{"@type":"ListItem","position":1,"name":"Hem","item":"https:\/\/xenonkungen.com\/"},{"@type":"ListItem","position":2,"name":"Shop","item":"https:\/\/xenonkungen.com\/shop\/"},{"@type":"ListItem","position":3,"name":"Lazer Ledrampskit &#8211; Iveco Daily 2019+ 2x Triple-R 750 Elite"}]},{"@type":"WebSite","@id":"https:\/\/xenonkungen.com\/#website","url":"https:\/\/xenonkungen.com\/","name":"Xenonkungen","description":"","potentialAction":[{"@type":"SearchAction","target":{"@type":"EntryPoint","urlTemplate":"https:\/\/xenonkungen.com\/?s={search_term_string}"},"query-input":{"@type":"PropertyValueSpecification","valueRequired":true,"valueName":"search_term_string"}}],"inLanguage":"da-DK"}]}},"taxonomy_info":{"product_brand":[{"value":1124,"label":"Lazer"}],"product_cat":[{"value":2539,"label":"LEDRAMPER"},{"value":2596,"label":"Paket"},{"value":1916,"label":"Ledrampspaket"}],"product_tag":[{"value":2735,"label":"Lazer"}],"pa_fargtemperatur":[{"value":154,"label":"5000K"}],"pa_godkannande":[{"value":1614,"label":"E-Godk\u00e4nd, R112"}],"pa_stromforbrukning":[{"value":1617,"label":"7,2A@14,4V"}],"pa_volt-v":[{"value":1084,"label":"Multivolt, 10, 12, 16, 18, 24, 28, 30, 32"}]},"featured_image_src_large":["https:\/\/xenonkungen.com\/wp-content\/uploads\/2025\/04\/159497_itemimage_mainfront-1024x768.jpg",1024,768,true],"author_info":[],"comment_info":0,"_links":{"self":[{"href":"https:\/\/xenonkungen.com\/dk\/wp-json\/wp\/v2\/product\/5292","targetHints":{"allow":["GET"]}}],"collection":[{"href":"https:\/\/xenonkungen.com\/dk\/wp-json\/wp\/v2\/product"}],"about":[{"href":"https:\/\/xenonkungen.com\/dk\/wp-json\/wp\/v2\/types\/product"}],"replies":[{"embeddable":true,"href":"https:\/\/xenonkungen.com\/dk\/wp-json\/wp\/v2\/comments?post=5292"}],"wp:featuredmedia":[{"embeddable":true,"href":"https:\/\/xenonkungen.com\/dk\/wp-json\/wp\/v2\/media\/5293"}],"wp:attachment":[{"href":"https:\/\/xenonkungen.com\/dk\/wp-json\/wp\/v2\/media?parent=5292"}],"wp:term":[{"taxonomy":"anvandningsomrade","embeddable":true,"href":"https:\/\/xenonkungen.com\/dk\/wp-json\/wp\/v2\/anvandningsomrade?post=5292"},{"taxonomy":"bilmarken","embeddable":true,"href":"https:\/\/xenonkungen.com\/dk\/wp-json\/wp\/v2\/bilmarken?post=5292"},{"taxonomy":"product_brand","embeddable":true,"href":"https:\/\/xenonkungen.com\/dk\/wp-json\/wp\/v2\/product_brand?post=5292"},{"taxonomy":"product_cat","embeddable":true,"href":"https:\/\/xenonkungen.com\/dk\/wp-json\/wp\/v2\/product_cat?post=5292"},{"taxonomy":"product_tag","embeddable":true,"href":"https:\/\/xenonkungen.com\/dk\/wp-json\/wp\/v2\/product_tag?post=5292"}],"curies":[{"name":"wp","href":"https:\/\/api.w.org\/{rel}","templated":true}]}}