{"id":5642,"date":"2025-04-15T09:32:05","date_gmt":"2025-04-15T09:32:05","guid":{"rendered":"https:\/\/xenonkungen.com\/product\/voolbar-citroen-berlingo-2008-2018\/"},"modified":"2026-05-13T16:01:38","modified_gmt":"2026-05-13T15:01:38","slug":"cabriolet-citroen-berlingo-2008-2018","status":"publish","type":"product","link":"https:\/\/xenonkungen.com\/dk\/vare\/cabriolet-citroen-berlingo-2008-2018\/","title":{"rendered":"Tilg\u00e6ngelig Citro\u00ebn Berlingo 2008-2018"},"content":{"rendered":"<p>Modelspecifik Voolbar lysbj\u00e6lke (ekstra lygteholder \/ lysbj\u00e6lke) til Citro\u00ebn Berlingo 2008-2018 med beslag til 3 ekstra lygter eller en LED-bj\u00e6lke. Den maksimale bredde pr. ekstra lygte er begr\u00e6nset til 225 mm hver.<\/p>\n<p><strong>LUXTAR LED BAR:<\/strong><br \/>Passer til model X18, X20, X24 eller D22.<br \/>Billedeeksemplet viser Luxtar Reflex Bar D22 (E-m\u00e6rket).<\/p>\n<p>Voolbar monteres rundt om bilens styrtb\u00f8jle ved hj\u00e6lp af det medf\u00f8lgende monteringss\u00e6t, og det er ikke n\u00f8dvendigt at bore i styrtb\u00f8jlen, n\u00e5r man monterer en tilpasset Voolbar. Voolbar har beslag til nummerpladen, som flyttes frem under monteringen.<\/p>\n<p>Et kvalitetsprodukt fremstillet af \u00e6gte syrefast rustfrit st\u00e5l. R\u00f8rets diameter er 60 mm. Ekstra lys s\u00e6lges separat.<\/p>\n<p>Monteringss\u00e6ttet indeholder:<br \/>1. Voolbar buelys i rustfrit st\u00e5l<br \/>1 Skr\u00e6ddersyet monteringss\u00e6t<\/p>","protected":false},"excerpt":{"rendered":"<p>Modellanpassad Voolbar Ljusb\u00e5ge (extraljush\u00e5llare \/ ljusramp) till Citroen Berlingo 2008-2018 med f\u00e4sten f\u00f6r 3st extraljus eller en ledramp. Maxbredden per extraljus \u00e4r begr\u00e4nsad till 225mm vardera. LUXTAR LED BAR:L\u00e4mplig f\u00f6r modell X18, X20, X24 eller D22.Bildexempel visar Luxtar Reflex Bar D22 (E-m\u00e4rkt). Voolbar monteras runt bilens krockbalk med hj\u00e4lp av medf\u00f6ljande monteringssats, ingen borrning i [&hellip;]<\/p>","protected":false},"featured_media":5643,"comment_status":"closed","ping_status":"open","template":"","meta":{"_acf_changed":false,"_smort_price_nok":"3733","_smort_price_dkk":"2372","_smort_price_eur":"317.71","_smort_sale_price_nok":"","_smort_sale_price_dkk":"","_smort_sale_price_eur":"","smort_restorder":"","shipmondo_restorder":"","_kad_blocks_custom_css":"","_kad_blocks_head_custom_js":"","_kad_blocks_body_custom_js":"","_kad_blocks_footer_custom_js":"","smort_custom_pricelist_1":"2596","smort_custom_pricelist_2":"2596","smort_custom_pricelist_3":"2596","smort_custom_pricelist_4":"2796","smort_custom_pricelist_5":"2596"},"anvandningsomrade":[],"bilmarken":[],"product_brand":[],"product_cat":[3073,2971,2461,2841,2610,390],"product_tag":[],"class_list":{"0":"post-5642","1":"product","2":"type-product","3":"status-publish","4":"has-post-thumbnail","6":"product_cat-takfaste","7":"product_cat-ledramp-fasten","8":"product_cat-fasten-installation","9":"product_cat-installation-extraljus","10":"product_cat-modellanpassade","11":"product_cat-installation","12":"pa_storlek-mm-720x130x125","14":"first","15":"onbackorder","16":"taxable","17":"shipping-taxable","18":"purchasable","19":"product-type-simple"},"bundled_by":[],"bundle_stock_status":"onbackorder","bundle_stock_quantity":-41,"bundle_virtual":false,"bundle_layout":"","bundle_add_to_cart_form_location":"","bundle_editable_in_cart":false,"bundle_sold_individually_context":"","bundle_item_grouping":"","bundle_min_size":"","bundle_max_size":"","bundle_price":[],"bundled_items":[],"bundle_sell_ids":[],"acf":[],"yoast_head":"<!-- This site is optimized with the Yoast SEO plugin v27.0 - https:\/\/yoast.com\/product\/yoast-seo-wordpress\/ -->\n<title>Voolbar Citroen Berlingo 2008-2018 - Xenonkungen<\/title>\n<meta name=\"robots\" content=\"index, follow, max-snippet:-1, max-image-preview:large, max-video-preview:-1\" \/>\n<link rel=\"canonical\" href=\"https:\/\/xenonkungen.com\/dk\/vare\/cabriolet-citroen-berlingo-2008-2018\/\" \/>\n<meta property=\"og:locale\" content=\"da_DK\" \/>\n<meta property=\"og:type\" content=\"article\" \/>\n<meta property=\"og:title\" content=\"Voolbar Citroen Berlingo 2008-2018 - Xenonkungen\" \/>\n<meta property=\"og:description\" content=\"Modellanpassad Voolbar Ljusb\u00e5ge (extraljush\u00e5llare \/ ljusramp) till Citroen Berlingo 2008-2018 med f\u00e4sten f\u00f6r 3st extraljus eller en ledramp. Maxbredden per extraljus \u00e4r begr\u00e4nsad till 225mm vardera. LUXTAR LED BAR:L\u00e4mplig f\u00f6r modell X18, X20, X24 eller D22.Bildexempel visar Luxtar Reflex Bar D22 (E-m\u00e4rkt). Voolbar monteras runt bilens krockbalk med hj\u00e4lp av medf\u00f6ljande monteringssats, ingen borrning i [&hellip;]\" \/>\n<meta property=\"og:url\" content=\"https:\/\/xenonkungen.com\/dk\/vare\/cabriolet-citroen-berlingo-2008-2018\/\" \/>\n<meta property=\"og:site_name\" content=\"Xenonkungen\" \/>\n<meta property=\"article:modified_time\" content=\"2026-05-13T15:01:38+00:00\" \/>\n<meta property=\"og:image\" content=\"https:\/\/xenonkungen.com\/wp-content\/uploads\/2025\/04\/32693732-origpic-0cdcf2.png\" \/>\n\t<meta property=\"og:image:width\" content=\"1024\" \/>\n\t<meta property=\"og:image:height\" content=\"1024\" \/>\n\t<meta property=\"og:image:type\" content=\"image\/png\" \/>\n<meta name=\"twitter:card\" content=\"summary_large_image\" \/>\n<meta name=\"twitter:label1\" content=\"Estimeret l\u00e6setid\" \/>\n\t<meta name=\"twitter:data1\" content=\"1 minut\" \/>\n<script type=\"application\/ld+json\" class=\"yoast-schema-graph\">{\"@context\":\"https:\/\/schema.org\",\"@graph\":[{\"@type\":\"WebPage\",\"@id\":\"https:\/\/xenonkungen.com\/produkt\/voolbar-citroen-berlingo-2008-2018\/\",\"url\":\"https:\/\/xenonkungen.com\/produkt\/voolbar-citroen-berlingo-2008-2018\/\",\"name\":\"Voolbar Citroen Berlingo 2008-2018 - Xenonkungen\",\"isPartOf\":{\"@id\":\"https:\/\/xenonkungen.com\/#website\"},\"primaryImageOfPage\":{\"@id\":\"https:\/\/xenonkungen.com\/produkt\/voolbar-citroen-berlingo-2008-2018\/#primaryimage\"},\"image\":{\"@id\":\"https:\/\/xenonkungen.com\/produkt\/voolbar-citroen-berlingo-2008-2018\/#primaryimage\"},\"thumbnailUrl\":\"https:\/\/xenonkungen.com\/wp-content\/uploads\/2025\/04\/32693732-origpic-0cdcf2.png\",\"datePublished\":\"2025-04-15T09:32:05+00:00\",\"dateModified\":\"2026-05-13T15:01:38+00:00\",\"breadcrumb\":{\"@id\":\"https:\/\/xenonkungen.com\/produkt\/voolbar-citroen-berlingo-2008-2018\/#breadcrumb\"},\"inLanguage\":\"da-DK\",\"potentialAction\":[{\"@type\":\"ReadAction\",\"target\":[\"https:\/\/xenonkungen.com\/produkt\/voolbar-citroen-berlingo-2008-2018\/\"]}]},{\"@type\":\"ImageObject\",\"inLanguage\":\"da-DK\",\"@id\":\"https:\/\/xenonkungen.com\/produkt\/voolbar-citroen-berlingo-2008-2018\/#primaryimage\",\"url\":\"https:\/\/xenonkungen.com\/wp-content\/uploads\/2025\/04\/32693732-origpic-0cdcf2.png\",\"contentUrl\":\"https:\/\/xenonkungen.com\/wp-content\/uploads\/2025\/04\/32693732-origpic-0cdcf2.png\",\"width\":1024,\"height\":1024},{\"@type\":\"BreadcrumbList\",\"@id\":\"https:\/\/xenonkungen.com\/produkt\/voolbar-citroen-berlingo-2008-2018\/#breadcrumb\",\"itemListElement\":[{\"@type\":\"ListItem\",\"position\":1,\"name\":\"Hem\",\"item\":\"https:\/\/xenonkungen.com\/\"},{\"@type\":\"ListItem\",\"position\":2,\"name\":\"Shop\",\"item\":\"https:\/\/xenonkungen.com\/shop\/\"},{\"@type\":\"ListItem\",\"position\":3,\"name\":\"Voolbar Citroen Berlingo 2008-2018\"}]},{\"@type\":\"WebSite\",\"@id\":\"https:\/\/xenonkungen.com\/#website\",\"url\":\"https:\/\/xenonkungen.com\/\",\"name\":\"Xenonkungen\",\"description\":\"\",\"potentialAction\":[{\"@type\":\"SearchAction\",\"target\":{\"@type\":\"EntryPoint\",\"urlTemplate\":\"https:\/\/xenonkungen.com\/?s={search_term_string}\"},\"query-input\":{\"@type\":\"PropertyValueSpecification\",\"valueRequired\":true,\"valueName\":\"search_term_string\"}}],\"inLanguage\":\"da-DK\"}]}<\/script>\n<!-- \/ Yoast SEO plugin. -->","yoast_head_json":{"title":"Voolbar Citroen Berlingo 2008-2018 - Xenon-kongen","robots":{"index":"index","follow":"follow","max-snippet":"max-snippet:-1","max-image-preview":"max-image-preview:large","max-video-preview":"max-video-preview:-1"},"canonical":"https:\/\/xenonkungen.com\/dk\/vare\/cabriolet-citroen-berlingo-2008-2018\/","og_locale":"da_DK","og_type":"article","og_title":"Voolbar Citroen Berlingo 2008-2018 - Xenonkungen","og_description":"Modellanpassad Voolbar Ljusb\u00e5ge (extraljush\u00e5llare \/ ljusramp) till Citroen Berlingo 2008-2018 med f\u00e4sten f\u00f6r 3st extraljus eller en ledramp. Maxbredden per extraljus \u00e4r begr\u00e4nsad till 225mm vardera. LUXTAR LED BAR:L\u00e4mplig f\u00f6r modell X18, X20, X24 eller D22.Bildexempel visar Luxtar Reflex Bar D22 (E-m\u00e4rkt). Voolbar monteras runt bilens krockbalk med hj\u00e4lp av medf\u00f6ljande monteringssats, ingen borrning i [&hellip;]","og_url":"https:\/\/xenonkungen.com\/dk\/vare\/cabriolet-citroen-berlingo-2008-2018\/","og_site_name":"Xenonkungen","article_modified_time":"2026-05-13T15:01:38+00:00","og_image":[{"width":1024,"height":1024,"url":"https:\/\/xenonkungen.com\/wp-content\/uploads\/2025\/04\/32693732-origpic-0cdcf2.png","type":"image\/png"}],"twitter_card":"summary_large_image","twitter_misc":{"Estimeret l\u00e6setid":"1 minut"},"schema":{"@context":"https:\/\/schema.org","@graph":[{"@type":"WebPage","@id":"https:\/\/xenonkungen.com\/produkt\/voolbar-citroen-berlingo-2008-2018\/","url":"https:\/\/xenonkungen.com\/produkt\/voolbar-citroen-berlingo-2008-2018\/","name":"Voolbar Citroen Berlingo 2008-2018 - Xenon-kongen","isPartOf":{"@id":"https:\/\/xenonkungen.com\/#website"},"primaryImageOfPage":{"@id":"https:\/\/xenonkungen.com\/produkt\/voolbar-citroen-berlingo-2008-2018\/#primaryimage"},"image":{"@id":"https:\/\/xenonkungen.com\/produkt\/voolbar-citroen-berlingo-2008-2018\/#primaryimage"},"thumbnailUrl":"https:\/\/xenonkungen.com\/wp-content\/uploads\/2025\/04\/32693732-origpic-0cdcf2.png","datePublished":"2025-04-15T09:32:05+00:00","dateModified":"2026-05-13T15:01:38+00:00","breadcrumb":{"@id":"https:\/\/xenonkungen.com\/produkt\/voolbar-citroen-berlingo-2008-2018\/#breadcrumb"},"inLanguage":"da-DK","potentialAction":[{"@type":"ReadAction","target":["https:\/\/xenonkungen.com\/produkt\/voolbar-citroen-berlingo-2008-2018\/"]}]},{"@type":"ImageObject","inLanguage":"da-DK","@id":"https:\/\/xenonkungen.com\/produkt\/voolbar-citroen-berlingo-2008-2018\/#primaryimage","url":"https:\/\/xenonkungen.com\/wp-content\/uploads\/2025\/04\/32693732-origpic-0cdcf2.png","contentUrl":"https:\/\/xenonkungen.com\/wp-content\/uploads\/2025\/04\/32693732-origpic-0cdcf2.png","width":1024,"height":1024},{"@type":"BreadcrumbList","@id":"https:\/\/xenonkungen.com\/produkt\/voolbar-citroen-berlingo-2008-2018\/#breadcrumb","itemListElement":[{"@type":"ListItem","position":1,"name":"Hem","item":"https:\/\/xenonkungen.com\/"},{"@type":"ListItem","position":2,"name":"Shop","item":"https:\/\/xenonkungen.com\/shop\/"},{"@type":"ListItem","position":3,"name":"Voolbar Citroen Berlingo 2008-2018"}]},{"@type":"WebSite","@id":"https:\/\/xenonkungen.com\/#website","url":"https:\/\/xenonkungen.com\/","name":"Xenonkungen","description":"","potentialAction":[{"@type":"SearchAction","target":{"@type":"EntryPoint","urlTemplate":"https:\/\/xenonkungen.com\/?s={search_term_string}"},"query-input":{"@type":"PropertyValueSpecification","valueRequired":true,"valueName":"search_term_string"}}],"inLanguage":"da-DK"}]}},"taxonomy_info":{"product_cat":[{"value":3073,"label":"Takf\u00e4ste"},{"value":2971,"label":"F\u00e4ste till ledramp"},{"value":2461,"label":"F\u00e4sten"},{"value":2841,"label":"Installation extraljus"},{"value":2610,"label":"Modellanpassade"},{"value":390,"label":"Installation"}],"pa_storlek-mm":[{"value":1652,"label":"720x130x125"}]},"featured_image_src_large":["https:\/\/xenonkungen.com\/wp-content\/uploads\/2025\/04\/32693732-origpic-0cdcf2.png",1024,1024,false],"author_info":[],"comment_info":0,"_links":{"self":[{"href":"https:\/\/xenonkungen.com\/dk\/wp-json\/wp\/v2\/product\/5642","targetHints":{"allow":["GET"]}}],"collection":[{"href":"https:\/\/xenonkungen.com\/dk\/wp-json\/wp\/v2\/product"}],"about":[{"href":"https:\/\/xenonkungen.com\/dk\/wp-json\/wp\/v2\/types\/product"}],"replies":[{"embeddable":true,"href":"https:\/\/xenonkungen.com\/dk\/wp-json\/wp\/v2\/comments?post=5642"}],"wp:featuredmedia":[{"embeddable":true,"href":"https:\/\/xenonkungen.com\/dk\/wp-json\/wp\/v2\/media\/5643"}],"wp:attachment":[{"href":"https:\/\/xenonkungen.com\/dk\/wp-json\/wp\/v2\/media?parent=5642"}],"wp:term":[{"taxonomy":"anvandningsomrade","embeddable":true,"href":"https:\/\/xenonkungen.com\/dk\/wp-json\/wp\/v2\/anvandningsomrade?post=5642"},{"taxonomy":"bilmarken","embeddable":true,"href":"https:\/\/xenonkungen.com\/dk\/wp-json\/wp\/v2\/bilmarken?post=5642"},{"taxonomy":"product_brand","embeddable":true,"href":"https:\/\/xenonkungen.com\/dk\/wp-json\/wp\/v2\/product_brand?post=5642"},{"taxonomy":"product_cat","embeddable":true,"href":"https:\/\/xenonkungen.com\/dk\/wp-json\/wp\/v2\/product_cat?post=5642"},{"taxonomy":"product_tag","embeddable":true,"href":"https:\/\/xenonkungen.com\/dk\/wp-json\/wp\/v2\/product_tag?post=5642"}],"curies":[{"name":"wp","href":"https:\/\/api.w.org\/{rel}","templated":true}]}}