{"id":5719,"date":"2025-04-15T09:32:41","date_gmt":"2025-04-15T09:32:41","guid":{"rendered":"https:\/\/xenonkungen.com\/product\/v-sight-tron-9-dual-position-white\/"},"modified":"2026-04-24T17:49:42","modified_gmt":"2026-04-24T16:49:42","slug":"v-sigte-tron-9-dobbelt-position-hvid","status":"publish","type":"product","link":"https:\/\/xenonkungen.com\/dk\/vare\/v-sigte-tron-9-dobbelt-position-hvid\/","title":{"rendered":"V-SIGHT Tron 9\u2033 Dobbelt position | Hvid"},"content":{"rendered":"<h1 style=\"color: #333;\">V-SIGHT Tron 9\u2033 Dual Position LED projekt\u00f8r | Hvid<\/h1>\n<p>Tag p\u00e5 farten med <strong>V-SIGHT Tron 9\u2033 Dual Position LED udend\u00f8rslampe<\/strong> - En ekstralygte, der er designet til at give overlegen synlighed og sikkerhed uden at g\u00e5 p\u00e5 kompromis med stilen. Perfekt til dem, der kr\u00e6ver b\u00e5de ydeevne og p\u00e5lidelighed, uanset k\u00f8rselsforholdene.<\/p>\n<h2 style=\"color: #555;\">Egenskaber, der skinner klarere<\/h2>\n<ul>\n<li><strong>9600 lumen lysstyrke:<\/strong> Krystalklart udsyn selv under de mest kr\u00e6vende k\u00f8reforhold.<\/li>\n<li><strong>R\u00e6kkevidde p\u00e5 667 meter (1 lux):<\/strong> Perfekt til at navigere p\u00e5 m\u00f8rke veje eller i stort terr\u00e6n.<\/li>\n<li><strong>Lys med to positioner:<\/strong> Tilpas belysningen til b\u00e5de funktion og elegance - med elegante lyseffekter omkring og mellem LED'erne.<\/li>\n<li><strong>5000K farvetemperatur:<\/strong> Giver et naturligt lys, der reducerer tr\u00e6thed i \u00f8jnene og maksimerer k\u00f8rekomforten.<\/li>\n<li><strong>9-36V sp\u00e6ndingsomr\u00e5de:<\/strong> Kompatibel med en lang r\u00e6kke k\u00f8ret\u00f8jstyper.<\/li>\n<li><strong>E-m\u00e6rket og lovligt:<\/strong> Godkendt i henhold til <strong>ECE R148\/R149\/R10<\/strong> til sikker brug p\u00e5 vejene.<\/li>\n<\/ul>\n<h2 style=\"color: #555;\">Designet til at levere i alle situationer<\/h2>\n<p><strong>V-SIGHT Tron 9\u2033<\/strong> kombinerer et slankt, robust design med et optimeret lysm\u00f8nster, der afbalancerer b\u00e5de bredde og l\u00e6ngde. Det giver dig den bedst mulige synlighed i ethvert milj\u00f8 - fra smalle skovveje til \u00e5bne landskaber.<\/p>\n<h2 style=\"color: #555;\">To tilstande til alle behov<\/h2>\n<ul>\n<li><strong>E-godkendt tilstand:<\/strong> For sikker og lovlig k\u00f8rsel i hverdagen.<\/li>\n<li><strong>E-boost-tilstand:<\/strong> Aktiv\u00e9r maksimal effekt, n\u00e5r du har brug for ekstra r\u00e6kkevidde og ydeevne, op til 667 meter (1 lux).<\/li>\n<\/ul>\n<h2 style=\"color: #555;\">Til dem, der kr\u00e6ver mere<\/h2>\n<p>Uanset om du er professionel chauff\u00f8r, offroad-entusiast eller bare p\u00e5 udkig efter bedre lysforhold under aftenk\u00f8rsel, s\u00e5 er <strong>V-SIGHT Tron 9\u2033<\/strong> det ultimative valg. Dette er ikke bare en ekstra lygte - det er din trofaste f\u00f8lgesvend p\u00e5 enhver rejse.<\/p>\n<h5><img loading=\"lazy\" decoding=\"async\" src=\"https:\/\/cdn.abicart.com\/shop\/11788\/files\/trailer-logo_medium.png\" alt=\"\" width=\"97\" height=\"25\" \/><br \/><strong>Trailer Extraljustest 2024 skriver f\u00f8lgende om V-Sight Tron Black:\u00a0<\/strong><\/h5>\n<p><em>\"Endnu en pandelampe i ottekantet design, der tilbydes i b\u00e5de sort og hvid. Rigtig godt lysm\u00f8nster i stil med Lazer Sentinel. Endda lidt kraftigere. Lige s\u00e5 varmt lys og lidt h\u00f8jere h\u00f8jde p\u00e5 lyset. God stabil fod\"<\/em><\/p>\n<h2><strong>Vigtig information:<\/strong><\/h2>\n<h3><strong>Tilslut dine ekstra lys med DT6 til DTP-adapteren<\/strong><\/h3>\n<p>For nemt og bekvemt at tilslutte dine ekstra lys har du brug for en <strong>DT6 til DTP-adapter<\/strong>. Denne adapter sikrer en hurtig og sikker overgang mellem DT6-stikket i ekstralygten og et standard DTP-ledningsnet. Perfekt til en professionel og problemfri installation af ekstralys p\u00e5 dit k\u00f8ret\u00f8j!<\/p>\n<p><strong>G\u00f8r installationen nemmere - v\u00e6lg DT6 til DTP-adapteren<br \/>V\u00e6lg artikelnummer: 140041<\/strong><\/p>","protected":false},"excerpt":{"rendered":"<p>V-SIGHT Tron 9&#8243; Dual Position LED-Extraljus | White Ge dig ut p\u00e5 v\u00e4garna med V-SIGHT Tron 9&#8243; Dual Position LED-Extraljus \u2013 ett extraljus designat f\u00f6r att leverera \u00f6verl\u00e4gsen sikt och s\u00e4kerhet, utan att kompromissa p\u00e5 stil. Perfekt f\u00f6r dig som kr\u00e4ver b\u00e5de prestanda och p\u00e5litlighet, oavsett k\u00f6rf\u00f6rh\u00e5llanden. Egenskaper som lyser starkare 9600 lumen av ljusstyrka: [&hellip;]<\/p>","protected":false},"featured_media":5720,"comment_status":"closed","ping_status":"open","template":"","meta":{"_acf_changed":false,"_smort_price_nok":"3066","_smort_price_dkk":"1947","_smort_price_eur":"260.9","_smort_sale_price_nok":"","_smort_sale_price_dkk":"","_smort_sale_price_eur":"","smort_restorder":"","shipmondo_restorder":"","_kad_blocks_custom_css":"","_kad_blocks_head_custom_js":"","_kad_blocks_body_custom_js":"","_kad_blocks_footer_custom_js":"","smort_custom_pricelist_1":"1836.8","smort_custom_pricelist_2":"1607.2","smort_custom_pricelist_3":"1492.4","smort_custom_pricelist_4":"2296","smort_custom_pricelist_5":"1607.2"},"anvandningsomrade":[],"bilmarken":[],"product_brand":[2793],"product_cat":[2839,142],"product_tag":[2735],"class_list":{"0":"post-5719","1":"product","2":"type-product","3":"status-publish","4":"has-post-thumbnail","6":"product_brand-ovrigt","7":"product_cat-extraljus-9","8":"product_cat-extraljus","9":"product_tag-lazer","10":"pa_faktisk-effekts-forbrukning-1658","11":"pa_fargtemperatur-1486","12":"pa_fuktskydd-varde-ipxx-ip68-ip69k","13":"pa_godkannande-e-markt-ece-r148-r149-r10","14":"pa_lampsockel-kontakt-dt6-6-polig","15":"pa_led-chips-effekt-w-703","16":"pa_ljusbild-combo-beam","17":"pa_storlek-mm-216-med-fot-2286-mm-x-75","18":"pa_stromforbrukning-133a12v","19":"pa_stromforbrukning-66a24v","20":"pa_volt-v-9-36","22":"first","23":"onbackorder","24":"taxable","25":"shipping-taxable","26":"purchasable","27":"product-type-simple"},"bundled_by":[],"bundle_stock_status":"onbackorder","bundle_stock_quantity":0,"bundle_virtual":false,"bundle_layout":"","bundle_add_to_cart_form_location":"","bundle_editable_in_cart":false,"bundle_sold_individually_context":"","bundle_item_grouping":"","bundle_min_size":"","bundle_max_size":"","bundle_price":[],"bundled_items":[],"bundle_sell_ids":[],"acf":[],"yoast_head":"<!-- This site is optimized with the Yoast SEO plugin v27.0 - https:\/\/yoast.com\/product\/yoast-seo-wordpress\/ -->\n<title>V-SIGHT Tron 9&quot; Dual position | White - Xenonkungen<\/title>\n<meta name=\"robots\" content=\"index, follow, max-snippet:-1, max-image-preview:large, max-video-preview:-1\" \/>\n<link rel=\"canonical\" href=\"https:\/\/xenonkungen.com\/dk\/vare\/v-sigte-tron-9-dobbelt-position-hvid\/\" \/>\n<meta property=\"og:locale\" content=\"da_DK\" \/>\n<meta property=\"og:type\" content=\"article\" \/>\n<meta property=\"og:title\" content=\"V-SIGHT Tron 9&quot; Dual position | White - Xenonkungen\" \/>\n<meta property=\"og:description\" content=\"V-SIGHT Tron 9&#8243; Dual Position LED-Extraljus | White Ge dig ut p\u00e5 v\u00e4garna med V-SIGHT Tron 9&#8243; Dual Position LED-Extraljus \u2013 ett extraljus designat f\u00f6r att leverera \u00f6verl\u00e4gsen sikt och s\u00e4kerhet, utan att kompromissa p\u00e5 stil. Perfekt f\u00f6r dig som kr\u00e4ver b\u00e5de prestanda och p\u00e5litlighet, oavsett k\u00f6rf\u00f6rh\u00e5llanden. Egenskaper som lyser starkare 9600 lumen av ljusstyrka: [&hellip;]\" \/>\n<meta property=\"og:url\" content=\"https:\/\/xenonkungen.com\/dk\/vare\/v-sigte-tron-9-dobbelt-position-hvid\/\" \/>\n<meta property=\"og:site_name\" content=\"Xenonkungen\" \/>\n<meta property=\"article:modified_time\" content=\"2026-04-24T16:49:42+00:00\" \/>\n<meta property=\"og:image\" content=\"https:\/\/xenonkungen.com\/wp-content\/uploads\/2025\/04\/216613329-origpic-9b3a29.jpg\" \/>\n\t<meta property=\"og:image:width\" content=\"1000\" \/>\n\t<meta property=\"og:image:height\" content=\"800\" \/>\n\t<meta property=\"og:image:type\" content=\"image\/jpeg\" \/>\n<meta name=\"twitter:card\" content=\"summary_large_image\" \/>\n<meta name=\"twitter:label1\" content=\"Estimeret l\u00e6setid\" \/>\n\t<meta name=\"twitter:data1\" content=\"2 minutter\" \/>\n<script type=\"application\/ld+json\" class=\"yoast-schema-graph\">{\"@context\":\"https:\/\/schema.org\",\"@graph\":[{\"@type\":\"WebPage\",\"@id\":\"https:\/\/xenonkungen.com\/no\/produkt\/v-sikte-tron-9-dobbel-posisjon-hvit\/\",\"url\":\"https:\/\/xenonkungen.com\/no\/produkt\/v-sikte-tron-9-dobbel-posisjon-hvit\/\",\"name\":\"V-SIGHT Tron 9\\\" Dual position | White - Xenonkungen\",\"isPartOf\":{\"@id\":\"https:\/\/xenonkungen.com\/#website\"},\"primaryImageOfPage\":{\"@id\":\"https:\/\/xenonkungen.com\/no\/produkt\/v-sikte-tron-9-dobbel-posisjon-hvit\/#primaryimage\"},\"image\":{\"@id\":\"https:\/\/xenonkungen.com\/no\/produkt\/v-sikte-tron-9-dobbel-posisjon-hvit\/#primaryimage\"},\"thumbnailUrl\":\"https:\/\/xenonkungen.com\/wp-content\/uploads\/2025\/04\/216613329-origpic-9b3a29.jpg\",\"datePublished\":\"2025-04-15T09:32:41+00:00\",\"dateModified\":\"2026-04-24T16:49:42+00:00\",\"breadcrumb\":{\"@id\":\"https:\/\/xenonkungen.com\/no\/produkt\/v-sikte-tron-9-dobbel-posisjon-hvit\/#breadcrumb\"},\"inLanguage\":\"da-DK\",\"potentialAction\":[{\"@type\":\"ReadAction\",\"target\":[\"https:\/\/xenonkungen.com\/no\/produkt\/v-sikte-tron-9-dobbel-posisjon-hvit\/\"]}]},{\"@type\":\"ImageObject\",\"inLanguage\":\"da-DK\",\"@id\":\"https:\/\/xenonkungen.com\/no\/produkt\/v-sikte-tron-9-dobbel-posisjon-hvit\/#primaryimage\",\"url\":\"https:\/\/xenonkungen.com\/wp-content\/uploads\/2025\/04\/216613329-origpic-9b3a29.jpg\",\"contentUrl\":\"https:\/\/xenonkungen.com\/wp-content\/uploads\/2025\/04\/216613329-origpic-9b3a29.jpg\",\"width\":1000,\"height\":800},{\"@type\":\"BreadcrumbList\",\"@id\":\"https:\/\/xenonkungen.com\/no\/produkt\/v-sikte-tron-9-dobbel-posisjon-hvit\/#breadcrumb\",\"itemListElement\":[{\"@type\":\"ListItem\",\"position\":1,\"name\":\"Hem\",\"item\":\"https:\/\/xenonkungen.com\/\"},{\"@type\":\"ListItem\",\"position\":2,\"name\":\"Shop\",\"item\":\"https:\/\/xenonkungen.com\/shop\/\"},{\"@type\":\"ListItem\",\"position\":3,\"name\":\"V-SIGHT Tron 9&#8243; Dual position | White\"}]},{\"@type\":\"WebSite\",\"@id\":\"https:\/\/xenonkungen.com\/#website\",\"url\":\"https:\/\/xenonkungen.com\/\",\"name\":\"Xenonkungen\",\"description\":\"\",\"potentialAction\":[{\"@type\":\"SearchAction\",\"target\":{\"@type\":\"EntryPoint\",\"urlTemplate\":\"https:\/\/xenonkungen.com\/?s={search_term_string}\"},\"query-input\":{\"@type\":\"PropertyValueSpecification\",\"valueRequired\":true,\"valueName\":\"search_term_string\"}}],\"inLanguage\":\"da-DK\"}]}<\/script>\n<!-- \/ Yoast SEO plugin. -->","yoast_head_json":{"title":"V-SIGHT Tron 9&quot; Dobbelt position | Hvid - Xenon-kongen","robots":{"index":"index","follow":"follow","max-snippet":"max-snippet:-1","max-image-preview":"max-image-preview:large","max-video-preview":"max-video-preview:-1"},"canonical":"https:\/\/xenonkungen.com\/dk\/vare\/v-sigte-tron-9-dobbelt-position-hvid\/","og_locale":"da_DK","og_type":"article","og_title":"V-SIGHT Tron 9\" Dual position | White - Xenonkungen","og_description":"V-SIGHT Tron 9&#8243; Dual Position LED-Extraljus | White Ge dig ut p\u00e5 v\u00e4garna med V-SIGHT Tron 9&#8243; Dual Position LED-Extraljus \u2013 ett extraljus designat f\u00f6r att leverera \u00f6verl\u00e4gsen sikt och s\u00e4kerhet, utan att kompromissa p\u00e5 stil. Perfekt f\u00f6r dig som kr\u00e4ver b\u00e5de prestanda och p\u00e5litlighet, oavsett k\u00f6rf\u00f6rh\u00e5llanden. Egenskaper som lyser starkare 9600 lumen av ljusstyrka: [&hellip;]","og_url":"https:\/\/xenonkungen.com\/dk\/vare\/v-sigte-tron-9-dobbelt-position-hvid\/","og_site_name":"Xenonkungen","article_modified_time":"2026-04-24T16:49:42+00:00","og_image":[{"width":1000,"height":800,"url":"https:\/\/xenonkungen.com\/wp-content\/uploads\/2025\/04\/216613329-origpic-9b3a29.jpg","type":"image\/jpeg"}],"twitter_card":"summary_large_image","twitter_misc":{"Estimeret l\u00e6setid":"2 minutter"},"schema":{"@context":"https:\/\/schema.org","@graph":[{"@type":"WebPage","@id":"https:\/\/xenonkungen.com\/no\/produkt\/v-sikte-tron-9-dobbel-posisjon-hvit\/","url":"https:\/\/xenonkungen.com\/no\/produkt\/v-sikte-tron-9-dobbel-posisjon-hvit\/","name":"V-SIGHT Tron 9&quot; Dobbelt position | Hvid - Xenon-kongen","isPartOf":{"@id":"https:\/\/xenonkungen.com\/#website"},"primaryImageOfPage":{"@id":"https:\/\/xenonkungen.com\/no\/produkt\/v-sikte-tron-9-dobbel-posisjon-hvit\/#primaryimage"},"image":{"@id":"https:\/\/xenonkungen.com\/no\/produkt\/v-sikte-tron-9-dobbel-posisjon-hvit\/#primaryimage"},"thumbnailUrl":"https:\/\/xenonkungen.com\/wp-content\/uploads\/2025\/04\/216613329-origpic-9b3a29.jpg","datePublished":"2025-04-15T09:32:41+00:00","dateModified":"2026-04-24T16:49:42+00:00","breadcrumb":{"@id":"https:\/\/xenonkungen.com\/no\/produkt\/v-sikte-tron-9-dobbel-posisjon-hvit\/#breadcrumb"},"inLanguage":"da-DK","potentialAction":[{"@type":"ReadAction","target":["https:\/\/xenonkungen.com\/no\/produkt\/v-sikte-tron-9-dobbel-posisjon-hvit\/"]}]},{"@type":"ImageObject","inLanguage":"da-DK","@id":"https:\/\/xenonkungen.com\/no\/produkt\/v-sikte-tron-9-dobbel-posisjon-hvit\/#primaryimage","url":"https:\/\/xenonkungen.com\/wp-content\/uploads\/2025\/04\/216613329-origpic-9b3a29.jpg","contentUrl":"https:\/\/xenonkungen.com\/wp-content\/uploads\/2025\/04\/216613329-origpic-9b3a29.jpg","width":1000,"height":800},{"@type":"BreadcrumbList","@id":"https:\/\/xenonkungen.com\/no\/produkt\/v-sikte-tron-9-dobbel-posisjon-hvit\/#breadcrumb","itemListElement":[{"@type":"ListItem","position":1,"name":"Hem","item":"https:\/\/xenonkungen.com\/"},{"@type":"ListItem","position":2,"name":"Shop","item":"https:\/\/xenonkungen.com\/shop\/"},{"@type":"ListItem","position":3,"name":"V-SIGHT Tron 9&#8243; Dual position | White"}]},{"@type":"WebSite","@id":"https:\/\/xenonkungen.com\/#website","url":"https:\/\/xenonkungen.com\/","name":"Xenonkungen","description":"","potentialAction":[{"@type":"SearchAction","target":{"@type":"EntryPoint","urlTemplate":"https:\/\/xenonkungen.com\/?s={search_term_string}"},"query-input":{"@type":"PropertyValueSpecification","valueRequired":true,"valueName":"search_term_string"}}],"inLanguage":"da-DK"}]}},"taxonomy_info":{"product_brand":[{"value":2793,"label":"\u00d6VRIGT"}],"product_cat":[{"value":2839,"label":"Extraljus 9\""},{"value":142,"label":"Extraljus"}],"product_tag":[{"value":2735,"label":"Lazer"}],"pa_faktisk-effekts-forbrukning":[{"value":1658,"label":"160"}],"pa_fargtemperatur":[{"value":1486,"label":"5000"}],"pa_fuktskydd-varde-ipxx":[{"value":402,"label":"IP68. IP69K"}],"pa_godkannande":[{"value":1662,"label":"E-m\u00e4rkt: ECE R148\/ R149 \/R10"}],"pa_lampsockel-kontakt":[{"value":1661,"label":"DT6 (6-polig)"}],"pa_led-chips-effekt-w":[{"value":703,"label":"160"}],"pa_ljusbild":[{"value":1659,"label":"Combo Beam"}],"pa_storlek-mm":[{"value":1657,"label":"216 (med fot 228,6 mm) x 75"}],"pa_stromforbrukning":[{"value":1114,"label":"1,33A@12V"},{"value":1660,"label":"6,6A@24V"}],"pa_volt-v":[{"value":1444,"label":"9-36"}]},"featured_image_src_large":["https:\/\/xenonkungen.com\/wp-content\/uploads\/2025\/04\/216613329-origpic-9b3a29.jpg",1000,800,false],"author_info":[],"comment_info":0,"_links":{"self":[{"href":"https:\/\/xenonkungen.com\/dk\/wp-json\/wp\/v2\/product\/5719","targetHints":{"allow":["GET"]}}],"collection":[{"href":"https:\/\/xenonkungen.com\/dk\/wp-json\/wp\/v2\/product"}],"about":[{"href":"https:\/\/xenonkungen.com\/dk\/wp-json\/wp\/v2\/types\/product"}],"replies":[{"embeddable":true,"href":"https:\/\/xenonkungen.com\/dk\/wp-json\/wp\/v2\/comments?post=5719"}],"wp:featuredmedia":[{"embeddable":true,"href":"https:\/\/xenonkungen.com\/dk\/wp-json\/wp\/v2\/media\/5720"}],"wp:attachment":[{"href":"https:\/\/xenonkungen.com\/dk\/wp-json\/wp\/v2\/media?parent=5719"}],"wp:term":[{"taxonomy":"anvandningsomrade","embeddable":true,"href":"https:\/\/xenonkungen.com\/dk\/wp-json\/wp\/v2\/anvandningsomrade?post=5719"},{"taxonomy":"bilmarken","embeddable":true,"href":"https:\/\/xenonkungen.com\/dk\/wp-json\/wp\/v2\/bilmarken?post=5719"},{"taxonomy":"product_brand","embeddable":true,"href":"https:\/\/xenonkungen.com\/dk\/wp-json\/wp\/v2\/product_brand?post=5719"},{"taxonomy":"product_cat","embeddable":true,"href":"https:\/\/xenonkungen.com\/dk\/wp-json\/wp\/v2\/product_cat?post=5719"},{"taxonomy":"product_tag","embeddable":true,"href":"https:\/\/xenonkungen.com\/dk\/wp-json\/wp\/v2\/product_tag?post=5719"}],"curies":[{"name":"wp","href":"https:\/\/api.w.org\/{rel}","templated":true}]}}