{"id":5763,"date":"2025-04-15T09:35:06","date_gmt":"2025-04-15T09:35:06","guid":{"rendered":"https:\/\/xenonkungen.com\/product\/yeelight-smart-led-lampa-10w-e27\/"},"modified":"2026-04-11T01:59:22","modified_gmt":"2026-04-11T00:59:22","slug":"yeelight-smart-led-lampe-10w-e27","status":"publish","type":"product","link":"https:\/\/xenonkungen.com\/dk\/vare\/yeelight-smart-led-lampe-10w-e27\/","title":{"rendered":"Yeelight Smart LED-lampe 10W | E27"},"content":{"rendered":"<p>Yeelight Smart LED-lampe justerbar hvid.<br \/>Finjuster din stemning fra bl\u00f8d hvid til dagslys.<br \/>Ingen hub n\u00f8dvendig | Smart kontrol | Justerbar farvetemperatur<\/p>\n<p>Med Yeelight iOS- og Android-apps kan du styre din belysning eksternt, uanset hvor du er. Er du ikke sikker p\u00e5, om du har slukket alle lysene, men allerede har forladt huset? Tjek selv, n\u00e5r du er v\u00e6k hjemmefra. Glemte du at lade et lys v\u00e6re t\u00e6ndt til dit k\u00e6ledyr? T\u00e6nd et lys uden at v\u00e6re til stede.<\/p>\n<p><strong>Juster lyset<\/strong><br \/>Skift stemningen med et tryk p\u00e5 en knap. Tilpas lyset efter din smag, og f\u00e5 \u00f8jeblikkelig adgang til det. Uanset om du har lyst til at arbejde eller tage en lur, kan Yeelight hj\u00e6lpe dig med at opn\u00e5 din yndlingsindstilling med det samme, uden spild af tid.<\/p>\n<p>Skab den rette stemning til hvert \u00f8jeblik ved at justere farvetemperaturen fra varm hvid til dagslys. Nyd forskellige stilarter \u00e5ret rundt, fra det varme hvide lys fra en sommersol til det k\u00f8lige hvide lys p\u00e5 en vinterdag.<\/p>\n<p><strong>Spar energi og penge<\/strong><br \/>Med en lysstyrke p\u00e5 800 lumen for kun 10 watt hj\u00e6lper Yeelight dig med at spare energi uden at g\u00e5 p\u00e5 kompromis med lysstyrke eller kvalitet; med en levetid p\u00e5 op til 22,8 \u00e5r.<\/p>","protected":false},"excerpt":{"rendered":"<p>Yeelight Smart LED-lampa Justerbar Vit.Finjustera din atmosf\u00e4r fr\u00e5n mjukt vit till dagsljus.Ingen hubb kr\u00e4vs | Smart Control | Justerbar f\u00e4rgtemperatur Med Yeelight iOS- och Android-apparna kan du styra din belysning p\u00e5 distans var du \u00e4n \u00e4r. Inte s\u00e4ker p\u00e5 om du st\u00e4ngde av alla lampor, men har redan l\u00e4mnat huset? Kontrollera \u00e4ven n\u00e4r du \u00e4r [&hellip;]<\/p>","protected":false},"featured_media":5764,"comment_status":"closed","ping_status":"open","template":"","meta":{"_acf_changed":false,"_smort_price_nok":"240","_smort_price_dkk":"153","_smort_price_eur":"20.45","_smort_sale_price_nok":"","_smort_sale_price_dkk":"","_smort_sale_price_eur":"","smort_restorder":"","shipmondo_restorder":"","_kad_blocks_custom_css":"","_kad_blocks_head_custom_js":"","_kad_blocks_body_custom_js":"","_kad_blocks_footer_custom_js":"","smort_custom_pricelist_1":"180","smort_custom_pricelist_2":"180","smort_custom_pricelist_3":"171","smort_custom_pricelist_4":"180","smort_custom_pricelist_5":"180"},"anvandningsomrade":[237],"bilmarken":[],"product_brand":[2793],"product_cat":[2439],"product_tag":[],"class_list":{"0":"post-5763","1":"product","2":"type-product","3":"status-publish","4":"has-post-thumbnail","6":"anvandningsomrade-fritid","7":"product_brand-ovrigt","8":"product_cat-hem","9":"pa_led-chips-effekt-w-772","11":"first","12":"instock","13":"taxable","14":"shipping-taxable","15":"purchasable","16":"product-type-simple"},"bundled_by":[],"bundle_stock_status":"instock","bundle_stock_quantity":26,"bundle_virtual":false,"bundle_layout":"","bundle_add_to_cart_form_location":"","bundle_editable_in_cart":false,"bundle_sold_individually_context":"","bundle_item_grouping":"","bundle_min_size":"","bundle_max_size":"","bundle_price":[],"bundled_items":[],"bundle_sell_ids":[],"acf":[],"yoast_head":"<!-- This site is optimized with the Yoast SEO plugin v27.0 - https:\/\/yoast.com\/product\/yoast-seo-wordpress\/ -->\n<title>Yeelight Smart LED lampa 10W | E27 - Xenonkungen<\/title>\n<meta name=\"robots\" content=\"index, follow, max-snippet:-1, max-image-preview:large, max-video-preview:-1\" \/>\n<link rel=\"canonical\" href=\"https:\/\/xenonkungen.com\/dk\/vare\/yeelight-smart-led-lampe-10w-e27\/\" \/>\n<meta property=\"og:locale\" content=\"da_DK\" \/>\n<meta property=\"og:type\" content=\"article\" \/>\n<meta property=\"og:title\" content=\"Yeelight Smart LED lampa 10W | E27 - Xenonkungen\" \/>\n<meta property=\"og:description\" content=\"Yeelight Smart LED-lampa Justerbar Vit.Finjustera din atmosf\u00e4r fr\u00e5n mjukt vit till dagsljus.Ingen hubb kr\u00e4vs | Smart Control | Justerbar f\u00e4rgtemperatur Med Yeelight iOS- och Android-apparna kan du styra din belysning p\u00e5 distans var du \u00e4n \u00e4r. Inte s\u00e4ker p\u00e5 om du st\u00e4ngde av alla lampor, men har redan l\u00e4mnat huset? Kontrollera \u00e4ven n\u00e4r du \u00e4r [&hellip;]\" \/>\n<meta property=\"og:url\" content=\"https:\/\/xenonkungen.com\/dk\/vare\/yeelight-smart-led-lampe-10w-e27\/\" \/>\n<meta property=\"og:site_name\" content=\"Xenonkungen\" \/>\n<meta property=\"article:modified_time\" content=\"2026-04-11T00:59:22+00:00\" \/>\n<meta property=\"og:image\" content=\"https:\/\/xenonkungen.com\/wp-content\/uploads\/2025\/04\/178408949-origpic-42bb7e.png\" \/>\n\t<meta property=\"og:image:width\" content=\"1000\" \/>\n\t<meta property=\"og:image:height\" content=\"1000\" \/>\n\t<meta property=\"og:image:type\" content=\"image\/png\" \/>\n<meta name=\"twitter:card\" content=\"summary_large_image\" \/>\n<meta name=\"twitter:label1\" content=\"Estimeret l\u00e6setid\" \/>\n\t<meta name=\"twitter:data1\" content=\"1 minut\" \/>\n<script type=\"application\/ld+json\" class=\"yoast-schema-graph\">{\"@context\":\"https:\/\/schema.org\",\"@graph\":[{\"@type\":\"WebPage\",\"@id\":\"https:\/\/xenonkungen.com\/produkt\/yeelight-smart-led-lampa-10w-e27\/\",\"url\":\"https:\/\/xenonkungen.com\/produkt\/yeelight-smart-led-lampa-10w-e27\/\",\"name\":\"Yeelight Smart LED lampa 10W | E27 - Xenonkungen\",\"isPartOf\":{\"@id\":\"https:\/\/xenonkungen.com\/#website\"},\"primaryImageOfPage\":{\"@id\":\"https:\/\/xenonkungen.com\/produkt\/yeelight-smart-led-lampa-10w-e27\/#primaryimage\"},\"image\":{\"@id\":\"https:\/\/xenonkungen.com\/produkt\/yeelight-smart-led-lampa-10w-e27\/#primaryimage\"},\"thumbnailUrl\":\"https:\/\/xenonkungen.com\/wp-content\/uploads\/2025\/04\/178408949-origpic-42bb7e.png\",\"datePublished\":\"2025-04-15T09:35:06+00:00\",\"dateModified\":\"2026-04-11T00:59:22+00:00\",\"breadcrumb\":{\"@id\":\"https:\/\/xenonkungen.com\/produkt\/yeelight-smart-led-lampa-10w-e27\/#breadcrumb\"},\"inLanguage\":\"da-DK\",\"potentialAction\":[{\"@type\":\"ReadAction\",\"target\":[\"https:\/\/xenonkungen.com\/produkt\/yeelight-smart-led-lampa-10w-e27\/\"]}]},{\"@type\":\"ImageObject\",\"inLanguage\":\"da-DK\",\"@id\":\"https:\/\/xenonkungen.com\/produkt\/yeelight-smart-led-lampa-10w-e27\/#primaryimage\",\"url\":\"https:\/\/xenonkungen.com\/wp-content\/uploads\/2025\/04\/178408949-origpic-42bb7e.png\",\"contentUrl\":\"https:\/\/xenonkungen.com\/wp-content\/uploads\/2025\/04\/178408949-origpic-42bb7e.png\",\"width\":1000,\"height\":1000},{\"@type\":\"BreadcrumbList\",\"@id\":\"https:\/\/xenonkungen.com\/produkt\/yeelight-smart-led-lampa-10w-e27\/#breadcrumb\",\"itemListElement\":[{\"@type\":\"ListItem\",\"position\":1,\"name\":\"Hem\",\"item\":\"https:\/\/xenonkungen.com\/\"},{\"@type\":\"ListItem\",\"position\":2,\"name\":\"Shop\",\"item\":\"https:\/\/xenonkungen.com\/shop\/\"},{\"@type\":\"ListItem\",\"position\":3,\"name\":\"Yeelight Smart LED lampa 10W | E27\"}]},{\"@type\":\"WebSite\",\"@id\":\"https:\/\/xenonkungen.com\/#website\",\"url\":\"https:\/\/xenonkungen.com\/\",\"name\":\"Xenonkungen\",\"description\":\"\",\"potentialAction\":[{\"@type\":\"SearchAction\",\"target\":{\"@type\":\"EntryPoint\",\"urlTemplate\":\"https:\/\/xenonkungen.com\/?s={search_term_string}\"},\"query-input\":{\"@type\":\"PropertyValueSpecification\",\"valueRequired\":true,\"valueName\":\"search_term_string\"}}],\"inLanguage\":\"da-DK\"}]}<\/script>\n<!-- \/ Yoast SEO plugin. -->","yoast_head_json":{"title":"Yeelight Smart LED-lampe 10W | E27 - Xenon-kongen","robots":{"index":"index","follow":"follow","max-snippet":"max-snippet:-1","max-image-preview":"max-image-preview:large","max-video-preview":"max-video-preview:-1"},"canonical":"https:\/\/xenonkungen.com\/dk\/vare\/yeelight-smart-led-lampe-10w-e27\/","og_locale":"da_DK","og_type":"article","og_title":"Yeelight Smart LED lampa 10W | E27 - Xenonkungen","og_description":"Yeelight Smart LED-lampa Justerbar Vit.Finjustera din atmosf\u00e4r fr\u00e5n mjukt vit till dagsljus.Ingen hubb kr\u00e4vs | Smart Control | Justerbar f\u00e4rgtemperatur Med Yeelight iOS- och Android-apparna kan du styra din belysning p\u00e5 distans var du \u00e4n \u00e4r. Inte s\u00e4ker p\u00e5 om du st\u00e4ngde av alla lampor, men har redan l\u00e4mnat huset? Kontrollera \u00e4ven n\u00e4r du \u00e4r [&hellip;]","og_url":"https:\/\/xenonkungen.com\/dk\/vare\/yeelight-smart-led-lampe-10w-e27\/","og_site_name":"Xenonkungen","article_modified_time":"2026-04-11T00:59:22+00:00","og_image":[{"width":1000,"height":1000,"url":"https:\/\/xenonkungen.com\/wp-content\/uploads\/2025\/04\/178408949-origpic-42bb7e.png","type":"image\/png"}],"twitter_card":"summary_large_image","twitter_misc":{"Estimeret l\u00e6setid":"1 minut"},"schema":{"@context":"https:\/\/schema.org","@graph":[{"@type":"WebPage","@id":"https:\/\/xenonkungen.com\/produkt\/yeelight-smart-led-lampa-10w-e27\/","url":"https:\/\/xenonkungen.com\/produkt\/yeelight-smart-led-lampa-10w-e27\/","name":"Yeelight Smart LED-lampe 10W | E27 - Xenon-kongen","isPartOf":{"@id":"https:\/\/xenonkungen.com\/#website"},"primaryImageOfPage":{"@id":"https:\/\/xenonkungen.com\/produkt\/yeelight-smart-led-lampa-10w-e27\/#primaryimage"},"image":{"@id":"https:\/\/xenonkungen.com\/produkt\/yeelight-smart-led-lampa-10w-e27\/#primaryimage"},"thumbnailUrl":"https:\/\/xenonkungen.com\/wp-content\/uploads\/2025\/04\/178408949-origpic-42bb7e.png","datePublished":"2025-04-15T09:35:06+00:00","dateModified":"2026-04-11T00:59:22+00:00","breadcrumb":{"@id":"https:\/\/xenonkungen.com\/produkt\/yeelight-smart-led-lampa-10w-e27\/#breadcrumb"},"inLanguage":"da-DK","potentialAction":[{"@type":"ReadAction","target":["https:\/\/xenonkungen.com\/produkt\/yeelight-smart-led-lampa-10w-e27\/"]}]},{"@type":"ImageObject","inLanguage":"da-DK","@id":"https:\/\/xenonkungen.com\/produkt\/yeelight-smart-led-lampa-10w-e27\/#primaryimage","url":"https:\/\/xenonkungen.com\/wp-content\/uploads\/2025\/04\/178408949-origpic-42bb7e.png","contentUrl":"https:\/\/xenonkungen.com\/wp-content\/uploads\/2025\/04\/178408949-origpic-42bb7e.png","width":1000,"height":1000},{"@type":"BreadcrumbList","@id":"https:\/\/xenonkungen.com\/produkt\/yeelight-smart-led-lampa-10w-e27\/#breadcrumb","itemListElement":[{"@type":"ListItem","position":1,"name":"Hem","item":"https:\/\/xenonkungen.com\/"},{"@type":"ListItem","position":2,"name":"Shop","item":"https:\/\/xenonkungen.com\/shop\/"},{"@type":"ListItem","position":3,"name":"Yeelight Smart LED lampa 10W | E27"}]},{"@type":"WebSite","@id":"https:\/\/xenonkungen.com\/#website","url":"https:\/\/xenonkungen.com\/","name":"Xenonkungen","description":"","potentialAction":[{"@type":"SearchAction","target":{"@type":"EntryPoint","urlTemplate":"https:\/\/xenonkungen.com\/?s={search_term_string}"},"query-input":{"@type":"PropertyValueSpecification","valueRequired":true,"valueName":"search_term_string"}}],"inLanguage":"da-DK"}]}},"taxonomy_info":{"anvandningsomrade":[{"value":237,"label":"Fritid"}],"product_brand":[{"value":2793,"label":"\u00d6VRIGT"}],"product_cat":[{"value":2439,"label":"HEM"}],"pa_led-chips-effekt-w":[{"value":772,"label":"10"}]},"featured_image_src_large":["https:\/\/xenonkungen.com\/wp-content\/uploads\/2025\/04\/178408949-origpic-42bb7e.png",1000,1000,false],"author_info":[],"comment_info":0,"_links":{"self":[{"href":"https:\/\/xenonkungen.com\/dk\/wp-json\/wp\/v2\/product\/5763","targetHints":{"allow":["GET"]}}],"collection":[{"href":"https:\/\/xenonkungen.com\/dk\/wp-json\/wp\/v2\/product"}],"about":[{"href":"https:\/\/xenonkungen.com\/dk\/wp-json\/wp\/v2\/types\/product"}],"replies":[{"embeddable":true,"href":"https:\/\/xenonkungen.com\/dk\/wp-json\/wp\/v2\/comments?post=5763"}],"wp:featuredmedia":[{"embeddable":true,"href":"https:\/\/xenonkungen.com\/dk\/wp-json\/wp\/v2\/media\/5764"}],"wp:attachment":[{"href":"https:\/\/xenonkungen.com\/dk\/wp-json\/wp\/v2\/media?parent=5763"}],"wp:term":[{"taxonomy":"anvandningsomrade","embeddable":true,"href":"https:\/\/xenonkungen.com\/dk\/wp-json\/wp\/v2\/anvandningsomrade?post=5763"},{"taxonomy":"bilmarken","embeddable":true,"href":"https:\/\/xenonkungen.com\/dk\/wp-json\/wp\/v2\/bilmarken?post=5763"},{"taxonomy":"product_brand","embeddable":true,"href":"https:\/\/xenonkungen.com\/dk\/wp-json\/wp\/v2\/product_brand?post=5763"},{"taxonomy":"product_cat","embeddable":true,"href":"https:\/\/xenonkungen.com\/dk\/wp-json\/wp\/v2\/product_cat?post=5763"},{"taxonomy":"product_tag","embeddable":true,"href":"https:\/\/xenonkungen.com\/dk\/wp-json\/wp\/v2\/product_tag?post=5763"}],"curies":[{"name":"wp","href":"https:\/\/api.w.org\/{rel}","templated":true}]}}