{"id":5845,"date":"2025-04-15T09:36:36","date_gmt":"2025-04-15T09:36:36","guid":{"rendered":"https:\/\/xenonkungen.com\/product\/ledriving-hl-vintage-h1\/"},"modified":"2026-04-24T17:35:23","modified_gmt":"2026-04-24T16:35:23","slug":"led-korelys-hl-vintage-h1","status":"publish","type":"product","link":"https:\/\/xenonkungen.com\/dk\/vare\/led-korelys-hl-vintage-h1\/","title":{"rendered":"LEDriving\u00ae HL VINTAGE H1"},"content":{"rendered":"<h3><strong>OSRAM LEDriving HL Vintage - Forbedr din k\u00f8rsel med kraftfuld LED-eftermontering<\/strong><\/h3>\n<p>Giv dine gamle spotlights nyt liv med <strong>OSRAM LEDriving HL Vintage<\/strong> \u2013 en h\u00f8jtydende LED-eftermonteringslampe, der kombinerer moderne teknologi med en klassisk stil. Med op til <strong>300 % mere lysstyrke<\/strong> end traditionelle lygter, ser du forhindringer og farer meget tidligere, hvilket giver dig en sikrere og mere tryg k\u00f8reoplevelse.<\/p>\n<p>Den varme hvide farvetemperatur p\u00e5 <strong>2700K<\/strong> skaber et stilfuldt vintage-look, mens den optimerede lysfordeling reducerer risikoen for bl\u00e6nding. <strong>LED-teknologi<\/strong> giver ikke kun forbedret synlighed, men ogs\u00e5 op til <strong>5 gange l\u00e6ngere levetid<\/strong> sammenlignet med almindelige halogenlamper. Desuden er LED'er venlige over for \u00e6ldre elektriske systemer takket v\u00e6re deres stabile elektriske ydeevne, selv i \u00e6ldre k\u00f8ret\u00f8jer.<\/p>\n<p><strong>Fordele ved OSRAM LEDriving HL Vintage:<\/strong><\/p>\n<ul>\n<li><strong>Op til 300 % mere lysstyrke<\/strong> - Se vejen og forhindringer tydeligere og hurtigere<\/li>\n<li><strong>Stilfuldt vintage-look<\/strong> - Kombinerer retrostil med moderne LED-teknologi<\/li>\n<li><strong>L\u00e6ngere levetid<\/strong> - Op til 5 gange l\u00e6ngere end halogenlamper<\/li>\n<li><strong>Optimeret lysfordeling<\/strong> - Forhindrer bl\u00e6nding af andre bilister<\/li>\n<li><strong>Let at installere<\/strong> - Kompakt design, der passer til biler med halogenlamper<\/li>\n<li><strong>4 \u00e5rs garanti<\/strong> - OSRAM-kvalitet, du kan stole p\u00e5<\/li>\n<\/ul>\n<p>Perfekt til bilentusiaster, der \u00f8nsker at bevare den klassiske \u00e6stetik i deres k\u00f8ret\u00f8j, samtidig med at de f\u00e5r alle fordelene ved den nyeste LED-teknologi. Nyd bedre udsyn, l\u00e6ngere levetid og et unikt look uden at g\u00e5 p\u00e5 kompromis med sikkerheden.<\/p>\n<p><strong>Vigtig information:<\/strong> Disse lygter er kun til brug p\u00e5 racerbaner og har ikke ECE-godkendelse til brug p\u00e5 offentlig vej.<\/p>\n<h3><strong>Tekniske specifikationer<\/strong><\/h3>\n<p><strong>Elektriske data<\/strong><\/p>\n<p>\u2013 Str\u00f8mforbrug: 13 W<br \/>- Nominel sp\u00e6nding: 12,0 V<br \/>\u2013 Nominel effekt: 13 W<br \/>- Effekttolerance: \u00b120 %<br \/>- Testsp\u00e6nding: 13,2 V<\/p>\n<p><strong>Fotometriske data<\/strong><\/p>\n<p>\u2013 Nominel lysstr\u00f8m: 1200 lm<br \/>- Lysstr\u00f8mstolerance: \u00b120 %<br \/>- LED-lysets farve: Varm hvid<br \/>- Farvetemperatur: 2700 K<\/p>\n<p><strong>Fysiske egenskaber og dimensioner<\/strong><\/p>\n<p>\u2013 L\u00e6ngde: 76,2 mm<br \/>\u2013 Diameter: 11,8 mm<br \/>\u2013 Produktv\u00e6gt: 48,00 g<br \/>\u2013 Lampeholder: P14.5s<\/p>\n<p><strong>Livstidsdata<\/strong><\/p>\n<p>- Levetid Tc: 5000 timer<\/p>\n<p><strong>Garanti:<\/strong><\/p>\n<p>- 4 \u00e5r<\/p>","protected":false},"excerpt":{"rendered":"<p>Oplev OSRAM LEDriving HL Vintage, en kraftfuld LED-eftermonteringslampe med 12V, 1200 lumen og en varm hvid farvetemperatur p\u00e5 2700K. Perfekt til at give \u00e6ldre k\u00f8ret\u00f8jer bedre udsyn og en l\u00e6ngere levetid, samtidig med at den klassiske stil bevares.<\/p>","protected":false},"featured_media":5846,"comment_status":"closed","ping_status":"open","template":"","meta":{"_acf_changed":false,"_smort_price_nok":"1597","_smort_price_dkk":"1014","_smort_price_eur":"135.9","_smort_sale_price_nok":"","_smort_sale_price_dkk":"","_smort_sale_price_eur":"","smort_restorder":"","shipmondo_restorder":"","_kad_blocks_custom_css":"","_kad_blocks_head_custom_js":"","_kad_blocks_body_custom_js":"","_kad_blocks_footer_custom_js":"","smort_custom_pricelist_1":"956.8","smort_custom_pricelist_2":"837.2","smort_custom_pricelist_3":"777.4","smort_custom_pricelist_4":"1196","smort_custom_pricelist_5":"837.2"},"anvandningsomrade":[],"bilmarken":[],"product_brand":[108],"product_cat":[2633,733],"product_tag":[],"class_list":{"0":"post-5845","1":"product","2":"type-product","3":"status-publish","4":"has-post-thumbnail","6":"product_brand-osram","7":"product_cat-osram-ledriving-halvljus-helljus","8":"product_cat-halvljus-helljus","9":"pa_faktisk-effekts-forbrukning-519","10":"pa_fargtemperatur-2700k","11":"pa_lampsockel-kontakt-h1","12":"pa_storlek-mm-1688","13":"pa_volt-v-159","15":"first","16":"instock","17":"taxable","18":"shipping-taxable","19":"purchasable","20":"product-type-simple"},"bundled_by":[],"bundle_stock_status":"instock","bundle_stock_quantity":11,"bundle_virtual":false,"bundle_layout":"","bundle_add_to_cart_form_location":"","bundle_editable_in_cart":false,"bundle_sold_individually_context":"","bundle_item_grouping":"","bundle_min_size":"","bundle_max_size":"","bundle_price":[],"bundled_items":[],"bundle_sell_ids":[],"acf":[],"yoast_head":"<!-- This site is optimized with the Yoast SEO plugin v27.0 - https:\/\/yoast.com\/product\/yoast-seo-wordpress\/ -->\n<title>LEDriving\u00ae HL VINTAGE H1 - Xenonkungen<\/title>\n<meta name=\"robots\" content=\"index, follow, max-snippet:-1, max-image-preview:large, max-video-preview:-1\" \/>\n<link rel=\"canonical\" href=\"https:\/\/xenonkungen.com\/dk\/vare\/led-korelys-hl-vintage-h1\/\" \/>\n<meta property=\"og:locale\" content=\"da_DK\" \/>\n<meta property=\"og:type\" content=\"article\" \/>\n<meta property=\"og:title\" content=\"LEDriving\u00ae HL VINTAGE H1 - Xenonkungen\" \/>\n<meta property=\"og:description\" content=\"Uppt\u00e4ck OSRAM LEDriving HL Vintage, en kraftfull LED-retrofitlampa med 12V, 1200 lumen och en varm vit f\u00e4rgtemperatur p\u00e5 2700K. Perfekt f\u00f6r att ge \u00e4ldre fordon b\u00e4ttre sikt och l\u00e4ngre livsl\u00e4ngd samtidigt som den bevarar en klassisk stil.\" \/>\n<meta property=\"og:url\" content=\"https:\/\/xenonkungen.com\/dk\/vare\/led-korelys-hl-vintage-h1\/\" \/>\n<meta property=\"og:site_name\" content=\"Xenonkungen\" \/>\n<meta property=\"article:modified_time\" content=\"2026-04-24T16:35:23+00:00\" \/>\n<meta property=\"og:image\" content=\"https:\/\/xenonkungen.com\/wp-content\/uploads\/2025\/04\/215793443-origpic-1e690f.jpg\" \/>\n\t<meta property=\"og:image:width\" content=\"1073\" \/>\n\t<meta property=\"og:image:height\" content=\"670\" \/>\n\t<meta property=\"og:image:type\" content=\"image\/jpeg\" \/>\n<meta name=\"twitter:card\" content=\"summary_large_image\" \/>\n<meta name=\"twitter:label1\" content=\"Estimeret l\u00e6setid\" \/>\n\t<meta name=\"twitter:data1\" content=\"2 minutter\" \/>\n<script type=\"application\/ld+json\" class=\"yoast-schema-graph\">{\"@context\":\"https:\/\/schema.org\",\"@graph\":[{\"@type\":\"WebPage\",\"@id\":\"https:\/\/xenonkungen.com\/produkt\/ledriving-hl-vintage-h1\/\",\"url\":\"https:\/\/xenonkungen.com\/produkt\/ledriving-hl-vintage-h1\/\",\"name\":\"LEDriving\u00ae HL VINTAGE H1 - Xenonkungen\",\"isPartOf\":{\"@id\":\"https:\/\/xenonkungen.com\/#website\"},\"primaryImageOfPage\":{\"@id\":\"https:\/\/xenonkungen.com\/produkt\/ledriving-hl-vintage-h1\/#primaryimage\"},\"image\":{\"@id\":\"https:\/\/xenonkungen.com\/produkt\/ledriving-hl-vintage-h1\/#primaryimage\"},\"thumbnailUrl\":\"https:\/\/xenonkungen.com\/wp-content\/uploads\/2025\/04\/215793443-origpic-1e690f.jpg\",\"datePublished\":\"2025-04-15T09:36:36+00:00\",\"dateModified\":\"2026-04-24T16:35:23+00:00\",\"breadcrumb\":{\"@id\":\"https:\/\/xenonkungen.com\/produkt\/ledriving-hl-vintage-h1\/#breadcrumb\"},\"inLanguage\":\"da-DK\",\"potentialAction\":[{\"@type\":\"ReadAction\",\"target\":[\"https:\/\/xenonkungen.com\/produkt\/ledriving-hl-vintage-h1\/\"]}]},{\"@type\":\"ImageObject\",\"inLanguage\":\"da-DK\",\"@id\":\"https:\/\/xenonkungen.com\/produkt\/ledriving-hl-vintage-h1\/#primaryimage\",\"url\":\"https:\/\/xenonkungen.com\/wp-content\/uploads\/2025\/04\/215793443-origpic-1e690f.jpg\",\"contentUrl\":\"https:\/\/xenonkungen.com\/wp-content\/uploads\/2025\/04\/215793443-origpic-1e690f.jpg\",\"width\":1073,\"height\":670},{\"@type\":\"BreadcrumbList\",\"@id\":\"https:\/\/xenonkungen.com\/produkt\/ledriving-hl-vintage-h1\/#breadcrumb\",\"itemListElement\":[{\"@type\":\"ListItem\",\"position\":1,\"name\":\"Hem\",\"item\":\"https:\/\/xenonkungen.com\/\"},{\"@type\":\"ListItem\",\"position\":2,\"name\":\"Shop\",\"item\":\"https:\/\/xenonkungen.com\/shop\/\"},{\"@type\":\"ListItem\",\"position\":3,\"name\":\"LEDriving\u00ae HL VINTAGE H1\"}]},{\"@type\":\"WebSite\",\"@id\":\"https:\/\/xenonkungen.com\/#website\",\"url\":\"https:\/\/xenonkungen.com\/\",\"name\":\"Xenonkungen\",\"description\":\"\",\"potentialAction\":[{\"@type\":\"SearchAction\",\"target\":{\"@type\":\"EntryPoint\",\"urlTemplate\":\"https:\/\/xenonkungen.com\/?s={search_term_string}\"},\"query-input\":{\"@type\":\"PropertyValueSpecification\",\"valueRequired\":true,\"valueName\":\"search_term_string\"}}],\"inLanguage\":\"da-DK\"}]}<\/script>\n<!-- \/ Yoast SEO plugin. -->","yoast_head_json":{"title":"LEDriving\u00ae HL VINTAGE H1 - Xenon-kongen","robots":{"index":"index","follow":"follow","max-snippet":"max-snippet:-1","max-image-preview":"max-image-preview:large","max-video-preview":"max-video-preview:-1"},"canonical":"https:\/\/xenonkungen.com\/dk\/vare\/led-korelys-hl-vintage-h1\/","og_locale":"da_DK","og_type":"article","og_title":"LEDriving\u00ae HL VINTAGE H1 - Xenonkungen","og_description":"Uppt\u00e4ck OSRAM LEDriving HL Vintage, en kraftfull LED-retrofitlampa med 12V, 1200 lumen och en varm vit f\u00e4rgtemperatur p\u00e5 2700K. Perfekt f\u00f6r att ge \u00e4ldre fordon b\u00e4ttre sikt och l\u00e4ngre livsl\u00e4ngd samtidigt som den bevarar en klassisk stil.","og_url":"https:\/\/xenonkungen.com\/dk\/vare\/led-korelys-hl-vintage-h1\/","og_site_name":"Xenonkungen","article_modified_time":"2026-04-24T16:35:23+00:00","og_image":[{"width":1073,"height":670,"url":"https:\/\/xenonkungen.com\/wp-content\/uploads\/2025\/04\/215793443-origpic-1e690f.jpg","type":"image\/jpeg"}],"twitter_card":"summary_large_image","twitter_misc":{"Estimeret l\u00e6setid":"2 minutter"},"schema":{"@context":"https:\/\/schema.org","@graph":[{"@type":"WebPage","@id":"https:\/\/xenonkungen.com\/produkt\/ledriving-hl-vintage-h1\/","url":"https:\/\/xenonkungen.com\/produkt\/ledriving-hl-vintage-h1\/","name":"LEDriving\u00ae HL VINTAGE H1 - Xenon-kongen","isPartOf":{"@id":"https:\/\/xenonkungen.com\/#website"},"primaryImageOfPage":{"@id":"https:\/\/xenonkungen.com\/produkt\/ledriving-hl-vintage-h1\/#primaryimage"},"image":{"@id":"https:\/\/xenonkungen.com\/produkt\/ledriving-hl-vintage-h1\/#primaryimage"},"thumbnailUrl":"https:\/\/xenonkungen.com\/wp-content\/uploads\/2025\/04\/215793443-origpic-1e690f.jpg","datePublished":"2025-04-15T09:36:36+00:00","dateModified":"2026-04-24T16:35:23+00:00","breadcrumb":{"@id":"https:\/\/xenonkungen.com\/produkt\/ledriving-hl-vintage-h1\/#breadcrumb"},"inLanguage":"da-DK","potentialAction":[{"@type":"ReadAction","target":["https:\/\/xenonkungen.com\/produkt\/ledriving-hl-vintage-h1\/"]}]},{"@type":"ImageObject","inLanguage":"da-DK","@id":"https:\/\/xenonkungen.com\/produkt\/ledriving-hl-vintage-h1\/#primaryimage","url":"https:\/\/xenonkungen.com\/wp-content\/uploads\/2025\/04\/215793443-origpic-1e690f.jpg","contentUrl":"https:\/\/xenonkungen.com\/wp-content\/uploads\/2025\/04\/215793443-origpic-1e690f.jpg","width":1073,"height":670},{"@type":"BreadcrumbList","@id":"https:\/\/xenonkungen.com\/produkt\/ledriving-hl-vintage-h1\/#breadcrumb","itemListElement":[{"@type":"ListItem","position":1,"name":"Hem","item":"https:\/\/xenonkungen.com\/"},{"@type":"ListItem","position":2,"name":"Shop","item":"https:\/\/xenonkungen.com\/shop\/"},{"@type":"ListItem","position":3,"name":"LEDriving\u00ae HL VINTAGE H1"}]},{"@type":"WebSite","@id":"https:\/\/xenonkungen.com\/#website","url":"https:\/\/xenonkungen.com\/","name":"Xenonkungen","description":"","potentialAction":[{"@type":"SearchAction","target":{"@type":"EntryPoint","urlTemplate":"https:\/\/xenonkungen.com\/?s={search_term_string}"},"query-input":{"@type":"PropertyValueSpecification","valueRequired":true,"valueName":"search_term_string"}}],"inLanguage":"da-DK"}]}},"taxonomy_info":{"product_brand":[{"value":108,"label":"OSRAM"}],"product_cat":[{"value":2633,"label":"OSRAM Ledriving"},{"value":733,"label":"Halvljus \/ Helljus"}],"pa_faktisk-effekts-forbrukning":[{"value":519,"label":"13"}],"pa_fargtemperatur":[{"value":1691,"label":"2700K"}],"pa_lampsockel-kontakt":[{"value":336,"label":"H1"}],"pa_storlek-mm":[{"value":1688,"label":"76,2"}],"pa_volt-v":[{"value":159,"label":"12"}]},"featured_image_src_large":["https:\/\/xenonkungen.com\/wp-content\/uploads\/2025\/04\/215793443-origpic-1e690f-1024x639.jpg",1024,639,true],"author_info":[],"comment_info":0,"_links":{"self":[{"href":"https:\/\/xenonkungen.com\/dk\/wp-json\/wp\/v2\/product\/5845","targetHints":{"allow":["GET"]}}],"collection":[{"href":"https:\/\/xenonkungen.com\/dk\/wp-json\/wp\/v2\/product"}],"about":[{"href":"https:\/\/xenonkungen.com\/dk\/wp-json\/wp\/v2\/types\/product"}],"replies":[{"embeddable":true,"href":"https:\/\/xenonkungen.com\/dk\/wp-json\/wp\/v2\/comments?post=5845"}],"wp:featuredmedia":[{"embeddable":true,"href":"https:\/\/xenonkungen.com\/dk\/wp-json\/wp\/v2\/media\/5846"}],"wp:attachment":[{"href":"https:\/\/xenonkungen.com\/dk\/wp-json\/wp\/v2\/media?parent=5845"}],"wp:term":[{"taxonomy":"anvandningsomrade","embeddable":true,"href":"https:\/\/xenonkungen.com\/dk\/wp-json\/wp\/v2\/anvandningsomrade?post=5845"},{"taxonomy":"bilmarken","embeddable":true,"href":"https:\/\/xenonkungen.com\/dk\/wp-json\/wp\/v2\/bilmarken?post=5845"},{"taxonomy":"product_brand","embeddable":true,"href":"https:\/\/xenonkungen.com\/dk\/wp-json\/wp\/v2\/product_brand?post=5845"},{"taxonomy":"product_cat","embeddable":true,"href":"https:\/\/xenonkungen.com\/dk\/wp-json\/wp\/v2\/product_cat?post=5845"},{"taxonomy":"product_tag","embeddable":true,"href":"https:\/\/xenonkungen.com\/dk\/wp-json\/wp\/v2\/product_tag?post=5845"}],"curies":[{"name":"wp","href":"https:\/\/api.w.org\/{rel}","templated":true}]}}