{"id":5869,"date":"2025-04-15T09:36:49","date_gmt":"2025-04-15T09:36:49","guid":{"rendered":"https:\/\/xenonkungen.com\/product\/h15-osram-cool-blue-intense-next-gen\/"},"modified":"2026-04-24T17:35:42","modified_gmt":"2026-04-24T16:35:42","slug":"h15-osram-cool-blue-intense-naeste-generation","status":"publish","type":"product","link":"https:\/\/xenonkungen.com\/dk\/vare\/h15-osram-cool-blue-intense-naeste-generation\/","title":{"rendered":"H15 Osram Cool Blue Intense (n\u00e6ste generation)"},"content":{"rendered":"<p>Xenon-look med H15-lampefatning f\u00e5r du med Osram Cool Blue Intense Generation II.<\/p>\n<p>Nogle VW og andre har H15 som kombineret k\u00f8relys (DRL) og fjernlys. Med denne lampe f\u00e5r du et hvidere lys p\u00e5 ca. <strong>4200K<\/strong> sammenlignet med standard 2700-3000K og op til omkring 20% mere lys sammenlignet med standard halogenlamper.<\/p>\n<p>Lampefat: H15, PGJ23t-1<br \/>Volt: 12V<br \/>Effekt: 55\/15W (maks. 64\/19W)<br \/>Lysstr\u00f8m: 200\/1330 lm \u00b110%<\/p>","protected":false},"excerpt":{"rendered":"<p>Xenonlook med lampsockel H15 f\u00e5r du med Osram Cool Blue Intense Generation ll. En del VW m.fl. har H15 som kombinerad dagsljuslampa (DRL) och helljus. Med denna lampa f\u00e5r du ett vitare ljus p\u00e5 ca 4200K j\u00e4mf\u00f6rt standard 2700-3000K och upp till ca 20% mer ljus j\u00e4mf\u00f6rt standard halogenlampor. Lampsockel: H15, PGJ23t-1Volt: 12VEffekt: 55\/15W (max [&hellip;]<\/p>","protected":false},"featured_media":5870,"comment_status":"closed","ping_status":"open","template":"","meta":{"_acf_changed":false,"_smort_price_nok":"352","_smort_price_dkk":"224","_smort_price_eur":"30","_smort_sale_price_nok":"","_smort_sale_price_dkk":"","_smort_sale_price_eur":"","smort_restorder":"","shipmondo_restorder":"","_kad_blocks_custom_css":"","_kad_blocks_head_custom_js":"","_kad_blocks_body_custom_js":"","_kad_blocks_footer_custom_js":"","smort_custom_pricelist_1":"211.2","smort_custom_pricelist_2":"211.2","smort_custom_pricelist_3":"200.64","smort_custom_pricelist_4":"264","smort_custom_pricelist_5":"211.2"},"anvandningsomrade":[],"bilmarken":[],"product_brand":[108],"product_cat":[2543,2483,733],"product_tag":[],"class_list":{"0":"post-5869","1":"product","2":"type-product","3":"status-publish","4":"has-post-thumbnail","6":"product_brand-osram","7":"product_cat-halogen-halvljus-helljus","8":"product_cat-xenon","9":"product_cat-halvljus-helljus","10":"pa_faktisk-effekts-forbrukning-841","11":"pa_lampsockel-kontakt-h15-pgj23t-1","12":"pa_volt-v-159","14":"first","15":"instock","16":"taxable","17":"shipping-taxable","18":"purchasable","19":"product-type-simple"},"bundled_by":[],"bundle_stock_status":"instock","bundle_stock_quantity":6,"bundle_virtual":false,"bundle_layout":"","bundle_add_to_cart_form_location":"","bundle_editable_in_cart":false,"bundle_sold_individually_context":"","bundle_item_grouping":"","bundle_min_size":"","bundle_max_size":"","bundle_price":[],"bundled_items":[],"bundle_sell_ids":[],"acf":[],"yoast_head":"<!-- This site is optimized with the Yoast SEO plugin v27.0 - https:\/\/yoast.com\/product\/yoast-seo-wordpress\/ -->\n<title>H15 Osram Cool Blue Intense (Next Gen) - Xenonkungen<\/title>\n<meta name=\"robots\" content=\"index, follow, max-snippet:-1, max-image-preview:large, max-video-preview:-1\" \/>\n<link rel=\"canonical\" href=\"https:\/\/xenonkungen.com\/dk\/vare\/h15-osram-cool-blue-intense-naeste-generation\/\" \/>\n<meta property=\"og:locale\" content=\"da_DK\" \/>\n<meta property=\"og:type\" content=\"article\" \/>\n<meta property=\"og:title\" content=\"H15 Osram Cool Blue Intense (Next Gen) - Xenonkungen\" \/>\n<meta property=\"og:description\" content=\"Xenonlook med lampsockel H15 f\u00e5r du med Osram Cool Blue Intense Generation ll. En del VW m.fl. har H15 som kombinerad dagsljuslampa (DRL) och helljus. Med denna lampa f\u00e5r du ett vitare ljus p\u00e5 ca 4200K j\u00e4mf\u00f6rt standard 2700-3000K och upp till ca 20% mer ljus j\u00e4mf\u00f6rt standard halogenlampor. Lampsockel: H15, PGJ23t-1Volt: 12VEffekt: 55\/15W (max [&hellip;]\" \/>\n<meta property=\"og:url\" content=\"https:\/\/xenonkungen.com\/dk\/vare\/h15-osram-cool-blue-intense-naeste-generation\/\" \/>\n<meta property=\"og:site_name\" content=\"Xenonkungen\" \/>\n<meta property=\"article:modified_time\" content=\"2026-04-24T16:35:42+00:00\" \/>\n<meta property=\"og:image\" content=\"https:\/\/xenonkungen.com\/wp-content\/uploads\/2025\/04\/33611997-origpic-668897.jpg\" \/>\n\t<meta property=\"og:image:width\" content=\"1024\" \/>\n\t<meta property=\"og:image:height\" content=\"1496\" \/>\n\t<meta property=\"og:image:type\" content=\"image\/jpeg\" \/>\n<meta name=\"twitter:card\" content=\"summary_large_image\" \/>\n<script type=\"application\/ld+json\" class=\"yoast-schema-graph\">{\"@context\":\"https:\/\/schema.org\",\"@graph\":[{\"@type\":\"WebPage\",\"@id\":\"https:\/\/xenonkungen.com\/produkt\/h15-osram-cool-blue-intense-next-gen\/\",\"url\":\"https:\/\/xenonkungen.com\/produkt\/h15-osram-cool-blue-intense-next-gen\/\",\"name\":\"H15 Osram Cool Blue Intense (Next Gen) - Xenonkungen\",\"isPartOf\":{\"@id\":\"https:\/\/xenonkungen.com\/#website\"},\"primaryImageOfPage\":{\"@id\":\"https:\/\/xenonkungen.com\/produkt\/h15-osram-cool-blue-intense-next-gen\/#primaryimage\"},\"image\":{\"@id\":\"https:\/\/xenonkungen.com\/produkt\/h15-osram-cool-blue-intense-next-gen\/#primaryimage\"},\"thumbnailUrl\":\"https:\/\/xenonkungen.com\/wp-content\/uploads\/2025\/04\/33611997-origpic-668897.jpg\",\"datePublished\":\"2025-04-15T09:36:49+00:00\",\"dateModified\":\"2026-04-24T16:35:42+00:00\",\"breadcrumb\":{\"@id\":\"https:\/\/xenonkungen.com\/produkt\/h15-osram-cool-blue-intense-next-gen\/#breadcrumb\"},\"inLanguage\":\"da-DK\",\"potentialAction\":[{\"@type\":\"ReadAction\",\"target\":[\"https:\/\/xenonkungen.com\/produkt\/h15-osram-cool-blue-intense-next-gen\/\"]}]},{\"@type\":\"ImageObject\",\"inLanguage\":\"da-DK\",\"@id\":\"https:\/\/xenonkungen.com\/produkt\/h15-osram-cool-blue-intense-next-gen\/#primaryimage\",\"url\":\"https:\/\/xenonkungen.com\/wp-content\/uploads\/2025\/04\/33611997-origpic-668897.jpg\",\"contentUrl\":\"https:\/\/xenonkungen.com\/wp-content\/uploads\/2025\/04\/33611997-origpic-668897.jpg\",\"width\":1024,\"height\":1496},{\"@type\":\"BreadcrumbList\",\"@id\":\"https:\/\/xenonkungen.com\/produkt\/h15-osram-cool-blue-intense-next-gen\/#breadcrumb\",\"itemListElement\":[{\"@type\":\"ListItem\",\"position\":1,\"name\":\"Hem\",\"item\":\"https:\/\/xenonkungen.com\/\"},{\"@type\":\"ListItem\",\"position\":2,\"name\":\"Shop\",\"item\":\"https:\/\/xenonkungen.com\/shop\/\"},{\"@type\":\"ListItem\",\"position\":3,\"name\":\"H15 Osram Cool Blue Intense (Next Gen)\"}]},{\"@type\":\"WebSite\",\"@id\":\"https:\/\/xenonkungen.com\/#website\",\"url\":\"https:\/\/xenonkungen.com\/\",\"name\":\"Xenonkungen\",\"description\":\"\",\"potentialAction\":[{\"@type\":\"SearchAction\",\"target\":{\"@type\":\"EntryPoint\",\"urlTemplate\":\"https:\/\/xenonkungen.com\/?s={search_term_string}\"},\"query-input\":{\"@type\":\"PropertyValueSpecification\",\"valueRequired\":true,\"valueName\":\"search_term_string\"}}],\"inLanguage\":\"da-DK\"}]}<\/script>\n<!-- \/ Yoast SEO plugin. -->","yoast_head_json":{"title":"H15 Osram Cool Blue Intense (N\u00e6ste generation) - Xenon-kongen","robots":{"index":"index","follow":"follow","max-snippet":"max-snippet:-1","max-image-preview":"max-image-preview:large","max-video-preview":"max-video-preview:-1"},"canonical":"https:\/\/xenonkungen.com\/dk\/vare\/h15-osram-cool-blue-intense-naeste-generation\/","og_locale":"da_DK","og_type":"article","og_title":"H15 Osram Cool Blue Intense (Next Gen) - Xenonkungen","og_description":"Xenonlook med lampsockel H15 f\u00e5r du med Osram Cool Blue Intense Generation ll. En del VW m.fl. har H15 som kombinerad dagsljuslampa (DRL) och helljus. Med denna lampa f\u00e5r du ett vitare ljus p\u00e5 ca 4200K j\u00e4mf\u00f6rt standard 2700-3000K och upp till ca 20% mer ljus j\u00e4mf\u00f6rt standard halogenlampor. Lampsockel: H15, PGJ23t-1Volt: 12VEffekt: 55\/15W (max [&hellip;]","og_url":"https:\/\/xenonkungen.com\/dk\/vare\/h15-osram-cool-blue-intense-naeste-generation\/","og_site_name":"Xenonkungen","article_modified_time":"2026-04-24T16:35:42+00:00","og_image":[{"width":1024,"height":1496,"url":"https:\/\/xenonkungen.com\/wp-content\/uploads\/2025\/04\/33611997-origpic-668897.jpg","type":"image\/jpeg"}],"twitter_card":"summary_large_image","schema":{"@context":"https:\/\/schema.org","@graph":[{"@type":"WebPage","@id":"https:\/\/xenonkungen.com\/produkt\/h15-osram-cool-blue-intense-next-gen\/","url":"https:\/\/xenonkungen.com\/produkt\/h15-osram-cool-blue-intense-next-gen\/","name":"H15 Osram Cool Blue Intense (N\u00e6ste generation) - Xenon-kongen","isPartOf":{"@id":"https:\/\/xenonkungen.com\/#website"},"primaryImageOfPage":{"@id":"https:\/\/xenonkungen.com\/produkt\/h15-osram-cool-blue-intense-next-gen\/#primaryimage"},"image":{"@id":"https:\/\/xenonkungen.com\/produkt\/h15-osram-cool-blue-intense-next-gen\/#primaryimage"},"thumbnailUrl":"https:\/\/xenonkungen.com\/wp-content\/uploads\/2025\/04\/33611997-origpic-668897.jpg","datePublished":"2025-04-15T09:36:49+00:00","dateModified":"2026-04-24T16:35:42+00:00","breadcrumb":{"@id":"https:\/\/xenonkungen.com\/produkt\/h15-osram-cool-blue-intense-next-gen\/#breadcrumb"},"inLanguage":"da-DK","potentialAction":[{"@type":"ReadAction","target":["https:\/\/xenonkungen.com\/produkt\/h15-osram-cool-blue-intense-next-gen\/"]}]},{"@type":"ImageObject","inLanguage":"da-DK","@id":"https:\/\/xenonkungen.com\/produkt\/h15-osram-cool-blue-intense-next-gen\/#primaryimage","url":"https:\/\/xenonkungen.com\/wp-content\/uploads\/2025\/04\/33611997-origpic-668897.jpg","contentUrl":"https:\/\/xenonkungen.com\/wp-content\/uploads\/2025\/04\/33611997-origpic-668897.jpg","width":1024,"height":1496},{"@type":"BreadcrumbList","@id":"https:\/\/xenonkungen.com\/produkt\/h15-osram-cool-blue-intense-next-gen\/#breadcrumb","itemListElement":[{"@type":"ListItem","position":1,"name":"Hem","item":"https:\/\/xenonkungen.com\/"},{"@type":"ListItem","position":2,"name":"Shop","item":"https:\/\/xenonkungen.com\/shop\/"},{"@type":"ListItem","position":3,"name":"H15 Osram Cool Blue Intense (Next Gen)"}]},{"@type":"WebSite","@id":"https:\/\/xenonkungen.com\/#website","url":"https:\/\/xenonkungen.com\/","name":"Xenonkungen","description":"","potentialAction":[{"@type":"SearchAction","target":{"@type":"EntryPoint","urlTemplate":"https:\/\/xenonkungen.com\/?s={search_term_string}"},"query-input":{"@type":"PropertyValueSpecification","valueRequired":true,"valueName":"search_term_string"}}],"inLanguage":"da-DK"}]}},"taxonomy_info":{"product_brand":[{"value":108,"label":"OSRAM"}],"product_cat":[{"value":2543,"label":"Halogen"},{"value":2483,"label":"Xenon"},{"value":733,"label":"Halvljus \/ Helljus"}],"pa_faktisk-effekts-forbrukning":[{"value":841,"label":"55"}],"pa_lampsockel-kontakt":[{"value":1695,"label":"H15, PGJ23t-1"}],"pa_volt-v":[{"value":159,"label":"12"}]},"featured_image_src_large":["https:\/\/xenonkungen.com\/wp-content\/uploads\/2025\/04\/33611997-origpic-668897-701x1024.jpg",701,1024,true],"author_info":[],"comment_info":0,"_links":{"self":[{"href":"https:\/\/xenonkungen.com\/dk\/wp-json\/wp\/v2\/product\/5869","targetHints":{"allow":["GET"]}}],"collection":[{"href":"https:\/\/xenonkungen.com\/dk\/wp-json\/wp\/v2\/product"}],"about":[{"href":"https:\/\/xenonkungen.com\/dk\/wp-json\/wp\/v2\/types\/product"}],"replies":[{"embeddable":true,"href":"https:\/\/xenonkungen.com\/dk\/wp-json\/wp\/v2\/comments?post=5869"}],"wp:featuredmedia":[{"embeddable":true,"href":"https:\/\/xenonkungen.com\/dk\/wp-json\/wp\/v2\/media\/5870"}],"wp:attachment":[{"href":"https:\/\/xenonkungen.com\/dk\/wp-json\/wp\/v2\/media?parent=5869"}],"wp:term":[{"taxonomy":"anvandningsomrade","embeddable":true,"href":"https:\/\/xenonkungen.com\/dk\/wp-json\/wp\/v2\/anvandningsomrade?post=5869"},{"taxonomy":"bilmarken","embeddable":true,"href":"https:\/\/xenonkungen.com\/dk\/wp-json\/wp\/v2\/bilmarken?post=5869"},{"taxonomy":"product_brand","embeddable":true,"href":"https:\/\/xenonkungen.com\/dk\/wp-json\/wp\/v2\/product_brand?post=5869"},{"taxonomy":"product_cat","embeddable":true,"href":"https:\/\/xenonkungen.com\/dk\/wp-json\/wp\/v2\/product_cat?post=5869"},{"taxonomy":"product_tag","embeddable":true,"href":"https:\/\/xenonkungen.com\/dk\/wp-json\/wp\/v2\/product_tag?post=5869"}],"curies":[{"name":"wp","href":"https:\/\/api.w.org\/{rel}","templated":true}]}}