{"id":5884,"date":"2025-04-15T09:36:49","date_gmt":"2025-04-15T09:36:49","guid":{"rendered":"https:\/\/xenonkungen.com\/product\/ledriving-ledlampa-sl-c5w-36-mm-vit\/"},"modified":"2026-04-17T15:58:57","modified_gmt":"2026-04-17T14:58:57","slug":"ledriving-led-lampe-sl-c5w-36-mm-hvid","status":"publish","type":"product","link":"https:\/\/xenonkungen.com\/dk\/vare\/ledriving-led-lampe-sl-c5w-36-mm-hvid\/","title":{"rendered":"LEDriving\u00ae LED-lampe SL C5W (36 mm) | Hvid"},"content":{"rendered":"<p>Passende LED-udskiftningsp\u00e6re til C5W<\/p>\n<p>Med LEDriving SL C5W-udskiftningsp\u00e6rer kan du nyde moderne og kraftfuldt lys i dit k\u00f8ret\u00f8j. Disse udskiftningsp\u00e6rer er designet til at passe perfekt i alle standard C5W-p\u00e6refatninger.<\/p>\n<p>En af de enest\u00e5ende fordele ved disse LED-erstatningsp\u00e6rer er deres energieffektivitet. Ved at bruge LED-teknologi forbruger de betydeligt mindre energi end traditionelle p\u00e6rer og kan reducere energiforbruget med op til 80 %. Dette reducerer ikke kun belastningen p\u00e5 dit k\u00f8ret\u00f8js batteri, men giver ogs\u00e5 p\u00e6rerne en l\u00e6ngere levetid.<\/p>\n<p>LEDriving SL C5W-udskiftningsp\u00e6rer tilbyder ogs\u00e5 en imponerende farvetemperatur p\u00e5 op til 6.000 Kelvin, hvilket giver en klar og moderne lyseffekt. Du kan v\u00e6re sikker p\u00e5, at disse p\u00e6rer er af h\u00f8j kvalitet, og OSRAM tilbyder en gener\u00f8s 4-\u00e5rs garanti p\u00e5 LEDriving SL-p\u00e6rer.<\/p>\n<p>V\u00e6r dog opm\u00e6rksom p\u00e5, at disse produkter ikke er ECE-godkendt til brug p\u00e5 offentlige veje til udend\u00f8rs brug. De er designet til andre form\u00e5l og skal bruges i henhold til de g\u00e6ldende regler og bestemmelser.<\/p>\n<p>Med LEDriving SL C5W udskiftningsp\u00e6rer kan du opgradere din bilbelysning til en moderne og energieffektiv l\u00f8sning, der kombinerer stil og funktion.<\/p>\n<p>Elektriske data:<br \/>\u2013 Maksimal effekt: 0,8 W<br \/>- Nominel m\u00e6rkesp\u00e6nding: 12,0 V<br \/>\u2013 Nominel effekt: 0,60 W<br \/>- Testsp\u00e6nding i volt: 13,5 V<br \/>- Tolerance for str\u00f8mforbrug: \u00b125 %<\/p>\n<p>Fotometriske data:<br \/>\u2013 Lysstr\u00f8m: 45 lm<br \/>\u2013 Lysstr\u00f8m, tolerance: \u00b130 %<br \/>- Farvetemperatur: 6000 K<br \/>- Farve p\u00e5 LED-lys: K\u00f8lig hvid<\/p>\n<p>Dimensioner:<br \/>- Diameter: 11,0 mm<br \/>\u2013 Produktv\u00e6gt: 2,90 g<br \/>\u2013 L\u00e6ngde: 36,0 mm<\/p>\n<p>Forventet levealder:<br \/>- Levetid B3: 2500 timer<br \/>\u2013 Levetid Tc i timer: 5000 timer<br \/>- Garanti: 4 \u00e5r<\/p>\n<p>Supplerende produktdata:<br \/>\u2013 Stikkontakt: SV8.5-8<\/p>","protected":false},"excerpt":{"rendered":"<p>L\u00e4mplig LED-ers\u00e4ttningslampa f\u00f6r C5W Med LEDriving SL C5W-ers\u00e4ttningslampor kan du njuta av ett modernt och kraftfullt ljus i ditt fordon. Dessa ers\u00e4ttningslampor \u00e4r utformade f\u00f6r att passa perfekt i alla standard C5W-lampsocklar. En av de framst\u00e5ende f\u00f6rdelarna med dessa LED-ers\u00e4ttningslampor \u00e4r deras energieffektivitet. Genom att anv\u00e4nda LED-teknik f\u00f6rbrukar de betydligt mindre energi \u00e4n traditionella lampor, [&hellip;]<\/p>","protected":false},"featured_media":5885,"comment_status":"closed","ping_status":"open","template":"","meta":{"_acf_changed":false,"_smort_price_nok":"59","_smort_price_dkk":"37","_smort_price_eur":"5","_smort_sale_price_nok":"","_smort_sale_price_dkk":"","_smort_sale_price_eur":"","smort_restorder":"","shipmondo_restorder":"","_kad_blocks_custom_css":"","_kad_blocks_head_custom_js":"","_kad_blocks_body_custom_js":"","_kad_blocks_footer_custom_js":"","smort_custom_pricelist_1":"35.2","smort_custom_pricelist_2":"33","smort_custom_pricelist_3":"31.35","smort_custom_pricelist_4":"44","smort_custom_pricelist_5":"32.76"},"anvandningsomrade":[],"bilmarken":[],"product_brand":[108],"product_cat":[2454,2452,2453,338],"product_tag":[],"class_list":{"0":"post-5884","1":"product","2":"type-product","3":"status-publish","4":"has-post-thumbnail","6":"product_brand-osram","7":"product_cat-31-42mm","8":"product_cat-c5w","9":"product_cat-sv85","10":"product_cat-diodlampor","11":"pa_faktisk-effekts-forbrukning-1673","12":"pa_fargtemperatur-6000k","13":"pa_lampsockel-kontakt-c5w","14":"pa_volt-v-159","16":"first","17":"instock","18":"taxable","19":"shipping-taxable","20":"purchasable","21":"product-type-simple"},"bundled_by":[],"bundle_stock_status":"instock","bundle_stock_quantity":10,"bundle_virtual":false,"bundle_layout":"","bundle_add_to_cart_form_location":"","bundle_editable_in_cart":false,"bundle_sold_individually_context":"","bundle_item_grouping":"","bundle_min_size":"","bundle_max_size":"","bundle_price":[],"bundled_items":[],"bundle_sell_ids":[],"acf":[],"yoast_head":"<!-- This site is optimized with the Yoast SEO plugin v27.0 - https:\/\/yoast.com\/product\/yoast-seo-wordpress\/ -->\n<title>LEDriving\u00ae LEDlampa SL C5W (36 mm) | Vit - Xenonkungen<\/title>\n<meta name=\"robots\" content=\"index, follow, max-snippet:-1, max-image-preview:large, max-video-preview:-1\" \/>\n<link rel=\"canonical\" href=\"https:\/\/xenonkungen.com\/dk\/vare\/ledriving-led-lampe-sl-c5w-36-mm-hvid\/\" \/>\n<meta property=\"og:locale\" content=\"da_DK\" \/>\n<meta property=\"og:type\" content=\"article\" \/>\n<meta property=\"og:title\" content=\"LEDriving\u00ae LEDlampa SL C5W (36 mm) | Vit - Xenonkungen\" \/>\n<meta property=\"og:description\" content=\"L\u00e4mplig LED-ers\u00e4ttningslampa f\u00f6r C5W Med LEDriving SL C5W-ers\u00e4ttningslampor kan du njuta av ett modernt och kraftfullt ljus i ditt fordon. Dessa ers\u00e4ttningslampor \u00e4r utformade f\u00f6r att passa perfekt i alla standard C5W-lampsocklar. En av de framst\u00e5ende f\u00f6rdelarna med dessa LED-ers\u00e4ttningslampor \u00e4r deras energieffektivitet. Genom att anv\u00e4nda LED-teknik f\u00f6rbrukar de betydligt mindre energi \u00e4n traditionella lampor, [&hellip;]\" \/>\n<meta property=\"og:url\" content=\"https:\/\/xenonkungen.com\/dk\/vare\/ledriving-led-lampe-sl-c5w-36-mm-hvid\/\" \/>\n<meta property=\"og:site_name\" content=\"Xenonkungen\" \/>\n<meta property=\"article:modified_time\" content=\"2026-04-17T14:58:57+00:00\" \/>\n<meta property=\"og:image\" content=\"https:\/\/xenonkungen.com\/wp-content\/uploads\/2025\/04\/201830663-origpic-312f59.jpg\" \/>\n\t<meta property=\"og:image:width\" content=\"691\" \/>\n\t<meta property=\"og:image:height\" content=\"1000\" \/>\n\t<meta property=\"og:image:type\" content=\"image\/jpeg\" \/>\n<meta name=\"twitter:card\" content=\"summary_large_image\" \/>\n<meta name=\"twitter:label1\" content=\"Estimeret l\u00e6setid\" \/>\n\t<meta name=\"twitter:data1\" content=\"1 minut\" \/>\n<script type=\"application\/ld+json\" class=\"yoast-schema-graph\">{\"@context\":\"https:\/\/schema.org\",\"@graph\":[{\"@type\":\"WebPage\",\"@id\":\"https:\/\/xenonkungen.com\/produkt\/ledriving-ledlampa-sl-c5w-36-mm-vit\/\",\"url\":\"https:\/\/xenonkungen.com\/produkt\/ledriving-ledlampa-sl-c5w-36-mm-vit\/\",\"name\":\"LEDriving\u00ae LEDlampa SL C5W (36 mm) | Vit - Xenonkungen\",\"isPartOf\":{\"@id\":\"https:\/\/xenonkungen.com\/#website\"},\"primaryImageOfPage\":{\"@id\":\"https:\/\/xenonkungen.com\/produkt\/ledriving-ledlampa-sl-c5w-36-mm-vit\/#primaryimage\"},\"image\":{\"@id\":\"https:\/\/xenonkungen.com\/produkt\/ledriving-ledlampa-sl-c5w-36-mm-vit\/#primaryimage\"},\"thumbnailUrl\":\"https:\/\/xenonkungen.com\/wp-content\/uploads\/2025\/04\/201830663-origpic-312f59.jpg\",\"datePublished\":\"2025-04-15T09:36:49+00:00\",\"dateModified\":\"2026-04-17T14:58:57+00:00\",\"breadcrumb\":{\"@id\":\"https:\/\/xenonkungen.com\/produkt\/ledriving-ledlampa-sl-c5w-36-mm-vit\/#breadcrumb\"},\"inLanguage\":\"da-DK\",\"potentialAction\":[{\"@type\":\"ReadAction\",\"target\":[\"https:\/\/xenonkungen.com\/produkt\/ledriving-ledlampa-sl-c5w-36-mm-vit\/\"]}]},{\"@type\":\"ImageObject\",\"inLanguage\":\"da-DK\",\"@id\":\"https:\/\/xenonkungen.com\/produkt\/ledriving-ledlampa-sl-c5w-36-mm-vit\/#primaryimage\",\"url\":\"https:\/\/xenonkungen.com\/wp-content\/uploads\/2025\/04\/201830663-origpic-312f59.jpg\",\"contentUrl\":\"https:\/\/xenonkungen.com\/wp-content\/uploads\/2025\/04\/201830663-origpic-312f59.jpg\",\"width\":691,\"height\":1000},{\"@type\":\"BreadcrumbList\",\"@id\":\"https:\/\/xenonkungen.com\/produkt\/ledriving-ledlampa-sl-c5w-36-mm-vit\/#breadcrumb\",\"itemListElement\":[{\"@type\":\"ListItem\",\"position\":1,\"name\":\"Hem\",\"item\":\"https:\/\/xenonkungen.com\/\"},{\"@type\":\"ListItem\",\"position\":2,\"name\":\"Shop\",\"item\":\"https:\/\/xenonkungen.com\/shop\/\"},{\"@type\":\"ListItem\",\"position\":3,\"name\":\"LEDriving\u00ae LEDlampa SL C5W (36 mm) | Vit\"}]},{\"@type\":\"WebSite\",\"@id\":\"https:\/\/xenonkungen.com\/#website\",\"url\":\"https:\/\/xenonkungen.com\/\",\"name\":\"Xenonkungen\",\"description\":\"\",\"potentialAction\":[{\"@type\":\"SearchAction\",\"target\":{\"@type\":\"EntryPoint\",\"urlTemplate\":\"https:\/\/xenonkungen.com\/?s={search_term_string}\"},\"query-input\":{\"@type\":\"PropertyValueSpecification\",\"valueRequired\":true,\"valueName\":\"search_term_string\"}}],\"inLanguage\":\"da-DK\"}]}<\/script>\n<!-- \/ Yoast SEO plugin. -->","yoast_head_json":{"title":"LEDriving\u00ae LED-lampe SL C5W (36 mm) | Hvid - Xenon-kongen","robots":{"index":"index","follow":"follow","max-snippet":"max-snippet:-1","max-image-preview":"max-image-preview:large","max-video-preview":"max-video-preview:-1"},"canonical":"https:\/\/xenonkungen.com\/dk\/vare\/ledriving-led-lampe-sl-c5w-36-mm-hvid\/","og_locale":"da_DK","og_type":"article","og_title":"LEDriving\u00ae LEDlampa SL C5W (36 mm) | Vit - Xenonkungen","og_description":"L\u00e4mplig LED-ers\u00e4ttningslampa f\u00f6r C5W Med LEDriving SL C5W-ers\u00e4ttningslampor kan du njuta av ett modernt och kraftfullt ljus i ditt fordon. Dessa ers\u00e4ttningslampor \u00e4r utformade f\u00f6r att passa perfekt i alla standard C5W-lampsocklar. En av de framst\u00e5ende f\u00f6rdelarna med dessa LED-ers\u00e4ttningslampor \u00e4r deras energieffektivitet. Genom att anv\u00e4nda LED-teknik f\u00f6rbrukar de betydligt mindre energi \u00e4n traditionella lampor, [&hellip;]","og_url":"https:\/\/xenonkungen.com\/dk\/vare\/ledriving-led-lampe-sl-c5w-36-mm-hvid\/","og_site_name":"Xenonkungen","article_modified_time":"2026-04-17T14:58:57+00:00","og_image":[{"width":691,"height":1000,"url":"https:\/\/xenonkungen.com\/wp-content\/uploads\/2025\/04\/201830663-origpic-312f59.jpg","type":"image\/jpeg"}],"twitter_card":"summary_large_image","twitter_misc":{"Estimeret l\u00e6setid":"1 minut"},"schema":{"@context":"https:\/\/schema.org","@graph":[{"@type":"WebPage","@id":"https:\/\/xenonkungen.com\/produkt\/ledriving-ledlampa-sl-c5w-36-mm-vit\/","url":"https:\/\/xenonkungen.com\/produkt\/ledriving-ledlampa-sl-c5w-36-mm-vit\/","name":"LEDriving\u00ae LED-lampe SL C5W (36 mm) | Hvid - Xenon-kongen","isPartOf":{"@id":"https:\/\/xenonkungen.com\/#website"},"primaryImageOfPage":{"@id":"https:\/\/xenonkungen.com\/produkt\/ledriving-ledlampa-sl-c5w-36-mm-vit\/#primaryimage"},"image":{"@id":"https:\/\/xenonkungen.com\/produkt\/ledriving-ledlampa-sl-c5w-36-mm-vit\/#primaryimage"},"thumbnailUrl":"https:\/\/xenonkungen.com\/wp-content\/uploads\/2025\/04\/201830663-origpic-312f59.jpg","datePublished":"2025-04-15T09:36:49+00:00","dateModified":"2026-04-17T14:58:57+00:00","breadcrumb":{"@id":"https:\/\/xenonkungen.com\/produkt\/ledriving-ledlampa-sl-c5w-36-mm-vit\/#breadcrumb"},"inLanguage":"da-DK","potentialAction":[{"@type":"ReadAction","target":["https:\/\/xenonkungen.com\/produkt\/ledriving-ledlampa-sl-c5w-36-mm-vit\/"]}]},{"@type":"ImageObject","inLanguage":"da-DK","@id":"https:\/\/xenonkungen.com\/produkt\/ledriving-ledlampa-sl-c5w-36-mm-vit\/#primaryimage","url":"https:\/\/xenonkungen.com\/wp-content\/uploads\/2025\/04\/201830663-origpic-312f59.jpg","contentUrl":"https:\/\/xenonkungen.com\/wp-content\/uploads\/2025\/04\/201830663-origpic-312f59.jpg","width":691,"height":1000},{"@type":"BreadcrumbList","@id":"https:\/\/xenonkungen.com\/produkt\/ledriving-ledlampa-sl-c5w-36-mm-vit\/#breadcrumb","itemListElement":[{"@type":"ListItem","position":1,"name":"Hem","item":"https:\/\/xenonkungen.com\/"},{"@type":"ListItem","position":2,"name":"Shop","item":"https:\/\/xenonkungen.com\/shop\/"},{"@type":"ListItem","position":3,"name":"LEDriving\u00ae LEDlampa SL C5W (36 mm) | Vit"}]},{"@type":"WebSite","@id":"https:\/\/xenonkungen.com\/#website","url":"https:\/\/xenonkungen.com\/","name":"Xenonkungen","description":"","potentialAction":[{"@type":"SearchAction","target":{"@type":"EntryPoint","urlTemplate":"https:\/\/xenonkungen.com\/?s={search_term_string}"},"query-input":{"@type":"PropertyValueSpecification","valueRequired":true,"valueName":"search_term_string"}}],"inLanguage":"da-DK"}]}},"taxonomy_info":{"product_brand":[{"value":108,"label":"OSRAM"}],"product_cat":[{"value":2454,"label":"31-42mm"},{"value":2452,"label":"C5W"},{"value":2453,"label":"SV8,5"},{"value":338,"label":"Diodlampor"}],"pa_faktisk-effekts-forbrukning":[{"value":1673,"label":"0,8"}],"pa_fargtemperatur":[{"value":188,"label":"6000K"}],"pa_lampsockel-kontakt":[{"value":380,"label":"C5W"}],"pa_volt-v":[{"value":159,"label":"12"}]},"featured_image_src_large":["https:\/\/xenonkungen.com\/wp-content\/uploads\/2025\/04\/201830663-origpic-312f59.jpg",691,1000,false],"author_info":[],"comment_info":1,"_links":{"self":[{"href":"https:\/\/xenonkungen.com\/dk\/wp-json\/wp\/v2\/product\/5884","targetHints":{"allow":["GET"]}}],"collection":[{"href":"https:\/\/xenonkungen.com\/dk\/wp-json\/wp\/v2\/product"}],"about":[{"href":"https:\/\/xenonkungen.com\/dk\/wp-json\/wp\/v2\/types\/product"}],"replies":[{"embeddable":true,"href":"https:\/\/xenonkungen.com\/dk\/wp-json\/wp\/v2\/comments?post=5884"}],"wp:featuredmedia":[{"embeddable":true,"href":"https:\/\/xenonkungen.com\/dk\/wp-json\/wp\/v2\/media\/5885"}],"wp:attachment":[{"href":"https:\/\/xenonkungen.com\/dk\/wp-json\/wp\/v2\/media?parent=5884"}],"wp:term":[{"taxonomy":"anvandningsomrade","embeddable":true,"href":"https:\/\/xenonkungen.com\/dk\/wp-json\/wp\/v2\/anvandningsomrade?post=5884"},{"taxonomy":"bilmarken","embeddable":true,"href":"https:\/\/xenonkungen.com\/dk\/wp-json\/wp\/v2\/bilmarken?post=5884"},{"taxonomy":"product_brand","embeddable":true,"href":"https:\/\/xenonkungen.com\/dk\/wp-json\/wp\/v2\/product_brand?post=5884"},{"taxonomy":"product_cat","embeddable":true,"href":"https:\/\/xenonkungen.com\/dk\/wp-json\/wp\/v2\/product_cat?post=5884"},{"taxonomy":"product_tag","embeddable":true,"href":"https:\/\/xenonkungen.com\/dk\/wp-json\/wp\/v2\/product_tag?post=5884"}],"curies":[{"name":"wp","href":"https:\/\/api.w.org\/{rel}","templated":true}]}}