{"id":5889,"date":"2025-04-15T09:36:49","date_gmt":"2025-04-15T09:36:49","guid":{"rendered":"https:\/\/xenonkungen.com\/product\/ledriving-hl-bright-h4-h19\/"},"modified":"2026-04-24T17:36:03","modified_gmt":"2026-04-24T16:36:03","slug":"led-korsel-hl-lys-h4-h19","status":"publish","type":"product","link":"https:\/\/xenonkungen.com\/dk\/vare\/led-korsel-hl-lys-h4-h19\/","title":{"rendered":"LEDriving\u00ae HL BRIGHT H4\/H19"},"content":{"rendered":"<div class=\"product-description\">\n<h1>Opdag OSRAM LEDriving HL BRIGHT<\/h1>\n<p>En h\u00f8jtydende LED-retrolampe, der tager din bilbelysning til det n\u00e6ste niveau. Med <strong>op til +300% mere lysstyrke<\/strong> Sammenlignet med standard halogenlamper (i henhold til ECE R112) f\u00e5r du ikke kun enest\u00e5ende synlighed, men ogs\u00e5 et stilfuldt og moderne udseende takket v\u00e6re <strong>Koldt hvidt lys ved 6000K<\/strong>Uanset om det er skilte, forhindringer eller farer p\u00e5 vejen \u2013 du ser alt tidligere og tydeligere, hvilket giver \u00f8get sikkerhed bag rattet.<\/p>\n<p>Den optimerede lysfordeling reducerer ogs\u00e5 bl\u00e6nding, og med <strong>OSRAM premium kvalitet<\/strong> og avanceret LED-teknologi, f\u00e5r du en lampe, der holder op til <strong>5 gange l\u00e6ngere<\/strong> end almindelige p\u00e6rer. LEDriving HL BRIGHT p\u00e6rerne leveres parvis og leveres med en <strong>4 \u00e5rs garanti<\/strong>hvilket g\u00f8r dette til en sikker investering for dig og din bil.<\/p>\n<h2>Nem installation og h\u00f8j kompatibilitet<\/h2>\n<p>Med deres kompakte design og nemme installation er disse lygter perfekte til biler med halogenlygter og 12V-systemer. Bem\u00e6rk dog, at disse lygter ikke er ECE-godkendte og er beregnet til terr\u00e6ng\u00e5ende brug.<\/p>\n<p>Giv din bil den opgradering, den fortjener \u2013 kombiner <strong>moderne stil og forbedret sikkerhed<\/strong> med OSRAM LEDriving HL BRIGHT.<\/p>\n<h3><strong>Tekniske specifikationer<\/strong><\/h3>\n<p><strong>Elektriske data<\/strong><\/p>\n<p>\u2013 Str\u00f8mforbrug: 15 \/ 15 W<br \/>- Nominel sp\u00e6nding: 12,0 V<br \/>- Nominel effekt: 15 W<\/p>\n<p><strong>Fotometriske data<\/strong><\/p>\n<p>- Nominel lysstr\u00f8m: 1400\/1100 lm<br \/>- Lysstr\u00f8mstolerance: \u00b120 %<br \/>- Farve p\u00e5 LED-lys: K\u00f8lig hvid<br \/>- Farvetemperatur: 6000 K<\/p>\n<p><strong>Fysiske egenskaber og dimensioner<\/strong><\/p>\n<p>- L\u00e6ngde: 80,2 mm<br \/>- Diameter: 14,0 mm<br \/>- Produktets v\u00e6gt: 80,00 g<br \/>\u2013 Lampeholder: <span>P43t<\/span><\/p>\n<p><strong>Livstidsdata<\/strong><\/p>\n<p>- Levetid Tc: 5000 timer<\/p>\n<p><strong>Garanti:<\/strong><\/p>\n<p>- 4 \u00e5r<\/p>\n<\/div>","protected":false},"excerpt":{"rendered":"<p>LEDriving\u00ae HL BRIGHT H4\/H19 tilbyder kraftfuld LED-belysning med 1100\/1400 lumen og en farvetemperatur p\u00e5 6000K. Denne 12V-p\u00e6re kombinerer h\u00f8j ydeevne med et moderne, k\u00f8ligt hvidt lys, hvilket giver forbedret synlighed og stil til dit k\u00f8ret\u00f8j.<\/p>","protected":false},"featured_media":5890,"comment_status":"closed","ping_status":"open","template":"","meta":{"_acf_changed":false,"_smort_price_nok":"1490","_smort_price_dkk":"947","_smort_price_eur":"126.81","_smort_sale_price_nok":"","_smort_sale_price_dkk":"","_smort_sale_price_eur":"","smort_restorder":"","shipmondo_restorder":"","_kad_blocks_custom_css":"","_kad_blocks_head_custom_js":"","_kad_blocks_body_custom_js":"","_kad_blocks_footer_custom_js":"","smort_custom_pricelist_1":"892.8","smort_custom_pricelist_2":"781.2","smort_custom_pricelist_3":"725.4","smort_custom_pricelist_4":"1116","smort_custom_pricelist_5":"781.2"},"anvandningsomrade":[],"bilmarken":[],"product_brand":[108],"product_cat":[2633,733],"product_tag":[],"class_list":{"0":"post-5889","1":"product","2":"type-product","3":"status-publish","4":"has-post-thumbnail","6":"product_brand-osram","7":"product_cat-osram-ledriving-halvljus-helljus","8":"product_cat-halvljus-helljus","9":"pa_faktisk-effekts-forbrukning-537","10":"pa_fargtemperatur-6000k","11":"pa_lampsockel-kontakt-h4-h19","12":"pa_volt-v-159","14":"first","15":"instock","16":"taxable","17":"shipping-taxable","18":"purchasable","19":"product-type-simple"},"bundled_by":[],"bundle_stock_status":"instock","bundle_stock_quantity":10,"bundle_virtual":false,"bundle_layout":"","bundle_add_to_cart_form_location":"","bundle_editable_in_cart":false,"bundle_sold_individually_context":"","bundle_item_grouping":"","bundle_min_size":"","bundle_max_size":"","bundle_price":[],"bundled_items":[],"bundle_sell_ids":[],"acf":[],"yoast_head":"<!-- This site is optimized with the Yoast SEO plugin v27.0 - https:\/\/yoast.com\/product\/yoast-seo-wordpress\/ -->\n<title>LEDriving\u00ae HL BRIGHT H4\/H19 - Xenonkungen<\/title>\n<meta name=\"robots\" content=\"index, follow, max-snippet:-1, max-image-preview:large, max-video-preview:-1\" \/>\n<link rel=\"canonical\" href=\"https:\/\/xenonkungen.com\/dk\/vare\/led-korsel-hl-lys-h4-h19\/\" \/>\n<meta property=\"og:locale\" content=\"da_DK\" \/>\n<meta property=\"og:type\" content=\"article\" \/>\n<meta property=\"og:title\" content=\"LEDriving\u00ae HL BRIGHT H4\/H19 - Xenonkungen\" \/>\n<meta property=\"og:description\" content=\"LEDriving\u00ae HL BRIGHT H4\/H19 erbjuder kraftfull LED-belysning med 1100\/1400 lumen och en f\u00e4rgtemperatur p\u00e5 6000K. Denna 12V-lampa kombinerar h\u00f6g prestanda med ett modernt, kallvitt ljus, vilket ger f\u00f6rb\u00e4ttrad sikt och stil till ditt fordon.\" \/>\n<meta property=\"og:url\" content=\"https:\/\/xenonkungen.com\/dk\/vare\/led-korsel-hl-lys-h4-h19\/\" \/>\n<meta property=\"og:site_name\" content=\"Xenonkungen\" \/>\n<meta property=\"article:modified_time\" content=\"2026-04-24T16:36:03+00:00\" \/>\n<meta property=\"og:image\" content=\"https:\/\/xenonkungen.com\/wp-content\/uploads\/2025\/04\/215797193-origpic-504f39.jpg\" \/>\n\t<meta property=\"og:image:width\" content=\"1024\" \/>\n\t<meta property=\"og:image:height\" content=\"674\" \/>\n\t<meta property=\"og:image:type\" content=\"image\/jpeg\" \/>\n<meta name=\"twitter:card\" content=\"summary_large_image\" \/>\n<meta name=\"twitter:label1\" content=\"Estimeret l\u00e6setid\" \/>\n\t<meta name=\"twitter:data1\" content=\"1 minut\" \/>\n<script type=\"application\/ld+json\" class=\"yoast-schema-graph\">{\"@context\":\"https:\/\/schema.org\",\"@graph\":[{\"@type\":\"WebPage\",\"@id\":\"https:\/\/xenonkungen.com\/produkt\/ledriving-hl-bright-h4-h19\/\",\"url\":\"https:\/\/xenonkungen.com\/produkt\/ledriving-hl-bright-h4-h19\/\",\"name\":\"LEDriving\u00ae HL BRIGHT H4\/H19 - Xenonkungen\",\"isPartOf\":{\"@id\":\"https:\/\/xenonkungen.com\/#website\"},\"primaryImageOfPage\":{\"@id\":\"https:\/\/xenonkungen.com\/produkt\/ledriving-hl-bright-h4-h19\/#primaryimage\"},\"image\":{\"@id\":\"https:\/\/xenonkungen.com\/produkt\/ledriving-hl-bright-h4-h19\/#primaryimage\"},\"thumbnailUrl\":\"https:\/\/xenonkungen.com\/wp-content\/uploads\/2025\/04\/215797193-origpic-504f39.jpg\",\"datePublished\":\"2025-04-15T09:36:49+00:00\",\"dateModified\":\"2026-04-24T16:36:03+00:00\",\"breadcrumb\":{\"@id\":\"https:\/\/xenonkungen.com\/produkt\/ledriving-hl-bright-h4-h19\/#breadcrumb\"},\"inLanguage\":\"da-DK\",\"potentialAction\":[{\"@type\":\"ReadAction\",\"target\":[\"https:\/\/xenonkungen.com\/produkt\/ledriving-hl-bright-h4-h19\/\"]}]},{\"@type\":\"ImageObject\",\"inLanguage\":\"da-DK\",\"@id\":\"https:\/\/xenonkungen.com\/produkt\/ledriving-hl-bright-h4-h19\/#primaryimage\",\"url\":\"https:\/\/xenonkungen.com\/wp-content\/uploads\/2025\/04\/215797193-origpic-504f39.jpg\",\"contentUrl\":\"https:\/\/xenonkungen.com\/wp-content\/uploads\/2025\/04\/215797193-origpic-504f39.jpg\",\"width\":1024,\"height\":674},{\"@type\":\"BreadcrumbList\",\"@id\":\"https:\/\/xenonkungen.com\/produkt\/ledriving-hl-bright-h4-h19\/#breadcrumb\",\"itemListElement\":[{\"@type\":\"ListItem\",\"position\":1,\"name\":\"Hem\",\"item\":\"https:\/\/xenonkungen.com\/\"},{\"@type\":\"ListItem\",\"position\":2,\"name\":\"Shop\",\"item\":\"https:\/\/xenonkungen.com\/shop\/\"},{\"@type\":\"ListItem\",\"position\":3,\"name\":\"LEDriving\u00ae HL BRIGHT H4\/H19\"}]},{\"@type\":\"WebSite\",\"@id\":\"https:\/\/xenonkungen.com\/#website\",\"url\":\"https:\/\/xenonkungen.com\/\",\"name\":\"Xenonkungen\",\"description\":\"\",\"potentialAction\":[{\"@type\":\"SearchAction\",\"target\":{\"@type\":\"EntryPoint\",\"urlTemplate\":\"https:\/\/xenonkungen.com\/?s={search_term_string}\"},\"query-input\":{\"@type\":\"PropertyValueSpecification\",\"valueRequired\":true,\"valueName\":\"search_term_string\"}}],\"inLanguage\":\"da-DK\"}]}<\/script>\n<!-- \/ Yoast SEO plugin. -->","yoast_head_json":{"title":"LEDriving\u00ae HL BRIGHT H4\/H19 - Xenon-kongen","robots":{"index":"index","follow":"follow","max-snippet":"max-snippet:-1","max-image-preview":"max-image-preview:large","max-video-preview":"max-video-preview:-1"},"canonical":"https:\/\/xenonkungen.com\/dk\/vare\/led-korsel-hl-lys-h4-h19\/","og_locale":"da_DK","og_type":"article","og_title":"LEDriving\u00ae HL BRIGHT H4\/H19 - Xenonkungen","og_description":"LEDriving\u00ae HL BRIGHT H4\/H19 erbjuder kraftfull LED-belysning med 1100\/1400 lumen och en f\u00e4rgtemperatur p\u00e5 6000K. Denna 12V-lampa kombinerar h\u00f6g prestanda med ett modernt, kallvitt ljus, vilket ger f\u00f6rb\u00e4ttrad sikt och stil till ditt fordon.","og_url":"https:\/\/xenonkungen.com\/dk\/vare\/led-korsel-hl-lys-h4-h19\/","og_site_name":"Xenonkungen","article_modified_time":"2026-04-24T16:36:03+00:00","og_image":[{"width":1024,"height":674,"url":"https:\/\/xenonkungen.com\/wp-content\/uploads\/2025\/04\/215797193-origpic-504f39.jpg","type":"image\/jpeg"}],"twitter_card":"summary_large_image","twitter_misc":{"Estimeret l\u00e6setid":"1 minut"},"schema":{"@context":"https:\/\/schema.org","@graph":[{"@type":"WebPage","@id":"https:\/\/xenonkungen.com\/produkt\/ledriving-hl-bright-h4-h19\/","url":"https:\/\/xenonkungen.com\/produkt\/ledriving-hl-bright-h4-h19\/","name":"LEDriving\u00ae HL BRIGHT H4\/H19 - Xenon-kongen","isPartOf":{"@id":"https:\/\/xenonkungen.com\/#website"},"primaryImageOfPage":{"@id":"https:\/\/xenonkungen.com\/produkt\/ledriving-hl-bright-h4-h19\/#primaryimage"},"image":{"@id":"https:\/\/xenonkungen.com\/produkt\/ledriving-hl-bright-h4-h19\/#primaryimage"},"thumbnailUrl":"https:\/\/xenonkungen.com\/wp-content\/uploads\/2025\/04\/215797193-origpic-504f39.jpg","datePublished":"2025-04-15T09:36:49+00:00","dateModified":"2026-04-24T16:36:03+00:00","breadcrumb":{"@id":"https:\/\/xenonkungen.com\/produkt\/ledriving-hl-bright-h4-h19\/#breadcrumb"},"inLanguage":"da-DK","potentialAction":[{"@type":"ReadAction","target":["https:\/\/xenonkungen.com\/produkt\/ledriving-hl-bright-h4-h19\/"]}]},{"@type":"ImageObject","inLanguage":"da-DK","@id":"https:\/\/xenonkungen.com\/produkt\/ledriving-hl-bright-h4-h19\/#primaryimage","url":"https:\/\/xenonkungen.com\/wp-content\/uploads\/2025\/04\/215797193-origpic-504f39.jpg","contentUrl":"https:\/\/xenonkungen.com\/wp-content\/uploads\/2025\/04\/215797193-origpic-504f39.jpg","width":1024,"height":674},{"@type":"BreadcrumbList","@id":"https:\/\/xenonkungen.com\/produkt\/ledriving-hl-bright-h4-h19\/#breadcrumb","itemListElement":[{"@type":"ListItem","position":1,"name":"Hem","item":"https:\/\/xenonkungen.com\/"},{"@type":"ListItem","position":2,"name":"Shop","item":"https:\/\/xenonkungen.com\/shop\/"},{"@type":"ListItem","position":3,"name":"LEDriving\u00ae HL BRIGHT H4\/H19"}]},{"@type":"WebSite","@id":"https:\/\/xenonkungen.com\/#website","url":"https:\/\/xenonkungen.com\/","name":"Xenonkungen","description":"","potentialAction":[{"@type":"SearchAction","target":{"@type":"EntryPoint","urlTemplate":"https:\/\/xenonkungen.com\/?s={search_term_string}"},"query-input":{"@type":"PropertyValueSpecification","valueRequired":true,"valueName":"search_term_string"}}],"inLanguage":"da-DK"}]}},"taxonomy_info":{"product_brand":[{"value":108,"label":"OSRAM"}],"product_cat":[{"value":2633,"label":"OSRAM Ledriving"},{"value":733,"label":"Halvljus \/ Helljus"}],"pa_faktisk-effekts-forbrukning":[{"value":537,"label":"15"}],"pa_fargtemperatur":[{"value":188,"label":"6000K"}],"pa_lampsockel-kontakt":[{"value":1699,"label":"H4, H19"}],"pa_volt-v":[{"value":159,"label":"12"}]},"featured_image_src_large":["https:\/\/xenonkungen.com\/wp-content\/uploads\/2025\/04\/215797193-origpic-504f39.jpg",1024,674,false],"author_info":[],"comment_info":0,"_links":{"self":[{"href":"https:\/\/xenonkungen.com\/dk\/wp-json\/wp\/v2\/product\/5889","targetHints":{"allow":["GET"]}}],"collection":[{"href":"https:\/\/xenonkungen.com\/dk\/wp-json\/wp\/v2\/product"}],"about":[{"href":"https:\/\/xenonkungen.com\/dk\/wp-json\/wp\/v2\/types\/product"}],"replies":[{"embeddable":true,"href":"https:\/\/xenonkungen.com\/dk\/wp-json\/wp\/v2\/comments?post=5889"}],"wp:featuredmedia":[{"embeddable":true,"href":"https:\/\/xenonkungen.com\/dk\/wp-json\/wp\/v2\/media\/5890"}],"wp:attachment":[{"href":"https:\/\/xenonkungen.com\/dk\/wp-json\/wp\/v2\/media?parent=5889"}],"wp:term":[{"taxonomy":"anvandningsomrade","embeddable":true,"href":"https:\/\/xenonkungen.com\/dk\/wp-json\/wp\/v2\/anvandningsomrade?post=5889"},{"taxonomy":"bilmarken","embeddable":true,"href":"https:\/\/xenonkungen.com\/dk\/wp-json\/wp\/v2\/bilmarken?post=5889"},{"taxonomy":"product_brand","embeddable":true,"href":"https:\/\/xenonkungen.com\/dk\/wp-json\/wp\/v2\/product_brand?post=5889"},{"taxonomy":"product_cat","embeddable":true,"href":"https:\/\/xenonkungen.com\/dk\/wp-json\/wp\/v2\/product_cat?post=5889"},{"taxonomy":"product_tag","embeddable":true,"href":"https:\/\/xenonkungen.com\/dk\/wp-json\/wp\/v2\/product_tag?post=5889"}],"curies":[{"name":"wp","href":"https:\/\/api.w.org\/{rel}","templated":true}]}}