{"id":5944,"date":"2025-04-15T09:37:32","date_gmt":"2025-04-15T09:37:32","guid":{"rendered":"https:\/\/xenonkungen.com\/product\/ledriving-street-legal-adapter-02\/"},"modified":"2026-04-17T12:09:16","modified_gmt":"2026-04-17T11:09:16","slug":"ledriving-gadeadapter-02","status":"publish","type":"product","link":"https:\/\/xenonkungen.com\/dk\/vare\/ledriving-gadeadapter-02\/","title":{"rendered":"LEDriving\u00ae Street Legal Adapter 02"},"content":{"rendered":"<h3>Passer perfekt til LED-opgraderinger med monteringsbeslag<\/h3>\n<p>Giv din bil den opdatering, den fortjener, med LED-lys, og nyd en problemfri installation takket v\u00e6re vores monteringsbeslag. Disse beslag er designet til enkelhed og kompatibilitet og er tilpasset til at passe til mange forskellige bilmodeller, hvilket g\u00f8r dem til den perfekte l\u00f8sning til din opgradering. For at sikre, at de er kompatible med din specifikke bilmodel, skal du tjekke kompatibiliteten p\u00e5 OSRAMs hjemmeside.<\/p>\n<p>Med vores monteringsbeslag bliver din LED-opgradering en problemfri proces, s\u00e5 du hurtigt og nemt kan f\u00e5 en moderne og effektiv lyskilde p\u00e5 din bil. Tag skridtet mod bedre belysning med OSRAM og vores p\u00e5lidelige tilbeh\u00f8r.<\/p>\n<p>Bes\u00f8g OSRAMs hjemmeside for at f\u00e5 flere oplysninger og sikre, at dine LED-opgraderinger passer perfekt til din bil.<\/p>\n<p><strong>Passer til f\u00f8lgende biler:<\/strong><\/p>\n<p><strong>Ford<br \/><\/strong>- Fiesta (MK7) Facelift 2013-<br \/>- Focus (MK3) (RHD) 2010-2014<\/p>","protected":false},"excerpt":{"rendered":"<p>Perfekt Passform f\u00f6r LED-Uppgraderingar med Monteringsf\u00e4sten Ge din bil den uppdatering den f\u00f6rtj\u00e4nar med LED-lampor och njut av en smidig installation tack vare v\u00e5ra monteringsf\u00e4sten. Designade f\u00f6r enkelhet och kompatibilitet, dessa f\u00e4sten \u00e4r anpassade f\u00f6r att passa m\u00e5nga olika bilmodeller, vilket g\u00f6r dem till den perfekta l\u00f6sningen f\u00f6r din uppgradering. F\u00f6r att s\u00e4kerst\u00e4lla att de [&hellip;]<\/p>","protected":false},"featured_media":5945,"comment_status":"closed","ping_status":"open","template":"","meta":{"_acf_changed":false,"_smort_price_nok":"105","_smort_price_dkk":"66","_smort_price_eur":"8.91","_smort_sale_price_nok":"","_smort_sale_price_dkk":"","_smort_sale_price_eur":"","smort_restorder":"","shipmondo_restorder":"","_kad_blocks_custom_css":"","_kad_blocks_head_custom_js":"","_kad_blocks_body_custom_js":"","_kad_blocks_footer_custom_js":"","smort_custom_pricelist_1":"62.72","smort_custom_pricelist_2":"62.72","smort_custom_pricelist_3":"59.58","smort_custom_pricelist_4":"78.4","smort_custom_pricelist_5":"62.26"},"anvandningsomrade":[],"bilmarken":[],"product_brand":[108],"product_cat":[2465,733],"product_tag":[],"class_list":{"0":"post-5944","1":"product","2":"type-product","3":"status-publish","4":"has-post-thumbnail","6":"product_brand-osram","7":"product_cat-lamphallare-halvljus-helljus","8":"product_cat-halvljus-helljus","10":"first","11":"instock","12":"taxable","13":"shipping-taxable","14":"purchasable","15":"product-type-simple"},"bundled_by":[],"bundle_stock_status":"instock","bundle_stock_quantity":7,"bundle_virtual":false,"bundle_layout":"","bundle_add_to_cart_form_location":"","bundle_editable_in_cart":false,"bundle_sold_individually_context":"","bundle_item_grouping":"","bundle_min_size":"","bundle_max_size":"","bundle_price":[],"bundled_items":[],"bundle_sell_ids":[],"acf":[],"yoast_head":"<!-- This site is optimized with the Yoast SEO plugin v27.0 - https:\/\/yoast.com\/product\/yoast-seo-wordpress\/ -->\n<title>LEDriving\u00ae Street Legal Adapter 02 - Xenonkungen<\/title>\n<meta name=\"robots\" content=\"index, follow, max-snippet:-1, max-image-preview:large, max-video-preview:-1\" \/>\n<link rel=\"canonical\" href=\"https:\/\/xenonkungen.com\/dk\/vare\/ledriving-gadeadapter-02\/\" \/>\n<meta property=\"og:locale\" content=\"da_DK\" \/>\n<meta property=\"og:type\" content=\"article\" \/>\n<meta property=\"og:title\" content=\"LEDriving\u00ae Street Legal Adapter 02 - Xenonkungen\" \/>\n<meta property=\"og:description\" content=\"Perfekt Passform f\u00f6r LED-Uppgraderingar med Monteringsf\u00e4sten Ge din bil den uppdatering den f\u00f6rtj\u00e4nar med LED-lampor och njut av en smidig installation tack vare v\u00e5ra monteringsf\u00e4sten. Designade f\u00f6r enkelhet och kompatibilitet, dessa f\u00e4sten \u00e4r anpassade f\u00f6r att passa m\u00e5nga olika bilmodeller, vilket g\u00f6r dem till den perfekta l\u00f6sningen f\u00f6r din uppgradering. F\u00f6r att s\u00e4kerst\u00e4lla att de [&hellip;]\" \/>\n<meta property=\"og:url\" content=\"https:\/\/xenonkungen.com\/dk\/vare\/ledriving-gadeadapter-02\/\" \/>\n<meta property=\"og:site_name\" content=\"Xenonkungen\" \/>\n<meta property=\"article:modified_time\" content=\"2026-04-17T11:09:16+00:00\" \/>\n<meta property=\"og:image\" content=\"https:\/\/xenonkungen.com\/wp-content\/uploads\/2025\/04\/201847997-origpic-21168f.jpg\" \/>\n\t<meta property=\"og:image:width\" content=\"1024\" \/>\n\t<meta property=\"og:image:height\" content=\"1024\" \/>\n\t<meta property=\"og:image:type\" content=\"image\/jpeg\" \/>\n<meta name=\"twitter:card\" content=\"summary_large_image\" \/>\n<meta name=\"twitter:label1\" content=\"Estimeret l\u00e6setid\" \/>\n\t<meta name=\"twitter:data1\" content=\"1 minut\" \/>\n<script type=\"application\/ld+json\" class=\"yoast-schema-graph\">{\"@context\":\"https:\/\/schema.org\",\"@graph\":[{\"@type\":\"WebPage\",\"@id\":\"https:\/\/xenonkungen.com\/produkt\/ledriving-street-legal-adapter-02\/\",\"url\":\"https:\/\/xenonkungen.com\/produkt\/ledriving-street-legal-adapter-02\/\",\"name\":\"LEDriving\u00ae Street Legal Adapter 02 - Xenonkungen\",\"isPartOf\":{\"@id\":\"https:\/\/xenonkungen.com\/#website\"},\"primaryImageOfPage\":{\"@id\":\"https:\/\/xenonkungen.com\/produkt\/ledriving-street-legal-adapter-02\/#primaryimage\"},\"image\":{\"@id\":\"https:\/\/xenonkungen.com\/produkt\/ledriving-street-legal-adapter-02\/#primaryimage\"},\"thumbnailUrl\":\"https:\/\/xenonkungen.com\/wp-content\/uploads\/2025\/04\/201847997-origpic-21168f.jpg\",\"datePublished\":\"2025-04-15T09:37:32+00:00\",\"dateModified\":\"2026-04-17T11:09:16+00:00\",\"breadcrumb\":{\"@id\":\"https:\/\/xenonkungen.com\/produkt\/ledriving-street-legal-adapter-02\/#breadcrumb\"},\"inLanguage\":\"da-DK\",\"potentialAction\":[{\"@type\":\"ReadAction\",\"target\":[\"https:\/\/xenonkungen.com\/produkt\/ledriving-street-legal-adapter-02\/\"]}]},{\"@type\":\"ImageObject\",\"inLanguage\":\"da-DK\",\"@id\":\"https:\/\/xenonkungen.com\/produkt\/ledriving-street-legal-adapter-02\/#primaryimage\",\"url\":\"https:\/\/xenonkungen.com\/wp-content\/uploads\/2025\/04\/201847997-origpic-21168f.jpg\",\"contentUrl\":\"https:\/\/xenonkungen.com\/wp-content\/uploads\/2025\/04\/201847997-origpic-21168f.jpg\",\"width\":1024,\"height\":1024},{\"@type\":\"BreadcrumbList\",\"@id\":\"https:\/\/xenonkungen.com\/produkt\/ledriving-street-legal-adapter-02\/#breadcrumb\",\"itemListElement\":[{\"@type\":\"ListItem\",\"position\":1,\"name\":\"Hem\",\"item\":\"https:\/\/xenonkungen.com\/\"},{\"@type\":\"ListItem\",\"position\":2,\"name\":\"Shop\",\"item\":\"https:\/\/xenonkungen.com\/shop\/\"},{\"@type\":\"ListItem\",\"position\":3,\"name\":\"LEDriving\u00ae Street Legal Adapter 02\"}]},{\"@type\":\"WebSite\",\"@id\":\"https:\/\/xenonkungen.com\/#website\",\"url\":\"https:\/\/xenonkungen.com\/\",\"name\":\"Xenonkungen\",\"description\":\"\",\"potentialAction\":[{\"@type\":\"SearchAction\",\"target\":{\"@type\":\"EntryPoint\",\"urlTemplate\":\"https:\/\/xenonkungen.com\/?s={search_term_string}\"},\"query-input\":{\"@type\":\"PropertyValueSpecification\",\"valueRequired\":true,\"valueName\":\"search_term_string\"}}],\"inLanguage\":\"da-DK\"}]}<\/script>\n<!-- \/ Yoast SEO plugin. -->","yoast_head_json":{"title":"LEDriving\u00ae Street Legal Adapter 02 - Xenon-kongen","robots":{"index":"index","follow":"follow","max-snippet":"max-snippet:-1","max-image-preview":"max-image-preview:large","max-video-preview":"max-video-preview:-1"},"canonical":"https:\/\/xenonkungen.com\/dk\/vare\/ledriving-gadeadapter-02\/","og_locale":"da_DK","og_type":"article","og_title":"LEDriving\u00ae Street Legal Adapter 02 - Xenonkungen","og_description":"Perfekt Passform f\u00f6r LED-Uppgraderingar med Monteringsf\u00e4sten Ge din bil den uppdatering den f\u00f6rtj\u00e4nar med LED-lampor och njut av en smidig installation tack vare v\u00e5ra monteringsf\u00e4sten. Designade f\u00f6r enkelhet och kompatibilitet, dessa f\u00e4sten \u00e4r anpassade f\u00f6r att passa m\u00e5nga olika bilmodeller, vilket g\u00f6r dem till den perfekta l\u00f6sningen f\u00f6r din uppgradering. F\u00f6r att s\u00e4kerst\u00e4lla att de [&hellip;]","og_url":"https:\/\/xenonkungen.com\/dk\/vare\/ledriving-gadeadapter-02\/","og_site_name":"Xenonkungen","article_modified_time":"2026-04-17T11:09:16+00:00","og_image":[{"width":1024,"height":1024,"url":"https:\/\/xenonkungen.com\/wp-content\/uploads\/2025\/04\/201847997-origpic-21168f.jpg","type":"image\/jpeg"}],"twitter_card":"summary_large_image","twitter_misc":{"Estimeret l\u00e6setid":"1 minut"},"schema":{"@context":"https:\/\/schema.org","@graph":[{"@type":"WebPage","@id":"https:\/\/xenonkungen.com\/produkt\/ledriving-street-legal-adapter-02\/","url":"https:\/\/xenonkungen.com\/produkt\/ledriving-street-legal-adapter-02\/","name":"LEDriving\u00ae Street Legal Adapter 02 - Xenon-kongen","isPartOf":{"@id":"https:\/\/xenonkungen.com\/#website"},"primaryImageOfPage":{"@id":"https:\/\/xenonkungen.com\/produkt\/ledriving-street-legal-adapter-02\/#primaryimage"},"image":{"@id":"https:\/\/xenonkungen.com\/produkt\/ledriving-street-legal-adapter-02\/#primaryimage"},"thumbnailUrl":"https:\/\/xenonkungen.com\/wp-content\/uploads\/2025\/04\/201847997-origpic-21168f.jpg","datePublished":"2025-04-15T09:37:32+00:00","dateModified":"2026-04-17T11:09:16+00:00","breadcrumb":{"@id":"https:\/\/xenonkungen.com\/produkt\/ledriving-street-legal-adapter-02\/#breadcrumb"},"inLanguage":"da-DK","potentialAction":[{"@type":"ReadAction","target":["https:\/\/xenonkungen.com\/produkt\/ledriving-street-legal-adapter-02\/"]}]},{"@type":"ImageObject","inLanguage":"da-DK","@id":"https:\/\/xenonkungen.com\/produkt\/ledriving-street-legal-adapter-02\/#primaryimage","url":"https:\/\/xenonkungen.com\/wp-content\/uploads\/2025\/04\/201847997-origpic-21168f.jpg","contentUrl":"https:\/\/xenonkungen.com\/wp-content\/uploads\/2025\/04\/201847997-origpic-21168f.jpg","width":1024,"height":1024},{"@type":"BreadcrumbList","@id":"https:\/\/xenonkungen.com\/produkt\/ledriving-street-legal-adapter-02\/#breadcrumb","itemListElement":[{"@type":"ListItem","position":1,"name":"Hem","item":"https:\/\/xenonkungen.com\/"},{"@type":"ListItem","position":2,"name":"Shop","item":"https:\/\/xenonkungen.com\/shop\/"},{"@type":"ListItem","position":3,"name":"LEDriving\u00ae Street Legal Adapter 02"}]},{"@type":"WebSite","@id":"https:\/\/xenonkungen.com\/#website","url":"https:\/\/xenonkungen.com\/","name":"Xenonkungen","description":"","potentialAction":[{"@type":"SearchAction","target":{"@type":"EntryPoint","urlTemplate":"https:\/\/xenonkungen.com\/?s={search_term_string}"},"query-input":{"@type":"PropertyValueSpecification","valueRequired":true,"valueName":"search_term_string"}}],"inLanguage":"da-DK"}]}},"taxonomy_info":{"product_brand":[{"value":108,"label":"OSRAM"}],"product_cat":[{"value":2465,"label":"Lamph\u00e5llare"},{"value":733,"label":"Halvljus \/ Helljus"}]},"featured_image_src_large":["https:\/\/xenonkungen.com\/wp-content\/uploads\/2025\/04\/201847997-origpic-21168f.jpg",1024,1024,false],"author_info":[],"comment_info":0,"_links":{"self":[{"href":"https:\/\/xenonkungen.com\/dk\/wp-json\/wp\/v2\/product\/5944","targetHints":{"allow":["GET"]}}],"collection":[{"href":"https:\/\/xenonkungen.com\/dk\/wp-json\/wp\/v2\/product"}],"about":[{"href":"https:\/\/xenonkungen.com\/dk\/wp-json\/wp\/v2\/types\/product"}],"replies":[{"embeddable":true,"href":"https:\/\/xenonkungen.com\/dk\/wp-json\/wp\/v2\/comments?post=5944"}],"wp:featuredmedia":[{"embeddable":true,"href":"https:\/\/xenonkungen.com\/dk\/wp-json\/wp\/v2\/media\/5945"}],"wp:attachment":[{"href":"https:\/\/xenonkungen.com\/dk\/wp-json\/wp\/v2\/media?parent=5944"}],"wp:term":[{"taxonomy":"anvandningsomrade","embeddable":true,"href":"https:\/\/xenonkungen.com\/dk\/wp-json\/wp\/v2\/anvandningsomrade?post=5944"},{"taxonomy":"bilmarken","embeddable":true,"href":"https:\/\/xenonkungen.com\/dk\/wp-json\/wp\/v2\/bilmarken?post=5944"},{"taxonomy":"product_brand","embeddable":true,"href":"https:\/\/xenonkungen.com\/dk\/wp-json\/wp\/v2\/product_brand?post=5944"},{"taxonomy":"product_cat","embeddable":true,"href":"https:\/\/xenonkungen.com\/dk\/wp-json\/wp\/v2\/product_cat?post=5944"},{"taxonomy":"product_tag","embeddable":true,"href":"https:\/\/xenonkungen.com\/dk\/wp-json\/wp\/v2\/product_tag?post=5944"}],"curies":[{"name":"wp","href":"https:\/\/api.w.org\/{rel}","templated":true}]}}