{"id":6051,"date":"2025-04-15T09:40:06","date_gmt":"2025-04-15T09:40:06","guid":{"rendered":"https:\/\/xenonkungen.com\/product\/ledriving-ledriving-street-legal-smart-can-bus-03-1\/"},"modified":"2026-04-11T01:34:28","modified_gmt":"2026-04-11T00:34:28","slug":"ledriving-ledriving-gade-lovlig-smart-dasebus-03-1","status":"publish","type":"product","link":"https:\/\/xenonkungen.com\/dk\/vare\/ledriving-ledriving-gade-lovlig-smart-dasebus-03-1\/","title":{"rendered":"LEDriving\u00ae LEDriving\u00ae Vejledende SMART CAN-BUS 03-1"},"content":{"rendered":"<p><strong>LEDriving\u00ae Smart Canbus 03-1<\/strong><\/p>\n<p>Tilpas, s\u00e5 din opgradering til LED fungerer fejlfrit. <br \/>LEDriving\u00ae Smart Canbus 03-1 omg\u00e5r k\u00f8ret\u00f8jets lampefejlsdetekteringssystem, n\u00e5r der anvendes en H7 LED-eftermonteringslampe. Styreenheden er nem at installere og er kompatibel med de fleste k\u00f8ret\u00f8jsmodeller med et automatisk detektionssystem. Smart Canbus tilbyder ogs\u00e5 flimmerfri belysning i k\u00f8ret\u00f8jets forlygter. Kun kombinationen af Osram Night Breaker\u00ae LED-lamper sammen med det officielle Osram-tilbeh\u00f8r \u2013 LEDriving\u00ae Adapter og LEDriving\u00ae Smart Canbus (hvor det er n\u00f8dvendigt) \u2013 er tilladt. Valgfri brug af Canbus-styreenheder anbefales i tilf\u00e6lde af en mulig fejlmeddelelse p\u00e5 k\u00f8ret\u00f8jets computer, afh\u00e6ngigt af k\u00f8ret\u00f8jets udstyr. <\/p>\n<p><strong>Teknisk specifikation<\/strong><br \/>Generelle Canbus-stik til H7-stik til BMW-biler<br \/>Nominel effekt: 12 W<br \/>Levetid: 2 500 timer (B3 &amp; Tc)<br \/>Garanti: op til 3 \u00e5r<br \/>Teknologi: LED-tilbeh\u00f8r<\/p>\n<p><strong>Passer til bilmodeller:<\/strong><\/p>\n<p><strong>BMW:<br \/><\/strong>\u2013 1er (E81,E82,E87,E88) 2004-2007<br \/>\u2013 1. udgave (E82, E82, E87, E88) Facelift 2007-2013<br \/>- 1. (F20\/F21) Facelift 2015-2019<br \/>- 2-serie Active Tourer (UKL-L\/F45) 2014-<br \/>- 2-serie Gran Tourer (UKL-L\/F46) 2014-<br \/>- 2-serie Active Tourer F2AT UKL-L (F45) Facelift 2018-<br \/>- 2-serie Gran Tourer F2GT UKL-L (F46) Facelift 2018-<br \/>- 2s (F22\/F23\/F87) 2014-2017<br \/>\u2013 3er (E90, E91, E92, E93) 2005-2009<br \/>\u2013 3er (E90, E91, E92, E93) 2009-2012<br \/>- 3-serie (F30\/F31\/F80) 2011-2015<br \/>\u2013 3er (F30\/F31\/F80) (RHD) 2011-2015<br \/>- 3-serie (F30\/F31\/F80) Facelift 2015-2019<br \/>- X1 (F48) 2015-\u00a0<br \/>\u2013 X1 (E84) 2009-2012\u00a0<br \/>\u2013 X1 (E84) Facelift 2012-2015<br \/>\u2013 X3 (F25) 2010-2014<br \/>\u2013 X3 (F25) Facelift 2014-2017<\/p>","protected":false},"excerpt":{"rendered":"<p>LEDriving\u00ae Smart Canbus 03-1 Anpassa s\u00e5 din uppgradering till LED fungerar felfritt. LEDriving\u00ae Smart Canbus 03-1 kringg\u00e5r fordonets feldetekteringssystem f\u00f6r lampor n\u00e4r man anv\u00e4nder en retrofitlampa H7 LED. Styrenheten erbjuder en enkel installation och \u00e4r kompatibel med de flesta fordonsmodeller med automatiskt detekteringssystem. Smart Canbus erbjuder \u00e4ven flimmerfri belysning i fordonets str\u00e5lkastare. Endast kombinationen av [&hellip;]<\/p>","protected":false},"featured_media":6052,"comment_status":"closed","ping_status":"open","template":"","meta":{"_acf_changed":false,"_smort_price_nok":"956","_smort_price_dkk":"607","_smort_price_eur":"81.36","_smort_sale_price_nok":"","_smort_sale_price_dkk":"","_smort_sale_price_eur":"","smort_restorder":"","shipmondo_restorder":"","_kad_blocks_custom_css":"","_kad_blocks_head_custom_js":"","_kad_blocks_body_custom_js":"","_kad_blocks_footer_custom_js":"","smort_custom_pricelist_1":"572.8","smort_custom_pricelist_2":"572.8","smort_custom_pricelist_3":"544.16","smort_custom_pricelist_4":"716","smort_custom_pricelist_5":"568.62"},"anvandningsomrade":[],"bilmarken":[],"product_brand":[108],"product_cat":[2487,2841,2828,390],"product_tag":[],"class_list":{"0":"post-6051","1":"product","2":"type-product","3":"status-publish","4":"has-post-thumbnail","6":"product_brand-osram","7":"product_cat-canbus-installation","8":"product_cat-installation-extraljus","9":"product_cat-installation-led-ramper","10":"product_cat-installation","11":"pa_faktisk-effekts-forbrukning-715","12":"pa_volt-v-159","14":"first","15":"onbackorder","16":"taxable","17":"shipping-taxable","18":"purchasable","19":"product-type-simple"},"bundled_by":[],"bundle_stock_status":"onbackorder","bundle_stock_quantity":0,"bundle_virtual":false,"bundle_layout":"","bundle_add_to_cart_form_location":"","bundle_editable_in_cart":false,"bundle_sold_individually_context":"","bundle_item_grouping":"","bundle_min_size":"","bundle_max_size":"","bundle_price":[],"bundled_items":[],"bundle_sell_ids":[],"acf":[],"yoast_head":"<!-- This site is optimized with the Yoast SEO plugin v27.0 - https:\/\/yoast.com\/product\/yoast-seo-wordpress\/ -->\n<title>LEDriving\u00ae LEDriving\u00ae Street Legal SMART CAN BUS 03-1 - Xenonkungen<\/title>\n<meta name=\"robots\" content=\"index, follow, max-snippet:-1, max-image-preview:large, max-video-preview:-1\" \/>\n<link rel=\"canonical\" href=\"https:\/\/xenonkungen.com\/dk\/vare\/ledriving-ledriving-gade-lovlig-smart-dasebus-03-1\/\" \/>\n<meta property=\"og:locale\" content=\"da_DK\" \/>\n<meta property=\"og:type\" content=\"article\" \/>\n<meta property=\"og:title\" content=\"LEDriving\u00ae LEDriving\u00ae Street Legal SMART CAN BUS 03-1 - Xenonkungen\" \/>\n<meta property=\"og:description\" content=\"LEDriving\u00ae Smart Canbus 03-1 Anpassa s\u00e5 din uppgradering till LED fungerar felfritt. LEDriving\u00ae Smart Canbus 03-1 kringg\u00e5r fordonets feldetekteringssystem f\u00f6r lampor n\u00e4r man anv\u00e4nder en retrofitlampa H7 LED. Styrenheten erbjuder en enkel installation och \u00e4r kompatibel med de flesta fordonsmodeller med automatiskt detekteringssystem. Smart Canbus erbjuder \u00e4ven flimmerfri belysning i fordonets str\u00e5lkastare. Endast kombinationen av [&hellip;]\" \/>\n<meta property=\"og:url\" content=\"https:\/\/xenonkungen.com\/dk\/vare\/ledriving-ledriving-gade-lovlig-smart-dasebus-03-1\/\" \/>\n<meta property=\"og:site_name\" content=\"Xenonkungen\" \/>\n<meta property=\"article:modified_time\" content=\"2026-04-11T00:34:28+00:00\" \/>\n<meta property=\"og:image\" content=\"https:\/\/xenonkungen.com\/wp-content\/uploads\/2025\/04\/201848045-origpic-8f01ed.jpg\" \/>\n\t<meta property=\"og:image:width\" content=\"900\" \/>\n\t<meta property=\"og:image:height\" content=\"900\" \/>\n\t<meta property=\"og:image:type\" content=\"image\/jpeg\" \/>\n<meta name=\"twitter:card\" content=\"summary_large_image\" \/>\n<meta name=\"twitter:label1\" content=\"Estimeret l\u00e6setid\" \/>\n\t<meta name=\"twitter:data1\" content=\"1 minut\" \/>\n<script type=\"application\/ld+json\" class=\"yoast-schema-graph\">{\"@context\":\"https:\/\/schema.org\",\"@graph\":[{\"@type\":\"WebPage\",\"@id\":\"https:\/\/xenonkungen.com\/produkt\/ledriving-ledriving-street-legal-smart-can-bus-03-1\/\",\"url\":\"https:\/\/xenonkungen.com\/produkt\/ledriving-ledriving-street-legal-smart-can-bus-03-1\/\",\"name\":\"LEDriving\u00ae LEDriving\u00ae Street Legal SMART CAN BUS 03-1 - Xenonkungen\",\"isPartOf\":{\"@id\":\"https:\/\/xenonkungen.com\/#website\"},\"primaryImageOfPage\":{\"@id\":\"https:\/\/xenonkungen.com\/produkt\/ledriving-ledriving-street-legal-smart-can-bus-03-1\/#primaryimage\"},\"image\":{\"@id\":\"https:\/\/xenonkungen.com\/produkt\/ledriving-ledriving-street-legal-smart-can-bus-03-1\/#primaryimage\"},\"thumbnailUrl\":\"https:\/\/xenonkungen.com\/wp-content\/uploads\/2025\/04\/201848045-origpic-8f01ed.jpg\",\"datePublished\":\"2025-04-15T09:40:06+00:00\",\"dateModified\":\"2026-04-11T00:34:28+00:00\",\"breadcrumb\":{\"@id\":\"https:\/\/xenonkungen.com\/produkt\/ledriving-ledriving-street-legal-smart-can-bus-03-1\/#breadcrumb\"},\"inLanguage\":\"da-DK\",\"potentialAction\":[{\"@type\":\"ReadAction\",\"target\":[\"https:\/\/xenonkungen.com\/produkt\/ledriving-ledriving-street-legal-smart-can-bus-03-1\/\"]}]},{\"@type\":\"ImageObject\",\"inLanguage\":\"da-DK\",\"@id\":\"https:\/\/xenonkungen.com\/produkt\/ledriving-ledriving-street-legal-smart-can-bus-03-1\/#primaryimage\",\"url\":\"https:\/\/xenonkungen.com\/wp-content\/uploads\/2025\/04\/201848045-origpic-8f01ed.jpg\",\"contentUrl\":\"https:\/\/xenonkungen.com\/wp-content\/uploads\/2025\/04\/201848045-origpic-8f01ed.jpg\",\"width\":900,\"height\":900},{\"@type\":\"BreadcrumbList\",\"@id\":\"https:\/\/xenonkungen.com\/produkt\/ledriving-ledriving-street-legal-smart-can-bus-03-1\/#breadcrumb\",\"itemListElement\":[{\"@type\":\"ListItem\",\"position\":1,\"name\":\"Hem\",\"item\":\"https:\/\/xenonkungen.com\/\"},{\"@type\":\"ListItem\",\"position\":2,\"name\":\"Shop\",\"item\":\"https:\/\/xenonkungen.com\/shop\/\"},{\"@type\":\"ListItem\",\"position\":3,\"name\":\"LEDriving\u00ae LEDriving\u00ae Street Legal SMART CAN BUS 03-1\"}]},{\"@type\":\"WebSite\",\"@id\":\"https:\/\/xenonkungen.com\/#website\",\"url\":\"https:\/\/xenonkungen.com\/\",\"name\":\"Xenonkungen\",\"description\":\"\",\"potentialAction\":[{\"@type\":\"SearchAction\",\"target\":{\"@type\":\"EntryPoint\",\"urlTemplate\":\"https:\/\/xenonkungen.com\/?s={search_term_string}\"},\"query-input\":{\"@type\":\"PropertyValueSpecification\",\"valueRequired\":true,\"valueName\":\"search_term_string\"}}],\"inLanguage\":\"da-DK\"}]}<\/script>\n<!-- \/ Yoast SEO plugin. -->","yoast_head_json":{"title":"LEDriving\u00ae LEDriving\u00ae Street Legal SMART CAN BUS 03-1 - Xenon-kongen","robots":{"index":"index","follow":"follow","max-snippet":"max-snippet:-1","max-image-preview":"max-image-preview:large","max-video-preview":"max-video-preview:-1"},"canonical":"https:\/\/xenonkungen.com\/dk\/vare\/ledriving-ledriving-gade-lovlig-smart-dasebus-03-1\/","og_locale":"da_DK","og_type":"article","og_title":"LEDriving\u00ae LEDriving\u00ae Street Legal SMART CAN BUS 03-1 - Xenonkungen","og_description":"LEDriving\u00ae Smart Canbus 03-1 Anpassa s\u00e5 din uppgradering till LED fungerar felfritt. LEDriving\u00ae Smart Canbus 03-1 kringg\u00e5r fordonets feldetekteringssystem f\u00f6r lampor n\u00e4r man anv\u00e4nder en retrofitlampa H7 LED. Styrenheten erbjuder en enkel installation och \u00e4r kompatibel med de flesta fordonsmodeller med automatiskt detekteringssystem. Smart Canbus erbjuder \u00e4ven flimmerfri belysning i fordonets str\u00e5lkastare. Endast kombinationen av [&hellip;]","og_url":"https:\/\/xenonkungen.com\/dk\/vare\/ledriving-ledriving-gade-lovlig-smart-dasebus-03-1\/","og_site_name":"Xenonkungen","article_modified_time":"2026-04-11T00:34:28+00:00","og_image":[{"width":900,"height":900,"url":"https:\/\/xenonkungen.com\/wp-content\/uploads\/2025\/04\/201848045-origpic-8f01ed.jpg","type":"image\/jpeg"}],"twitter_card":"summary_large_image","twitter_misc":{"Estimeret l\u00e6setid":"1 minut"},"schema":{"@context":"https:\/\/schema.org","@graph":[{"@type":"WebPage","@id":"https:\/\/xenonkungen.com\/produkt\/ledriving-ledriving-street-legal-smart-can-bus-03-1\/","url":"https:\/\/xenonkungen.com\/produkt\/ledriving-ledriving-street-legal-smart-can-bus-03-1\/","name":"LEDriving\u00ae LEDriving\u00ae Street Legal SMART CAN BUS 03-1 - Xenon-kongen","isPartOf":{"@id":"https:\/\/xenonkungen.com\/#website"},"primaryImageOfPage":{"@id":"https:\/\/xenonkungen.com\/produkt\/ledriving-ledriving-street-legal-smart-can-bus-03-1\/#primaryimage"},"image":{"@id":"https:\/\/xenonkungen.com\/produkt\/ledriving-ledriving-street-legal-smart-can-bus-03-1\/#primaryimage"},"thumbnailUrl":"https:\/\/xenonkungen.com\/wp-content\/uploads\/2025\/04\/201848045-origpic-8f01ed.jpg","datePublished":"2025-04-15T09:40:06+00:00","dateModified":"2026-04-11T00:34:28+00:00","breadcrumb":{"@id":"https:\/\/xenonkungen.com\/produkt\/ledriving-ledriving-street-legal-smart-can-bus-03-1\/#breadcrumb"},"inLanguage":"da-DK","potentialAction":[{"@type":"ReadAction","target":["https:\/\/xenonkungen.com\/produkt\/ledriving-ledriving-street-legal-smart-can-bus-03-1\/"]}]},{"@type":"ImageObject","inLanguage":"da-DK","@id":"https:\/\/xenonkungen.com\/produkt\/ledriving-ledriving-street-legal-smart-can-bus-03-1\/#primaryimage","url":"https:\/\/xenonkungen.com\/wp-content\/uploads\/2025\/04\/201848045-origpic-8f01ed.jpg","contentUrl":"https:\/\/xenonkungen.com\/wp-content\/uploads\/2025\/04\/201848045-origpic-8f01ed.jpg","width":900,"height":900},{"@type":"BreadcrumbList","@id":"https:\/\/xenonkungen.com\/produkt\/ledriving-ledriving-street-legal-smart-can-bus-03-1\/#breadcrumb","itemListElement":[{"@type":"ListItem","position":1,"name":"Hem","item":"https:\/\/xenonkungen.com\/"},{"@type":"ListItem","position":2,"name":"Shop","item":"https:\/\/xenonkungen.com\/shop\/"},{"@type":"ListItem","position":3,"name":"LEDriving\u00ae LEDriving\u00ae Street Legal SMART CAN BUS 03-1"}]},{"@type":"WebSite","@id":"https:\/\/xenonkungen.com\/#website","url":"https:\/\/xenonkungen.com\/","name":"Xenonkungen","description":"","potentialAction":[{"@type":"SearchAction","target":{"@type":"EntryPoint","urlTemplate":"https:\/\/xenonkungen.com\/?s={search_term_string}"},"query-input":{"@type":"PropertyValueSpecification","valueRequired":true,"valueName":"search_term_string"}}],"inLanguage":"da-DK"}]}},"taxonomy_info":{"product_brand":[{"value":108,"label":"OSRAM"}],"product_cat":[{"value":2487,"label":"Canbus"},{"value":2841,"label":"Installation extraljus"},{"value":2828,"label":"Installation LED-ramper"},{"value":390,"label":"Installation"}],"pa_faktisk-effekts-forbrukning":[{"value":715,"label":"12"}],"pa_volt-v":[{"value":159,"label":"12"}]},"featured_image_src_large":["https:\/\/xenonkungen.com\/wp-content\/uploads\/2025\/04\/201848045-origpic-8f01ed.jpg",900,900,false],"author_info":[],"comment_info":0,"_links":{"self":[{"href":"https:\/\/xenonkungen.com\/dk\/wp-json\/wp\/v2\/product\/6051","targetHints":{"allow":["GET"]}}],"collection":[{"href":"https:\/\/xenonkungen.com\/dk\/wp-json\/wp\/v2\/product"}],"about":[{"href":"https:\/\/xenonkungen.com\/dk\/wp-json\/wp\/v2\/types\/product"}],"replies":[{"embeddable":true,"href":"https:\/\/xenonkungen.com\/dk\/wp-json\/wp\/v2\/comments?post=6051"}],"wp:featuredmedia":[{"embeddable":true,"href":"https:\/\/xenonkungen.com\/dk\/wp-json\/wp\/v2\/media\/6052"}],"wp:attachment":[{"href":"https:\/\/xenonkungen.com\/dk\/wp-json\/wp\/v2\/media?parent=6051"}],"wp:term":[{"taxonomy":"anvandningsomrade","embeddable":true,"href":"https:\/\/xenonkungen.com\/dk\/wp-json\/wp\/v2\/anvandningsomrade?post=6051"},{"taxonomy":"bilmarken","embeddable":true,"href":"https:\/\/xenonkungen.com\/dk\/wp-json\/wp\/v2\/bilmarken?post=6051"},{"taxonomy":"product_brand","embeddable":true,"href":"https:\/\/xenonkungen.com\/dk\/wp-json\/wp\/v2\/product_brand?post=6051"},{"taxonomy":"product_cat","embeddable":true,"href":"https:\/\/xenonkungen.com\/dk\/wp-json\/wp\/v2\/product_cat?post=6051"},{"taxonomy":"product_tag","embeddable":true,"href":"https:\/\/xenonkungen.com\/dk\/wp-json\/wp\/v2\/product_tag?post=6051"}],"curies":[{"name":"wp","href":"https:\/\/api.w.org\/{rel}","templated":true}]}}