{"id":6116,"date":"2025-04-15T09:41:37","date_gmt":"2025-04-15T09:41:37","guid":{"rendered":"https:\/\/xenonkungen.com\/product\/lazer-ledrampskit-vw-t6-2016-startline-2x-triple-r750elite\/"},"modified":"2026-04-24T17:27:48","modified_gmt":"2026-04-24T16:27:48","slug":"laser-led-rampesaet-vw-t6-2016-startline-2x-triple-r750elite","status":"publish","type":"product","link":"https:\/\/xenonkungen.com\/dk\/vare\/laser-led-rampesaet-vw-t6-2016-startline-2x-triple-r750elite\/","title":{"rendered":"Lazer Ledrampes\u00e6t VW T6 2016+ startline 2x Triple-R750Elite"},"content":{"rendered":"<h1>Optimeret Lazer-lyss\u00e6t til din Volkswagen Transporter T6 2016+<\/h1>\n<p>G\u00f8r din Volkswagen Transporter T6 2016+ mere imponerende og funktionel med vores skr\u00e6ddersyede LED-lygtes\u00e6t. Udstyret med 2 h\u00f8jtydende Triple-R 750 Elite er dette s\u00e6t designet til at opgradere din bil med den bedst mulige belysning.<\/p>\n<p>Det enkle monteringss\u00e6t indeholder alt, hvad du skal bruge for at f\u00e5 en robust og sikker montering, der naturligt integreres med din Startline-front. Hvis din bil har en anden front, skal du overveje at bruge varenummer LZ-159574 eller LZ-159575 for at f\u00e5 det korrekte monteringss\u00e6t.<\/p>\n<h2>Holdbar konstruktion med ASA-materiale<\/h2>\n<p>For at sikre langvarig ydeevne og holdbarhed har vi valgt beslag fremstillet af det robuste ASA-materiale, der er kendt for sin overlegne UV-stabilitet og modstandsdygtighed over for b\u00e5de vejr og kemikalier. Denne kvalitetsl\u00f8sning sikrer, at din installation forbliver i topform \u00e5r efter \u00e5r, mens du nyder den forbedrede belysning fra de anerkendte Lazer-m\u00e6rker - Triple-R eller ST4 Evolution.<\/p>\n<h2>Pakkens indhold<\/h2>\n<p>Hver pakke indeholder alt, hvad du skal bruge til en enkel installation:<\/p>\n<ul>\n<li>2 x Triple-R 750 Elite LED-lamper<\/li>\n<li>4 x kvalitetsbeslag og tilh\u00f8rende fastg\u00f8relseselementer<\/li>\n<li>1 x detaljeret sk\u00e6revejledning for at lette samleprocessen<\/li>\n<li>1 x komplet koblingss\u00e6t<\/li>\n<li>1 x trin-for-trin monteringsvejledning<\/li>\n<\/ul>\n<p>Med dette LED-lyss\u00e6t f\u00e5r du ikke kun en opgradering af din bils \u00e6stetik, men ogs\u00e5 en markant forbedring af dens lysydelse, hvilket giver en sikrere og mere behagelig k\u00f8reoplevelse. Invester i kvalitet og ydeevne med et LED-lyss\u00e6t fra Xenonkungen.se.<\/p>","protected":false},"excerpt":{"rendered":"<p>Optimerat Lazer Belysningskit f\u00f6r Din Volkswagen Transporter T6 2016+ G\u00f6r din Volkswagen Transporter T6 2016+ mer imponerande och funktionell med v\u00e5rt skr\u00e4ddarsydda ledrampskit. Utrustat med 2 stycken h\u00f6gpresterande Triple-R 750 Elite, \u00e4r detta kit designat att uppgradera din bil med b\u00e4sta m\u00f6jliga belysning. Den enkla installationen medf\u00f6ljer allt du beh\u00f6ver f\u00f6r att f\u00e5 en robust [&hellip;]<\/p>","protected":false},"featured_media":6117,"comment_status":"closed","ping_status":"open","template":"","meta":{"_acf_changed":false,"_smort_price_nok":"12283","_smort_price_dkk":"7803","_smort_price_eur":"1045.41","_smort_sale_price_nok":"","_smort_sale_price_dkk":"","_smort_sale_price_eur":"","smort_restorder":"","shipmondo_restorder":"","_kad_blocks_custom_css":"","_kad_blocks_head_custom_js":"","_kad_blocks_body_custom_js":"","_kad_blocks_footer_custom_js":"","smort_custom_pricelist_1":"7360","smort_custom_pricelist_2":"7360","smort_custom_pricelist_3":"7360","smort_custom_pricelist_4":"9200","smort_custom_pricelist_5":"7360"},"anvandningsomrade":[],"bilmarken":[],"product_brand":[1124],"product_cat":[2539,2596,1916],"product_tag":[2735],"class_list":{"0":"post-6116","1":"product","2":"type-product","3":"status-publish","4":"has-post-thumbnail","6":"product_brand-lazer","7":"product_cat-ledramper","8":"product_cat-paket","9":"product_cat-ledrampspaket","10":"product_tag-lazer","11":"pa_fargtemperatur-5000k","12":"pa_godkannande-e-godkand-ece-r112","13":"pa_led-chips-effekt-w-1616","14":"pa_stromforbrukning-72a144v","15":"pa_volt-v-multivolt-10-12-16-18-24-28-30-32","17":"first","18":"onbackorder","19":"taxable","20":"shipping-taxable","21":"purchasable","22":"product-type-simple"},"bundled_by":[],"bundle_stock_status":"onbackorder","bundle_stock_quantity":0,"bundle_virtual":false,"bundle_layout":"","bundle_add_to_cart_form_location":"","bundle_editable_in_cart":false,"bundle_sold_individually_context":"","bundle_item_grouping":"","bundle_min_size":"","bundle_max_size":"","bundle_price":[],"bundled_items":[],"bundle_sell_ids":[],"acf":[],"yoast_head":"<!-- This site is optimized with the Yoast SEO plugin v27.0 - https:\/\/yoast.com\/product\/yoast-seo-wordpress\/ -->\n<title>Lazer Ledrampskit VW T6 2016+ startline 2x Triple-R750Elite - Xenonkungen<\/title>\n<meta name=\"robots\" content=\"index, follow, max-snippet:-1, max-image-preview:large, max-video-preview:-1\" \/>\n<link rel=\"canonical\" href=\"https:\/\/xenonkungen.com\/dk\/vare\/laser-led-rampesaet-vw-t6-2016-startline-2x-triple-r750elite\/\" \/>\n<meta property=\"og:locale\" content=\"da_DK\" \/>\n<meta property=\"og:type\" content=\"article\" \/>\n<meta property=\"og:title\" content=\"Lazer Ledrampskit VW T6 2016+ startline 2x Triple-R750Elite - Xenonkungen\" \/>\n<meta property=\"og:description\" content=\"Optimerat Lazer Belysningskit f\u00f6r Din Volkswagen Transporter T6 2016+ G\u00f6r din Volkswagen Transporter T6 2016+ mer imponerande och funktionell med v\u00e5rt skr\u00e4ddarsydda ledrampskit. Utrustat med 2 stycken h\u00f6gpresterande Triple-R 750 Elite, \u00e4r detta kit designat att uppgradera din bil med b\u00e4sta m\u00f6jliga belysning. Den enkla installationen medf\u00f6ljer allt du beh\u00f6ver f\u00f6r att f\u00e5 en robust [&hellip;]\" \/>\n<meta property=\"og:url\" content=\"https:\/\/xenonkungen.com\/dk\/vare\/laser-led-rampesaet-vw-t6-2016-startline-2x-triple-r750elite\/\" \/>\n<meta property=\"og:site_name\" content=\"Xenonkungen\" \/>\n<meta property=\"article:modified_time\" content=\"2026-04-24T16:27:48+00:00\" \/>\n<meta property=\"og:image\" content=\"https:\/\/xenonkungen.com\/wp-content\/uploads\/2025\/04\/159575_itemimage_mainfront.jpg\" \/>\n\t<meta property=\"og:image:width\" content=\"2048\" \/>\n\t<meta property=\"og:image:height\" content=\"1536\" \/>\n\t<meta property=\"og:image:type\" content=\"image\/jpeg\" \/>\n<meta name=\"twitter:card\" content=\"summary_large_image\" \/>\n<meta name=\"twitter:label1\" content=\"Estimeret l\u00e6setid\" \/>\n\t<meta name=\"twitter:data1\" content=\"1 minut\" \/>\n<script type=\"application\/ld+json\" class=\"yoast-schema-graph\">{\"@context\":\"https:\/\/schema.org\",\"@graph\":[{\"@type\":\"WebPage\",\"@id\":\"https:\/\/xenonkungen.com\/es\/producto\/kit-de-rampa-led-laser-para-vw-t6-2016-startline-2x-triple-r750elite\/\",\"url\":\"https:\/\/xenonkungen.com\/es\/producto\/kit-de-rampa-led-laser-para-vw-t6-2016-startline-2x-triple-r750elite\/\",\"name\":\"Lazer Ledrampskit VW T6 2016+ startline 2x Triple-R750Elite - Xenonkungen\",\"isPartOf\":{\"@id\":\"https:\/\/xenonkungen.com\/#website\"},\"primaryImageOfPage\":{\"@id\":\"https:\/\/xenonkungen.com\/es\/producto\/kit-de-rampa-led-laser-para-vw-t6-2016-startline-2x-triple-r750elite\/#primaryimage\"},\"image\":{\"@id\":\"https:\/\/xenonkungen.com\/es\/producto\/kit-de-rampa-led-laser-para-vw-t6-2016-startline-2x-triple-r750elite\/#primaryimage\"},\"thumbnailUrl\":\"https:\/\/xenonkungen.com\/wp-content\/uploads\/2025\/04\/159575_itemimage_mainfront.jpg\",\"datePublished\":\"2025-04-15T09:41:37+00:00\",\"dateModified\":\"2026-04-24T16:27:48+00:00\",\"breadcrumb\":{\"@id\":\"https:\/\/xenonkungen.com\/es\/producto\/kit-de-rampa-led-laser-para-vw-t6-2016-startline-2x-triple-r750elite\/#breadcrumb\"},\"inLanguage\":\"da-DK\",\"potentialAction\":[{\"@type\":\"ReadAction\",\"target\":[\"https:\/\/xenonkungen.com\/es\/producto\/kit-de-rampa-led-laser-para-vw-t6-2016-startline-2x-triple-r750elite\/\"]}]},{\"@type\":\"ImageObject\",\"inLanguage\":\"da-DK\",\"@id\":\"https:\/\/xenonkungen.com\/es\/producto\/kit-de-rampa-led-laser-para-vw-t6-2016-startline-2x-triple-r750elite\/#primaryimage\",\"url\":\"https:\/\/xenonkungen.com\/wp-content\/uploads\/2025\/04\/159575_itemimage_mainfront.jpg\",\"contentUrl\":\"https:\/\/xenonkungen.com\/wp-content\/uploads\/2025\/04\/159575_itemimage_mainfront.jpg\",\"width\":2048,\"height\":1536},{\"@type\":\"BreadcrumbList\",\"@id\":\"https:\/\/xenonkungen.com\/es\/producto\/kit-de-rampa-led-laser-para-vw-t6-2016-startline-2x-triple-r750elite\/#breadcrumb\",\"itemListElement\":[{\"@type\":\"ListItem\",\"position\":1,\"name\":\"Hem\",\"item\":\"https:\/\/xenonkungen.com\/\"},{\"@type\":\"ListItem\",\"position\":2,\"name\":\"Shop\",\"item\":\"https:\/\/xenonkungen.com\/shop\/\"},{\"@type\":\"ListItem\",\"position\":3,\"name\":\"Lazer Ledrampskit VW T6 2016+ startline 2x Triple-R750Elite\"}]},{\"@type\":\"WebSite\",\"@id\":\"https:\/\/xenonkungen.com\/#website\",\"url\":\"https:\/\/xenonkungen.com\/\",\"name\":\"Xenonkungen\",\"description\":\"\",\"potentialAction\":[{\"@type\":\"SearchAction\",\"target\":{\"@type\":\"EntryPoint\",\"urlTemplate\":\"https:\/\/xenonkungen.com\/?s={search_term_string}\"},\"query-input\":{\"@type\":\"PropertyValueSpecification\",\"valueRequired\":true,\"valueName\":\"search_term_string\"}}],\"inLanguage\":\"da-DK\"}]}<\/script>\n<!-- \/ Yoast SEO plugin. -->","yoast_head_json":{"title":"Lazer LED rampes\u00e6t VW T6 2016+ startlinje 2x Triple-R750Elite - Xenon-kongen","robots":{"index":"index","follow":"follow","max-snippet":"max-snippet:-1","max-image-preview":"max-image-preview:large","max-video-preview":"max-video-preview:-1"},"canonical":"https:\/\/xenonkungen.com\/dk\/vare\/laser-led-rampesaet-vw-t6-2016-startline-2x-triple-r750elite\/","og_locale":"da_DK","og_type":"article","og_title":"Lazer Ledrampskit VW T6 2016+ startline 2x Triple-R750Elite - Xenonkungen","og_description":"Optimerat Lazer Belysningskit f\u00f6r Din Volkswagen Transporter T6 2016+ G\u00f6r din Volkswagen Transporter T6 2016+ mer imponerande och funktionell med v\u00e5rt skr\u00e4ddarsydda ledrampskit. Utrustat med 2 stycken h\u00f6gpresterande Triple-R 750 Elite, \u00e4r detta kit designat att uppgradera din bil med b\u00e4sta m\u00f6jliga belysning. Den enkla installationen medf\u00f6ljer allt du beh\u00f6ver f\u00f6r att f\u00e5 en robust [&hellip;]","og_url":"https:\/\/xenonkungen.com\/dk\/vare\/laser-led-rampesaet-vw-t6-2016-startline-2x-triple-r750elite\/","og_site_name":"Xenonkungen","article_modified_time":"2026-04-24T16:27:48+00:00","og_image":[{"width":2048,"height":1536,"url":"https:\/\/xenonkungen.com\/wp-content\/uploads\/2025\/04\/159575_itemimage_mainfront.jpg","type":"image\/jpeg"}],"twitter_card":"summary_large_image","twitter_misc":{"Estimeret l\u00e6setid":"1 minut"},"schema":{"@context":"https:\/\/schema.org","@graph":[{"@type":"WebPage","@id":"https:\/\/xenonkungen.com\/es\/producto\/kit-de-rampa-led-laser-para-vw-t6-2016-startline-2x-triple-r750elite\/","url":"https:\/\/xenonkungen.com\/es\/producto\/kit-de-rampa-led-laser-para-vw-t6-2016-startline-2x-triple-r750elite\/","name":"Lazer LED rampes\u00e6t VW T6 2016+ startlinje 2x Triple-R750Elite - Xenon-kongen","isPartOf":{"@id":"https:\/\/xenonkungen.com\/#website"},"primaryImageOfPage":{"@id":"https:\/\/xenonkungen.com\/es\/producto\/kit-de-rampa-led-laser-para-vw-t6-2016-startline-2x-triple-r750elite\/#primaryimage"},"image":{"@id":"https:\/\/xenonkungen.com\/es\/producto\/kit-de-rampa-led-laser-para-vw-t6-2016-startline-2x-triple-r750elite\/#primaryimage"},"thumbnailUrl":"https:\/\/xenonkungen.com\/wp-content\/uploads\/2025\/04\/159575_itemimage_mainfront.jpg","datePublished":"2025-04-15T09:41:37+00:00","dateModified":"2026-04-24T16:27:48+00:00","breadcrumb":{"@id":"https:\/\/xenonkungen.com\/es\/producto\/kit-de-rampa-led-laser-para-vw-t6-2016-startline-2x-triple-r750elite\/#breadcrumb"},"inLanguage":"da-DK","potentialAction":[{"@type":"ReadAction","target":["https:\/\/xenonkungen.com\/es\/producto\/kit-de-rampa-led-laser-para-vw-t6-2016-startline-2x-triple-r750elite\/"]}]},{"@type":"ImageObject","inLanguage":"da-DK","@id":"https:\/\/xenonkungen.com\/es\/producto\/kit-de-rampa-led-laser-para-vw-t6-2016-startline-2x-triple-r750elite\/#primaryimage","url":"https:\/\/xenonkungen.com\/wp-content\/uploads\/2025\/04\/159575_itemimage_mainfront.jpg","contentUrl":"https:\/\/xenonkungen.com\/wp-content\/uploads\/2025\/04\/159575_itemimage_mainfront.jpg","width":2048,"height":1536},{"@type":"BreadcrumbList","@id":"https:\/\/xenonkungen.com\/es\/producto\/kit-de-rampa-led-laser-para-vw-t6-2016-startline-2x-triple-r750elite\/#breadcrumb","itemListElement":[{"@type":"ListItem","position":1,"name":"Hem","item":"https:\/\/xenonkungen.com\/"},{"@type":"ListItem","position":2,"name":"Shop","item":"https:\/\/xenonkungen.com\/shop\/"},{"@type":"ListItem","position":3,"name":"Lazer Ledrampskit VW T6 2016+ startline 2x Triple-R750Elite"}]},{"@type":"WebSite","@id":"https:\/\/xenonkungen.com\/#website","url":"https:\/\/xenonkungen.com\/","name":"Xenonkungen","description":"","potentialAction":[{"@type":"SearchAction","target":{"@type":"EntryPoint","urlTemplate":"https:\/\/xenonkungen.com\/?s={search_term_string}"},"query-input":{"@type":"PropertyValueSpecification","valueRequired":true,"valueName":"search_term_string"}}],"inLanguage":"da-DK"}]}},"taxonomy_info":{"product_brand":[{"value":1124,"label":"Lazer"}],"product_cat":[{"value":2539,"label":"LEDRAMPER"},{"value":2596,"label":"Paket"},{"value":1916,"label":"Ledrampspaket"}],"product_tag":[{"value":2735,"label":"Lazer"}],"pa_fargtemperatur":[{"value":154,"label":"5000K"}],"pa_godkannande":[{"value":1709,"label":"E-godk\u00e4nd, ECE, R112"}],"pa_led-chips-effekt-w":[{"value":1616,"label":"104"}],"pa_stromforbrukning":[{"value":1617,"label":"7,2A@14,4V"}],"pa_volt-v":[{"value":1084,"label":"Multivolt, 10, 12, 16, 18, 24, 28, 30, 32"}]},"featured_image_src_large":["https:\/\/xenonkungen.com\/wp-content\/uploads\/2025\/04\/159575_itemimage_mainfront-1024x768.jpg",1024,768,true],"author_info":[],"comment_info":0,"_links":{"self":[{"href":"https:\/\/xenonkungen.com\/dk\/wp-json\/wp\/v2\/product\/6116","targetHints":{"allow":["GET"]}}],"collection":[{"href":"https:\/\/xenonkungen.com\/dk\/wp-json\/wp\/v2\/product"}],"about":[{"href":"https:\/\/xenonkungen.com\/dk\/wp-json\/wp\/v2\/types\/product"}],"replies":[{"embeddable":true,"href":"https:\/\/xenonkungen.com\/dk\/wp-json\/wp\/v2\/comments?post=6116"}],"wp:featuredmedia":[{"embeddable":true,"href":"https:\/\/xenonkungen.com\/dk\/wp-json\/wp\/v2\/media\/6117"}],"wp:attachment":[{"href":"https:\/\/xenonkungen.com\/dk\/wp-json\/wp\/v2\/media?parent=6116"}],"wp:term":[{"taxonomy":"anvandningsomrade","embeddable":true,"href":"https:\/\/xenonkungen.com\/dk\/wp-json\/wp\/v2\/anvandningsomrade?post=6116"},{"taxonomy":"bilmarken","embeddable":true,"href":"https:\/\/xenonkungen.com\/dk\/wp-json\/wp\/v2\/bilmarken?post=6116"},{"taxonomy":"product_brand","embeddable":true,"href":"https:\/\/xenonkungen.com\/dk\/wp-json\/wp\/v2\/product_brand?post=6116"},{"taxonomy":"product_cat","embeddable":true,"href":"https:\/\/xenonkungen.com\/dk\/wp-json\/wp\/v2\/product_cat?post=6116"},{"taxonomy":"product_tag","embeddable":true,"href":"https:\/\/xenonkungen.com\/dk\/wp-json\/wp\/v2\/product_tag?post=6116"}],"curies":[{"name":"wp","href":"https:\/\/api.w.org\/{rel}","templated":true}]}}