{"id":6214,"date":"2025-04-15T09:44:00","date_gmt":"2025-04-15T09:44:00","guid":{"rendered":"https:\/\/xenonkungen.com\/product\/solskydd-for-volvo-fh-fm-4-5-fmx-for-lazer-linear-18-elite\/"},"modified":"2026-04-11T01:11:19","modified_gmt":"2026-04-11T00:11:19","slug":"solskaerm-til-volvo-fh-fm-4-5-fmx-til-lazer-linear-18-elite","status":"publish","type":"product","link":"https:\/\/xenonkungen.com\/dk\/vare\/solskaerm-til-volvo-fh-fm-4-5-fmx-til-lazer-linear-18-elite\/","title":{"rendered":"Solsk\u00e6rm til Volvo FH\/FM 4\/5 &amp; FMX til Lazer Linear 18 Elite"},"content":{"rendered":"<h1 class=\"\">Solsk\u00e6rm til Volvo FH\/FM 4\/5 &amp; FMX til Lazer Linear 18 Elite<\/h1>\n<p>Solsk\u00e6rm til Volvo FH\/FM og FMX i glasfiberforst\u00e6rket plast fra Truckstyle Sverige. Alle fastg\u00f8relser er de samme som til den originale solsk\u00e6rm. Dette g\u00e6lder ogs\u00e5 for fastg\u00f8relsen af den originale overdel til solsk\u00e6rmen, hvilket g\u00f8r installationen meget nem.<\/p>\n<p>Solsk\u00e6rmen forstyrrer ikke de funktioner, der er tilg\u00e6ngelige via kameraet, der er placeret \u00f8verst p\u00e5 forruden. Spejlforl\u00e6nger til frontspejlet medf\u00f8lger. Det anbefales at genbruge Volvo-isolering til solsk\u00e6rmen. Hvis der mangler isolering, kan du bestille nye hos din n\u00e6rmeste Volvo-forhandler under varenummer: 23379723<\/p>","protected":false},"excerpt":{"rendered":"<p>Solskydd f\u00f6r Volvo FH\/FM 4\/5 &amp; FMX f\u00f6r Lazer Linear 18 Elite Solskydd f\u00f6r Volvo FH\/FM och FMX i glasfiberarmerad plast fr\u00e5n Truckstyle Sweden. Alla inf\u00e4stningar \u00e4r samma som f\u00f6r originalsolskyddet. Det g\u00e4ller \u00e4ven original\u00f6verdelens inf\u00e4stning i solskyddet, vilket g\u00f6r att monteringen blir mycket enkel. Solskyddet st\u00f6r inte de funktioner som finns via kameran som [&hellip;]<\/p>","protected":false},"featured_media":6215,"comment_status":"closed","ping_status":"open","template":"","meta":{"_acf_changed":false,"_smort_price_nok":"7958","_smort_price_dkk":"5055","_smort_price_eur":"677.24","_smort_sale_price_nok":"","_smort_sale_price_dkk":"","_smort_sale_price_eur":"","smort_restorder":"","shipmondo_restorder":"","_kad_blocks_custom_css":"","_kad_blocks_head_custom_js":"","_kad_blocks_body_custom_js":"","_kad_blocks_footer_custom_js":"","smort_custom_pricelist_1":"4768","smort_custom_pricelist_2":"4768","smort_custom_pricelist_3":"4768","smort_custom_pricelist_4":"5960","smort_custom_pricelist_5":"4768"},"anvandningsomrade":[166,238,2816],"bilmarken":[],"product_brand":[2793],"product_cat":[2611],"product_tag":[2735],"class_list":{"0":"post-6214","1":"product","2":"type-product","3":"status-publish","4":"has-post-thumbnail","6":"anvandningsomrade-lastbil","7":"anvandningsomrade-slap","8":"anvandningsomrade-trailer","9":"product_brand-ovrigt","10":"product_cat-solskydd-frontlucka","11":"product_tag-lazer","13":"first","14":"onbackorder","15":"taxable","16":"shipping-taxable","17":"purchasable","18":"product-type-simple"},"bundled_by":[],"bundle_stock_status":"onbackorder","bundle_stock_quantity":0,"bundle_virtual":false,"bundle_layout":"","bundle_add_to_cart_form_location":"","bundle_editable_in_cart":false,"bundle_sold_individually_context":"","bundle_item_grouping":"","bundle_min_size":"","bundle_max_size":"","bundle_price":[],"bundled_items":[],"bundle_sell_ids":[],"acf":[],"yoast_head":"<!-- This site is optimized with the Yoast SEO plugin v27.0 - https:\/\/yoast.com\/product\/yoast-seo-wordpress\/ -->\n<title>Solskydd f\u00f6r Volvo FH\/FM 4\/5 &amp; FMX f\u00f6r Lazer Linear 18 Elite - Xenonkungen<\/title>\n<meta name=\"robots\" content=\"index, follow, max-snippet:-1, max-image-preview:large, max-video-preview:-1\" \/>\n<link rel=\"canonical\" href=\"https:\/\/xenonkungen.com\/dk\/vare\/solskaerm-til-volvo-fh-fm-4-5-fmx-til-lazer-linear-18-elite\/\" \/>\n<meta property=\"og:locale\" content=\"da_DK\" \/>\n<meta property=\"og:type\" content=\"article\" \/>\n<meta property=\"og:title\" content=\"Solskydd f\u00f6r Volvo FH\/FM 4\/5 &amp; FMX f\u00f6r Lazer Linear 18 Elite - Xenonkungen\" \/>\n<meta property=\"og:description\" content=\"Solskydd f\u00f6r Volvo FH\/FM 4\/5 &amp; FMX f\u00f6r Lazer Linear 18 Elite Solskydd f\u00f6r Volvo FH\/FM och FMX i glasfiberarmerad plast fr\u00e5n Truckstyle Sweden. Alla inf\u00e4stningar \u00e4r samma som f\u00f6r originalsolskyddet. Det g\u00e4ller \u00e4ven original\u00f6verdelens inf\u00e4stning i solskyddet, vilket g\u00f6r att monteringen blir mycket enkel. Solskyddet st\u00f6r inte de funktioner som finns via kameran som [&hellip;]\" \/>\n<meta property=\"og:url\" content=\"https:\/\/xenonkungen.com\/dk\/vare\/solskaerm-til-volvo-fh-fm-4-5-fmx-til-lazer-linear-18-elite\/\" \/>\n<meta property=\"og:site_name\" content=\"Xenonkungen\" \/>\n<meta property=\"article:modified_time\" content=\"2026-04-11T00:11:19+00:00\" \/>\n<meta property=\"og:image\" content=\"https:\/\/xenonkungen.com\/wp-content\/uploads\/2025\/04\/34-110001_itemimage_mainfront.jpg\" \/>\n\t<meta property=\"og:image:width\" content=\"2048\" \/>\n\t<meta property=\"og:image:height\" content=\"1536\" \/>\n\t<meta property=\"og:image:type\" content=\"image\/jpeg\" \/>\n<meta name=\"twitter:card\" content=\"summary_large_image\" \/>\n<meta name=\"twitter:label1\" content=\"Estimeret l\u00e6setid\" \/>\n\t<meta name=\"twitter:data1\" content=\"1 minut\" \/>\n<script type=\"application\/ld+json\" class=\"yoast-schema-graph\">{\"@context\":\"https:\/\/schema.org\",\"@graph\":[{\"@type\":\"WebPage\",\"@id\":\"https:\/\/xenonkungen.com\/fi\/tuote\/aurinkoverho-volvo-fh-fm-4-5-fmxaan-lazer-linear-18-elite-malliin\/\",\"url\":\"https:\/\/xenonkungen.com\/fi\/tuote\/aurinkoverho-volvo-fh-fm-4-5-fmxaan-lazer-linear-18-elite-malliin\/\",\"name\":\"Solskydd f\u00f6r Volvo FH\/FM 4\/5 & FMX f\u00f6r Lazer Linear 18 Elite - Xenonkungen\",\"isPartOf\":{\"@id\":\"https:\/\/xenonkungen.com\/#website\"},\"primaryImageOfPage\":{\"@id\":\"https:\/\/xenonkungen.com\/fi\/tuote\/aurinkoverho-volvo-fh-fm-4-5-fmxaan-lazer-linear-18-elite-malliin\/#primaryimage\"},\"image\":{\"@id\":\"https:\/\/xenonkungen.com\/fi\/tuote\/aurinkoverho-volvo-fh-fm-4-5-fmxaan-lazer-linear-18-elite-malliin\/#primaryimage\"},\"thumbnailUrl\":\"https:\/\/xenonkungen.com\/wp-content\/uploads\/2025\/04\/34-110001_itemimage_mainfront.jpg\",\"datePublished\":\"2025-04-15T09:44:00+00:00\",\"dateModified\":\"2026-04-11T00:11:19+00:00\",\"breadcrumb\":{\"@id\":\"https:\/\/xenonkungen.com\/fi\/tuote\/aurinkoverho-volvo-fh-fm-4-5-fmxaan-lazer-linear-18-elite-malliin\/#breadcrumb\"},\"inLanguage\":\"da-DK\",\"potentialAction\":[{\"@type\":\"ReadAction\",\"target\":[\"https:\/\/xenonkungen.com\/fi\/tuote\/aurinkoverho-volvo-fh-fm-4-5-fmxaan-lazer-linear-18-elite-malliin\/\"]}]},{\"@type\":\"ImageObject\",\"inLanguage\":\"da-DK\",\"@id\":\"https:\/\/xenonkungen.com\/fi\/tuote\/aurinkoverho-volvo-fh-fm-4-5-fmxaan-lazer-linear-18-elite-malliin\/#primaryimage\",\"url\":\"https:\/\/xenonkungen.com\/wp-content\/uploads\/2025\/04\/34-110001_itemimage_mainfront.jpg\",\"contentUrl\":\"https:\/\/xenonkungen.com\/wp-content\/uploads\/2025\/04\/34-110001_itemimage_mainfront.jpg\",\"width\":2048,\"height\":1536},{\"@type\":\"BreadcrumbList\",\"@id\":\"https:\/\/xenonkungen.com\/fi\/tuote\/aurinkoverho-volvo-fh-fm-4-5-fmxaan-lazer-linear-18-elite-malliin\/#breadcrumb\",\"itemListElement\":[{\"@type\":\"ListItem\",\"position\":1,\"name\":\"Hem\",\"item\":\"https:\/\/xenonkungen.com\/\"},{\"@type\":\"ListItem\",\"position\":2,\"name\":\"Shop\",\"item\":\"https:\/\/xenonkungen.com\/shop\/\"},{\"@type\":\"ListItem\",\"position\":3,\"name\":\"Solskydd f\u00f6r Volvo FH\/FM 4\/5 &#038; FMX f\u00f6r Lazer Linear 18 Elite\"}]},{\"@type\":\"WebSite\",\"@id\":\"https:\/\/xenonkungen.com\/#website\",\"url\":\"https:\/\/xenonkungen.com\/\",\"name\":\"Xenonkungen\",\"description\":\"\",\"potentialAction\":[{\"@type\":\"SearchAction\",\"target\":{\"@type\":\"EntryPoint\",\"urlTemplate\":\"https:\/\/xenonkungen.com\/?s={search_term_string}\"},\"query-input\":{\"@type\":\"PropertyValueSpecification\",\"valueRequired\":true,\"valueName\":\"search_term_string\"}}],\"inLanguage\":\"da-DK\"}]}<\/script>\n<!-- \/ Yoast SEO plugin. -->","yoast_head_json":{"title":"Solsk\u00e6rm til Volvo FH\/FM 4\/5 &amp; FMX til Lazer Linear 18 Elite - Xenonkungen","robots":{"index":"index","follow":"follow","max-snippet":"max-snippet:-1","max-image-preview":"max-image-preview:large","max-video-preview":"max-video-preview:-1"},"canonical":"https:\/\/xenonkungen.com\/dk\/vare\/solskaerm-til-volvo-fh-fm-4-5-fmx-til-lazer-linear-18-elite\/","og_locale":"da_DK","og_type":"article","og_title":"Solskydd f\u00f6r Volvo FH\/FM 4\/5 & FMX f\u00f6r Lazer Linear 18 Elite - Xenonkungen","og_description":"Solskydd f\u00f6r Volvo FH\/FM 4\/5 &amp; FMX f\u00f6r Lazer Linear 18 Elite Solskydd f\u00f6r Volvo FH\/FM och FMX i glasfiberarmerad plast fr\u00e5n Truckstyle Sweden. Alla inf\u00e4stningar \u00e4r samma som f\u00f6r originalsolskyddet. Det g\u00e4ller \u00e4ven original\u00f6verdelens inf\u00e4stning i solskyddet, vilket g\u00f6r att monteringen blir mycket enkel. Solskyddet st\u00f6r inte de funktioner som finns via kameran som [&hellip;]","og_url":"https:\/\/xenonkungen.com\/dk\/vare\/solskaerm-til-volvo-fh-fm-4-5-fmx-til-lazer-linear-18-elite\/","og_site_name":"Xenonkungen","article_modified_time":"2026-04-11T00:11:19+00:00","og_image":[{"width":2048,"height":1536,"url":"https:\/\/xenonkungen.com\/wp-content\/uploads\/2025\/04\/34-110001_itemimage_mainfront.jpg","type":"image\/jpeg"}],"twitter_card":"summary_large_image","twitter_misc":{"Estimeret l\u00e6setid":"1 minut"},"schema":{"@context":"https:\/\/schema.org","@graph":[{"@type":"WebPage","@id":"https:\/\/xenonkungen.com\/fi\/tuote\/aurinkoverho-volvo-fh-fm-4-5-fmxaan-lazer-linear-18-elite-malliin\/","url":"https:\/\/xenonkungen.com\/fi\/tuote\/aurinkoverho-volvo-fh-fm-4-5-fmxaan-lazer-linear-18-elite-malliin\/","name":"Solsk\u00e6rm til Volvo FH\/FM 4\/5 &amp; FMX til Lazer Linear 18 Elite - Xenonkungen","isPartOf":{"@id":"https:\/\/xenonkungen.com\/#website"},"primaryImageOfPage":{"@id":"https:\/\/xenonkungen.com\/fi\/tuote\/aurinkoverho-volvo-fh-fm-4-5-fmxaan-lazer-linear-18-elite-malliin\/#primaryimage"},"image":{"@id":"https:\/\/xenonkungen.com\/fi\/tuote\/aurinkoverho-volvo-fh-fm-4-5-fmxaan-lazer-linear-18-elite-malliin\/#primaryimage"},"thumbnailUrl":"https:\/\/xenonkungen.com\/wp-content\/uploads\/2025\/04\/34-110001_itemimage_mainfront.jpg","datePublished":"2025-04-15T09:44:00+00:00","dateModified":"2026-04-11T00:11:19+00:00","breadcrumb":{"@id":"https:\/\/xenonkungen.com\/fi\/tuote\/aurinkoverho-volvo-fh-fm-4-5-fmxaan-lazer-linear-18-elite-malliin\/#breadcrumb"},"inLanguage":"da-DK","potentialAction":[{"@type":"ReadAction","target":["https:\/\/xenonkungen.com\/fi\/tuote\/aurinkoverho-volvo-fh-fm-4-5-fmxaan-lazer-linear-18-elite-malliin\/"]}]},{"@type":"ImageObject","inLanguage":"da-DK","@id":"https:\/\/xenonkungen.com\/fi\/tuote\/aurinkoverho-volvo-fh-fm-4-5-fmxaan-lazer-linear-18-elite-malliin\/#primaryimage","url":"https:\/\/xenonkungen.com\/wp-content\/uploads\/2025\/04\/34-110001_itemimage_mainfront.jpg","contentUrl":"https:\/\/xenonkungen.com\/wp-content\/uploads\/2025\/04\/34-110001_itemimage_mainfront.jpg","width":2048,"height":1536},{"@type":"BreadcrumbList","@id":"https:\/\/xenonkungen.com\/fi\/tuote\/aurinkoverho-volvo-fh-fm-4-5-fmxaan-lazer-linear-18-elite-malliin\/#breadcrumb","itemListElement":[{"@type":"ListItem","position":1,"name":"Hem","item":"https:\/\/xenonkungen.com\/"},{"@type":"ListItem","position":2,"name":"Shop","item":"https:\/\/xenonkungen.com\/shop\/"},{"@type":"ListItem","position":3,"name":"Solskydd f\u00f6r Volvo FH\/FM 4\/5 &#038; FMX f\u00f6r Lazer Linear 18 Elite"}]},{"@type":"WebSite","@id":"https:\/\/xenonkungen.com\/#website","url":"https:\/\/xenonkungen.com\/","name":"Xenonkungen","description":"","potentialAction":[{"@type":"SearchAction","target":{"@type":"EntryPoint","urlTemplate":"https:\/\/xenonkungen.com\/?s={search_term_string}"},"query-input":{"@type":"PropertyValueSpecification","valueRequired":true,"valueName":"search_term_string"}}],"inLanguage":"da-DK"}]}},"taxonomy_info":{"anvandningsomrade":[{"value":166,"label":"Lastbil"},{"value":238,"label":"SL\u00c4P"},{"value":2816,"label":"TRAILER"}],"product_brand":[{"value":2793,"label":"\u00d6VRIGT"}],"product_cat":[{"value":2611,"label":"Solskydd \/ Frontlucka"}],"product_tag":[{"value":2735,"label":"Lazer"}]},"featured_image_src_large":["https:\/\/xenonkungen.com\/wp-content\/uploads\/2025\/04\/34-110001_itemimage_mainfront-1024x768.jpg",1024,768,true],"author_info":[],"comment_info":0,"_links":{"self":[{"href":"https:\/\/xenonkungen.com\/dk\/wp-json\/wp\/v2\/product\/6214","targetHints":{"allow":["GET"]}}],"collection":[{"href":"https:\/\/xenonkungen.com\/dk\/wp-json\/wp\/v2\/product"}],"about":[{"href":"https:\/\/xenonkungen.com\/dk\/wp-json\/wp\/v2\/types\/product"}],"replies":[{"embeddable":true,"href":"https:\/\/xenonkungen.com\/dk\/wp-json\/wp\/v2\/comments?post=6214"}],"wp:featuredmedia":[{"embeddable":true,"href":"https:\/\/xenonkungen.com\/dk\/wp-json\/wp\/v2\/media\/6215"}],"wp:attachment":[{"href":"https:\/\/xenonkungen.com\/dk\/wp-json\/wp\/v2\/media?parent=6214"}],"wp:term":[{"taxonomy":"anvandningsomrade","embeddable":true,"href":"https:\/\/xenonkungen.com\/dk\/wp-json\/wp\/v2\/anvandningsomrade?post=6214"},{"taxonomy":"bilmarken","embeddable":true,"href":"https:\/\/xenonkungen.com\/dk\/wp-json\/wp\/v2\/bilmarken?post=6214"},{"taxonomy":"product_brand","embeddable":true,"href":"https:\/\/xenonkungen.com\/dk\/wp-json\/wp\/v2\/product_brand?post=6214"},{"taxonomy":"product_cat","embeddable":true,"href":"https:\/\/xenonkungen.com\/dk\/wp-json\/wp\/v2\/product_cat?post=6214"},{"taxonomy":"product_tag","embeddable":true,"href":"https:\/\/xenonkungen.com\/dk\/wp-json\/wp\/v2\/product_tag?post=6214"}],"curies":[{"name":"wp","href":"https:\/\/api.w.org\/{rel}","templated":true}]}}