{"id":6232,"date":"2025-04-15T09:44:00","date_gmt":"2025-04-15T09:44:00","guid":{"rendered":"https:\/\/xenonkungen.com\/product\/lazer-st6-evolution-extraljusramp-11-284-mm\/"},"modified":"2026-04-24T17:28:34","modified_gmt":"2026-04-24T16:28:34","slug":"lazer-st6-evolution-ekstra-let-rampe-11-284-mm","status":"publish","type":"product","link":"https:\/\/xenonkungen.com\/dk\/vare\/lazer-st6-evolution-ekstra-let-rampe-11-284-mm\/","title":{"rendered":"Lazer ST6 Evolution ekstra let rampe 11\u2033 (284 mm)"},"content":{"rendered":"<h1>ST Evolution-serien \u2013 Perfekte LED-bj\u00e6lker til alle k\u00f8ret\u00f8jer<\/h1>\n<p>Oplev Lazers ST Evolution-serie - en serie LED-lygter, der blev lanceret i 2010 og l\u00f8bende er blevet udviklet og opdateret siden da. Med deres lavprofildesign, robuste konstruktion og den nyeste belysningsteknologi er disse lygter optimeret til at opfylde behovene hos forskellige k\u00f8ret\u00f8jer og anvendelser.<\/p>\n<h2>Overlegen lysydelse og spredning<\/h2>\n<p>Hver bom i ST Evolution-serien er udstyret med h\u00f8jtydende 11W LED-lamper, der giver enest\u00e5ende lysydelse og optimal lysfordeling, hvor der er mest brug for det. Det avancerede elektroniske design og effektive vakuummetalliserede reflektorer skaber et bredt lysm\u00f8nster, der er perfekt til landbrugs- og terr\u00e6ng\u00e5ende applikationer, hvor lavere k\u00f8rehastigheder er almindelige.<\/p>\n<p>Ramperne er udstyret med et effektivt varmestyringssystem for at undg\u00e5 overophedning og har &quot;uknuselige&quot; polycarbonatlinser med en h\u00e5rd lakeret finish for at reducere risikoen for ophobning af sne og snavs.<\/p>\n<h2>Stort udvalg af l\u00e6ngder<\/h2>\n<p>ST Evolution-serien f\u00e5s i otte forskellige l\u00e6ngder mellem 124 og 1164 mm, med en h\u00f8jde p\u00e5 68 mm og en dybde p\u00e5 64 mm. Dette brede udvalg af l\u00e6ngder betyder, at du kan finde en rampe, der passer perfekt til dit k\u00f8ret\u00f8j. Hvorfor ikke pr\u00f8ve en kombination af flere l\u00e6ngder for at skabe en unik belysningskonfiguration?<\/p>\n<p>Med Lazers ST Evolution-serie f\u00e5r du p\u00e5lidelige og kraftfulde LED-lygter, der er perfekte til en r\u00e6kke forskellige k\u00f8ret\u00f8jer og anvendelser. Med en fem \u00e5rs funktionsgaranti kan du stole p\u00e5, at disse lygter leverer imponerende belysning og holder l\u00e6nge.<\/p>\n<p>Bestil din ST Evolution-rampe i dag, og tag din belysning til et nyt niveau af ydeevne og p\u00e5lidelighed!<\/p>","protected":false},"excerpt":{"rendered":"<p>ST Evolution-serien &#8211; Perfekta LED-rampar f\u00f6r alla fordon Uppt\u00e4ck Lazer&#8217;s ST Evolution-serien &#8211; en serie LED-rampar som lanserades 2010 och sedan dess har genomg\u00e5tt kontinuerlig utveckling och uppdateringar. Med sin l\u00e5gprofilsdesign, robusta konstruktion och den senaste ljusstekniken \u00e4r dessa rampar optimerade f\u00f6r att m\u00f6ta behoven hos olika fordon och anv\u00e4ndningsomr\u00e5den. \u00d6verl\u00e4gsen ljusprestanda och spridning Varje [&hellip;]<\/p>","protected":false},"featured_media":6233,"comment_status":"closed","ping_status":"open","template":"","meta":{"_acf_changed":false,"_smort_price_nok":"5287","_smort_price_dkk":"3359","_smort_price_eur":"449.98","_smort_sale_price_nok":"","_smort_sale_price_dkk":"","_smort_sale_price_eur":"","smort_restorder":"","shipmondo_restorder":"","_kad_blocks_custom_css":"","_kad_blocks_head_custom_js":"","_kad_blocks_body_custom_js":"","_kad_blocks_footer_custom_js":"","smort_custom_pricelist_1":"3168","smort_custom_pricelist_2":"3168","smort_custom_pricelist_3":"3168","smort_custom_pricelist_4":"3960","smort_custom_pricelist_5":"3168"},"anvandningsomrade":[],"bilmarken":[],"product_brand":[1124],"product_cat":[2561,2966,2539,2168],"product_tag":[2735],"class_list":{"0":"post-6232","1":"product","2":"type-product","3":"status-publish","4":"has-post-thumbnail","6":"product_brand-lazer","7":"product_cat-lazer","8":"product_cat-ledramp-rak","9":"product_cat-ledramper","10":"product_cat-lazer-evolution","11":"product_tag-lazer","12":"pa_fargtemperatur-5000k","13":"pa_fuktskydd-varde-ipxx-ip68","14":"pa_godkannande-e-godkand-ece-r112","15":"pa_lampsockel-kontakt-superseal","16":"pa_led-chips-effekt-w-1733","17":"pa_ljusbild-driving","18":"pa_storlek-mm-284x68x64","19":"pa_stromforbrukning-49a144v","20":"pa_volt-v-multivolt-10-12-16-18-24-28-30-32","22":"first","23":"onbackorder","24":"taxable","25":"shipping-taxable","26":"purchasable","27":"product-type-simple"},"bundled_by":[],"bundle_stock_status":"onbackorder","bundle_stock_quantity":0,"bundle_virtual":false,"bundle_layout":"","bundle_add_to_cart_form_location":"","bundle_editable_in_cart":false,"bundle_sold_individually_context":"","bundle_item_grouping":"","bundle_min_size":"","bundle_max_size":"","bundle_price":[],"bundled_items":[],"bundle_sell_ids":[],"acf":[],"yoast_head":"<!-- This site is optimized with the Yoast SEO plugin v27.0 - https:\/\/yoast.com\/product\/yoast-seo-wordpress\/ -->\n<title>Lazer ST6 Evolution extraljusramp 11&quot; (284 mm) - Xenonkungen<\/title>\n<meta name=\"robots\" content=\"index, follow, max-snippet:-1, max-image-preview:large, max-video-preview:-1\" \/>\n<link rel=\"canonical\" href=\"http:\/\/xenonkungen.com\/dk\/vare\/lazer-st6-evolution-ekstra-let-rampe-11-284-mm\/\" \/>\n<meta property=\"og:locale\" content=\"da_DK\" \/>\n<meta property=\"og:type\" content=\"article\" \/>\n<meta property=\"og:title\" content=\"Lazer ST6 Evolution extraljusramp 11&quot; (284 mm) - Xenonkungen\" \/>\n<meta property=\"og:description\" content=\"ST Evolution-serien &#8211; Perfekta LED-rampar f\u00f6r alla fordon Uppt\u00e4ck Lazer&#8217;s ST Evolution-serien &#8211; en serie LED-rampar som lanserades 2010 och sedan dess har genomg\u00e5tt kontinuerlig utveckling och uppdateringar. Med sin l\u00e5gprofilsdesign, robusta konstruktion och den senaste ljusstekniken \u00e4r dessa rampar optimerade f\u00f6r att m\u00f6ta behoven hos olika fordon och anv\u00e4ndningsomr\u00e5den. \u00d6verl\u00e4gsen ljusprestanda och spridning Varje [&hellip;]\" \/>\n<meta property=\"og:url\" content=\"http:\/\/xenonkungen.com\/dk\/vare\/lazer-st6-evolution-ekstra-let-rampe-11-284-mm\/\" \/>\n<meta property=\"og:site_name\" content=\"Xenonkungen\" \/>\n<meta property=\"article:modified_time\" content=\"2026-04-24T16:28:34+00:00\" \/>\n<meta property=\"og:image\" content=\"https:\/\/xenonkungen.com\/wp-content\/uploads\/2025\/04\/st6-angled_1000x750.jpg\" \/>\n\t<meta property=\"og:image:width\" content=\"1000\" \/>\n\t<meta property=\"og:image:height\" content=\"750\" \/>\n\t<meta property=\"og:image:type\" content=\"image\/jpeg\" \/>\n<meta name=\"twitter:card\" content=\"summary_large_image\" \/>\n<meta name=\"twitter:label1\" content=\"Estimeret l\u00e6setid\" \/>\n\t<meta name=\"twitter:data1\" content=\"1 minut\" \/>\n<script type=\"application\/ld+json\" class=\"yoast-schema-graph\">{\"@context\":\"https:\/\/schema.org\",\"@graph\":[{\"@type\":\"WebPage\",\"@id\":\"http:\/\/xenonkungen.com\/no\/produkt\/lazer-st6-evolution-ekstra-lett-rampe-11-284-mm\/\",\"url\":\"http:\/\/xenonkungen.com\/no\/produkt\/lazer-st6-evolution-ekstra-lett-rampe-11-284-mm\/\",\"name\":\"Lazer ST6 Evolution extraljusramp 11\\\" (284 mm) - Xenonkungen\",\"isPartOf\":{\"@id\":\"https:\/\/xenonkungen.com\/#website\"},\"primaryImageOfPage\":{\"@id\":\"http:\/\/xenonkungen.com\/no\/produkt\/lazer-st6-evolution-ekstra-lett-rampe-11-284-mm\/#primaryimage\"},\"image\":{\"@id\":\"http:\/\/xenonkungen.com\/no\/produkt\/lazer-st6-evolution-ekstra-lett-rampe-11-284-mm\/#primaryimage\"},\"thumbnailUrl\":\"https:\/\/xenonkungen.com\/wp-content\/uploads\/2025\/04\/st6-angled_1000x750.jpg\",\"datePublished\":\"2025-04-15T09:44:00+00:00\",\"dateModified\":\"2026-04-24T16:28:34+00:00\",\"breadcrumb\":{\"@id\":\"http:\/\/xenonkungen.com\/no\/produkt\/lazer-st6-evolution-ekstra-lett-rampe-11-284-mm\/#breadcrumb\"},\"inLanguage\":\"da-DK\",\"potentialAction\":[{\"@type\":\"ReadAction\",\"target\":[\"http:\/\/xenonkungen.com\/no\/produkt\/lazer-st6-evolution-ekstra-lett-rampe-11-284-mm\/\"]}]},{\"@type\":\"ImageObject\",\"inLanguage\":\"da-DK\",\"@id\":\"http:\/\/xenonkungen.com\/no\/produkt\/lazer-st6-evolution-ekstra-lett-rampe-11-284-mm\/#primaryimage\",\"url\":\"https:\/\/xenonkungen.com\/wp-content\/uploads\/2025\/04\/st6-angled_1000x750.jpg\",\"contentUrl\":\"https:\/\/xenonkungen.com\/wp-content\/uploads\/2025\/04\/st6-angled_1000x750.jpg\",\"width\":1000,\"height\":750},{\"@type\":\"BreadcrumbList\",\"@id\":\"http:\/\/xenonkungen.com\/no\/produkt\/lazer-st6-evolution-ekstra-lett-rampe-11-284-mm\/#breadcrumb\",\"itemListElement\":[{\"@type\":\"ListItem\",\"position\":1,\"name\":\"Hem\",\"item\":\"https:\/\/xenonkungen.com\/\"},{\"@type\":\"ListItem\",\"position\":2,\"name\":\"Shop\",\"item\":\"https:\/\/xenonkungen.com\/shop\/\"},{\"@type\":\"ListItem\",\"position\":3,\"name\":\"Lazer ST6 Evolution extraljusramp 11&#8243; (284 mm)\"}]},{\"@type\":\"WebSite\",\"@id\":\"https:\/\/xenonkungen.com\/#website\",\"url\":\"https:\/\/xenonkungen.com\/\",\"name\":\"Xenonkungen\",\"description\":\"\",\"potentialAction\":[{\"@type\":\"SearchAction\",\"target\":{\"@type\":\"EntryPoint\",\"urlTemplate\":\"https:\/\/xenonkungen.com\/?s={search_term_string}\"},\"query-input\":{\"@type\":\"PropertyValueSpecification\",\"valueRequired\":true,\"valueName\":\"search_term_string\"}}],\"inLanguage\":\"da-DK\"}]}<\/script>\n<!-- \/ Yoast SEO plugin. -->","yoast_head_json":{"title":"Lazer ST6 Evolution ekstra lysbj\u00e6lke 11&quot; (284 mm) - Xenon-kongen","robots":{"index":"index","follow":"follow","max-snippet":"max-snippet:-1","max-image-preview":"max-image-preview:large","max-video-preview":"max-video-preview:-1"},"canonical":"http:\/\/xenonkungen.com\/dk\/vare\/lazer-st6-evolution-ekstra-let-rampe-11-284-mm\/","og_locale":"da_DK","og_type":"article","og_title":"Lazer ST6 Evolution extraljusramp 11\" (284 mm) - Xenonkungen","og_description":"ST Evolution-serien &#8211; Perfekta LED-rampar f\u00f6r alla fordon Uppt\u00e4ck Lazer&#8217;s ST Evolution-serien &#8211; en serie LED-rampar som lanserades 2010 och sedan dess har genomg\u00e5tt kontinuerlig utveckling och uppdateringar. Med sin l\u00e5gprofilsdesign, robusta konstruktion och den senaste ljusstekniken \u00e4r dessa rampar optimerade f\u00f6r att m\u00f6ta behoven hos olika fordon och anv\u00e4ndningsomr\u00e5den. \u00d6verl\u00e4gsen ljusprestanda och spridning Varje [&hellip;]","og_url":"http:\/\/xenonkungen.com\/dk\/vare\/lazer-st6-evolution-ekstra-let-rampe-11-284-mm\/","og_site_name":"Xenonkungen","article_modified_time":"2026-04-24T16:28:34+00:00","og_image":[{"width":1000,"height":750,"url":"https:\/\/xenonkungen.com\/wp-content\/uploads\/2025\/04\/st6-angled_1000x750.jpg","type":"image\/jpeg"}],"twitter_card":"summary_large_image","twitter_misc":{"Estimeret l\u00e6setid":"1 minut"},"schema":{"@context":"https:\/\/schema.org","@graph":[{"@type":"WebPage","@id":"http:\/\/xenonkungen.com\/no\/produkt\/lazer-st6-evolution-ekstra-lett-rampe-11-284-mm\/","url":"http:\/\/xenonkungen.com\/no\/produkt\/lazer-st6-evolution-ekstra-lett-rampe-11-284-mm\/","name":"Lazer ST6 Evolution ekstra lysbj\u00e6lke 11&quot; (284 mm) - Xenon-kongen","isPartOf":{"@id":"https:\/\/xenonkungen.com\/#website"},"primaryImageOfPage":{"@id":"http:\/\/xenonkungen.com\/no\/produkt\/lazer-st6-evolution-ekstra-lett-rampe-11-284-mm\/#primaryimage"},"image":{"@id":"http:\/\/xenonkungen.com\/no\/produkt\/lazer-st6-evolution-ekstra-lett-rampe-11-284-mm\/#primaryimage"},"thumbnailUrl":"https:\/\/xenonkungen.com\/wp-content\/uploads\/2025\/04\/st6-angled_1000x750.jpg","datePublished":"2025-04-15T09:44:00+00:00","dateModified":"2026-04-24T16:28:34+00:00","breadcrumb":{"@id":"http:\/\/xenonkungen.com\/no\/produkt\/lazer-st6-evolution-ekstra-lett-rampe-11-284-mm\/#breadcrumb"},"inLanguage":"da-DK","potentialAction":[{"@type":"ReadAction","target":["http:\/\/xenonkungen.com\/no\/produkt\/lazer-st6-evolution-ekstra-lett-rampe-11-284-mm\/"]}]},{"@type":"ImageObject","inLanguage":"da-DK","@id":"http:\/\/xenonkungen.com\/no\/produkt\/lazer-st6-evolution-ekstra-lett-rampe-11-284-mm\/#primaryimage","url":"https:\/\/xenonkungen.com\/wp-content\/uploads\/2025\/04\/st6-angled_1000x750.jpg","contentUrl":"https:\/\/xenonkungen.com\/wp-content\/uploads\/2025\/04\/st6-angled_1000x750.jpg","width":1000,"height":750},{"@type":"BreadcrumbList","@id":"http:\/\/xenonkungen.com\/no\/produkt\/lazer-st6-evolution-ekstra-lett-rampe-11-284-mm\/#breadcrumb","itemListElement":[{"@type":"ListItem","position":1,"name":"Hem","item":"https:\/\/xenonkungen.com\/"},{"@type":"ListItem","position":2,"name":"Shop","item":"https:\/\/xenonkungen.com\/shop\/"},{"@type":"ListItem","position":3,"name":"Lazer ST6 Evolution extraljusramp 11&#8243; (284 mm)"}]},{"@type":"WebSite","@id":"https:\/\/xenonkungen.com\/#website","url":"https:\/\/xenonkungen.com\/","name":"Xenonkungen","description":"","potentialAction":[{"@type":"SearchAction","target":{"@type":"EntryPoint","urlTemplate":"https:\/\/xenonkungen.com\/?s={search_term_string}"},"query-input":{"@type":"PropertyValueSpecification","valueRequired":true,"valueName":"search_term_string"}}],"inLanguage":"da-DK"}]}},"taxonomy_info":{"product_brand":[{"value":1124,"label":"Lazer"}],"product_cat":[{"value":2561,"label":"Lazer"},{"value":2966,"label":"Ledramp Rak"},{"value":2539,"label":"LEDRAMPER"},{"value":2168,"label":"LAZER EVOLUTION"}],"product_tag":[{"value":2735,"label":"Lazer"}],"pa_fargtemperatur":[{"value":154,"label":"5000K"}],"pa_fuktskydd-varde-ipxx":[{"value":177,"label":"IP68"}],"pa_godkannande":[{"value":1709,"label":"E-godk\u00e4nd, ECE, R112"}],"pa_lampsockel-kontakt":[{"value":1122,"label":"Superseal"}],"pa_led-chips-effekt-w":[{"value":1733,"label":"70"}],"pa_ljusbild":[{"value":178,"label":"Driving"}],"pa_storlek-mm":[{"value":1732,"label":"284x68x64"}],"pa_stromforbrukning":[{"value":1734,"label":"4,9A@14,4V"}],"pa_volt-v":[{"value":1084,"label":"Multivolt, 10, 12, 16, 18, 24, 28, 30, 32"}]},"featured_image_src_large":["https:\/\/xenonkungen.com\/wp-content\/uploads\/2025\/04\/st6-angled_1000x750.jpg",1000,750,false],"author_info":[],"comment_info":0,"_links":{"self":[{"href":"https:\/\/xenonkungen.com\/dk\/wp-json\/wp\/v2\/product\/6232","targetHints":{"allow":["GET"]}}],"collection":[{"href":"https:\/\/xenonkungen.com\/dk\/wp-json\/wp\/v2\/product"}],"about":[{"href":"https:\/\/xenonkungen.com\/dk\/wp-json\/wp\/v2\/types\/product"}],"replies":[{"embeddable":true,"href":"https:\/\/xenonkungen.com\/dk\/wp-json\/wp\/v2\/comments?post=6232"}],"wp:featuredmedia":[{"embeddable":true,"href":"https:\/\/xenonkungen.com\/dk\/wp-json\/wp\/v2\/media\/6233"}],"wp:attachment":[{"href":"https:\/\/xenonkungen.com\/dk\/wp-json\/wp\/v2\/media?parent=6232"}],"wp:term":[{"taxonomy":"anvandningsomrade","embeddable":true,"href":"https:\/\/xenonkungen.com\/dk\/wp-json\/wp\/v2\/anvandningsomrade?post=6232"},{"taxonomy":"bilmarken","embeddable":true,"href":"https:\/\/xenonkungen.com\/dk\/wp-json\/wp\/v2\/bilmarken?post=6232"},{"taxonomy":"product_brand","embeddable":true,"href":"https:\/\/xenonkungen.com\/dk\/wp-json\/wp\/v2\/product_brand?post=6232"},{"taxonomy":"product_cat","embeddable":true,"href":"https:\/\/xenonkungen.com\/dk\/wp-json\/wp\/v2\/product_cat?post=6232"},{"taxonomy":"product_tag","embeddable":true,"href":"https:\/\/xenonkungen.com\/dk\/wp-json\/wp\/v2\/product_tag?post=6232"}],"curies":[{"name":"wp","href":"https:\/\/api.w.org\/{rel}","templated":true}]}}