{"id":6239,"date":"2025-04-15T09:44:21","date_gmt":"2025-04-15T09:44:21","guid":{"rendered":"https:\/\/xenonkungen.com\/product\/lazer-st8-evolution-extraljusramp-14-364-mm\/"},"modified":"2026-04-24T17:28:35","modified_gmt":"2026-04-24T16:28:35","slug":"lazer-st8-evolution-ekstra-let-rampe-14-364-mm","status":"publish","type":"product","link":"https:\/\/xenonkungen.com\/dk\/vare\/lazer-st8-evolution-ekstra-let-rampe-14-364-mm\/","title":{"rendered":"Lazer ST8 Evolution ekstra let rampe 14\u2033 (364 mm)"},"content":{"rendered":"<h1>ST Evolution-serien fra Lazer: Forbedret design og overlegen belysningsteknologi<\/h1>\n<p>Lazer introducerer ST Evolution-serien, en avanceret LED-rampeserie, der er udviklet til at forbedre belysningen p\u00e5 dit k\u00f8ret\u00f8j. Serien blev oprindeligt lanceret i 2010 og er l\u00f8bende blevet opdateret med et mere lavprofileret og s\u00f8ml\u00f8st design, \u00f8get vejrbestandighed, nemmere installation og den nyeste belysningsteknologi.<\/p>\n<h2>H\u00f8jtydende LED-lamper for enest\u00e5ende lysydelse<\/h2>\n<p>Hver rampe i ST Evolution-serien er udstyret med h\u00f8jtydende 11W LED'er, som giver en overlegen lysydelse og spreder lyset pr\u00e6cis, hvor du har brug for det. Dette avancerede elektroniske design giver sammen med effektive vakuum-metalliserede reflektorer et bredt lysm\u00f8nster, der er s\u00e6rligt nyttigt til landbrug og off-road-k\u00f8rsel ved lavere hastigheder. Derudover sikrer et effektivt varmestyringssystem, at rammen aldrig bliver overophedet, og den \"ubrydelige\" polykarbonatlinse er behandlet med h\u00e5rd lak for at minimere risikoen for, at sne og snavs s\u00e6tter sig fast p\u00e5 glasset.<\/p>\n<h3>Fleksibelt og brugertilpasset design<\/h3>\n<p>ST Evolution-serien f\u00e5s i otte forskellige l\u00e6ngder, mellem 124 og 1164 mm, med en h\u00f8jde p\u00e5 68 mm og en dybde p\u00e5 64 mm. Disse forskellige l\u00e6ngder betyder, at du er sikker p\u00e5 at finde en rampe, der passer perfekt til dit k\u00f8ret\u00f8j. Hvorfor ikke kombinere flere l\u00e6ngder for at skabe den bedste lyseffekt?<\/p>\n<p>Vi tilbyder 5 \u00e5rs funktionsgaranti p\u00e5 alle lygter i ST Evolution-serien. Forbedr din bils belysning med de h\u00f8jtydende LED-lygter fra Lazer i dag!<\/p>","protected":false},"excerpt":{"rendered":"<p>ST Evolution-serien fr\u00e5n Lazer: F\u00f6rb\u00e4ttrad Design och \u00d6verl\u00e4gsen Belysningsteknologi Lazer presenterar ST Evolution-serien, en avancerad LED-rampserie utvecklad f\u00f6r att f\u00f6rb\u00e4ttra belysningen p\u00e5 ditt fordon. Lanserad ursprungligen 2010, har serien kontinuerligt uppdaterats f\u00f6r att inkludera en mer l\u00e5gprofilig och s\u00f6ml\u00f6s design, \u00f6kat v\u00e4dermotst\u00e5nd, enklare installation och den senaste belysningsteknologin. H\u00f6gpresterande LED-lampor f\u00f6r Exceptionell Ljusprestanda Varje ramp [&hellip;]<\/p>","protected":false},"featured_media":6240,"comment_status":"closed","ping_status":"open","template":"","meta":{"_acf_changed":false,"_smort_price_nok":"6355","_smort_price_dkk":"4037","_smort_price_eur":"540.88","_smort_sale_price_nok":"","_smort_sale_price_dkk":"","_smort_sale_price_eur":"","smort_restorder":"","shipmondo_restorder":"","_kad_blocks_custom_css":"","_kad_blocks_head_custom_js":"","_kad_blocks_body_custom_js":"","_kad_blocks_footer_custom_js":"","smort_custom_pricelist_1":"3808","smort_custom_pricelist_2":"3808","smort_custom_pricelist_3":"3808","smort_custom_pricelist_4":"4760","smort_custom_pricelist_5":"3808"},"anvandningsomrade":[],"bilmarken":[],"product_brand":[1124],"product_cat":[2561,2966,2539,2168],"product_tag":[2735],"class_list":{"0":"post-6239","1":"product","2":"type-product","3":"status-publish","4":"has-post-thumbnail","6":"product_brand-lazer","7":"product_cat-lazer","8":"product_cat-ledramp-rak","9":"product_cat-ledramper","10":"product_cat-lazer-evolution","11":"product_tag-lazer","12":"pa_fargtemperatur-5000k","13":"pa_fuktskydd-varde-ipxx-ip68","14":"pa_godkannande-e-godkand-ece-r112","15":"pa_lampsockel-kontakt-superseal","16":"pa_led-chips-effekt-w-1078","17":"pa_ljusbild-driving","18":"pa_storlek-mm-364x68x64","19":"pa_stromforbrukning-66a144v","20":"pa_volt-v-multivolt-10-12-16-18-24-28-30-32","22":"first","23":"onbackorder","24":"taxable","25":"shipping-taxable","26":"purchasable","27":"product-type-simple"},"bundled_by":[],"bundle_stock_status":"onbackorder","bundle_stock_quantity":0,"bundle_virtual":false,"bundle_layout":"","bundle_add_to_cart_form_location":"","bundle_editable_in_cart":false,"bundle_sold_individually_context":"","bundle_item_grouping":"","bundle_min_size":"","bundle_max_size":"","bundle_price":[],"bundled_items":[],"bundle_sell_ids":[],"acf":[],"yoast_head":"<!-- This site is optimized with the Yoast SEO plugin v27.0 - https:\/\/yoast.com\/product\/yoast-seo-wordpress\/ -->\n<title>Lazer ST8 Evolution extraljusramp 14&quot; (364 mm) - Xenonkungen<\/title>\n<meta name=\"robots\" content=\"index, follow, max-snippet:-1, max-image-preview:large, max-video-preview:-1\" \/>\n<link rel=\"canonical\" href=\"https:\/\/xenonkungen.com\/dk\/vare\/lazer-st8-evolution-ekstra-let-rampe-14-364-mm\/\" \/>\n<meta property=\"og:locale\" content=\"da_DK\" \/>\n<meta property=\"og:type\" content=\"article\" \/>\n<meta property=\"og:title\" content=\"Lazer ST8 Evolution extraljusramp 14&quot; (364 mm) - Xenonkungen\" \/>\n<meta property=\"og:description\" content=\"ST Evolution-serien fr\u00e5n Lazer: F\u00f6rb\u00e4ttrad Design och \u00d6verl\u00e4gsen Belysningsteknologi Lazer presenterar ST Evolution-serien, en avancerad LED-rampserie utvecklad f\u00f6r att f\u00f6rb\u00e4ttra belysningen p\u00e5 ditt fordon. Lanserad ursprungligen 2010, har serien kontinuerligt uppdaterats f\u00f6r att inkludera en mer l\u00e5gprofilig och s\u00f6ml\u00f6s design, \u00f6kat v\u00e4dermotst\u00e5nd, enklare installation och den senaste belysningsteknologin. H\u00f6gpresterande LED-lampor f\u00f6r Exceptionell Ljusprestanda Varje ramp [&hellip;]\" \/>\n<meta property=\"og:url\" content=\"https:\/\/xenonkungen.com\/dk\/vare\/lazer-st8-evolution-ekstra-let-rampe-14-364-mm\/\" \/>\n<meta property=\"og:site_name\" content=\"Xenonkungen\" \/>\n<meta property=\"article:modified_time\" content=\"2026-04-24T16:28:35+00:00\" \/>\n<meta property=\"og:image\" content=\"https:\/\/xenonkungen.com\/wp-content\/uploads\/2025\/04\/st8-angled_1000x750.jpg\" \/>\n\t<meta property=\"og:image:width\" content=\"1000\" \/>\n\t<meta property=\"og:image:height\" content=\"750\" \/>\n\t<meta property=\"og:image:type\" content=\"image\/jpeg\" \/>\n<meta name=\"twitter:card\" content=\"summary_large_image\" \/>\n<meta name=\"twitter:label1\" content=\"Estimeret l\u00e6setid\" \/>\n\t<meta name=\"twitter:data1\" content=\"1 minut\" \/>\n<script type=\"application\/ld+json\" class=\"yoast-schema-graph\">{\"@context\":\"https:\/\/schema.org\",\"@graph\":[{\"@type\":\"WebPage\",\"@id\":\"https:\/\/xenonkungen.com\/de\/produkt\/lazer-st8-evolution-extra-light-rampe-14-364-mm\/\",\"url\":\"https:\/\/xenonkungen.com\/de\/produkt\/lazer-st8-evolution-extra-light-rampe-14-364-mm\/\",\"name\":\"Lazer ST8 Evolution extraljusramp 14\\\" (364 mm) - Xenonkungen\",\"isPartOf\":{\"@id\":\"https:\/\/xenonkungen.com\/#website\"},\"primaryImageOfPage\":{\"@id\":\"https:\/\/xenonkungen.com\/de\/produkt\/lazer-st8-evolution-extra-light-rampe-14-364-mm\/#primaryimage\"},\"image\":{\"@id\":\"https:\/\/xenonkungen.com\/de\/produkt\/lazer-st8-evolution-extra-light-rampe-14-364-mm\/#primaryimage\"},\"thumbnailUrl\":\"https:\/\/xenonkungen.com\/wp-content\/uploads\/2025\/04\/st8-angled_1000x750.jpg\",\"datePublished\":\"2025-04-15T09:44:21+00:00\",\"dateModified\":\"2026-04-24T16:28:35+00:00\",\"breadcrumb\":{\"@id\":\"https:\/\/xenonkungen.com\/de\/produkt\/lazer-st8-evolution-extra-light-rampe-14-364-mm\/#breadcrumb\"},\"inLanguage\":\"da-DK\",\"potentialAction\":[{\"@type\":\"ReadAction\",\"target\":[\"https:\/\/xenonkungen.com\/de\/produkt\/lazer-st8-evolution-extra-light-rampe-14-364-mm\/\"]}]},{\"@type\":\"ImageObject\",\"inLanguage\":\"da-DK\",\"@id\":\"https:\/\/xenonkungen.com\/de\/produkt\/lazer-st8-evolution-extra-light-rampe-14-364-mm\/#primaryimage\",\"url\":\"https:\/\/xenonkungen.com\/wp-content\/uploads\/2025\/04\/st8-angled_1000x750.jpg\",\"contentUrl\":\"https:\/\/xenonkungen.com\/wp-content\/uploads\/2025\/04\/st8-angled_1000x750.jpg\",\"width\":1000,\"height\":750},{\"@type\":\"BreadcrumbList\",\"@id\":\"https:\/\/xenonkungen.com\/de\/produkt\/lazer-st8-evolution-extra-light-rampe-14-364-mm\/#breadcrumb\",\"itemListElement\":[{\"@type\":\"ListItem\",\"position\":1,\"name\":\"Hem\",\"item\":\"https:\/\/xenonkungen.com\/\"},{\"@type\":\"ListItem\",\"position\":2,\"name\":\"Shop\",\"item\":\"https:\/\/xenonkungen.com\/shop\/\"},{\"@type\":\"ListItem\",\"position\":3,\"name\":\"Lazer ST8 Evolution extraljusramp 14&#8243; (364 mm)\"}]},{\"@type\":\"WebSite\",\"@id\":\"https:\/\/xenonkungen.com\/#website\",\"url\":\"https:\/\/xenonkungen.com\/\",\"name\":\"Xenonkungen\",\"description\":\"\",\"potentialAction\":[{\"@type\":\"SearchAction\",\"target\":{\"@type\":\"EntryPoint\",\"urlTemplate\":\"https:\/\/xenonkungen.com\/?s={search_term_string}\"},\"query-input\":{\"@type\":\"PropertyValueSpecification\",\"valueRequired\":true,\"valueName\":\"search_term_string\"}}],\"inLanguage\":\"da-DK\"}]}<\/script>\n<!-- \/ Yoast SEO plugin. -->","yoast_head_json":{"title":"Lazer ST8 Evolution ekstra lysbj\u00e6lke 14&quot; (364 mm) - Xenonkungen","robots":{"index":"index","follow":"follow","max-snippet":"max-snippet:-1","max-image-preview":"max-image-preview:large","max-video-preview":"max-video-preview:-1"},"canonical":"https:\/\/xenonkungen.com\/dk\/vare\/lazer-st8-evolution-ekstra-let-rampe-14-364-mm\/","og_locale":"da_DK","og_type":"article","og_title":"Lazer ST8 Evolution extraljusramp 14\" (364 mm) - Xenonkungen","og_description":"ST Evolution-serien fr\u00e5n Lazer: F\u00f6rb\u00e4ttrad Design och \u00d6verl\u00e4gsen Belysningsteknologi Lazer presenterar ST Evolution-serien, en avancerad LED-rampserie utvecklad f\u00f6r att f\u00f6rb\u00e4ttra belysningen p\u00e5 ditt fordon. Lanserad ursprungligen 2010, har serien kontinuerligt uppdaterats f\u00f6r att inkludera en mer l\u00e5gprofilig och s\u00f6ml\u00f6s design, \u00f6kat v\u00e4dermotst\u00e5nd, enklare installation och den senaste belysningsteknologin. H\u00f6gpresterande LED-lampor f\u00f6r Exceptionell Ljusprestanda Varje ramp [&hellip;]","og_url":"https:\/\/xenonkungen.com\/dk\/vare\/lazer-st8-evolution-ekstra-let-rampe-14-364-mm\/","og_site_name":"Xenonkungen","article_modified_time":"2026-04-24T16:28:35+00:00","og_image":[{"width":1000,"height":750,"url":"https:\/\/xenonkungen.com\/wp-content\/uploads\/2025\/04\/st8-angled_1000x750.jpg","type":"image\/jpeg"}],"twitter_card":"summary_large_image","twitter_misc":{"Estimeret l\u00e6setid":"1 minut"},"schema":{"@context":"https:\/\/schema.org","@graph":[{"@type":"WebPage","@id":"https:\/\/xenonkungen.com\/de\/produkt\/lazer-st8-evolution-extra-light-rampe-14-364-mm\/","url":"https:\/\/xenonkungen.com\/de\/produkt\/lazer-st8-evolution-extra-light-rampe-14-364-mm\/","name":"Lazer ST8 Evolution ekstra lysbj\u00e6lke 14&quot; (364 mm) - Xenonkungen","isPartOf":{"@id":"https:\/\/xenonkungen.com\/#website"},"primaryImageOfPage":{"@id":"https:\/\/xenonkungen.com\/de\/produkt\/lazer-st8-evolution-extra-light-rampe-14-364-mm\/#primaryimage"},"image":{"@id":"https:\/\/xenonkungen.com\/de\/produkt\/lazer-st8-evolution-extra-light-rampe-14-364-mm\/#primaryimage"},"thumbnailUrl":"https:\/\/xenonkungen.com\/wp-content\/uploads\/2025\/04\/st8-angled_1000x750.jpg","datePublished":"2025-04-15T09:44:21+00:00","dateModified":"2026-04-24T16:28:35+00:00","breadcrumb":{"@id":"https:\/\/xenonkungen.com\/de\/produkt\/lazer-st8-evolution-extra-light-rampe-14-364-mm\/#breadcrumb"},"inLanguage":"da-DK","potentialAction":[{"@type":"ReadAction","target":["https:\/\/xenonkungen.com\/de\/produkt\/lazer-st8-evolution-extra-light-rampe-14-364-mm\/"]}]},{"@type":"ImageObject","inLanguage":"da-DK","@id":"https:\/\/xenonkungen.com\/de\/produkt\/lazer-st8-evolution-extra-light-rampe-14-364-mm\/#primaryimage","url":"https:\/\/xenonkungen.com\/wp-content\/uploads\/2025\/04\/st8-angled_1000x750.jpg","contentUrl":"https:\/\/xenonkungen.com\/wp-content\/uploads\/2025\/04\/st8-angled_1000x750.jpg","width":1000,"height":750},{"@type":"BreadcrumbList","@id":"https:\/\/xenonkungen.com\/de\/produkt\/lazer-st8-evolution-extra-light-rampe-14-364-mm\/#breadcrumb","itemListElement":[{"@type":"ListItem","position":1,"name":"Hem","item":"https:\/\/xenonkungen.com\/"},{"@type":"ListItem","position":2,"name":"Shop","item":"https:\/\/xenonkungen.com\/shop\/"},{"@type":"ListItem","position":3,"name":"Lazer ST8 Evolution extraljusramp 14&#8243; (364 mm)"}]},{"@type":"WebSite","@id":"https:\/\/xenonkungen.com\/#website","url":"https:\/\/xenonkungen.com\/","name":"Xenonkungen","description":"","potentialAction":[{"@type":"SearchAction","target":{"@type":"EntryPoint","urlTemplate":"https:\/\/xenonkungen.com\/?s={search_term_string}"},"query-input":{"@type":"PropertyValueSpecification","valueRequired":true,"valueName":"search_term_string"}}],"inLanguage":"da-DK"}]}},"taxonomy_info":{"product_brand":[{"value":1124,"label":"Lazer"}],"product_cat":[{"value":2561,"label":"Lazer"},{"value":2966,"label":"Ledramp Rak"},{"value":2539,"label":"LEDRAMPER"},{"value":2168,"label":"LAZER EVOLUTION"}],"product_tag":[{"value":2735,"label":"Lazer"}],"pa_fargtemperatur":[{"value":154,"label":"5000K"}],"pa_fuktskydd-varde-ipxx":[{"value":177,"label":"IP68"}],"pa_godkannande":[{"value":1709,"label":"E-godk\u00e4nd, ECE, R112"}],"pa_lampsockel-kontakt":[{"value":1122,"label":"Superseal"}],"pa_led-chips-effekt-w":[{"value":1078,"label":"95"}],"pa_ljusbild":[{"value":178,"label":"Driving"}],"pa_storlek-mm":[{"value":1735,"label":"364x68x64"}],"pa_stromforbrukning":[{"value":1353,"label":"6,6A@14,4V"}],"pa_volt-v":[{"value":1084,"label":"Multivolt, 10, 12, 16, 18, 24, 28, 30, 32"}]},"featured_image_src_large":["https:\/\/xenonkungen.com\/wp-content\/uploads\/2025\/04\/st8-angled_1000x750.jpg",1000,750,false],"author_info":[],"comment_info":0,"_links":{"self":[{"href":"https:\/\/xenonkungen.com\/dk\/wp-json\/wp\/v2\/product\/6239","targetHints":{"allow":["GET"]}}],"collection":[{"href":"https:\/\/xenonkungen.com\/dk\/wp-json\/wp\/v2\/product"}],"about":[{"href":"https:\/\/xenonkungen.com\/dk\/wp-json\/wp\/v2\/types\/product"}],"replies":[{"embeddable":true,"href":"https:\/\/xenonkungen.com\/dk\/wp-json\/wp\/v2\/comments?post=6239"}],"wp:featuredmedia":[{"embeddable":true,"href":"https:\/\/xenonkungen.com\/dk\/wp-json\/wp\/v2\/media\/6240"}],"wp:attachment":[{"href":"https:\/\/xenonkungen.com\/dk\/wp-json\/wp\/v2\/media?parent=6239"}],"wp:term":[{"taxonomy":"anvandningsomrade","embeddable":true,"href":"https:\/\/xenonkungen.com\/dk\/wp-json\/wp\/v2\/anvandningsomrade?post=6239"},{"taxonomy":"bilmarken","embeddable":true,"href":"https:\/\/xenonkungen.com\/dk\/wp-json\/wp\/v2\/bilmarken?post=6239"},{"taxonomy":"product_brand","embeddable":true,"href":"https:\/\/xenonkungen.com\/dk\/wp-json\/wp\/v2\/product_brand?post=6239"},{"taxonomy":"product_cat","embeddable":true,"href":"https:\/\/xenonkungen.com\/dk\/wp-json\/wp\/v2\/product_cat?post=6239"},{"taxonomy":"product_tag","embeddable":true,"href":"https:\/\/xenonkungen.com\/dk\/wp-json\/wp\/v2\/product_tag?post=6239"}],"curies":[{"name":"wp","href":"https:\/\/api.w.org\/{rel}","templated":true}]}}