{"id":6276,"date":"2025-04-15T09:44:45","date_gmt":"2025-04-15T09:44:45","guid":{"rendered":"https:\/\/xenonkungen.com\/product\/rafflat-linskit-30-horisontell-for-st4-evolution\/"},"modified":"2025-12-10T14:47:37","modified_gmt":"2025-12-10T13:47:37","slug":"riflet-linskit-30-vandret-til-st4-evolution","status":"publish","type":"product","link":"https:\/\/xenonkungen.com\/dk\/vare\/riflet-linskit-30-vandret-til-st4-evolution\/","title":{"rendered":"Riflet linses\u00e6t 30\u00b0 vandret til ST4 Evolution"},"content":{"rendered":"<h2>Laserdispersionslinser \u2013 Forbedr og beskyt dit lysbillede<\/h2>\n<p>Lazer diffusorlinser er lavet af holdbart og slidst\u00e6rkt akryl og er det perfekte tilbeh\u00f8r til dine Triple-R og ST Evolution lysbj\u00e6lker. Disse linser d\u00e6kker fire LED-moduler, s\u00e5 du kan bruge en eller flere linser p\u00e5 l\u00e6ngere lysbj\u00e6lker. De fire medf\u00f8lgende klips g\u00f8r det nemt at fastg\u00f8re diffusorlinserne.<\/p>\n<p>Udover at forbedre lysbilledet fungerer linserne ogs\u00e5 som stenbeskyttere, der beskytter det originale objektiv mod ridser og slid. Linserne er designet med t\u00e6tsluttende pakninger, der forhindrer vand og snavs i at tr\u00e6nge ind og p\u00e5virke lygtens ydeevne.<\/p>\n<p>De klare linser har et ribbet m\u00f8nster og giver en lysspredning p\u00e5 enten 15\u00b0 eller 30\u00b0. Dette udvider det originale lysbillede og giver forbedret udsyn til siderne af dit k\u00f8ret\u00f8j. Ud over de ribbede linser f\u00e5s gule linser ogs\u00e5 med en glat overflade. Det gule linse har den fordel, at det forbedrer udsynet i regn, sne og t\u00e5ge, hvilket \u00f8ger sikkerheden under d\u00e5rlige vejrforhold.<\/p>\n<p>Invester i Lazer-diffusionslinser for b\u00e5de at forbedre og beskytte dit lysbillede. Med disse linser kan du justere lysfordelingen efter dine behov og f\u00e5 det bedste ud af dine lysbj\u00e6lker under forskellige vejr- og terr\u00e6nforhold.<\/p>","protected":false},"excerpt":{"rendered":"<p>Lazer spridningslinser &#8211; F\u00f6rb\u00e4ttra och skydda din ljusbild Lazer spridningslinser \u00e4r tillverkade av h\u00e5llbar och t\u00e5lig akryl och \u00e4r det perfekta tillbeh\u00f6ret f\u00f6r dina Triple-R- och ST Evolution-ljusrampar. Dessa linser t\u00e4cker fyra LED-moduler, vilket g\u00f6r det m\u00f6jligt att anv\u00e4nda en eller flera linser p\u00e5 l\u00e4ngre rampar. Med de fyra medf\u00f6ljande klippen kan du enkelt f\u00e4sta [&hellip;]<\/p>","protected":false},"featured_media":6277,"comment_status":"closed","ping_status":"open","template":"","meta":{"_acf_changed":false,"_smort_price_nok":"310","_smort_price_dkk":"197","_smort_price_eur":"26.36","_smort_sale_price_nok":"","_smort_sale_price_dkk":"","_smort_sale_price_eur":"","smort_restorder":"","shipmondo_restorder":"","_kad_blocks_custom_css":"","_kad_blocks_head_custom_js":"","_kad_blocks_body_custom_js":"","_kad_blocks_footer_custom_js":"","smort_custom_pricelist_1":"185.6","smort_custom_pricelist_2":"185.6","smort_custom_pricelist_3":"185.6","smort_custom_pricelist_4":"232","smort_custom_pricelist_5":"185.6"},"anvandningsomrade":[],"bilmarken":[],"product_brand":[2793],"product_cat":[2612,2828,2539,2613],"product_tag":[2735],"class_list":{"0":"post-6276","1":"product","2":"type-product","3":"status-publish","4":"has-post-thumbnail","6":"product_brand-ovrigt","7":"product_cat-tillbehor-installation-ledramper","8":"product_cat-installation-led-ramper","9":"product_cat-ledramper","10":"product_cat-ovriga-tillbehor-tillbehor-installation-ledramper","11":"product_tag-lazer","12":"pa_ljusspridning-grader-1747","14":"first","15":"instock","16":"taxable","17":"shipping-taxable","18":"purchasable","19":"product-type-simple"},"bundled_by":[],"bundle_stock_status":"instock","bundle_stock_quantity":5,"bundle_virtual":false,"bundle_layout":"","bundle_add_to_cart_form_location":"","bundle_editable_in_cart":false,"bundle_sold_individually_context":"","bundle_item_grouping":"","bundle_min_size":"","bundle_max_size":"","bundle_price":[],"bundled_items":[],"bundle_sell_ids":[],"acf":[],"yoast_head":"<!-- This site is optimized with the Yoast SEO plugin v27.0 - https:\/\/yoast.com\/product\/yoast-seo-wordpress\/ -->\n<title>R\u00e4fflat linskit 30\u00b0 horisontell f\u00f6r ST4 Evolution - Xenonkungen<\/title>\n<meta name=\"robots\" content=\"index, follow, max-snippet:-1, max-image-preview:large, max-video-preview:-1\" \/>\n<link rel=\"canonical\" href=\"https:\/\/xenonkungen.com\/dk\/vare\/riflet-linskit-30-vandret-til-st4-evolution\/\" \/>\n<meta property=\"og:locale\" content=\"da_DK\" \/>\n<meta property=\"og:type\" content=\"article\" \/>\n<meta property=\"og:title\" content=\"R\u00e4fflat linskit 30\u00b0 horisontell f\u00f6r ST4 Evolution - Xenonkungen\" \/>\n<meta property=\"og:description\" content=\"Lazer spridningslinser &#8211; F\u00f6rb\u00e4ttra och skydda din ljusbild Lazer spridningslinser \u00e4r tillverkade av h\u00e5llbar och t\u00e5lig akryl och \u00e4r det perfekta tillbeh\u00f6ret f\u00f6r dina Triple-R- och ST Evolution-ljusrampar. Dessa linser t\u00e4cker fyra LED-moduler, vilket g\u00f6r det m\u00f6jligt att anv\u00e4nda en eller flera linser p\u00e5 l\u00e4ngre rampar. Med de fyra medf\u00f6ljande klippen kan du enkelt f\u00e4sta [&hellip;]\" \/>\n<meta property=\"og:url\" content=\"https:\/\/xenonkungen.com\/dk\/vare\/riflet-linskit-30-vandret-til-st4-evolution\/\" \/>\n<meta property=\"og:site_name\" content=\"Xenonkungen\" \/>\n<meta property=\"article:modified_time\" content=\"2025-12-10T13:47:37+00:00\" \/>\n<meta property=\"og:image\" content=\"https:\/\/xenonkungen.com\/wp-content\/uploads\/2025\/04\/189889919-origpic-45f9b5.jpg\" \/>\n\t<meta property=\"og:image:width\" content=\"1138\" \/>\n\t<meta property=\"og:image:height\" content=\"852\" \/>\n\t<meta property=\"og:image:type\" content=\"image\/jpeg\" \/>\n<meta name=\"twitter:card\" content=\"summary_large_image\" \/>\n<meta name=\"twitter:label1\" content=\"Estimeret l\u00e6setid\" \/>\n\t<meta name=\"twitter:data1\" content=\"1 minut\" \/>\n<script type=\"application\/ld+json\" class=\"yoast-schema-graph\">{\"@context\":\"https:\/\/schema.org\",\"@graph\":[{\"@type\":\"WebPage\",\"@id\":\"https:\/\/xenonkungen.com\/dk\/vare\/riflet-linskit-30-vandret-til-st4-evolution\/\",\"url\":\"https:\/\/xenonkungen.com\/dk\/vare\/riflet-linskit-30-vandret-til-st4-evolution\/\",\"name\":\"R\u00e4fflat linskit 30\u00b0 horisontell f\u00f6r ST4 Evolution - Xenonkungen\",\"isPartOf\":{\"@id\":\"https:\/\/xenonkungen.com\/#website\"},\"primaryImageOfPage\":{\"@id\":\"https:\/\/xenonkungen.com\/dk\/vare\/riflet-linskit-30-vandret-til-st4-evolution\/#primaryimage\"},\"image\":{\"@id\":\"https:\/\/xenonkungen.com\/dk\/vare\/riflet-linskit-30-vandret-til-st4-evolution\/#primaryimage\"},\"thumbnailUrl\":\"https:\/\/xenonkungen.com\/wp-content\/uploads\/2025\/04\/189889919-origpic-45f9b5.jpg\",\"datePublished\":\"2025-04-15T09:44:45+00:00\",\"dateModified\":\"2025-12-10T13:47:37+00:00\",\"breadcrumb\":{\"@id\":\"https:\/\/xenonkungen.com\/dk\/vare\/riflet-linskit-30-vandret-til-st4-evolution\/#breadcrumb\"},\"inLanguage\":\"da-DK\",\"potentialAction\":[{\"@type\":\"ReadAction\",\"target\":[\"https:\/\/xenonkungen.com\/dk\/vare\/riflet-linskit-30-vandret-til-st4-evolution\/\"]}]},{\"@type\":\"ImageObject\",\"inLanguage\":\"da-DK\",\"@id\":\"https:\/\/xenonkungen.com\/dk\/vare\/riflet-linskit-30-vandret-til-st4-evolution\/#primaryimage\",\"url\":\"https:\/\/xenonkungen.com\/wp-content\/uploads\/2025\/04\/189889919-origpic-45f9b5.jpg\",\"contentUrl\":\"https:\/\/xenonkungen.com\/wp-content\/uploads\/2025\/04\/189889919-origpic-45f9b5.jpg\",\"width\":1138,\"height\":852},{\"@type\":\"BreadcrumbList\",\"@id\":\"https:\/\/xenonkungen.com\/dk\/vare\/riflet-linskit-30-vandret-til-st4-evolution\/#breadcrumb\",\"itemListElement\":[{\"@type\":\"ListItem\",\"position\":1,\"name\":\"Hem\",\"item\":\"https:\/\/xenonkungen.com\/\"},{\"@type\":\"ListItem\",\"position\":2,\"name\":\"Shop\",\"item\":\"https:\/\/xenonkungen.com\/shop\/\"},{\"@type\":\"ListItem\",\"position\":3,\"name\":\"R\u00e4fflat linskit 30\u00b0 horisontell f\u00f6r ST4 Evolution\"}]},{\"@type\":\"WebSite\",\"@id\":\"https:\/\/xenonkungen.com\/#website\",\"url\":\"https:\/\/xenonkungen.com\/\",\"name\":\"Xenonkungen\",\"description\":\"\",\"potentialAction\":[{\"@type\":\"SearchAction\",\"target\":{\"@type\":\"EntryPoint\",\"urlTemplate\":\"https:\/\/xenonkungen.com\/?s={search_term_string}\"},\"query-input\":{\"@type\":\"PropertyValueSpecification\",\"valueRequired\":true,\"valueName\":\"search_term_string\"}}],\"inLanguage\":\"da-DK\"}]}<\/script>\n<!-- \/ Yoast SEO plugin. -->","yoast_head_json":{"title":"Rillet linses\u00e6t 30\u00b0 vandret til ST4 Evolution - Xenonkungen","robots":{"index":"index","follow":"follow","max-snippet":"max-snippet:-1","max-image-preview":"max-image-preview:large","max-video-preview":"max-video-preview:-1"},"canonical":"https:\/\/xenonkungen.com\/dk\/vare\/riflet-linskit-30-vandret-til-st4-evolution\/","og_locale":"da_DK","og_type":"article","og_title":"R\u00e4fflat linskit 30\u00b0 horisontell f\u00f6r ST4 Evolution - Xenonkungen","og_description":"Lazer spridningslinser &#8211; F\u00f6rb\u00e4ttra och skydda din ljusbild Lazer spridningslinser \u00e4r tillverkade av h\u00e5llbar och t\u00e5lig akryl och \u00e4r det perfekta tillbeh\u00f6ret f\u00f6r dina Triple-R- och ST Evolution-ljusrampar. Dessa linser t\u00e4cker fyra LED-moduler, vilket g\u00f6r det m\u00f6jligt att anv\u00e4nda en eller flera linser p\u00e5 l\u00e4ngre rampar. Med de fyra medf\u00f6ljande klippen kan du enkelt f\u00e4sta [&hellip;]","og_url":"https:\/\/xenonkungen.com\/dk\/vare\/riflet-linskit-30-vandret-til-st4-evolution\/","og_site_name":"Xenonkungen","article_modified_time":"2025-12-10T13:47:37+00:00","og_image":[{"width":1138,"height":852,"url":"https:\/\/xenonkungen.com\/wp-content\/uploads\/2025\/04\/189889919-origpic-45f9b5.jpg","type":"image\/jpeg"}],"twitter_card":"summary_large_image","twitter_misc":{"Estimeret l\u00e6setid":"1 minut"},"schema":{"@context":"https:\/\/schema.org","@graph":[{"@type":"WebPage","@id":"https:\/\/xenonkungen.com\/dk\/vare\/riflet-linskit-30-vandret-til-st4-evolution\/","url":"https:\/\/xenonkungen.com\/dk\/vare\/riflet-linskit-30-vandret-til-st4-evolution\/","name":"Rillet linses\u00e6t 30\u00b0 vandret til ST4 Evolution - Xenonkungen","isPartOf":{"@id":"https:\/\/xenonkungen.com\/#website"},"primaryImageOfPage":{"@id":"https:\/\/xenonkungen.com\/dk\/vare\/riflet-linskit-30-vandret-til-st4-evolution\/#primaryimage"},"image":{"@id":"https:\/\/xenonkungen.com\/dk\/vare\/riflet-linskit-30-vandret-til-st4-evolution\/#primaryimage"},"thumbnailUrl":"https:\/\/xenonkungen.com\/wp-content\/uploads\/2025\/04\/189889919-origpic-45f9b5.jpg","datePublished":"2025-04-15T09:44:45+00:00","dateModified":"2025-12-10T13:47:37+00:00","breadcrumb":{"@id":"https:\/\/xenonkungen.com\/dk\/vare\/riflet-linskit-30-vandret-til-st4-evolution\/#breadcrumb"},"inLanguage":"da-DK","potentialAction":[{"@type":"ReadAction","target":["https:\/\/xenonkungen.com\/dk\/vare\/riflet-linskit-30-vandret-til-st4-evolution\/"]}]},{"@type":"ImageObject","inLanguage":"da-DK","@id":"https:\/\/xenonkungen.com\/dk\/vare\/riflet-linskit-30-vandret-til-st4-evolution\/#primaryimage","url":"https:\/\/xenonkungen.com\/wp-content\/uploads\/2025\/04\/189889919-origpic-45f9b5.jpg","contentUrl":"https:\/\/xenonkungen.com\/wp-content\/uploads\/2025\/04\/189889919-origpic-45f9b5.jpg","width":1138,"height":852},{"@type":"BreadcrumbList","@id":"https:\/\/xenonkungen.com\/dk\/vare\/riflet-linskit-30-vandret-til-st4-evolution\/#breadcrumb","itemListElement":[{"@type":"ListItem","position":1,"name":"Hem","item":"https:\/\/xenonkungen.com\/"},{"@type":"ListItem","position":2,"name":"Shop","item":"https:\/\/xenonkungen.com\/shop\/"},{"@type":"ListItem","position":3,"name":"R\u00e4fflat linskit 30\u00b0 horisontell f\u00f6r ST4 Evolution"}]},{"@type":"WebSite","@id":"https:\/\/xenonkungen.com\/#website","url":"https:\/\/xenonkungen.com\/","name":"Xenonkungen","description":"","potentialAction":[{"@type":"SearchAction","target":{"@type":"EntryPoint","urlTemplate":"https:\/\/xenonkungen.com\/?s={search_term_string}"},"query-input":{"@type":"PropertyValueSpecification","valueRequired":true,"valueName":"search_term_string"}}],"inLanguage":"da-DK"}]}},"taxonomy_info":{"product_brand":[{"value":2793,"label":"\u00d6VRIGT"}],"product_cat":[{"value":2612,"label":"INSTALLATION"},{"value":2828,"label":"Installation LED-ramper"},{"value":2539,"label":"LEDRAMPER"},{"value":2613,"label":"\u00d6vriga Tillbeh\u00f6r"}],"product_tag":[{"value":2735,"label":"Lazer"}],"pa_ljusspridning-grader":[{"value":1747,"label":"30"}]},"featured_image_src_large":["https:\/\/xenonkungen.com\/wp-content\/uploads\/2025\/04\/189889919-origpic-45f9b5-1024x767.jpg",1024,767,true],"author_info":[],"comment_info":0,"_links":{"self":[{"href":"https:\/\/xenonkungen.com\/dk\/wp-json\/wp\/v2\/product\/6276","targetHints":{"allow":["GET"]}}],"collection":[{"href":"https:\/\/xenonkungen.com\/dk\/wp-json\/wp\/v2\/product"}],"about":[{"href":"https:\/\/xenonkungen.com\/dk\/wp-json\/wp\/v2\/types\/product"}],"replies":[{"embeddable":true,"href":"https:\/\/xenonkungen.com\/dk\/wp-json\/wp\/v2\/comments?post=6276"}],"wp:featuredmedia":[{"embeddable":true,"href":"https:\/\/xenonkungen.com\/dk\/wp-json\/wp\/v2\/media\/6277"}],"wp:attachment":[{"href":"https:\/\/xenonkungen.com\/dk\/wp-json\/wp\/v2\/media?parent=6276"}],"wp:term":[{"taxonomy":"anvandningsomrade","embeddable":true,"href":"https:\/\/xenonkungen.com\/dk\/wp-json\/wp\/v2\/anvandningsomrade?post=6276"},{"taxonomy":"bilmarken","embeddable":true,"href":"https:\/\/xenonkungen.com\/dk\/wp-json\/wp\/v2\/bilmarken?post=6276"},{"taxonomy":"product_brand","embeddable":true,"href":"https:\/\/xenonkungen.com\/dk\/wp-json\/wp\/v2\/product_brand?post=6276"},{"taxonomy":"product_cat","embeddable":true,"href":"https:\/\/xenonkungen.com\/dk\/wp-json\/wp\/v2\/product_cat?post=6276"},{"taxonomy":"product_tag","embeddable":true,"href":"https:\/\/xenonkungen.com\/dk\/wp-json\/wp\/v2\/product_tag?post=6276"}],"curies":[{"name":"wp","href":"https:\/\/api.w.org\/{rel}","templated":true}]}}