{"id":6292,"date":"2025-04-15T09:44:53","date_gmt":"2025-04-15T09:44:53","guid":{"rendered":"https:\/\/xenonkungen.com\/product\/lazer-sidomonteringskit-for-linear-serien-rostfritt-stal\/"},"modified":"2026-03-04T16:35:54","modified_gmt":"2026-03-04T15:35:54","slug":"lazer-sidemonteringssaet-til-lineaer-serie-rustfrit-stal","status":"publish","type":"product","link":"https:\/\/xenonkungen.com\/dk\/vare\/lazer-sidemonteringssaet-til-lineaer-serie-rustfrit-stal\/","title":{"rendered":"Lazer sidemonteringss\u00e6t til Linear-serien (rustfrit st\u00e5l)"},"content":{"rendered":"<h1 class=\"\"><span>Sidemonteringss\u00e6t anbefales til brug med alle Linear-lamper.<br \/><\/span><\/h1>\n<p>Fremstillet af bl\u00f8dt st\u00e5l<\/p>\n<p>Forbehandlet med elektrodebel\u00e6gning, derefter pulverlakeret, sort<\/p>\n<p>A2-hardware i rustfrit st\u00e5l medf\u00f8lger<\/p>\n<p>Fuldt justerbar, s\u00e5 lyset kan h\u00e6ves\/s\u00e6nkes med &lt;13 mm<\/p>\n<h2>Pakkens indhold:<\/h2>\n<ul>\n<li>2x sidebeslag (til Linear)<\/li>\n<li>Inventar<\/li>\n<\/ul>","protected":false},"excerpt":{"rendered":"<p>Sidomonteringskit rekommenderat f\u00f6r anv\u00e4ndning med alla Linear-lampor. Tillverkad i mjukt st\u00e5l F\u00f6rbehandlad med elektrodopplackering, d\u00e4refter pulverlackerad, svart H\u00e5rdvara i A2-rostfritt st\u00e5l ing\u00e5r Fullt justerbar s\u00e5 att lampor kan h\u00f6jas\/s\u00e4nkas med\u00a0&lt;13mm Paketinneh\u00e5ll: 2x Side Brackets (for Linear) Fixtures<\/p>","protected":false},"featured_media":6293,"comment_status":"closed","ping_status":"open","template":"","meta":{"_acf_changed":false,"_smort_price_nok":"256","_smort_price_dkk":"163","_smort_price_eur":"21.82","_smort_sale_price_nok":"","_smort_sale_price_dkk":"","_smort_sale_price_eur":"","smort_restorder":"","shipmondo_restorder":"","_kad_blocks_custom_css":"","_kad_blocks_head_custom_js":"","_kad_blocks_body_custom_js":"","_kad_blocks_footer_custom_js":"","smort_custom_pricelist_1":"153.6","smort_custom_pricelist_2":"153.6","smort_custom_pricelist_3":"153.6","smort_custom_pricelist_4":"192","smort_custom_pricelist_5":"153.6"},"anvandningsomrade":[],"bilmarken":[],"product_brand":[1124],"product_cat":[2537,2828,2538,390],"product_tag":[2735],"class_list":{"0":"post-6292","1":"product","2":"type-product","3":"status-publish","4":"has-post-thumbnail","6":"product_brand-lazer","7":"product_cat-fasten-ledramper","8":"product_cat-installation-led-ramper","9":"product_cat-tillbehor-fasten-ledramper","10":"product_cat-installation","11":"product_tag-lazer","13":"first","14":"onbackorder","15":"taxable","16":"shipping-taxable","17":"purchasable","18":"product-type-simple"},"bundled_by":[],"bundle_stock_status":"onbackorder","bundle_stock_quantity":0,"bundle_virtual":false,"bundle_layout":"","bundle_add_to_cart_form_location":"","bundle_editable_in_cart":false,"bundle_sold_individually_context":"","bundle_item_grouping":"","bundle_min_size":"","bundle_max_size":"","bundle_price":[],"bundled_items":[],"bundle_sell_ids":[],"acf":[],"yoast_head":"<!-- This site is optimized with the Yoast SEO plugin v27.0 - https:\/\/yoast.com\/product\/yoast-seo-wordpress\/ -->\n<title>Lazer sidomonteringskit f\u00f6r Linear-serien (Rostfritt st\u00e5l) - Xenonkungen<\/title>\n<meta name=\"robots\" content=\"index, follow, max-snippet:-1, max-image-preview:large, max-video-preview:-1\" \/>\n<link rel=\"canonical\" href=\"https:\/\/xenonkungen.com\/dk\/vare\/lazer-sidemonteringssaet-til-lineaer-serie-rustfrit-stal\/\" \/>\n<meta property=\"og:locale\" content=\"da_DK\" \/>\n<meta property=\"og:type\" content=\"article\" \/>\n<meta property=\"og:title\" content=\"Lazer sidomonteringskit f\u00f6r Linear-serien (Rostfritt st\u00e5l) - Xenonkungen\" \/>\n<meta property=\"og:description\" content=\"Sidomonteringskit rekommenderat f\u00f6r anv\u00e4ndning med alla Linear-lampor. Tillverkad i mjukt st\u00e5l F\u00f6rbehandlad med elektrodopplackering, d\u00e4refter pulverlackerad, svart H\u00e5rdvara i A2-rostfritt st\u00e5l ing\u00e5r Fullt justerbar s\u00e5 att lampor kan h\u00f6jas\/s\u00e4nkas med\u00a0&lt;13mm Paketinneh\u00e5ll: 2x Side Brackets (for Linear) Fixtures\" \/>\n<meta property=\"og:url\" content=\"https:\/\/xenonkungen.com\/dk\/vare\/lazer-sidemonteringssaet-til-lineaer-serie-rustfrit-stal\/\" \/>\n<meta property=\"og:site_name\" content=\"Xenonkungen\" \/>\n<meta property=\"article:modified_time\" content=\"2026-03-04T15:35:54+00:00\" \/>\n<meta property=\"og:image\" content=\"https:\/\/xenonkungen.com\/wp-content\/uploads\/2025\/04\/linear-std-side-brackets_-_product_photo_-_web.jpg\" \/>\n\t<meta property=\"og:image:width\" content=\"1000\" \/>\n\t<meta property=\"og:image:height\" content=\"750\" \/>\n\t<meta property=\"og:image:type\" content=\"image\/jpeg\" \/>\n<meta name=\"twitter:card\" content=\"summary_large_image\" \/>\n<script type=\"application\/ld+json\" class=\"yoast-schema-graph\">{\"@context\":\"https:\/\/schema.org\",\"@graph\":[{\"@type\":\"WebPage\",\"@id\":\"https:\/\/xenonkungen.com\/produkt\/lazer-sidomonteringskit-for-linear-serien-rostfritt-stal\/\",\"url\":\"https:\/\/xenonkungen.com\/produkt\/lazer-sidomonteringskit-for-linear-serien-rostfritt-stal\/\",\"name\":\"Lazer sidomonteringskit f\u00f6r Linear-serien (Rostfritt st\u00e5l) - Xenonkungen\",\"isPartOf\":{\"@id\":\"https:\/\/xenonkungen.com\/#website\"},\"primaryImageOfPage\":{\"@id\":\"https:\/\/xenonkungen.com\/produkt\/lazer-sidomonteringskit-for-linear-serien-rostfritt-stal\/#primaryimage\"},\"image\":{\"@id\":\"https:\/\/xenonkungen.com\/produkt\/lazer-sidomonteringskit-for-linear-serien-rostfritt-stal\/#primaryimage\"},\"thumbnailUrl\":\"https:\/\/xenonkungen.com\/wp-content\/uploads\/2025\/04\/linear-std-side-brackets_-_product_photo_-_web.jpg\",\"datePublished\":\"2025-04-15T09:44:53+00:00\",\"dateModified\":\"2026-03-04T15:35:54+00:00\",\"breadcrumb\":{\"@id\":\"https:\/\/xenonkungen.com\/produkt\/lazer-sidomonteringskit-for-linear-serien-rostfritt-stal\/#breadcrumb\"},\"inLanguage\":\"da-DK\",\"potentialAction\":[{\"@type\":\"ReadAction\",\"target\":[\"https:\/\/xenonkungen.com\/produkt\/lazer-sidomonteringskit-for-linear-serien-rostfritt-stal\/\"]}]},{\"@type\":\"ImageObject\",\"inLanguage\":\"da-DK\",\"@id\":\"https:\/\/xenonkungen.com\/produkt\/lazer-sidomonteringskit-for-linear-serien-rostfritt-stal\/#primaryimage\",\"url\":\"https:\/\/xenonkungen.com\/wp-content\/uploads\/2025\/04\/linear-std-side-brackets_-_product_photo_-_web.jpg\",\"contentUrl\":\"https:\/\/xenonkungen.com\/wp-content\/uploads\/2025\/04\/linear-std-side-brackets_-_product_photo_-_web.jpg\",\"width\":1000,\"height\":750},{\"@type\":\"BreadcrumbList\",\"@id\":\"https:\/\/xenonkungen.com\/produkt\/lazer-sidomonteringskit-for-linear-serien-rostfritt-stal\/#breadcrumb\",\"itemListElement\":[{\"@type\":\"ListItem\",\"position\":1,\"name\":\"Hem\",\"item\":\"https:\/\/xenonkungen.com\/\"},{\"@type\":\"ListItem\",\"position\":2,\"name\":\"Shop\",\"item\":\"https:\/\/xenonkungen.com\/shop\/\"},{\"@type\":\"ListItem\",\"position\":3,\"name\":\"Lazer sidomonteringskit f\u00f6r Linear-serien (Rostfritt st\u00e5l)\"}]},{\"@type\":\"WebSite\",\"@id\":\"https:\/\/xenonkungen.com\/#website\",\"url\":\"https:\/\/xenonkungen.com\/\",\"name\":\"Xenonkungen\",\"description\":\"\",\"potentialAction\":[{\"@type\":\"SearchAction\",\"target\":{\"@type\":\"EntryPoint\",\"urlTemplate\":\"https:\/\/xenonkungen.com\/?s={search_term_string}\"},\"query-input\":{\"@type\":\"PropertyValueSpecification\",\"valueRequired\":true,\"valueName\":\"search_term_string\"}}],\"inLanguage\":\"da-DK\"}]}<\/script>\n<!-- \/ Yoast SEO plugin. -->","yoast_head_json":{"title":"Lazer sidemonteringss\u00e6t til Linear-serien (rustfrit st\u00e5l) - Xenonkungen","robots":{"index":"index","follow":"follow","max-snippet":"max-snippet:-1","max-image-preview":"max-image-preview:large","max-video-preview":"max-video-preview:-1"},"canonical":"https:\/\/xenonkungen.com\/dk\/vare\/lazer-sidemonteringssaet-til-lineaer-serie-rustfrit-stal\/","og_locale":"da_DK","og_type":"article","og_title":"Lazer sidomonteringskit f\u00f6r Linear-serien (Rostfritt st\u00e5l) - Xenonkungen","og_description":"Sidomonteringskit rekommenderat f\u00f6r anv\u00e4ndning med alla Linear-lampor. Tillverkad i mjukt st\u00e5l F\u00f6rbehandlad med elektrodopplackering, d\u00e4refter pulverlackerad, svart H\u00e5rdvara i A2-rostfritt st\u00e5l ing\u00e5r Fullt justerbar s\u00e5 att lampor kan h\u00f6jas\/s\u00e4nkas med\u00a0&lt;13mm Paketinneh\u00e5ll: 2x Side Brackets (for Linear) Fixtures","og_url":"https:\/\/xenonkungen.com\/dk\/vare\/lazer-sidemonteringssaet-til-lineaer-serie-rustfrit-stal\/","og_site_name":"Xenonkungen","article_modified_time":"2026-03-04T15:35:54+00:00","og_image":[{"width":1000,"height":750,"url":"https:\/\/xenonkungen.com\/wp-content\/uploads\/2025\/04\/linear-std-side-brackets_-_product_photo_-_web.jpg","type":"image\/jpeg"}],"twitter_card":"summary_large_image","schema":{"@context":"https:\/\/schema.org","@graph":[{"@type":"WebPage","@id":"https:\/\/xenonkungen.com\/produkt\/lazer-sidomonteringskit-for-linear-serien-rostfritt-stal\/","url":"https:\/\/xenonkungen.com\/produkt\/lazer-sidomonteringskit-for-linear-serien-rostfritt-stal\/","name":"Lazer sidemonteringss\u00e6t til Linear-serien (rustfrit st\u00e5l) - Xenonkungen","isPartOf":{"@id":"https:\/\/xenonkungen.com\/#website"},"primaryImageOfPage":{"@id":"https:\/\/xenonkungen.com\/produkt\/lazer-sidomonteringskit-for-linear-serien-rostfritt-stal\/#primaryimage"},"image":{"@id":"https:\/\/xenonkungen.com\/produkt\/lazer-sidomonteringskit-for-linear-serien-rostfritt-stal\/#primaryimage"},"thumbnailUrl":"https:\/\/xenonkungen.com\/wp-content\/uploads\/2025\/04\/linear-std-side-brackets_-_product_photo_-_web.jpg","datePublished":"2025-04-15T09:44:53+00:00","dateModified":"2026-03-04T15:35:54+00:00","breadcrumb":{"@id":"https:\/\/xenonkungen.com\/produkt\/lazer-sidomonteringskit-for-linear-serien-rostfritt-stal\/#breadcrumb"},"inLanguage":"da-DK","potentialAction":[{"@type":"ReadAction","target":["https:\/\/xenonkungen.com\/produkt\/lazer-sidomonteringskit-for-linear-serien-rostfritt-stal\/"]}]},{"@type":"ImageObject","inLanguage":"da-DK","@id":"https:\/\/xenonkungen.com\/produkt\/lazer-sidomonteringskit-for-linear-serien-rostfritt-stal\/#primaryimage","url":"https:\/\/xenonkungen.com\/wp-content\/uploads\/2025\/04\/linear-std-side-brackets_-_product_photo_-_web.jpg","contentUrl":"https:\/\/xenonkungen.com\/wp-content\/uploads\/2025\/04\/linear-std-side-brackets_-_product_photo_-_web.jpg","width":1000,"height":750},{"@type":"BreadcrumbList","@id":"https:\/\/xenonkungen.com\/produkt\/lazer-sidomonteringskit-for-linear-serien-rostfritt-stal\/#breadcrumb","itemListElement":[{"@type":"ListItem","position":1,"name":"Hem","item":"https:\/\/xenonkungen.com\/"},{"@type":"ListItem","position":2,"name":"Shop","item":"https:\/\/xenonkungen.com\/shop\/"},{"@type":"ListItem","position":3,"name":"Lazer sidomonteringskit f\u00f6r Linear-serien (Rostfritt st\u00e5l)"}]},{"@type":"WebSite","@id":"https:\/\/xenonkungen.com\/#website","url":"https:\/\/xenonkungen.com\/","name":"Xenonkungen","description":"","potentialAction":[{"@type":"SearchAction","target":{"@type":"EntryPoint","urlTemplate":"https:\/\/xenonkungen.com\/?s={search_term_string}"},"query-input":{"@type":"PropertyValueSpecification","valueRequired":true,"valueName":"search_term_string"}}],"inLanguage":"da-DK"}]}},"taxonomy_info":{"product_brand":[{"value":1124,"label":"Lazer"}],"product_cat":[{"value":2537,"label":"F\u00e4sten"},{"value":2828,"label":"Installation LED-ramper"},{"value":2538,"label":"Tillbeh\u00f6r"},{"value":390,"label":"Installation"}],"product_tag":[{"value":2735,"label":"Lazer"}]},"featured_image_src_large":["https:\/\/xenonkungen.com\/wp-content\/uploads\/2025\/04\/linear-std-side-brackets_-_product_photo_-_web.jpg",1000,750,false],"author_info":[],"comment_info":0,"_links":{"self":[{"href":"https:\/\/xenonkungen.com\/dk\/wp-json\/wp\/v2\/product\/6292","targetHints":{"allow":["GET"]}}],"collection":[{"href":"https:\/\/xenonkungen.com\/dk\/wp-json\/wp\/v2\/product"}],"about":[{"href":"https:\/\/xenonkungen.com\/dk\/wp-json\/wp\/v2\/types\/product"}],"replies":[{"embeddable":true,"href":"https:\/\/xenonkungen.com\/dk\/wp-json\/wp\/v2\/comments?post=6292"}],"wp:featuredmedia":[{"embeddable":true,"href":"https:\/\/xenonkungen.com\/dk\/wp-json\/wp\/v2\/media\/6293"}],"wp:attachment":[{"href":"https:\/\/xenonkungen.com\/dk\/wp-json\/wp\/v2\/media?parent=6292"}],"wp:term":[{"taxonomy":"anvandningsomrade","embeddable":true,"href":"https:\/\/xenonkungen.com\/dk\/wp-json\/wp\/v2\/anvandningsomrade?post=6292"},{"taxonomy":"bilmarken","embeddable":true,"href":"https:\/\/xenonkungen.com\/dk\/wp-json\/wp\/v2\/bilmarken?post=6292"},{"taxonomy":"product_brand","embeddable":true,"href":"https:\/\/xenonkungen.com\/dk\/wp-json\/wp\/v2\/product_brand?post=6292"},{"taxonomy":"product_cat","embeddable":true,"href":"https:\/\/xenonkungen.com\/dk\/wp-json\/wp\/v2\/product_cat?post=6292"},{"taxonomy":"product_tag","embeddable":true,"href":"https:\/\/xenonkungen.com\/dk\/wp-json\/wp\/v2\/product_tag?post=6292"}],"curies":[{"name":"wp","href":"https:\/\/api.w.org\/{rel}","templated":true}]}}