{"id":6397,"date":"2025-04-15T09:46:04","date_gmt":"2025-04-15T09:46:04","guid":{"rendered":"https:\/\/xenonkungen.com\/product\/neoprenskydd-linear-12-382mm\/"},"modified":"2025-12-10T14:47:43","modified_gmt":"2025-12-10T13:47:43","slug":"neoprenbetraek-lineaert-12-382-mm","status":"publish","type":"product","link":"https:\/\/xenonkungen.com\/dk\/vare\/neoprenbetraek-lineaert-12-382-mm\/","title":{"rendered":"NEOPRENBETR\u00c6K LINE\u00c6R-12 | 382MM"},"content":{"rendered":"<h1>Lazer lygtebeskytter til Triple-R og Linear-serien - St\u00f8dsikker og vaskbar neopren<\/h1>\n<p>Lazer lygtebeskyttere til Triple-R- og Linear-serierne er lavet af h\u00f8jteknologisk st\u00f8dsikker og vaskbar neopren. Disse beskyttere er specielt designet til at give optimal beskyttelse af dine lygtebomme og sikre, at de forbliver i perfekt stand mellem brug. Med den enkle brug af velcro kan du fastg\u00f8re d\u00e6kslet sikkert, n\u00e5r rampen ikke er i brug.<\/p>\n<h2>Fordele ved Lazer lygtebeskyttelse<\/h2>\n<ul>\n<li>St\u00f8dsikker og vaskbar neoprenkonstruktion<\/li>\n<li>Nem og sikker montering med velcro<\/li>\n<li>Reducerer vindst\u00f8j fra tagmonterede ramper<\/li>\n<\/ul>\n<h2>Produktspecifikationer:<\/h2>\n<ul>\n<li>Fremstillet af h\u00f8jteknologisk st\u00f8dsikker og vaskbar neopren<\/li>\n<li>Nem montering med velcro<\/li>\n<li>Reducerer vindst\u00f8j fra tagmonterede ramper<\/li>\n<\/ul>","protected":false},"excerpt":{"rendered":"<p>Lazer ljusrampsbeskydd f\u00f6r Triple-R och Linear-serierna &#8211; St\u00f6ts\u00e4ker och Tv\u00e4ttbar Neopren Lazer ljusrampsbeskydd f\u00f6r Triple-R och Linear-serierna \u00e4r tillverkade av h\u00f6gteknologiskt st\u00f6ts\u00e4kert och tv\u00e4ttbart neopren. Dessa skydd \u00e4r speciellt designade f\u00f6r att ge optimalt skydd \u00e5t dina ljusrampar och s\u00e4kerst\u00e4lla att de f\u00f6rblir i perfekt skick mellan anv\u00e4ndningstillf\u00e4llen. Med enkel anv\u00e4ndning av kardborreband kan du [&hellip;]<\/p>","protected":false},"featured_media":6398,"comment_status":"closed","ping_status":"open","template":"","meta":{"_acf_changed":false,"_smort_price_nok":"545","_smort_price_dkk":"346","_smort_price_eur":"46.36","_smort_sale_price_nok":"","_smort_sale_price_dkk":"","_smort_sale_price_eur":"","smort_restorder":"","shipmondo_restorder":"","_kad_blocks_custom_css":"","_kad_blocks_head_custom_js":"","_kad_blocks_body_custom_js":"","_kad_blocks_footer_custom_js":"","smort_custom_pricelist_1":"326.4","smort_custom_pricelist_2":"326.4","smort_custom_pricelist_3":"326.4","smort_custom_pricelist_4":"408","smort_custom_pricelist_5":"326.4"},"anvandningsomrade":[],"bilmarken":[],"product_brand":[2793],"product_cat":[2612,2828,2539,2613],"product_tag":[2735],"class_list":{"0":"post-6397","1":"product","2":"type-product","3":"status-publish","4":"has-post-thumbnail","6":"product_brand-ovrigt","7":"product_cat-tillbehor-installation-ledramper","8":"product_cat-installation-led-ramper","9":"product_cat-ledramper","10":"product_cat-ovriga-tillbehor-tillbehor-installation-ledramper","11":"product_tag-lazer","13":"first","14":"instock","15":"taxable","16":"shipping-taxable","17":"purchasable","18":"product-type-simple"},"bundled_by":[],"bundle_stock_status":"instock","bundle_stock_quantity":1,"bundle_virtual":false,"bundle_layout":"","bundle_add_to_cart_form_location":"","bundle_editable_in_cart":false,"bundle_sold_individually_context":"","bundle_item_grouping":"","bundle_min_size":"","bundle_max_size":"","bundle_price":[],"bundled_items":[],"bundle_sell_ids":[],"acf":[],"yoast_head":"<!-- This site is optimized with the Yoast SEO plugin v27.0 - https:\/\/yoast.com\/product\/yoast-seo-wordpress\/ -->\n<title>NEOPRENSKYDD LINEAR-12 | 382MM - Xenonkungen<\/title>\n<meta name=\"robots\" content=\"index, follow, max-snippet:-1, max-image-preview:large, max-video-preview:-1\" \/>\n<link rel=\"canonical\" href=\"https:\/\/xenonkungen.com\/dk\/vare\/neoprenbetraek-lineaert-12-382-mm\/\" \/>\n<meta property=\"og:locale\" content=\"da_DK\" \/>\n<meta property=\"og:type\" content=\"article\" \/>\n<meta property=\"og:title\" content=\"NEOPRENSKYDD LINEAR-12 | 382MM - Xenonkungen\" \/>\n<meta property=\"og:description\" content=\"Lazer ljusrampsbeskydd f\u00f6r Triple-R och Linear-serierna &#8211; St\u00f6ts\u00e4ker och Tv\u00e4ttbar Neopren Lazer ljusrampsbeskydd f\u00f6r Triple-R och Linear-serierna \u00e4r tillverkade av h\u00f6gteknologiskt st\u00f6ts\u00e4kert och tv\u00e4ttbart neopren. Dessa skydd \u00e4r speciellt designade f\u00f6r att ge optimalt skydd \u00e5t dina ljusrampar och s\u00e4kerst\u00e4lla att de f\u00f6rblir i perfekt skick mellan anv\u00e4ndningstillf\u00e4llen. Med enkel anv\u00e4ndning av kardborreband kan du [&hellip;]\" \/>\n<meta property=\"og:url\" content=\"https:\/\/xenonkungen.com\/dk\/vare\/neoprenbetraek-lineaert-12-382-mm\/\" \/>\n<meta property=\"og:site_name\" content=\"Xenonkungen\" \/>\n<meta property=\"article:modified_time\" content=\"2025-12-10T13:47:43+00:00\" \/>\n<meta property=\"og:image\" content=\"https:\/\/xenonkungen.com\/wp-content\/uploads\/2025\/04\/Linear_impact_cover-1.jpg\" \/>\n\t<meta property=\"og:image:width\" content=\"1000\" \/>\n\t<meta property=\"og:image:height\" content=\"750\" \/>\n\t<meta property=\"og:image:type\" content=\"image\/jpeg\" \/>\n<meta name=\"twitter:card\" content=\"summary_large_image\" \/>\n<meta name=\"twitter:label1\" content=\"Estimeret l\u00e6setid\" \/>\n\t<meta name=\"twitter:data1\" content=\"1 minut\" \/>\n<script type=\"application\/ld+json\" class=\"yoast-schema-graph\">{\"@context\":\"https:\/\/schema.org\",\"@graph\":[{\"@type\":\"WebPage\",\"@id\":\"https:\/\/xenonkungen.com\/de\/produkt\/neoprenabdeckung-linear-12-382-mm\/\",\"url\":\"https:\/\/xenonkungen.com\/de\/produkt\/neoprenabdeckung-linear-12-382-mm\/\",\"name\":\"NEOPRENSKYDD LINEAR-12 | 382MM - Xenonkungen\",\"isPartOf\":{\"@id\":\"https:\/\/xenonkungen.com\/#website\"},\"primaryImageOfPage\":{\"@id\":\"https:\/\/xenonkungen.com\/de\/produkt\/neoprenabdeckung-linear-12-382-mm\/#primaryimage\"},\"image\":{\"@id\":\"https:\/\/xenonkungen.com\/de\/produkt\/neoprenabdeckung-linear-12-382-mm\/#primaryimage\"},\"thumbnailUrl\":\"https:\/\/xenonkungen.com\/wp-content\/uploads\/2025\/04\/Linear_impact_cover-1.jpg\",\"datePublished\":\"2025-04-15T09:46:04+00:00\",\"dateModified\":\"2025-12-10T13:47:43+00:00\",\"breadcrumb\":{\"@id\":\"https:\/\/xenonkungen.com\/de\/produkt\/neoprenabdeckung-linear-12-382-mm\/#breadcrumb\"},\"inLanguage\":\"da-DK\",\"potentialAction\":[{\"@type\":\"ReadAction\",\"target\":[\"https:\/\/xenonkungen.com\/de\/produkt\/neoprenabdeckung-linear-12-382-mm\/\"]}]},{\"@type\":\"ImageObject\",\"inLanguage\":\"da-DK\",\"@id\":\"https:\/\/xenonkungen.com\/de\/produkt\/neoprenabdeckung-linear-12-382-mm\/#primaryimage\",\"url\":\"https:\/\/xenonkungen.com\/wp-content\/uploads\/2025\/04\/Linear_impact_cover-1.jpg\",\"contentUrl\":\"https:\/\/xenonkungen.com\/wp-content\/uploads\/2025\/04\/Linear_impact_cover-1.jpg\",\"width\":1000,\"height\":750},{\"@type\":\"BreadcrumbList\",\"@id\":\"https:\/\/xenonkungen.com\/de\/produkt\/neoprenabdeckung-linear-12-382-mm\/#breadcrumb\",\"itemListElement\":[{\"@type\":\"ListItem\",\"position\":1,\"name\":\"Hem\",\"item\":\"https:\/\/xenonkungen.com\/\"},{\"@type\":\"ListItem\",\"position\":2,\"name\":\"Shop\",\"item\":\"https:\/\/xenonkungen.com\/shop\/\"},{\"@type\":\"ListItem\",\"position\":3,\"name\":\"NEOPRENSKYDD LINEAR-12 | 382MM\"}]},{\"@type\":\"WebSite\",\"@id\":\"https:\/\/xenonkungen.com\/#website\",\"url\":\"https:\/\/xenonkungen.com\/\",\"name\":\"Xenonkungen\",\"description\":\"\",\"potentialAction\":[{\"@type\":\"SearchAction\",\"target\":{\"@type\":\"EntryPoint\",\"urlTemplate\":\"https:\/\/xenonkungen.com\/?s={search_term_string}\"},\"query-input\":{\"@type\":\"PropertyValueSpecification\",\"valueRequired\":true,\"valueName\":\"search_term_string\"}}],\"inLanguage\":\"da-DK\"}]}<\/script>\n<!-- \/ Yoast SEO plugin. -->","yoast_head_json":{"title":"NEOPRENBESKYTTELSE LINEAR-12 | 382 MM - Xenon-kongen","robots":{"index":"index","follow":"follow","max-snippet":"max-snippet:-1","max-image-preview":"max-image-preview:large","max-video-preview":"max-video-preview:-1"},"canonical":"https:\/\/xenonkungen.com\/dk\/vare\/neoprenbetraek-lineaert-12-382-mm\/","og_locale":"da_DK","og_type":"article","og_title":"NEOPRENSKYDD LINEAR-12 | 382MM - Xenonkungen","og_description":"Lazer ljusrampsbeskydd f\u00f6r Triple-R och Linear-serierna &#8211; St\u00f6ts\u00e4ker och Tv\u00e4ttbar Neopren Lazer ljusrampsbeskydd f\u00f6r Triple-R och Linear-serierna \u00e4r tillverkade av h\u00f6gteknologiskt st\u00f6ts\u00e4kert och tv\u00e4ttbart neopren. Dessa skydd \u00e4r speciellt designade f\u00f6r att ge optimalt skydd \u00e5t dina ljusrampar och s\u00e4kerst\u00e4lla att de f\u00f6rblir i perfekt skick mellan anv\u00e4ndningstillf\u00e4llen. Med enkel anv\u00e4ndning av kardborreband kan du [&hellip;]","og_url":"https:\/\/xenonkungen.com\/dk\/vare\/neoprenbetraek-lineaert-12-382-mm\/","og_site_name":"Xenonkungen","article_modified_time":"2025-12-10T13:47:43+00:00","og_image":[{"width":1000,"height":750,"url":"https:\/\/xenonkungen.com\/wp-content\/uploads\/2025\/04\/Linear_impact_cover-1.jpg","type":"image\/jpeg"}],"twitter_card":"summary_large_image","twitter_misc":{"Estimeret l\u00e6setid":"1 minut"},"schema":{"@context":"https:\/\/schema.org","@graph":[{"@type":"WebPage","@id":"https:\/\/xenonkungen.com\/de\/produkt\/neoprenabdeckung-linear-12-382-mm\/","url":"https:\/\/xenonkungen.com\/de\/produkt\/neoprenabdeckung-linear-12-382-mm\/","name":"NEOPRENBESKYTTELSE LINEAR-12 | 382 MM - Xenon-kongen","isPartOf":{"@id":"https:\/\/xenonkungen.com\/#website"},"primaryImageOfPage":{"@id":"https:\/\/xenonkungen.com\/de\/produkt\/neoprenabdeckung-linear-12-382-mm\/#primaryimage"},"image":{"@id":"https:\/\/xenonkungen.com\/de\/produkt\/neoprenabdeckung-linear-12-382-mm\/#primaryimage"},"thumbnailUrl":"https:\/\/xenonkungen.com\/wp-content\/uploads\/2025\/04\/Linear_impact_cover-1.jpg","datePublished":"2025-04-15T09:46:04+00:00","dateModified":"2025-12-10T13:47:43+00:00","breadcrumb":{"@id":"https:\/\/xenonkungen.com\/de\/produkt\/neoprenabdeckung-linear-12-382-mm\/#breadcrumb"},"inLanguage":"da-DK","potentialAction":[{"@type":"ReadAction","target":["https:\/\/xenonkungen.com\/de\/produkt\/neoprenabdeckung-linear-12-382-mm\/"]}]},{"@type":"ImageObject","inLanguage":"da-DK","@id":"https:\/\/xenonkungen.com\/de\/produkt\/neoprenabdeckung-linear-12-382-mm\/#primaryimage","url":"https:\/\/xenonkungen.com\/wp-content\/uploads\/2025\/04\/Linear_impact_cover-1.jpg","contentUrl":"https:\/\/xenonkungen.com\/wp-content\/uploads\/2025\/04\/Linear_impact_cover-1.jpg","width":1000,"height":750},{"@type":"BreadcrumbList","@id":"https:\/\/xenonkungen.com\/de\/produkt\/neoprenabdeckung-linear-12-382-mm\/#breadcrumb","itemListElement":[{"@type":"ListItem","position":1,"name":"Hem","item":"https:\/\/xenonkungen.com\/"},{"@type":"ListItem","position":2,"name":"Shop","item":"https:\/\/xenonkungen.com\/shop\/"},{"@type":"ListItem","position":3,"name":"NEOPRENSKYDD LINEAR-12 | 382MM"}]},{"@type":"WebSite","@id":"https:\/\/xenonkungen.com\/#website","url":"https:\/\/xenonkungen.com\/","name":"Xenonkungen","description":"","potentialAction":[{"@type":"SearchAction","target":{"@type":"EntryPoint","urlTemplate":"https:\/\/xenonkungen.com\/?s={search_term_string}"},"query-input":{"@type":"PropertyValueSpecification","valueRequired":true,"valueName":"search_term_string"}}],"inLanguage":"da-DK"}]}},"taxonomy_info":{"product_brand":[{"value":2793,"label":"\u00d6VRIGT"}],"product_cat":[{"value":2612,"label":"INSTALLATION"},{"value":2828,"label":"Installation LED-ramper"},{"value":2539,"label":"LEDRAMPER"},{"value":2613,"label":"\u00d6vriga Tillbeh\u00f6r"}],"product_tag":[{"value":2735,"label":"Lazer"}]},"featured_image_src_large":["https:\/\/xenonkungen.com\/wp-content\/uploads\/2025\/04\/Linear_impact_cover-1.jpg",1000,750,false],"author_info":[],"comment_info":0,"_links":{"self":[{"href":"https:\/\/xenonkungen.com\/dk\/wp-json\/wp\/v2\/product\/6397","targetHints":{"allow":["GET"]}}],"collection":[{"href":"https:\/\/xenonkungen.com\/dk\/wp-json\/wp\/v2\/product"}],"about":[{"href":"https:\/\/xenonkungen.com\/dk\/wp-json\/wp\/v2\/types\/product"}],"replies":[{"embeddable":true,"href":"https:\/\/xenonkungen.com\/dk\/wp-json\/wp\/v2\/comments?post=6397"}],"wp:featuredmedia":[{"embeddable":true,"href":"https:\/\/xenonkungen.com\/dk\/wp-json\/wp\/v2\/media\/6398"}],"wp:attachment":[{"href":"https:\/\/xenonkungen.com\/dk\/wp-json\/wp\/v2\/media?parent=6397"}],"wp:term":[{"taxonomy":"anvandningsomrade","embeddable":true,"href":"https:\/\/xenonkungen.com\/dk\/wp-json\/wp\/v2\/anvandningsomrade?post=6397"},{"taxonomy":"bilmarken","embeddable":true,"href":"https:\/\/xenonkungen.com\/dk\/wp-json\/wp\/v2\/bilmarken?post=6397"},{"taxonomy":"product_brand","embeddable":true,"href":"https:\/\/xenonkungen.com\/dk\/wp-json\/wp\/v2\/product_brand?post=6397"},{"taxonomy":"product_cat","embeddable":true,"href":"https:\/\/xenonkungen.com\/dk\/wp-json\/wp\/v2\/product_cat?post=6397"},{"taxonomy":"product_tag","embeddable":true,"href":"https:\/\/xenonkungen.com\/dk\/wp-json\/wp\/v2\/product_tag?post=6397"}],"curies":[{"name":"wp","href":"https:\/\/api.w.org\/{rel}","templated":true}]}}