{"id":6403,"date":"2025-04-15T09:46:04","date_gmt":"2025-04-15T09:46:04","guid":{"rendered":"https:\/\/xenonkungen.com\/product\/neoprenskydd-linear-24-682mm\/"},"modified":"2025-12-10T14:47:43","modified_gmt":"2025-12-10T13:47:43","slug":"neoprenbetraek-lineaert-24-682-mm","status":"publish","type":"product","link":"https:\/\/xenonkungen.com\/dk\/vare\/neoprenbetraek-lineaert-24-682-mm\/","title":{"rendered":"NEOPRENBESKYTTELSE LINEAR-24 | 682 MM"},"content":{"rendered":"<h2>Laserlysbj\u00e6lkebeskyttelse til Triple-R og Linear-serien<\/h2>\n<p>Lazer-lysbj\u00e6lkebeskyttere er specielt designet til at beskytte og holde din Triple-R og Linear-lysbj\u00e6lke i perfekt stand. Disse beskyttere er lavet af h\u00f8jteknologisk st\u00f8dabsorberende og vaskbar neopren og tilbyder enest\u00e5ende beskyttelse mod st\u00f8d og slid.<\/p>\n<p>Du kan nemt fastg\u00f8re d\u00e6kslet med velcro, n\u00e5r du ikke bruger rampen, hvilket sikrer, at det forbliver beskyttet og klar til n\u00e6ste brug. Ved at bruge d\u00e6kslerne kan du forl\u00e6nge levetiden p\u00e5 din lysbj\u00e6lke og undg\u00e5 skader for\u00e5rsaget af st\u00f8v, snavs og utilsigtede st\u00f8d.<\/p>\n<p>En anden fordel ved de smart designede afsk\u00e6rmninger er, at de reducerer eventuel vindst\u00f8j, der kan opst\u00e5, n\u00e5r du har rampen monteret p\u00e5 taget. Ved at installere rampeafsk\u00e6rmningerne reducerer du st\u00f8jniveauet betydeligt og kan nyde en mere st\u00f8jsvag k\u00f8reoplevelse.<\/p>\n<p>Invester i Lazer-lysbj\u00e6lkebeskyttere for at sikre optimal beskyttelse og ydeevne til dine Triple-R og Linear-lysbj\u00e6lker. Med disse beskyttere kan du v\u00e6re sikker p\u00e5, at din bj\u00e6lke er i perfekt stand, hver gang du skal bruge den.<\/p>","protected":false},"excerpt":{"rendered":"<p>Lazer-ljusrampsskydd f\u00f6r Triple-R- och Linear-serierna Lazer-ljusrampsskydd \u00e4r speciellt utformade f\u00f6r att skydda och bevara din Triple-R- och Linear-ljusramp i perfekt skick. Tillverkade av h\u00f6gteknologiskt st\u00f6td\u00e4mpande och tv\u00e4ttbar neopren, erbjuder dessa skydd enast\u00e5ende skydd mot st\u00f6tar och slitage. Du kan enkelt f\u00e4sta skyddet med kardborreband n\u00e4r du inte anv\u00e4nder rampen, vilket s\u00e4kerst\u00e4ller att den f\u00f6rblir skyddad [&hellip;]<\/p>","protected":false},"featured_media":6404,"comment_status":"closed","ping_status":"open","template":"","meta":{"_acf_changed":false,"_smort_price_nok":"838","_smort_price_dkk":"533","_smort_price_eur":"71.36","_smort_sale_price_nok":"","_smort_sale_price_dkk":"","_smort_sale_price_eur":"","smort_restorder":"","shipmondo_restorder":"","_kad_blocks_custom_css":"","_kad_blocks_head_custom_js":"","_kad_blocks_body_custom_js":"","_kad_blocks_footer_custom_js":"","smort_custom_pricelist_1":"502.4","smort_custom_pricelist_2":"502.4","smort_custom_pricelist_3":"502.4","smort_custom_pricelist_4":"628","smort_custom_pricelist_5":"502.4"},"anvandningsomrade":[],"bilmarken":[],"product_brand":[2793],"product_cat":[2612,2828,2539,2613],"product_tag":[2735],"class_list":{"0":"post-6403","1":"product","2":"type-product","3":"status-publish","4":"has-post-thumbnail","6":"product_brand-ovrigt","7":"product_cat-tillbehor-installation-ledramper","8":"product_cat-installation-led-ramper","9":"product_cat-ledramper","10":"product_cat-ovriga-tillbehor-tillbehor-installation-ledramper","11":"product_tag-lazer","13":"first","14":"onbackorder","15":"taxable","16":"shipping-taxable","17":"purchasable","18":"product-type-simple"},"bundled_by":[],"bundle_stock_status":"onbackorder","bundle_stock_quantity":0,"bundle_virtual":false,"bundle_layout":"","bundle_add_to_cart_form_location":"","bundle_editable_in_cart":false,"bundle_sold_individually_context":"","bundle_item_grouping":"","bundle_min_size":"","bundle_max_size":"","bundle_price":[],"bundled_items":[],"bundle_sell_ids":[],"acf":[],"yoast_head":"<!-- This site is optimized with the Yoast SEO plugin v27.0 - https:\/\/yoast.com\/product\/yoast-seo-wordpress\/ -->\n<title>NEOPRENSKYDD LINEAR-24 | 682MM - Xenonkungen<\/title>\n<meta name=\"robots\" content=\"index, follow, max-snippet:-1, max-image-preview:large, max-video-preview:-1\" \/>\n<link rel=\"canonical\" href=\"https:\/\/xenonkungen.com\/dk\/vare\/neoprenbetraek-lineaert-24-682-mm\/\" \/>\n<meta property=\"og:locale\" content=\"da_DK\" \/>\n<meta property=\"og:type\" content=\"article\" \/>\n<meta property=\"og:title\" content=\"NEOPRENSKYDD LINEAR-24 | 682MM - Xenonkungen\" \/>\n<meta property=\"og:description\" content=\"Lazer-ljusrampsskydd f\u00f6r Triple-R- och Linear-serierna Lazer-ljusrampsskydd \u00e4r speciellt utformade f\u00f6r att skydda och bevara din Triple-R- och Linear-ljusramp i perfekt skick. Tillverkade av h\u00f6gteknologiskt st\u00f6td\u00e4mpande och tv\u00e4ttbar neopren, erbjuder dessa skydd enast\u00e5ende skydd mot st\u00f6tar och slitage. Du kan enkelt f\u00e4sta skyddet med kardborreband n\u00e4r du inte anv\u00e4nder rampen, vilket s\u00e4kerst\u00e4ller att den f\u00f6rblir skyddad [&hellip;]\" \/>\n<meta property=\"og:url\" content=\"https:\/\/xenonkungen.com\/dk\/vare\/neoprenbetraek-lineaert-24-682-mm\/\" \/>\n<meta property=\"og:site_name\" content=\"Xenonkungen\" \/>\n<meta property=\"article:modified_time\" content=\"2025-12-10T13:47:43+00:00\" \/>\n<meta property=\"og:image\" content=\"https:\/\/xenonkungen.com\/wp-content\/uploads\/2025\/04\/Linear_impact_cover-3.jpg\" \/>\n\t<meta property=\"og:image:width\" content=\"1000\" \/>\n\t<meta property=\"og:image:height\" content=\"750\" \/>\n\t<meta property=\"og:image:type\" content=\"image\/jpeg\" \/>\n<meta name=\"twitter:card\" content=\"summary_large_image\" \/>\n<meta name=\"twitter:label1\" content=\"Estimeret l\u00e6setid\" \/>\n\t<meta name=\"twitter:data1\" content=\"1 minut\" \/>\n<script type=\"application\/ld+json\" class=\"yoast-schema-graph\">{\"@context\":\"https:\/\/schema.org\",\"@graph\":[{\"@type\":\"WebPage\",\"@id\":\"https:\/\/xenonkungen.com\/dk\/vare\/neoprenbetraek-lineaert-24-682-mm\/\",\"url\":\"https:\/\/xenonkungen.com\/dk\/vare\/neoprenbetraek-lineaert-24-682-mm\/\",\"name\":\"NEOPRENSKYDD LINEAR-24 | 682MM - Xenonkungen\",\"isPartOf\":{\"@id\":\"https:\/\/xenonkungen.com\/#website\"},\"primaryImageOfPage\":{\"@id\":\"https:\/\/xenonkungen.com\/dk\/vare\/neoprenbetraek-lineaert-24-682-mm\/#primaryimage\"},\"image\":{\"@id\":\"https:\/\/xenonkungen.com\/dk\/vare\/neoprenbetraek-lineaert-24-682-mm\/#primaryimage\"},\"thumbnailUrl\":\"https:\/\/xenonkungen.com\/wp-content\/uploads\/2025\/04\/Linear_impact_cover-3.jpg\",\"datePublished\":\"2025-04-15T09:46:04+00:00\",\"dateModified\":\"2025-12-10T13:47:43+00:00\",\"breadcrumb\":{\"@id\":\"https:\/\/xenonkungen.com\/dk\/vare\/neoprenbetraek-lineaert-24-682-mm\/#breadcrumb\"},\"inLanguage\":\"da-DK\",\"potentialAction\":[{\"@type\":\"ReadAction\",\"target\":[\"https:\/\/xenonkungen.com\/dk\/vare\/neoprenbetraek-lineaert-24-682-mm\/\"]}]},{\"@type\":\"ImageObject\",\"inLanguage\":\"da-DK\",\"@id\":\"https:\/\/xenonkungen.com\/dk\/vare\/neoprenbetraek-lineaert-24-682-mm\/#primaryimage\",\"url\":\"https:\/\/xenonkungen.com\/wp-content\/uploads\/2025\/04\/Linear_impact_cover-3.jpg\",\"contentUrl\":\"https:\/\/xenonkungen.com\/wp-content\/uploads\/2025\/04\/Linear_impact_cover-3.jpg\",\"width\":1000,\"height\":750},{\"@type\":\"BreadcrumbList\",\"@id\":\"https:\/\/xenonkungen.com\/dk\/vare\/neoprenbetraek-lineaert-24-682-mm\/#breadcrumb\",\"itemListElement\":[{\"@type\":\"ListItem\",\"position\":1,\"name\":\"Hem\",\"item\":\"https:\/\/xenonkungen.com\/\"},{\"@type\":\"ListItem\",\"position\":2,\"name\":\"Shop\",\"item\":\"https:\/\/xenonkungen.com\/shop\/\"},{\"@type\":\"ListItem\",\"position\":3,\"name\":\"NEOPRENSKYDD LINEAR-24 | 682MM\"}]},{\"@type\":\"WebSite\",\"@id\":\"https:\/\/xenonkungen.com\/#website\",\"url\":\"https:\/\/xenonkungen.com\/\",\"name\":\"Xenonkungen\",\"description\":\"\",\"potentialAction\":[{\"@type\":\"SearchAction\",\"target\":{\"@type\":\"EntryPoint\",\"urlTemplate\":\"https:\/\/xenonkungen.com\/?s={search_term_string}\"},\"query-input\":{\"@type\":\"PropertyValueSpecification\",\"valueRequired\":true,\"valueName\":\"search_term_string\"}}],\"inLanguage\":\"da-DK\"}]}<\/script>\n<!-- \/ Yoast SEO plugin. -->","yoast_head_json":{"title":"NEOPRENBESKYTTELSE LINEAR-24 | 682MM - Xenon-kongen","robots":{"index":"index","follow":"follow","max-snippet":"max-snippet:-1","max-image-preview":"max-image-preview:large","max-video-preview":"max-video-preview:-1"},"canonical":"https:\/\/xenonkungen.com\/dk\/vare\/neoprenbetraek-lineaert-24-682-mm\/","og_locale":"da_DK","og_type":"article","og_title":"NEOPRENSKYDD LINEAR-24 | 682MM - Xenonkungen","og_description":"Lazer-ljusrampsskydd f\u00f6r Triple-R- och Linear-serierna Lazer-ljusrampsskydd \u00e4r speciellt utformade f\u00f6r att skydda och bevara din Triple-R- och Linear-ljusramp i perfekt skick. Tillverkade av h\u00f6gteknologiskt st\u00f6td\u00e4mpande och tv\u00e4ttbar neopren, erbjuder dessa skydd enast\u00e5ende skydd mot st\u00f6tar och slitage. Du kan enkelt f\u00e4sta skyddet med kardborreband n\u00e4r du inte anv\u00e4nder rampen, vilket s\u00e4kerst\u00e4ller att den f\u00f6rblir skyddad [&hellip;]","og_url":"https:\/\/xenonkungen.com\/dk\/vare\/neoprenbetraek-lineaert-24-682-mm\/","og_site_name":"Xenonkungen","article_modified_time":"2025-12-10T13:47:43+00:00","og_image":[{"width":1000,"height":750,"url":"https:\/\/xenonkungen.com\/wp-content\/uploads\/2025\/04\/Linear_impact_cover-3.jpg","type":"image\/jpeg"}],"twitter_card":"summary_large_image","twitter_misc":{"Estimeret l\u00e6setid":"1 minut"},"schema":{"@context":"https:\/\/schema.org","@graph":[{"@type":"WebPage","@id":"https:\/\/xenonkungen.com\/dk\/vare\/neoprenbetraek-lineaert-24-682-mm\/","url":"https:\/\/xenonkungen.com\/dk\/vare\/neoprenbetraek-lineaert-24-682-mm\/","name":"NEOPRENBESKYTTELSE LINEAR-24 | 682MM - Xenon-kongen","isPartOf":{"@id":"https:\/\/xenonkungen.com\/#website"},"primaryImageOfPage":{"@id":"https:\/\/xenonkungen.com\/dk\/vare\/neoprenbetraek-lineaert-24-682-mm\/#primaryimage"},"image":{"@id":"https:\/\/xenonkungen.com\/dk\/vare\/neoprenbetraek-lineaert-24-682-mm\/#primaryimage"},"thumbnailUrl":"https:\/\/xenonkungen.com\/wp-content\/uploads\/2025\/04\/Linear_impact_cover-3.jpg","datePublished":"2025-04-15T09:46:04+00:00","dateModified":"2025-12-10T13:47:43+00:00","breadcrumb":{"@id":"https:\/\/xenonkungen.com\/dk\/vare\/neoprenbetraek-lineaert-24-682-mm\/#breadcrumb"},"inLanguage":"da-DK","potentialAction":[{"@type":"ReadAction","target":["https:\/\/xenonkungen.com\/dk\/vare\/neoprenbetraek-lineaert-24-682-mm\/"]}]},{"@type":"ImageObject","inLanguage":"da-DK","@id":"https:\/\/xenonkungen.com\/dk\/vare\/neoprenbetraek-lineaert-24-682-mm\/#primaryimage","url":"https:\/\/xenonkungen.com\/wp-content\/uploads\/2025\/04\/Linear_impact_cover-3.jpg","contentUrl":"https:\/\/xenonkungen.com\/wp-content\/uploads\/2025\/04\/Linear_impact_cover-3.jpg","width":1000,"height":750},{"@type":"BreadcrumbList","@id":"https:\/\/xenonkungen.com\/dk\/vare\/neoprenbetraek-lineaert-24-682-mm\/#breadcrumb","itemListElement":[{"@type":"ListItem","position":1,"name":"Hem","item":"https:\/\/xenonkungen.com\/"},{"@type":"ListItem","position":2,"name":"Shop","item":"https:\/\/xenonkungen.com\/shop\/"},{"@type":"ListItem","position":3,"name":"NEOPRENSKYDD LINEAR-24 | 682MM"}]},{"@type":"WebSite","@id":"https:\/\/xenonkungen.com\/#website","url":"https:\/\/xenonkungen.com\/","name":"Xenonkungen","description":"","potentialAction":[{"@type":"SearchAction","target":{"@type":"EntryPoint","urlTemplate":"https:\/\/xenonkungen.com\/?s={search_term_string}"},"query-input":{"@type":"PropertyValueSpecification","valueRequired":true,"valueName":"search_term_string"}}],"inLanguage":"da-DK"}]}},"taxonomy_info":{"product_brand":[{"value":2793,"label":"\u00d6VRIGT"}],"product_cat":[{"value":2612,"label":"INSTALLATION"},{"value":2828,"label":"Installation LED-ramper"},{"value":2539,"label":"LEDRAMPER"},{"value":2613,"label":"\u00d6vriga Tillbeh\u00f6r"}],"product_tag":[{"value":2735,"label":"Lazer"}]},"featured_image_src_large":["https:\/\/xenonkungen.com\/wp-content\/uploads\/2025\/04\/Linear_impact_cover-3.jpg",1000,750,false],"author_info":[],"comment_info":0,"_links":{"self":[{"href":"https:\/\/xenonkungen.com\/dk\/wp-json\/wp\/v2\/product\/6403","targetHints":{"allow":["GET"]}}],"collection":[{"href":"https:\/\/xenonkungen.com\/dk\/wp-json\/wp\/v2\/product"}],"about":[{"href":"https:\/\/xenonkungen.com\/dk\/wp-json\/wp\/v2\/types\/product"}],"replies":[{"embeddable":true,"href":"https:\/\/xenonkungen.com\/dk\/wp-json\/wp\/v2\/comments?post=6403"}],"wp:featuredmedia":[{"embeddable":true,"href":"https:\/\/xenonkungen.com\/dk\/wp-json\/wp\/v2\/media\/6404"}],"wp:attachment":[{"href":"https:\/\/xenonkungen.com\/dk\/wp-json\/wp\/v2\/media?parent=6403"}],"wp:term":[{"taxonomy":"anvandningsomrade","embeddable":true,"href":"https:\/\/xenonkungen.com\/dk\/wp-json\/wp\/v2\/anvandningsomrade?post=6403"},{"taxonomy":"bilmarken","embeddable":true,"href":"https:\/\/xenonkungen.com\/dk\/wp-json\/wp\/v2\/bilmarken?post=6403"},{"taxonomy":"product_brand","embeddable":true,"href":"https:\/\/xenonkungen.com\/dk\/wp-json\/wp\/v2\/product_brand?post=6403"},{"taxonomy":"product_cat","embeddable":true,"href":"https:\/\/xenonkungen.com\/dk\/wp-json\/wp\/v2\/product_cat?post=6403"},{"taxonomy":"product_tag","embeddable":true,"href":"https:\/\/xenonkungen.com\/dk\/wp-json\/wp\/v2\/product_tag?post=6403"}],"curies":[{"name":"wp","href":"https:\/\/api.w.org\/{rel}","templated":true}]}}