{"id":6537,"date":"2025-04-15T09:47:22","date_gmt":"2025-04-15T09:47:22","guid":{"rendered":"https:\/\/xenonkungen.com\/product\/bakmarkering-129rm\/"},"modified":"2026-04-24T17:09:26","modified_gmt":"2026-04-24T16:09:26","slug":"bagmarkering-129rm","status":"publish","type":"product","link":"https:\/\/xenonkungen.com\/dk\/vare\/bagmarkering-129rm\/","title":{"rendered":"Bageste markering 129RM"},"content":{"rendered":"<div class=\"container\">\n<h1>Diskret Multi-Volt LED-baglygte med integreret reflektorplade<\/h1>\n<p>Denne multisp\u00e6ndings-LED-baglygte er designet til at give maksimal synlighed og sikkerhed for en r\u00e6kke forskellige k\u00f8ret\u00f8jstyper, fra anh\u00e6ngere til lastbiler. Med tre LED'er p\u00e5 venstre side og en integreret refleksplade p\u00e5 h\u00f8jre side sikrer denne lygte fremragende synlighed under alle vejrforhold.<\/p>\n<h2>Specifikationer<\/h2>\n<ul>\n<li>Str\u00f8mkilde: Multivolt, velegnet til forskellige k\u00f8ret\u00f8jssystemer<\/li>\n<li>LED: 3 h\u00f8jeffektive LED'er for klar og tydelig belysning<\/li>\n<li>Reflekterende plade: Integreret i h\u00f8jre side for bedre synlighed<\/li>\n<li>Montering: Fleksibel, kan monteres b\u00e5de lodret og vandret<\/li>\n<li>Dybde: Kun 13 mm for en diskret overflademonteret installation<\/li>\n<li>Materialer: Sort ABS-ramme, PMMA-akrylglas for holdbarhed og styrke<\/li>\n<li>Kabell\u00e6ngde: 40 cm fast kabel for nem installation<\/li>\n<li>Holdbarhed: Slagfast, 100% vandt\u00e6t og st\u00f8vt\u00e6t til p\u00e5lidelig brug i alle milj\u00f8er.<\/li>\n<li>Farver: F\u00e5s i flere farver til forskellige form\u00e5l<\/li>\n<\/ul>\n<h2>Funktioner og fordele<\/h2>\n<p>Denne baglygte er ideel til bilejere, der s\u00e6tter pris p\u00e5 b\u00e5de funktion og \u00e6stetik. Den giver kraftig belysning takket v\u00e6re de kraftige LED'er og den integrerede reflekterende plade, samtidig med at den har en lav profil og et diskret udseende.<\/p>\n<ul>\n<li>Garanterer fremragende synlighed og sikkerhed for alle typer k\u00f8ret\u00f8jer<\/li>\n<li>Diskret og \u00e6stetisk tiltalende design, der nemt kan integreres i k\u00f8ret\u00f8jet<\/li>\n<li>Nem og alsidig samling til hurtig installation<\/li>\n<li>Holdbar og p\u00e5lidelig med slagfast og vandt\u00e6t konstruktion<\/li>\n<li>Multisp\u00e6ndingskapacitet g\u00f8r den kompatibel med en lang r\u00e6kke k\u00f8ret\u00f8jer<\/li>\n<\/ul>\n<\/div>\n<p><strong>Godt at vide:<\/strong><br \/>Skruehullerne har en afstand p\u00e5 116 mm<br \/>N\u00e5r det er installeret, kr\u00e6ver det et 8 mm hul, som kablet derefter tr\u00e6kkes igennem.<\/p>\n<p><strong>Information om levering<\/strong><br \/>1. rygmarkering r\u00f8d<br \/>2 skruer til montering<\/p>\n<p><strong>Garanti<\/strong><br \/>2 \u00e5rs funktionsgaranti<\/p>","protected":false},"excerpt":{"rendered":"<p><b>Lav profil til sidemarkering<\/b><br \/>\n<b>Multivolt<\/b><br \/>\n<b>R\u00f8dt lys og refleks<\/b><br \/>\n<b>IP67<\/b><br \/>\n<b>2 \u00e5rs funktionsgaranti<\/b><\/p>","protected":false},"featured_media":6538,"comment_status":"closed","ping_status":"open","template":"","meta":{"_acf_changed":false,"_smort_price_nok":"107","_smort_price_dkk":"68","_smort_price_eur":"9.09","_smort_sale_price_nok":"","_smort_sale_price_dkk":"","_smort_sale_price_eur":"","smort_restorder":"","shipmondo_restorder":"","_kad_blocks_custom_css":"","_kad_blocks_head_custom_js":"","_kad_blocks_body_custom_js":"","_kad_blocks_footer_custom_js":"","smort_custom_pricelist_1":"56","smort_custom_pricelist_2":"56","smort_custom_pricelist_3":"53.2","smort_custom_pricelist_4":"80","smort_custom_pricelist_5":"56"},"anvandningsomrade":[166,238,2816],"bilmarken":[],"product_brand":[1252],"product_cat":[2811,2478],"product_tag":[],"class_list":{"0":"post-6537","1":"product","2":"type-product","3":"status-publish","4":"has-post-thumbnail","6":"anvandningsomrade-lastbil","7":"anvandningsomrade-slap","8":"anvandningsomrade-trailer","9":"product_brand-lea","10":"product_cat-bak","11":"product_cat-positionsljus-slap","12":"pa_fuktskydd-varde-ipxx-ip67","13":"pa_godkannande-ece-e9-emc-r1-ia","14":"pa_storlek-mm-129x32x13","15":"pa_stromforbrukning-0-02a-13-8v","16":"pa_stromforbrukning-0-03a-28v","17":"pa_volt-v-12-24","19":"first","20":"instock","21":"taxable","22":"shipping-taxable","23":"purchasable","24":"product-type-simple"},"bundled_by":[],"bundle_stock_status":"instock","bundle_stock_quantity":11,"bundle_virtual":false,"bundle_layout":"","bundle_add_to_cart_form_location":"","bundle_editable_in_cart":false,"bundle_sold_individually_context":"","bundle_item_grouping":"","bundle_min_size":"","bundle_max_size":"","bundle_price":[],"bundled_items":[],"bundle_sell_ids":[],"acf":[],"yoast_head":"<!-- This site is optimized with the Yoast SEO plugin v27.0 - https:\/\/yoast.com\/product\/yoast-seo-wordpress\/ -->\n<title>Bakmarkering 129RM - Xenonkungen<\/title>\n<meta name=\"robots\" content=\"index, follow, max-snippet:-1, max-image-preview:large, max-video-preview:-1\" \/>\n<link rel=\"canonical\" href=\"https:\/\/xenonkungen.com\/dk\/vare\/bagmarkering-129rm\/\" \/>\n<meta property=\"og:locale\" content=\"da_DK\" \/>\n<meta property=\"og:type\" content=\"article\" \/>\n<meta property=\"og:title\" content=\"Bakmarkering 129RM - Xenonkungen\" \/>\n<meta property=\"og:description\" content=\"L\u00e5g profil f\u00f6r sidomarkering Multivolt R\u00f6tt ljus och reflex IP67 2 \u00e5rs Funktionsgaranti\" \/>\n<meta property=\"og:url\" content=\"https:\/\/xenonkungen.com\/dk\/vare\/bagmarkering-129rm\/\" \/>\n<meta property=\"og:site_name\" content=\"Xenonkungen\" \/>\n<meta property=\"article:modified_time\" content=\"2026-04-24T16:09:26+00:00\" \/>\n<meta property=\"og:image\" content=\"https:\/\/xenonkungen.com\/wp-content\/uploads\/2025\/04\/21677843-origpic-ec7dde.jpg\" \/>\n\t<meta property=\"og:image:width\" content=\"450\" \/>\n\t<meta property=\"og:image:height\" content=\"450\" \/>\n\t<meta property=\"og:image:type\" content=\"image\/jpeg\" \/>\n<meta name=\"twitter:card\" content=\"summary_large_image\" \/>\n<meta name=\"twitter:label1\" content=\"Estimeret l\u00e6setid\" \/>\n\t<meta name=\"twitter:data1\" content=\"2 minutter\" \/>\n<script type=\"application\/ld+json\" class=\"yoast-schema-graph\">{\"@context\":\"https:\/\/schema.org\",\"@graph\":[{\"@type\":\"WebPage\",\"@id\":\"https:\/\/xenonkungen.com\/produkt\/bakmarkering-129rm\/\",\"url\":\"https:\/\/xenonkungen.com\/produkt\/bakmarkering-129rm\/\",\"name\":\"Bakmarkering 129RM - Xenonkungen\",\"isPartOf\":{\"@id\":\"https:\/\/xenonkungen.com\/#website\"},\"primaryImageOfPage\":{\"@id\":\"https:\/\/xenonkungen.com\/produkt\/bakmarkering-129rm\/#primaryimage\"},\"image\":{\"@id\":\"https:\/\/xenonkungen.com\/produkt\/bakmarkering-129rm\/#primaryimage\"},\"thumbnailUrl\":\"https:\/\/xenonkungen.com\/wp-content\/uploads\/2025\/04\/21677843-origpic-ec7dde.jpg\",\"datePublished\":\"2025-04-15T09:47:22+00:00\",\"dateModified\":\"2026-04-24T16:09:26+00:00\",\"breadcrumb\":{\"@id\":\"https:\/\/xenonkungen.com\/produkt\/bakmarkering-129rm\/#breadcrumb\"},\"inLanguage\":\"da-DK\",\"potentialAction\":[{\"@type\":\"ReadAction\",\"target\":[\"https:\/\/xenonkungen.com\/produkt\/bakmarkering-129rm\/\"]}]},{\"@type\":\"ImageObject\",\"inLanguage\":\"da-DK\",\"@id\":\"https:\/\/xenonkungen.com\/produkt\/bakmarkering-129rm\/#primaryimage\",\"url\":\"https:\/\/xenonkungen.com\/wp-content\/uploads\/2025\/04\/21677843-origpic-ec7dde.jpg\",\"contentUrl\":\"https:\/\/xenonkungen.com\/wp-content\/uploads\/2025\/04\/21677843-origpic-ec7dde.jpg\",\"width\":450,\"height\":450},{\"@type\":\"BreadcrumbList\",\"@id\":\"https:\/\/xenonkungen.com\/produkt\/bakmarkering-129rm\/#breadcrumb\",\"itemListElement\":[{\"@type\":\"ListItem\",\"position\":1,\"name\":\"Hem\",\"item\":\"https:\/\/xenonkungen.com\/\"},{\"@type\":\"ListItem\",\"position\":2,\"name\":\"Shop\",\"item\":\"https:\/\/xenonkungen.com\/shop\/\"},{\"@type\":\"ListItem\",\"position\":3,\"name\":\"Bakmarkering 129RM\"}]},{\"@type\":\"WebSite\",\"@id\":\"https:\/\/xenonkungen.com\/#website\",\"url\":\"https:\/\/xenonkungen.com\/\",\"name\":\"Xenonkungen\",\"description\":\"\",\"potentialAction\":[{\"@type\":\"SearchAction\",\"target\":{\"@type\":\"EntryPoint\",\"urlTemplate\":\"https:\/\/xenonkungen.com\/?s={search_term_string}\"},\"query-input\":{\"@type\":\"PropertyValueSpecification\",\"valueRequired\":true,\"valueName\":\"search_term_string\"}}],\"inLanguage\":\"da-DK\"}]}<\/script>\n<!-- \/ Yoast SEO plugin. -->","yoast_head_json":{"title":"Bagmarkering 129RM - Xenon-kongen","robots":{"index":"index","follow":"follow","max-snippet":"max-snippet:-1","max-image-preview":"max-image-preview:large","max-video-preview":"max-video-preview:-1"},"canonical":"https:\/\/xenonkungen.com\/dk\/vare\/bagmarkering-129rm\/","og_locale":"da_DK","og_type":"article","og_title":"Bakmarkering 129RM - Xenonkungen","og_description":"L\u00e5g profil f\u00f6r sidomarkering Multivolt R\u00f6tt ljus och reflex IP67 2 \u00e5rs Funktionsgaranti","og_url":"https:\/\/xenonkungen.com\/dk\/vare\/bagmarkering-129rm\/","og_site_name":"Xenonkungen","article_modified_time":"2026-04-24T16:09:26+00:00","og_image":[{"width":450,"height":450,"url":"https:\/\/xenonkungen.com\/wp-content\/uploads\/2025\/04\/21677843-origpic-ec7dde.jpg","type":"image\/jpeg"}],"twitter_card":"summary_large_image","twitter_misc":{"Estimeret l\u00e6setid":"2 minutter"},"schema":{"@context":"https:\/\/schema.org","@graph":[{"@type":"WebPage","@id":"https:\/\/xenonkungen.com\/produkt\/bakmarkering-129rm\/","url":"https:\/\/xenonkungen.com\/produkt\/bakmarkering-129rm\/","name":"Bagmarkering 129RM - Xenon-kongen","isPartOf":{"@id":"https:\/\/xenonkungen.com\/#website"},"primaryImageOfPage":{"@id":"https:\/\/xenonkungen.com\/produkt\/bakmarkering-129rm\/#primaryimage"},"image":{"@id":"https:\/\/xenonkungen.com\/produkt\/bakmarkering-129rm\/#primaryimage"},"thumbnailUrl":"https:\/\/xenonkungen.com\/wp-content\/uploads\/2025\/04\/21677843-origpic-ec7dde.jpg","datePublished":"2025-04-15T09:47:22+00:00","dateModified":"2026-04-24T16:09:26+00:00","breadcrumb":{"@id":"https:\/\/xenonkungen.com\/produkt\/bakmarkering-129rm\/#breadcrumb"},"inLanguage":"da-DK","potentialAction":[{"@type":"ReadAction","target":["https:\/\/xenonkungen.com\/produkt\/bakmarkering-129rm\/"]}]},{"@type":"ImageObject","inLanguage":"da-DK","@id":"https:\/\/xenonkungen.com\/produkt\/bakmarkering-129rm\/#primaryimage","url":"https:\/\/xenonkungen.com\/wp-content\/uploads\/2025\/04\/21677843-origpic-ec7dde.jpg","contentUrl":"https:\/\/xenonkungen.com\/wp-content\/uploads\/2025\/04\/21677843-origpic-ec7dde.jpg","width":450,"height":450},{"@type":"BreadcrumbList","@id":"https:\/\/xenonkungen.com\/produkt\/bakmarkering-129rm\/#breadcrumb","itemListElement":[{"@type":"ListItem","position":1,"name":"Hem","item":"https:\/\/xenonkungen.com\/"},{"@type":"ListItem","position":2,"name":"Shop","item":"https:\/\/xenonkungen.com\/shop\/"},{"@type":"ListItem","position":3,"name":"Bakmarkering 129RM"}]},{"@type":"WebSite","@id":"https:\/\/xenonkungen.com\/#website","url":"https:\/\/xenonkungen.com\/","name":"Xenonkungen","description":"","potentialAction":[{"@type":"SearchAction","target":{"@type":"EntryPoint","urlTemplate":"https:\/\/xenonkungen.com\/?s={search_term_string}"},"query-input":{"@type":"PropertyValueSpecification","valueRequired":true,"valueName":"search_term_string"}}],"inLanguage":"da-DK"}]}},"taxonomy_info":{"anvandningsomrade":[{"value":166,"label":"Lastbil"},{"value":238,"label":"SL\u00c4P"},{"value":2816,"label":"TRAILER"}],"product_brand":[{"value":1252,"label":"LEA"}],"product_cat":[{"value":2811,"label":"Bak"},{"value":2478,"label":"Positionsljus"}],"pa_fuktskydd-varde-ipxx":[{"value":333,"label":"IP67"}],"pa_godkannande":[{"value":1780,"label":"ECE, E9, EMC, R1, IA"}],"pa_storlek-mm":[{"value":1779,"label":"129x32x13"}],"pa_stromforbrukning":[{"value":1775,"label":"0.02A @13.8V"},{"value":1776,"label":"0.03A @28V"}],"pa_volt-v":[{"value":348,"label":"12, 24"}]},"featured_image_src_large":["https:\/\/xenonkungen.com\/wp-content\/uploads\/2025\/04\/21677843-origpic-ec7dde.jpg",450,450,false],"author_info":[],"comment_info":0,"_links":{"self":[{"href":"https:\/\/xenonkungen.com\/dk\/wp-json\/wp\/v2\/product\/6537","targetHints":{"allow":["GET"]}}],"collection":[{"href":"https:\/\/xenonkungen.com\/dk\/wp-json\/wp\/v2\/product"}],"about":[{"href":"https:\/\/xenonkungen.com\/dk\/wp-json\/wp\/v2\/types\/product"}],"replies":[{"embeddable":true,"href":"https:\/\/xenonkungen.com\/dk\/wp-json\/wp\/v2\/comments?post=6537"}],"wp:featuredmedia":[{"embeddable":true,"href":"https:\/\/xenonkungen.com\/dk\/wp-json\/wp\/v2\/media\/6538"}],"wp:attachment":[{"href":"https:\/\/xenonkungen.com\/dk\/wp-json\/wp\/v2\/media?parent=6537"}],"wp:term":[{"taxonomy":"anvandningsomrade","embeddable":true,"href":"https:\/\/xenonkungen.com\/dk\/wp-json\/wp\/v2\/anvandningsomrade?post=6537"},{"taxonomy":"bilmarken","embeddable":true,"href":"https:\/\/xenonkungen.com\/dk\/wp-json\/wp\/v2\/bilmarken?post=6537"},{"taxonomy":"product_brand","embeddable":true,"href":"https:\/\/xenonkungen.com\/dk\/wp-json\/wp\/v2\/product_brand?post=6537"},{"taxonomy":"product_cat","embeddable":true,"href":"https:\/\/xenonkungen.com\/dk\/wp-json\/wp\/v2\/product_cat?post=6537"},{"taxonomy":"product_tag","embeddable":true,"href":"https:\/\/xenonkungen.com\/dk\/wp-json\/wp\/v2\/product_tag?post=6537"}],"curies":[{"name":"wp","href":"https:\/\/api.w.org\/{rel}","templated":true}]}}