{"id":6572,"date":"2025-04-15T09:47:42","date_gmt":"2025-04-15T09:47:42","guid":{"rendered":"https:\/\/xenonkungen.com\/product\/baklampa-135armge-rod\/"},"modified":"2026-04-24T17:09:46","modified_gmt":"2026-04-24T16:09:46","slug":"baglygte-135-arm-stang","status":"publish","type":"product","link":"https:\/\/xenonkungen.com\/dk\/vare\/baglygte-135-arm-stang\/","title":{"rendered":"Baglygte 135ARMGE R\u00f8d"},"content":{"rendered":"<h1>Kompakt indbygget kombinationslampe med sort kuffert 135x38mm - l\u00e6kagesikker og h\u00f8j kvalitet<\/h1>\n<p>Vores kompakte indbyggede kombinationslampe med sort indfatning er den perfekte belysningsl\u00f8sning til dit k\u00f8ret\u00f8j. Lampen har en stilfuld sort ramme og er udstyret med l\u00e6kagesikker elektronik, der sikrer p\u00e5lidelig ydeevne under alle forhold.<\/p>\n<p>Denne kompakte indbyggede kombinationslampe er designet med komponenter af h\u00f8j kvalitet og har dimensioner p\u00e5 135x38 mm, hvilket g\u00f8r den ideel til forskellige k\u00f8ret\u00f8jstyper.<\/p>\n<h2>Garanti: 5 \u00e5r<\/h2>\n<p>For at understrege vores tillid til dette produkts h\u00f8je kvalitet og p\u00e5lidelighed tilbyder vi en gener\u00f8s 5-\u00e5rs garanti. V\u00e6lg vores kompakte indbyggede kombinationslampe med sort kant for at f\u00e5 en p\u00e5lidelig og holdbar belysningsl\u00f8sning.<\/p>","protected":false},"excerpt":{"rendered":"<p>Kompakt Inbyggnadskombinationslampa med Svart Sarg 135x38mm &#8211; L\u00e4ckages\u00e4ker och H\u00f6gkvalitativ V\u00e5r kompakta inbyggnadskombinationslampa med svart sarg \u00e4r den perfekta belysningsl\u00f6sningen f\u00f6r ditt fordon. Lampan har en stilren svart sarg och \u00e4r utrustad med l\u00e4ckages\u00e4ker elektronik, vilket garanterar p\u00e5litlig prestanda i alla f\u00f6rh\u00e5llanden. Denna kompakta inbyggnadskombinationslampa \u00e4r utformad med h\u00f6gkvalitativa komponenter och har dimensioner p\u00e5 135x38mm, [&hellip;]<\/p>","protected":false},"featured_media":6573,"comment_status":"closed","ping_status":"open","template":"","meta":{"_acf_changed":false,"_smort_price_nok":"438","_smort_price_dkk":"278","_smort_price_eur":"37.27","_smort_sale_price_nok":"","_smort_sale_price_dkk":"","_smort_sale_price_eur":"","smort_restorder":"","shipmondo_restorder":"","_kad_blocks_custom_css":"","_kad_blocks_head_custom_js":"","_kad_blocks_body_custom_js":"","_kad_blocks_footer_custom_js":"","smort_custom_pricelist_1":"229.6","smort_custom_pricelist_2":"229.6","smort_custom_pricelist_3":"218.12","smort_custom_pricelist_4":"328","smort_custom_pricelist_5":"229.6"},"anvandningsomrade":[166,238,2816],"bilmarken":[],"product_brand":[1252],"product_cat":[3045,2552],"product_tag":[],"class_list":{"0":"post-6572","1":"product","2":"type-product","3":"status-publish","4":"has-post-thumbnail","6":"anvandningsomrade-lastbil","7":"anvandningsomrade-slap","8":"anvandningsomrade-trailer","9":"product_brand-lea","10":"product_cat-bakljus-kombination-kompakt","11":"product_cat-bakljus-slap","12":"pa_storlek-mm-135x48x20","13":"pa_volt-v-12-24","15":"first","16":"instock","17":"taxable","18":"shipping-taxable","19":"purchasable","20":"product-type-simple"},"bundled_by":[],"bundle_stock_status":"instock","bundle_stock_quantity":1,"bundle_virtual":false,"bundle_layout":"","bundle_add_to_cart_form_location":"","bundle_editable_in_cart":false,"bundle_sold_individually_context":"","bundle_item_grouping":"","bundle_min_size":"","bundle_max_size":"","bundle_price":[],"bundled_items":[],"bundle_sell_ids":[],"acf":[],"yoast_head":"<!-- This site is optimized with the Yoast SEO plugin v27.0 - https:\/\/yoast.com\/product\/yoast-seo-wordpress\/ -->\n<title>Baklampa 135ARMGE R\u00f6d - Xenonkungen<\/title>\n<meta name=\"robots\" content=\"index, follow, max-snippet:-1, max-image-preview:large, max-video-preview:-1\" \/>\n<link rel=\"canonical\" href=\"https:\/\/xenonkungen.com\/dk\/vare\/baglygte-135-arm-stang\/\" \/>\n<meta property=\"og:locale\" content=\"da_DK\" \/>\n<meta property=\"og:type\" content=\"article\" \/>\n<meta property=\"og:title\" content=\"Baklampa 135ARMGE R\u00f6d - Xenonkungen\" \/>\n<meta property=\"og:description\" content=\"Kompakt Inbyggnadskombinationslampa med Svart Sarg 135x38mm &#8211; L\u00e4ckages\u00e4ker och H\u00f6gkvalitativ V\u00e5r kompakta inbyggnadskombinationslampa med svart sarg \u00e4r den perfekta belysningsl\u00f6sningen f\u00f6r ditt fordon. Lampan har en stilren svart sarg och \u00e4r utrustad med l\u00e4ckages\u00e4ker elektronik, vilket garanterar p\u00e5litlig prestanda i alla f\u00f6rh\u00e5llanden. Denna kompakta inbyggnadskombinationslampa \u00e4r utformad med h\u00f6gkvalitativa komponenter och har dimensioner p\u00e5 135x38mm, [&hellip;]\" \/>\n<meta property=\"og:url\" content=\"https:\/\/xenonkungen.com\/dk\/vare\/baglygte-135-arm-stang\/\" \/>\n<meta property=\"og:site_name\" content=\"Xenonkungen\" \/>\n<meta property=\"article:modified_time\" content=\"2026-04-24T16:09:46+00:00\" \/>\n<meta property=\"og:image\" content=\"https:\/\/xenonkungen.com\/wp-content\/uploads\/2025\/04\/7266603-origpic-d887d3.jpg\" \/>\n\t<meta property=\"og:image:width\" content=\"800\" \/>\n\t<meta property=\"og:image:height\" content=\"800\" \/>\n\t<meta property=\"og:image:type\" content=\"image\/jpeg\" \/>\n<meta name=\"twitter:card\" content=\"summary_large_image\" \/>\n<meta name=\"twitter:label1\" content=\"Estimeret l\u00e6setid\" \/>\n\t<meta name=\"twitter:data1\" content=\"1 minut\" \/>\n<script type=\"application\/ld+json\" class=\"yoast-schema-graph\">{\"@context\":\"https:\/\/schema.org\",\"@graph\":[{\"@type\":\"WebPage\",\"@id\":\"https:\/\/xenonkungen.com\/produkt\/baklampa-135armge-rod\/\",\"url\":\"https:\/\/xenonkungen.com\/produkt\/baklampa-135armge-rod\/\",\"name\":\"Baklampa 135ARMGE R\u00f6d - Xenonkungen\",\"isPartOf\":{\"@id\":\"https:\/\/xenonkungen.com\/#website\"},\"primaryImageOfPage\":{\"@id\":\"https:\/\/xenonkungen.com\/produkt\/baklampa-135armge-rod\/#primaryimage\"},\"image\":{\"@id\":\"https:\/\/xenonkungen.com\/produkt\/baklampa-135armge-rod\/#primaryimage\"},\"thumbnailUrl\":\"https:\/\/xenonkungen.com\/wp-content\/uploads\/2025\/04\/7266603-origpic-d887d3.jpg\",\"datePublished\":\"2025-04-15T09:47:42+00:00\",\"dateModified\":\"2026-04-24T16:09:46+00:00\",\"breadcrumb\":{\"@id\":\"https:\/\/xenonkungen.com\/produkt\/baklampa-135armge-rod\/#breadcrumb\"},\"inLanguage\":\"da-DK\",\"potentialAction\":[{\"@type\":\"ReadAction\",\"target\":[\"https:\/\/xenonkungen.com\/produkt\/baklampa-135armge-rod\/\"]}]},{\"@type\":\"ImageObject\",\"inLanguage\":\"da-DK\",\"@id\":\"https:\/\/xenonkungen.com\/produkt\/baklampa-135armge-rod\/#primaryimage\",\"url\":\"https:\/\/xenonkungen.com\/wp-content\/uploads\/2025\/04\/7266603-origpic-d887d3.jpg\",\"contentUrl\":\"https:\/\/xenonkungen.com\/wp-content\/uploads\/2025\/04\/7266603-origpic-d887d3.jpg\",\"width\":800,\"height\":800},{\"@type\":\"BreadcrumbList\",\"@id\":\"https:\/\/xenonkungen.com\/produkt\/baklampa-135armge-rod\/#breadcrumb\",\"itemListElement\":[{\"@type\":\"ListItem\",\"position\":1,\"name\":\"Hem\",\"item\":\"https:\/\/xenonkungen.com\/\"},{\"@type\":\"ListItem\",\"position\":2,\"name\":\"Shop\",\"item\":\"https:\/\/xenonkungen.com\/shop\/\"},{\"@type\":\"ListItem\",\"position\":3,\"name\":\"Baklampa 135ARMGE R\u00f6d\"}]},{\"@type\":\"WebSite\",\"@id\":\"https:\/\/xenonkungen.com\/#website\",\"url\":\"https:\/\/xenonkungen.com\/\",\"name\":\"Xenonkungen\",\"description\":\"\",\"potentialAction\":[{\"@type\":\"SearchAction\",\"target\":{\"@type\":\"EntryPoint\",\"urlTemplate\":\"https:\/\/xenonkungen.com\/?s={search_term_string}\"},\"query-input\":{\"@type\":\"PropertyValueSpecification\",\"valueRequired\":true,\"valueName\":\"search_term_string\"}}],\"inLanguage\":\"da-DK\"}]}<\/script>\n<!-- \/ Yoast SEO plugin. -->","yoast_head_json":{"title":"Baglygte 135ARMGE R\u00f8d - Xenonkungen","robots":{"index":"index","follow":"follow","max-snippet":"max-snippet:-1","max-image-preview":"max-image-preview:large","max-video-preview":"max-video-preview:-1"},"canonical":"https:\/\/xenonkungen.com\/dk\/vare\/baglygte-135-arm-stang\/","og_locale":"da_DK","og_type":"article","og_title":"Baklampa 135ARMGE R\u00f6d - Xenonkungen","og_description":"Kompakt Inbyggnadskombinationslampa med Svart Sarg 135x38mm &#8211; L\u00e4ckages\u00e4ker och H\u00f6gkvalitativ V\u00e5r kompakta inbyggnadskombinationslampa med svart sarg \u00e4r den perfekta belysningsl\u00f6sningen f\u00f6r ditt fordon. Lampan har en stilren svart sarg och \u00e4r utrustad med l\u00e4ckages\u00e4ker elektronik, vilket garanterar p\u00e5litlig prestanda i alla f\u00f6rh\u00e5llanden. Denna kompakta inbyggnadskombinationslampa \u00e4r utformad med h\u00f6gkvalitativa komponenter och har dimensioner p\u00e5 135x38mm, [&hellip;]","og_url":"https:\/\/xenonkungen.com\/dk\/vare\/baglygte-135-arm-stang\/","og_site_name":"Xenonkungen","article_modified_time":"2026-04-24T16:09:46+00:00","og_image":[{"width":800,"height":800,"url":"https:\/\/xenonkungen.com\/wp-content\/uploads\/2025\/04\/7266603-origpic-d887d3.jpg","type":"image\/jpeg"}],"twitter_card":"summary_large_image","twitter_misc":{"Estimeret l\u00e6setid":"1 minut"},"schema":{"@context":"https:\/\/schema.org","@graph":[{"@type":"WebPage","@id":"https:\/\/xenonkungen.com\/produkt\/baklampa-135armge-rod\/","url":"https:\/\/xenonkungen.com\/produkt\/baklampa-135armge-rod\/","name":"Baglygte 135ARMGE R\u00f8d - Xenonkungen","isPartOf":{"@id":"https:\/\/xenonkungen.com\/#website"},"primaryImageOfPage":{"@id":"https:\/\/xenonkungen.com\/produkt\/baklampa-135armge-rod\/#primaryimage"},"image":{"@id":"https:\/\/xenonkungen.com\/produkt\/baklampa-135armge-rod\/#primaryimage"},"thumbnailUrl":"https:\/\/xenonkungen.com\/wp-content\/uploads\/2025\/04\/7266603-origpic-d887d3.jpg","datePublished":"2025-04-15T09:47:42+00:00","dateModified":"2026-04-24T16:09:46+00:00","breadcrumb":{"@id":"https:\/\/xenonkungen.com\/produkt\/baklampa-135armge-rod\/#breadcrumb"},"inLanguage":"da-DK","potentialAction":[{"@type":"ReadAction","target":["https:\/\/xenonkungen.com\/produkt\/baklampa-135armge-rod\/"]}]},{"@type":"ImageObject","inLanguage":"da-DK","@id":"https:\/\/xenonkungen.com\/produkt\/baklampa-135armge-rod\/#primaryimage","url":"https:\/\/xenonkungen.com\/wp-content\/uploads\/2025\/04\/7266603-origpic-d887d3.jpg","contentUrl":"https:\/\/xenonkungen.com\/wp-content\/uploads\/2025\/04\/7266603-origpic-d887d3.jpg","width":800,"height":800},{"@type":"BreadcrumbList","@id":"https:\/\/xenonkungen.com\/produkt\/baklampa-135armge-rod\/#breadcrumb","itemListElement":[{"@type":"ListItem","position":1,"name":"Hem","item":"https:\/\/xenonkungen.com\/"},{"@type":"ListItem","position":2,"name":"Shop","item":"https:\/\/xenonkungen.com\/shop\/"},{"@type":"ListItem","position":3,"name":"Baklampa 135ARMGE R\u00f6d"}]},{"@type":"WebSite","@id":"https:\/\/xenonkungen.com\/#website","url":"https:\/\/xenonkungen.com\/","name":"Xenonkungen","description":"","potentialAction":[{"@type":"SearchAction","target":{"@type":"EntryPoint","urlTemplate":"https:\/\/xenonkungen.com\/?s={search_term_string}"},"query-input":{"@type":"PropertyValueSpecification","valueRequired":true,"valueName":"search_term_string"}}],"inLanguage":"da-DK"}]}},"taxonomy_info":{"anvandningsomrade":[{"value":166,"label":"Lastbil"},{"value":238,"label":"SL\u00c4P"},{"value":2816,"label":"TRAILER"}],"product_brand":[{"value":1252,"label":"LEA"}],"product_cat":[{"value":3045,"label":"Bakljus Kombination Kompakt"},{"value":2552,"label":"Bakljus"}],"pa_storlek-mm":[{"value":1795,"label":"135x48x20"}],"pa_volt-v":[{"value":348,"label":"12, 24"}]},"featured_image_src_large":["https:\/\/xenonkungen.com\/wp-content\/uploads\/2025\/04\/7266603-origpic-d887d3.jpg",800,800,false],"author_info":[],"comment_info":0,"_links":{"self":[{"href":"https:\/\/xenonkungen.com\/dk\/wp-json\/wp\/v2\/product\/6572","targetHints":{"allow":["GET"]}}],"collection":[{"href":"https:\/\/xenonkungen.com\/dk\/wp-json\/wp\/v2\/product"}],"about":[{"href":"https:\/\/xenonkungen.com\/dk\/wp-json\/wp\/v2\/types\/product"}],"replies":[{"embeddable":true,"href":"https:\/\/xenonkungen.com\/dk\/wp-json\/wp\/v2\/comments?post=6572"}],"wp:featuredmedia":[{"embeddable":true,"href":"https:\/\/xenonkungen.com\/dk\/wp-json\/wp\/v2\/media\/6573"}],"wp:attachment":[{"href":"https:\/\/xenonkungen.com\/dk\/wp-json\/wp\/v2\/media?parent=6572"}],"wp:term":[{"taxonomy":"anvandningsomrade","embeddable":true,"href":"https:\/\/xenonkungen.com\/dk\/wp-json\/wp\/v2\/anvandningsomrade?post=6572"},{"taxonomy":"bilmarken","embeddable":true,"href":"https:\/\/xenonkungen.com\/dk\/wp-json\/wp\/v2\/bilmarken?post=6572"},{"taxonomy":"product_brand","embeddable":true,"href":"https:\/\/xenonkungen.com\/dk\/wp-json\/wp\/v2\/product_brand?post=6572"},{"taxonomy":"product_cat","embeddable":true,"href":"https:\/\/xenonkungen.com\/dk\/wp-json\/wp\/v2\/product_cat?post=6572"},{"taxonomy":"product_tag","embeddable":true,"href":"https:\/\/xenonkungen.com\/dk\/wp-json\/wp\/v2\/product_tag?post=6572"}],"curies":[{"name":"wp","href":"https:\/\/api.w.org\/{rel}","templated":true}]}}