{"id":6618,"date":"2025-04-15T09:47:58","date_gmt":"2025-04-15T09:47:58","guid":{"rendered":"https:\/\/xenonkungen.com\/product\/led-blinkerslampa-145ame\/"},"modified":"2026-04-21T17:03:15","modified_gmt":"2026-04-21T16:03:15","slug":"led-blinklyslampe-145ame","status":"publish","type":"product","link":"https:\/\/xenonkungen.com\/dk\/vare\/led-blinklyslampe-145ame\/","title":{"rendered":"LED-blinklys 145AME"},"content":{"rendered":"<div class=\"container\">\n<h1>Stilfuld og funktionel LED-baglygte 145AME Amber<\/h1>\n<p>Denne LED-baglygte med blinklys-\/blinklysfunktion og forkromet finish til p\u00e5bygning er den perfekte opgradering til alle k\u00f8ret\u00f8jstyper. Med avanceret LED-teknologi og et i\u00f8jnefaldende design \u00f8ger den ikke kun sikkerheden gennem tydelige retningsskift, men forbedrer ogs\u00e5 k\u00f8ret\u00f8jets \u00e6stetiske udseende.<\/p>\n<h2>Funktioner og fordele:<\/h2>\n<ul>\n<li><strong>Blinklys-\/blinklysfunktion:<\/strong> S\u00f8rger for, at dine retnings\u00e6ndringer er tydelige og synlige for andre trafikanter.<\/li>\n<li><strong>Krom finish:<\/strong> Giver din baglygte et elegant og moderne look, der skiller sig ud.<\/li>\n<li><strong>LED-teknologi:<\/strong> Tilbyder enest\u00e5ende lysstyrke og lang holdbarhed med reduceret energiforbrug.<\/li>\n<li><strong>Enkel overflademontering:<\/strong> Designet til nem installation, hvilket g\u00f8r den velegnet til en bred vifte af k\u00f8ret\u00f8jer.<\/li>\n<\/ul>\n<p>Med LED-baglygten med blinklys-\/blinklysfunktion i forkromet finish til overflademontering 145AME Amber f\u00e5r du ikke kun en funktionel og sikker l\u00f8sning, men ogs\u00e5 en opgradering, der l\u00f8fter dit k\u00f8ret\u00f8j til et nyt niveau af stil og elegance.<\/p>\n<h2>Produktspecifikationer<\/h2>\n<p><strong>Garanti:<\/strong> 5 \u00e5r<\/p>\n<\/div>","protected":false},"excerpt":{"rendered":"<p>Stilfull och Funktionell LED Baklampa 145AME Amber Denna LED baklampa med indikator\/blinkersfunktion och kromfinish f\u00f6r ytmontage \u00e4r den perfekta uppgraderingen f\u00f6r alla fordonstyper. Med avancerad LED-teknik och en i\u00f6gonfallande design, \u00f6kar den inte bara s\u00e4kerheten genom tydliga riktningsskiften utan f\u00f6rb\u00e4ttrar \u00e4ven fordonets estetiska utseende. Funktioner och F\u00f6rdelar: Indikator\/Blinkersfunktion: S\u00e4kerst\u00e4ller att dina riktningsskiften \u00e4r tydliga och [&hellip;]<\/p>","protected":false},"featured_media":6619,"comment_status":"closed","ping_status":"open","template":"","meta":{"_acf_changed":false,"_smort_price_nok":"395","_smort_price_dkk":"251","_smort_price_eur":"33.63","_smort_sale_price_nok":"","_smort_sale_price_dkk":"","_smort_sale_price_eur":"","smort_restorder":"","shipmondo_restorder":"","_kad_blocks_custom_css":"","_kad_blocks_head_custom_js":"","_kad_blocks_body_custom_js":"","_kad_blocks_footer_custom_js":"","smort_custom_pricelist_1":"207.2","smort_custom_pricelist_2":"207.2","smort_custom_pricelist_3":"196.84","smort_custom_pricelist_4":"296","smort_custom_pricelist_5":"207.2"},"anvandningsomrade":[166,238,2816],"bilmarken":[],"product_brand":[1252],"product_cat":[2582],"product_tag":[],"class_list":{"0":"post-6618","1":"product","2":"type-product","3":"status-publish","4":"has-post-thumbnail","6":"anvandningsomrade-lastbil","7":"anvandningsomrade-slap","8":"anvandningsomrade-trailer","9":"product_brand-lea","10":"product_cat-blinkers-slap","11":"pa_fuktskydd-varde-ipxx-ip67","12":"pa_godkannande-ece-emc","13":"pa_storlek-mm-145x23","14":"pa_stromforbrukning-0-09a-28v","15":"pa_stromforbrukning-0-26a-13-8v","16":"pa_volt-v-12-24","18":"first","19":"instock","20":"taxable","21":"shipping-taxable","22":"purchasable","23":"product-type-simple"},"bundled_by":[],"bundle_stock_status":"instock","bundle_stock_quantity":2,"bundle_virtual":false,"bundle_layout":"","bundle_add_to_cart_form_location":"","bundle_editable_in_cart":false,"bundle_sold_individually_context":"","bundle_item_grouping":"","bundle_min_size":"","bundle_max_size":"","bundle_price":[],"bundled_items":[],"bundle_sell_ids":[],"acf":[],"yoast_head":"<!-- This site is optimized with the Yoast SEO plugin v27.0 - https:\/\/yoast.com\/product\/yoast-seo-wordpress\/ -->\n<title>LED Blinkerslampa 145AME - Xenonkungen<\/title>\n<meta name=\"robots\" content=\"index, follow, max-snippet:-1, max-image-preview:large, max-video-preview:-1\" \/>\n<link rel=\"canonical\" href=\"https:\/\/xenonkungen.com\/dk\/vare\/led-blinklyslampe-145ame\/\" \/>\n<meta property=\"og:locale\" content=\"da_DK\" \/>\n<meta property=\"og:type\" content=\"article\" \/>\n<meta property=\"og:title\" content=\"LED Blinkerslampa 145AME - Xenonkungen\" \/>\n<meta property=\"og:description\" content=\"Stilfull och Funktionell LED Baklampa 145AME Amber Denna LED baklampa med indikator\/blinkersfunktion och kromfinish f\u00f6r ytmontage \u00e4r den perfekta uppgraderingen f\u00f6r alla fordonstyper. Med avancerad LED-teknik och en i\u00f6gonfallande design, \u00f6kar den inte bara s\u00e4kerheten genom tydliga riktningsskiften utan f\u00f6rb\u00e4ttrar \u00e4ven fordonets estetiska utseende. Funktioner och F\u00f6rdelar: Indikator\/Blinkersfunktion: S\u00e4kerst\u00e4ller att dina riktningsskiften \u00e4r tydliga och [&hellip;]\" \/>\n<meta property=\"og:url\" content=\"https:\/\/xenonkungen.com\/dk\/vare\/led-blinklyslampe-145ame\/\" \/>\n<meta property=\"og:site_name\" content=\"Xenonkungen\" \/>\n<meta property=\"article:modified_time\" content=\"2026-04-21T16:03:15+00:00\" \/>\n<meta property=\"og:image\" content=\"https:\/\/xenonkungen.com\/wp-content\/uploads\/2025\/04\/7293823-origpic-8eaec3.jpg\" \/>\n\t<meta property=\"og:image:width\" content=\"550\" \/>\n\t<meta property=\"og:image:height\" content=\"550\" \/>\n\t<meta property=\"og:image:type\" content=\"image\/jpeg\" \/>\n<meta name=\"twitter:card\" content=\"summary_large_image\" \/>\n<meta name=\"twitter:label1\" content=\"Estimeret l\u00e6setid\" \/>\n\t<meta name=\"twitter:data1\" content=\"1 minut\" \/>\n<script type=\"application\/ld+json\" class=\"yoast-schema-graph\">{\"@context\":\"https:\/\/schema.org\",\"@graph\":[{\"@type\":\"WebPage\",\"@id\":\"https:\/\/xenonkungen.com\/produkt\/led-blinkerslampa-145ame\/\",\"url\":\"https:\/\/xenonkungen.com\/produkt\/led-blinkerslampa-145ame\/\",\"name\":\"LED Blinkerslampa 145AME - Xenonkungen\",\"isPartOf\":{\"@id\":\"https:\/\/xenonkungen.com\/#website\"},\"primaryImageOfPage\":{\"@id\":\"https:\/\/xenonkungen.com\/produkt\/led-blinkerslampa-145ame\/#primaryimage\"},\"image\":{\"@id\":\"https:\/\/xenonkungen.com\/produkt\/led-blinkerslampa-145ame\/#primaryimage\"},\"thumbnailUrl\":\"https:\/\/xenonkungen.com\/wp-content\/uploads\/2025\/04\/7293823-origpic-8eaec3.jpg\",\"datePublished\":\"2025-04-15T09:47:58+00:00\",\"dateModified\":\"2026-04-21T16:03:15+00:00\",\"breadcrumb\":{\"@id\":\"https:\/\/xenonkungen.com\/produkt\/led-blinkerslampa-145ame\/#breadcrumb\"},\"inLanguage\":\"da-DK\",\"potentialAction\":[{\"@type\":\"ReadAction\",\"target\":[\"https:\/\/xenonkungen.com\/produkt\/led-blinkerslampa-145ame\/\"]}]},{\"@type\":\"ImageObject\",\"inLanguage\":\"da-DK\",\"@id\":\"https:\/\/xenonkungen.com\/produkt\/led-blinkerslampa-145ame\/#primaryimage\",\"url\":\"https:\/\/xenonkungen.com\/wp-content\/uploads\/2025\/04\/7293823-origpic-8eaec3.jpg\",\"contentUrl\":\"https:\/\/xenonkungen.com\/wp-content\/uploads\/2025\/04\/7293823-origpic-8eaec3.jpg\",\"width\":550,\"height\":550},{\"@type\":\"BreadcrumbList\",\"@id\":\"https:\/\/xenonkungen.com\/produkt\/led-blinkerslampa-145ame\/#breadcrumb\",\"itemListElement\":[{\"@type\":\"ListItem\",\"position\":1,\"name\":\"Hem\",\"item\":\"https:\/\/xenonkungen.com\/\"},{\"@type\":\"ListItem\",\"position\":2,\"name\":\"Shop\",\"item\":\"https:\/\/xenonkungen.com\/shop\/\"},{\"@type\":\"ListItem\",\"position\":3,\"name\":\"LED Blinkerslampa 145AME\"}]},{\"@type\":\"WebSite\",\"@id\":\"https:\/\/xenonkungen.com\/#website\",\"url\":\"https:\/\/xenonkungen.com\/\",\"name\":\"Xenonkungen\",\"description\":\"\",\"potentialAction\":[{\"@type\":\"SearchAction\",\"target\":{\"@type\":\"EntryPoint\",\"urlTemplate\":\"https:\/\/xenonkungen.com\/?s={search_term_string}\"},\"query-input\":{\"@type\":\"PropertyValueSpecification\",\"valueRequired\":true,\"valueName\":\"search_term_string\"}}],\"inLanguage\":\"da-DK\"}]}<\/script>\n<!-- \/ Yoast SEO plugin. -->","yoast_head_json":{"title":"LED blinklys 145AME - Xenon Kongen","robots":{"index":"index","follow":"follow","max-snippet":"max-snippet:-1","max-image-preview":"max-image-preview:large","max-video-preview":"max-video-preview:-1"},"canonical":"https:\/\/xenonkungen.com\/dk\/vare\/led-blinklyslampe-145ame\/","og_locale":"da_DK","og_type":"article","og_title":"LED Blinkerslampa 145AME - Xenonkungen","og_description":"Stilfull och Funktionell LED Baklampa 145AME Amber Denna LED baklampa med indikator\/blinkersfunktion och kromfinish f\u00f6r ytmontage \u00e4r den perfekta uppgraderingen f\u00f6r alla fordonstyper. Med avancerad LED-teknik och en i\u00f6gonfallande design, \u00f6kar den inte bara s\u00e4kerheten genom tydliga riktningsskiften utan f\u00f6rb\u00e4ttrar \u00e4ven fordonets estetiska utseende. Funktioner och F\u00f6rdelar: Indikator\/Blinkersfunktion: S\u00e4kerst\u00e4ller att dina riktningsskiften \u00e4r tydliga och [&hellip;]","og_url":"https:\/\/xenonkungen.com\/dk\/vare\/led-blinklyslampe-145ame\/","og_site_name":"Xenonkungen","article_modified_time":"2026-04-21T16:03:15+00:00","og_image":[{"width":550,"height":550,"url":"https:\/\/xenonkungen.com\/wp-content\/uploads\/2025\/04\/7293823-origpic-8eaec3.jpg","type":"image\/jpeg"}],"twitter_card":"summary_large_image","twitter_misc":{"Estimeret l\u00e6setid":"1 minut"},"schema":{"@context":"https:\/\/schema.org","@graph":[{"@type":"WebPage","@id":"https:\/\/xenonkungen.com\/produkt\/led-blinkerslampa-145ame\/","url":"https:\/\/xenonkungen.com\/produkt\/led-blinkerslampa-145ame\/","name":"LED blinklys 145AME - Xenon Kongen","isPartOf":{"@id":"https:\/\/xenonkungen.com\/#website"},"primaryImageOfPage":{"@id":"https:\/\/xenonkungen.com\/produkt\/led-blinkerslampa-145ame\/#primaryimage"},"image":{"@id":"https:\/\/xenonkungen.com\/produkt\/led-blinkerslampa-145ame\/#primaryimage"},"thumbnailUrl":"https:\/\/xenonkungen.com\/wp-content\/uploads\/2025\/04\/7293823-origpic-8eaec3.jpg","datePublished":"2025-04-15T09:47:58+00:00","dateModified":"2026-04-21T16:03:15+00:00","breadcrumb":{"@id":"https:\/\/xenonkungen.com\/produkt\/led-blinkerslampa-145ame\/#breadcrumb"},"inLanguage":"da-DK","potentialAction":[{"@type":"ReadAction","target":["https:\/\/xenonkungen.com\/produkt\/led-blinkerslampa-145ame\/"]}]},{"@type":"ImageObject","inLanguage":"da-DK","@id":"https:\/\/xenonkungen.com\/produkt\/led-blinkerslampa-145ame\/#primaryimage","url":"https:\/\/xenonkungen.com\/wp-content\/uploads\/2025\/04\/7293823-origpic-8eaec3.jpg","contentUrl":"https:\/\/xenonkungen.com\/wp-content\/uploads\/2025\/04\/7293823-origpic-8eaec3.jpg","width":550,"height":550},{"@type":"BreadcrumbList","@id":"https:\/\/xenonkungen.com\/produkt\/led-blinkerslampa-145ame\/#breadcrumb","itemListElement":[{"@type":"ListItem","position":1,"name":"Hem","item":"https:\/\/xenonkungen.com\/"},{"@type":"ListItem","position":2,"name":"Shop","item":"https:\/\/xenonkungen.com\/shop\/"},{"@type":"ListItem","position":3,"name":"LED Blinkerslampa 145AME"}]},{"@type":"WebSite","@id":"https:\/\/xenonkungen.com\/#website","url":"https:\/\/xenonkungen.com\/","name":"Xenonkungen","description":"","potentialAction":[{"@type":"SearchAction","target":{"@type":"EntryPoint","urlTemplate":"https:\/\/xenonkungen.com\/?s={search_term_string}"},"query-input":{"@type":"PropertyValueSpecification","valueRequired":true,"valueName":"search_term_string"}}],"inLanguage":"da-DK"}]}},"taxonomy_info":{"anvandningsomrade":[{"value":166,"label":"Lastbil"},{"value":238,"label":"SL\u00c4P"},{"value":2816,"label":"TRAILER"}],"product_brand":[{"value":1252,"label":"LEA"}],"product_cat":[{"value":2582,"label":"Blinkers"}],"pa_fuktskydd-varde-ipxx":[{"value":333,"label":"IP67"}],"pa_godkannande":[{"value":1262,"label":"ECE, EMC"}],"pa_storlek-mm":[{"value":1804,"label":"145x23"}],"pa_stromforbrukning":[{"value":1806,"label":"0.09A @28V"},{"value":1805,"label":"0.26A @13.8V"}],"pa_volt-v":[{"value":348,"label":"12, 24"}]},"featured_image_src_large":["https:\/\/xenonkungen.com\/wp-content\/uploads\/2025\/04\/7293823-origpic-8eaec3.jpg",550,550,false],"author_info":[],"comment_info":0,"_links":{"self":[{"href":"https:\/\/xenonkungen.com\/dk\/wp-json\/wp\/v2\/product\/6618","targetHints":{"allow":["GET"]}}],"collection":[{"href":"https:\/\/xenonkungen.com\/dk\/wp-json\/wp\/v2\/product"}],"about":[{"href":"https:\/\/xenonkungen.com\/dk\/wp-json\/wp\/v2\/types\/product"}],"replies":[{"embeddable":true,"href":"https:\/\/xenonkungen.com\/dk\/wp-json\/wp\/v2\/comments?post=6618"}],"wp:featuredmedia":[{"embeddable":true,"href":"https:\/\/xenonkungen.com\/dk\/wp-json\/wp\/v2\/media\/6619"}],"wp:attachment":[{"href":"https:\/\/xenonkungen.com\/dk\/wp-json\/wp\/v2\/media?parent=6618"}],"wp:term":[{"taxonomy":"anvandningsomrade","embeddable":true,"href":"https:\/\/xenonkungen.com\/dk\/wp-json\/wp\/v2\/anvandningsomrade?post=6618"},{"taxonomy":"bilmarken","embeddable":true,"href":"https:\/\/xenonkungen.com\/dk\/wp-json\/wp\/v2\/bilmarken?post=6618"},{"taxonomy":"product_brand","embeddable":true,"href":"https:\/\/xenonkungen.com\/dk\/wp-json\/wp\/v2\/product_brand?post=6618"},{"taxonomy":"product_cat","embeddable":true,"href":"https:\/\/xenonkungen.com\/dk\/wp-json\/wp\/v2\/product_cat?post=6618"},{"taxonomy":"product_tag","embeddable":true,"href":"https:\/\/xenonkungen.com\/dk\/wp-json\/wp\/v2\/product_tag?post=6618"}],"curies":[{"name":"wp","href":"https:\/\/api.w.org\/{rel}","templated":true}]}}