{"id":6630,"date":"2025-04-15T09:48:04","date_gmt":"2025-04-15T09:48:04","guid":{"rendered":"https:\/\/xenonkungen.com\/product\/backlampa-145wme-vit\/"},"modified":"2026-04-24T17:10:37","modified_gmt":"2026-04-24T16:10:37","slug":"baklygte-145wme-hvid","status":"publish","type":"product","link":"https:\/\/xenonkungen.com\/dk\/vare\/baklygte-145wme-hvid\/","title":{"rendered":"Baggrundsbelysning 145WME Hvid"},"content":{"rendered":"<div class=\"container\">\n<h1>Moderne og stilfuld LED-baglygte med baklysfunktion 145WME hvid<\/h1>\n<p>Denne LED-baglygte tilbyder ikke kun avanceret lysydelse med baklysfunktion, men ogs\u00e5 en \u00e6stetisk opgradering til dit k\u00f8ret\u00f8j med sin elegante kromfinish. Perfekt til overflademontering og er en ideel l\u00f8sning til at \u00f8ge b\u00e5de synlighed og sikkerhed, samtidig med at den forbedrer dit k\u00f8ret\u00f8js udseende.<\/p>\n<h2>Funktioner og fordele:<\/h2>\n<ul>\n<li><strong>Baklysfunktion:<\/strong> Giver klart og kraftigt lys for at forbedre udsynet ved bakning.<\/li>\n<li><strong>Krom finish:<\/strong> Giver et stilfuldt og moderne udseende, der komplementerer alle k\u00f8ret\u00f8jstyper.<\/li>\n<li><strong>Avanceret LED-teknologi:<\/strong> Giver h\u00f8jtydende belysning med lang levetid og energieffektivitet.<\/li>\n<li><strong>Enkel overflademontering:<\/strong> Designet til nem installation p\u00e5 en bred vifte af k\u00f8ret\u00f8jer.<\/li>\n<\/ul>\n<p>Med LED-baglygten med bakfunktion i forkromet finish til p\u00e5bygning 145WME White tager du dit k\u00f8ret\u00f8j til det n\u00e6ste niveau. Du forbedrer ikke blot din sikkerhed p\u00e5 vejen, men du tilf\u00f8jer ogs\u00e5 et karakteristisk \u00e6stetisk pr\u00e6g, der f\u00e5r dit k\u00f8ret\u00f8j til at skille sig ud.<\/p>\n<h2>Produktspecifikationer<\/h2>\n<p><strong>Garanti:<\/strong> 5 \u00e5r<\/p>\n<\/div>","protected":false},"excerpt":{"rendered":"<p>Modern och Stilfull LED Baklampa med Backljusfunktion 145WME Vit Denna LED-baklampa erbjuder inte bara avancerad belysningsprestanda med sin backljusfunktion, men ocks\u00e5 en estetisk uppgradering f\u00f6r ditt fordon med dess eleganta kromfinish. Perfekt f\u00f6r ytmontage, \u00e4r det en idealisk l\u00f6sning f\u00f6r att \u00f6ka b\u00e5de synlighet och s\u00e4kerhet samtidigt som fordonets utseende f\u00f6rb\u00e4ttras. Egenskaper och F\u00f6rdelar: Backljusfunktion: [&hellip;]<\/p>","protected":false},"featured_media":6631,"comment_status":"closed","ping_status":"open","template":"","meta":{"_acf_changed":false,"_smort_price_nok":"577","_smort_price_dkk":"366","_smort_price_eur":"49.09","_smort_sale_price_nok":"","_smort_sale_price_dkk":"","_smort_sale_price_eur":"","smort_restorder":"","shipmondo_restorder":"","_kad_blocks_custom_css":"","_kad_blocks_head_custom_js":"","_kad_blocks_body_custom_js":"","_kad_blocks_footer_custom_js":"","smort_custom_pricelist_1":"302.4","smort_custom_pricelist_2":"302.4","smort_custom_pricelist_3":"287.28","smort_custom_pricelist_4":"432","smort_custom_pricelist_5":"302.4"},"anvandningsomrade":[166,238,2816],"bilmarken":[],"product_brand":[1252],"product_cat":[3050,2585],"product_tag":[],"class_list":{"0":"post-6630","1":"product","2":"type-product","3":"status-publish","4":"has-post-thumbnail","6":"anvandningsomrade-lastbil","7":"anvandningsomrade-slap","8":"anvandningsomrade-trailer","9":"product_brand-lea","10":"product_cat-bakljus-enkel-rund","11":"product_cat-backljus","12":"pa_godkannande-ece-emc","13":"pa_storlek-mm-145x23","14":"pa_stromforbrukning-0-10a-13-8v","15":"pa_stromforbrukning-0-17a-28v","16":"pa_volt-v-12-24","18":"first","19":"onbackorder","20":"taxable","21":"shipping-taxable","22":"purchasable","23":"product-type-simple"},"bundled_by":[],"bundle_stock_status":"onbackorder","bundle_stock_quantity":0,"bundle_virtual":false,"bundle_layout":"","bundle_add_to_cart_form_location":"","bundle_editable_in_cart":false,"bundle_sold_individually_context":"","bundle_item_grouping":"","bundle_min_size":"","bundle_max_size":"","bundle_price":[],"bundled_items":[],"bundle_sell_ids":[],"acf":[],"yoast_head":"<!-- This site is optimized with the Yoast SEO plugin v27.0 - https:\/\/yoast.com\/product\/yoast-seo-wordpress\/ -->\n<title>Backlampa 145WME Vit - Xenonkungen<\/title>\n<meta name=\"robots\" content=\"index, follow, max-snippet:-1, max-image-preview:large, max-video-preview:-1\" \/>\n<link rel=\"canonical\" href=\"https:\/\/xenonkungen.com\/dk\/vare\/baklygte-145wme-hvid\/\" \/>\n<meta property=\"og:locale\" content=\"da_DK\" \/>\n<meta property=\"og:type\" content=\"article\" \/>\n<meta property=\"og:title\" content=\"Backlampa 145WME Vit - Xenonkungen\" \/>\n<meta property=\"og:description\" content=\"Modern och Stilfull LED Baklampa med Backljusfunktion 145WME Vit Denna LED-baklampa erbjuder inte bara avancerad belysningsprestanda med sin backljusfunktion, men ocks\u00e5 en estetisk uppgradering f\u00f6r ditt fordon med dess eleganta kromfinish. Perfekt f\u00f6r ytmontage, \u00e4r det en idealisk l\u00f6sning f\u00f6r att \u00f6ka b\u00e5de synlighet och s\u00e4kerhet samtidigt som fordonets utseende f\u00f6rb\u00e4ttras. Egenskaper och F\u00f6rdelar: Backljusfunktion: [&hellip;]\" \/>\n<meta property=\"og:url\" content=\"https:\/\/xenonkungen.com\/dk\/vare\/baklygte-145wme-hvid\/\" \/>\n<meta property=\"og:site_name\" content=\"Xenonkungen\" \/>\n<meta property=\"article:modified_time\" content=\"2026-04-24T16:10:37+00:00\" \/>\n<meta property=\"og:image\" content=\"https:\/\/xenonkungen.com\/wp-content\/uploads\/2025\/04\/7293838-origpic-3f22ff.jpg\" \/>\n\t<meta property=\"og:image:width\" content=\"550\" \/>\n\t<meta property=\"og:image:height\" content=\"550\" \/>\n\t<meta property=\"og:image:type\" content=\"image\/jpeg\" \/>\n<meta name=\"twitter:card\" content=\"summary_large_image\" \/>\n<meta name=\"twitter:label1\" content=\"Estimeret l\u00e6setid\" \/>\n\t<meta name=\"twitter:data1\" content=\"1 minut\" \/>\n<script type=\"application\/ld+json\" class=\"yoast-schema-graph\">{\"@context\":\"https:\/\/schema.org\",\"@graph\":[{\"@type\":\"WebPage\",\"@id\":\"https:\/\/xenonkungen.com\/produkt\/backlampa-145wme-vit\/\",\"url\":\"https:\/\/xenonkungen.com\/produkt\/backlampa-145wme-vit\/\",\"name\":\"Backlampa 145WME Vit - Xenonkungen\",\"isPartOf\":{\"@id\":\"https:\/\/xenonkungen.com\/#website\"},\"primaryImageOfPage\":{\"@id\":\"https:\/\/xenonkungen.com\/produkt\/backlampa-145wme-vit\/#primaryimage\"},\"image\":{\"@id\":\"https:\/\/xenonkungen.com\/produkt\/backlampa-145wme-vit\/#primaryimage\"},\"thumbnailUrl\":\"https:\/\/xenonkungen.com\/wp-content\/uploads\/2025\/04\/7293838-origpic-3f22ff.jpg\",\"datePublished\":\"2025-04-15T09:48:04+00:00\",\"dateModified\":\"2026-04-24T16:10:37+00:00\",\"breadcrumb\":{\"@id\":\"https:\/\/xenonkungen.com\/produkt\/backlampa-145wme-vit\/#breadcrumb\"},\"inLanguage\":\"da-DK\",\"potentialAction\":[{\"@type\":\"ReadAction\",\"target\":[\"https:\/\/xenonkungen.com\/produkt\/backlampa-145wme-vit\/\"]}]},{\"@type\":\"ImageObject\",\"inLanguage\":\"da-DK\",\"@id\":\"https:\/\/xenonkungen.com\/produkt\/backlampa-145wme-vit\/#primaryimage\",\"url\":\"https:\/\/xenonkungen.com\/wp-content\/uploads\/2025\/04\/7293838-origpic-3f22ff.jpg\",\"contentUrl\":\"https:\/\/xenonkungen.com\/wp-content\/uploads\/2025\/04\/7293838-origpic-3f22ff.jpg\",\"width\":550,\"height\":550},{\"@type\":\"BreadcrumbList\",\"@id\":\"https:\/\/xenonkungen.com\/produkt\/backlampa-145wme-vit\/#breadcrumb\",\"itemListElement\":[{\"@type\":\"ListItem\",\"position\":1,\"name\":\"Hem\",\"item\":\"https:\/\/xenonkungen.com\/\"},{\"@type\":\"ListItem\",\"position\":2,\"name\":\"Shop\",\"item\":\"https:\/\/xenonkungen.com\/shop\/\"},{\"@type\":\"ListItem\",\"position\":3,\"name\":\"Backlampa 145WME Vit\"}]},{\"@type\":\"WebSite\",\"@id\":\"https:\/\/xenonkungen.com\/#website\",\"url\":\"https:\/\/xenonkungen.com\/\",\"name\":\"Xenonkungen\",\"description\":\"\",\"potentialAction\":[{\"@type\":\"SearchAction\",\"target\":{\"@type\":\"EntryPoint\",\"urlTemplate\":\"https:\/\/xenonkungen.com\/?s={search_term_string}\"},\"query-input\":{\"@type\":\"PropertyValueSpecification\",\"valueRequired\":true,\"valueName\":\"search_term_string\"}}],\"inLanguage\":\"da-DK\"}]}<\/script>\n<!-- \/ Yoast SEO plugin. -->","yoast_head_json":{"title":"Baglygte 145WME Hvid - Xenon-kongen","robots":{"index":"index","follow":"follow","max-snippet":"max-snippet:-1","max-image-preview":"max-image-preview:large","max-video-preview":"max-video-preview:-1"},"canonical":"https:\/\/xenonkungen.com\/dk\/vare\/baklygte-145wme-hvid\/","og_locale":"da_DK","og_type":"article","og_title":"Backlampa 145WME Vit - Xenonkungen","og_description":"Modern och Stilfull LED Baklampa med Backljusfunktion 145WME Vit Denna LED-baklampa erbjuder inte bara avancerad belysningsprestanda med sin backljusfunktion, men ocks\u00e5 en estetisk uppgradering f\u00f6r ditt fordon med dess eleganta kromfinish. Perfekt f\u00f6r ytmontage, \u00e4r det en idealisk l\u00f6sning f\u00f6r att \u00f6ka b\u00e5de synlighet och s\u00e4kerhet samtidigt som fordonets utseende f\u00f6rb\u00e4ttras. Egenskaper och F\u00f6rdelar: Backljusfunktion: [&hellip;]","og_url":"https:\/\/xenonkungen.com\/dk\/vare\/baklygte-145wme-hvid\/","og_site_name":"Xenonkungen","article_modified_time":"2026-04-24T16:10:37+00:00","og_image":[{"width":550,"height":550,"url":"https:\/\/xenonkungen.com\/wp-content\/uploads\/2025\/04\/7293838-origpic-3f22ff.jpg","type":"image\/jpeg"}],"twitter_card":"summary_large_image","twitter_misc":{"Estimeret l\u00e6setid":"1 minut"},"schema":{"@context":"https:\/\/schema.org","@graph":[{"@type":"WebPage","@id":"https:\/\/xenonkungen.com\/produkt\/backlampa-145wme-vit\/","url":"https:\/\/xenonkungen.com\/produkt\/backlampa-145wme-vit\/","name":"Baglygte 145WME Hvid - Xenon-kongen","isPartOf":{"@id":"https:\/\/xenonkungen.com\/#website"},"primaryImageOfPage":{"@id":"https:\/\/xenonkungen.com\/produkt\/backlampa-145wme-vit\/#primaryimage"},"image":{"@id":"https:\/\/xenonkungen.com\/produkt\/backlampa-145wme-vit\/#primaryimage"},"thumbnailUrl":"https:\/\/xenonkungen.com\/wp-content\/uploads\/2025\/04\/7293838-origpic-3f22ff.jpg","datePublished":"2025-04-15T09:48:04+00:00","dateModified":"2026-04-24T16:10:37+00:00","breadcrumb":{"@id":"https:\/\/xenonkungen.com\/produkt\/backlampa-145wme-vit\/#breadcrumb"},"inLanguage":"da-DK","potentialAction":[{"@type":"ReadAction","target":["https:\/\/xenonkungen.com\/produkt\/backlampa-145wme-vit\/"]}]},{"@type":"ImageObject","inLanguage":"da-DK","@id":"https:\/\/xenonkungen.com\/produkt\/backlampa-145wme-vit\/#primaryimage","url":"https:\/\/xenonkungen.com\/wp-content\/uploads\/2025\/04\/7293838-origpic-3f22ff.jpg","contentUrl":"https:\/\/xenonkungen.com\/wp-content\/uploads\/2025\/04\/7293838-origpic-3f22ff.jpg","width":550,"height":550},{"@type":"BreadcrumbList","@id":"https:\/\/xenonkungen.com\/produkt\/backlampa-145wme-vit\/#breadcrumb","itemListElement":[{"@type":"ListItem","position":1,"name":"Hem","item":"https:\/\/xenonkungen.com\/"},{"@type":"ListItem","position":2,"name":"Shop","item":"https:\/\/xenonkungen.com\/shop\/"},{"@type":"ListItem","position":3,"name":"Backlampa 145WME Vit"}]},{"@type":"WebSite","@id":"https:\/\/xenonkungen.com\/#website","url":"https:\/\/xenonkungen.com\/","name":"Xenonkungen","description":"","potentialAction":[{"@type":"SearchAction","target":{"@type":"EntryPoint","urlTemplate":"https:\/\/xenonkungen.com\/?s={search_term_string}"},"query-input":{"@type":"PropertyValueSpecification","valueRequired":true,"valueName":"search_term_string"}}],"inLanguage":"da-DK"}]}},"taxonomy_info":{"anvandningsomrade":[{"value":166,"label":"Lastbil"},{"value":238,"label":"SL\u00c4P"},{"value":2816,"label":"TRAILER"}],"product_brand":[{"value":1252,"label":"LEA"}],"product_cat":[{"value":3050,"label":"Bakljus Enkel Rund"},{"value":2585,"label":"Backljus"}],"pa_godkannande":[{"value":1262,"label":"ECE, EMC"}],"pa_storlek-mm":[{"value":1804,"label":"145x23"}],"pa_stromforbrukning":[{"value":1809,"label":"0.10A @13.8V"},{"value":1810,"label":"0.17A @28V"}],"pa_volt-v":[{"value":348,"label":"12, 24"}]},"featured_image_src_large":["https:\/\/xenonkungen.com\/wp-content\/uploads\/2025\/04\/7293838-origpic-3f22ff.jpg",550,550,false],"author_info":[],"comment_info":0,"_links":{"self":[{"href":"https:\/\/xenonkungen.com\/dk\/wp-json\/wp\/v2\/product\/6630","targetHints":{"allow":["GET"]}}],"collection":[{"href":"https:\/\/xenonkungen.com\/dk\/wp-json\/wp\/v2\/product"}],"about":[{"href":"https:\/\/xenonkungen.com\/dk\/wp-json\/wp\/v2\/types\/product"}],"replies":[{"embeddable":true,"href":"https:\/\/xenonkungen.com\/dk\/wp-json\/wp\/v2\/comments?post=6630"}],"wp:featuredmedia":[{"embeddable":true,"href":"https:\/\/xenonkungen.com\/dk\/wp-json\/wp\/v2\/media\/6631"}],"wp:attachment":[{"href":"https:\/\/xenonkungen.com\/dk\/wp-json\/wp\/v2\/media?parent=6630"}],"wp:term":[{"taxonomy":"anvandningsomrade","embeddable":true,"href":"https:\/\/xenonkungen.com\/dk\/wp-json\/wp\/v2\/anvandningsomrade?post=6630"},{"taxonomy":"bilmarken","embeddable":true,"href":"https:\/\/xenonkungen.com\/dk\/wp-json\/wp\/v2\/bilmarken?post=6630"},{"taxonomy":"product_brand","embeddable":true,"href":"https:\/\/xenonkungen.com\/dk\/wp-json\/wp\/v2\/product_brand?post=6630"},{"taxonomy":"product_cat","embeddable":true,"href":"https:\/\/xenonkungen.com\/dk\/wp-json\/wp\/v2\/product_cat?post=6630"},{"taxonomy":"product_tag","embeddable":true,"href":"https:\/\/xenonkungen.com\/dk\/wp-json\/wp\/v2\/product_tag?post=6630"}],"curies":[{"name":"wp","href":"https:\/\/api.w.org\/{rel}","templated":true}]}}