{"id":6648,"date":"2025-04-15T09:48:10","date_gmt":"2025-04-15T09:48:10","guid":{"rendered":"https:\/\/xenonkungen.com\/product\/frontmarkering-1490wm\/"},"modified":"2026-04-21T17:01:30","modified_gmt":"2026-04-21T16:01:30","slug":"frontmarkering-1490wm","status":"publish","type":"product","link":"https:\/\/xenonkungen.com\/dk\/vare\/frontmarkering-1490wm\/","title":{"rendered":"M\u00e6rkning foran 1490WM"},"content":{"rendered":"<h1>LED markeringslys til forpladsen<\/h1>\n<p>Dette moderne LED-markeringslys er en vigtig opgradering til dit k\u00f8ret\u00f8j, designet til at give enest\u00e5ende lysstyrke og \u00f8get synlighed af forenden med sin i<span>ntegreret retro-reflektor.<\/span><\/p>\n<p>Takket v\u00e6re overflademontering og l\u00e6kageforseglet elektronik garanterer denne lampe holdbarhed og p\u00e5lidelighed under alle vejrforhold. Med en <strong>IP67-klassificering<\/strong> Det er fuldt beskyttet mod st\u00f8v- og vandindtr\u00e6ngning, hvilket g\u00f8r det slagfast og ideelt til b\u00e5de arbejds- og fritidsk\u00f8ret\u00f8jer.<\/p>\n<p>Det kompakte design og den nemme installation g\u00f8r den til et ideelt valg til en lang r\u00e6kke k\u00f8ret\u00f8jer, fra lastbiler og trailere til campingvogne og b\u00e5de.<\/p>\n<p>Dette markeringslys kombinerer avanceret LED-teknologi med en diskret \u00e6stetik, som ikke kun forbedrer sikkerheden, men ogs\u00e5 supplerer bilens udseende med sit elegante design.<\/p>\n<p><span>Dette produkt f\u00e5s ogs\u00e5 i en version med to ben <\/span><a href=\"https:\/\/www.xenonkungen.com\/se\/produkter\/yrke-proffs\/kablage\/markeringslampor-for-kabelsystem\/frontmarkering-1490wm-2pin.html\" target=\"_blank\" rel=\"noopener\">LEA-1490WM2P<\/a><\/p>\n<p><strong>Garanti:<\/strong> 5 \u00e5r<\/p>","protected":false},"excerpt":{"rendered":"<p>LED Markeringslampa f\u00f6r Frontparti Denna moderna LED markeringslampa \u00e4r en essentiell uppgradering f\u00f6r ditt fordon, designad f\u00f6r att erbjuda exceptionell ljusstyrka och \u00f6kad synlighet f\u00f6r frontpartiet med sin integrerade reflexreflektor. Tack vare dess utanp\u00e5liggande montering och l\u00e4ckagef\u00f6rseglade elektronik, garanterar denna lampa h\u00e5llbarhet och tillf\u00f6rlitlighet i alla v\u00e4derf\u00f6rh\u00e5llanden. Med en IP67-klassificering \u00e4r den fullst\u00e4ndigt skyddad mot [&hellip;]<\/p>","protected":false},"featured_media":6649,"comment_status":"closed","ping_status":"open","template":"","meta":{"_acf_changed":false,"_smort_price_nok":"139","_smort_price_dkk":"88","_smort_price_eur":"11.82","_smort_sale_price_nok":"","_smort_sale_price_dkk":"","_smort_sale_price_eur":"","smort_restorder":"","shipmondo_restorder":"","_kad_blocks_custom_css":"","_kad_blocks_head_custom_js":"","_kad_blocks_body_custom_js":"","_kad_blocks_footer_custom_js":"","smort_custom_pricelist_1":"72.8","smort_custom_pricelist_2":"72.8","smort_custom_pricelist_3":"69.16","smort_custom_pricelist_4":"104","smort_custom_pricelist_5":"72.8"},"anvandningsomrade":[166,238,2816],"bilmarken":[],"product_brand":[1252],"product_cat":[2810,2478],"product_tag":[],"class_list":{"0":"post-6648","1":"product","2":"type-product","3":"status-publish","4":"has-post-thumbnail","6":"anvandningsomrade-lastbil","7":"anvandningsomrade-slap","8":"anvandningsomrade-trailer","9":"product_brand-lea","10":"product_cat-front","11":"product_cat-positionsljus-slap","12":"pa_fuktskydd-varde-ipxx-ip67","13":"pa_godkannande-ece","14":"pa_storlek-mm-110x40x25","15":"pa_stromforbrukning-0-05a-13-8v","16":"pa_stromforbrukning-0-07a-28v","17":"pa_volt-v-12-24","19":"first","20":"instock","21":"taxable","22":"shipping-taxable","23":"purchasable","24":"product-type-simple"},"bundled_by":[],"bundle_stock_status":"instock","bundle_stock_quantity":9,"bundle_virtual":false,"bundle_layout":"","bundle_add_to_cart_form_location":"","bundle_editable_in_cart":false,"bundle_sold_individually_context":"","bundle_item_grouping":"","bundle_min_size":"","bundle_max_size":"","bundle_price":[],"bundled_items":[],"bundle_sell_ids":[],"acf":[],"yoast_head":"<!-- This site is optimized with the Yoast SEO plugin v27.0 - https:\/\/yoast.com\/product\/yoast-seo-wordpress\/ -->\n<title>Frontmarkering 1490WM - Xenonkungen<\/title>\n<meta name=\"robots\" content=\"index, follow, max-snippet:-1, max-image-preview:large, max-video-preview:-1\" \/>\n<link rel=\"canonical\" href=\"https:\/\/xenonkungen.com\/dk\/vare\/frontmarkering-1490wm\/\" \/>\n<meta property=\"og:locale\" content=\"da_DK\" \/>\n<meta property=\"og:type\" content=\"article\" \/>\n<meta property=\"og:title\" content=\"Frontmarkering 1490WM - Xenonkungen\" \/>\n<meta property=\"og:description\" content=\"LED Markeringslampa f\u00f6r Frontparti Denna moderna LED markeringslampa \u00e4r en essentiell uppgradering f\u00f6r ditt fordon, designad f\u00f6r att erbjuda exceptionell ljusstyrka och \u00f6kad synlighet f\u00f6r frontpartiet med sin integrerade reflexreflektor. Tack vare dess utanp\u00e5liggande montering och l\u00e4ckagef\u00f6rseglade elektronik, garanterar denna lampa h\u00e5llbarhet och tillf\u00f6rlitlighet i alla v\u00e4derf\u00f6rh\u00e5llanden. Med en IP67-klassificering \u00e4r den fullst\u00e4ndigt skyddad mot [&hellip;]\" \/>\n<meta property=\"og:url\" content=\"https:\/\/xenonkungen.com\/dk\/vare\/frontmarkering-1490wm\/\" \/>\n<meta property=\"og:site_name\" content=\"Xenonkungen\" \/>\n<meta property=\"article:modified_time\" content=\"2026-04-21T16:01:30+00:00\" \/>\n<meta property=\"og:image\" content=\"https:\/\/xenonkungen.com\/wp-content\/uploads\/2025\/04\/7310324-origpic-a703fe.jpg\" \/>\n\t<meta property=\"og:image:width\" content=\"600\" \/>\n\t<meta property=\"og:image:height\" content=\"600\" \/>\n\t<meta property=\"og:image:type\" content=\"image\/jpeg\" \/>\n<meta name=\"twitter:card\" content=\"summary_large_image\" \/>\n<meta name=\"twitter:label1\" content=\"Estimeret l\u00e6setid\" \/>\n\t<meta name=\"twitter:data1\" content=\"1 minut\" \/>\n<script type=\"application\/ld+json\" class=\"yoast-schema-graph\">{\"@context\":\"https:\/\/schema.org\",\"@graph\":[{\"@type\":\"WebPage\",\"@id\":\"https:\/\/xenonkungen.com\/produkt\/frontmarkering-1490wm\/\",\"url\":\"https:\/\/xenonkungen.com\/produkt\/frontmarkering-1490wm\/\",\"name\":\"Frontmarkering 1490WM - Xenonkungen\",\"isPartOf\":{\"@id\":\"https:\/\/xenonkungen.com\/#website\"},\"primaryImageOfPage\":{\"@id\":\"https:\/\/xenonkungen.com\/produkt\/frontmarkering-1490wm\/#primaryimage\"},\"image\":{\"@id\":\"https:\/\/xenonkungen.com\/produkt\/frontmarkering-1490wm\/#primaryimage\"},\"thumbnailUrl\":\"https:\/\/xenonkungen.com\/wp-content\/uploads\/2025\/04\/7310324-origpic-a703fe.jpg\",\"datePublished\":\"2025-04-15T09:48:10+00:00\",\"dateModified\":\"2026-04-21T16:01:30+00:00\",\"breadcrumb\":{\"@id\":\"https:\/\/xenonkungen.com\/produkt\/frontmarkering-1490wm\/#breadcrumb\"},\"inLanguage\":\"da-DK\",\"potentialAction\":[{\"@type\":\"ReadAction\",\"target\":[\"https:\/\/xenonkungen.com\/produkt\/frontmarkering-1490wm\/\"]}]},{\"@type\":\"ImageObject\",\"inLanguage\":\"da-DK\",\"@id\":\"https:\/\/xenonkungen.com\/produkt\/frontmarkering-1490wm\/#primaryimage\",\"url\":\"https:\/\/xenonkungen.com\/wp-content\/uploads\/2025\/04\/7310324-origpic-a703fe.jpg\",\"contentUrl\":\"https:\/\/xenonkungen.com\/wp-content\/uploads\/2025\/04\/7310324-origpic-a703fe.jpg\",\"width\":600,\"height\":600},{\"@type\":\"BreadcrumbList\",\"@id\":\"https:\/\/xenonkungen.com\/produkt\/frontmarkering-1490wm\/#breadcrumb\",\"itemListElement\":[{\"@type\":\"ListItem\",\"position\":1,\"name\":\"Hem\",\"item\":\"https:\/\/xenonkungen.com\/\"},{\"@type\":\"ListItem\",\"position\":2,\"name\":\"Shop\",\"item\":\"https:\/\/xenonkungen.com\/shop\/\"},{\"@type\":\"ListItem\",\"position\":3,\"name\":\"Frontmarkering 1490WM\"}]},{\"@type\":\"WebSite\",\"@id\":\"https:\/\/xenonkungen.com\/#website\",\"url\":\"https:\/\/xenonkungen.com\/\",\"name\":\"Xenonkungen\",\"description\":\"\",\"potentialAction\":[{\"@type\":\"SearchAction\",\"target\":{\"@type\":\"EntryPoint\",\"urlTemplate\":\"https:\/\/xenonkungen.com\/?s={search_term_string}\"},\"query-input\":{\"@type\":\"PropertyValueSpecification\",\"valueRequired\":true,\"valueName\":\"search_term_string\"}}],\"inLanguage\":\"da-DK\"}]}<\/script>\n<!-- \/ Yoast SEO plugin. -->","yoast_head_json":{"title":"Frontmarkering 1490WM - Xenon-kongen","robots":{"index":"index","follow":"follow","max-snippet":"max-snippet:-1","max-image-preview":"max-image-preview:large","max-video-preview":"max-video-preview:-1"},"canonical":"https:\/\/xenonkungen.com\/dk\/vare\/frontmarkering-1490wm\/","og_locale":"da_DK","og_type":"article","og_title":"Frontmarkering 1490WM - Xenonkungen","og_description":"LED Markeringslampa f\u00f6r Frontparti Denna moderna LED markeringslampa \u00e4r en essentiell uppgradering f\u00f6r ditt fordon, designad f\u00f6r att erbjuda exceptionell ljusstyrka och \u00f6kad synlighet f\u00f6r frontpartiet med sin integrerade reflexreflektor. Tack vare dess utanp\u00e5liggande montering och l\u00e4ckagef\u00f6rseglade elektronik, garanterar denna lampa h\u00e5llbarhet och tillf\u00f6rlitlighet i alla v\u00e4derf\u00f6rh\u00e5llanden. Med en IP67-klassificering \u00e4r den fullst\u00e4ndigt skyddad mot [&hellip;]","og_url":"https:\/\/xenonkungen.com\/dk\/vare\/frontmarkering-1490wm\/","og_site_name":"Xenonkungen","article_modified_time":"2026-04-21T16:01:30+00:00","og_image":[{"width":600,"height":600,"url":"https:\/\/xenonkungen.com\/wp-content\/uploads\/2025\/04\/7310324-origpic-a703fe.jpg","type":"image\/jpeg"}],"twitter_card":"summary_large_image","twitter_misc":{"Estimeret l\u00e6setid":"1 minut"},"schema":{"@context":"https:\/\/schema.org","@graph":[{"@type":"WebPage","@id":"https:\/\/xenonkungen.com\/produkt\/frontmarkering-1490wm\/","url":"https:\/\/xenonkungen.com\/produkt\/frontmarkering-1490wm\/","name":"Frontmarkering 1490WM - Xenon-kongen","isPartOf":{"@id":"https:\/\/xenonkungen.com\/#website"},"primaryImageOfPage":{"@id":"https:\/\/xenonkungen.com\/produkt\/frontmarkering-1490wm\/#primaryimage"},"image":{"@id":"https:\/\/xenonkungen.com\/produkt\/frontmarkering-1490wm\/#primaryimage"},"thumbnailUrl":"https:\/\/xenonkungen.com\/wp-content\/uploads\/2025\/04\/7310324-origpic-a703fe.jpg","datePublished":"2025-04-15T09:48:10+00:00","dateModified":"2026-04-21T16:01:30+00:00","breadcrumb":{"@id":"https:\/\/xenonkungen.com\/produkt\/frontmarkering-1490wm\/#breadcrumb"},"inLanguage":"da-DK","potentialAction":[{"@type":"ReadAction","target":["https:\/\/xenonkungen.com\/produkt\/frontmarkering-1490wm\/"]}]},{"@type":"ImageObject","inLanguage":"da-DK","@id":"https:\/\/xenonkungen.com\/produkt\/frontmarkering-1490wm\/#primaryimage","url":"https:\/\/xenonkungen.com\/wp-content\/uploads\/2025\/04\/7310324-origpic-a703fe.jpg","contentUrl":"https:\/\/xenonkungen.com\/wp-content\/uploads\/2025\/04\/7310324-origpic-a703fe.jpg","width":600,"height":600},{"@type":"BreadcrumbList","@id":"https:\/\/xenonkungen.com\/produkt\/frontmarkering-1490wm\/#breadcrumb","itemListElement":[{"@type":"ListItem","position":1,"name":"Hem","item":"https:\/\/xenonkungen.com\/"},{"@type":"ListItem","position":2,"name":"Shop","item":"https:\/\/xenonkungen.com\/shop\/"},{"@type":"ListItem","position":3,"name":"Frontmarkering 1490WM"}]},{"@type":"WebSite","@id":"https:\/\/xenonkungen.com\/#website","url":"https:\/\/xenonkungen.com\/","name":"Xenonkungen","description":"","potentialAction":[{"@type":"SearchAction","target":{"@type":"EntryPoint","urlTemplate":"https:\/\/xenonkungen.com\/?s={search_term_string}"},"query-input":{"@type":"PropertyValueSpecification","valueRequired":true,"valueName":"search_term_string"}}],"inLanguage":"da-DK"}]}},"taxonomy_info":{"anvandningsomrade":[{"value":166,"label":"Lastbil"},{"value":238,"label":"SL\u00c4P"},{"value":2816,"label":"TRAILER"}],"product_brand":[{"value":1252,"label":"LEA"}],"product_cat":[{"value":2810,"label":"Front"},{"value":2478,"label":"Positionsljus"}],"pa_fuktskydd-varde-ipxx":[{"value":333,"label":"IP67"}],"pa_godkannande":[{"value":192,"label":"ECE"}],"pa_storlek-mm":[{"value":1811,"label":"110x40x25"}],"pa_stromforbrukning":[{"value":1812,"label":"0.05A @13.8V"},{"value":1813,"label":"0.07A @28V"}],"pa_volt-v":[{"value":348,"label":"12, 24"}]},"featured_image_src_large":["https:\/\/xenonkungen.com\/wp-content\/uploads\/2025\/04\/7310324-origpic-a703fe.jpg",600,600,false],"author_info":[],"comment_info":0,"_links":{"self":[{"href":"https:\/\/xenonkungen.com\/dk\/wp-json\/wp\/v2\/product\/6648","targetHints":{"allow":["GET"]}}],"collection":[{"href":"https:\/\/xenonkungen.com\/dk\/wp-json\/wp\/v2\/product"}],"about":[{"href":"https:\/\/xenonkungen.com\/dk\/wp-json\/wp\/v2\/types\/product"}],"replies":[{"embeddable":true,"href":"https:\/\/xenonkungen.com\/dk\/wp-json\/wp\/v2\/comments?post=6648"}],"wp:featuredmedia":[{"embeddable":true,"href":"https:\/\/xenonkungen.com\/dk\/wp-json\/wp\/v2\/media\/6649"}],"wp:attachment":[{"href":"https:\/\/xenonkungen.com\/dk\/wp-json\/wp\/v2\/media?parent=6648"}],"wp:term":[{"taxonomy":"anvandningsomrade","embeddable":true,"href":"https:\/\/xenonkungen.com\/dk\/wp-json\/wp\/v2\/anvandningsomrade?post=6648"},{"taxonomy":"bilmarken","embeddable":true,"href":"https:\/\/xenonkungen.com\/dk\/wp-json\/wp\/v2\/bilmarken?post=6648"},{"taxonomy":"product_brand","embeddable":true,"href":"https:\/\/xenonkungen.com\/dk\/wp-json\/wp\/v2\/product_brand?post=6648"},{"taxonomy":"product_cat","embeddable":true,"href":"https:\/\/xenonkungen.com\/dk\/wp-json\/wp\/v2\/product_cat?post=6648"},{"taxonomy":"product_tag","embeddable":true,"href":"https:\/\/xenonkungen.com\/dk\/wp-json\/wp\/v2\/product_tag?post=6648"}],"curies":[{"name":"wp","href":"https:\/\/api.w.org\/{rel}","templated":true}]}}