{"id":6680,"date":"2025-04-15T09:48:16","date_gmt":"2025-04-15T09:48:16","guid":{"rendered":"https:\/\/xenonkungen.com\/product\/reflex-reflektor-triangel-rod\/"},"modified":"2026-02-06T16:43:44","modified_gmt":"2026-02-06T15:43:44","slug":"refleks-reflektor-trekant-stang","status":"publish","type":"product","link":"https:\/\/xenonkungen.com\/dk\/vare\/refleks-reflektor-trekant-stang\/","title":{"rendered":"Refleks trekant | r\u00f8d"},"content":{"rendered":"<div class=\"container\">\n<h1>Universel trekantet refleks<\/h1>\n<p>Denne reflekterende refleks har en trekantet form og er godkendt til b\u00e5de lodret og vandret montering, hvilket g\u00f8r den perfekt til en r\u00e6kke forskellige anvendelser for at forbedre synlighed og sikkerhed.<\/p>\n<div class=\"specifications\">\n<h2>Specifikationer:<\/h2>\n<ul>\n<li><span class=\"highlight\">Form:<\/span> Trekantform for optimal synlighed.<\/li>\n<li><span class=\"highlight\">Monteringsfleksibilitet:<\/span> Godkendt til lodret og vandret montering.<\/li>\n<li><span class=\"highlight\">Sigtbarhed:<\/span> H\u00f8j reflektionsevne til brug i svagt lys.<\/li>\n<li><span class=\"highlight\">Konstruktion:<\/span> Robust for holdbarhed i al slags vejr.<\/li>\n<li><span class=\"highlight\">Brug det:<\/span> Ideel til k\u00f8ret\u00f8jer, trailere, cykler og sikkerhedsudstyr.<\/li>\n<\/ul>\n<\/div>\n<div class=\"features\">\n<h2>Funktioner:<\/h2>\n<ul>\n<li>\u00d8ger sikkerheden gennem forbedret synlighed og genkendelse.<\/li>\n<li>Fleksibel installation p\u00e5 forskelligt udstyr og k\u00f8ret\u00f8jer.<\/li>\n<li>Designet til at modst\u00e5 barske vejrforhold og intensiv brug.<\/li>\n<li>Universelt design, der passer til en r\u00e6kke forskellige anvendelser.<\/li>\n<\/ul>\n<\/div>\n<\/div>\n<p>Monteres direkte p\u00e5 en plan overflade med pr\u00e6monteret 3M dobbeltkl\u00e6bende tape.<\/p>\n<p><strong>Dimensioner:<\/strong> 130x150x10mm<br \/><strong>Tilladelse:<\/strong> ECE R3<\/p>\n<p>S\u00e6lges enkeltvis.<\/p>","protected":false},"excerpt":{"rendered":"<p>Universell Triangelformad Reflex Reflektor Denna reflex reflektor har en triangelform och \u00e4r godk\u00e4nd f\u00f6r b\u00e5de vertikal och horisontell montering, vilket g\u00f6r den perfekt f\u00f6r en rad olika anv\u00e4ndningsomr\u00e5den f\u00f6r att f\u00f6rb\u00e4ttra synlighet och s\u00e4kerhet. Specifikationer: Form: Triangelform f\u00f6r optimal synlighet. Monteringsflexibilitet: Godk\u00e4nd f\u00f6r vertikal och horisontell montering. Synlighet: H\u00f6g reflektionsf\u00f6rm\u00e5ga f\u00f6r anv\u00e4ndning i l\u00e5g ljus. [&hellip;]<\/p>","protected":false},"featured_media":6681,"comment_status":"closed","ping_status":"open","template":"","meta":{"_acf_changed":false,"_smort_price_nok":"64","_smort_price_dkk":"41","_smort_price_eur":"5.45","_smort_sale_price_nok":"","_smort_sale_price_dkk":"","_smort_sale_price_eur":"","smort_restorder":"","shipmondo_restorder":"","_kad_blocks_custom_css":"","_kad_blocks_head_custom_js":"","_kad_blocks_body_custom_js":"","_kad_blocks_footer_custom_js":"","smort_custom_pricelist_1":"33.6","smort_custom_pricelist_2":"33.6","smort_custom_pricelist_3":"31.92","smort_custom_pricelist_4":"48","smort_custom_pricelist_5":"33.6"},"anvandningsomrade":[166,238,2816],"bilmarken":[],"product_brand":[1252],"product_cat":[2446],"product_tag":[],"class_list":{"0":"post-6680","1":"product","2":"type-product","3":"status-publish","4":"has-post-thumbnail","6":"anvandningsomrade-lastbil","7":"anvandningsomrade-slap","8":"anvandningsomrade-trailer","9":"product_brand-lea","10":"product_cat-tillbehor-slap","11":"pa_godkannande-ece-r3","12":"pa_storlek-mm-130x150x10","14":"first","15":"instock","16":"taxable","17":"shipping-taxable","18":"purchasable","19":"product-type-simple"},"bundled_by":["9690","9697","9704"],"bundle_stock_status":"instock","bundle_stock_quantity":4,"bundle_virtual":false,"bundle_layout":"","bundle_add_to_cart_form_location":"","bundle_editable_in_cart":false,"bundle_sold_individually_context":"","bundle_item_grouping":"","bundle_min_size":"","bundle_max_size":"","bundle_price":[],"bundled_items":[],"bundle_sell_ids":[],"acf":[],"yoast_head":"<!-- This site is optimized with the Yoast SEO plugin v27.0 - https:\/\/yoast.com\/product\/yoast-seo-wordpress\/ -->\n<title>Reflex Reflektor Triangel | R\u00f6d - Xenonkungen<\/title>\n<meta name=\"robots\" content=\"index, follow, max-snippet:-1, max-image-preview:large, max-video-preview:-1\" \/>\n<link rel=\"canonical\" href=\"http:\/\/xenonkungen.com\/dk\/vare\/refleks-reflektor-trekant-stang\/\" \/>\n<meta property=\"og:locale\" content=\"da_DK\" \/>\n<meta property=\"og:type\" content=\"article\" \/>\n<meta property=\"og:title\" content=\"Reflex Reflektor Triangel | R\u00f6d - Xenonkungen\" \/>\n<meta property=\"og:description\" content=\"Universell Triangelformad Reflex Reflektor Denna reflex reflektor har en triangelform och \u00e4r godk\u00e4nd f\u00f6r b\u00e5de vertikal och horisontell montering, vilket g\u00f6r den perfekt f\u00f6r en rad olika anv\u00e4ndningsomr\u00e5den f\u00f6r att f\u00f6rb\u00e4ttra synlighet och s\u00e4kerhet. Specifikationer: Form: Triangelform f\u00f6r optimal synlighet. Monteringsflexibilitet: Godk\u00e4nd f\u00f6r vertikal och horisontell montering. Synlighet: H\u00f6g reflektionsf\u00f6rm\u00e5ga f\u00f6r anv\u00e4ndning i l\u00e5g ljus. [&hellip;]\" \/>\n<meta property=\"og:url\" content=\"http:\/\/xenonkungen.com\/dk\/vare\/refleks-reflektor-trekant-stang\/\" \/>\n<meta property=\"og:site_name\" content=\"Xenonkungen\" \/>\n<meta property=\"article:modified_time\" content=\"2026-02-06T15:43:44+00:00\" \/>\n<meta property=\"og:image\" content=\"https:\/\/xenonkungen.com\/wp-content\/uploads\/2025\/04\/183933463-origpic-28c01a.jpg\" \/>\n\t<meta property=\"og:image:width\" content=\"800\" \/>\n\t<meta property=\"og:image:height\" content=\"800\" \/>\n\t<meta property=\"og:image:type\" content=\"image\/jpeg\" \/>\n<meta name=\"twitter:card\" content=\"summary_large_image\" \/>\n<meta name=\"twitter:label1\" content=\"Estimeret l\u00e6setid\" \/>\n\t<meta name=\"twitter:data1\" content=\"1 minut\" \/>\n<script type=\"application\/ld+json\" class=\"yoast-schema-graph\">{\"@context\":\"https:\/\/schema.org\",\"@graph\":[{\"@type\":\"WebPage\",\"@id\":\"http:\/\/xenonkungen.com\/fi\/tuote\/reflex-reflektor-triangel-rod\/\",\"url\":\"http:\/\/xenonkungen.com\/fi\/tuote\/reflex-reflektor-triangel-rod\/\",\"name\":\"Reflex Reflektor Triangel | R\u00f6d - Xenonkungen\",\"isPartOf\":{\"@id\":\"https:\/\/xenonkungen.com\/#website\"},\"primaryImageOfPage\":{\"@id\":\"http:\/\/xenonkungen.com\/fi\/tuote\/reflex-reflektor-triangel-rod\/#primaryimage\"},\"image\":{\"@id\":\"http:\/\/xenonkungen.com\/fi\/tuote\/reflex-reflektor-triangel-rod\/#primaryimage\"},\"thumbnailUrl\":\"https:\/\/xenonkungen.com\/wp-content\/uploads\/2025\/04\/183933463-origpic-28c01a.jpg\",\"datePublished\":\"2025-04-15T09:48:16+00:00\",\"dateModified\":\"2026-02-06T15:43:44+00:00\",\"breadcrumb\":{\"@id\":\"http:\/\/xenonkungen.com\/fi\/tuote\/reflex-reflektor-triangel-rod\/#breadcrumb\"},\"inLanguage\":\"da-DK\",\"potentialAction\":[{\"@type\":\"ReadAction\",\"target\":[\"http:\/\/xenonkungen.com\/fi\/tuote\/reflex-reflektor-triangel-rod\/\"]}]},{\"@type\":\"ImageObject\",\"inLanguage\":\"da-DK\",\"@id\":\"http:\/\/xenonkungen.com\/fi\/tuote\/reflex-reflektor-triangel-rod\/#primaryimage\",\"url\":\"https:\/\/xenonkungen.com\/wp-content\/uploads\/2025\/04\/183933463-origpic-28c01a.jpg\",\"contentUrl\":\"https:\/\/xenonkungen.com\/wp-content\/uploads\/2025\/04\/183933463-origpic-28c01a.jpg\",\"width\":800,\"height\":800},{\"@type\":\"BreadcrumbList\",\"@id\":\"http:\/\/xenonkungen.com\/fi\/tuote\/reflex-reflektor-triangel-rod\/#breadcrumb\",\"itemListElement\":[{\"@type\":\"ListItem\",\"position\":1,\"name\":\"Hem\",\"item\":\"https:\/\/xenonkungen.com\/\"},{\"@type\":\"ListItem\",\"position\":2,\"name\":\"Shop\",\"item\":\"https:\/\/xenonkungen.com\/shop\/\"},{\"@type\":\"ListItem\",\"position\":3,\"name\":\"Reflex Reflektor Triangel | R\u00f6d\"}]},{\"@type\":\"WebSite\",\"@id\":\"https:\/\/xenonkungen.com\/#website\",\"url\":\"https:\/\/xenonkungen.com\/\",\"name\":\"Xenonkungen\",\"description\":\"\",\"potentialAction\":[{\"@type\":\"SearchAction\",\"target\":{\"@type\":\"EntryPoint\",\"urlTemplate\":\"https:\/\/xenonkungen.com\/?s={search_term_string}\"},\"query-input\":{\"@type\":\"PropertyValueSpecification\",\"valueRequired\":true,\"valueName\":\"search_term_string\"}}],\"inLanguage\":\"da-DK\"}]}<\/script>\n<!-- \/ Yoast SEO plugin. -->","yoast_head_json":{"title":"Reflektortrekant | R\u00f8d - Xenonkungen","robots":{"index":"index","follow":"follow","max-snippet":"max-snippet:-1","max-image-preview":"max-image-preview:large","max-video-preview":"max-video-preview:-1"},"canonical":"http:\/\/xenonkungen.com\/dk\/vare\/refleks-reflektor-trekant-stang\/","og_locale":"da_DK","og_type":"article","og_title":"Reflex Reflektor Triangel | R\u00f6d - Xenonkungen","og_description":"Universell Triangelformad Reflex Reflektor Denna reflex reflektor har en triangelform och \u00e4r godk\u00e4nd f\u00f6r b\u00e5de vertikal och horisontell montering, vilket g\u00f6r den perfekt f\u00f6r en rad olika anv\u00e4ndningsomr\u00e5den f\u00f6r att f\u00f6rb\u00e4ttra synlighet och s\u00e4kerhet. Specifikationer: Form: Triangelform f\u00f6r optimal synlighet. Monteringsflexibilitet: Godk\u00e4nd f\u00f6r vertikal och horisontell montering. Synlighet: H\u00f6g reflektionsf\u00f6rm\u00e5ga f\u00f6r anv\u00e4ndning i l\u00e5g ljus. [&hellip;]","og_url":"http:\/\/xenonkungen.com\/dk\/vare\/refleks-reflektor-trekant-stang\/","og_site_name":"Xenonkungen","article_modified_time":"2026-02-06T15:43:44+00:00","og_image":[{"width":800,"height":800,"url":"https:\/\/xenonkungen.com\/wp-content\/uploads\/2025\/04\/183933463-origpic-28c01a.jpg","type":"image\/jpeg"}],"twitter_card":"summary_large_image","twitter_misc":{"Estimeret l\u00e6setid":"1 minut"},"schema":{"@context":"https:\/\/schema.org","@graph":[{"@type":"WebPage","@id":"http:\/\/xenonkungen.com\/fi\/tuote\/reflex-reflektor-triangel-rod\/","url":"http:\/\/xenonkungen.com\/fi\/tuote\/reflex-reflektor-triangel-rod\/","name":"Reflektortrekant | R\u00f8d - Xenonkungen","isPartOf":{"@id":"https:\/\/xenonkungen.com\/#website"},"primaryImageOfPage":{"@id":"http:\/\/xenonkungen.com\/fi\/tuote\/reflex-reflektor-triangel-rod\/#primaryimage"},"image":{"@id":"http:\/\/xenonkungen.com\/fi\/tuote\/reflex-reflektor-triangel-rod\/#primaryimage"},"thumbnailUrl":"https:\/\/xenonkungen.com\/wp-content\/uploads\/2025\/04\/183933463-origpic-28c01a.jpg","datePublished":"2025-04-15T09:48:16+00:00","dateModified":"2026-02-06T15:43:44+00:00","breadcrumb":{"@id":"http:\/\/xenonkungen.com\/fi\/tuote\/reflex-reflektor-triangel-rod\/#breadcrumb"},"inLanguage":"da-DK","potentialAction":[{"@type":"ReadAction","target":["http:\/\/xenonkungen.com\/fi\/tuote\/reflex-reflektor-triangel-rod\/"]}]},{"@type":"ImageObject","inLanguage":"da-DK","@id":"http:\/\/xenonkungen.com\/fi\/tuote\/reflex-reflektor-triangel-rod\/#primaryimage","url":"https:\/\/xenonkungen.com\/wp-content\/uploads\/2025\/04\/183933463-origpic-28c01a.jpg","contentUrl":"https:\/\/xenonkungen.com\/wp-content\/uploads\/2025\/04\/183933463-origpic-28c01a.jpg","width":800,"height":800},{"@type":"BreadcrumbList","@id":"http:\/\/xenonkungen.com\/fi\/tuote\/reflex-reflektor-triangel-rod\/#breadcrumb","itemListElement":[{"@type":"ListItem","position":1,"name":"Hem","item":"https:\/\/xenonkungen.com\/"},{"@type":"ListItem","position":2,"name":"Shop","item":"https:\/\/xenonkungen.com\/shop\/"},{"@type":"ListItem","position":3,"name":"Reflex Reflektor Triangel | R\u00f6d"}]},{"@type":"WebSite","@id":"https:\/\/xenonkungen.com\/#website","url":"https:\/\/xenonkungen.com\/","name":"Xenonkungen","description":"","potentialAction":[{"@type":"SearchAction","target":{"@type":"EntryPoint","urlTemplate":"https:\/\/xenonkungen.com\/?s={search_term_string}"},"query-input":{"@type":"PropertyValueSpecification","valueRequired":true,"valueName":"search_term_string"}}],"inLanguage":"da-DK"}]}},"taxonomy_info":{"anvandningsomrade":[{"value":166,"label":"Lastbil"},{"value":238,"label":"SL\u00c4P"},{"value":2816,"label":"TRAILER"}],"product_brand":[{"value":1252,"label":"LEA"}],"product_cat":[{"value":2446,"label":"Tillbeh\u00f6r"}],"pa_godkannande":[{"value":1817,"label":"ECE R3"}],"pa_storlek-mm":[{"value":1816,"label":"130x150x10"}]},"featured_image_src_large":["https:\/\/xenonkungen.com\/wp-content\/uploads\/2025\/04\/183933463-origpic-28c01a.jpg",800,800,false],"author_info":[],"comment_info":0,"_links":{"self":[{"href":"https:\/\/xenonkungen.com\/dk\/wp-json\/wp\/v2\/product\/6680","targetHints":{"allow":["GET"]}}],"collection":[{"href":"https:\/\/xenonkungen.com\/dk\/wp-json\/wp\/v2\/product"}],"about":[{"href":"https:\/\/xenonkungen.com\/dk\/wp-json\/wp\/v2\/types\/product"}],"replies":[{"embeddable":true,"href":"https:\/\/xenonkungen.com\/dk\/wp-json\/wp\/v2\/comments?post=6680"}],"wp:featuredmedia":[{"embeddable":true,"href":"https:\/\/xenonkungen.com\/dk\/wp-json\/wp\/v2\/media\/6681"}],"wp:attachment":[{"href":"https:\/\/xenonkungen.com\/dk\/wp-json\/wp\/v2\/media?parent=6680"}],"wp:term":[{"taxonomy":"anvandningsomrade","embeddable":true,"href":"https:\/\/xenonkungen.com\/dk\/wp-json\/wp\/v2\/anvandningsomrade?post=6680"},{"taxonomy":"bilmarken","embeddable":true,"href":"https:\/\/xenonkungen.com\/dk\/wp-json\/wp\/v2\/bilmarken?post=6680"},{"taxonomy":"product_brand","embeddable":true,"href":"https:\/\/xenonkungen.com\/dk\/wp-json\/wp\/v2\/product_brand?post=6680"},{"taxonomy":"product_cat","embeddable":true,"href":"https:\/\/xenonkungen.com\/dk\/wp-json\/wp\/v2\/product_cat?post=6680"},{"taxonomy":"product_tag","embeddable":true,"href":"https:\/\/xenonkungen.com\/dk\/wp-json\/wp\/v2\/product_tag?post=6680"}],"curies":[{"name":"wp","href":"https:\/\/api.w.org\/{rel}","templated":true}]}}