{"id":6727,"date":"2025-04-15T09:48:52","date_gmt":"2025-04-15T09:48:52","guid":{"rendered":"https:\/\/xenonkungen.com\/product\/rund-sidomarkering-28mm-gul\/"},"modified":"2026-04-17T12:08:14","modified_gmt":"2026-04-17T11:08:14","slug":"rund-sidemarkor-28-mm-gul","status":"publish","type":"product","link":"https:\/\/xenonkungen.com\/dk\/vare\/rund-sidemarkor-28-mm-gul\/","title":{"rendered":"Rund sidemarkering 28 mm gul"},"content":{"rendered":"<div class=\"container\">\n<h1>Holdbart rundt LED-frontmarkeringslys med orange\/gult lys<\/h1>\n<p>Denne runde forreste markeringslygte er udstyret med 3 LED'er, der udsender et st\u00e6rkt orange\/gult lys, perfekt til at forbedre eller supplere dit k\u00f8ret\u00f8js eksisterende belysning. Dens lave profil og robuste konstruktion g\u00f8r den til et ideelt valg til en r\u00e6kke forskellige k\u00f8ret\u00f8jer, fra lastbiler til trailere, og ogs\u00e5 som en tilf\u00f8jelse til eksisterende frontmarkeringer.<\/p>\n<p>Denne markeringslygte er fremstillet af slidst\u00e6rkt plast og beskyttet af et kraftigt gummihus og er designet til at modst\u00e5 barske forhold. Det bekl\u00e6dte tilslutningskabel bidrager til en sikker og holdbar installation. Lygten er multisp\u00e6nding, hvilket betyder, at den er kompatibel med b\u00e5de 12 V og 24 V systemer, hvilket giver en fleksibel l\u00f8sning til forskellige k\u00f8ret\u00f8jstyper.<\/p>\n<h2>Specifikationer<\/h2>\n<ul>\n<li>Lyskilde: 3 LED'er til intenst orange\/gult lys<\/li>\n<li>Konstruktion: Plast med kraftig gummibekl\u00e6dning og kabel med kappe<\/li>\n<li>Funktion: Multivolt, velegnet til b\u00e5de 12V- og 24V-systemer<\/li>\n<li>Holdbarhed: Neds\u00e6nket, rustfri, st\u00f8dsikker, med livstidsforseglet elektronik<\/li>\n<li>Farvemuligheder: F\u00e5s i flere farver til forskellige anvendelser<\/li>\n<\/ul>\n<h2>Funktioner og fordele<\/h2>\n<p>Med sit moderne design og avancerede teknologi er denne forreste markeringslygte en overlegen l\u00f8sning til at \u00f8ge dit k\u00f8ret\u00f8js synlighed og sikkerhed. Ikke alene er den energieffektiv takket v\u00e6re LED-teknologien, men den er ogs\u00e5 ekstremt holdbar med sin konstruktion i rustfrit st\u00e5l og slagfasthed. Den livstidsforseglede elektronik sikrer langvarig ydeevne og p\u00e5lidelighed under alle forhold.<\/p>\n<ul>\n<li>\u00d8get sikkerhed og synlighed med intenst orange\/gult LED-lys<\/li>\n<li>Lav profil og robust konstruktion for holdbarhed og diskret installation<\/li>\n<li>Fleksibel brug p\u00e5 en lang r\u00e6kke k\u00f8ret\u00f8jer<\/li>\n<li>Nem installation med kappekabler til langvarig brug<\/li>\n<li>Livstidsforseglet elektronik giver den bedst mulige holdbarhed og ydeevne<\/li>\n<\/ul>\n<\/div>\n<p><strong>Specifikationer<\/strong><br \/><strong>Sp\u00e6nding (Volt):<\/strong> 12V-24V<br \/><strong>Lyskilde:<\/strong> LED<br \/><strong>Str\u00f8mforbrug (ampere):<br \/><\/strong>- 0,02A ved 13,8V<br \/>- 0,03A ved 28V<br \/><strong>Lys farve:<\/strong> Orange\/gul<br \/><strong>Beskyttelse mod fugt:<\/strong> IP67<br \/><strong>Godkendt i henhold til:<\/strong> ECE E9<br \/><strong>St\u00f8rrelse<\/strong>: 28\u00d725 mm (Fremspringet fra kanten af gummiet til toppen er 3 mm)<\/p>\n<p><strong>Godt at vide<\/strong><br \/>Kabell\u00e6ngden er 20 cm<br \/>N\u00e5r du installerer, skal det ske p\u00e5 en plan overflade. Bor derefter et hul p\u00e5 20 mm for at kunne f\u00f8re gummiforingen ud. <br \/>Dette produkt f\u00e5s ogs\u00e5 i en version med to ben <a href=\"https:\/\/www.xenonkungen.com\/se\/produkter\/yrke-proffs\/kablage\/markeringslampor-for-kabelsystem\/rund-sidomarkering-28mm-2pin.html\" target=\"_blank\" rel=\"noopener\">LEA-181AME2P<\/a><\/p>\n<p><strong>Indhold i leveringen<\/strong><br \/>1. forreste markering Orange\/gul<\/p>\n<p><strong>Garanti<\/strong><br \/>5 \u00e5rs funktionsgaranti<\/p>","protected":false},"excerpt":{"rendered":"<p><b>Lille st\u00f8rrelse<\/b><\/p>\n<p><b>Godkendt til brug p\u00e5 veje<\/b><\/p>\n<p><b>5 \u00e5rs funktionsgaranti<\/b><\/p>\n<p><b>Multivolt<\/b><\/p>\n<p><b>lavt str\u00f8mforbrug<\/b><\/p>","protected":false},"featured_media":6728,"comment_status":"closed","ping_status":"open","template":"","meta":{"_acf_changed":false,"_smort_price_nok":"141","_smort_price_dkk":"90","_smort_price_eur":"12","_smort_sale_price_nok":"","_smort_sale_price_dkk":"","_smort_sale_price_eur":"","smort_restorder":"","shipmondo_restorder":"","_kad_blocks_custom_css":"","_kad_blocks_head_custom_js":"","_kad_blocks_body_custom_js":"","_kad_blocks_footer_custom_js":"","smort_custom_pricelist_1":"82.56","smort_custom_pricelist_2":"72.24","smort_custom_pricelist_3":"67.08","smort_custom_pricelist_4":"105.6","smort_custom_pricelist_5":"72.24"},"anvandningsomrade":[166,238,2816],"bilmarken":[],"product_brand":[1252],"product_cat":[2478,2813],"product_tag":[],"class_list":{"0":"post-6727","1":"product","2":"type-product","3":"status-publish","4":"has-post-thumbnail","6":"anvandningsomrade-lastbil","7":"anvandningsomrade-slap","8":"anvandningsomrade-trailer","9":"product_brand-lea","10":"product_cat-positionsljus-slap","11":"product_cat-sido","12":"pa_storlek-mm-28x25","13":"pa_volt-v-160","15":"first","16":"instock","17":"taxable","18":"shipping-taxable","19":"purchasable","20":"product-type-simple"},"bundled_by":[],"bundle_stock_status":"instock","bundle_stock_quantity":4,"bundle_virtual":false,"bundle_layout":"","bundle_add_to_cart_form_location":"","bundle_editable_in_cart":false,"bundle_sold_individually_context":"","bundle_item_grouping":"","bundle_min_size":"","bundle_max_size":"","bundle_price":[],"bundled_items":[],"bundle_sell_ids":[],"acf":[],"yoast_head":"<!-- This site is optimized with the Yoast SEO plugin v27.0 - https:\/\/yoast.com\/product\/yoast-seo-wordpress\/ -->\n<title>Rund Sidomarkering 28mm Gul - Xenonkungen<\/title>\n<meta name=\"robots\" content=\"index, follow, max-snippet:-1, max-image-preview:large, max-video-preview:-1\" \/>\n<link rel=\"canonical\" href=\"https:\/\/xenonkungen.com\/dk\/vare\/rund-sidemarkor-28-mm-gul\/\" \/>\n<meta property=\"og:locale\" content=\"da_DK\" \/>\n<meta property=\"og:type\" content=\"article\" \/>\n<meta property=\"og:title\" content=\"Rund Sidomarkering 28mm Gul - Xenonkungen\" \/>\n<meta property=\"og:description\" content=\"Liten storlek Godk\u00e4nd f\u00f6r bruk p\u00e5 v\u00e4g 5 \u00e5rs funktionsgaranti Multivolt l\u00e5g str\u00f6mf\u00f6rbrukning\" \/>\n<meta property=\"og:url\" content=\"https:\/\/xenonkungen.com\/dk\/vare\/rund-sidemarkor-28-mm-gul\/\" \/>\n<meta property=\"og:site_name\" content=\"Xenonkungen\" \/>\n<meta property=\"article:modified_time\" content=\"2026-04-17T11:08:14+00:00\" \/>\n<meta property=\"og:image\" content=\"https:\/\/xenonkungen.com\/wp-content\/uploads\/2025\/04\/8669140-origpic-0f59c5.jpg\" \/>\n\t<meta property=\"og:image:width\" content=\"600\" \/>\n\t<meta property=\"og:image:height\" content=\"600\" \/>\n\t<meta property=\"og:image:type\" content=\"image\/jpeg\" \/>\n<meta name=\"twitter:card\" content=\"summary_large_image\" \/>\n<meta name=\"twitter:label1\" content=\"Estimeret l\u00e6setid\" \/>\n\t<meta name=\"twitter:data1\" content=\"2 minutter\" \/>\n<script type=\"application\/ld+json\" class=\"yoast-schema-graph\">{\"@context\":\"https:\/\/schema.org\",\"@graph\":[{\"@type\":\"WebPage\",\"@id\":\"https:\/\/xenonkungen.com\/nl\/product\/ronde-zijmarkering-28-mm-geel\/\",\"url\":\"https:\/\/xenonkungen.com\/nl\/product\/ronde-zijmarkering-28-mm-geel\/\",\"name\":\"Rund Sidomarkering 28mm Gul - Xenonkungen\",\"isPartOf\":{\"@id\":\"https:\/\/xenonkungen.com\/#website\"},\"primaryImageOfPage\":{\"@id\":\"https:\/\/xenonkungen.com\/nl\/product\/ronde-zijmarkering-28-mm-geel\/#primaryimage\"},\"image\":{\"@id\":\"https:\/\/xenonkungen.com\/nl\/product\/ronde-zijmarkering-28-mm-geel\/#primaryimage\"},\"thumbnailUrl\":\"https:\/\/xenonkungen.com\/wp-content\/uploads\/2025\/04\/8669140-origpic-0f59c5.jpg\",\"datePublished\":\"2025-04-15T09:48:52+00:00\",\"dateModified\":\"2026-04-17T11:08:14+00:00\",\"breadcrumb\":{\"@id\":\"https:\/\/xenonkungen.com\/nl\/product\/ronde-zijmarkering-28-mm-geel\/#breadcrumb\"},\"inLanguage\":\"da-DK\",\"potentialAction\":[{\"@type\":\"ReadAction\",\"target\":[\"https:\/\/xenonkungen.com\/nl\/product\/ronde-zijmarkering-28-mm-geel\/\"]}]},{\"@type\":\"ImageObject\",\"inLanguage\":\"da-DK\",\"@id\":\"https:\/\/xenonkungen.com\/nl\/product\/ronde-zijmarkering-28-mm-geel\/#primaryimage\",\"url\":\"https:\/\/xenonkungen.com\/wp-content\/uploads\/2025\/04\/8669140-origpic-0f59c5.jpg\",\"contentUrl\":\"https:\/\/xenonkungen.com\/wp-content\/uploads\/2025\/04\/8669140-origpic-0f59c5.jpg\",\"width\":600,\"height\":600},{\"@type\":\"BreadcrumbList\",\"@id\":\"https:\/\/xenonkungen.com\/nl\/product\/ronde-zijmarkering-28-mm-geel\/#breadcrumb\",\"itemListElement\":[{\"@type\":\"ListItem\",\"position\":1,\"name\":\"Hem\",\"item\":\"https:\/\/xenonkungen.com\/\"},{\"@type\":\"ListItem\",\"position\":2,\"name\":\"Shop\",\"item\":\"https:\/\/xenonkungen.com\/shop\/\"},{\"@type\":\"ListItem\",\"position\":3,\"name\":\"Rund Sidomarkering 28mm Gul\"}]},{\"@type\":\"WebSite\",\"@id\":\"https:\/\/xenonkungen.com\/#website\",\"url\":\"https:\/\/xenonkungen.com\/\",\"name\":\"Xenonkungen\",\"description\":\"\",\"potentialAction\":[{\"@type\":\"SearchAction\",\"target\":{\"@type\":\"EntryPoint\",\"urlTemplate\":\"https:\/\/xenonkungen.com\/?s={search_term_string}\"},\"query-input\":{\"@type\":\"PropertyValueSpecification\",\"valueRequired\":true,\"valueName\":\"search_term_string\"}}],\"inLanguage\":\"da-DK\"}]}<\/script>\n<!-- \/ Yoast SEO plugin. -->","yoast_head_json":{"title":"Rund sidemarkering 28mm gul - Xenon-kongen","robots":{"index":"index","follow":"follow","max-snippet":"max-snippet:-1","max-image-preview":"max-image-preview:large","max-video-preview":"max-video-preview:-1"},"canonical":"https:\/\/xenonkungen.com\/dk\/vare\/rund-sidemarkor-28-mm-gul\/","og_locale":"da_DK","og_type":"article","og_title":"Rund Sidomarkering 28mm Gul - Xenonkungen","og_description":"Liten storlek Godk\u00e4nd f\u00f6r bruk p\u00e5 v\u00e4g 5 \u00e5rs funktionsgaranti Multivolt l\u00e5g str\u00f6mf\u00f6rbrukning","og_url":"https:\/\/xenonkungen.com\/dk\/vare\/rund-sidemarkor-28-mm-gul\/","og_site_name":"Xenonkungen","article_modified_time":"2026-04-17T11:08:14+00:00","og_image":[{"width":600,"height":600,"url":"https:\/\/xenonkungen.com\/wp-content\/uploads\/2025\/04\/8669140-origpic-0f59c5.jpg","type":"image\/jpeg"}],"twitter_card":"summary_large_image","twitter_misc":{"Estimeret l\u00e6setid":"2 minutter"},"schema":{"@context":"https:\/\/schema.org","@graph":[{"@type":"WebPage","@id":"https:\/\/xenonkungen.com\/nl\/product\/ronde-zijmarkering-28-mm-geel\/","url":"https:\/\/xenonkungen.com\/nl\/product\/ronde-zijmarkering-28-mm-geel\/","name":"Rund sidemarkering 28mm gul - Xenon-kongen","isPartOf":{"@id":"https:\/\/xenonkungen.com\/#website"},"primaryImageOfPage":{"@id":"https:\/\/xenonkungen.com\/nl\/product\/ronde-zijmarkering-28-mm-geel\/#primaryimage"},"image":{"@id":"https:\/\/xenonkungen.com\/nl\/product\/ronde-zijmarkering-28-mm-geel\/#primaryimage"},"thumbnailUrl":"https:\/\/xenonkungen.com\/wp-content\/uploads\/2025\/04\/8669140-origpic-0f59c5.jpg","datePublished":"2025-04-15T09:48:52+00:00","dateModified":"2026-04-17T11:08:14+00:00","breadcrumb":{"@id":"https:\/\/xenonkungen.com\/nl\/product\/ronde-zijmarkering-28-mm-geel\/#breadcrumb"},"inLanguage":"da-DK","potentialAction":[{"@type":"ReadAction","target":["https:\/\/xenonkungen.com\/nl\/product\/ronde-zijmarkering-28-mm-geel\/"]}]},{"@type":"ImageObject","inLanguage":"da-DK","@id":"https:\/\/xenonkungen.com\/nl\/product\/ronde-zijmarkering-28-mm-geel\/#primaryimage","url":"https:\/\/xenonkungen.com\/wp-content\/uploads\/2025\/04\/8669140-origpic-0f59c5.jpg","contentUrl":"https:\/\/xenonkungen.com\/wp-content\/uploads\/2025\/04\/8669140-origpic-0f59c5.jpg","width":600,"height":600},{"@type":"BreadcrumbList","@id":"https:\/\/xenonkungen.com\/nl\/product\/ronde-zijmarkering-28-mm-geel\/#breadcrumb","itemListElement":[{"@type":"ListItem","position":1,"name":"Hem","item":"https:\/\/xenonkungen.com\/"},{"@type":"ListItem","position":2,"name":"Shop","item":"https:\/\/xenonkungen.com\/shop\/"},{"@type":"ListItem","position":3,"name":"Rund Sidomarkering 28mm Gul"}]},{"@type":"WebSite","@id":"https:\/\/xenonkungen.com\/#website","url":"https:\/\/xenonkungen.com\/","name":"Xenonkungen","description":"","potentialAction":[{"@type":"SearchAction","target":{"@type":"EntryPoint","urlTemplate":"https:\/\/xenonkungen.com\/?s={search_term_string}"},"query-input":{"@type":"PropertyValueSpecification","valueRequired":true,"valueName":"search_term_string"}}],"inLanguage":"da-DK"}]}},"taxonomy_info":{"anvandningsomrade":[{"value":166,"label":"Lastbil"},{"value":238,"label":"SL\u00c4P"},{"value":2816,"label":"TRAILER"}],"product_brand":[{"value":1252,"label":"LEA"}],"product_cat":[{"value":2478,"label":"Positionsljus"},{"value":2813,"label":"Sido"}],"pa_storlek-mm":[{"value":1822,"label":"28x25"}],"pa_volt-v":[{"value":160,"label":"24"}]},"featured_image_src_large":["https:\/\/xenonkungen.com\/wp-content\/uploads\/2025\/04\/8669140-origpic-0f59c5.jpg",600,600,false],"author_info":[],"comment_info":0,"_links":{"self":[{"href":"https:\/\/xenonkungen.com\/dk\/wp-json\/wp\/v2\/product\/6727","targetHints":{"allow":["GET"]}}],"collection":[{"href":"https:\/\/xenonkungen.com\/dk\/wp-json\/wp\/v2\/product"}],"about":[{"href":"https:\/\/xenonkungen.com\/dk\/wp-json\/wp\/v2\/types\/product"}],"replies":[{"embeddable":true,"href":"https:\/\/xenonkungen.com\/dk\/wp-json\/wp\/v2\/comments?post=6727"}],"wp:featuredmedia":[{"embeddable":true,"href":"https:\/\/xenonkungen.com\/dk\/wp-json\/wp\/v2\/media\/6728"}],"wp:attachment":[{"href":"https:\/\/xenonkungen.com\/dk\/wp-json\/wp\/v2\/media?parent=6727"}],"wp:term":[{"taxonomy":"anvandningsomrade","embeddable":true,"href":"https:\/\/xenonkungen.com\/dk\/wp-json\/wp\/v2\/anvandningsomrade?post=6727"},{"taxonomy":"bilmarken","embeddable":true,"href":"https:\/\/xenonkungen.com\/dk\/wp-json\/wp\/v2\/bilmarken?post=6727"},{"taxonomy":"product_brand","embeddable":true,"href":"https:\/\/xenonkungen.com\/dk\/wp-json\/wp\/v2\/product_brand?post=6727"},{"taxonomy":"product_cat","embeddable":true,"href":"https:\/\/xenonkungen.com\/dk\/wp-json\/wp\/v2\/product_cat?post=6727"},{"taxonomy":"product_tag","embeddable":true,"href":"https:\/\/xenonkungen.com\/dk\/wp-json\/wp\/v2\/product_tag?post=6727"}],"curies":[{"name":"wp","href":"https:\/\/api.w.org\/{rel}","templated":true}]}}