{"id":6766,"date":"2025-04-15T09:49:05","date_gmt":"2025-04-15T09:49:05","guid":{"rendered":"https:\/\/xenonkungen.com\/product\/lampsarg-for-2st-200mm-chrome\/"},"modified":"2026-04-11T00:42:42","modified_gmt":"2026-04-10T23:42:42","slug":"lamperamme-til-2-stk-200-mm-forkromet","status":"publish","type":"product","link":"https:\/\/xenonkungen.com\/dk\/vare\/lamperamme-til-2-stk-200-mm-forkromet\/","title":{"rendered":"Lamperamme til 2 stk. 200 mm | Krom"},"content":{"rendered":"<h1>Lampestel Slim-line Serie 200 BARME\/CARME: Raffineret i krom<\/h1>\n<p>N\u00e5r det kommer til at forny og opgradere belysningen p\u00e5 dit k\u00f8ret\u00f8j, tilbyder Slim-line Series 200 BARME\/CARME det ultimative valg. Denne s\u00e6rlige lamperamme er designet til at v\u00e6re en direkte erstatning i Slim-line-serien, hvilket giver dit k\u00f8ret\u00f8j et skarpt og moderne udseende.<\/p>\n<h2>Vigtigste funktioner:<\/h2>\n<ul>\n<li><strong>\u00c6delmetalversion:<\/strong> Lygtestellet er udf\u00f8rt i spejllignende krom, som ikke blot giver dit k\u00f8ret\u00f8j et strejf af luksus, men ogs\u00e5 en holdbar finish, der modst\u00e5r korrosion og slid.<\/li>\n<li><strong>Kompatibilitet:<\/strong> Den er specielt designet til Slim-line Series 200, hvilket sikrer en problemfri og pr\u00e6cis pasform.<\/li>\n<li><strong>Nem installation:<\/strong> Uanset om du \u00f8nsker at udskifte en eksisterende bekl\u00e6dning eller opgradere til noget mere \u00e6stetisk tiltalende, tilbyder denne bekl\u00e6dning enkelhed og plug-and-play. Intet avanceret v\u00e6rkt\u00f8jss\u00e6t kr\u00e6ves.<\/li>\n<li><strong>Multifunktionel brug:<\/strong> Selvom den prim\u00e6rt er designet til BARME\/CARME-modellerne i Slim-line-serien, kan denne ramme bruges til forskellige andre modeller inden for samme serie, hvilket giver brugeren ekstra fleksibilitet.<\/li>\n<\/ul>\n<h3>Konklusion:<\/h3>\n<p>Med en skinnende kromfinish og skr\u00e6ddersyet til Slim-line Series 200 BARME\/CARME er denne lamperamme det oplagte valg for dem, der s\u00f8ger h\u00f8j kvalitet kombineret med \u00e6stetik. Den garanterer ikke kun et forbedret udvendigt udseende for dit k\u00f8ret\u00f8j, men ogs\u00e5 en lang levetid og holdbarhed.<\/p>","protected":false},"excerpt":{"rendered":"<p>Lampsarg Slim-line Serie 200 BARME\/CARME: F\u00f6rfinad i Krom N\u00e4r det g\u00e4ller att f\u00f6rnya och uppgradera belysningen p\u00e5 ditt fordon, erbjuder Slim-line Serie 200 BARME\/CARME det ultimata valet. Denna s\u00e4rskilda lampsarg har designats f\u00f6r att vara en direkt ers\u00e4ttning i Slim-line serien, vilket ger ditt fordon en skarp och modern look. Huvudfunktioner: \u00c4delmetallutf\u00f6rande: Lampsargen \u00e4r avslutad [&hellip;]<\/p>","protected":false},"featured_media":6767,"comment_status":"closed","ping_status":"open","template":"","meta":{"_acf_changed":false,"_smort_price_nok":"107","_smort_price_dkk":"68","_smort_price_eur":"9.09","_smort_sale_price_nok":"","_smort_sale_price_dkk":"","_smort_sale_price_eur":"","smort_restorder":"","shipmondo_restorder":"","_kad_blocks_custom_css":"","_kad_blocks_head_custom_js":"","_kad_blocks_body_custom_js":"","_kad_blocks_footer_custom_js":"","smort_custom_pricelist_1":"56","smort_custom_pricelist_2":"56","smort_custom_pricelist_3":"53.2","smort_custom_pricelist_4":"80","smort_custom_pricelist_5":"56"},"anvandningsomrade":[166,238,2816],"bilmarken":[],"product_brand":[1252],"product_cat":[2583],"product_tag":[],"class_list":{"0":"post-6766","1":"product","2":"type-product","3":"status-publish","4":"has-post-thumbnail","6":"anvandningsomrade-lastbil","7":"anvandningsomrade-slap","8":"anvandningsomrade-trailer","9":"product_brand-lea","10":"product_cat-lampsarg-slap","12":"first","13":"instock","14":"taxable","15":"shipping-taxable","16":"purchasable","17":"product-type-simple"},"bundled_by":[],"bundle_stock_status":"instock","bundle_stock_quantity":1,"bundle_virtual":false,"bundle_layout":"","bundle_add_to_cart_form_location":"","bundle_editable_in_cart":false,"bundle_sold_individually_context":"","bundle_item_grouping":"","bundle_min_size":"","bundle_max_size":"","bundle_price":[],"bundled_items":[],"bundle_sell_ids":[],"acf":[],"yoast_head":"<!-- This site is optimized with the Yoast SEO plugin v27.0 - https:\/\/yoast.com\/product\/yoast-seo-wordpress\/ -->\n<title>Lampsarg f\u00f6r 2st 200mm | Chrome - Xenonkungen<\/title>\n<meta name=\"robots\" content=\"index, follow, max-snippet:-1, max-image-preview:large, max-video-preview:-1\" \/>\n<link rel=\"canonical\" href=\"https:\/\/xenonkungen.com\/dk\/vare\/lamperamme-til-2-stk-200-mm-forkromet\/\" \/>\n<meta property=\"og:locale\" content=\"da_DK\" \/>\n<meta property=\"og:type\" content=\"article\" \/>\n<meta property=\"og:title\" content=\"Lampsarg f\u00f6r 2st 200mm | Chrome - Xenonkungen\" \/>\n<meta property=\"og:description\" content=\"Lampsarg Slim-line Serie 200 BARME\/CARME: F\u00f6rfinad i Krom N\u00e4r det g\u00e4ller att f\u00f6rnya och uppgradera belysningen p\u00e5 ditt fordon, erbjuder Slim-line Serie 200 BARME\/CARME det ultimata valet. Denna s\u00e4rskilda lampsarg har designats f\u00f6r att vara en direkt ers\u00e4ttning i Slim-line serien, vilket ger ditt fordon en skarp och modern look. Huvudfunktioner: \u00c4delmetallutf\u00f6rande: Lampsargen \u00e4r avslutad [&hellip;]\" \/>\n<meta property=\"og:url\" content=\"https:\/\/xenonkungen.com\/dk\/vare\/lamperamme-til-2-stk-200-mm-forkromet\/\" \/>\n<meta property=\"og:site_name\" content=\"Xenonkungen\" \/>\n<meta property=\"article:modified_time\" content=\"2026-04-10T23:42:42+00:00\" \/>\n<meta property=\"og:image\" content=\"https:\/\/xenonkungen.com\/wp-content\/uploads\/2025\/04\/7340812-origpic-3f553e.jpg\" \/>\n\t<meta property=\"og:image:width\" content=\"600\" \/>\n\t<meta property=\"og:image:height\" content=\"600\" \/>\n\t<meta property=\"og:image:type\" content=\"image\/jpeg\" \/>\n<meta name=\"twitter:card\" content=\"summary_large_image\" \/>\n<meta name=\"twitter:label1\" content=\"Estimeret l\u00e6setid\" \/>\n\t<meta name=\"twitter:data1\" content=\"1 minut\" \/>\n<script type=\"application\/ld+json\" class=\"yoast-schema-graph\">{\"@context\":\"https:\/\/schema.org\",\"@graph\":[{\"@type\":\"WebPage\",\"@id\":\"https:\/\/xenonkungen.com\/produkt\/lampsarg-for-2st-200mm-chrome\/\",\"url\":\"https:\/\/xenonkungen.com\/produkt\/lampsarg-for-2st-200mm-chrome\/\",\"name\":\"Lampsarg f\u00f6r 2st 200mm | Chrome - Xenonkungen\",\"isPartOf\":{\"@id\":\"https:\/\/xenonkungen.com\/#website\"},\"primaryImageOfPage\":{\"@id\":\"https:\/\/xenonkungen.com\/produkt\/lampsarg-for-2st-200mm-chrome\/#primaryimage\"},\"image\":{\"@id\":\"https:\/\/xenonkungen.com\/produkt\/lampsarg-for-2st-200mm-chrome\/#primaryimage\"},\"thumbnailUrl\":\"https:\/\/xenonkungen.com\/wp-content\/uploads\/2025\/04\/7340812-origpic-3f553e.jpg\",\"datePublished\":\"2025-04-15T09:49:05+00:00\",\"dateModified\":\"2026-04-10T23:42:42+00:00\",\"breadcrumb\":{\"@id\":\"https:\/\/xenonkungen.com\/produkt\/lampsarg-for-2st-200mm-chrome\/#breadcrumb\"},\"inLanguage\":\"da-DK\",\"potentialAction\":[{\"@type\":\"ReadAction\",\"target\":[\"https:\/\/xenonkungen.com\/produkt\/lampsarg-for-2st-200mm-chrome\/\"]}]},{\"@type\":\"ImageObject\",\"inLanguage\":\"da-DK\",\"@id\":\"https:\/\/xenonkungen.com\/produkt\/lampsarg-for-2st-200mm-chrome\/#primaryimage\",\"url\":\"https:\/\/xenonkungen.com\/wp-content\/uploads\/2025\/04\/7340812-origpic-3f553e.jpg\",\"contentUrl\":\"https:\/\/xenonkungen.com\/wp-content\/uploads\/2025\/04\/7340812-origpic-3f553e.jpg\",\"width\":600,\"height\":600},{\"@type\":\"BreadcrumbList\",\"@id\":\"https:\/\/xenonkungen.com\/produkt\/lampsarg-for-2st-200mm-chrome\/#breadcrumb\",\"itemListElement\":[{\"@type\":\"ListItem\",\"position\":1,\"name\":\"Hem\",\"item\":\"https:\/\/xenonkungen.com\/\"},{\"@type\":\"ListItem\",\"position\":2,\"name\":\"Shop\",\"item\":\"https:\/\/xenonkungen.com\/shop\/\"},{\"@type\":\"ListItem\",\"position\":3,\"name\":\"Lampsarg f\u00f6r 2st 200mm | Chrome\"}]},{\"@type\":\"WebSite\",\"@id\":\"https:\/\/xenonkungen.com\/#website\",\"url\":\"https:\/\/xenonkungen.com\/\",\"name\":\"Xenonkungen\",\"description\":\"\",\"potentialAction\":[{\"@type\":\"SearchAction\",\"target\":{\"@type\":\"EntryPoint\",\"urlTemplate\":\"https:\/\/xenonkungen.com\/?s={search_term_string}\"},\"query-input\":{\"@type\":\"PropertyValueSpecification\",\"valueRequired\":true,\"valueName\":\"search_term_string\"}}],\"inLanguage\":\"da-DK\"}]}<\/script>\n<!-- \/ Yoast SEO plugin. -->","yoast_head_json":{"title":"Lamperamme til 2 stk. 200 mm | Krom - Xenonkungen","robots":{"index":"index","follow":"follow","max-snippet":"max-snippet:-1","max-image-preview":"max-image-preview:large","max-video-preview":"max-video-preview:-1"},"canonical":"https:\/\/xenonkungen.com\/dk\/vare\/lamperamme-til-2-stk-200-mm-forkromet\/","og_locale":"da_DK","og_type":"article","og_title":"Lampsarg f\u00f6r 2st 200mm | Chrome - Xenonkungen","og_description":"Lampsarg Slim-line Serie 200 BARME\/CARME: F\u00f6rfinad i Krom N\u00e4r det g\u00e4ller att f\u00f6rnya och uppgradera belysningen p\u00e5 ditt fordon, erbjuder Slim-line Serie 200 BARME\/CARME det ultimata valet. Denna s\u00e4rskilda lampsarg har designats f\u00f6r att vara en direkt ers\u00e4ttning i Slim-line serien, vilket ger ditt fordon en skarp och modern look. Huvudfunktioner: \u00c4delmetallutf\u00f6rande: Lampsargen \u00e4r avslutad [&hellip;]","og_url":"https:\/\/xenonkungen.com\/dk\/vare\/lamperamme-til-2-stk-200-mm-forkromet\/","og_site_name":"Xenonkungen","article_modified_time":"2026-04-10T23:42:42+00:00","og_image":[{"width":600,"height":600,"url":"https:\/\/xenonkungen.com\/wp-content\/uploads\/2025\/04\/7340812-origpic-3f553e.jpg","type":"image\/jpeg"}],"twitter_card":"summary_large_image","twitter_misc":{"Estimeret l\u00e6setid":"1 minut"},"schema":{"@context":"https:\/\/schema.org","@graph":[{"@type":"WebPage","@id":"https:\/\/xenonkungen.com\/produkt\/lampsarg-for-2st-200mm-chrome\/","url":"https:\/\/xenonkungen.com\/produkt\/lampsarg-for-2st-200mm-chrome\/","name":"Lamperamme til 2 stk. 200 mm | Krom - Xenonkungen","isPartOf":{"@id":"https:\/\/xenonkungen.com\/#website"},"primaryImageOfPage":{"@id":"https:\/\/xenonkungen.com\/produkt\/lampsarg-for-2st-200mm-chrome\/#primaryimage"},"image":{"@id":"https:\/\/xenonkungen.com\/produkt\/lampsarg-for-2st-200mm-chrome\/#primaryimage"},"thumbnailUrl":"https:\/\/xenonkungen.com\/wp-content\/uploads\/2025\/04\/7340812-origpic-3f553e.jpg","datePublished":"2025-04-15T09:49:05+00:00","dateModified":"2026-04-10T23:42:42+00:00","breadcrumb":{"@id":"https:\/\/xenonkungen.com\/produkt\/lampsarg-for-2st-200mm-chrome\/#breadcrumb"},"inLanguage":"da-DK","potentialAction":[{"@type":"ReadAction","target":["https:\/\/xenonkungen.com\/produkt\/lampsarg-for-2st-200mm-chrome\/"]}]},{"@type":"ImageObject","inLanguage":"da-DK","@id":"https:\/\/xenonkungen.com\/produkt\/lampsarg-for-2st-200mm-chrome\/#primaryimage","url":"https:\/\/xenonkungen.com\/wp-content\/uploads\/2025\/04\/7340812-origpic-3f553e.jpg","contentUrl":"https:\/\/xenonkungen.com\/wp-content\/uploads\/2025\/04\/7340812-origpic-3f553e.jpg","width":600,"height":600},{"@type":"BreadcrumbList","@id":"https:\/\/xenonkungen.com\/produkt\/lampsarg-for-2st-200mm-chrome\/#breadcrumb","itemListElement":[{"@type":"ListItem","position":1,"name":"Hem","item":"https:\/\/xenonkungen.com\/"},{"@type":"ListItem","position":2,"name":"Shop","item":"https:\/\/xenonkungen.com\/shop\/"},{"@type":"ListItem","position":3,"name":"Lampsarg f\u00f6r 2st 200mm | Chrome"}]},{"@type":"WebSite","@id":"https:\/\/xenonkungen.com\/#website","url":"https:\/\/xenonkungen.com\/","name":"Xenonkungen","description":"","potentialAction":[{"@type":"SearchAction","target":{"@type":"EntryPoint","urlTemplate":"https:\/\/xenonkungen.com\/?s={search_term_string}"},"query-input":{"@type":"PropertyValueSpecification","valueRequired":true,"valueName":"search_term_string"}}],"inLanguage":"da-DK"}]}},"taxonomy_info":{"anvandningsomrade":[{"value":166,"label":"Lastbil"},{"value":238,"label":"SL\u00c4P"},{"value":2816,"label":"TRAILER"}],"product_brand":[{"value":1252,"label":"LEA"}],"product_cat":[{"value":2583,"label":"Lampsarg"}]},"featured_image_src_large":["https:\/\/xenonkungen.com\/wp-content\/uploads\/2025\/04\/7340812-origpic-3f553e.jpg",600,600,false],"author_info":[],"comment_info":0,"_links":{"self":[{"href":"https:\/\/xenonkungen.com\/dk\/wp-json\/wp\/v2\/product\/6766","targetHints":{"allow":["GET"]}}],"collection":[{"href":"https:\/\/xenonkungen.com\/dk\/wp-json\/wp\/v2\/product"}],"about":[{"href":"https:\/\/xenonkungen.com\/dk\/wp-json\/wp\/v2\/types\/product"}],"replies":[{"embeddable":true,"href":"https:\/\/xenonkungen.com\/dk\/wp-json\/wp\/v2\/comments?post=6766"}],"wp:featuredmedia":[{"embeddable":true,"href":"https:\/\/xenonkungen.com\/dk\/wp-json\/wp\/v2\/media\/6767"}],"wp:attachment":[{"href":"https:\/\/xenonkungen.com\/dk\/wp-json\/wp\/v2\/media?parent=6766"}],"wp:term":[{"taxonomy":"anvandningsomrade","embeddable":true,"href":"https:\/\/xenonkungen.com\/dk\/wp-json\/wp\/v2\/anvandningsomrade?post=6766"},{"taxonomy":"bilmarken","embeddable":true,"href":"https:\/\/xenonkungen.com\/dk\/wp-json\/wp\/v2\/bilmarken?post=6766"},{"taxonomy":"product_brand","embeddable":true,"href":"https:\/\/xenonkungen.com\/dk\/wp-json\/wp\/v2\/product_brand?post=6766"},{"taxonomy":"product_cat","embeddable":true,"href":"https:\/\/xenonkungen.com\/dk\/wp-json\/wp\/v2\/product_cat?post=6766"},{"taxonomy":"product_tag","embeddable":true,"href":"https:\/\/xenonkungen.com\/dk\/wp-json\/wp\/v2\/product_tag?post=6766"}],"curies":[{"name":"wp","href":"https:\/\/api.w.org\/{rel}","templated":true}]}}