{"id":6768,"date":"2025-04-15T09:49:12","date_gmt":"2025-04-15T09:49:12","guid":{"rendered":"https:\/\/xenonkungen.com\/product\/lampsarg-for-3st-200mm-svart\/"},"modified":"2026-04-11T00:42:45","modified_gmt":"2026-04-10T23:42:45","slug":"lamperamme-til-3-stk-200-mm-sort","status":"publish","type":"product","link":"https:\/\/xenonkungen.com\/dk\/vare\/lamperamme-til-3-stk-200-mm-sort\/","title":{"rendered":"Lamperamme til 3 stk. 200 mm | sort"},"content":{"rendered":"<h1>Sort lamperamme til Slim-line Triple serie 200<\/h1>\n<p>Den sorte lamperamme er en praktisk og funktionel l\u00f8sning til opgradering eller udskiftning af din Slim-line Triple Series 200-lampe. Denne specifikke ramme er designet med b\u00e5de \u00e6stetik og funktionalitet i tankerne og tilbyder adskillige fordele til dine belysningsbehov.<\/p>\n<p>Den sorte finish p\u00e5 lampestellet giver et moderne og diskret \u00e6stetik, der passer godt til forskellige indretningsstile og k\u00f8ret\u00f8jer. Sort er en tidl\u00f8s farve, der tilf\u00f8jer et elegant og sofistikeret pr\u00e6g til din lampe. Hvis du vil give din Slim-line Triple Series 200-lampe et mere moderne og stilfuldt look, er den sorte ramme et glimrende valg.<\/p>\n<p>Men det handler ikke kun om udseende. Den sorte lamperamme er ogs\u00e5 designet med holdbarhed i tankerne. Den er designet til at beskytte lampens indre og sikre dens langsigtede ydeevne. Ved at skifte til den rigtige ramme kan du forl\u00e6nge din lampes levetid og sikre, at den fungerer fejlfrit, selv under kr\u00e6vende forhold.<\/p>\n<p>Installationen af lamperammen er enkel og nem. Du beh\u00f8ver ikke at v\u00e6re ekspert for at udskifte din eksisterende ramme. Med de rigtige v\u00e6rkt\u00f8jer og et par enkle trin kan du hurtigt og nemt installere den nye sorte ramme og drage fordel af dens fordele b\u00e5de med hensyn til udseende og funktion.<\/p>\n<p>Afslutningsvis er den sorte lamperamme en fantastisk l\u00f8sning for alle, der ejer en Slim-line Triple Series 200-lampe og \u00f8nsker at opgradere dens udseende og ydeevne. Med dens slanke sorte finish og holdbare konstruktion kan du v\u00e6re sikker p\u00e5, at den vil v\u00e6re en p\u00e5lidelig ledsager til din lampe og forbedre dens samlede ydeevne og \u00e6stetik. Det er en nem m\u00e5de at give din belysning et boost og nyde fordelene ved moderne design og p\u00e5lidelighed.<\/p>","protected":false},"excerpt":{"rendered":"<p>Svart Lampsarg f\u00f6r Slim-line Triple-serien 200 Den svarta lampsargen \u00e4r en praktisk och funktionell l\u00f6sning f\u00f6r att uppgradera eller byta ut din lampa i Slim-line Triple-serien 200. Denna specifika sarg \u00e4r utformad med b\u00e5de estetik och funktionalitet i \u00e5tanke och erbjuder flera f\u00f6rdelar f\u00f6r ditt belysningsbehov. Det svarta utf\u00f6randet p\u00e5 lampsargen ger en modern och [&hellip;]<\/p>","protected":false},"featured_media":6769,"comment_status":"closed","ping_status":"open","template":"","meta":{"_acf_changed":false,"_smort_price_nok":"107","_smort_price_dkk":"68","_smort_price_eur":"9.09","_smort_sale_price_nok":"","_smort_sale_price_dkk":"","_smort_sale_price_eur":"","smort_restorder":"","shipmondo_restorder":"","_kad_blocks_custom_css":"","_kad_blocks_head_custom_js":"","_kad_blocks_body_custom_js":"","_kad_blocks_footer_custom_js":"","smort_custom_pricelist_1":"56","smort_custom_pricelist_2":"56","smort_custom_pricelist_3":"53.2","smort_custom_pricelist_4":"80","smort_custom_pricelist_5":"56"},"anvandningsomrade":[166,238,2816],"bilmarken":[],"product_brand":[1252],"product_cat":[2583],"product_tag":[],"class_list":{"0":"post-6768","1":"product","2":"type-product","3":"status-publish","4":"has-post-thumbnail","6":"anvandningsomrade-lastbil","7":"anvandningsomrade-slap","8":"anvandningsomrade-trailer","9":"product_brand-lea","10":"product_cat-lampsarg-slap","12":"first","13":"onbackorder","14":"taxable","15":"shipping-taxable","16":"purchasable","17":"product-type-simple"},"bundled_by":[],"bundle_stock_status":"onbackorder","bundle_stock_quantity":0,"bundle_virtual":false,"bundle_layout":"","bundle_add_to_cart_form_location":"","bundle_editable_in_cart":false,"bundle_sold_individually_context":"","bundle_item_grouping":"","bundle_min_size":"","bundle_max_size":"","bundle_price":[],"bundled_items":[],"bundle_sell_ids":[],"acf":[],"yoast_head":"<!-- This site is optimized with the Yoast SEO plugin v27.0 - https:\/\/yoast.com\/product\/yoast-seo-wordpress\/ -->\n<title>Lampsarg f\u00f6r 3st 200mm | svart - Xenonkungen<\/title>\n<meta name=\"robots\" content=\"index, follow, max-snippet:-1, max-image-preview:large, max-video-preview:-1\" \/>\n<link rel=\"canonical\" href=\"https:\/\/xenonkungen.com\/dk\/vare\/lamperamme-til-3-stk-200-mm-sort\/\" \/>\n<meta property=\"og:locale\" content=\"da_DK\" \/>\n<meta property=\"og:type\" content=\"article\" \/>\n<meta property=\"og:title\" content=\"Lampsarg f\u00f6r 3st 200mm | svart - Xenonkungen\" \/>\n<meta property=\"og:description\" content=\"Svart Lampsarg f\u00f6r Slim-line Triple-serien 200 Den svarta lampsargen \u00e4r en praktisk och funktionell l\u00f6sning f\u00f6r att uppgradera eller byta ut din lampa i Slim-line Triple-serien 200. Denna specifika sarg \u00e4r utformad med b\u00e5de estetik och funktionalitet i \u00e5tanke och erbjuder flera f\u00f6rdelar f\u00f6r ditt belysningsbehov. Det svarta utf\u00f6randet p\u00e5 lampsargen ger en modern och [&hellip;]\" \/>\n<meta property=\"og:url\" content=\"https:\/\/xenonkungen.com\/dk\/vare\/lamperamme-til-3-stk-200-mm-sort\/\" \/>\n<meta property=\"og:site_name\" content=\"Xenonkungen\" \/>\n<meta property=\"article:modified_time\" content=\"2026-04-10T23:42:45+00:00\" \/>\n<meta property=\"og:image\" content=\"https:\/\/xenonkungen.com\/wp-content\/uploads\/2025\/04\/7341119-origpic-0f4d12.jpg\" \/>\n\t<meta property=\"og:image:width\" content=\"600\" \/>\n\t<meta property=\"og:image:height\" content=\"600\" \/>\n\t<meta property=\"og:image:type\" content=\"image\/jpeg\" \/>\n<meta name=\"twitter:card\" content=\"summary_large_image\" \/>\n<meta name=\"twitter:label1\" content=\"Estimeret l\u00e6setid\" \/>\n\t<meta name=\"twitter:data1\" content=\"2 minutter\" \/>\n<script type=\"application\/ld+json\" class=\"yoast-schema-graph\">{\"@context\":\"https:\/\/schema.org\",\"@graph\":[{\"@type\":\"WebPage\",\"@id\":\"https:\/\/xenonkungen.com\/fi\/tuote\/lampun-kehys-3-kpl-200-mm-musta\/\",\"url\":\"https:\/\/xenonkungen.com\/fi\/tuote\/lampun-kehys-3-kpl-200-mm-musta\/\",\"name\":\"Lampsarg f\u00f6r 3st 200mm | svart - Xenonkungen\",\"isPartOf\":{\"@id\":\"https:\/\/xenonkungen.com\/#website\"},\"primaryImageOfPage\":{\"@id\":\"https:\/\/xenonkungen.com\/fi\/tuote\/lampun-kehys-3-kpl-200-mm-musta\/#primaryimage\"},\"image\":{\"@id\":\"https:\/\/xenonkungen.com\/fi\/tuote\/lampun-kehys-3-kpl-200-mm-musta\/#primaryimage\"},\"thumbnailUrl\":\"https:\/\/xenonkungen.com\/wp-content\/uploads\/2025\/04\/7341119-origpic-0f4d12.jpg\",\"datePublished\":\"2025-04-15T09:49:12+00:00\",\"dateModified\":\"2026-04-10T23:42:45+00:00\",\"breadcrumb\":{\"@id\":\"https:\/\/xenonkungen.com\/fi\/tuote\/lampun-kehys-3-kpl-200-mm-musta\/#breadcrumb\"},\"inLanguage\":\"da-DK\",\"potentialAction\":[{\"@type\":\"ReadAction\",\"target\":[\"https:\/\/xenonkungen.com\/fi\/tuote\/lampun-kehys-3-kpl-200-mm-musta\/\"]}]},{\"@type\":\"ImageObject\",\"inLanguage\":\"da-DK\",\"@id\":\"https:\/\/xenonkungen.com\/fi\/tuote\/lampun-kehys-3-kpl-200-mm-musta\/#primaryimage\",\"url\":\"https:\/\/xenonkungen.com\/wp-content\/uploads\/2025\/04\/7341119-origpic-0f4d12.jpg\",\"contentUrl\":\"https:\/\/xenonkungen.com\/wp-content\/uploads\/2025\/04\/7341119-origpic-0f4d12.jpg\",\"width\":600,\"height\":600},{\"@type\":\"BreadcrumbList\",\"@id\":\"https:\/\/xenonkungen.com\/fi\/tuote\/lampun-kehys-3-kpl-200-mm-musta\/#breadcrumb\",\"itemListElement\":[{\"@type\":\"ListItem\",\"position\":1,\"name\":\"Hem\",\"item\":\"https:\/\/xenonkungen.com\/\"},{\"@type\":\"ListItem\",\"position\":2,\"name\":\"Shop\",\"item\":\"https:\/\/xenonkungen.com\/shop\/\"},{\"@type\":\"ListItem\",\"position\":3,\"name\":\"Lampsarg f\u00f6r 3st 200mm | svart\"}]},{\"@type\":\"WebSite\",\"@id\":\"https:\/\/xenonkungen.com\/#website\",\"url\":\"https:\/\/xenonkungen.com\/\",\"name\":\"Xenonkungen\",\"description\":\"\",\"potentialAction\":[{\"@type\":\"SearchAction\",\"target\":{\"@type\":\"EntryPoint\",\"urlTemplate\":\"https:\/\/xenonkungen.com\/?s={search_term_string}\"},\"query-input\":{\"@type\":\"PropertyValueSpecification\",\"valueRequired\":true,\"valueName\":\"search_term_string\"}}],\"inLanguage\":\"da-DK\"}]}<\/script>\n<!-- \/ Yoast SEO plugin. -->","yoast_head_json":{"title":"Lamperamme til 3 stk. 200 mm | sort - Xenonkungen","robots":{"index":"index","follow":"follow","max-snippet":"max-snippet:-1","max-image-preview":"max-image-preview:large","max-video-preview":"max-video-preview:-1"},"canonical":"https:\/\/xenonkungen.com\/dk\/vare\/lamperamme-til-3-stk-200-mm-sort\/","og_locale":"da_DK","og_type":"article","og_title":"Lampsarg f\u00f6r 3st 200mm | svart - Xenonkungen","og_description":"Svart Lampsarg f\u00f6r Slim-line Triple-serien 200 Den svarta lampsargen \u00e4r en praktisk och funktionell l\u00f6sning f\u00f6r att uppgradera eller byta ut din lampa i Slim-line Triple-serien 200. Denna specifika sarg \u00e4r utformad med b\u00e5de estetik och funktionalitet i \u00e5tanke och erbjuder flera f\u00f6rdelar f\u00f6r ditt belysningsbehov. Det svarta utf\u00f6randet p\u00e5 lampsargen ger en modern och [&hellip;]","og_url":"https:\/\/xenonkungen.com\/dk\/vare\/lamperamme-til-3-stk-200-mm-sort\/","og_site_name":"Xenonkungen","article_modified_time":"2026-04-10T23:42:45+00:00","og_image":[{"width":600,"height":600,"url":"https:\/\/xenonkungen.com\/wp-content\/uploads\/2025\/04\/7341119-origpic-0f4d12.jpg","type":"image\/jpeg"}],"twitter_card":"summary_large_image","twitter_misc":{"Estimeret l\u00e6setid":"2 minutter"},"schema":{"@context":"https:\/\/schema.org","@graph":[{"@type":"WebPage","@id":"https:\/\/xenonkungen.com\/fi\/tuote\/lampun-kehys-3-kpl-200-mm-musta\/","url":"https:\/\/xenonkungen.com\/fi\/tuote\/lampun-kehys-3-kpl-200-mm-musta\/","name":"Lamperamme til 3 stk. 200 mm | sort - Xenonkungen","isPartOf":{"@id":"https:\/\/xenonkungen.com\/#website"},"primaryImageOfPage":{"@id":"https:\/\/xenonkungen.com\/fi\/tuote\/lampun-kehys-3-kpl-200-mm-musta\/#primaryimage"},"image":{"@id":"https:\/\/xenonkungen.com\/fi\/tuote\/lampun-kehys-3-kpl-200-mm-musta\/#primaryimage"},"thumbnailUrl":"https:\/\/xenonkungen.com\/wp-content\/uploads\/2025\/04\/7341119-origpic-0f4d12.jpg","datePublished":"2025-04-15T09:49:12+00:00","dateModified":"2026-04-10T23:42:45+00:00","breadcrumb":{"@id":"https:\/\/xenonkungen.com\/fi\/tuote\/lampun-kehys-3-kpl-200-mm-musta\/#breadcrumb"},"inLanguage":"da-DK","potentialAction":[{"@type":"ReadAction","target":["https:\/\/xenonkungen.com\/fi\/tuote\/lampun-kehys-3-kpl-200-mm-musta\/"]}]},{"@type":"ImageObject","inLanguage":"da-DK","@id":"https:\/\/xenonkungen.com\/fi\/tuote\/lampun-kehys-3-kpl-200-mm-musta\/#primaryimage","url":"https:\/\/xenonkungen.com\/wp-content\/uploads\/2025\/04\/7341119-origpic-0f4d12.jpg","contentUrl":"https:\/\/xenonkungen.com\/wp-content\/uploads\/2025\/04\/7341119-origpic-0f4d12.jpg","width":600,"height":600},{"@type":"BreadcrumbList","@id":"https:\/\/xenonkungen.com\/fi\/tuote\/lampun-kehys-3-kpl-200-mm-musta\/#breadcrumb","itemListElement":[{"@type":"ListItem","position":1,"name":"Hem","item":"https:\/\/xenonkungen.com\/"},{"@type":"ListItem","position":2,"name":"Shop","item":"https:\/\/xenonkungen.com\/shop\/"},{"@type":"ListItem","position":3,"name":"Lampsarg f\u00f6r 3st 200mm | svart"}]},{"@type":"WebSite","@id":"https:\/\/xenonkungen.com\/#website","url":"https:\/\/xenonkungen.com\/","name":"Xenonkungen","description":"","potentialAction":[{"@type":"SearchAction","target":{"@type":"EntryPoint","urlTemplate":"https:\/\/xenonkungen.com\/?s={search_term_string}"},"query-input":{"@type":"PropertyValueSpecification","valueRequired":true,"valueName":"search_term_string"}}],"inLanguage":"da-DK"}]}},"taxonomy_info":{"anvandningsomrade":[{"value":166,"label":"Lastbil"},{"value":238,"label":"SL\u00c4P"},{"value":2816,"label":"TRAILER"}],"product_brand":[{"value":1252,"label":"LEA"}],"product_cat":[{"value":2583,"label":"Lampsarg"}]},"featured_image_src_large":["https:\/\/xenonkungen.com\/wp-content\/uploads\/2025\/04\/7341119-origpic-0f4d12.jpg",600,600,false],"author_info":[],"comment_info":0,"_links":{"self":[{"href":"https:\/\/xenonkungen.com\/dk\/wp-json\/wp\/v2\/product\/6768","targetHints":{"allow":["GET"]}}],"collection":[{"href":"https:\/\/xenonkungen.com\/dk\/wp-json\/wp\/v2\/product"}],"about":[{"href":"https:\/\/xenonkungen.com\/dk\/wp-json\/wp\/v2\/types\/product"}],"replies":[{"embeddable":true,"href":"https:\/\/xenonkungen.com\/dk\/wp-json\/wp\/v2\/comments?post=6768"}],"wp:featuredmedia":[{"embeddable":true,"href":"https:\/\/xenonkungen.com\/dk\/wp-json\/wp\/v2\/media\/6769"}],"wp:attachment":[{"href":"https:\/\/xenonkungen.com\/dk\/wp-json\/wp\/v2\/media?parent=6768"}],"wp:term":[{"taxonomy":"anvandningsomrade","embeddable":true,"href":"https:\/\/xenonkungen.com\/dk\/wp-json\/wp\/v2\/anvandningsomrade?post=6768"},{"taxonomy":"bilmarken","embeddable":true,"href":"https:\/\/xenonkungen.com\/dk\/wp-json\/wp\/v2\/bilmarken?post=6768"},{"taxonomy":"product_brand","embeddable":true,"href":"https:\/\/xenonkungen.com\/dk\/wp-json\/wp\/v2\/product_brand?post=6768"},{"taxonomy":"product_cat","embeddable":true,"href":"https:\/\/xenonkungen.com\/dk\/wp-json\/wp\/v2\/product_cat?post=6768"},{"taxonomy":"product_tag","embeddable":true,"href":"https:\/\/xenonkungen.com\/dk\/wp-json\/wp\/v2\/product_tag?post=6768"}],"curies":[{"name":"wp","href":"https:\/\/api.w.org\/{rel}","templated":true}]}}