{"id":6854,"date":"2025-04-15T09:49:51","date_gmt":"2025-04-15T09:49:51","guid":{"rendered":"https:\/\/xenonkungen.com\/product\/lazer-triple-r-28-elite-extraljusramp-51-1305-mm\/"},"modified":"2026-04-24T17:29:39","modified_gmt":"2026-04-24T16:29:39","slug":"lazer-triple-r-28-elite-ekstra-let-rampe-51-1305-mm","status":"publish","type":"product","link":"https:\/\/xenonkungen.com\/dk\/vare\/lazer-triple-r-28-elite-ekstra-let-rampe-51-1305-mm\/","title":{"rendered":"Lazer Triple-R 28 Elite ekstra let rampe 51\u2033\/1305 mm"},"content":{"rendered":"<h1>Lazer Triple-R-serien: Avancerede LED-forlygter til rally og motorsport<\/h1>\n<h2>Lys og effektiv belysning til alle bilejere<\/h2>\n<p>Lazer Triple-R-serien er resultatet af at opfylde de h\u00f8je krav fra professionel rally- og motorsport. Disse forlygter er ogs\u00e5 blevet meget popul\u00e6re blandt bilejere og lastbilchauff\u00f8rer, uanset om de k\u00f8rer p\u00e5 vejen eller i terr\u00e6n. Triple-R Elite-serien tilbyder endnu mere imponerende lysstyrke og l\u00e6ngere r\u00e6kkevidde sammenlignet med Triple-R Standard-serien. Med den nyeste LED-teknologi og optimeret optik leverer Triple-R-serien enest\u00e5ende langtr\u00e6kkende belysning. Elite-serien sikrer ogs\u00e5 effektiv lysfordeling over vejen og oplyser hele omr\u00e5det foran k\u00f8ret\u00f8jet. Disse forlygter er s\u00e6rligt velegnede til tagmontering og hj\u00e6lper med at undg\u00e5 bl\u00e6ndende refleksioner fra motorhjelmen. Triple-R Elite-forlygter med E-boost f\u00e5s i seks forskellige l\u00e6ngder, fra 230 mm til 1305 mm. Deres h\u00f8jde er 73 mm, og dybden er 105 mm. De kortere lygtebomme \u2013 Triple-R Elite 750, 850 og 1000 \u2013 er udstyret med E-boost, som giver en kraftig belysning svarende til fjernlys, n\u00e5r funktionen er aktiveret. N\u00e5r du k\u00f8rer p\u00e5 offentlige veje, kan du nemt skifte tilbage til E-godkendt og vejlovlig tilstand med en simpel man\u00f8vre, samtidig med at du bevarer en imponerende lysstyrke.<\/p>","protected":false},"excerpt":{"rendered":"<p>Lazer Triple-R-serien: Avancerede LED-forlygter til rally og motorsport. Lys og effektiv belysning til alle bilejere. Lazer Triple-R-serien er resultatet af at opfylde de h\u00f8je krav fra professionel rally og motorsport. Disse forlygter er ogs\u00e5 blevet meget popul\u00e6re blandt bilejere og lastbilchauff\u00f8rer, uanset om de k\u00f8rer p\u00e5 vejen eller i terr\u00e6n. Triple-R Elite-serien tilbyder endnu mere [\u2026]<\/p>","protected":false},"featured_media":6855,"comment_status":"closed","ping_status":"open","template":"","meta":{"_acf_changed":false,"_smort_price_nok":"17784","_smort_price_dkk":"11298","_smort_price_eur":"1513.57","_smort_sale_price_nok":"","_smort_sale_price_dkk":"","_smort_sale_price_eur":"","smort_restorder":"","shipmondo_restorder":"","_kad_blocks_custom_css":"","_kad_blocks_head_custom_js":"","_kad_blocks_body_custom_js":"","_kad_blocks_footer_custom_js":"","smort_custom_pricelist_1":"10656","smort_custom_pricelist_2":"10656","smort_custom_pricelist_3":"10656","smort_custom_pricelist_4":"13320","smort_custom_pricelist_5":"10656"},"anvandningsomrade":[],"bilmarken":[],"product_brand":[1124],"product_cat":[2561,2966,2539],"product_tag":[2735],"class_list":{"0":"post-6854","1":"product","2":"type-product","3":"status-publish","4":"has-post-thumbnail","6":"product_brand-lazer","7":"product_cat-lazer","8":"product_cat-ledramp-rak","9":"product_cat-ledramper","10":"product_tag-lazer","11":"pa_fargtemperatur-5000k","12":"pa_fuktskydd-varde-ipxx-ip67","13":"pa_lampsockel-kontakt-superseal","14":"pa_led-chips-effekt-w-1856","15":"pa_storlek-mm-1305x73x105","16":"pa_stromforbrukning-226a144v","17":"pa_volt-v-multivolt-10-12-16-18-24-28-30-32","19":"first","20":"onbackorder","21":"taxable","22":"shipping-taxable","23":"purchasable","24":"product-type-simple"},"bundled_by":[],"bundle_stock_status":"onbackorder","bundle_stock_quantity":0,"bundle_virtual":false,"bundle_layout":"","bundle_add_to_cart_form_location":"","bundle_editable_in_cart":false,"bundle_sold_individually_context":"","bundle_item_grouping":"","bundle_min_size":"","bundle_max_size":"","bundle_price":[],"bundled_items":[],"bundle_sell_ids":[],"acf":[],"yoast_head":"<!-- This site is optimized with the Yoast SEO plugin v27.0 - https:\/\/yoast.com\/product\/yoast-seo-wordpress\/ -->\n<title>Lazer Triple-R 28 Elite extraljusramp 51&quot;\/1305 mm - Xenonkungen<\/title>\n<meta name=\"robots\" content=\"index, follow, max-snippet:-1, max-image-preview:large, max-video-preview:-1\" \/>\n<link rel=\"canonical\" href=\"https:\/\/xenonkungen.com\/dk\/vare\/lazer-triple-r-28-elite-ekstra-let-rampe-51-1305-mm\/\" \/>\n<meta property=\"og:locale\" content=\"da_DK\" \/>\n<meta property=\"og:type\" content=\"article\" \/>\n<meta property=\"og:title\" content=\"Lazer Triple-R 28 Elite extraljusramp 51&quot;\/1305 mm - Xenonkungen\" \/>\n<meta property=\"og:description\" content=\"Lazer Triple-R-serien: Avancerade LED-str\u00e5lkastare f\u00f6r rally och motorsport En ljusstark och effektiv belysning f\u00f6r alla bil\u00e4gare Lazer Triple-R-serien \u00e4r resultatet av att m\u00f6ta de h\u00f6ga kraven inom professionell rally- och motorsport. Dessa str\u00e5lkastare har ocks\u00e5 blivit mycket popul\u00e4ra bland bils\u00e4gare och lastbilsf\u00f6rare, oavsett om de k\u00f6r p\u00e5 v\u00e4gen eller terr\u00e4ngen. Triple-R Elite-serien erbjuder \u00e4nnu mer [&hellip;]\" \/>\n<meta property=\"og:url\" content=\"https:\/\/xenonkungen.com\/dk\/vare\/lazer-triple-r-28-elite-ekstra-let-rampe-51-1305-mm\/\" \/>\n<meta property=\"og:site_name\" content=\"Xenonkungen\" \/>\n<meta property=\"article:modified_time\" content=\"2026-04-24T16:29:39+00:00\" \/>\n<meta property=\"og:image\" content=\"https:\/\/xenonkungen.com\/wp-content\/uploads\/2025\/04\/triple-r_28_gen2_-_angled_-_web.jpg\" \/>\n\t<meta property=\"og:image:width\" content=\"1000\" \/>\n\t<meta property=\"og:image:height\" content=\"750\" \/>\n\t<meta property=\"og:image:type\" content=\"image\/jpeg\" \/>\n<meta name=\"twitter:card\" content=\"summary_large_image\" \/>\n<meta name=\"twitter:label1\" content=\"Estimeret l\u00e6setid\" \/>\n\t<meta name=\"twitter:data1\" content=\"1 minut\" \/>\n<script type=\"application\/ld+json\" class=\"yoast-schema-graph\">{\"@context\":\"https:\/\/schema.org\",\"@graph\":[{\"@type\":\"WebPage\",\"@id\":\"https:\/\/xenonkungen.com\/de\/produkt\/lazer-triple-r-28-elite-extra-light-ramp-51-1305-mm\/\",\"url\":\"https:\/\/xenonkungen.com\/de\/produkt\/lazer-triple-r-28-elite-extra-light-ramp-51-1305-mm\/\",\"name\":\"Lazer Triple-R 28 Elite extraljusramp 51\\\"\/1305 mm - Xenonkungen\",\"isPartOf\":{\"@id\":\"https:\/\/xenonkungen.com\/#website\"},\"primaryImageOfPage\":{\"@id\":\"https:\/\/xenonkungen.com\/de\/produkt\/lazer-triple-r-28-elite-extra-light-ramp-51-1305-mm\/#primaryimage\"},\"image\":{\"@id\":\"https:\/\/xenonkungen.com\/de\/produkt\/lazer-triple-r-28-elite-extra-light-ramp-51-1305-mm\/#primaryimage\"},\"thumbnailUrl\":\"https:\/\/xenonkungen.com\/wp-content\/uploads\/2025\/04\/triple-r_28_gen2_-_angled_-_web.jpg\",\"datePublished\":\"2025-04-15T09:49:51+00:00\",\"dateModified\":\"2026-04-24T16:29:39+00:00\",\"breadcrumb\":{\"@id\":\"https:\/\/xenonkungen.com\/de\/produkt\/lazer-triple-r-28-elite-extra-light-ramp-51-1305-mm\/#breadcrumb\"},\"inLanguage\":\"da-DK\",\"potentialAction\":[{\"@type\":\"ReadAction\",\"target\":[\"https:\/\/xenonkungen.com\/de\/produkt\/lazer-triple-r-28-elite-extra-light-ramp-51-1305-mm\/\"]}]},{\"@type\":\"ImageObject\",\"inLanguage\":\"da-DK\",\"@id\":\"https:\/\/xenonkungen.com\/de\/produkt\/lazer-triple-r-28-elite-extra-light-ramp-51-1305-mm\/#primaryimage\",\"url\":\"https:\/\/xenonkungen.com\/wp-content\/uploads\/2025\/04\/triple-r_28_gen2_-_angled_-_web.jpg\",\"contentUrl\":\"https:\/\/xenonkungen.com\/wp-content\/uploads\/2025\/04\/triple-r_28_gen2_-_angled_-_web.jpg\",\"width\":1000,\"height\":750},{\"@type\":\"BreadcrumbList\",\"@id\":\"https:\/\/xenonkungen.com\/de\/produkt\/lazer-triple-r-28-elite-extra-light-ramp-51-1305-mm\/#breadcrumb\",\"itemListElement\":[{\"@type\":\"ListItem\",\"position\":1,\"name\":\"Hem\",\"item\":\"https:\/\/xenonkungen.com\/\"},{\"@type\":\"ListItem\",\"position\":2,\"name\":\"Shop\",\"item\":\"https:\/\/xenonkungen.com\/shop\/\"},{\"@type\":\"ListItem\",\"position\":3,\"name\":\"Lazer Triple-R 28 Elite extraljusramp 51&#8243;\/1305 mm\"}]},{\"@type\":\"WebSite\",\"@id\":\"https:\/\/xenonkungen.com\/#website\",\"url\":\"https:\/\/xenonkungen.com\/\",\"name\":\"Xenonkungen\",\"description\":\"\",\"potentialAction\":[{\"@type\":\"SearchAction\",\"target\":{\"@type\":\"EntryPoint\",\"urlTemplate\":\"https:\/\/xenonkungen.com\/?s={search_term_string}\"},\"query-input\":{\"@type\":\"PropertyValueSpecification\",\"valueRequired\":true,\"valueName\":\"search_term_string\"}}],\"inLanguage\":\"da-DK\"}]}<\/script>\n<!-- \/ Yoast SEO plugin. -->","yoast_head_json":{"title":"Lazer Triple-R 28 Elite ekstra lysb\u00f8jle 51&quot;\/1305 mm - Xenon-kongen","robots":{"index":"index","follow":"follow","max-snippet":"max-snippet:-1","max-image-preview":"max-image-preview:large","max-video-preview":"max-video-preview:-1"},"canonical":"https:\/\/xenonkungen.com\/dk\/vare\/lazer-triple-r-28-elite-ekstra-let-rampe-51-1305-mm\/","og_locale":"da_DK","og_type":"article","og_title":"Lazer Triple-R 28 Elite extraljusramp 51\"\/1305 mm - Xenonkungen","og_description":"Lazer Triple-R-serien: Avancerade LED-str\u00e5lkastare f\u00f6r rally och motorsport En ljusstark och effektiv belysning f\u00f6r alla bil\u00e4gare Lazer Triple-R-serien \u00e4r resultatet av att m\u00f6ta de h\u00f6ga kraven inom professionell rally- och motorsport. Dessa str\u00e5lkastare har ocks\u00e5 blivit mycket popul\u00e4ra bland bils\u00e4gare och lastbilsf\u00f6rare, oavsett om de k\u00f6r p\u00e5 v\u00e4gen eller terr\u00e4ngen. Triple-R Elite-serien erbjuder \u00e4nnu mer [&hellip;]","og_url":"https:\/\/xenonkungen.com\/dk\/vare\/lazer-triple-r-28-elite-ekstra-let-rampe-51-1305-mm\/","og_site_name":"Xenonkungen","article_modified_time":"2026-04-24T16:29:39+00:00","og_image":[{"width":1000,"height":750,"url":"https:\/\/xenonkungen.com\/wp-content\/uploads\/2025\/04\/triple-r_28_gen2_-_angled_-_web.jpg","type":"image\/jpeg"}],"twitter_card":"summary_large_image","twitter_misc":{"Estimeret l\u00e6setid":"1 minut"},"schema":{"@context":"https:\/\/schema.org","@graph":[{"@type":"WebPage","@id":"https:\/\/xenonkungen.com\/de\/produkt\/lazer-triple-r-28-elite-extra-light-ramp-51-1305-mm\/","url":"https:\/\/xenonkungen.com\/de\/produkt\/lazer-triple-r-28-elite-extra-light-ramp-51-1305-mm\/","name":"Lazer Triple-R 28 Elite ekstra lysb\u00f8jle 51&quot;\/1305 mm - Xenon-kongen","isPartOf":{"@id":"https:\/\/xenonkungen.com\/#website"},"primaryImageOfPage":{"@id":"https:\/\/xenonkungen.com\/de\/produkt\/lazer-triple-r-28-elite-extra-light-ramp-51-1305-mm\/#primaryimage"},"image":{"@id":"https:\/\/xenonkungen.com\/de\/produkt\/lazer-triple-r-28-elite-extra-light-ramp-51-1305-mm\/#primaryimage"},"thumbnailUrl":"https:\/\/xenonkungen.com\/wp-content\/uploads\/2025\/04\/triple-r_28_gen2_-_angled_-_web.jpg","datePublished":"2025-04-15T09:49:51+00:00","dateModified":"2026-04-24T16:29:39+00:00","breadcrumb":{"@id":"https:\/\/xenonkungen.com\/de\/produkt\/lazer-triple-r-28-elite-extra-light-ramp-51-1305-mm\/#breadcrumb"},"inLanguage":"da-DK","potentialAction":[{"@type":"ReadAction","target":["https:\/\/xenonkungen.com\/de\/produkt\/lazer-triple-r-28-elite-extra-light-ramp-51-1305-mm\/"]}]},{"@type":"ImageObject","inLanguage":"da-DK","@id":"https:\/\/xenonkungen.com\/de\/produkt\/lazer-triple-r-28-elite-extra-light-ramp-51-1305-mm\/#primaryimage","url":"https:\/\/xenonkungen.com\/wp-content\/uploads\/2025\/04\/triple-r_28_gen2_-_angled_-_web.jpg","contentUrl":"https:\/\/xenonkungen.com\/wp-content\/uploads\/2025\/04\/triple-r_28_gen2_-_angled_-_web.jpg","width":1000,"height":750},{"@type":"BreadcrumbList","@id":"https:\/\/xenonkungen.com\/de\/produkt\/lazer-triple-r-28-elite-extra-light-ramp-51-1305-mm\/#breadcrumb","itemListElement":[{"@type":"ListItem","position":1,"name":"Hem","item":"https:\/\/xenonkungen.com\/"},{"@type":"ListItem","position":2,"name":"Shop","item":"https:\/\/xenonkungen.com\/shop\/"},{"@type":"ListItem","position":3,"name":"Lazer Triple-R 28 Elite extraljusramp 51&#8243;\/1305 mm"}]},{"@type":"WebSite","@id":"https:\/\/xenonkungen.com\/#website","url":"https:\/\/xenonkungen.com\/","name":"Xenonkungen","description":"","potentialAction":[{"@type":"SearchAction","target":{"@type":"EntryPoint","urlTemplate":"https:\/\/xenonkungen.com\/?s={search_term_string}"},"query-input":{"@type":"PropertyValueSpecification","valueRequired":true,"valueName":"search_term_string"}}],"inLanguage":"da-DK"}]}},"taxonomy_info":{"product_brand":[{"value":1124,"label":"Lazer"}],"product_cat":[{"value":2561,"label":"Lazer"},{"value":2966,"label":"Ledramp Rak"},{"value":2539,"label":"LEDRAMPER"}],"product_tag":[{"value":2735,"label":"Lazer"}],"pa_fargtemperatur":[{"value":154,"label":"5000K"}],"pa_fuktskydd-varde-ipxx":[{"value":333,"label":"IP67"}],"pa_lampsockel-kontakt":[{"value":1122,"label":"Superseal"}],"pa_led-chips-effekt-w":[{"value":1856,"label":"326"}],"pa_storlek-mm":[{"value":1855,"label":"1305x73x105"}],"pa_stromforbrukning":[{"value":1857,"label":"22,6A@14,4V"}],"pa_volt-v":[{"value":1084,"label":"Multivolt, 10, 12, 16, 18, 24, 28, 30, 32"}]},"featured_image_src_large":["https:\/\/xenonkungen.com\/wp-content\/uploads\/2025\/04\/triple-r_28_gen2_-_angled_-_web.jpg",1000,750,false],"author_info":[],"comment_info":0,"_links":{"self":[{"href":"https:\/\/xenonkungen.com\/dk\/wp-json\/wp\/v2\/product\/6854","targetHints":{"allow":["GET"]}}],"collection":[{"href":"https:\/\/xenonkungen.com\/dk\/wp-json\/wp\/v2\/product"}],"about":[{"href":"https:\/\/xenonkungen.com\/dk\/wp-json\/wp\/v2\/types\/product"}],"replies":[{"embeddable":true,"href":"https:\/\/xenonkungen.com\/dk\/wp-json\/wp\/v2\/comments?post=6854"}],"wp:featuredmedia":[{"embeddable":true,"href":"https:\/\/xenonkungen.com\/dk\/wp-json\/wp\/v2\/media\/6855"}],"wp:attachment":[{"href":"https:\/\/xenonkungen.com\/dk\/wp-json\/wp\/v2\/media?parent=6854"}],"wp:term":[{"taxonomy":"anvandningsomrade","embeddable":true,"href":"https:\/\/xenonkungen.com\/dk\/wp-json\/wp\/v2\/anvandningsomrade?post=6854"},{"taxonomy":"bilmarken","embeddable":true,"href":"https:\/\/xenonkungen.com\/dk\/wp-json\/wp\/v2\/bilmarken?post=6854"},{"taxonomy":"product_brand","embeddable":true,"href":"https:\/\/xenonkungen.com\/dk\/wp-json\/wp\/v2\/product_brand?post=6854"},{"taxonomy":"product_cat","embeddable":true,"href":"https:\/\/xenonkungen.com\/dk\/wp-json\/wp\/v2\/product_cat?post=6854"},{"taxonomy":"product_tag","embeddable":true,"href":"https:\/\/xenonkungen.com\/dk\/wp-json\/wp\/v2\/product_tag?post=6854"}],"curies":[{"name":"wp","href":"https:\/\/api.w.org\/{rel}","templated":true}]}}