{"id":6884,"date":"2025-04-15T09:50:09","date_gmt":"2025-04-15T09:50:09","guid":{"rendered":"https:\/\/xenonkungen.com\/product\/orange-linskit-horisontell-for-triple-r-std\/"},"modified":"2025-12-10T14:48:28","modified_gmt":"2025-12-10T13:48:28","slug":"orange-linsesaet-vandret-til-triple-r-standard","status":"publish","type":"product","link":"https:\/\/xenonkungen.com\/dk\/vare\/orange-linsesaet-vandret-til-triple-r-standard\/","title":{"rendered":"Orange vandret linses\u00e6t til Triple-R Std"},"content":{"rendered":"<h1>Lazer Diffusion-linser \u2013 Forbedret synlighed og beskyttelse<\/h1>\n<p>Oplev Lazers diffusorlinser, der er lavet af slidst\u00e6rkt og langtidsholdbart akryl og kompatible med b\u00e5de Triple-R og ST Evolution-serien. Disse linser d\u00e6kker fire LED-moduler, s\u00e5 du kan bruge en eller flere linser p\u00e5 l\u00e6ngere ramper. De medf\u00f8lgende klips g\u00f8r det nemt at fastg\u00f8re diffusorlinserne.<\/p>\n<p>Diffusionslinserne har flere funktioner. For det f\u00f8rste fungerer de som stenslagsbeskyttelse og beskytter det originale objektiv mod ridser og slid. De t\u00e6tte forseglinger p\u00e5 linserne forhindrer ogs\u00e5 vand og snavs i at tr\u00e6nge ind.<\/p>\n<p>De klare linser har et ribbet design og giver en lysspredning p\u00e5 enten 15\u00b0 eller 30\u00b0. Det betyder, at det originale lysbillede er bredere og giver bedre udsyn til k\u00f8ret\u00f8jets sider. Det ribbede design hj\u00e6lper med at sprede lyset j\u00e6vnt og effektivt.<\/p>\n<p>Udover det ribbede design f\u00e5s gule linser ogs\u00e5 med en glat overflade. Den store fordel ved det gule linse er, at det forbedrer synligheden i regn, sne og t\u00e5ge. Ved at filtrere lyset p\u00e5 en s\u00e6rlig m\u00e5de reducerer det gule linse refleksioner og giver et klarere og klarere udsyn, selv under d\u00e5rlige vejrforhold.<\/p>\n<p>Med Lazer-diffusionslinser kan du ikke blot forbedre synligheden og lysfordelingen, men ogs\u00e5 beskytte dine ekstralygter mod skader og slid. Udforsk de forskellige designmuligheder, og v\u00e6lg de linser, der bedst passer til dine behov.<\/p>","protected":false},"excerpt":{"rendered":"<p>Lazer Spridningslinser &#8211; F\u00f6rb\u00e4ttrad synlighet och skydd Uppt\u00e4ck Lazer&#8217;s spridningslinser som \u00e4r tillverkade av slitstark och h\u00e5llbar akryl och \u00e4r kompatibla med b\u00e5de Triple-R och ST Evolution-serierna. Dessa linser t\u00e4cker fyra LED-moduler, vilket g\u00f6r det m\u00f6jligt att anv\u00e4nda en eller flera linser p\u00e5 l\u00e4ngre rampar. Med de medf\u00f6ljande kl\u00e4mmorna kan du enkelt f\u00e4sta spridningslinserna. Spridningslinserna [&hellip;]<\/p>","protected":false},"featured_media":6885,"comment_status":"closed","ping_status":"open","template":"","meta":{"_acf_changed":false,"_smort_price_nok":"310","_smort_price_dkk":"197","_smort_price_eur":"26.36","_smort_sale_price_nok":"","_smort_sale_price_dkk":"","_smort_sale_price_eur":"","smort_restorder":"","shipmondo_restorder":"","_kad_blocks_custom_css":"","_kad_blocks_head_custom_js":"","_kad_blocks_body_custom_js":"","_kad_blocks_footer_custom_js":"","smort_custom_pricelist_1":"185.6","smort_custom_pricelist_2":"185.6","smort_custom_pricelist_3":"185.6","smort_custom_pricelist_4":"232","smort_custom_pricelist_5":"185.6"},"anvandningsomrade":[],"bilmarken":[],"product_brand":[2793],"product_cat":[2612,2828,2539,2613],"product_tag":[2735],"class_list":{"0":"post-6884","1":"product","2":"type-product","3":"status-publish","4":"has-post-thumbnail","6":"product_brand-ovrigt","7":"product_cat-tillbehor-installation-ledramper","8":"product_cat-installation-led-ramper","9":"product_cat-ledramper","10":"product_cat-ovriga-tillbehor-tillbehor-installation-ledramper","11":"product_tag-lazer","13":"first","14":"onbackorder","15":"taxable","16":"shipping-taxable","17":"purchasable","18":"product-type-simple"},"bundled_by":[],"bundle_stock_status":"onbackorder","bundle_stock_quantity":0,"bundle_virtual":false,"bundle_layout":"","bundle_add_to_cart_form_location":"","bundle_editable_in_cart":false,"bundle_sold_individually_context":"","bundle_item_grouping":"","bundle_min_size":"","bundle_max_size":"","bundle_price":[],"bundled_items":[],"bundle_sell_ids":[],"acf":[],"yoast_head":"<!-- This site is optimized with the Yoast SEO plugin v27.0 - https:\/\/yoast.com\/product\/yoast-seo-wordpress\/ -->\n<title>Orange linskit horisontell f\u00f6r Triple-R Std - Xenonkungen<\/title>\n<meta name=\"robots\" content=\"index, follow, max-snippet:-1, max-image-preview:large, max-video-preview:-1\" \/>\n<link rel=\"canonical\" href=\"https:\/\/xenonkungen.com\/dk\/vare\/orange-linsesaet-vandret-til-triple-r-standard\/\" \/>\n<meta property=\"og:locale\" content=\"da_DK\" \/>\n<meta property=\"og:type\" content=\"article\" \/>\n<meta property=\"og:title\" content=\"Orange linskit horisontell f\u00f6r Triple-R Std - Xenonkungen\" \/>\n<meta property=\"og:description\" content=\"Lazer Spridningslinser &#8211; F\u00f6rb\u00e4ttrad synlighet och skydd Uppt\u00e4ck Lazer&#8217;s spridningslinser som \u00e4r tillverkade av slitstark och h\u00e5llbar akryl och \u00e4r kompatibla med b\u00e5de Triple-R och ST Evolution-serierna. Dessa linser t\u00e4cker fyra LED-moduler, vilket g\u00f6r det m\u00f6jligt att anv\u00e4nda en eller flera linser p\u00e5 l\u00e4ngre rampar. Med de medf\u00f6ljande kl\u00e4mmorna kan du enkelt f\u00e4sta spridningslinserna. Spridningslinserna [&hellip;]\" \/>\n<meta property=\"og:url\" content=\"https:\/\/xenonkungen.com\/dk\/vare\/orange-linsesaet-vandret-til-triple-r-standard\/\" \/>\n<meta property=\"og:site_name\" content=\"Xenonkungen\" \/>\n<meta property=\"article:modified_time\" content=\"2025-12-10T13:48:28+00:00\" \/>\n<meta property=\"og:image\" content=\"https:\/\/xenonkungen.com\/wp-content\/uploads\/2025\/04\/ylw_15_degree_web.jpg\" \/>\n\t<meta property=\"og:image:width\" content=\"1000\" \/>\n\t<meta property=\"og:image:height\" content=\"750\" \/>\n\t<meta property=\"og:image:type\" content=\"image\/jpeg\" \/>\n<meta name=\"twitter:card\" content=\"summary_large_image\" \/>\n<meta name=\"twitter:label1\" content=\"Estimeret l\u00e6setid\" \/>\n\t<meta name=\"twitter:data1\" content=\"1 minut\" \/>\n<script type=\"application\/ld+json\" class=\"yoast-schema-graph\">{\"@context\":\"https:\/\/schema.org\",\"@graph\":[{\"@type\":\"WebPage\",\"@id\":\"https:\/\/xenonkungen.com\/dk\/vare\/orange-linsesaet-vandret-til-triple-r-standard\/\",\"url\":\"https:\/\/xenonkungen.com\/dk\/vare\/orange-linsesaet-vandret-til-triple-r-standard\/\",\"name\":\"Orange linskit horisontell f\u00f6r Triple-R Std - Xenonkungen\",\"isPartOf\":{\"@id\":\"https:\/\/xenonkungen.com\/#website\"},\"primaryImageOfPage\":{\"@id\":\"https:\/\/xenonkungen.com\/dk\/vare\/orange-linsesaet-vandret-til-triple-r-standard\/#primaryimage\"},\"image\":{\"@id\":\"https:\/\/xenonkungen.com\/dk\/vare\/orange-linsesaet-vandret-til-triple-r-standard\/#primaryimage\"},\"thumbnailUrl\":\"https:\/\/xenonkungen.com\/wp-content\/uploads\/2025\/04\/ylw_15_degree_web.jpg\",\"datePublished\":\"2025-04-15T09:50:09+00:00\",\"dateModified\":\"2025-12-10T13:48:28+00:00\",\"breadcrumb\":{\"@id\":\"https:\/\/xenonkungen.com\/dk\/vare\/orange-linsesaet-vandret-til-triple-r-standard\/#breadcrumb\"},\"inLanguage\":\"da-DK\",\"potentialAction\":[{\"@type\":\"ReadAction\",\"target\":[\"https:\/\/xenonkungen.com\/dk\/vare\/orange-linsesaet-vandret-til-triple-r-standard\/\"]}]},{\"@type\":\"ImageObject\",\"inLanguage\":\"da-DK\",\"@id\":\"https:\/\/xenonkungen.com\/dk\/vare\/orange-linsesaet-vandret-til-triple-r-standard\/#primaryimage\",\"url\":\"https:\/\/xenonkungen.com\/wp-content\/uploads\/2025\/04\/ylw_15_degree_web.jpg\",\"contentUrl\":\"https:\/\/xenonkungen.com\/wp-content\/uploads\/2025\/04\/ylw_15_degree_web.jpg\",\"width\":1000,\"height\":750},{\"@type\":\"BreadcrumbList\",\"@id\":\"https:\/\/xenonkungen.com\/dk\/vare\/orange-linsesaet-vandret-til-triple-r-standard\/#breadcrumb\",\"itemListElement\":[{\"@type\":\"ListItem\",\"position\":1,\"name\":\"Hem\",\"item\":\"https:\/\/xenonkungen.com\/\"},{\"@type\":\"ListItem\",\"position\":2,\"name\":\"Shop\",\"item\":\"https:\/\/xenonkungen.com\/shop\/\"},{\"@type\":\"ListItem\",\"position\":3,\"name\":\"Orange linskit horisontell f\u00f6r Triple-R Std\"}]},{\"@type\":\"WebSite\",\"@id\":\"https:\/\/xenonkungen.com\/#website\",\"url\":\"https:\/\/xenonkungen.com\/\",\"name\":\"Xenonkungen\",\"description\":\"\",\"potentialAction\":[{\"@type\":\"SearchAction\",\"target\":{\"@type\":\"EntryPoint\",\"urlTemplate\":\"https:\/\/xenonkungen.com\/?s={search_term_string}\"},\"query-input\":{\"@type\":\"PropertyValueSpecification\",\"valueRequired\":true,\"valueName\":\"search_term_string\"}}],\"inLanguage\":\"da-DK\"}]}<\/script>\n<!-- \/ Yoast SEO plugin. -->","yoast_head_json":{"title":"Orange linses\u00e6t vandret til Triple-R Std - Xenonkungen","robots":{"index":"index","follow":"follow","max-snippet":"max-snippet:-1","max-image-preview":"max-image-preview:large","max-video-preview":"max-video-preview:-1"},"canonical":"https:\/\/xenonkungen.com\/dk\/vare\/orange-linsesaet-vandret-til-triple-r-standard\/","og_locale":"da_DK","og_type":"article","og_title":"Orange linskit horisontell f\u00f6r Triple-R Std - Xenonkungen","og_description":"Lazer Spridningslinser &#8211; F\u00f6rb\u00e4ttrad synlighet och skydd Uppt\u00e4ck Lazer&#8217;s spridningslinser som \u00e4r tillverkade av slitstark och h\u00e5llbar akryl och \u00e4r kompatibla med b\u00e5de Triple-R och ST Evolution-serierna. Dessa linser t\u00e4cker fyra LED-moduler, vilket g\u00f6r det m\u00f6jligt att anv\u00e4nda en eller flera linser p\u00e5 l\u00e4ngre rampar. Med de medf\u00f6ljande kl\u00e4mmorna kan du enkelt f\u00e4sta spridningslinserna. Spridningslinserna [&hellip;]","og_url":"https:\/\/xenonkungen.com\/dk\/vare\/orange-linsesaet-vandret-til-triple-r-standard\/","og_site_name":"Xenonkungen","article_modified_time":"2025-12-10T13:48:28+00:00","og_image":[{"width":1000,"height":750,"url":"https:\/\/xenonkungen.com\/wp-content\/uploads\/2025\/04\/ylw_15_degree_web.jpg","type":"image\/jpeg"}],"twitter_card":"summary_large_image","twitter_misc":{"Estimeret l\u00e6setid":"1 minut"},"schema":{"@context":"https:\/\/schema.org","@graph":[{"@type":"WebPage","@id":"https:\/\/xenonkungen.com\/dk\/vare\/orange-linsesaet-vandret-til-triple-r-standard\/","url":"https:\/\/xenonkungen.com\/dk\/vare\/orange-linsesaet-vandret-til-triple-r-standard\/","name":"Orange linses\u00e6t vandret til Triple-R Std - Xenonkungen","isPartOf":{"@id":"https:\/\/xenonkungen.com\/#website"},"primaryImageOfPage":{"@id":"https:\/\/xenonkungen.com\/dk\/vare\/orange-linsesaet-vandret-til-triple-r-standard\/#primaryimage"},"image":{"@id":"https:\/\/xenonkungen.com\/dk\/vare\/orange-linsesaet-vandret-til-triple-r-standard\/#primaryimage"},"thumbnailUrl":"https:\/\/xenonkungen.com\/wp-content\/uploads\/2025\/04\/ylw_15_degree_web.jpg","datePublished":"2025-04-15T09:50:09+00:00","dateModified":"2025-12-10T13:48:28+00:00","breadcrumb":{"@id":"https:\/\/xenonkungen.com\/dk\/vare\/orange-linsesaet-vandret-til-triple-r-standard\/#breadcrumb"},"inLanguage":"da-DK","potentialAction":[{"@type":"ReadAction","target":["https:\/\/xenonkungen.com\/dk\/vare\/orange-linsesaet-vandret-til-triple-r-standard\/"]}]},{"@type":"ImageObject","inLanguage":"da-DK","@id":"https:\/\/xenonkungen.com\/dk\/vare\/orange-linsesaet-vandret-til-triple-r-standard\/#primaryimage","url":"https:\/\/xenonkungen.com\/wp-content\/uploads\/2025\/04\/ylw_15_degree_web.jpg","contentUrl":"https:\/\/xenonkungen.com\/wp-content\/uploads\/2025\/04\/ylw_15_degree_web.jpg","width":1000,"height":750},{"@type":"BreadcrumbList","@id":"https:\/\/xenonkungen.com\/dk\/vare\/orange-linsesaet-vandret-til-triple-r-standard\/#breadcrumb","itemListElement":[{"@type":"ListItem","position":1,"name":"Hem","item":"https:\/\/xenonkungen.com\/"},{"@type":"ListItem","position":2,"name":"Shop","item":"https:\/\/xenonkungen.com\/shop\/"},{"@type":"ListItem","position":3,"name":"Orange linskit horisontell f\u00f6r Triple-R Std"}]},{"@type":"WebSite","@id":"https:\/\/xenonkungen.com\/#website","url":"https:\/\/xenonkungen.com\/","name":"Xenonkungen","description":"","potentialAction":[{"@type":"SearchAction","target":{"@type":"EntryPoint","urlTemplate":"https:\/\/xenonkungen.com\/?s={search_term_string}"},"query-input":{"@type":"PropertyValueSpecification","valueRequired":true,"valueName":"search_term_string"}}],"inLanguage":"da-DK"}]}},"taxonomy_info":{"product_brand":[{"value":2793,"label":"\u00d6VRIGT"}],"product_cat":[{"value":2612,"label":"INSTALLATION"},{"value":2828,"label":"Installation LED-ramper"},{"value":2539,"label":"LEDRAMPER"},{"value":2613,"label":"\u00d6vriga Tillbeh\u00f6r"}],"product_tag":[{"value":2735,"label":"Lazer"}]},"featured_image_src_large":["https:\/\/xenonkungen.com\/wp-content\/uploads\/2025\/04\/ylw_15_degree_web.jpg",1000,750,false],"author_info":[],"comment_info":0,"_links":{"self":[{"href":"https:\/\/xenonkungen.com\/dk\/wp-json\/wp\/v2\/product\/6884","targetHints":{"allow":["GET"]}}],"collection":[{"href":"https:\/\/xenonkungen.com\/dk\/wp-json\/wp\/v2\/product"}],"about":[{"href":"https:\/\/xenonkungen.com\/dk\/wp-json\/wp\/v2\/types\/product"}],"replies":[{"embeddable":true,"href":"https:\/\/xenonkungen.com\/dk\/wp-json\/wp\/v2\/comments?post=6884"}],"wp:featuredmedia":[{"embeddable":true,"href":"https:\/\/xenonkungen.com\/dk\/wp-json\/wp\/v2\/media\/6885"}],"wp:attachment":[{"href":"https:\/\/xenonkungen.com\/dk\/wp-json\/wp\/v2\/media?parent=6884"}],"wp:term":[{"taxonomy":"anvandningsomrade","embeddable":true,"href":"https:\/\/xenonkungen.com\/dk\/wp-json\/wp\/v2\/anvandningsomrade?post=6884"},{"taxonomy":"bilmarken","embeddable":true,"href":"https:\/\/xenonkungen.com\/dk\/wp-json\/wp\/v2\/bilmarken?post=6884"},{"taxonomy":"product_brand","embeddable":true,"href":"https:\/\/xenonkungen.com\/dk\/wp-json\/wp\/v2\/product_brand?post=6884"},{"taxonomy":"product_cat","embeddable":true,"href":"https:\/\/xenonkungen.com\/dk\/wp-json\/wp\/v2\/product_cat?post=6884"},{"taxonomy":"product_tag","embeddable":true,"href":"https:\/\/xenonkungen.com\/dk\/wp-json\/wp\/v2\/product_tag?post=6884"}],"curies":[{"name":"wp","href":"https:\/\/api.w.org\/{rel}","templated":true}]}}