{"id":6890,"date":"2025-04-15T09:50:09","date_gmt":"2025-04-15T09:50:09","guid":{"rendered":"https:\/\/xenonkungen.com\/product\/canm8-cannect-pulse-10hz-for-triple-r-smartview-volvo\/"},"modified":"2025-12-10T14:48:28","modified_gmt":"2025-12-10T13:48:28","slug":"canm8-connect-puls-10hz-til-triple-r-smartview-volvo","status":"publish","type":"product","link":"https:\/\/xenonkungen.com\/dk\/vare\/canm8-connect-puls-10hz-til-triple-r-smartview-volvo\/","title":{"rendered":"CanM8 Cannect Pulse (10Hz) \u2013 til Triple-R Smartview (Volvo)"},"content":{"rendered":"<h1 class=\"\"><span>Til brug med Triple-R Smartview<\/span><\/h1>\n<p>CanM8 Cannect Duo-gr\u00e6nsefladen (Speed Pulse og High Beam) er en CAN-busgr\u00e6nseflade med dobbelt udgang, der tilbyder en hurtig l\u00f8sning til at detektere aktivt fjernlys p\u00e5 k\u00f8ret\u00f8jer med et CAN-bus-ledningsnet. Cannect Duo-gr\u00e6nsefladen har ogs\u00e5 en firkantet signaludgang til hastighedspulser fra k\u00f8ret\u00f8jet med en frekvens p\u00e5 10 Hz. Hver gr\u00e6nseflade leveres med et dedikeret ledningss\u00e6t for forenklet installation. Den er ogs\u00e5 kompatibel med vores kontaktl\u00f8se l\u00e6ser, hvilket g\u00f8r det muligt at undg\u00e5 en metal-til-metal-forbindelse.<\/p>\n<p>Cannect Duo er designet til brug med Triple-R Smartview og er p\u00e5kr\u00e6vet, hvis Speed Adapt-funktionen er n\u00f8dvendig for at betjene enheden.<\/p>\n<p>Bem\u00e6rk: En anden CanM8-anordning er n\u00f8dvendig for Volvo-installationer, hvor det kun er muligt at detektere hastighedssignaludgangen med en s\u00e6rlig gr\u00e6nseflade \u2013 CanM8 Cannect Pulse.<\/p>","protected":false},"excerpt":{"rendered":"<p>F\u00f6r anv\u00e4ndning med Triple-R Smartview CanM8 Cannect Duo-gr\u00e4nssnittet (Speed Pulse och helljus) \u00e4r ett CAN-bussgr\u00e4nssnitt med tv\u00e5 utg\u00e5ngar som erbjuder en snabb l\u00f6sning f\u00f6r att detektera aktiva helljus p\u00e5 fordon med ett CAN Bus-kablage. Cannect Duo-gr\u00e4nssnittet har \u00e4ven en fyrkantig signalutg\u00e5ng f\u00f6r hastighetpulser fr\u00e5n fordonet med en frekvens p\u00e5 10 Hz. Varje gr\u00e4nssnitt levereras med [&hellip;]<\/p>","protected":false},"featured_media":6891,"comment_status":"closed","ping_status":"open","template":"","meta":{"_acf_changed":false,"_smort_price_nok":"2003","_smort_price_dkk":"1272","_smort_price_eur":"170.45","_smort_sale_price_nok":"","_smort_sale_price_dkk":"","_smort_sale_price_eur":"","smort_restorder":"","shipmondo_restorder":"","_kad_blocks_custom_css":"","_kad_blocks_head_custom_js":"","_kad_blocks_body_custom_js":"","_kad_blocks_footer_custom_js":"","smort_custom_pricelist_1":"1200","smort_custom_pricelist_2":"1200","smort_custom_pricelist_3":"1200","smort_custom_pricelist_4":"1500","smort_custom_pricelist_5":"1200"},"anvandningsomrade":[],"bilmarken":[],"product_brand":[95],"product_cat":[2487,390],"product_tag":[],"class_list":{"0":"post-6890","1":"product","2":"type-product","3":"status-publish","4":"has-post-thumbnail","6":"product_brand-canm8","7":"product_cat-canbus-installation","8":"product_cat-installation","10":"first","11":"onbackorder","12":"taxable","13":"shipping-taxable","14":"purchasable","15":"product-type-simple"},"bundled_by":[],"bundle_stock_status":"onbackorder","bundle_stock_quantity":0,"bundle_virtual":false,"bundle_layout":"","bundle_add_to_cart_form_location":"","bundle_editable_in_cart":false,"bundle_sold_individually_context":"","bundle_item_grouping":"","bundle_min_size":"","bundle_max_size":"","bundle_price":[],"bundled_items":[],"bundle_sell_ids":[],"acf":[],"yoast_head":"<!-- This site is optimized with the Yoast SEO plugin v27.0 - https:\/\/yoast.com\/product\/yoast-seo-wordpress\/ -->\n<title>CanM8 Cannect Pulse (10Hz) - f\u00f6r Triple-R Smartview (Volvo) - Xenonkungen<\/title>\n<meta name=\"robots\" content=\"index, follow, max-snippet:-1, max-image-preview:large, max-video-preview:-1\" \/>\n<link rel=\"canonical\" href=\"http:\/\/xenonkungen.com\/dk\/vare\/canm8-connect-puls-10hz-til-triple-r-smartview-volvo\/\" \/>\n<meta property=\"og:locale\" content=\"da_DK\" \/>\n<meta property=\"og:type\" content=\"article\" \/>\n<meta property=\"og:title\" content=\"CanM8 Cannect Pulse (10Hz) - f\u00f6r Triple-R Smartview (Volvo) - Xenonkungen\" \/>\n<meta property=\"og:description\" content=\"F\u00f6r anv\u00e4ndning med Triple-R Smartview CanM8 Cannect Duo-gr\u00e4nssnittet (Speed Pulse och helljus) \u00e4r ett CAN-bussgr\u00e4nssnitt med tv\u00e5 utg\u00e5ngar som erbjuder en snabb l\u00f6sning f\u00f6r att detektera aktiva helljus p\u00e5 fordon med ett CAN Bus-kablage. Cannect Duo-gr\u00e4nssnittet har \u00e4ven en fyrkantig signalutg\u00e5ng f\u00f6r hastighetpulser fr\u00e5n fordonet med en frekvens p\u00e5 10 Hz. Varje gr\u00e4nssnitt levereras med [&hellip;]\" \/>\n<meta property=\"og:url\" content=\"http:\/\/xenonkungen.com\/dk\/vare\/canm8-connect-puls-10hz-til-triple-r-smartview-volvo\/\" \/>\n<meta property=\"og:site_name\" content=\"Xenonkungen\" \/>\n<meta property=\"article:modified_time\" content=\"2025-12-10T13:48:28+00:00\" \/>\n<meta property=\"og:image\" content=\"https:\/\/xenonkungen.com\/wp-content\/uploads\/2025\/04\/CanM8-Volvo.png\" \/>\n\t<meta property=\"og:image:width\" content=\"1423\" \/>\n\t<meta property=\"og:image:height\" content=\"1062\" \/>\n\t<meta property=\"og:image:type\" content=\"image\/png\" \/>\n<meta name=\"twitter:card\" content=\"summary_large_image\" \/>\n<meta name=\"twitter:label1\" content=\"Estimeret l\u00e6setid\" \/>\n\t<meta name=\"twitter:data1\" content=\"1 minut\" \/>\n<script type=\"application\/ld+json\" class=\"yoast-schema-graph\">{\"@context\":\"https:\/\/schema.org\",\"@graph\":[{\"@type\":\"WebPage\",\"@id\":\"http:\/\/xenonkungen.com\/en\/product\/canm8-connect-pulse-10hz-for-triple-r-smartview-volvo\/\",\"url\":\"http:\/\/xenonkungen.com\/en\/product\/canm8-connect-pulse-10hz-for-triple-r-smartview-volvo\/\",\"name\":\"CanM8 Cannect Pulse (10Hz) - f\u00f6r Triple-R Smartview (Volvo) - Xenonkungen\",\"isPartOf\":{\"@id\":\"https:\/\/xenonkungen.com\/#website\"},\"primaryImageOfPage\":{\"@id\":\"http:\/\/xenonkungen.com\/en\/product\/canm8-connect-pulse-10hz-for-triple-r-smartview-volvo\/#primaryimage\"},\"image\":{\"@id\":\"http:\/\/xenonkungen.com\/en\/product\/canm8-connect-pulse-10hz-for-triple-r-smartview-volvo\/#primaryimage\"},\"thumbnailUrl\":\"https:\/\/xenonkungen.com\/wp-content\/uploads\/2025\/04\/CanM8-Volvo.png\",\"datePublished\":\"2025-04-15T09:50:09+00:00\",\"dateModified\":\"2025-12-10T13:48:28+00:00\",\"breadcrumb\":{\"@id\":\"http:\/\/xenonkungen.com\/en\/product\/canm8-connect-pulse-10hz-for-triple-r-smartview-volvo\/#breadcrumb\"},\"inLanguage\":\"da-DK\",\"potentialAction\":[{\"@type\":\"ReadAction\",\"target\":[\"http:\/\/xenonkungen.com\/en\/product\/canm8-connect-pulse-10hz-for-triple-r-smartview-volvo\/\"]}]},{\"@type\":\"ImageObject\",\"inLanguage\":\"da-DK\",\"@id\":\"http:\/\/xenonkungen.com\/en\/product\/canm8-connect-pulse-10hz-for-triple-r-smartview-volvo\/#primaryimage\",\"url\":\"https:\/\/xenonkungen.com\/wp-content\/uploads\/2025\/04\/CanM8-Volvo.png\",\"contentUrl\":\"https:\/\/xenonkungen.com\/wp-content\/uploads\/2025\/04\/CanM8-Volvo.png\",\"width\":1423,\"height\":1062},{\"@type\":\"BreadcrumbList\",\"@id\":\"http:\/\/xenonkungen.com\/en\/product\/canm8-connect-pulse-10hz-for-triple-r-smartview-volvo\/#breadcrumb\",\"itemListElement\":[{\"@type\":\"ListItem\",\"position\":1,\"name\":\"Hem\",\"item\":\"https:\/\/xenonkungen.com\/\"},{\"@type\":\"ListItem\",\"position\":2,\"name\":\"Shop\",\"item\":\"https:\/\/xenonkungen.com\/shop\/\"},{\"@type\":\"ListItem\",\"position\":3,\"name\":\"CanM8 Cannect Pulse (10Hz) &#8211; f\u00f6r Triple-R Smartview (Volvo)\"}]},{\"@type\":\"WebSite\",\"@id\":\"https:\/\/xenonkungen.com\/#website\",\"url\":\"https:\/\/xenonkungen.com\/\",\"name\":\"Xenonkungen\",\"description\":\"\",\"potentialAction\":[{\"@type\":\"SearchAction\",\"target\":{\"@type\":\"EntryPoint\",\"urlTemplate\":\"https:\/\/xenonkungen.com\/?s={search_term_string}\"},\"query-input\":{\"@type\":\"PropertyValueSpecification\",\"valueRequired\":true,\"valueName\":\"search_term_string\"}}],\"inLanguage\":\"da-DK\"}]}<\/script>\n<!-- \/ Yoast SEO plugin. -->","yoast_head_json":{"title":"CanM8 Cannect Pulse (10Hz) - til Triple-R Smartview (Volvo) - Xenonkungen","robots":{"index":"index","follow":"follow","max-snippet":"max-snippet:-1","max-image-preview":"max-image-preview:large","max-video-preview":"max-video-preview:-1"},"canonical":"http:\/\/xenonkungen.com\/dk\/vare\/canm8-connect-puls-10hz-til-triple-r-smartview-volvo\/","og_locale":"da_DK","og_type":"article","og_title":"CanM8 Cannect Pulse (10Hz) - f\u00f6r Triple-R Smartview (Volvo) - Xenonkungen","og_description":"F\u00f6r anv\u00e4ndning med Triple-R Smartview CanM8 Cannect Duo-gr\u00e4nssnittet (Speed Pulse och helljus) \u00e4r ett CAN-bussgr\u00e4nssnitt med tv\u00e5 utg\u00e5ngar som erbjuder en snabb l\u00f6sning f\u00f6r att detektera aktiva helljus p\u00e5 fordon med ett CAN Bus-kablage. Cannect Duo-gr\u00e4nssnittet har \u00e4ven en fyrkantig signalutg\u00e5ng f\u00f6r hastighetpulser fr\u00e5n fordonet med en frekvens p\u00e5 10 Hz. Varje gr\u00e4nssnitt levereras med [&hellip;]","og_url":"http:\/\/xenonkungen.com\/dk\/vare\/canm8-connect-puls-10hz-til-triple-r-smartview-volvo\/","og_site_name":"Xenonkungen","article_modified_time":"2025-12-10T13:48:28+00:00","og_image":[{"width":1423,"height":1062,"url":"https:\/\/xenonkungen.com\/wp-content\/uploads\/2025\/04\/CanM8-Volvo.png","type":"image\/png"}],"twitter_card":"summary_large_image","twitter_misc":{"Estimeret l\u00e6setid":"1 minut"},"schema":{"@context":"https:\/\/schema.org","@graph":[{"@type":"WebPage","@id":"http:\/\/xenonkungen.com\/en\/product\/canm8-connect-pulse-10hz-for-triple-r-smartview-volvo\/","url":"http:\/\/xenonkungen.com\/en\/product\/canm8-connect-pulse-10hz-for-triple-r-smartview-volvo\/","name":"CanM8 Cannect Pulse (10Hz) - til Triple-R Smartview (Volvo) - Xenonkungen","isPartOf":{"@id":"https:\/\/xenonkungen.com\/#website"},"primaryImageOfPage":{"@id":"http:\/\/xenonkungen.com\/en\/product\/canm8-connect-pulse-10hz-for-triple-r-smartview-volvo\/#primaryimage"},"image":{"@id":"http:\/\/xenonkungen.com\/en\/product\/canm8-connect-pulse-10hz-for-triple-r-smartview-volvo\/#primaryimage"},"thumbnailUrl":"https:\/\/xenonkungen.com\/wp-content\/uploads\/2025\/04\/CanM8-Volvo.png","datePublished":"2025-04-15T09:50:09+00:00","dateModified":"2025-12-10T13:48:28+00:00","breadcrumb":{"@id":"http:\/\/xenonkungen.com\/en\/product\/canm8-connect-pulse-10hz-for-triple-r-smartview-volvo\/#breadcrumb"},"inLanguage":"da-DK","potentialAction":[{"@type":"ReadAction","target":["http:\/\/xenonkungen.com\/en\/product\/canm8-connect-pulse-10hz-for-triple-r-smartview-volvo\/"]}]},{"@type":"ImageObject","inLanguage":"da-DK","@id":"http:\/\/xenonkungen.com\/en\/product\/canm8-connect-pulse-10hz-for-triple-r-smartview-volvo\/#primaryimage","url":"https:\/\/xenonkungen.com\/wp-content\/uploads\/2025\/04\/CanM8-Volvo.png","contentUrl":"https:\/\/xenonkungen.com\/wp-content\/uploads\/2025\/04\/CanM8-Volvo.png","width":1423,"height":1062},{"@type":"BreadcrumbList","@id":"http:\/\/xenonkungen.com\/en\/product\/canm8-connect-pulse-10hz-for-triple-r-smartview-volvo\/#breadcrumb","itemListElement":[{"@type":"ListItem","position":1,"name":"Hem","item":"https:\/\/xenonkungen.com\/"},{"@type":"ListItem","position":2,"name":"Shop","item":"https:\/\/xenonkungen.com\/shop\/"},{"@type":"ListItem","position":3,"name":"CanM8 Cannect Pulse (10Hz) &#8211; f\u00f6r Triple-R Smartview (Volvo)"}]},{"@type":"WebSite","@id":"https:\/\/xenonkungen.com\/#website","url":"https:\/\/xenonkungen.com\/","name":"Xenonkungen","description":"","potentialAction":[{"@type":"SearchAction","target":{"@type":"EntryPoint","urlTemplate":"https:\/\/xenonkungen.com\/?s={search_term_string}"},"query-input":{"@type":"PropertyValueSpecification","valueRequired":true,"valueName":"search_term_string"}}],"inLanguage":"da-DK"}]}},"taxonomy_info":{"product_brand":[{"value":95,"label":"CANM8"}],"product_cat":[{"value":2487,"label":"Canbus"},{"value":390,"label":"Installation"}]},"featured_image_src_large":["https:\/\/xenonkungen.com\/wp-content\/uploads\/2025\/04\/CanM8-Volvo-1024x764.png",1024,764,true],"author_info":[],"comment_info":0,"_links":{"self":[{"href":"https:\/\/xenonkungen.com\/dk\/wp-json\/wp\/v2\/product\/6890","targetHints":{"allow":["GET"]}}],"collection":[{"href":"https:\/\/xenonkungen.com\/dk\/wp-json\/wp\/v2\/product"}],"about":[{"href":"https:\/\/xenonkungen.com\/dk\/wp-json\/wp\/v2\/types\/product"}],"replies":[{"embeddable":true,"href":"https:\/\/xenonkungen.com\/dk\/wp-json\/wp\/v2\/comments?post=6890"}],"wp:featuredmedia":[{"embeddable":true,"href":"https:\/\/xenonkungen.com\/dk\/wp-json\/wp\/v2\/media\/6891"}],"wp:attachment":[{"href":"https:\/\/xenonkungen.com\/dk\/wp-json\/wp\/v2\/media?parent=6890"}],"wp:term":[{"taxonomy":"anvandningsomrade","embeddable":true,"href":"https:\/\/xenonkungen.com\/dk\/wp-json\/wp\/v2\/anvandningsomrade?post=6890"},{"taxonomy":"bilmarken","embeddable":true,"href":"https:\/\/xenonkungen.com\/dk\/wp-json\/wp\/v2\/bilmarken?post=6890"},{"taxonomy":"product_brand","embeddable":true,"href":"https:\/\/xenonkungen.com\/dk\/wp-json\/wp\/v2\/product_brand?post=6890"},{"taxonomy":"product_cat","embeddable":true,"href":"https:\/\/xenonkungen.com\/dk\/wp-json\/wp\/v2\/product_cat?post=6890"},{"taxonomy":"product_tag","embeddable":true,"href":"https:\/\/xenonkungen.com\/dk\/wp-json\/wp\/v2\/product_tag?post=6890"}],"curies":[{"name":"wp","href":"https:\/\/api.w.org\/{rel}","templated":true}]}}