{"id":6985,"date":"2025-04-15T09:51:22","date_gmt":"2025-04-15T09:51:22","guid":{"rendered":"https:\/\/xenonkungen.com\/product\/kombinationslampa-355arwm-2-2-pack-black\/"},"modified":"2026-04-11T00:45:32","modified_gmt":"2026-04-10T23:45:32","slug":"kombinationslampe-355arwm-2-2-pak-sort","status":"publish","type":"product","link":"https:\/\/xenonkungen.com\/dk\/vare\/kombinationslampe-355arwm-2-2-pak-sort\/","title":{"rendered":"Kombinationslampe 355ARWM-2 | 2-pak | Sort"},"content":{"rendered":"<h1>LED Autolamps 355-serien - Innovative og stilfulde baglygter til alle k\u00f8ret\u00f8jer!<\/h1>\n<p>Opgrader din bil eller dit erhvervsk\u00f8ret\u00f8j med <strong>LED billygter i 355-serien<\/strong>, hvor topmoderne design m\u00f8der f\u00f8rsteklasses funktionalitet. Med deres elegante diffuse gl\u00f8desporsbaglygter og progressive sekventielle blinklys er disse baglygter den perfekte kombination af stil og sikkerhed.<\/p>\n<h3>Alt-i-en-l\u00f8sning med banebrydende funktioner<\/h3>\n<ul>\n<li><strong>Stop-, bag- og blinklys<\/strong><\/li>\n<li><strong>Baklys<\/strong><\/li>\n<li><strong>Indbyggede reflekser<br \/><\/strong><\/li>\n<\/ul>\n<h3><strong>Farvekoder for koblinger<\/strong><\/h3>\n<ul>\n<li>BRUN: Baglygte [+].<\/li>\n<li>R\u00d8D: Bremselys [+].<\/li>\n<li>SORT: Baggrundsbelysning [+]<\/li>\n<li>GUL \/ GR\u00d8N: Blinklys [+].<\/li>\n<li>HVID: Jord [-]<\/li>\n<\/ul>\n<h3>Designet til at holde<\/h3>\n<p>Disse lygter er skabt til at modst\u00e5 barske forhold og er ideelle til b\u00e5de private og kommercielle k\u00f8ret\u00f8jer. Med den <strong>IP67-klassificering<\/strong>De er helt st\u00f8vt\u00e6tte, vandt\u00e6tte og modstandsdygtige over for st\u00f8d og vibrationer. Det g\u00f8r dem til en p\u00e5lidelig partner p\u00e5 vejen, uanset vejr og terr\u00e6n.<\/p>\n<h3>Moderne og energieffektiv teknologi<\/h3>\n<p>Med den seneste <strong>LED-teknologi<\/strong> f\u00e5r du:<\/p>\n<ul>\n<li>Ekstraordin\u00e6r lang levetid<\/li>\n<li>Lavt energiforbrug<\/li>\n<li>Minimal p\u00e5virkning af k\u00f8ret\u00f8jets batteri<\/li>\n<\/ul>\n<h3>Stil, der passer til din smag<\/h3>\n<p>355-serien f\u00e5s i b\u00e5de <strong>sort<\/strong> og <strong>krom finish<\/strong>s\u00e5 du kan matche lygterne perfekt med din bils stil. De er ogs\u00e5 <strong>Multivolt-kompatibel (12\/24V)<\/strong>hvilket g\u00f8r dem velegnede til alt fra ombygning af varevogne til st\u00f8rre erhvervsk\u00f8ret\u00f8jer.<\/p>\n<h3>5 \u00e5rs garanti - ro i sindet som standard<\/h3>\n<p>Med en gener\u00f8s <strong>5 \u00e5rs garanti<\/strong> kan du v\u00e6re sikker p\u00e5, at disse lamper leverer den h\u00f8jeste kvalitet i lang tid.<\/p>\n<h3>Komplet pakke<\/h3>\n<p>Pakken indeholder b\u00e5de h\u00f8jre og venstre lygte, s\u00e5 du nemt kan opgradere hele bagpartiet p\u00e5 \u00e9n gang.<\/p>\n<p><strong>G\u00f8r dine rejser mere sikre, mere stilfulde og mere energieffektive med LED Autolamps 355-serien.<\/strong><\/p>","protected":false},"excerpt":{"rendered":"<p><strong>H\u00f8jre lanterne &amp; venstre lanterne<\/strong><\/p>\n<p>- Sort design<br \/>- 12\/24V multisp\u00e6nding<br \/>- Progressiv indikatorsekvens<br \/>- Diffus 'glow-track' baglygte<br \/>- Fuldt ECE-godkendt<br \/>- IP67 - helt vandt\u00e6t<br \/>- 5 \u00e5rs garanti<br \/>- H\u00f8jeffektiv LED-teknologi<br \/>- St\u00f8d- og vibrationstestet<\/p>","protected":false},"featured_media":6986,"comment_status":"closed","ping_status":"open","template":"","meta":{"_acf_changed":false,"_smort_price_nok":"3519","_smort_price_dkk":"2236","_smort_price_eur":"299.53","_smort_sale_price_nok":"","_smort_sale_price_dkk":"","_smort_sale_price_eur":"","smort_restorder":"","shipmondo_restorder":"","_kad_blocks_custom_css":"","_kad_blocks_head_custom_js":"","_kad_blocks_body_custom_js":"","_kad_blocks_footer_custom_js":"","smort_custom_pricelist_1":"2108.8","smort_custom_pricelist_2":"1845.2","smort_custom_pricelist_3":"1713.4","smort_custom_pricelist_4":"2636","smort_custom_pricelist_5":"1845.2"},"anvandningsomrade":[166,238,2816],"bilmarken":[],"product_brand":[1252],"product_cat":[2552],"product_tag":[],"class_list":{"0":"post-6985","1":"product","2":"type-product","3":"status-publish","4":"has-post-thumbnail","6":"anvandningsomrade-lastbil","7":"anvandningsomrade-slap","8":"anvandningsomrade-trailer","9":"product_brand-lea","10":"product_cat-bakljus-slap","11":"pa_fuktskydd-varde-ipxx-ip67","12":"pa_godkannande-ece-r10-r3-r6-r7-r23","13":"pa_storlek-mm-356x86x35","14":"pa_volt-v-12-24","16":"first","17":"onbackorder","18":"taxable","19":"shipping-taxable","20":"purchasable","21":"product-type-simple"},"bundled_by":[],"bundle_stock_status":"onbackorder","bundle_stock_quantity":0,"bundle_virtual":false,"bundle_layout":"","bundle_add_to_cart_form_location":"","bundle_editable_in_cart":false,"bundle_sold_individually_context":"","bundle_item_grouping":"","bundle_min_size":"","bundle_max_size":"","bundle_price":[],"bundled_items":[],"bundle_sell_ids":[],"acf":[],"yoast_head":"<!-- This site is optimized with the Yoast SEO plugin v27.0 - https:\/\/yoast.com\/product\/yoast-seo-wordpress\/ -->\n<title>Kombinationslampa 355ARWM-2 | 2-pack | Black - Xenonkungen<\/title>\n<meta name=\"robots\" content=\"index, follow, max-snippet:-1, max-image-preview:large, max-video-preview:-1\" \/>\n<link rel=\"canonical\" href=\"https:\/\/xenonkungen.com\/dk\/vare\/kombinationslampe-355arwm-2-2-pak-sort\/\" \/>\n<meta property=\"og:locale\" content=\"da_DK\" \/>\n<meta property=\"og:type\" content=\"article\" \/>\n<meta property=\"og:title\" content=\"Kombinationslampa 355ARWM-2 | 2-pack | Black - Xenonkungen\" \/>\n<meta property=\"og:description\" content=\"H\u00f6ger Lykta &amp; V\u00e4nster lykta\u2022 Svart Design\u2022 12\/24V multivolt\u2022 Progressiv indikatorsekvens\u2022 Diffusat &#039;glow-track&#039; bakljus\u2022 Helt ECE-godk\u00e4nd\u2022 IP67 \u2013 helt vattent\u00e4t\u2022 5 \u00e5rs garanti\u2022 Mycket effektiv LED-teknik\u2022 St\u00f6t- och vibrationstestade\" \/>\n<meta property=\"og:url\" content=\"https:\/\/xenonkungen.com\/dk\/vare\/kombinationslampe-355arwm-2-2-pak-sort\/\" \/>\n<meta property=\"og:site_name\" content=\"Xenonkungen\" \/>\n<meta property=\"article:modified_time\" content=\"2026-04-10T23:45:32+00:00\" \/>\n<meta property=\"og:image\" content=\"https:\/\/xenonkungen.com\/wp-content\/uploads\/2025\/04\/190276657-origpic-de1cf2.jpg\" \/>\n\t<meta property=\"og:image:width\" content=\"1200\" \/>\n\t<meta property=\"og:image:height\" content=\"392\" \/>\n\t<meta property=\"og:image:type\" content=\"image\/jpeg\" \/>\n<meta name=\"twitter:card\" content=\"summary_large_image\" \/>\n<meta name=\"twitter:label1\" content=\"Estimeret l\u00e6setid\" \/>\n\t<meta name=\"twitter:data1\" content=\"1 minut\" \/>\n<script type=\"application\/ld+json\" class=\"yoast-schema-graph\">{\"@context\":\"https:\/\/schema.org\",\"@graph\":[{\"@type\":\"WebPage\",\"@id\":\"https:\/\/xenonkungen.com\/produkt\/kombinationslampa-355arwm-2-2-pack-black\/\",\"url\":\"https:\/\/xenonkungen.com\/produkt\/kombinationslampa-355arwm-2-2-pack-black\/\",\"name\":\"Kombinationslampa 355ARWM-2 | 2-pack | Black - Xenonkungen\",\"isPartOf\":{\"@id\":\"https:\/\/xenonkungen.com\/#website\"},\"primaryImageOfPage\":{\"@id\":\"https:\/\/xenonkungen.com\/produkt\/kombinationslampa-355arwm-2-2-pack-black\/#primaryimage\"},\"image\":{\"@id\":\"https:\/\/xenonkungen.com\/produkt\/kombinationslampa-355arwm-2-2-pack-black\/#primaryimage\"},\"thumbnailUrl\":\"https:\/\/xenonkungen.com\/wp-content\/uploads\/2025\/04\/190276657-origpic-de1cf2.jpg\",\"datePublished\":\"2025-04-15T09:51:22+00:00\",\"dateModified\":\"2026-04-10T23:45:32+00:00\",\"breadcrumb\":{\"@id\":\"https:\/\/xenonkungen.com\/produkt\/kombinationslampa-355arwm-2-2-pack-black\/#breadcrumb\"},\"inLanguage\":\"da-DK\",\"potentialAction\":[{\"@type\":\"ReadAction\",\"target\":[\"https:\/\/xenonkungen.com\/produkt\/kombinationslampa-355arwm-2-2-pack-black\/\"]}]},{\"@type\":\"ImageObject\",\"inLanguage\":\"da-DK\",\"@id\":\"https:\/\/xenonkungen.com\/produkt\/kombinationslampa-355arwm-2-2-pack-black\/#primaryimage\",\"url\":\"https:\/\/xenonkungen.com\/wp-content\/uploads\/2025\/04\/190276657-origpic-de1cf2.jpg\",\"contentUrl\":\"https:\/\/xenonkungen.com\/wp-content\/uploads\/2025\/04\/190276657-origpic-de1cf2.jpg\",\"width\":1200,\"height\":392},{\"@type\":\"BreadcrumbList\",\"@id\":\"https:\/\/xenonkungen.com\/produkt\/kombinationslampa-355arwm-2-2-pack-black\/#breadcrumb\",\"itemListElement\":[{\"@type\":\"ListItem\",\"position\":1,\"name\":\"Hem\",\"item\":\"https:\/\/xenonkungen.com\/\"},{\"@type\":\"ListItem\",\"position\":2,\"name\":\"Shop\",\"item\":\"https:\/\/xenonkungen.com\/shop\/\"},{\"@type\":\"ListItem\",\"position\":3,\"name\":\"Kombinationslampa 355ARWM-2 | 2-pack | Black\"}]},{\"@type\":\"WebSite\",\"@id\":\"https:\/\/xenonkungen.com\/#website\",\"url\":\"https:\/\/xenonkungen.com\/\",\"name\":\"Xenonkungen\",\"description\":\"\",\"potentialAction\":[{\"@type\":\"SearchAction\",\"target\":{\"@type\":\"EntryPoint\",\"urlTemplate\":\"https:\/\/xenonkungen.com\/?s={search_term_string}\"},\"query-input\":{\"@type\":\"PropertyValueSpecification\",\"valueRequired\":true,\"valueName\":\"search_term_string\"}}],\"inLanguage\":\"da-DK\"}]}<\/script>\n<!-- \/ Yoast SEO plugin. -->","yoast_head_json":{"title":"Kombinationslampe 355ARWM-2 | 2-pak | Sort - Xenon-kongen","robots":{"index":"index","follow":"follow","max-snippet":"max-snippet:-1","max-image-preview":"max-image-preview:large","max-video-preview":"max-video-preview:-1"},"canonical":"https:\/\/xenonkungen.com\/dk\/vare\/kombinationslampe-355arwm-2-2-pak-sort\/","og_locale":"da_DK","og_type":"article","og_title":"Kombinationslampa 355ARWM-2 | 2-pack | Black - Xenonkungen","og_description":"H\u00f6ger Lykta &amp; V\u00e4nster lykta\u2022 Svart Design\u2022 12\/24V multivolt\u2022 Progressiv indikatorsekvens\u2022 Diffusat 'glow-track' bakljus\u2022 Helt ECE-godk\u00e4nd\u2022 IP67 \u2013 helt vattent\u00e4t\u2022 5 \u00e5rs garanti\u2022 Mycket effektiv LED-teknik\u2022 St\u00f6t- och vibrationstestade","og_url":"https:\/\/xenonkungen.com\/dk\/vare\/kombinationslampe-355arwm-2-2-pak-sort\/","og_site_name":"Xenonkungen","article_modified_time":"2026-04-10T23:45:32+00:00","og_image":[{"width":1200,"height":392,"url":"https:\/\/xenonkungen.com\/wp-content\/uploads\/2025\/04\/190276657-origpic-de1cf2.jpg","type":"image\/jpeg"}],"twitter_card":"summary_large_image","twitter_misc":{"Estimeret l\u00e6setid":"1 minut"},"schema":{"@context":"https:\/\/schema.org","@graph":[{"@type":"WebPage","@id":"https:\/\/xenonkungen.com\/produkt\/kombinationslampa-355arwm-2-2-pack-black\/","url":"https:\/\/xenonkungen.com\/produkt\/kombinationslampa-355arwm-2-2-pack-black\/","name":"Kombinationslampe 355ARWM-2 | 2-pak | Sort - Xenon-kongen","isPartOf":{"@id":"https:\/\/xenonkungen.com\/#website"},"primaryImageOfPage":{"@id":"https:\/\/xenonkungen.com\/produkt\/kombinationslampa-355arwm-2-2-pack-black\/#primaryimage"},"image":{"@id":"https:\/\/xenonkungen.com\/produkt\/kombinationslampa-355arwm-2-2-pack-black\/#primaryimage"},"thumbnailUrl":"https:\/\/xenonkungen.com\/wp-content\/uploads\/2025\/04\/190276657-origpic-de1cf2.jpg","datePublished":"2025-04-15T09:51:22+00:00","dateModified":"2026-04-10T23:45:32+00:00","breadcrumb":{"@id":"https:\/\/xenonkungen.com\/produkt\/kombinationslampa-355arwm-2-2-pack-black\/#breadcrumb"},"inLanguage":"da-DK","potentialAction":[{"@type":"ReadAction","target":["https:\/\/xenonkungen.com\/produkt\/kombinationslampa-355arwm-2-2-pack-black\/"]}]},{"@type":"ImageObject","inLanguage":"da-DK","@id":"https:\/\/xenonkungen.com\/produkt\/kombinationslampa-355arwm-2-2-pack-black\/#primaryimage","url":"https:\/\/xenonkungen.com\/wp-content\/uploads\/2025\/04\/190276657-origpic-de1cf2.jpg","contentUrl":"https:\/\/xenonkungen.com\/wp-content\/uploads\/2025\/04\/190276657-origpic-de1cf2.jpg","width":1200,"height":392},{"@type":"BreadcrumbList","@id":"https:\/\/xenonkungen.com\/produkt\/kombinationslampa-355arwm-2-2-pack-black\/#breadcrumb","itemListElement":[{"@type":"ListItem","position":1,"name":"Hem","item":"https:\/\/xenonkungen.com\/"},{"@type":"ListItem","position":2,"name":"Shop","item":"https:\/\/xenonkungen.com\/shop\/"},{"@type":"ListItem","position":3,"name":"Kombinationslampa 355ARWM-2 | 2-pack | Black"}]},{"@type":"WebSite","@id":"https:\/\/xenonkungen.com\/#website","url":"https:\/\/xenonkungen.com\/","name":"Xenonkungen","description":"","potentialAction":[{"@type":"SearchAction","target":{"@type":"EntryPoint","urlTemplate":"https:\/\/xenonkungen.com\/?s={search_term_string}"},"query-input":{"@type":"PropertyValueSpecification","valueRequired":true,"valueName":"search_term_string"}}],"inLanguage":"da-DK"}]}},"taxonomy_info":{"anvandningsomrade":[{"value":166,"label":"Lastbil"},{"value":238,"label":"SL\u00c4P"},{"value":2816,"label":"TRAILER"}],"product_brand":[{"value":1252,"label":"LEA"}],"product_cat":[{"value":2552,"label":"Bakljus"}],"pa_fuktskydd-varde-ipxx":[{"value":333,"label":"IP67"}],"pa_godkannande":[{"value":1867,"label":"ECE, R10, R3, R6, R7, R23"}],"pa_storlek-mm":[{"value":1866,"label":"356x86x35"}],"pa_volt-v":[{"value":348,"label":"12, 24"}]},"featured_image_src_large":["https:\/\/xenonkungen.com\/wp-content\/uploads\/2025\/04\/190276657-origpic-de1cf2-1024x335.jpg",1024,335,true],"author_info":[],"comment_info":0,"_links":{"self":[{"href":"https:\/\/xenonkungen.com\/dk\/wp-json\/wp\/v2\/product\/6985","targetHints":{"allow":["GET"]}}],"collection":[{"href":"https:\/\/xenonkungen.com\/dk\/wp-json\/wp\/v2\/product"}],"about":[{"href":"https:\/\/xenonkungen.com\/dk\/wp-json\/wp\/v2\/types\/product"}],"replies":[{"embeddable":true,"href":"https:\/\/xenonkungen.com\/dk\/wp-json\/wp\/v2\/comments?post=6985"}],"wp:featuredmedia":[{"embeddable":true,"href":"https:\/\/xenonkungen.com\/dk\/wp-json\/wp\/v2\/media\/6986"}],"wp:attachment":[{"href":"https:\/\/xenonkungen.com\/dk\/wp-json\/wp\/v2\/media?parent=6985"}],"wp:term":[{"taxonomy":"anvandningsomrade","embeddable":true,"href":"https:\/\/xenonkungen.com\/dk\/wp-json\/wp\/v2\/anvandningsomrade?post=6985"},{"taxonomy":"bilmarken","embeddable":true,"href":"https:\/\/xenonkungen.com\/dk\/wp-json\/wp\/v2\/bilmarken?post=6985"},{"taxonomy":"product_brand","embeddable":true,"href":"https:\/\/xenonkungen.com\/dk\/wp-json\/wp\/v2\/product_brand?post=6985"},{"taxonomy":"product_cat","embeddable":true,"href":"https:\/\/xenonkungen.com\/dk\/wp-json\/wp\/v2\/product_cat?post=6985"},{"taxonomy":"product_tag","embeddable":true,"href":"https:\/\/xenonkungen.com\/dk\/wp-json\/wp\/v2\/product_tag?post=6985"}],"curies":[{"name":"wp","href":"https:\/\/api.w.org\/{rel}","templated":true}]}}