{"id":6998,"date":"2025-04-15T09:51:22","date_gmt":"2025-04-15T09:51:22","guid":{"rendered":"https:\/\/xenonkungen.com\/product\/kombinationslampa-355barwmr-black-right\/"},"modified":"2026-04-11T00:45:37","modified_gmt":"2026-04-10T23:45:37","slug":"kombinationslampe-355barwmr-sort-hojre","status":"publish","type":"product","link":"https:\/\/xenonkungen.com\/dk\/vare\/kombinationslampe-355barwmr-sort-hojre\/","title":{"rendered":"Kombinationslampe 355BARWMR Sort | H\u00f8jre"},"content":{"rendered":"<h1>LED Autolamps 355-serien - Stilfulde og innovative baglygter til alle k\u00f8ret\u00f8jer<\/h1>\n<p>Tag din bilbelysning til det n\u00e6ste niveau med <strong>LED billygter i 355-serien<\/strong> - en perfekt kombination af moderne design og avanceret funktionalitet. Med deres elegante diffuse gl\u00f8desporsbaglygter og progressive sekventielle blinklys giver disse lygter ikke kun sikkerhed, men ogs\u00e5 en visuelt sl\u00e5ende opgradering af dit k\u00f8ret\u00f8j.<\/p>\n<h3>Alt-i-en-l\u00f8sning for enkelhed og ydeevne<\/h3>\n<p>355-serien leverer alsidighed og kvalitet i en lukket enhed, der kombinerer:<\/p>\n<ul>\n<li><strong>Stop- og baglygter<\/strong><\/li>\n<li><strong>Blinkers<\/strong><\/li>\n<li><strong>Baklys og reflektor<br \/><\/strong><\/li>\n<\/ul>\n<h3><strong>Farvekoder for koblinger<\/strong><\/h3>\n<ul>\n<li>BRUN: Baglygte [+].<\/li>\n<li>R\u00d8D: Bremselys [+].<\/li>\n<li>SORT: Baggrundsbelysning [+]<\/li>\n<li>GUL \/ GR\u00d8N: Blinklys [+].<\/li>\n<li>HVID: Jord [-]<\/li>\n<\/ul>\n<h3>Bygget til at holde i ethvert milj\u00f8<\/h3>\n<p>Disse baglygter er designet til at modst\u00e5 de h\u00e5rdeste forhold. Med en robust konstruktion, der er:<\/p>\n<ul>\n<li><strong>IP67-beskyttet:<\/strong> Helt st\u00f8v- og vandt\u00e6t<\/li>\n<li><strong>St\u00f8d- og vibrationsresistent<\/strong><\/li>\n<li><strong>5 \u00e5rs garanti:<\/strong> For sikkerhed og ro i sindet<\/li>\n<\/ul>\n<h3>Energieffektiv LED-teknologi<\/h3>\n<p>Med den seneste <strong>LED-teknologi<\/strong> tilbyder 355-serien:<\/p>\n<ul>\n<li>Lang produktlevetid<\/li>\n<li>Lavere energiforbrug for at beskytte batteriet<\/li>\n<li>Synlig lysstyrke, selv under barske vejrforhold<\/li>\n<\/ul>\n<h3>Alsidighed til alle k\u00f8ret\u00f8jer<\/h3>\n<p>Med <strong>12\/24V multisp\u00e6ndingskompatibilitet<\/strong> Disse lygter er perfekte til en r\u00e6kke forskellige k\u00f8ret\u00f8jer, herunder:<\/p>\n<ul>\n<li>Ombygning af varevogne<\/li>\n<li>Brugsk\u00f8ret\u00f8j<\/li>\n<li>Erhvervsk\u00f8ret\u00f8jer og private k\u00f8ret\u00f8jer<\/li>\n<\/ul>\n<p><strong>Oplev forskellen med LED Autolamps 355-serien - hvor stil m\u00f8der holdbarhed og innovation.<\/strong><\/p>","protected":false},"excerpt":{"rendered":"<p><strong>H\u00f8jre lanterne<\/strong><\/p>\n<p>- Sort design<br \/>- 12\/24V multisp\u00e6nding<br \/>- Progressiv indikatorsekvens<br \/>- Diffus 'glow-track' baglygte<br \/>- Fuldt ECE-godkendt<br \/>- IP67 - helt vandt\u00e6t<br \/>- 5 \u00e5rs garanti<br \/>- H\u00f8jeffektiv LED-teknologi<br \/>- St\u00f8d- og vibrationstestet<\/p>","protected":false},"featured_media":6999,"comment_status":"closed","ping_status":"open","template":"","meta":{"_acf_changed":false,"_smort_price_nok":"1810","_smort_price_dkk":"1150","_smort_price_eur":"154.08","_smort_sale_price_nok":"","_smort_sale_price_dkk":"","_smort_sale_price_eur":"","smort_restorder":"","shipmondo_restorder":"","_kad_blocks_custom_css":"","_kad_blocks_head_custom_js":"","_kad_blocks_body_custom_js":"","_kad_blocks_footer_custom_js":"","smort_custom_pricelist_1":"1084.8","smort_custom_pricelist_2":"949.2","smort_custom_pricelist_3":"881.4","smort_custom_pricelist_4":"1356","smort_custom_pricelist_5":"949.2"},"anvandningsomrade":[166,238,2816],"bilmarken":[],"product_brand":[1252],"product_cat":[2552],"product_tag":[],"class_list":{"0":"post-6998","1":"product","2":"type-product","3":"status-publish","4":"has-post-thumbnail","6":"anvandningsomrade-lastbil","7":"anvandningsomrade-slap","8":"anvandningsomrade-trailer","9":"product_brand-lea","10":"product_cat-bakljus-slap","11":"pa_fuktskydd-varde-ipxx-ip67","12":"pa_godkannande-ece-r10-r3-r6-r7-r23","13":"pa_storlek-mm-356x86x35","14":"pa_volt-v-12-24","16":"first","17":"instock","18":"taxable","19":"shipping-taxable","20":"purchasable","21":"product-type-simple"},"bundled_by":[],"bundle_stock_status":"instock","bundle_stock_quantity":3,"bundle_virtual":false,"bundle_layout":"","bundle_add_to_cart_form_location":"","bundle_editable_in_cart":false,"bundle_sold_individually_context":"","bundle_item_grouping":"","bundle_min_size":"","bundle_max_size":"","bundle_price":[],"bundled_items":[],"bundle_sell_ids":[],"acf":[],"yoast_head":"<!-- This site is optimized with the Yoast SEO plugin v27.0 - https:\/\/yoast.com\/product\/yoast-seo-wordpress\/ -->\n<title>Kombinationslampa 355BARWMR Black | Right - Xenonkungen<\/title>\n<meta name=\"robots\" content=\"index, follow, max-snippet:-1, max-image-preview:large, max-video-preview:-1\" \/>\n<link rel=\"canonical\" href=\"https:\/\/xenonkungen.com\/dk\/vare\/kombinationslampe-355barwmr-sort-hojre\/\" \/>\n<meta property=\"og:locale\" content=\"da_DK\" \/>\n<meta property=\"og:type\" content=\"article\" \/>\n<meta property=\"og:title\" content=\"Kombinationslampa 355BARWMR Black | Right - Xenonkungen\" \/>\n<meta property=\"og:description\" content=\"H\u00f6ger Lykta\u2022 Svart Design\u2022 12\/24V multivolt\u2022 Progressiv indikatorsekvens\u2022 Diffusat &#039;glow-track&#039; bakljus\u2022 Helt ECE-godk\u00e4nd\u2022 IP67 \u2013 helt vattent\u00e4t\u2022 5 \u00e5rs garanti\u2022 Mycket effektiv LED-teknik\u2022 St\u00f6t- och vibrationstestade\" \/>\n<meta property=\"og:url\" content=\"https:\/\/xenonkungen.com\/dk\/vare\/kombinationslampe-355barwmr-sort-hojre\/\" \/>\n<meta property=\"og:site_name\" content=\"Xenonkungen\" \/>\n<meta property=\"article:modified_time\" content=\"2026-04-10T23:45:37+00:00\" \/>\n<meta property=\"og:image\" content=\"https:\/\/xenonkungen.com\/wp-content\/uploads\/2025\/04\/190276729-origpic-9744aa.jpg\" \/>\n\t<meta property=\"og:image:width\" content=\"800\" \/>\n\t<meta property=\"og:image:height\" content=\"800\" \/>\n\t<meta property=\"og:image:type\" content=\"image\/jpeg\" \/>\n<meta name=\"twitter:card\" content=\"summary_large_image\" \/>\n<meta name=\"twitter:label1\" content=\"Estimeret l\u00e6setid\" \/>\n\t<meta name=\"twitter:data1\" content=\"1 minut\" \/>\n<script type=\"application\/ld+json\" class=\"yoast-schema-graph\">{\"@context\":\"https:\/\/schema.org\",\"@graph\":[{\"@type\":\"WebPage\",\"@id\":\"https:\/\/xenonkungen.com\/produkt\/kombinationslampa-355barwmr-black-right\/\",\"url\":\"https:\/\/xenonkungen.com\/produkt\/kombinationslampa-355barwmr-black-right\/\",\"name\":\"Kombinationslampa 355BARWMR Black | Right - Xenonkungen\",\"isPartOf\":{\"@id\":\"https:\/\/xenonkungen.com\/#website\"},\"primaryImageOfPage\":{\"@id\":\"https:\/\/xenonkungen.com\/produkt\/kombinationslampa-355barwmr-black-right\/#primaryimage\"},\"image\":{\"@id\":\"https:\/\/xenonkungen.com\/produkt\/kombinationslampa-355barwmr-black-right\/#primaryimage\"},\"thumbnailUrl\":\"https:\/\/xenonkungen.com\/wp-content\/uploads\/2025\/04\/190276729-origpic-9744aa.jpg\",\"datePublished\":\"2025-04-15T09:51:22+00:00\",\"dateModified\":\"2026-04-10T23:45:37+00:00\",\"breadcrumb\":{\"@id\":\"https:\/\/xenonkungen.com\/produkt\/kombinationslampa-355barwmr-black-right\/#breadcrumb\"},\"inLanguage\":\"da-DK\",\"potentialAction\":[{\"@type\":\"ReadAction\",\"target\":[\"https:\/\/xenonkungen.com\/produkt\/kombinationslampa-355barwmr-black-right\/\"]}]},{\"@type\":\"ImageObject\",\"inLanguage\":\"da-DK\",\"@id\":\"https:\/\/xenonkungen.com\/produkt\/kombinationslampa-355barwmr-black-right\/#primaryimage\",\"url\":\"https:\/\/xenonkungen.com\/wp-content\/uploads\/2025\/04\/190276729-origpic-9744aa.jpg\",\"contentUrl\":\"https:\/\/xenonkungen.com\/wp-content\/uploads\/2025\/04\/190276729-origpic-9744aa.jpg\",\"width\":800,\"height\":800},{\"@type\":\"BreadcrumbList\",\"@id\":\"https:\/\/xenonkungen.com\/produkt\/kombinationslampa-355barwmr-black-right\/#breadcrumb\",\"itemListElement\":[{\"@type\":\"ListItem\",\"position\":1,\"name\":\"Hem\",\"item\":\"https:\/\/xenonkungen.com\/\"},{\"@type\":\"ListItem\",\"position\":2,\"name\":\"Shop\",\"item\":\"https:\/\/xenonkungen.com\/shop\/\"},{\"@type\":\"ListItem\",\"position\":3,\"name\":\"Kombinationslampa 355BARWMR Black | Right\"}]},{\"@type\":\"WebSite\",\"@id\":\"https:\/\/xenonkungen.com\/#website\",\"url\":\"https:\/\/xenonkungen.com\/\",\"name\":\"Xenonkungen\",\"description\":\"\",\"potentialAction\":[{\"@type\":\"SearchAction\",\"target\":{\"@type\":\"EntryPoint\",\"urlTemplate\":\"https:\/\/xenonkungen.com\/?s={search_term_string}\"},\"query-input\":{\"@type\":\"PropertyValueSpecification\",\"valueRequired\":true,\"valueName\":\"search_term_string\"}}],\"inLanguage\":\"da-DK\"}]}<\/script>\n<!-- \/ Yoast SEO plugin. -->","yoast_head_json":{"title":"Kombinationslampe 355BARWMR Sort | H\u00f8jre - Xenon-kongen","robots":{"index":"index","follow":"follow","max-snippet":"max-snippet:-1","max-image-preview":"max-image-preview:large","max-video-preview":"max-video-preview:-1"},"canonical":"https:\/\/xenonkungen.com\/dk\/vare\/kombinationslampe-355barwmr-sort-hojre\/","og_locale":"da_DK","og_type":"article","og_title":"Kombinationslampa 355BARWMR Black | Right - Xenonkungen","og_description":"H\u00f6ger Lykta\u2022 Svart Design\u2022 12\/24V multivolt\u2022 Progressiv indikatorsekvens\u2022 Diffusat 'glow-track' bakljus\u2022 Helt ECE-godk\u00e4nd\u2022 IP67 \u2013 helt vattent\u00e4t\u2022 5 \u00e5rs garanti\u2022 Mycket effektiv LED-teknik\u2022 St\u00f6t- och vibrationstestade","og_url":"https:\/\/xenonkungen.com\/dk\/vare\/kombinationslampe-355barwmr-sort-hojre\/","og_site_name":"Xenonkungen","article_modified_time":"2026-04-10T23:45:37+00:00","og_image":[{"width":800,"height":800,"url":"https:\/\/xenonkungen.com\/wp-content\/uploads\/2025\/04\/190276729-origpic-9744aa.jpg","type":"image\/jpeg"}],"twitter_card":"summary_large_image","twitter_misc":{"Estimeret l\u00e6setid":"1 minut"},"schema":{"@context":"https:\/\/schema.org","@graph":[{"@type":"WebPage","@id":"https:\/\/xenonkungen.com\/produkt\/kombinationslampa-355barwmr-black-right\/","url":"https:\/\/xenonkungen.com\/produkt\/kombinationslampa-355barwmr-black-right\/","name":"Kombinationslampe 355BARWMR Sort | H\u00f8jre - Xenon-kongen","isPartOf":{"@id":"https:\/\/xenonkungen.com\/#website"},"primaryImageOfPage":{"@id":"https:\/\/xenonkungen.com\/produkt\/kombinationslampa-355barwmr-black-right\/#primaryimage"},"image":{"@id":"https:\/\/xenonkungen.com\/produkt\/kombinationslampa-355barwmr-black-right\/#primaryimage"},"thumbnailUrl":"https:\/\/xenonkungen.com\/wp-content\/uploads\/2025\/04\/190276729-origpic-9744aa.jpg","datePublished":"2025-04-15T09:51:22+00:00","dateModified":"2026-04-10T23:45:37+00:00","breadcrumb":{"@id":"https:\/\/xenonkungen.com\/produkt\/kombinationslampa-355barwmr-black-right\/#breadcrumb"},"inLanguage":"da-DK","potentialAction":[{"@type":"ReadAction","target":["https:\/\/xenonkungen.com\/produkt\/kombinationslampa-355barwmr-black-right\/"]}]},{"@type":"ImageObject","inLanguage":"da-DK","@id":"https:\/\/xenonkungen.com\/produkt\/kombinationslampa-355barwmr-black-right\/#primaryimage","url":"https:\/\/xenonkungen.com\/wp-content\/uploads\/2025\/04\/190276729-origpic-9744aa.jpg","contentUrl":"https:\/\/xenonkungen.com\/wp-content\/uploads\/2025\/04\/190276729-origpic-9744aa.jpg","width":800,"height":800},{"@type":"BreadcrumbList","@id":"https:\/\/xenonkungen.com\/produkt\/kombinationslampa-355barwmr-black-right\/#breadcrumb","itemListElement":[{"@type":"ListItem","position":1,"name":"Hem","item":"https:\/\/xenonkungen.com\/"},{"@type":"ListItem","position":2,"name":"Shop","item":"https:\/\/xenonkungen.com\/shop\/"},{"@type":"ListItem","position":3,"name":"Kombinationslampa 355BARWMR Black | Right"}]},{"@type":"WebSite","@id":"https:\/\/xenonkungen.com\/#website","url":"https:\/\/xenonkungen.com\/","name":"Xenonkungen","description":"","potentialAction":[{"@type":"SearchAction","target":{"@type":"EntryPoint","urlTemplate":"https:\/\/xenonkungen.com\/?s={search_term_string}"},"query-input":{"@type":"PropertyValueSpecification","valueRequired":true,"valueName":"search_term_string"}}],"inLanguage":"da-DK"}]}},"taxonomy_info":{"anvandningsomrade":[{"value":166,"label":"Lastbil"},{"value":238,"label":"SL\u00c4P"},{"value":2816,"label":"TRAILER"}],"product_brand":[{"value":1252,"label":"LEA"}],"product_cat":[{"value":2552,"label":"Bakljus"}],"pa_fuktskydd-varde-ipxx":[{"value":333,"label":"IP67"}],"pa_godkannande":[{"value":1867,"label":"ECE, R10, R3, R6, R7, R23"}],"pa_storlek-mm":[{"value":1866,"label":"356x86x35"}],"pa_volt-v":[{"value":348,"label":"12, 24"}]},"featured_image_src_large":["https:\/\/xenonkungen.com\/wp-content\/uploads\/2025\/04\/190276729-origpic-9744aa.jpg",800,800,false],"author_info":[],"comment_info":0,"_links":{"self":[{"href":"https:\/\/xenonkungen.com\/dk\/wp-json\/wp\/v2\/product\/6998","targetHints":{"allow":["GET"]}}],"collection":[{"href":"https:\/\/xenonkungen.com\/dk\/wp-json\/wp\/v2\/product"}],"about":[{"href":"https:\/\/xenonkungen.com\/dk\/wp-json\/wp\/v2\/types\/product"}],"replies":[{"embeddable":true,"href":"https:\/\/xenonkungen.com\/dk\/wp-json\/wp\/v2\/comments?post=6998"}],"wp:featuredmedia":[{"embeddable":true,"href":"https:\/\/xenonkungen.com\/dk\/wp-json\/wp\/v2\/media\/6999"}],"wp:attachment":[{"href":"https:\/\/xenonkungen.com\/dk\/wp-json\/wp\/v2\/media?parent=6998"}],"wp:term":[{"taxonomy":"anvandningsomrade","embeddable":true,"href":"https:\/\/xenonkungen.com\/dk\/wp-json\/wp\/v2\/anvandningsomrade?post=6998"},{"taxonomy":"bilmarken","embeddable":true,"href":"https:\/\/xenonkungen.com\/dk\/wp-json\/wp\/v2\/bilmarken?post=6998"},{"taxonomy":"product_brand","embeddable":true,"href":"https:\/\/xenonkungen.com\/dk\/wp-json\/wp\/v2\/product_brand?post=6998"},{"taxonomy":"product_cat","embeddable":true,"href":"https:\/\/xenonkungen.com\/dk\/wp-json\/wp\/v2\/product_cat?post=6998"},{"taxonomy":"product_tag","embeddable":true,"href":"https:\/\/xenonkungen.com\/dk\/wp-json\/wp\/v2\/product_tag?post=6998"}],"curies":[{"name":"wp","href":"https:\/\/api.w.org\/{rel}","templated":true}]}}